{"id":4899,"date":"2021-12-03T09:39:14","date_gmt":"2021-12-03T09:39:14","guid":{"rendered":"https:\/\/elfsight.com\/fr\/?page_id=4899"},"modified":"2025-07-09T17:31:23","modified_gmt":"2025-07-09T17:31:23","slug":"blogger","status":"publish","type":"page","link":"https:\/\/elfsight.com\/fr\/online-form-builder\/blogger\/","title":{"rendered":"Form Builder &#8211; Blogger"},"content":{"rendered":"<div class=\"application-platform-content-item-description application-platform-content-item\" id=\"description\" data-nav-section=\"description\"><h2>G\u00e9n\u00e9rateur de formulaires personnalis\u00e9s pour Blogger<\/h2><p>Le g\u00e9n\u00e9rateur de formulaires de contact pour Blogger est un instrument polyvalent, permettant de cr\u00e9er tous les \u00e9l\u00e9ments requis. types de formulaires \u00e0 remplir et int\u00e9grez-les sur n\u2019importe quelle ressource Web. Obtenez plus de d\u00e9tails sur votre public actuel et potentiel au moyen d&rsquo;enqu\u00eates simples, de formulaires de commentaires, de demandes d&rsquo;\u00e9valuation, etc. D\u00e9finissez le mod\u00e8le de formulaire, choisissez de cr\u00e9er des formulaires personnalis\u00e9s pour vous apporter plus d&rsquo;informations sur le public. Quels que soient les types d&rsquo;informations dont vous avez besoin\u00a0: impressions, scores, r\u00e9servations et ventes, notre g\u00e9n\u00e9rateur de formulaires vous fournira tout pour cr\u00e9er un formulaire \u00e0 remplir adapt\u00e9 \u00e0 cette t\u00e2che. Avec une structure flexible et des \u00e9l\u00e9ments pr\u00e9d\u00e9finis vari\u00e9s, votre formulaire sera g\u00e9rable pour vos clients et pratique pour vous.<\/p><p><b>Collectez les id\u00e9es des clients, travaillez avec les r\u00e9servations et les requ\u00eates des clients de votre site\u00a0!<\/b> <\/p><ul><li><b>Cr\u00e9ez des formulaires attrayants pour recueillir davantage de commentaires<\/b>.<br>Vous disposez d&rsquo;une vaste collection d&rsquo;\u00e9l\u00e9ments qui permettent de cr\u00e9er des formulaires divertissants et r\u00e9alisables. Une vari\u00e9t\u00e9 de personnalisations de style de notre widget contribueront \u00e0 le rendre lumineux et \u00e0 attirer plus de clients \u00e0 remplir.<\/li><li><b>Augmentez le nombre de prospects avec des formulaires g\u00e9rables<\/b>.<br>Widget Elfsight Form Builder vous permet de cr\u00e9er les formulaires les plus pratiques et les plus g\u00e9rables pour vos clients. Ils permettent d&rsquo;\u00e9tablir une communication efficace et agr\u00e9able et de garder le public engag\u00e9 tout au long du remplissage pour le mener \u00e0 bien.<\/li><li><b>Gagnez du temps et de l&rsquo;argent avec un outil polyvalent<\/b>.<br>Cet instrument unique permet de cr\u00e9er des formes de types vari\u00e9s avec divers ensembles d&rsquo;\u00e9l\u00e9ments et de structures. Cela vous aidera \u00e0 configurer les formulaires pour recevoir des commentaires de types vari\u00e9s sans d\u00e9penser plus d&rsquo;argent et de temps.<\/li><\/ul><\/div><div class=\"application-platform-content-item-features application-platform-content-item\" id=\"features\" data-nav-section=\"features\"><h2>Fonctionnalit\u00e9s du plugin de cr\u00e9ation de formulaires<\/h2><p>Pourquoi Elfsight Online Form Builder est devenu le meilleur plugin pour obtenir les commentaires des clients et travailler avec les commandes sur Blogger\u00a0?<\/p><ul><li>Les formulaires \u00e9tape par \u00e9tape ont une barre de progression avec le nombre total d&rsquo;\u00e9tapes et le nom de l&rsquo;\u00e9tape en cours\u00a0;<\/li><li>Option de r\u00e9partir les champs sur plusieurs colonnes\u00a0;<\/li><li>Attribuez n&rsquo;importe quelle adresse e-mail et les r\u00e9sultats de remplissage du formulaire y seront automatiquement envoy\u00e9s\u00a0;<\/li><li> D\u00e9finissez n&rsquo;importe quelle URL vers laquelle un utilisateur sera redirig\u00e9 apr\u00e8s avoir rempli le formulaire\u00a0;<\/li><li>Un coloriseur intelligent trouvera la couleur de contraste maximale pour le texte et les \u00e9l\u00e9ments d&rsquo;interface en fonction de la couleur principale que vous avez choisie.<\/li><\/ul><p><a href=\"#demo\">Testez la liste compl\u00e8te des avantages dans notre configurateur<\/a><\/p><\/div><div class=\"application-platform-content-item-installation application-platform-content-item\" id=\"installation\" data-nav-section=\"installation\"><h2>Comment ajouter Form Builder widget vers le site Web Blogger<\/h2><div class=\"video-container\"><iframe width=\"720\" height=\"405\" src=\"https:\/\/www.youtube.com\/embed\/Acsdx32D1-o\" frameborder=\"0\" allowfullscreen=\"\"><\/iframe><\/div><p>La dur\u00e9e r\u00e9sum\u00e9e du processus est d&rsquo;environ 70 secondes et un avantage appr\u00e9ciable est qu&rsquo;il ne n\u00e9cessite pas d&rsquo;exp\u00e9rience en d\u00e9veloppement Web.<\/p><ol><li><b>Cr\u00e9ez votre g\u00e9n\u00e9rateur de formulaires personnel<\/b>.<br>Avec l&rsquo;aide de notre configurateur gratuit, assemblez un plugin avec l&rsquo;apparence et les capacit\u00e9s n\u00e9cessaires.<\/li><li><b>Acqu\u00e9rez le code pour afficher le plugin<\/b>.<br>Apr\u00e8s la cr\u00e9ation du widget, r\u00e9cup\u00e9rez le code du plugin Form \u00e0 partir de la notification contextuelle sur les applications Elfsight.<\/li><li><b>R\u00e9v\u00e9lez le plugin sur le site Blogger<\/b> .<br>Ajoutez le plugin \u00e0 l&rsquo;endroit souhait\u00e9 de la page et appliquez les modifications.<\/li><li><b>Vous avez termin\u00e9\u00a0!<\/b>.<br>Acc\u00e9dez \u00e0 votre site Blogger pour voir votre travail.<\/li><\/ol><p>Des difficult\u00e9s sont apparues lors de la configuration ou de la modification des param\u00e8tres du widget\u00a0? Vous pouvez lire un guide d\u00e9taill\u00e9 \u00ab\u00a0<a href=\"https:\/\/elfsight.com\/tutorials\/how-to-add-form-builder-to-blogger\/\">Comment int\u00e9grer des formulaires sur Blogger<\/a>\u00a0\u00bb et essayez-le vous-m\u00eame une fois de plus. Ou adressez-vous au support client Elfsight avec une description compl\u00e8te du probl\u00e8me. Nous sommes l\u00e0 pour vous aider.<\/p><div class=\"faq\" data-component=\"FAQ\"> <div class=\"faq-item\">\r\n\t\t\t\t\t<div class=\"faq-item-question\">\r\n\t\t\t\t\t\t<h3 class=\"faq-item-question-text\">Comment ajouter Form Builder \u00e0 mon site Blogger sans comp\u00e9tences en codage ?<\/h3>\r\n\r\n\t\t\t\t\t\t<div class=\"faq-item-question-icon\"><\/div>\r\n\t\t\t\t\t<\/div>\r\n\r\n\t\t\t\t\t<div class=\"faq-item-answer\">\r\n\t\t\t\t\t\t<div class=\"faq-item-answer-text\"> <p>Elfsight fournit une solution SaaS qui vous permet de cr\u00e9er vous-m\u00eame un widget Form Builder. , voyez \u00e0 quel point le processus est simple\u00a0: travaillez directement dans l&rsquo;\u00e9diteur en ligne pour cr\u00e9er un widget Form Builder que vous aimeriez voir sur votre site Web Blogger. Choisissez l&rsquo;un des mod\u00e8les pr\u00e9d\u00e9finis et ajustez les param\u00e8tres de Form Builder, ajoutez votre contenu, modifiez la mise en page et la palette de couleurs sans aucune comp\u00e9tence en codage. Enregistrez le Form Builder et copiez son code d&rsquo;installation, que vous pouvez simplement inclure dans votre site Web Blogger sans acheter de version payante. Gr\u00e2ce \u00e0 notre \u00e9diteur intuitif, tout internaute peut cr\u00e9er un widget Form Builder en ligne et l&rsquo;int\u00e9grer facilement \u00e0 son site Web Blogger. Il n&rsquo;est pas n\u00e9cessaire de payer ou de saisir les informations d&rsquo;identification de votre carte pour acc\u00e9der au service. Si vous rencontrez des probl\u00e8mes \u00e0 n&rsquo;importe quelle \u00e9tape, n&rsquo;h\u00e9sitez pas \u00e0 contacter notre \u00e9quipe d&rsquo;assistance technique.<\/p> <\/div>\r\n\t\t\t\t\t<\/div>\r\n\t\t\t\t<\/div><div class=\"faq-item\">\r\n\t\t\t\t\t<div class=\"faq-item-question\">\r\n\t\t\t\t\t\t<h3 class=\"faq-item-question-text\">Existe-t-il des mod\u00e8les de cr\u00e9ation de formulaires personnalis\u00e9s pour le site Web Blogger ?<\/h3>\r\n\r\n\t\t\t\t\t\t<div class=\"faq-item-question-icon\"><\/div>\r\n\t\t\t\t\t<\/div>\r\n\r\n\t\t\t\t\t<div class=\"faq-item-answer\">\r\n\t\t\t\t\t\t<div class=\"faq-item-answer-text\"><p>Oui . Elfsight a pr\u00e9par\u00e9 une vaste s\u00e9lection de plus de 300 <a href=\"https:\/\/elfsight.com\/online-form-builder\/templates\/\">mod\u00e8les de cr\u00e9ation de formulaires<\/a> avec des \u00e9l\u00e9ments et des fonctionnalit\u00e9s personnalisables. Vous pouvez trouver un mod\u00e8le de formulaire pour n&rsquo;importe quelle occasion, par exemple, <a href=\"https:\/\/elfsight.com\/online-form-builder\/templates\/application-forms\/\">Formulaires de candidature<\/a>, <a href=\"https:\/\/elfsight.com\/online-form-builder\/templates\/booking-forms\/\">Formulaires de r\u00e9servation<\/a>, <a href=\"https:\/\/elfsight.com\/online-form-builder\/ templates\/order-forms\/\">Formulaires de commande<\/a>, <a href=\"https:\/\/elfsight.com\/online-form-builder\/templates\/product-forms\/\">Formulaires de produits<\/a>, <a href=\"https:\/\/elfsight.com\/online-form-builder\/templates\/questionnaires\/\">Questionnaires<\/a>, <a href=\"https:\/\/elfsight.com\/online-form-builder\/templates \/quiz\/\">Quizz<\/a>, <a href=\"https:\/\/elfsight.com\/online-form-builder\/templates\/surveys\/\">Enqu\u00eates<\/a>, <a href=\"https:\/ \/elfsight.com\/online-form-builder\/templates\/file-upload-forms\/\">Formulaires de t\u00e9l\u00e9chargement de fichiers<\/a> et bien d&rsquo;autres.<\/p><\/div>\r\n\t\t\t\t\t<\/div>\r\n\t\t\t\t<\/div> <\/div> <\/div>","protected":false},"excerpt":{"rendered":"","protected":false},"author":18,"featured_media":0,"parent":1158,"menu_order":0,"comment_status":"closed","ping_status":"closed","template":"templates\/template-application-platform.php","meta":{"publish_to_discourse":"","publish_post_category":"","wpdc_auto_publish_overridden":"","wpdc_topic_tags":"","wpdc_pin_topic":"","wpdc_pin_until":"","discourse_post_id":"","discourse_permalink":"","wpdc_publishing_response":"","wpdc_publishing_error":"","footnotes":""},"class_list":["post-4899","page","type-page","status-publish","hentry"],"yoast_head":"<!-- This site is optimized with the Yoast SEO plugin v25.3.1 - https:\/\/yoast.com\/wordpress\/plugins\/seo\/ -->\n<title>G\u00e9n\u00e9rateur formulaires - ajoutez plugin G\u00e9n\u00e9rateur de formulaire sur Blogger<\/title>\n<meta name=\"description\" content=\"Int\u00e9grez un G\u00e9n\u00e9rateur formulaires attractif sur votre site. Utilisez la d\u00e9mo d&#039;Elfsight et g\u00e9n\u00e9rez votre widget en deux minutes.\" \/>\n<meta name=\"robots\" content=\"index, follow, max-snippet:-1, max-image-preview:large, max-video-preview:-1\" \/>\n<link rel=\"canonical\" href=\"https:\/\/elfsight.com\/fr\/online-form-builder\/blogger\/\" \/>\n<meta property=\"og:locale\" content=\"fr_FR\" \/>\n<meta property=\"og:type\" content=\"article\" \/>\n<meta property=\"og:title\" content=\"G\u00e9n\u00e9rateur formulaires - ajoutez plugin G\u00e9n\u00e9rateur de formulaire sur Blogger\" \/>\n<meta property=\"og:description\" content=\"Int\u00e9grez un G\u00e9n\u00e9rateur formulaires attractif sur votre site. Utilisez la d\u00e9mo d&#039;Elfsight et g\u00e9n\u00e9rez votre widget en deux minutes.\" \/>\n<meta property=\"og:url\" content=\"https:\/\/elfsight.com\/fr\/online-form-builder\/blogger\/\" \/>\n<meta property=\"og:site_name\" content=\"Elfsight FR\" \/>\n<meta property=\"article:modified_time\" content=\"2025-07-09T17:31:23+00:00\" \/>\n<meta name=\"twitter:card\" content=\"summary_large_image\" \/>\n<meta name=\"twitter:label1\" content=\"Dur\u00e9e de lecture estim\u00e9e\" \/>\n\t<meta name=\"twitter:data1\" content=\"1 minute\" \/>\n<!-- \/ Yoast SEO plugin. -->","yoast_head_json":{"title":"G\u00e9n\u00e9rateur formulaires - ajoutez plugin G\u00e9n\u00e9rateur de formulaire sur Blogger","description":"Int\u00e9grez un G\u00e9n\u00e9rateur formulaires attractif sur votre site. Utilisez la d\u00e9mo d'Elfsight et g\u00e9n\u00e9rez votre widget en deux minutes.","robots":{"index":"index","follow":"follow","max-snippet":"max-snippet:-1","max-image-preview":"max-image-preview:large","max-video-preview":"max-video-preview:-1"},"canonical":"https:\/\/elfsight.com\/fr\/online-form-builder\/blogger\/","og_locale":"fr_FR","og_type":"article","og_title":"G\u00e9n\u00e9rateur formulaires - ajoutez plugin G\u00e9n\u00e9rateur de formulaire sur Blogger","og_description":"Int\u00e9grez un G\u00e9n\u00e9rateur formulaires attractif sur votre site. Utilisez la d\u00e9mo d'Elfsight et g\u00e9n\u00e9rez votre widget en deux minutes.","og_url":"https:\/\/elfsight.com\/fr\/online-form-builder\/blogger\/","og_site_name":"Elfsight FR","article_modified_time":"2025-07-09T17:31:23+00:00","twitter_card":"summary_large_image","twitter_misc":{"Dur\u00e9e de lecture estim\u00e9e":"1 minute"},"schema":{"@context":"https:\/\/schema.org","@graph":[{"@type":"WebPage","@id":"https:\/\/elfsight.com\/fr\/online-form-builder\/blogger\/","url":"https:\/\/elfsight.com\/fr\/online-form-builder\/blogger\/","name":"G\u00e9n\u00e9rateur formulaires - ajoutez plugin G\u00e9n\u00e9rateur de formulaire sur Blogger","isPartOf":{"@id":"https:\/\/elfsight.com\/fr\/#website"},"datePublished":"2021-12-03T09:39:14+00:00","dateModified":"2025-07-09T17:31:23+00:00","description":"Int\u00e9grez un G\u00e9n\u00e9rateur formulaires attractif sur votre site. Utilisez la d\u00e9mo d'Elfsight et g\u00e9n\u00e9rez votre widget en deux minutes.","breadcrumb":{"@id":"https:\/\/elfsight.com\/fr\/online-form-builder\/blogger\/#breadcrumb"},"inLanguage":"fr-FR","potentialAction":[{"@type":"ReadAction","target":["https:\/\/elfsight.com\/fr\/online-form-builder\/blogger\/"]}]},{"@type":"BreadcrumbList","@id":"https:\/\/elfsight.com\/fr\/online-form-builder\/blogger\/#breadcrumb","itemListElement":[{"@type":"ListItem","position":1,"name":"Home","item":"https:\/\/elfsight.com\/fr\/"},{"@type":"ListItem","position":2,"name":"Form Builder","item":"https:\/\/elfsight.com\/fr\/online-form-builder\/"},{"@type":"ListItem","position":3,"name":"Form Builder &#8211; Blogger"}]},{"@type":"WebSite","@id":"https:\/\/elfsight.com\/fr\/#website","url":"https:\/\/elfsight.com\/fr\/","name":"Elfsight FR","description":"","potentialAction":[{"@type":"SearchAction","target":{"@type":"EntryPoint","urlTemplate":"https:\/\/elfsight.com\/fr\/?s={search_term_string}"},"query-input":{"@type":"PropertyValueSpecification","valueRequired":true,"valueName":"search_term_string"}}],"inLanguage":"fr-FR"}]}},"meta_box":{"industry":"","seo_heading":"","heading":"","description":"","cta_heading":"","cta_description":"","application":"1157","h1":"Plugin G\u00e9n\u00e9rateur formulaires pour Blogger","h1_caption":"Cr\u00e9ez des formulaires personnalisables pour n'importe quel objectif (commentaires, enqu\u00eates, formulaires de contact) sans codage, ce qui facilite la collecte d'informations aupr\u00e8s de vos utilisateurs sur votre site Web Blogger, sans effort.","application_category":[],"applications_title":"","applications_request_title":"","applications_request_button_text":"","hero_text":"","hero_video":"","hero_video_schema_markup":"","selling_points_title":"","selling_points_caption":"","selling_points":[],"selling_points_cta_text":"","features_title":"","features":"","ed_cta_examples_text":"","ed_cta_examples_hidden":"","ed_cta_demo_text":"","ed_cta_demo_hidden":"","why_caption":"","why_editor_title":"","why_editor_text":"","why_team_title":"","why_team_text":"","why_service_title":"","why_service_text":"","template_catalog_visible":"","template_catalog_title":"","template_catalog_text":"","template_catalog_categories_visible":"","demo_title":"Cr\u00e9ez votre widget G\u00e9n\u00e9rateur de formulaires","demo_caption":"Configurez votre Form Builder et ajoutez-le \u00e0 votre site Web Blogger gratuitement\u00a0!","default_faq_hidden":"","app_template_category":[],"platform":"348","template_public_id":"","codecanyon_url":"","codecanyon_item_id":"","codecanyon_price":"","pricing_caption":"","pricing_elfsight_apps_hide_column":"","pricing_elfsight_apps_url":"","pricing_codecanyon_price_caption":"","integration_category":[],"integration_request_title":"","integration_request_cta":"","integration_platform":"","integrations":[],"platform_category":[],"video_schema_markup":"","price":"\u00c0 partir de $0\/mois","trial":"","benefits":[{"text":"Installation gratuite"},{"text":"Support Premium"},{"text":"Garantie de remboursement de 14 jours"},{"text":"L'am\u00e9lioration continue"}],"button_url":"#demo","button_target_blank":"0","button_nofollow":"0","attributes":[{"name":"Nombre d'installations","content":"1,000 - 5,000","_state":"expanded"},{"name":"Adaptif","content":"Oui","_state":"expanded"},{"name":"Navigateurs compatibles","content":"Firefox, Safari, Opera, Chrome, Edge","_state":"expanded"}],"tags":[],"tags_disable_links":"0","hide_more_platforms":"","video_object":"","demo_hide_cta":"0","demo_hide_cloud_options":"0","pricing_title":"","pricing":[{"pricing_icon":"platform","pricing_title":"Applications d'Elfsight","pricing_title_caption":"Solution num\u00e9rique multiplateforme qui fonctionne sur n'importe quel site","pricing_price":"\u00c0 partir de $0\/mois","pricing_price_caption":"Commencez avec un plan gratuit","pricing_benefits":[{"text":"Sites Web illimit\u00e9s"},{"text":"\u00c9quipe d'assistance professionnelle"},{"text":"Service d'installation gratuit"},{"text":"100% personnalisable"}],"pricing_button_text":"Ajouter au site Web","pricing_button_url":"https:\/\/apps.elfsight.com\/sign-up\/","pricing_button_nofollow":"1","_state":"expanded"}],"related_apps_title":"","related_apps_hidden":"1","author":"","image":[],"title":"","job":"","social_networks":[]},"_links":{"self":[{"href":"https:\/\/elfsight.com\/fr\/wp-json\/wp\/v2\/pages\/4899","targetHints":{"allow":["GET"]}}],"collection":[{"href":"https:\/\/elfsight.com\/fr\/wp-json\/wp\/v2\/pages"}],"about":[{"href":"https:\/\/elfsight.com\/fr\/wp-json\/wp\/v2\/types\/page"}],"author":[{"embeddable":true,"href":"https:\/\/elfsight.com\/fr\/wp-json\/wp\/v2\/users\/18"}],"replies":[{"embeddable":true,"href":"https:\/\/elfsight.com\/fr\/wp-json\/wp\/v2\/comments?post=4899"}],"version-history":[{"count":2,"href":"https:\/\/elfsight.com\/fr\/wp-json\/wp\/v2\/pages\/4899\/revisions"}],"predecessor-version":[{"id":15051,"href":"https:\/\/elfsight.com\/fr\/wp-json\/wp\/v2\/pages\/4899\/revisions\/15051"}],"up":[{"embeddable":true,"href":"https:\/\/elfsight.com\/fr\/wp-json\/wp\/v2\/pages\/1158"}],"wp:attachment":[{"href":"https:\/\/elfsight.com\/fr\/wp-json\/wp\/v2\/media?parent=4899"}],"curies":[{"name":"wp","href":"https:\/\/api.w.org\/{rel}","templated":true}]}}