{"id":4893,"date":"2021-12-03T09:39:23","date_gmt":"2021-12-03T09:39:23","guid":{"rendered":"https:\/\/elfsight.com\/fr\/?page_id=4893"},"modified":"2025-07-09T17:24:41","modified_gmt":"2025-07-09T17:24:41","slug":"woocommerce","status":"publish","type":"page","link":"https:\/\/elfsight.com\/fr\/facebook-feed-widget\/woocommerce\/","title":{"rendered":"Facebook Feed &#8211; WooCommerce"},"content":{"rendered":"<div class=\"application-platform-content-item-description application-platform-content-item\" id=\"description\" data-nav-section=\"description\"><h2>Description<\/h2><p>Affichez votre contenu Facebook dans notre plugin avanc\u00e9 \u2013 Facebook Feed. Pages, vid\u00e9os, photos \u2013 assurez-vous que vos visiteurs ne manqueront aucune publication. Une interface attrayante avec les composants originaux de Facebook ne restera pas invisible et aidera non seulement \u00e0 retenir les lecteurs actuels sur le site Web, mais \u00e9galement \u00e0 attirer de nouveaux abonn\u00e9s Facebook.<\/p><p><b>Am\u00e9liorez votre site Web \u00e0 un niveau maximum pris en charge par Plugin Facebook pour WooCommerce\u00a0!<\/b><\/p><\/div> <div class=\"application-platform-content-item-features application-platform-content-item\" id=\"features\" data-nav-section=\"features\"><h2>Voici seulement quelques-unes des nombreuses fonctionnalit\u00e9s du widget\u00a0:<\/h2><ul><li>Am\u00e9liorez le cr\u00e9dibilit\u00e9 de votre entreprise aupr\u00e8s des clients\u00a0;<\/li><li>Augmentez le taux de conversion de votre site Web jusqu&rsquo;\u00e0 112\u00a0;<\/li><li>Faites en sorte que les utilisateurs restent sur le site Web\u00a0;<\/li><li>Ayez un fort int\u00e9r\u00eat aupr\u00e8s des clients de votre entreprise\u00a0;<\/li><li>Augmentez le niveau d&rsquo;abonn\u00e9s Facebook sur votre profil\u00a0;<\/li><li>Faites la promotion de votre page Facebook<li>3 widgets Facebook en 1.<\/li><\/ul><p><a href=\"#demo\">Examinez tous les param\u00e8tres dans la d\u00e9mo compl\u00e8te<\/a><\/p><\/div><div class=\"application-platform-content-item-installation application-platform-content-item\" id=\"installation\" data-nav-section=\"installation\"><h2>Comment int\u00e9grer le flux Facebook dans mon Site Web WooCommerce\u00a0?<\/h2><p>Suivez simplement les instructions ci-dessous pour int\u00e9grer l&rsquo;outil.<\/p><ol><li><b>Utilisez notre \u00e9diteur gratuit et commencez \u00e0 cr\u00e9er votre widget personnalis\u00e9.<\/b><br>D\u00e9terminez l&rsquo;interface et les fonctionnalit\u00e9s souhait\u00e9es de l&rsquo;outil et appliquez les corrections.<\/li><li><b>Recevez le code individuel qui appara\u00eet dans la fen\u00eatre sur Elfsight Apps.<\/b><br>Apr\u00e8s la cr\u00e9ation de votre Le plugin est termin\u00e9, copiez le code personnel dans la fen\u00eatre qui appara\u00eet et conservez-le pour une occasion ult\u00e9rieure.<\/li><li><b>Commencez \u00e0 utiliser le widget sur votre site WooCommerce.<\/b><br>Ajoutez le code que vous avez d\u00e9j\u00e0 copi\u00e9 dans votre page Web et enregistrez les corrections.<\/li><li><b>Vous avez termin\u00e9\u00a0! L&rsquo;int\u00e9gration s&rsquo;est termin\u00e9e avec succ\u00e8s.<\/b><br>Acc\u00e9dez \u00e0 votre site Web pour v\u00e9rifier comment fonctionne le widget.<\/li><\/ol><p>Si vous rencontrez des demandes de renseignements ou rencontrez des difficult\u00e9s, veuillez contacter notre Le personnel de service \u00e0 la client\u00e8le. Nos collaborateurs seront ravis de vous aider \u00e0 r\u00e9soudre tous les probl\u00e8mes que vous pourriez rencontrer avec le plugin.<\/p><\/div>","protected":false},"excerpt":{"rendered":"","protected":false},"author":18,"featured_media":0,"parent":854,"menu_order":0,"comment_status":"closed","ping_status":"closed","template":"templates\/template-application-platform.php","meta":{"publish_to_discourse":"","publish_post_category":"","wpdc_auto_publish_overridden":"","wpdc_topic_tags":"","wpdc_pin_topic":"","wpdc_pin_until":"","discourse_post_id":"","discourse_permalink":"","wpdc_publishing_response":"","wpdc_publishing_error":"","footnotes":""},"class_list":["post-4893","page","type-page","status-publish","hentry"],"yoast_head":"<!-- This site is optimized with the Yoast SEO plugin v25.3.1 - https:\/\/yoast.com\/wordpress\/plugins\/seo\/ -->\n<title>Widget Facebook - ajoutez plugin Flux Facebook sur WooCommerce<\/title>\n<meta name=\"description\" content=\"Int\u00e9grez un Widget Facebook avantageux sur votre site. Utilisez la d\u00e9mo d&#039;Elfsight et g\u00e9n\u00e9rez votre widget en 2 minutes.\" \/>\n<meta name=\"robots\" content=\"index, follow, max-snippet:-1, max-image-preview:large, max-video-preview:-1\" \/>\n<link rel=\"canonical\" href=\"https:\/\/elfsight.com\/fr\/facebook-feed-widget\/woocommerce\/\" \/>\n<meta property=\"og:locale\" content=\"fr_FR\" \/>\n<meta property=\"og:type\" content=\"article\" \/>\n<meta property=\"og:title\" content=\"Widget Facebook - ajoutez plugin Flux Facebook sur WooCommerce\" \/>\n<meta property=\"og:description\" content=\"Int\u00e9grez un Widget Facebook avantageux sur votre site. Utilisez la d\u00e9mo d&#039;Elfsight et g\u00e9n\u00e9rez votre widget en 2 minutes.\" \/>\n<meta property=\"og:url\" content=\"https:\/\/elfsight.com\/fr\/facebook-feed-widget\/woocommerce\/\" \/>\n<meta property=\"og:site_name\" content=\"Elfsight FR\" \/>\n<meta property=\"article:modified_time\" content=\"2025-07-09T17:24:41+00:00\" \/>\n<meta name=\"twitter:card\" content=\"summary_large_image\" \/>\n<meta name=\"twitter:label1\" content=\"Dur\u00e9e de lecture estim\u00e9e\" \/>\n\t<meta name=\"twitter:data1\" content=\"1 minute\" \/>\n<!-- \/ Yoast SEO plugin. -->","yoast_head_json":{"title":"Widget Facebook - ajoutez plugin Flux Facebook sur WooCommerce","description":"Int\u00e9grez un Widget Facebook avantageux sur votre site. Utilisez la d\u00e9mo d'Elfsight et g\u00e9n\u00e9rez votre widget en 2 minutes.","robots":{"index":"index","follow":"follow","max-snippet":"max-snippet:-1","max-image-preview":"max-image-preview:large","max-video-preview":"max-video-preview:-1"},"canonical":"https:\/\/elfsight.com\/fr\/facebook-feed-widget\/woocommerce\/","og_locale":"fr_FR","og_type":"article","og_title":"Widget Facebook - ajoutez plugin Flux Facebook sur WooCommerce","og_description":"Int\u00e9grez un Widget Facebook avantageux sur votre site. Utilisez la d\u00e9mo d'Elfsight et g\u00e9n\u00e9rez votre widget en 2 minutes.","og_url":"https:\/\/elfsight.com\/fr\/facebook-feed-widget\/woocommerce\/","og_site_name":"Elfsight FR","article_modified_time":"2025-07-09T17:24:41+00:00","twitter_card":"summary_large_image","twitter_misc":{"Dur\u00e9e de lecture estim\u00e9e":"1 minute"},"schema":{"@context":"https:\/\/schema.org","@graph":[{"@type":"WebPage","@id":"https:\/\/elfsight.com\/fr\/facebook-feed-widget\/woocommerce\/","url":"https:\/\/elfsight.com\/fr\/facebook-feed-widget\/woocommerce\/","name":"Widget Facebook - ajoutez plugin Flux Facebook sur WooCommerce","isPartOf":{"@id":"https:\/\/elfsight.com\/fr\/#website"},"datePublished":"2021-12-03T09:39:23+00:00","dateModified":"2025-07-09T17:24:41+00:00","description":"Int\u00e9grez un Widget Facebook avantageux sur votre site. Utilisez la d\u00e9mo d'Elfsight et g\u00e9n\u00e9rez votre widget en 2 minutes.","breadcrumb":{"@id":"https:\/\/elfsight.com\/fr\/facebook-feed-widget\/woocommerce\/#breadcrumb"},"inLanguage":"fr-FR","potentialAction":[{"@type":"ReadAction","target":["https:\/\/elfsight.com\/fr\/facebook-feed-widget\/woocommerce\/"]}]},{"@type":"BreadcrumbList","@id":"https:\/\/elfsight.com\/fr\/facebook-feed-widget\/woocommerce\/#breadcrumb","itemListElement":[{"@type":"ListItem","position":1,"name":"Home","item":"https:\/\/elfsight.com\/fr\/"},{"@type":"ListItem","position":2,"name":"Facebook Feed","item":"https:\/\/elfsight.com\/fr\/facebook-feed-widget\/"},{"@type":"ListItem","position":3,"name":"Facebook Feed &#8211; WooCommerce"}]},{"@type":"WebSite","@id":"https:\/\/elfsight.com\/fr\/#website","url":"https:\/\/elfsight.com\/fr\/","name":"Elfsight FR","description":"","potentialAction":[{"@type":"SearchAction","target":{"@type":"EntryPoint","urlTemplate":"https:\/\/elfsight.com\/fr\/?s={search_term_string}"},"query-input":{"@type":"PropertyValueSpecification","valueRequired":true,"valueName":"search_term_string"}}],"inLanguage":"fr-FR"}]}},"meta_box":{"industry":"","seo_heading":"","heading":"","description":"","cta_heading":"","cta_description":"","application":"846","h1":"Plugin Widget Facebook pour WooCommerce","h1_caption":"Int\u00e9grez les publications de votre page Facebook pour que les visiteurs de votre site Web restent engag\u00e9s avec vos derni\u00e8res mises \u00e0 jour et actualit\u00e9s sur votre site Web WooCommerce sans effort.","application_category":[],"applications_title":"","applications_request_title":"","applications_request_button_text":"","hero_text":"","hero_video":"","hero_video_schema_markup":"","selling_points_title":"","selling_points_caption":"","selling_points":[],"selling_points_cta_text":"","features_title":"","features":"","ed_cta_examples_text":"","ed_cta_examples_hidden":"","ed_cta_demo_text":"","ed_cta_demo_hidden":"","why_caption":"","why_editor_title":"","why_editor_text":"","why_team_title":"","why_team_text":"","why_service_title":"","why_service_text":"","template_catalog_visible":"","template_catalog_title":"","template_catalog_text":"","template_catalog_categories_visible":"","demo_title":"Cr\u00e9ez votre application de flux Facebook","demo_caption":"Configurez votre flux Facebook et ajoutez-le gratuitement \u00e0 votre site Web WooCommerce !","default_faq_hidden":"","app_template_category":[],"platform":"397","template_public_id":"","codecanyon_url":"","codecanyon_item_id":"","codecanyon_price":"","pricing_caption":"","pricing_elfsight_apps_hide_column":"","pricing_elfsight_apps_url":"","pricing_codecanyon_price_caption":"","integration_category":[],"integration_request_title":"","integration_request_cta":"","integration_platform":"","integrations":[],"platform_category":[],"video_schema_markup":"","price":"\u00c0 partir de $0\/mois","trial":"","benefits":[{"text":"Installation gratuite"},{"text":"Support Premium"},{"text":"Garantie de remboursement de 14 jours"},{"text":"L'am\u00e9lioration continue"}],"button_url":"#demo","button_target_blank":"0","button_nofollow":"0","attributes":[{"name":"Nombre d'installations","content":"1,000 - 5,000","_state":"expanded"},{"name":"Adaptif","content":"Oui","_state":"expanded"},{"name":"Navigateurs compatibles","content":"Firefox, Safari, Opera, Chrome, Edge","_state":"expanded"}],"tags":[],"tags_disable_links":"0","hide_more_platforms":"","video_object":"","demo_hide_cta":"0","demo_hide_cloud_options":"0","pricing_title":"","pricing":[{"pricing_icon":"platform","pricing_title":"Applications d'Elfsight","pricing_title_caption":"Solution num\u00e9rique multiplateforme qui fonctionne sur n'importe quel site","pricing_price":"\u00c0 partir de $0\/mois","pricing_price_caption":"Commencez avec un plan gratuit","pricing_benefits":[{"text":"Sites Web illimit\u00e9s"},{"text":"\u00c9quipe d'assistance professionnelle"},{"text":"Service d'installation gratuit"},{"text":"100% personnalisable"}],"pricing_button_text":"Ajouter au site Web","pricing_button_url":"https:\/\/apps.elfsight.com\/sign-up\/","pricing_button_nofollow":"1","_state":"expanded"}],"related_apps_title":"","related_apps_hidden":"1","author":"","image":[],"title":"","job":"","social_networks":[]},"_links":{"self":[{"href":"https:\/\/elfsight.com\/fr\/wp-json\/wp\/v2\/pages\/4893","targetHints":{"allow":["GET"]}}],"collection":[{"href":"https:\/\/elfsight.com\/fr\/wp-json\/wp\/v2\/pages"}],"about":[{"href":"https:\/\/elfsight.com\/fr\/wp-json\/wp\/v2\/types\/page"}],"author":[{"embeddable":true,"href":"https:\/\/elfsight.com\/fr\/wp-json\/wp\/v2\/users\/18"}],"replies":[{"embeddable":true,"href":"https:\/\/elfsight.com\/fr\/wp-json\/wp\/v2\/comments?post=4893"}],"version-history":[{"count":2,"href":"https:\/\/elfsight.com\/fr\/wp-json\/wp\/v2\/pages\/4893\/revisions"}],"predecessor-version":[{"id":14822,"href":"https:\/\/elfsight.com\/fr\/wp-json\/wp\/v2\/pages\/4893\/revisions\/14822"}],"up":[{"embeddable":true,"href":"https:\/\/elfsight.com\/fr\/wp-json\/wp\/v2\/pages\/854"}],"wp:attachment":[{"href":"https:\/\/elfsight.com\/fr\/wp-json\/wp\/v2\/media?parent=4893"}],"curies":[{"name":"wp","href":"https:\/\/api.w.org\/{rel}","templated":true}]}}