{"id":4891,"date":"2021-12-03T09:39:26","date_gmt":"2021-12-03T09:39:26","guid":{"rendered":"https:\/\/elfsight.com\/fr\/?page_id=4891"},"modified":"2025-12-08T16:34:22","modified_gmt":"2025-12-08T16:34:22","slug":"wix","status":"publish","type":"page","link":"https:\/\/elfsight.com\/fr\/facebook-feed-widget\/wix\/","title":{"rendered":"Facebook Feed &#8211; Wix"},"content":{"rendered":"<div class=\"application-platform-content-item-description application-platform-content-item\" id=\"description\" data-nav-section=\"description\"><h2>Description<\/h2><p>Affichez votre page Facebook dans notre application avanc\u00e9e \u2013 Facebook Feed. Pages, vid\u00e9os, photos \u2013 vous pouvez \u00eatre s\u00fbr que vos visiteurs ne manqueront jamais une seule publication. Un look attrayant avec de vrais \u00e9l\u00e9ments de Facebook ne peut pas passer inaper\u00e7u et contribuera non seulement \u00e0 garder les lecteurs actuels sur le site Web, mais \u00e9galement \u00e0 engager de nouveaux abonn\u00e9s Facebook.<\/p><p><b>Am\u00e9liorez compl\u00e8tement l&rsquo;engagement de vos clients. nouveau niveau avec l&rsquo;aide de l&rsquo;application Wix Facebook.<\/b><\/p><ul><li><b>Cr\u00e9ez une image forte de votre marque aupr\u00e8s des utilisateurs<\/b>.<br>Une entreprise qui g\u00e8re des comptes actifs sur les r\u00e9seaux sociaux a 78 % de confiance en plus parmi les lecteurs. Utilisez votre page Facebook sur le site pour garantir aux utilisateurs que votre entreprise est r\u00e9elle et s\u00fbre.<\/li><li><b>Augmentez le nombre d&rsquo;abonn\u00e9s Facebook sur votre page<\/b>.<br> Transformez les visiteurs du site Web en abonn\u00e9s Facebook. Cr\u00e9ez une application efficace avec votre profil et faites-en la d\u00e9monstration sur le site, afin que chaque utilisateur puisse avoir la possibilit\u00e9 de s&rsquo;abonner \u00e0 votre page.<\/li><li><b>1 widget Facebook au lieu de 3<\/b>.<br>Tout le contenu de Facebook dans un widget pratique : affichez les publications avec des commentaires, des partages ou toutes les r\u00e9actions disponibles ; g\u00e9n\u00e9rez des galeries d&rsquo;images et de vid\u00e9os sur le site Web \u00e0 partir du contenu de vos albums Facebook.<\/li><\/ul><div class=\"faq\" data-component=\"FAQ\"> <div class=\"faq-item\">\r\n\t\t\t\t\t<div class=\"faq-item-question\">\r\n\t\t\t\t\t\t<h3 class=\"faq-item-question-text\">Existe-t-il d'autres outils pour Wix que je peux int\u00e9grer sur mon site ? <\/h3>\r\n\r\n\t\t\t\t\t\t<div class=\"faq-item-question-icon\"><\/div>\r\n\t\t\t\t\t<\/div>\r\n\r\n\t\t\t\t\t<div class=\"faq-item-answer\">\r\n\t\t\t\t\t\t<div class=\"faq-item-answer-text\"> <p>Vous \u00eates invit\u00e9s \u00e0 tester de nombreux widgets pour n&rsquo;importe quel objectif sur votre site Web, quel que soit votre secteur d&rsquo;activit\u00e9. D\u00e9couvrez quelques-unes des applications les plus int\u00e9ressantes\u00a0: <a href=\"https:\/\/elfsight.com\/pdf-embed-widget\/wix\/\">PDF Embed<\/a>, <a href=\"https:\/\/elfsight.com \/instagram-feed-instashow\/wix\/\">Flux Instagram<\/a>, <a href=\"https:\/\/elfsight.com\/google-reviews-widget\/wix\/\">Avis Google<\/a>, <a href=\"https:\/\/elfsight.com\/whatsapp-chat-widget\/wix\/\">Chat WhatsApp<\/a>, <a href=\"https:\/\/elfsight.com\/popup-widget\/wix\/\">Popup <\/a>.<\/p> <\/div>\r\n\t\t\t\t\t<\/div>\r\n\t\t\t\t<\/div> <div class=\"faq-item\">\r\n\t\t\t\t\t<div class=\"faq-item-question\">\r\n\t\t\t\t\t\t<h3 class=\"faq-item-question-text\">De quelle mani\u00e8re puis-je ajouter le widget de flux Facebook \u00e0 mon site ? <\/h3>\r\n\r\n\t\t\t\t\t\t<div class=\"faq-item-question-icon\"><\/div>\r\n\t\t\t\t\t<\/div>\r\n\r\n\t\t\t\t\t<div class=\"faq-item-answer\">\r\n\t\t\t\t\t\t<div class=\"faq-item-answer-text\"> <p>Vous pouvez facilement int\u00e9grer le widget de flux Facebook dans votre site Web pour le d\u00e9montrer. vos images et publications les plus int\u00e9ressantes. Acc\u00e9dez simplement au tableau d&rsquo;administration et suivez ces \u00e9tapes\u00a0: <\/p><ol><li>S\u00e9lectionnez les param\u00e8tres du th\u00e8me. <\/li><li>Trouvez la partie sur laquelle vous devez impl\u00e9menter le flux Facebook. <\/li><li>Int\u00e9grez votre code depuis les applications Elfsight et enregistrez les modifications. <\/li><li>Fait. <\/li><\/ol><p><a href=\"https:\/\/elfsight.com\/tutorials\/how-to-add-facebook-feed-to-any-website\/#wix-facebook-feed\"> Ici<\/a> vous trouverez plus de d\u00e9tails sur le fonctionnement du widget.<\/p><\/div>\r\n\t\t\t\t\t<\/div>\r\n\t\t\t\t<\/div> <div class=\"faq-item\">\r\n\t\t\t\t\t<div class=\"faq-item-question\">\r\n\t\t\t\t\t\t<h3 class=\"faq-item-question-text\">Existe-t-il un moyen de voir votre widget Wix Facebook Feed lorsqu'il est utilis\u00e9 ? <\/h3>\r\n\r\n\t\t\t\t\t\t<div class=\"faq-item-question-icon\"><\/div>\r\n\t\t\t\t\t<\/div>\r\n\r\n\t\t\t\t\t<div class=\"faq-item-answer\">\r\n\t\t\t\t\t\t<div class=\"faq-item-answer-text\"> <p>Vous peut facilement observer tous les traits fonctionnels du widget dans notre <a href=\"https:\/\/elfsight.com\/facebook-feed-widget\/#demo\">d\u00e9mo<\/a> active. Gardez \u00e0 l&rsquo;esprit que vous pouvez \u00e9galement l&rsquo;utiliser pour ajouter le widget de flux Facebook \u00e0 votre site Web\u00a0!<\/p> <\/div>\r\n\t\t\t\t\t<\/div>\r\n\t\t\t\t<\/div> <\/div><\/div><div class=\"application-platform-content-item-features application-platform-content-item\" id=\"features\" data-nav-section=\"features\"><h2>Fonctionnalit\u00e9s<\/h2><p>Avantages cl\u00e9s, qui transforment notre flux Facebook en une application pr\u00e9cieuse pour un site Web Wix.<\/p><ul><li>3 types de contenu Facebook affichables\u00a0: publications, vid\u00e9os et photos avec albums\u00a0;<\/li><li>Afficher les photos, les albums ou les deux\u00a0;<\/li><li>Largeur et hauteur r\u00e9glables\u00a0;<\/li><li>Afficher ou masquer le menu\u00a0;<\/li><li>Dur\u00e9e de cache r\u00e9glable.<\/li> <\/ul><p><a href=\"#demo\">Testez toutes les fonctionnalit\u00e9s dans la d\u00e9mo en direct<\/a><\/p><\/div><div class=\"application-platform-content-item-installation application-platform-content-item\" id=\"installation\" data-nav-section=\"installation\"><h2>Comment ajouter Facebook application sur le site Web Wix<\/h2><div class=\"video-container\">\n<iframe width=\"720\" height=\"405\" src=\"https:\/\/www.youtube.com\/embed\/KsF2KvlSQfE?si=8dNmlWyGobzNRQbT\" frameborder=\"0\" allowfullscreen=\"\"><\/iframe>\n<\/div><p>Suivez notre manuel, pour finir par ajouter. L&rsquo;ex\u00e9cution ne prendra pas plus d&rsquo;une minute et ne n\u00e9cessite aucune comp\u00e9tence en programmation.<\/p><ol><li><b>Acqu\u00e9rir le widget sur Wix Market<\/b>.<br><a href=\"https:\/\/www.wix.com\/app-market\/facebook-feed-1\/overview\" target=\"_blank\" rel=\"noopener noreferrer\">Ouvrez la page<\/a> avec l&rsquo;application Facebook Feed et appuyez sur \u00abAjouter \u00e0 Bouton Site\u00bb.<\/li><li><b>Ins\u00e9rez le widget dans le site<\/b>.<br>Dans la fen\u00eatre pop-up, allez dans \u00abOuvrir l&rsquo;\u00e9diteur\u00bb et placez le widget sur n&rsquo;importe quelle page.<\/li><li><b>Configurez votre widget<\/b>.<br>Effectuez les ajustements n\u00e9cessaires des param\u00e8tres de l&rsquo;interface et ajoutez des donn\u00e9es pour l&rsquo;affichage. Appliquez toutes les modifications.<\/li><li><b>Vous avez r\u00e9ussi l&rsquo;installation<\/b>.<br>Visitez le site Web Wix pour voir votre widget Facebook<\/li><\/ol><p>Voulez-vous besoin d&rsquo;une aide plus approfondie ? \u00c9tudiez un <a href=\"https:\/\/elfsight.com\/tutorials\/how-to-add-facebook-feed-to-wix\/\" target=\"_blank\" rel=\"noopener noreferrer\">tutoriel complet<\/a> ou contactez le support client Elfsight, et nous serons heureux de trouver une solution.<\/p><\/div>","protected":false},"excerpt":{"rendered":"","protected":false},"author":18,"featured_media":0,"parent":854,"menu_order":0,"comment_status":"closed","ping_status":"closed","template":"templates\/template-application-platform.php","meta":{"publish_to_discourse":"","publish_post_category":"","wpdc_auto_publish_overridden":"","wpdc_topic_tags":"","wpdc_pin_topic":"","wpdc_pin_until":"","discourse_post_id":"","discourse_permalink":"","wpdc_publishing_response":"","wpdc_publishing_error":"","footnotes":""},"class_list":["post-4891","page","type-page","status-publish","hentry"],"yoast_head":"<!-- This site is optimized with the Yoast SEO plugin v25.3.1 - https:\/\/yoast.com\/wordpress\/plugins\/seo\/ -->\n<title>Widget Facebook - ajoutez app Flux Facebook sur Wix<\/title>\n<meta name=\"description\" content=\"Int\u00e9grez un Widget Facebook attractif sur votre site. Utilisez la d\u00e9mo d&#039;Elfsight et g\u00e9n\u00e9rez votre plugin en deux minutes.\" \/>\n<meta name=\"robots\" content=\"index, follow, max-snippet:-1, max-image-preview:large, max-video-preview:-1\" \/>\n<link rel=\"canonical\" href=\"https:\/\/elfsight.com\/fr\/facebook-feed-widget\/wix\/\" \/>\n<meta property=\"og:locale\" content=\"fr_FR\" \/>\n<meta property=\"og:type\" content=\"article\" \/>\n<meta property=\"og:title\" content=\"Widget Facebook - ajoutez app Flux Facebook sur Wix\" \/>\n<meta property=\"og:description\" content=\"Int\u00e9grez un Widget Facebook attractif sur votre site. Utilisez la d\u00e9mo d&#039;Elfsight et g\u00e9n\u00e9rez votre plugin en deux minutes.\" \/>\n<meta property=\"og:url\" content=\"https:\/\/elfsight.com\/fr\/facebook-feed-widget\/wix\/\" \/>\n<meta property=\"og:site_name\" content=\"Elfsight FR\" \/>\n<meta property=\"article:modified_time\" content=\"2025-12-08T16:34:22+00:00\" \/>\n<meta name=\"twitter:card\" content=\"summary_large_image\" \/>\n<meta name=\"twitter:label1\" content=\"Dur\u00e9e de lecture estim\u00e9e\" \/>\n\t<meta name=\"twitter:data1\" content=\"4 minutes\" \/>\n<!-- \/ Yoast SEO plugin. -->","yoast_head_json":{"title":"Widget Facebook - ajoutez app Flux Facebook sur Wix","description":"Int\u00e9grez un Widget Facebook attractif sur votre site. Utilisez la d\u00e9mo d'Elfsight et g\u00e9n\u00e9rez votre plugin en deux minutes.","robots":{"index":"index","follow":"follow","max-snippet":"max-snippet:-1","max-image-preview":"max-image-preview:large","max-video-preview":"max-video-preview:-1"},"canonical":"https:\/\/elfsight.com\/fr\/facebook-feed-widget\/wix\/","og_locale":"fr_FR","og_type":"article","og_title":"Widget Facebook - ajoutez app Flux Facebook sur Wix","og_description":"Int\u00e9grez un Widget Facebook attractif sur votre site. Utilisez la d\u00e9mo d'Elfsight et g\u00e9n\u00e9rez votre plugin en deux minutes.","og_url":"https:\/\/elfsight.com\/fr\/facebook-feed-widget\/wix\/","og_site_name":"Elfsight FR","article_modified_time":"2025-12-08T16:34:22+00:00","twitter_card":"summary_large_image","twitter_misc":{"Dur\u00e9e de lecture estim\u00e9e":"4 minutes"},"schema":{"@context":"https:\/\/schema.org","@graph":[{"@type":"WebPage","@id":"https:\/\/elfsight.com\/fr\/facebook-feed-widget\/wix\/","url":"https:\/\/elfsight.com\/fr\/facebook-feed-widget\/wix\/","name":"Widget Facebook - ajoutez app Flux Facebook sur Wix","isPartOf":{"@id":"https:\/\/elfsight.com\/fr\/#website"},"datePublished":"2021-12-03T09:39:26+00:00","dateModified":"2025-12-08T16:34:22+00:00","description":"Int\u00e9grez un Widget Facebook attractif sur votre site. Utilisez la d\u00e9mo d'Elfsight et g\u00e9n\u00e9rez votre plugin en deux minutes.","breadcrumb":{"@id":"https:\/\/elfsight.com\/fr\/facebook-feed-widget\/wix\/#breadcrumb"},"inLanguage":"fr-FR","potentialAction":[{"@type":"ReadAction","target":["https:\/\/elfsight.com\/fr\/facebook-feed-widget\/wix\/"]}]},{"@type":"BreadcrumbList","@id":"https:\/\/elfsight.com\/fr\/facebook-feed-widget\/wix\/#breadcrumb","itemListElement":[{"@type":"ListItem","position":1,"name":"Home","item":"https:\/\/elfsight.com\/fr\/"},{"@type":"ListItem","position":2,"name":"Facebook Feed","item":"https:\/\/elfsight.com\/fr\/facebook-feed-widget\/"},{"@type":"ListItem","position":3,"name":"Facebook Feed &#8211; Wix"}]},{"@type":"WebSite","@id":"https:\/\/elfsight.com\/fr\/#website","url":"https:\/\/elfsight.com\/fr\/","name":"Elfsight FR","description":"","potentialAction":[{"@type":"SearchAction","target":{"@type":"EntryPoint","urlTemplate":"https:\/\/elfsight.com\/fr\/?s={search_term_string}"},"query-input":{"@type":"PropertyValueSpecification","valueRequired":true,"valueName":"search_term_string"}}],"inLanguage":"fr-FR"}]}},"meta_box":{"industry":"","seo_heading":"","heading":"","description":"","cta_heading":"","cta_description":"","application":"846","h1":"App Widget Facebook pour Wix","h1_caption":"Int\u00e9grez les publications de votre page Facebook pour que les visiteurs de votre site Web restent int\u00e9ress\u00e9s par vos derni\u00e8res mises \u00e0 jour et actualit\u00e9s sur votre site Web Wix sans effort.","application_category":[],"applications_title":"","applications_request_title":"","applications_request_button_text":"","hero_text":"","hero_video":"","hero_video_schema_markup":"","selling_points_title":"","selling_points_caption":"","selling_points":[],"selling_points_cta_text":"","features_title":"","features":"","ed_cta_examples_text":"","ed_cta_examples_hidden":"","ed_cta_demo_text":"","ed_cta_demo_hidden":"","why_caption":"","why_editor_title":"","why_editor_text":"","why_team_title":"","why_team_text":"","why_service_title":"","why_service_text":"","template_catalog_visible":"0","template_catalog_title":"","template_catalog_text":"","template_catalog_categories_visible":"","demo_title":"Cr\u00e9ez votre application de flux Facebook","demo_caption":"Configurez votre flux Facebook et ajoutez-le \u00e0 votre site Web Wix gratuitement !","default_faq_hidden":"","app_template_category":[],"platform":"345","template_public_id":"","codecanyon_url":"","codecanyon_item_id":"","codecanyon_price":"","pricing_caption":"","pricing_elfsight_apps_hide_column":"","pricing_elfsight_apps_url":"","pricing_codecanyon_price_caption":"","integration_category":[],"integration_request_title":"","integration_request_cta":"","integration_platform":"","integrations":[],"platform_category":[],"video_schema_markup":"","price":"\u00c0 partir de $0\/mois","trial":"","benefits":[{"text":"Installation gratuite"},{"text":"Support Premium"},{"text":"Garantie de remboursement de 14 jours"},{"text":"L'am\u00e9lioration continue"}],"button_url":"#demo","button_target_blank":"0","button_nofollow":"0","attributes":[{"name":"Nombre d'installations","content":"1,000 - 5,000","_state":"expanded"},{"name":"Adaptif","content":"Oui","_state":"expanded"},{"name":"Navigateurs compatibles","content":"Firefox, Safari, Opera, Chrome, Edge","_state":"expanded"}],"tags":[],"tags_disable_links":"0","hide_more_platforms":"0","video_object":"","demo_hide_cta":"0","demo_hide_cloud_options":"0","pricing_title":"","pricing":[{"pricing_icon":"platform","pricing_title":"Applications d'Elfsight","pricing_title_caption":"Solution num\u00e9rique multiplateforme qui fonctionne sur n'importe quel site","pricing_price":"\u00c0 partir de $0\/mois","pricing_price_caption":"Commencez avec un plan gratuit","pricing_benefits":[{"text":"Sites Web illimit\u00e9s"},{"text":"\u00c9quipe d'assistance professionnelle"},{"text":"Service d'installation gratuit"},{"text":"100% personnalisable"}],"pricing_button_text":"Ajouter au site Web","pricing_button_url":"https:\/\/apps.elfsight.com\/sign-up\/","pricing_button_nofollow":"1","_state":"expanded"}],"related_apps_title":"","related_apps_hidden":"1","author":"","image":[],"title":"","job":"","social_networks":[]},"_links":{"self":[{"href":"https:\/\/elfsight.com\/fr\/wp-json\/wp\/v2\/pages\/4891","targetHints":{"allow":["GET"]}}],"collection":[{"href":"https:\/\/elfsight.com\/fr\/wp-json\/wp\/v2\/pages"}],"about":[{"href":"https:\/\/elfsight.com\/fr\/wp-json\/wp\/v2\/types\/page"}],"author":[{"embeddable":true,"href":"https:\/\/elfsight.com\/fr\/wp-json\/wp\/v2\/users\/18"}],"replies":[{"embeddable":true,"href":"https:\/\/elfsight.com\/fr\/wp-json\/wp\/v2\/comments?post=4891"}],"version-history":[{"count":3,"href":"https:\/\/elfsight.com\/fr\/wp-json\/wp\/v2\/pages\/4891\/revisions"}],"predecessor-version":[{"id":16762,"href":"https:\/\/elfsight.com\/fr\/wp-json\/wp\/v2\/pages\/4891\/revisions\/16762"}],"up":[{"embeddable":true,"href":"https:\/\/elfsight.com\/fr\/wp-json\/wp\/v2\/pages\/854"}],"wp:attachment":[{"href":"https:\/\/elfsight.com\/fr\/wp-json\/wp\/v2\/media?parent=4891"}],"curies":[{"name":"wp","href":"https:\/\/api.w.org\/{rel}","templated":true}]}}