{"id":4889,"date":"2021-12-03T09:39:28","date_gmt":"2021-12-03T09:39:28","guid":{"rendered":"https:\/\/elfsight.com\/fr\/?page_id=4889"},"modified":"2025-07-09T17:24:28","modified_gmt":"2025-07-09T17:24:28","slug":"weebly","status":"publish","type":"page","link":"https:\/\/elfsight.com\/fr\/facebook-feed-widget\/weebly\/","title":{"rendered":"Facebook Feed &#8211; Weebly"},"content":{"rendered":"<div class=\"application-platform-content-item-description application-platform-content-item\" id=\"description\" data-nav-section=\"description\"><h2>Description<\/h2><p>D\u00e9montrez votre page Facebook dans notre application multifonctionnelle\u00a0: Facebook Feed. Publications, vid\u00e9os, images \u2013 assurez-vous que vos lecteurs ne manqueront jamais un seul message de votre part. Un design attrayant avec de v\u00e9ritables composants de Facebook ne sera pas laiss\u00e9 inaper\u00e7u et contribuera non seulement \u00e0 retenir les clients actuels sur le site, mais \u00e9galement \u00e0 attirer de nouveaux abonn\u00e9s Facebook.<\/p><p><b>\u00c9levez votre communication client \u00e0 un niveau jamais vu. en utilisant l&rsquo;application Facebook Weebly.<\/b><\/p><ul><li><b>Augmentez la conversion de votre site jusqu&rsquo;\u00e0 125\u00a0%<\/b>.<br>Appliquez un \u00e9l\u00e9ment de confiance sociale sur votre site Web, pour obtenir plus de clients. Faites d\u00e9couvrir votre marque \u00e0 vos lecteurs sur Facebook et gagnez leur confiance, ce qui contribuera \u00e0 niveler votre conversion.<\/li><li><b>Augmentez le niveau d&rsquo;abonn\u00e9s Facebook sur votre page<\/b>.<br>Transformez le site visiteurs en abonn\u00e9s Facebook. Cr\u00e9ez une application attrayante avec votre profil et ins\u00e9rez-la sur le site, afin que chaque utilisateur puisse avoir la chance de suivre votre page.<\/li><li><b>1 plugin pour tout le contenu Facebook<\/b>.<br>Toutes les informations de Facebook dans un seul plugin : affichez les actualit\u00e9s avec des commentaires, des likes ou des r\u00e9actions Facebook ; g\u00e9n\u00e9rez des collections de photos et de vid\u00e9os sur le site \u00e0 l&rsquo;aide des albums Facebook.<\/li><\/ul><\/div><div class=\"application-platform-content-item-features application-platform-content-item\" id=\"features\" data-nav-section=\"features\"><h2>Fonctionnalit\u00e9s<\/h2><p>Plusieurs avantages qui transforment votre Facebook en une application pr\u00e9cieuse pour un site Web Weebly.<\/p><ul><li>2 sources Facebook prises en charge\u00a0: pages, profils\u00a0;<\/li><li>En-t\u00eate personnalisable avec \u00e9l\u00e9ments r\u00e9glables\u00a0: image de couverture, actions, image de page, likes count\u00a0;<\/li><li>Boutons J&rsquo;aime et Partager sur l&rsquo;en-t\u00eate\u00a0;<\/li><li>Afficher ou masquer les publications\u00a0;<\/li><li>\u00c9diteur pratique et intuitif sans codage requis.<\/li><\/ul><p><a href=\"#demo\">D\u00e9couvrez tous les avantages dans la d\u00e9mo en direct<\/a>.<\/p><\/div><div class=\"application-platform-content-item-installation application-platform-content-item\" id=\"installation\" data-nav-section=\"installation\"><h2>Comment int\u00e9grer Facebook \u00e0 Site Web Weebly<\/h2><div class=\"video-container\"><iframe width=\"720\" height=\"405\" src=\"https:\/\/www.youtube.com\/embed\/GoHbo68g1GE\" frameborder=\"0\" allowfullscreen><\/iframe><\/div><p>Suivez notre manuel, pour finir par ajouter. Le parcourir ne prendra qu&rsquo;une minute et ne n\u00e9cessite aucune exp\u00e9rience en programmation.<\/p><ol><li><b>G\u00e9rez notre \u00e9diteur gratuit et commencez \u00e0 cr\u00e9er votre application unique. <\/b><br> Choisissez l&rsquo;interface et les aspects souhait\u00e9s de l&rsquo;application et enregistrez toutes les modifications. <\/li> <li><b>Recevez votre code unique qui appara\u00eet dans la case sur Elfsight Apps. <\/b><br> Juste une fois la configuration de votre application termin\u00e9e, copiez le code individuel dans la fen\u00eatre contextuelle qui appara\u00eet et conservez-le pour un besoin ult\u00e9rieur. <\/li> <li><b>Initiez l&rsquo;utilisation de l&rsquo;application sur votre site Web Weebly. <\/b><br> Ins\u00e9rez le code que vous avez enregistr\u00e9 r\u00e9cemment dans votre page Web et enregistrez les ajustements. <\/li> <li><b>Vous avez termin\u00e9\u00a0! L&rsquo;int\u00e9gration est enti\u00e8rement r\u00e9alis\u00e9e. <\/b><br> Visitez votre page Web pour v\u00e9rifier le fonctionnement de l&rsquo;application. <\/li><\/ol><p>Avez-vous besoin d&rsquo;un support plus d\u00e9taill\u00e9\u00a0? Voyez-vous avez-vous besoin d&rsquo;une assistance plus d\u00e9taill\u00e9e\u00a0? Voir un <a href=\"https:\/\/elfsight.com\/tutorials\/how-to-add-facebook-feed-to-weebly\/\" target=\"_blank\" rel=\"noopener noreferrer\">manuel d\u00e9taill\u00e9<\/a> ou contactez notre service client, et nous serons heureux de vous conseiller une r\u00e9ponse.<\/div>","protected":false},"excerpt":{"rendered":"","protected":false},"author":18,"featured_media":0,"parent":854,"menu_order":0,"comment_status":"closed","ping_status":"closed","template":"templates\/template-application-platform.php","meta":{"publish_to_discourse":"","publish_post_category":"","wpdc_auto_publish_overridden":"","wpdc_topic_tags":"","wpdc_pin_topic":"","wpdc_pin_until":"","discourse_post_id":"","discourse_permalink":"","wpdc_publishing_response":"","wpdc_publishing_error":"","footnotes":""},"class_list":["post-4889","page","type-page","status-publish","hentry"],"yoast_head":"<!-- This site is optimized with the Yoast SEO plugin v25.3.1 - https:\/\/yoast.com\/wordpress\/plugins\/seo\/ -->\n<title>Widget Facebook - ajoutez app Flux Facebook sur Weebly<\/title>\n<meta name=\"description\" content=\"Int\u00e9grez un Widget Facebook avantageux sur votre site. Appliquez la d\u00e9mo d&#039;Elfsight et g\u00e9n\u00e9rez votre widget en 2 minutes.\" \/>\n<meta name=\"robots\" content=\"index, follow, max-snippet:-1, max-image-preview:large, max-video-preview:-1\" \/>\n<link rel=\"canonical\" href=\"https:\/\/elfsight.com\/fr\/facebook-feed-widget\/weebly\/\" \/>\n<meta property=\"og:locale\" content=\"fr_FR\" \/>\n<meta property=\"og:type\" content=\"article\" \/>\n<meta property=\"og:title\" content=\"Widget Facebook - ajoutez app Flux Facebook sur Weebly\" \/>\n<meta property=\"og:description\" content=\"Int\u00e9grez un Widget Facebook avantageux sur votre site. Appliquez la d\u00e9mo d&#039;Elfsight et g\u00e9n\u00e9rez votre widget en 2 minutes.\" \/>\n<meta property=\"og:url\" content=\"https:\/\/elfsight.com\/fr\/facebook-feed-widget\/weebly\/\" \/>\n<meta property=\"og:site_name\" content=\"Elfsight FR\" \/>\n<meta property=\"article:modified_time\" content=\"2025-07-09T17:24:28+00:00\" \/>\n<meta name=\"twitter:card\" content=\"summary_large_image\" \/>\n<meta name=\"twitter:label1\" content=\"Dur\u00e9e de lecture estim\u00e9e\" \/>\n\t<meta name=\"twitter:data1\" content=\"1 minute\" \/>\n<!-- \/ Yoast SEO plugin. -->","yoast_head_json":{"title":"Widget Facebook - ajoutez app Flux Facebook sur Weebly","description":"Int\u00e9grez un Widget Facebook avantageux sur votre site. Appliquez la d\u00e9mo d'Elfsight et g\u00e9n\u00e9rez votre widget en 2 minutes.","robots":{"index":"index","follow":"follow","max-snippet":"max-snippet:-1","max-image-preview":"max-image-preview:large","max-video-preview":"max-video-preview:-1"},"canonical":"https:\/\/elfsight.com\/fr\/facebook-feed-widget\/weebly\/","og_locale":"fr_FR","og_type":"article","og_title":"Widget Facebook - ajoutez app Flux Facebook sur Weebly","og_description":"Int\u00e9grez un Widget Facebook avantageux sur votre site. Appliquez la d\u00e9mo d'Elfsight et g\u00e9n\u00e9rez votre widget en 2 minutes.","og_url":"https:\/\/elfsight.com\/fr\/facebook-feed-widget\/weebly\/","og_site_name":"Elfsight FR","article_modified_time":"2025-07-09T17:24:28+00:00","twitter_card":"summary_large_image","twitter_misc":{"Dur\u00e9e de lecture estim\u00e9e":"1 minute"},"schema":{"@context":"https:\/\/schema.org","@graph":[{"@type":"WebPage","@id":"https:\/\/elfsight.com\/fr\/facebook-feed-widget\/weebly\/","url":"https:\/\/elfsight.com\/fr\/facebook-feed-widget\/weebly\/","name":"Widget Facebook - ajoutez app Flux Facebook sur Weebly","isPartOf":{"@id":"https:\/\/elfsight.com\/fr\/#website"},"datePublished":"2021-12-03T09:39:28+00:00","dateModified":"2025-07-09T17:24:28+00:00","description":"Int\u00e9grez un Widget Facebook avantageux sur votre site. Appliquez la d\u00e9mo d'Elfsight et g\u00e9n\u00e9rez votre widget en 2 minutes.","breadcrumb":{"@id":"https:\/\/elfsight.com\/fr\/facebook-feed-widget\/weebly\/#breadcrumb"},"inLanguage":"fr-FR","potentialAction":[{"@type":"ReadAction","target":["https:\/\/elfsight.com\/fr\/facebook-feed-widget\/weebly\/"]}]},{"@type":"BreadcrumbList","@id":"https:\/\/elfsight.com\/fr\/facebook-feed-widget\/weebly\/#breadcrumb","itemListElement":[{"@type":"ListItem","position":1,"name":"Home","item":"https:\/\/elfsight.com\/fr\/"},{"@type":"ListItem","position":2,"name":"Facebook Feed","item":"https:\/\/elfsight.com\/fr\/facebook-feed-widget\/"},{"@type":"ListItem","position":3,"name":"Facebook Feed &#8211; Weebly"}]},{"@type":"WebSite","@id":"https:\/\/elfsight.com\/fr\/#website","url":"https:\/\/elfsight.com\/fr\/","name":"Elfsight FR","description":"","potentialAction":[{"@type":"SearchAction","target":{"@type":"EntryPoint","urlTemplate":"https:\/\/elfsight.com\/fr\/?s={search_term_string}"},"query-input":{"@type":"PropertyValueSpecification","valueRequired":true,"valueName":"search_term_string"}}],"inLanguage":"fr-FR"}]}},"meta_box":{"industry":"","seo_heading":"","heading":"","description":"","cta_heading":"","cta_description":"","application":"846","h1":"App Widget Facebook pour Weebly","h1_caption":"Int\u00e9grez les publications de votre page Facebook pour que les visiteurs de votre site Web restent int\u00e9ress\u00e9s par vos derni\u00e8res mises \u00e0 jour et actualit\u00e9s sur votre site Web Weebly sans effort.","application_category":[],"applications_title":"","applications_request_title":"","applications_request_button_text":"","hero_text":"","hero_video":"","hero_video_schema_markup":"","selling_points_title":"","selling_points_caption":"","selling_points":[],"selling_points_cta_text":"","features_title":"","features":"","ed_cta_examples_text":"","ed_cta_examples_hidden":"","ed_cta_demo_text":"","ed_cta_demo_hidden":"","why_caption":"","why_editor_title":"","why_editor_text":"","why_team_title":"","why_team_text":"","why_service_title":"","why_service_text":"","template_catalog_visible":"","template_catalog_title":"","template_catalog_text":"","template_catalog_categories_visible":"","demo_title":"Cr\u00e9ez votre application de flux Facebook","demo_caption":"Configurez votre flux Facebook et ajoutez-le gratuitement \u00e0 votre site Web Weebly\u00a0!","default_faq_hidden":"","app_template_category":[],"platform":"363","template_public_id":"","codecanyon_url":"","codecanyon_item_id":"","codecanyon_price":"","pricing_caption":"","pricing_elfsight_apps_hide_column":"","pricing_elfsight_apps_url":"","pricing_codecanyon_price_caption":"","integration_category":[],"integration_request_title":"","integration_request_cta":"","integration_platform":"","integrations":[],"platform_category":[],"video_schema_markup":"","price":"\u00c0 partir de $0\/mois","trial":"","benefits":[{"text":"Installation gratuite"},{"text":"Support Premium"},{"text":"Garantie de remboursement de 14 jours"},{"text":"L'am\u00e9lioration continue"}],"button_url":"#demo","button_target_blank":"0","button_nofollow":"0","attributes":[{"name":"Nombre d'installations","content":"1,000 - 5,000","_state":"expanded"},{"name":"Adaptif","content":"Oui","_state":"expanded"},{"name":"Navigateurs compatibles","content":"Firefox, Safari, Opera, Chrome, Edge","_state":"expanded"}],"tags":[],"tags_disable_links":"0","hide_more_platforms":"","video_object":"","demo_hide_cta":"0","demo_hide_cloud_options":"0","pricing_title":"","pricing":[{"pricing_icon":"platform","pricing_title":"Applications d'Elfsight","pricing_title_caption":"Solution num\u00e9rique multiplateforme qui fonctionne sur n'importe quel site","pricing_price":"\u00c0 partir de $0\/mois","pricing_price_caption":"Commencez avec un plan gratuit","pricing_benefits":[{"text":"Sites Web illimit\u00e9s"},{"text":"\u00c9quipe d'assistance professionnelle"},{"text":"Service d'installation gratuit"},{"text":"100% personnalisable"}],"pricing_button_text":"Ajouter au site Web","pricing_button_url":"https:\/\/apps.elfsight.com\/sign-up\/","pricing_button_nofollow":"1","_state":"expanded"}],"related_apps_title":"","related_apps_hidden":"1","author":"","image":[],"title":"","job":"","social_networks":[]},"_links":{"self":[{"href":"https:\/\/elfsight.com\/fr\/wp-json\/wp\/v2\/pages\/4889","targetHints":{"allow":["GET"]}}],"collection":[{"href":"https:\/\/elfsight.com\/fr\/wp-json\/wp\/v2\/pages"}],"about":[{"href":"https:\/\/elfsight.com\/fr\/wp-json\/wp\/v2\/types\/page"}],"author":[{"embeddable":true,"href":"https:\/\/elfsight.com\/fr\/wp-json\/wp\/v2\/users\/18"}],"replies":[{"embeddable":true,"href":"https:\/\/elfsight.com\/fr\/wp-json\/wp\/v2\/comments?post=4889"}],"version-history":[{"count":2,"href":"https:\/\/elfsight.com\/fr\/wp-json\/wp\/v2\/pages\/4889\/revisions"}],"predecessor-version":[{"id":14824,"href":"https:\/\/elfsight.com\/fr\/wp-json\/wp\/v2\/pages\/4889\/revisions\/14824"}],"up":[{"embeddable":true,"href":"https:\/\/elfsight.com\/fr\/wp-json\/wp\/v2\/pages\/854"}],"wp:attachment":[{"href":"https:\/\/elfsight.com\/fr\/wp-json\/wp\/v2\/media?parent=4889"}],"curies":[{"name":"wp","href":"https:\/\/api.w.org\/{rel}","templated":true}]}}