{"id":4883,"date":"2021-12-03T09:39:36","date_gmt":"2021-12-03T09:39:36","guid":{"rendered":"https:\/\/elfsight.com\/fr\/?page_id=4883"},"modified":"2024-12-17T13:29:27","modified_gmt":"2024-12-17T13:29:27","slug":"squarespace","status":"publish","type":"page","link":"https:\/\/elfsight.com\/fr\/facebook-feed-widget\/squarespace\/","title":{"rendered":"Facebook Feed &#8211; Squarespace"},"content":{"rendered":"\n<div class=\"application-platform-content-item-description application-platform-content-item\" id=\"description\" data-nav-section=\"description\">\n  <h2>Int\u00e9grer le produit sur la plateforme avec le widget Elfsight<\/h2>\n  <p>Affichez votre flux Facebook dans notre widget avanc\u00e9 \u2013 Flux Facebook. Pages, vid\u00e9os, images \u2013 vous pouvez \u00eatre s\u00fbr que vos utilisateurs ne sauteront pas une seule publication. Une interface \u00e9l\u00e9gante avec de vrais d\u00e9tails sur Facebook ne passera pas inaper\u00e7ue et aidera non seulement \u00e0 retenir les lecteurs actuels sur le site, mais \u00e9galement \u00e0 trouver de nouveaux abonn\u00e9s Facebook.<\/p>\n  \n  <p><b>Augmentez l&rsquo;engagement de vos clients \u00e0 un nouveau niveau avec \u00e0 l&rsquo;aide du widget Facebook Squarespace.<\/b><\/p>\n  \n  <ul>\n    <li><b>Faites en sorte que les visiteurs restent sur la page<\/b><br>Ins\u00e9rez des composants sociaux et interactifs qui suscitent l&rsquo;int\u00e9r\u00eat des visiteurs, pour les conserver sur le site et leur pr\u00e9senter vos produits ou services de mani\u00e8re plus d\u00e9taill\u00e9e.<\/li>\n    <li><b>Annoncez votre profil Facebook<\/b><br>D\u00e9montrez le flux Facebook non seulement pour les t\u00e9l\u00e9spectateurs des r\u00e9seaux sociaux, mais aussi pour diriger les lecteurs du site vers votre page Facebook. Ins\u00e9rez des publications ou des images visibles pour commencer \u00e0 collecter de nouveaux abonn\u00e9s d\u00e8s maintenant !<\/li>\n    <li><b>Un widget Facebook au lieu de trois<\/b><br>Toutes les donn\u00e9es de Facebook dans un widget unique : afficher les publications avec commentaires, partages ou autres r\u00e9actions ; obtenez des photos et des listes de vid\u00e9os sur le site Web \u00e0 partir des albums Facebook.<\/li>\n  <\/ul>\n<\/div>\n\n<div class=\"faq\" data-component=\"FAQ\">\n  <div class=\"faq-item\">\r\n\t\t\t\t\t<div class=\"faq-item-question\">\r\n\t\t\t\t\t\t<h3 class=\"faq-item-question-text\">Quels autres widgets avez-vous exactement pour Squarespace ?<\/h3>\r\n\r\n\t\t\t\t\t\t<div class=\"faq-item-question-icon\"><\/div>\r\n\t\t\t\t\t<\/div>\r\n\r\n\t\t\t\t\t<div class=\"faq-item-answer\">\r\n\t\t\t\t\t\t<div class=\"faq-item-answer-text\">\n    <p>Sur notre site Web, il y en a tout un tas de plugins et de widgets pour vous permettre d&rsquo;accomplir tout type de t\u00e2che sur votre site Web. V\u00e9rifiez par vous-m\u00eame : \n      <a href=\"https:\/\/elfsight.com\/qr-code-widget\/squarespace\/\">QR Code<\/a>, \n      <a href=\"https:\/\/elfsight.com\/google-reviews-widget\/squarespace\/\">Avis Google<\/a>, \n      <a href=\"https:\/\/elfsight.com\/whatsapp-chat-widget\/squarespace\/\">Chat WhatsApp<\/a>, \n      <a href=\"https:\/\/elfsight.com\/event-calendar-widget\/squarespace\/\">Calendrier des \u00e9v\u00e9nements<\/a>, \n      <a href=\"https:\/\/elfsight.com\/countdown-timer-widget\/squarespace\/\">Compte \u00e0 rebours<\/a>.\n    <\/p>\n  <\/div>\r\n\t\t\t\t\t<\/div>\r\n\t\t\t\t<\/div>\n  \n  <div class=\"faq-item\">\r\n\t\t\t\t\t<div class=\"faq-item-question\">\r\n\t\t\t\t\t\t<h3 class=\"faq-item-question-text\">Comment int\u00e9grer le plugin de flux Facebook \u00e0 mon site Web Squarespace ?<\/h3>\r\n\r\n\t\t\t\t\t\t<div class=\"faq-item-question-icon\"><\/div>\r\n\t\t\t\t\t<\/div>\r\n\r\n\t\t\t\t\t<div class=\"faq-item-answer\">\r\n\t\t\t\t\t\t<div class=\"faq-item-answer-text\">\n    <p>Vous pouvez ajouter le widget Flux Facebook \u00e0 votre site Web Squarespace pour afficher un flux interactif avec des images et des postes. Ouvrez simplement le tableau d&rsquo;administration et effectuez les actions suivantes :<\/p>\n    <ol>\n      <li>S\u00e9lectionnez les param\u00e8tres du th\u00e8me.<\/li>\n      <li>S\u00e9lectionnez l&rsquo;\u00e9l\u00e9ment sur lequel vous souhaitez int\u00e9grer le flux Facebook.<\/li>\n      <li>Collez votre code depuis le service Elfsight Apps et enregistrez les modifications.<\/li>\n      <li>C&rsquo;est aussi simple que \u00e7a.<\/li>\n    <\/ol>\n    <p>Et n&rsquo;oubliez pas de consulter notre guide d&rsquo;installation d\u00e9taill\u00e9 <a href=\"https:\/\/elfsight.com\/tutorials\/how-to-add-facebook-feed-to-any-website\/#squarespace-facebook-feed\">ici<\/a>.<\/p>\n  <\/div>\r\n\t\t\t\t\t<\/div>\r\n\t\t\t\t<\/div>\n  \n  <div class=\"faq-item\">\r\n\t\t\t\t\t<div class=\"faq-item-question\">\r\n\t\t\t\t\t\t<h3 class=\"faq-item-question-text\">Comment puis-je voir votre plugin Squarespace Facebook Feed en vigueur ?<\/h3>\r\n\r\n\t\t\t\t\t\t<div class=\"faq-item-question-icon\"><\/div>\r\n\t\t\t\t\t<\/div>\r\n\r\n\t\t\t\t\t<div class=\"faq-item-answer\">\r\n\t\t\t\t\t\t<div class=\"faq-item-answer-text\">\n    <p>Vous ne pouvez pas seulement visualiser, mais aussi tester toutes les fonctionnalit\u00e9s du plugin Facebook dans notre <a href=\"https:\/\/elfsight.com\/facebook-feed-widget\/#demo\">d\u00e9mo<\/a> en direct, et en plus vous \u00eates libre pour int\u00e9grer le plugin sur votre site Web directement !<\/p>\n  <\/div>\r\n\t\t\t\t\t<\/div>\r\n\t\t\t\t<\/div>\n<\/div>\n\n<div class=\"application-platform-content-item-features application-platform-content-item\" id=\"features\" data-nav-section=\"features\">\n  <h2>Principales fonctionnalit\u00e9s du widget Flux Facebook<\/h2>\n  <p>Quelques caract\u00e9ristiques qui transforment notre flux Facebook en un widget n\u00e9cessaire pour un site Web Squarespace.<\/p>\n  <ul>\n    <li>2 sources Facebook prises en charge : pages, profils ;<\/li>\n    <li>En-t\u00eate personnalisable avec \u00e9l\u00e9ments : photo de couverture, actions, image de page, nombre de likes ;<\/li>\n    <li>Messages avec informations commutables : auteur, nombre de likes, nombre de partages, bouton de partage ;<\/li>\n    <li>Limite de publications variable ;<\/li>\n    <li>Support premium par des professionnels.<\/li>\n  <\/ul>\n  <p><a href=\"#demo\">V\u00e9rifiez toutes les fonctionnalit\u00e9s dans la d\u00e9mo en direct<\/a>.<\/p>\n<\/div>\n\n<div class=\"application-platform-content-item-installation application-platform-content-item\" id=\"installation\" data-nav-section=\"installation\">\n  <h2>Comment int\u00e9grer Facebook au site Web Squarespace<\/h2>\n  <div class=\"video-container\">\n    <iframe width=\"720\" height=\"405\" src=\"https:\/\/www.youtube.com\/embed\/ceiwC1azkyI\" frameborder=\"0\" allowfullscreen><\/iframe>\n  <\/div>\n  <p>Lisez notre tutoriel pour terminer l&rsquo;installation. Cela durera moins de 3 minutes et ne n\u00e9cessite aucune comp\u00e9tence en programmation.<\/p>\n  <ol>\n    <li><b>Construisez votre flux Facebook personnel<\/b><br>\u00c0 l&rsquo;aide de notre configurateur gratuit, cr\u00e9ez un widget avec la disposition et les capacit\u00e9s n\u00e9cessaires.<\/li>\n    <li><b>Obtenez le code pour installer le widget<\/b><br>Apr\u00e8s la g\u00e9n\u00e9ration du widget, recevez le code du widget Facebook dans la fen\u00eatre qui appara\u00eet sur les applications Elfsight.<\/li>\n    <li><b>Affichez le widget sur votre site Web<\/b><br>Int\u00e9grez le widget \u00e0 l&rsquo;endroit souhait\u00e9 du site Web et enregistrez les r\u00e9sultats.<\/li>\n    <li><b>L&rsquo;installation est termin\u00e9e<\/b><br>Rendez-vous sur votre site Squarespace, pour voir votre widget.<\/li>\n  <\/ol>\n  <p>Avez-vous besoin d&rsquo;un support plus particulier ? Lisez une <a href=\"https:\/\/elfsight.com\/tutorials\/how-to-add-facebook-feed-to-squarespace\/\" target=\"_blank\" rel=\"noopener noreferrer\">instructions compl\u00e8tes<\/a> ou laissez votre message \u00e0 notre service client, et nous serons heureux de trouver une r\u00e9ponse.<\/p>\n<\/div>\n\n","protected":false},"excerpt":{"rendered":"","protected":false},"author":18,"featured_media":0,"parent":854,"menu_order":0,"comment_status":"closed","ping_status":"closed","template":"templates\/template-application-platform.php","meta":{"publish_to_discourse":"","publish_post_category":"","wpdc_auto_publish_overridden":"","wpdc_topic_tags":"","wpdc_pin_topic":"","wpdc_pin_until":"","discourse_post_id":"","discourse_permalink":"","wpdc_publishing_response":"","wpdc_publishing_error":"","footnotes":""},"class_list":["post-4883","page","type-page","status-publish","hentry"],"yoast_head":"<!-- This site is optimized with the Yoast SEO plugin v25.3.1 - https:\/\/yoast.com\/wordpress\/plugins\/seo\/ -->\n<title>Widget Facebook - ajoutez plugin Flux Facebook sur Squarespace<\/title>\n<meta name=\"description\" content=\"Int\u00e9grez un Widget Facebook avantageux sur votre site. Appliquez la d\u00e9mo d&#039;Elfsight et g\u00e9n\u00e9rez votre widget en 2 minutes.\" \/>\n<meta name=\"robots\" content=\"index, follow, max-snippet:-1, max-image-preview:large, max-video-preview:-1\" \/>\n<link rel=\"canonical\" href=\"https:\/\/elfsight.com\/fr\/facebook-feed-widget\/squarespace\/\" \/>\n<meta property=\"og:locale\" content=\"fr_FR\" \/>\n<meta property=\"og:type\" content=\"article\" \/>\n<meta property=\"og:title\" content=\"Widget Facebook - ajoutez plugin Flux Facebook sur Squarespace\" \/>\n<meta property=\"og:description\" content=\"Int\u00e9grez un Widget Facebook avantageux sur votre site. Appliquez la d\u00e9mo d&#039;Elfsight et g\u00e9n\u00e9rez votre widget en 2 minutes.\" \/>\n<meta property=\"og:url\" content=\"https:\/\/elfsight.com\/fr\/facebook-feed-widget\/squarespace\/\" \/>\n<meta property=\"og:site_name\" content=\"Elfsight FR\" \/>\n<meta property=\"article:modified_time\" content=\"2024-12-17T13:29:27+00:00\" \/>\n<meta name=\"twitter:card\" content=\"summary_large_image\" \/>\n<meta name=\"twitter:label1\" content=\"Dur\u00e9e de lecture estim\u00e9e\" \/>\n\t<meta name=\"twitter:data1\" content=\"4 minutes\" \/>\n<!-- \/ Yoast SEO plugin. -->","yoast_head_json":{"title":"Widget Facebook - ajoutez plugin Flux Facebook sur Squarespace","description":"Int\u00e9grez un Widget Facebook avantageux sur votre site. Appliquez la d\u00e9mo d'Elfsight et g\u00e9n\u00e9rez votre widget en 2 minutes.","robots":{"index":"index","follow":"follow","max-snippet":"max-snippet:-1","max-image-preview":"max-image-preview:large","max-video-preview":"max-video-preview:-1"},"canonical":"https:\/\/elfsight.com\/fr\/facebook-feed-widget\/squarespace\/","og_locale":"fr_FR","og_type":"article","og_title":"Widget Facebook - ajoutez plugin Flux Facebook sur Squarespace","og_description":"Int\u00e9grez un Widget Facebook avantageux sur votre site. Appliquez la d\u00e9mo d'Elfsight et g\u00e9n\u00e9rez votre widget en 2 minutes.","og_url":"https:\/\/elfsight.com\/fr\/facebook-feed-widget\/squarespace\/","og_site_name":"Elfsight FR","article_modified_time":"2024-12-17T13:29:27+00:00","twitter_card":"summary_large_image","twitter_misc":{"Dur\u00e9e de lecture estim\u00e9e":"4 minutes"},"schema":{"@context":"https:\/\/schema.org","@graph":[{"@type":"WebPage","@id":"https:\/\/elfsight.com\/fr\/facebook-feed-widget\/squarespace\/","url":"https:\/\/elfsight.com\/fr\/facebook-feed-widget\/squarespace\/","name":"Widget Facebook - ajoutez plugin Flux Facebook sur Squarespace","isPartOf":{"@id":"https:\/\/elfsight.com\/fr\/#website"},"datePublished":"2021-12-03T09:39:36+00:00","dateModified":"2024-12-17T13:29:27+00:00","description":"Int\u00e9grez un Widget Facebook avantageux sur votre site. Appliquez la d\u00e9mo d'Elfsight et g\u00e9n\u00e9rez votre widget en 2 minutes.","breadcrumb":{"@id":"https:\/\/elfsight.com\/fr\/facebook-feed-widget\/squarespace\/#breadcrumb"},"inLanguage":"fr-FR","potentialAction":[{"@type":"ReadAction","target":["https:\/\/elfsight.com\/fr\/facebook-feed-widget\/squarespace\/"]}]},{"@type":"BreadcrumbList","@id":"https:\/\/elfsight.com\/fr\/facebook-feed-widget\/squarespace\/#breadcrumb","itemListElement":[{"@type":"ListItem","position":1,"name":"Home","item":"https:\/\/elfsight.com\/fr\/"},{"@type":"ListItem","position":2,"name":"Facebook Feed","item":"https:\/\/elfsight.com\/fr\/facebook-feed-widget\/"},{"@type":"ListItem","position":3,"name":"Facebook Feed &#8211; Squarespace"}]},{"@type":"WebSite","@id":"https:\/\/elfsight.com\/fr\/#website","url":"https:\/\/elfsight.com\/fr\/","name":"Elfsight FR","description":"","potentialAction":[{"@type":"SearchAction","target":{"@type":"EntryPoint","urlTemplate":"https:\/\/elfsight.com\/fr\/?s={search_term_string}"},"query-input":{"@type":"PropertyValueSpecification","valueRequired":true,"valueName":"search_term_string"}}],"inLanguage":"fr-FR"}]}},"meta_box":{"industry":"","seo_heading":"","heading":"","description":"","cta_heading":"","cta_description":"","application":"846","h1":"Plugin Widget Facebook pour Squarespace","h1_caption":"Int\u00e9grez les publications de votre page Facebook pour que les visiteurs de votre site Web restent int\u00e9ress\u00e9s par vos derni\u00e8res mises \u00e0 jour et actualit\u00e9s sur votre site Web Squarespace sans effort.","application_category":[],"applications_title":"","applications_request_title":"","applications_request_button_text":"","hero_text":"","hero_video":"","hero_video_schema_markup":"","selling_points_title":"","selling_points_caption":"","selling_points":[],"selling_points_cta_text":"","features_title":"","features":"","ed_cta_examples_text":"","ed_cta_examples_hidden":"","ed_cta_demo_text":"","ed_cta_demo_hidden":"","why_caption":"","why_editor_title":"","why_editor_text":"","why_team_title":"","why_team_text":"","why_service_title":"","why_service_text":"","template_catalog_visible":"0","template_catalog_title":"","template_catalog_text":"","template_catalog_categories_visible":"","demo_title":"Cr\u00e9ez votre plugin de flux Facebook","demo_caption":"Configurez votre flux Facebook et ajoutez-le gratuitement \u00e0 votre site Web Squarespace\u00a0!","default_faq_hidden":"","app_template_category":[],"platform":"361","template_public_id":"","codecanyon_url":"","codecanyon_item_id":"","codecanyon_price":"","pricing_caption":"","pricing_elfsight_apps_hide_column":"","pricing_elfsight_apps_url":"","pricing_codecanyon_price_caption":"","integration_category":[],"integration_request_title":"","integration_request_cta":"","integration_platform":"","integrations":[],"platform_category":[],"video_schema_markup":"","price":"\u00c0 partir de $0\/mois","trial":"","benefits":[{"text":"Installation gratuite"},{"text":"Support Premium"},{"text":"Garantie de remboursement de 14 jours"},{"text":"L'am\u00e9lioration continue"}],"button_url":"#demo","button_target_blank":"0","button_nofollow":"0","attributes":[{"name":"Nombre d'installations","content":"1,000 - 5,000","_state":"expanded"},{"name":"Adaptif","content":"Oui","_state":"expanded"},{"name":"Navigateurs compatibles","content":"Firefox, Safari, Opera, Chrome, Edge","_state":"expanded"}],"tags":[],"tags_disable_links":"0","hide_more_platforms":"","video_object":"","demo_hide_cta":"0","demo_hide_cloud_options":"0","pricing_title":"","pricing":[{"pricing_icon":"platform","pricing_title":"Applications d'Elfsight","pricing_title_caption":"Solution num\u00e9rique multiplateforme qui fonctionne sur n'importe quel site","pricing_price":"\u00c0 partir de $0\/mois","pricing_price_caption":"Commencez avec un plan gratuit","pricing_benefits":[{"text":"Sites Web illimit\u00e9s"},{"text":"\u00c9quipe d'assistance professionnelle"},{"text":"Service d'installation gratuit"},{"text":"100% personnalisable"}],"pricing_button_text":"Ajouter au site Web","pricing_button_url":"https:\/\/apps.elfsight.com\/sign-up\/","pricing_button_nofollow":"1","_state":"expanded"}],"related_apps_title":"","related_apps_hidden":"1","author":"","image":[],"title":"","job":"","social_networks":[]},"_links":{"self":[{"href":"https:\/\/elfsight.com\/fr\/wp-json\/wp\/v2\/pages\/4883","targetHints":{"allow":["GET"]}}],"collection":[{"href":"https:\/\/elfsight.com\/fr\/wp-json\/wp\/v2\/pages"}],"about":[{"href":"https:\/\/elfsight.com\/fr\/wp-json\/wp\/v2\/types\/page"}],"author":[{"embeddable":true,"href":"https:\/\/elfsight.com\/fr\/wp-json\/wp\/v2\/users\/18"}],"replies":[{"embeddable":true,"href":"https:\/\/elfsight.com\/fr\/wp-json\/wp\/v2\/comments?post=4883"}],"version-history":[{"count":4,"href":"https:\/\/elfsight.com\/fr\/wp-json\/wp\/v2\/pages\/4883\/revisions"}],"predecessor-version":[{"id":15862,"href":"https:\/\/elfsight.com\/fr\/wp-json\/wp\/v2\/pages\/4883\/revisions\/15862"}],"up":[{"embeddable":true,"href":"https:\/\/elfsight.com\/fr\/wp-json\/wp\/v2\/pages\/854"}],"wp:attachment":[{"href":"https:\/\/elfsight.com\/fr\/wp-json\/wp\/v2\/media?parent=4883"}],"curies":[{"name":"wp","href":"https:\/\/api.w.org\/{rel}","templated":true}]}}