{"id":4879,"date":"2021-12-03T09:39:42","date_gmt":"2021-12-03T09:39:42","guid":{"rendered":"https:\/\/elfsight.com\/fr\/?page_id=4879"},"modified":"2025-07-09T17:24:11","modified_gmt":"2025-07-09T17:24:11","slug":"prestashop","status":"publish","type":"page","link":"https:\/\/elfsight.com\/fr\/facebook-feed-widget\/prestashop\/","title":{"rendered":"Facebook Feed &#8211; PrestaShop"},"content":{"rendered":"<div class=\"application-platform-content-item-description application-platform-content-item\" id=\"description\" data-nav-section=\"description\"> <h2>Description<\/h2> <p>Elfsight Facebook Feed pour PrestaShop est un addon dont le but est de vous assister dans toutes les demandes r\u00e9elles d&rsquo;obtention d&rsquo;impressions et les demandes des visiteurs de votre site Web. D\u00e9montrez les \u00e9l\u00e9ments essentiels \u00e0 remplir, choisissez le mod\u00e8le souhait\u00e9 et personnalisez l&rsquo;interface pour inciter vos visiteurs \u00e0 laisser des requ\u00eates sur les services propos\u00e9s par votre entreprise. Le PrestaShop est con\u00e7u pour r\u00e9pondre \u00e0 tous vos besoins de collecte de commentaires et d&rsquo;\u00eatre en contact avec votre public. <\/p><p><b>Commencez \u00e0 utiliser le flux Facebook pour atteindre plus facilement les sommets de votre entreprise\u00a0! <\/b><\/p> <\/div> <div class=\"application-platform-content-item-features application-platform-content-item\" id=\"features\" data-nav-section=\"features\"> <h2>Voici seulement quelques-unes des nombreuses fonctionnalit\u00e9s du widget\u00a0: <\/h2> <ul><li>Trois types de contenu Facebook affichables\u00a0: publications, vid\u00e9os et photos avec albums<\/li><li>\u00c9l\u00e9ments d&rsquo;en-t\u00eate r\u00e9glables\u00a0: nombre de likes, photo de couverture, image de page, actions<\/li><li>Boutons Partager et J&rsquo;aime sur l&rsquo;en-t\u00eate<\/li><li>Messages avec informations commutables\u00a0: nombre de partages, auteur, bouton de partage, nombre de likes<\/li><li>Limitation de publications variable<\/li><li>Vid\u00e9os avec informations commutables\u00a0: nombre de likes, nombre de commentaires, description<\/li><li> Pop-ups personnalisables avec des \u00e9l\u00e9ments commutables\u00a0: nombre de partages, auteur, commentaires, nombre de likes<\/li><\/ul><p><a href=\"#demo\">Vous pouvez voir ce que le widget propose d&rsquo;essayer la d\u00e9mo<\/li><\/ul><p><a href=\"#demo\">Vous pouvez voir ce que le widget propose d&rsquo;essayer la d\u00e9mo<\/a><\/p> <\/div> <div class=\"application-platform-content-item-installation application-platform-content-item\" id=\"installation\" data-nav-section=\"installation\"> <h2>Comment ajouter un flux Facebook \u00e0 mon site PrestaShop ? <\/h2> <p>Remplissez simplement les instructions ci-dessous pour commencer \u00e0 utiliser l&rsquo;outil. <\/p> <ol><li><b>Lancez notre \u00e9diteur gratuit et commencez \u00e0 fa\u00e7onner votre module compl\u00e9mentaire sur mesure. <\/b><br> Choisissez l&rsquo;apparence et les options appropri\u00e9es du module compl\u00e9mentaire et enregistrez les modifications. <\/li> <li><b>Obtenez votre code unique qui est affich\u00e9 dans le formulaire sp\u00e9cial sur les applications Elfsight. <\/b><br> Une fois la cr\u00e9ation de votre widget personnel termin\u00e9e, copiez le code exclusif dans la case qui appara\u00eet et conservez-le pour une utilisation future. <\/li> <li><b>Initiez l&rsquo;utilisation de l&rsquo;outil sur votre page d&rsquo;accueil PrestaShop. <\/b><br> Saisissez le code que vous avez copi\u00e9 auparavant sur votre page d&rsquo;accueil et appliquez les modifications. <\/li> <li><b>Vous avez termin\u00e9\u00a0! L&rsquo;int\u00e9gration est effectu\u00e9e avec succ\u00e8s. <\/b><br> Visitez votre page pour v\u00e9rifier le fonctionnement de l&rsquo;addon. <\/li><\/ol> <p>\u00c0 condition de r\u00e9pondre \u00e0 des demandes de renseignements ou de rencontrer des probl\u00e8mes, n&rsquo;h\u00e9sitez pas \u00e0 \u00e9crire \u00e0 notre service client. Nos sp\u00e9cialistes se feront un plaisir de r\u00e9soudre toutes les difficult\u00e9s que vous pourriez rencontrer avec le widget. <\/p> <\/div><div class=\"faq\" data-component=\"FAQ\"><div class=\"faq-item\">\r\n\t\t\t\t\t<div class=\"faq-item-question\">\r\n\t\t\t\t\t\t<h3 class=\"faq-item-question-text\">Existe-t-il un moyen d'ajouter WhatsApp Chat \u00e0 mon site PrestaShop sans comp\u00e9tences en codage ?<\/h3>\r\n\r\n\t\t\t\t\t\t<div class=\"faq-item-question-icon\"><\/div>\r\n\t\t\t\t\t<\/div>\r\n\r\n\t\t\t\t\t<div class=\"faq-item-answer\">\r\n\t\t\t\t\t\t<div class=\"faq-item-answer-text\"><p>Soci\u00e9t\u00e9 Elfsight propose une solution qui permet aux utilisateurs de cr\u00e9er eux-m\u00eames un plugin WhatsApp Chat, d\u00e9couvrez \u00e0 quel point c&rsquo;est simple\u00a0: <\/p><ul><li> Acc\u00e9dez \u00e0 l&rsquo;\u00e9diteur en direct pour cr\u00e9er un plugin WhatsApp Chat que vous aimeriez voir sur la page Web PrestaShop. <\/li><li>Cliquez sur l&rsquo;un de nos mod\u00e8les pr\u00e9d\u00e9finis et adaptez les param\u00e8tres de WhatsApp Chat, ajoutez votre contenu, transformez la mise en page et les couleurs sans exp\u00e9rience de codage.<\/li><li>Enregistrez les param\u00e8tres que vous avez d\u00e9finis sur WhatsApp. Discutez et copiez le code d&rsquo;installation du widget, que vous pouvez facilement inclure dans la page d&rsquo;accueil de PrestaShop sans acheter de forfait payant. <\/li><\/ul><p>Avec l&rsquo;aide de notre configurateur convivial, chaque utilisateur Web peut cr\u00e9er l&rsquo;application WhatsApp Chat et la coller sur le site PrestaShop. Vous ne devez pas payer ni divulguer les informations d\u2019identification de votre carte pour acc\u00e9der \u00e0 notre service. Si vous rencontrez des probl\u00e8mes \u00e0 n&rsquo;importe quelle \u00e9tape, n&rsquo;h\u00e9sitez pas \u00e0 contacter notre \u00e9quipe d&rsquo;assistance.<\/p><\/div>\r\n\t\t\t\t\t<\/div>\r\n\t\t\t\t<\/div><\/div>","protected":false},"excerpt":{"rendered":"","protected":false},"author":18,"featured_media":0,"parent":854,"menu_order":0,"comment_status":"closed","ping_status":"closed","template":"templates\/template-application-platform.php","meta":{"publish_to_discourse":"","publish_post_category":"","wpdc_auto_publish_overridden":"","wpdc_topic_tags":"","wpdc_pin_topic":"","wpdc_pin_until":"","discourse_post_id":"","discourse_permalink":"","wpdc_publishing_response":"","wpdc_publishing_error":"","footnotes":""},"class_list":["post-4879","page","type-page","status-publish","hentry"],"yoast_head":"<!-- This site is optimized with the Yoast SEO plugin v25.3.1 - https:\/\/yoast.com\/wordpress\/plugins\/seo\/ -->\n<title>Widget Facebook - ajoutez addon Flux Facebook sur Prestashop<\/title>\n<meta name=\"description\" content=\"Int\u00e9grez un Widget Facebook avantageux sur votre site. Utilisez la d\u00e9mo d&#039;Elfsight et g\u00e9n\u00e9rez votre plugin en 2 minutes.\" \/>\n<meta name=\"robots\" content=\"index, follow, max-snippet:-1, max-image-preview:large, max-video-preview:-1\" \/>\n<link rel=\"canonical\" href=\"https:\/\/elfsight.com\/fr\/facebook-feed-widget\/prestashop\/\" \/>\n<meta property=\"og:locale\" content=\"fr_FR\" \/>\n<meta property=\"og:type\" content=\"article\" \/>\n<meta property=\"og:title\" content=\"Widget Facebook - ajoutez addon Flux Facebook sur Prestashop\" \/>\n<meta property=\"og:description\" content=\"Int\u00e9grez un Widget Facebook avantageux sur votre site. Utilisez la d\u00e9mo d&#039;Elfsight et g\u00e9n\u00e9rez votre plugin en 2 minutes.\" \/>\n<meta property=\"og:url\" content=\"https:\/\/elfsight.com\/fr\/facebook-feed-widget\/prestashop\/\" \/>\n<meta property=\"og:site_name\" content=\"Elfsight FR\" \/>\n<meta property=\"article:modified_time\" content=\"2025-07-09T17:24:11+00:00\" \/>\n<meta name=\"twitter:card\" content=\"summary_large_image\" \/>\n<meta name=\"twitter:label1\" content=\"Dur\u00e9e de lecture estim\u00e9e\" \/>\n\t<meta name=\"twitter:data1\" content=\"1 minute\" \/>\n<!-- \/ Yoast SEO plugin. -->","yoast_head_json":{"title":"Widget Facebook - ajoutez addon Flux Facebook sur Prestashop","description":"Int\u00e9grez un Widget Facebook avantageux sur votre site. Utilisez la d\u00e9mo d'Elfsight et g\u00e9n\u00e9rez votre plugin en 2 minutes.","robots":{"index":"index","follow":"follow","max-snippet":"max-snippet:-1","max-image-preview":"max-image-preview:large","max-video-preview":"max-video-preview:-1"},"canonical":"https:\/\/elfsight.com\/fr\/facebook-feed-widget\/prestashop\/","og_locale":"fr_FR","og_type":"article","og_title":"Widget Facebook - ajoutez addon Flux Facebook sur Prestashop","og_description":"Int\u00e9grez un Widget Facebook avantageux sur votre site. Utilisez la d\u00e9mo d'Elfsight et g\u00e9n\u00e9rez votre plugin en 2 minutes.","og_url":"https:\/\/elfsight.com\/fr\/facebook-feed-widget\/prestashop\/","og_site_name":"Elfsight FR","article_modified_time":"2025-07-09T17:24:11+00:00","twitter_card":"summary_large_image","twitter_misc":{"Dur\u00e9e de lecture estim\u00e9e":"1 minute"},"schema":{"@context":"https:\/\/schema.org","@graph":[{"@type":"WebPage","@id":"https:\/\/elfsight.com\/fr\/facebook-feed-widget\/prestashop\/","url":"https:\/\/elfsight.com\/fr\/facebook-feed-widget\/prestashop\/","name":"Widget Facebook - ajoutez addon Flux Facebook sur Prestashop","isPartOf":{"@id":"https:\/\/elfsight.com\/fr\/#website"},"datePublished":"2021-12-03T09:39:42+00:00","dateModified":"2025-07-09T17:24:11+00:00","description":"Int\u00e9grez un Widget Facebook avantageux sur votre site. Utilisez la d\u00e9mo d'Elfsight et g\u00e9n\u00e9rez votre plugin en 2 minutes.","breadcrumb":{"@id":"https:\/\/elfsight.com\/fr\/facebook-feed-widget\/prestashop\/#breadcrumb"},"inLanguage":"fr-FR","potentialAction":[{"@type":"ReadAction","target":["https:\/\/elfsight.com\/fr\/facebook-feed-widget\/prestashop\/"]}]},{"@type":"BreadcrumbList","@id":"https:\/\/elfsight.com\/fr\/facebook-feed-widget\/prestashop\/#breadcrumb","itemListElement":[{"@type":"ListItem","position":1,"name":"Home","item":"https:\/\/elfsight.com\/fr\/"},{"@type":"ListItem","position":2,"name":"Facebook Feed","item":"https:\/\/elfsight.com\/fr\/facebook-feed-widget\/"},{"@type":"ListItem","position":3,"name":"Facebook Feed &#8211; PrestaShop"}]},{"@type":"WebSite","@id":"https:\/\/elfsight.com\/fr\/#website","url":"https:\/\/elfsight.com\/fr\/","name":"Elfsight FR","description":"","potentialAction":[{"@type":"SearchAction","target":{"@type":"EntryPoint","urlTemplate":"https:\/\/elfsight.com\/fr\/?s={search_term_string}"},"query-input":{"@type":"PropertyValueSpecification","valueRequired":true,"valueName":"search_term_string"}}],"inLanguage":"fr-FR"}]}},"meta_box":{"industry":"","seo_heading":"","heading":"","description":"","cta_heading":"","cta_description":"","application":"846","h1":"Addon Widget Facebook pour Prestashop","h1_caption":"Int\u00e9grez les publications de votre page Facebook pour que les visiteurs de votre site Web restent engag\u00e9s avec vos derni\u00e8res mises \u00e0 jour et actualit\u00e9s sur votre site Web Prestashop sans effort.","application_category":[],"applications_title":"","applications_request_title":"","applications_request_button_text":"","hero_text":"","hero_video":"","hero_video_schema_markup":"","selling_points_title":"","selling_points_caption":"","selling_points":[],"selling_points_cta_text":"","features_title":"","features":"","ed_cta_examples_text":"","ed_cta_examples_hidden":"","ed_cta_demo_text":"","ed_cta_demo_hidden":"","why_caption":"","why_editor_title":"","why_editor_text":"","why_team_title":"","why_team_text":"","why_service_title":"","why_service_text":"","template_catalog_visible":"","template_catalog_title":"","template_catalog_text":"","template_catalog_categories_visible":"","demo_title":"Cr\u00e9ez votre module compl\u00e9mentaire de flux Facebook","demo_caption":"Configurez votre flux Facebook et ajoutez-le gratuitement \u00e0 votre site PrestaShop !","default_faq_hidden":"","app_template_category":[],"platform":"3190","template_public_id":"","codecanyon_url":"","codecanyon_item_id":"","codecanyon_price":"","pricing_caption":"","pricing_elfsight_apps_hide_column":"","pricing_elfsight_apps_url":"","pricing_codecanyon_price_caption":"","integration_category":[],"integration_request_title":"","integration_request_cta":"","integration_platform":"","integrations":[],"platform_category":[],"video_schema_markup":"","price":"\u00c0 partir de $0\/mois","trial":"","benefits":[{"text":"Installation gratuite"},{"text":"Support Premium"},{"text":"Garantie de remboursement de 14 jours"},{"text":"L'am\u00e9lioration continue"}],"button_url":"#demo","button_target_blank":"0","button_nofollow":"0","attributes":[{"name":"Nombre d'installations","content":"1,000 - 5,000","_state":"expanded"},{"name":"Adaptif","content":"Oui","_state":"expanded"},{"name":"Navigateurs compatibles","content":"Firefox, Safari, Opera, Chrome, Edge","_state":"expanded"}],"tags":[],"tags_disable_links":"0","hide_more_platforms":"","video_object":"","demo_hide_cta":"0","demo_hide_cloud_options":"0","pricing_title":"","pricing":[{"pricing_icon":"platform","pricing_title":"Applications d'Elfsight","pricing_title_caption":"Solution num\u00e9rique multiplateforme qui fonctionne sur n'importe quel site","pricing_price":"\u00c0 partir de $0\/mois","pricing_price_caption":"Commencez avec un plan gratuit","pricing_benefits":[{"text":"Sites Web illimit\u00e9s"},{"text":"\u00c9quipe d'assistance professionnelle"},{"text":"Service d'installation gratuit"},{"text":"100% personnalisable"}],"pricing_button_text":"Ajouter au site Web","pricing_button_url":"https:\/\/apps.elfsight.com\/sign-up\/","pricing_button_nofollow":"1","_state":"expanded"}],"related_apps_title":"","related_apps_hidden":"1","author":"","image":[],"title":"","job":"","social_networks":[]},"_links":{"self":[{"href":"https:\/\/elfsight.com\/fr\/wp-json\/wp\/v2\/pages\/4879","targetHints":{"allow":["GET"]}}],"collection":[{"href":"https:\/\/elfsight.com\/fr\/wp-json\/wp\/v2\/pages"}],"about":[{"href":"https:\/\/elfsight.com\/fr\/wp-json\/wp\/v2\/types\/page"}],"author":[{"embeddable":true,"href":"https:\/\/elfsight.com\/fr\/wp-json\/wp\/v2\/users\/18"}],"replies":[{"embeddable":true,"href":"https:\/\/elfsight.com\/fr\/wp-json\/wp\/v2\/comments?post=4879"}],"version-history":[{"count":2,"href":"https:\/\/elfsight.com\/fr\/wp-json\/wp\/v2\/pages\/4879\/revisions"}],"predecessor-version":[{"id":14829,"href":"https:\/\/elfsight.com\/fr\/wp-json\/wp\/v2\/pages\/4879\/revisions\/14829"}],"up":[{"embeddable":true,"href":"https:\/\/elfsight.com\/fr\/wp-json\/wp\/v2\/pages\/854"}],"wp:attachment":[{"href":"https:\/\/elfsight.com\/fr\/wp-json\/wp\/v2\/media?parent=4879"}],"curies":[{"name":"wp","href":"https:\/\/api.w.org\/{rel}","templated":true}]}}