{"id":4873,"date":"2021-12-03T09:39:50","date_gmt":"2021-12-03T09:39:50","guid":{"rendered":"https:\/\/elfsight.com\/fr\/?page_id=4873"},"modified":"2025-07-09T17:23:57","modified_gmt":"2025-07-09T17:23:57","slug":"magento","status":"publish","type":"page","link":"https:\/\/elfsight.com\/fr\/facebook-feed-widget\/magento\/","title":{"rendered":"Facebook Feed &#8211; Magento"},"content":{"rendered":"<div class=\"application-platform-content-item-description application-platform-content-item\" id=\"description\" data-nav-section=\"description\"><\/p><h2>Description<\/h2><p>Affichez votre flux Facebook dans notre extension universelle \u2013 Facebook Feed. Fil d\u2019actualit\u00e9, vid\u00e9os, photos \u2013 assurez-vous que vos visiteurs ne sauteront jamais un seul message. Un design attrayant avec des \u00e9l\u00e9ments authentiques de Facebook ne passera pas inaper\u00e7u et aidera non seulement \u00e0 retenir les utilisateurs actuels sur le site, mais \u00e9galement \u00e0 inviter de nouveaux abonn\u00e9s Facebook.<\/p><p><b>Augmentez l&rsquo;engagement de vos clients au plus haut niveau. niveau avec l&rsquo;extension Facebook Magento.<\/b><\/p><ul><li><b>Atteignez une meilleure cr\u00e9dibilit\u00e9 de votre entreprise<\/b>.<br>Une entreprise qui poss\u00e8de des comptes courants sur les r\u00e9seaux de m\u00e9dias sociaux obtient 75\u00a0de plus confiance entre les utilisateurs. Ins\u00e9rez votre page Facebook sur le site pour prouver aux lecteurs que votre entreprise est r\u00e9elle et digne de confiance.<\/li><li><b>Ayez un engagement profond parmi les lecteurs de votre entreprise<\/b>.<br>Ne le faites pas arr\u00eatez-vous uniquement sur le site Web, aidez chaque lecteur \u00e0 explorer de plus pr\u00e8s votre marque sur Facebook\u00a0: int\u00e9grez les clients dans la vie quotidienne de votre entreprise et trouvez les clients les plus fid\u00e8les.<\/li><li><b>3 widgets Facebook en 1<\/b> . Tout votre magnifique contenu Facebook dans un seul widget : affichez les publications avec des commentaires, des likes ou des r\u00e9actions Facebook ; cr\u00e9ez des collections de photos et de vid\u00e9os sur le site \u00e0 l&rsquo;aide des albums Facebook.<\/li><\/ul><p><\/div><div class=\"application-platform-content-item-features application-platform-content-item\" id=\"features\" data-nav-section=\"features\"><\/p><h2>Fonctionnalit\u00e9s <\/h2><p>4 fonctionnalit\u00e9s qui font de notre flux Facebook la meilleure extension pour un site Web Magento.<\/p><ul><li>2 sources Facebook prises en charge\u00a0: pages, profils\u00a0;<\/li><li> Afficher des photos, des albums ou les deux\u00a0;<\/li><li>Boutons J&rsquo;aime et Partager sur l&rsquo;en-t\u00eate\u00a0;<\/li><li>Limitation de publications variable\u00a0;<\/li><li>Support premium par des professionnels.<\/li><\/ul><p><a href=\"#demo\">V\u00e9rifiez toutes les fonctionnalit\u00e9s dans la d\u00e9mo en direct<\/a><\/p><p><\/div><div class=\"application-platform-content-item-installation  application-platform-content-item\" id=\"installation \" data-nav-section=\"installation \"><\/p><h2>Comment ajouter Facebook au site Web Magento<\/h2><p>Suivez simplement les instructions ci-dessous pour int\u00e9grer l&rsquo;extension sur Magento.<\/p> <ol><li><b>Lancez notre d\u00e9mo gratuite et commencez \u00e0 cr\u00e9er votre widget personnalis\u00e9. <\/b><br> Recherchez la forme et les fonctionnalit\u00e9s pr\u00e9f\u00e9r\u00e9es de l&rsquo;extension Facebook Feed et appliquez les corrections. <\/li> <li><b>Recevez votre code personnel qui appara\u00eet dans le formulaire sp\u00e9cial sur Elfsight Apps. <\/b><br> D\u00e8s que l&rsquo;installation de votre outil est termin\u00e9e, copiez le code personnel dans la fen\u00eatre qui appara\u00eet et conservez-le pour une utilisation ult\u00e9rieure. <\/li> <li><b>Commencez \u00e0 utiliser l&rsquo;outil sur votre page Web Magento. <\/b><br> Impl\u00e9mentez le code copi\u00e9 auparavant dans votre site Web et appliquez les ajustements. <\/li> <li><b>L&rsquo;installation est termin\u00e9e avec succ\u00e8s. <\/b><br> Acc\u00e9dez \u00e0 votre page Web pour voir en action le travail de l&rsquo;outil. <\/li><\/ol><p>Souhaitez-vous avoir une aide plus d\u00e9taill\u00e9e\u00a0? Lisez un <a href=\"https:\/\/elfsight.com\/tutorials\/how-to-add-facebook-feed-extension-to-magento\/\" target=\"_blank\" rel=\"noopener noreferrer\">article complet<\/a> ou \u00e9crivez \u00e0 notre centre d&rsquo;aide, et nous serons heureux de vous proposer une solution.<\/p><p><\/div><div class=\"faq\" data-component=\"FAQ\"><div class=\"faq-item\">\r\n\t\t\t\t\t<div class=\"faq-item-question\">\r\n\t\t\t\t\t\t<h3 class=\"faq-item-question-text\">De quelle mani\u00e8re puis-je int\u00e9grer WhatsApp Chat \u00e0 mon Magento sans connaissances en codage ?<\/h3>\r\n\r\n\t\t\t\t\t\t<div class=\"faq-item-question-icon\"><\/div>\r\n\t\t\t\t\t<\/div>\r\n\r\n\t\t\t\t\t<div class=\"faq-item-answer\">\r\n\t\t\t\t\t\t<div class=\"faq-item-answer-text\"><p>La soci\u00e9t\u00e9 Elfsight propose une solution SaaS qui permet aux utilisateurs de cr\u00e9er eux-m\u00eames une section WhatsApp Chat. D\u00e9couvrez les \u00e9tapes simples\u00a0: <\/p><ul> <li>Acc\u00e9dez \u00e0 l&rsquo;\u00e9diteur en ligne pour cr\u00e9er un widget de chat WhatsApp que vous souhaitez voir appara\u00eetre sur votre site Web Magento.<\/li><li>S\u00e9lectionnez l&rsquo;un de nos mod\u00e8les pr\u00e9d\u00e9finis et modifiez les param\u00e8tres de chat WhatsApp, changez la mise en page et les couleurs, ajoutez votre contenu sans aucune exp\u00e9rience de codage.<\/li><li>Cliquez pour enregistrer les param\u00e8tres que vous avez d\u00e9finis sur WhatsApp Chat et obtenez son code d&rsquo;installation, qui peut \u00eatre facilement ajout\u00e9 \u00e0 votre page d&rsquo;accueil Magento sans avoir besoin d&rsquo;acheter une version payante. . <\/li><\/ul><p>Avec l&rsquo;aide de notre \u00e9diteur facile \u00e0 utiliser, chaque internaute peut cr\u00e9er l&rsquo;application WhatsApp Chat en ligne et l&rsquo;ajouter simplement au site Web Magento. Il n&rsquo;est pas n\u00e9cessaire de payer ou de soumettre les donn\u00e9es de votre carte pour acc\u00e9der \u00e0 l&rsquo;\u00e9diteur. Si vous rencontrez des probl\u00e8mes \u00e0 n&rsquo;importe quelle \u00e9tape, n&rsquo;h\u00e9sitez pas \u00e0 contacter notre \u00e9quipe d&rsquo;assistance.<\/p><\/div>\r\n\t\t\t\t\t<\/div>\r\n\t\t\t\t<\/div><\/div>","protected":false},"excerpt":{"rendered":"","protected":false},"author":18,"featured_media":0,"parent":854,"menu_order":0,"comment_status":"closed","ping_status":"closed","template":"templates\/template-application-platform.php","meta":{"publish_to_discourse":"","publish_post_category":"","wpdc_auto_publish_overridden":"","wpdc_topic_tags":"","wpdc_pin_topic":"","wpdc_pin_until":"","discourse_post_id":"","discourse_permalink":"","wpdc_publishing_response":"","wpdc_publishing_error":"","footnotes":""},"class_list":["post-4873","page","type-page","status-publish","hentry"],"yoast_head":"<!-- This site is optimized with the Yoast SEO plugin v25.3.1 - https:\/\/yoast.com\/wordpress\/plugins\/seo\/ -->\n<title>Widget Facebook - ajoutez plugin Flux Facebook sur Magento<\/title>\n<meta name=\"description\" content=\"Int\u00e9grez un Widget Facebook avantageux sur votre site. Utilisez la d\u00e9mo d&#039;Elfsight et g\u00e9n\u00e9rez votre extension en deux minutes.\" \/>\n<meta name=\"robots\" content=\"index, follow, max-snippet:-1, max-image-preview:large, max-video-preview:-1\" \/>\n<link rel=\"canonical\" href=\"https:\/\/elfsight.com\/fr\/facebook-feed-widget\/magento\/\" \/>\n<meta property=\"og:locale\" content=\"fr_FR\" \/>\n<meta property=\"og:type\" content=\"article\" \/>\n<meta property=\"og:title\" content=\"Widget Facebook - ajoutez plugin Flux Facebook sur Magento\" \/>\n<meta property=\"og:description\" content=\"Int\u00e9grez un Widget Facebook avantageux sur votre site. Utilisez la d\u00e9mo d&#039;Elfsight et g\u00e9n\u00e9rez votre extension en deux minutes.\" \/>\n<meta property=\"og:url\" content=\"https:\/\/elfsight.com\/fr\/facebook-feed-widget\/magento\/\" \/>\n<meta property=\"og:site_name\" content=\"Elfsight FR\" \/>\n<meta property=\"article:modified_time\" content=\"2025-07-09T17:23:57+00:00\" \/>\n<meta name=\"twitter:card\" content=\"summary_large_image\" \/>\n<meta name=\"twitter:label1\" content=\"Dur\u00e9e de lecture estim\u00e9e\" \/>\n\t<meta name=\"twitter:data1\" content=\"1 minute\" \/>\n<!-- \/ Yoast SEO plugin. -->","yoast_head_json":{"title":"Widget Facebook - ajoutez plugin Flux Facebook sur Magento","description":"Int\u00e9grez un Widget Facebook avantageux sur votre site. Utilisez la d\u00e9mo d'Elfsight et g\u00e9n\u00e9rez votre extension en deux minutes.","robots":{"index":"index","follow":"follow","max-snippet":"max-snippet:-1","max-image-preview":"max-image-preview:large","max-video-preview":"max-video-preview:-1"},"canonical":"https:\/\/elfsight.com\/fr\/facebook-feed-widget\/magento\/","og_locale":"fr_FR","og_type":"article","og_title":"Widget Facebook - ajoutez plugin Flux Facebook sur Magento","og_description":"Int\u00e9grez un Widget Facebook avantageux sur votre site. Utilisez la d\u00e9mo d'Elfsight et g\u00e9n\u00e9rez votre extension en deux minutes.","og_url":"https:\/\/elfsight.com\/fr\/facebook-feed-widget\/magento\/","og_site_name":"Elfsight FR","article_modified_time":"2025-07-09T17:23:57+00:00","twitter_card":"summary_large_image","twitter_misc":{"Dur\u00e9e de lecture estim\u00e9e":"1 minute"},"schema":{"@context":"https:\/\/schema.org","@graph":[{"@type":"WebPage","@id":"https:\/\/elfsight.com\/fr\/facebook-feed-widget\/magento\/","url":"https:\/\/elfsight.com\/fr\/facebook-feed-widget\/magento\/","name":"Widget Facebook - ajoutez plugin Flux Facebook sur Magento","isPartOf":{"@id":"https:\/\/elfsight.com\/fr\/#website"},"datePublished":"2021-12-03T09:39:50+00:00","dateModified":"2025-07-09T17:23:57+00:00","description":"Int\u00e9grez un Widget Facebook avantageux sur votre site. Utilisez la d\u00e9mo d'Elfsight et g\u00e9n\u00e9rez votre extension en deux minutes.","breadcrumb":{"@id":"https:\/\/elfsight.com\/fr\/facebook-feed-widget\/magento\/#breadcrumb"},"inLanguage":"fr-FR","potentialAction":[{"@type":"ReadAction","target":["https:\/\/elfsight.com\/fr\/facebook-feed-widget\/magento\/"]}]},{"@type":"BreadcrumbList","@id":"https:\/\/elfsight.com\/fr\/facebook-feed-widget\/magento\/#breadcrumb","itemListElement":[{"@type":"ListItem","position":1,"name":"Home","item":"https:\/\/elfsight.com\/fr\/"},{"@type":"ListItem","position":2,"name":"Facebook Feed","item":"https:\/\/elfsight.com\/fr\/facebook-feed-widget\/"},{"@type":"ListItem","position":3,"name":"Facebook Feed &#8211; Magento"}]},{"@type":"WebSite","@id":"https:\/\/elfsight.com\/fr\/#website","url":"https:\/\/elfsight.com\/fr\/","name":"Elfsight FR","description":"","potentialAction":[{"@type":"SearchAction","target":{"@type":"EntryPoint","urlTemplate":"https:\/\/elfsight.com\/fr\/?s={search_term_string}"},"query-input":{"@type":"PropertyValueSpecification","valueRequired":true,"valueName":"search_term_string"}}],"inLanguage":"fr-FR"}]}},"meta_box":{"industry":"","seo_heading":"","heading":"","description":"","cta_heading":"","cta_description":"","application":"846","h1":"Plugin Widget Facebook pour Magento","h1_caption":"Int\u00e9grez les publications de votre page Facebook pour que les visiteurs de votre site Web restent int\u00e9ress\u00e9s par vos derni\u00e8res mises \u00e0 jour et actualit\u00e9s sur votre site Web Magento sans effort.","application_category":[],"applications_title":"","applications_request_title":"","applications_request_button_text":"","hero_text":"","hero_video":"","hero_video_schema_markup":"","selling_points_title":"","selling_points_caption":"","selling_points":[],"selling_points_cta_text":"","features_title":"","features":"","ed_cta_examples_text":"","ed_cta_examples_hidden":"","ed_cta_demo_text":"","ed_cta_demo_hidden":"","why_caption":"","why_editor_title":"","why_editor_text":"","why_team_title":"","why_team_text":"","why_service_title":"","why_service_text":"","template_catalog_visible":"","template_catalog_title":"","template_catalog_text":"","template_catalog_categories_visible":"","demo_title":"Cr\u00e9ez votre extension de flux Facebook","demo_caption":"Configurez votre flux Facebook et ajoutez-le gratuitement \u00e0 votre site Web Magento\u00a0!","default_faq_hidden":"","app_template_category":[],"platform":"357","template_public_id":"","codecanyon_url":"","codecanyon_item_id":"","codecanyon_price":"","pricing_caption":"","pricing_elfsight_apps_hide_column":"","pricing_elfsight_apps_url":"","pricing_codecanyon_price_caption":"","integration_category":[],"integration_request_title":"","integration_request_cta":"","integration_platform":"","integrations":[],"platform_category":[],"video_schema_markup":"","price":"\u00c0 partir de $0\/mois","trial":"","benefits":[{"text":"Installation gratuite"},{"text":"Support Premium"},{"text":"Garantie de remboursement de 14 jours"},{"text":"L'am\u00e9lioration continue"}],"button_url":"#demo","button_target_blank":"0","button_nofollow":"0","attributes":[{"name":"Nombre d'installations","content":"1,000 - 5,000","_state":"expanded"},{"name":"Adaptif","content":"Oui","_state":"expanded"},{"name":"Navigateurs compatibles","content":"Firefox, Safari, Opera, Chrome, Edge","_state":"expanded"}],"tags":[],"tags_disable_links":"0","hide_more_platforms":"","video_object":"","demo_hide_cta":"0","demo_hide_cloud_options":"0","pricing_title":"","pricing":[{"pricing_icon":"platform","pricing_title":"Applications d'Elfsight","pricing_title_caption":"Solution num\u00e9rique multiplateforme qui fonctionne sur n'importe quel site","pricing_price":"\u00c0 partir de $0\/mois","pricing_price_caption":"Commencez avec un plan gratuit","pricing_benefits":[{"text":"Sites Web illimit\u00e9s"},{"text":"\u00c9quipe d'assistance professionnelle"},{"text":"Service d'installation gratuit"},{"text":"100% personnalisable"}],"pricing_button_text":"Ajouter au site Web","pricing_button_url":"https:\/\/apps.elfsight.com\/sign-up\/","pricing_button_nofollow":"1","_state":"expanded"}],"related_apps_title":"","related_apps_hidden":"1","author":"","image":[],"title":"","job":"","social_networks":[]},"_links":{"self":[{"href":"https:\/\/elfsight.com\/fr\/wp-json\/wp\/v2\/pages\/4873","targetHints":{"allow":["GET"]}}],"collection":[{"href":"https:\/\/elfsight.com\/fr\/wp-json\/wp\/v2\/pages"}],"about":[{"href":"https:\/\/elfsight.com\/fr\/wp-json\/wp\/v2\/types\/page"}],"author":[{"embeddable":true,"href":"https:\/\/elfsight.com\/fr\/wp-json\/wp\/v2\/users\/18"}],"replies":[{"embeddable":true,"href":"https:\/\/elfsight.com\/fr\/wp-json\/wp\/v2\/comments?post=4873"}],"version-history":[{"count":2,"href":"https:\/\/elfsight.com\/fr\/wp-json\/wp\/v2\/pages\/4873\/revisions"}],"predecessor-version":[{"id":14832,"href":"https:\/\/elfsight.com\/fr\/wp-json\/wp\/v2\/pages\/4873\/revisions\/14832"}],"up":[{"embeddable":true,"href":"https:\/\/elfsight.com\/fr\/wp-json\/wp\/v2\/pages\/854"}],"wp:attachment":[{"href":"https:\/\/elfsight.com\/fr\/wp-json\/wp\/v2\/media?parent=4873"}],"curies":[{"name":"wp","href":"https:\/\/api.w.org\/{rel}","templated":true}]}}