{"id":4867,"date":"2021-12-03T09:39:59","date_gmt":"2021-12-03T09:39:59","guid":{"rendered":"https:\/\/elfsight.com\/fr\/?page_id=4867"},"modified":"2025-07-09T17:23:33","modified_gmt":"2025-07-09T17:23:33","slug":"joomla","status":"publish","type":"page","link":"https:\/\/elfsight.com\/fr\/facebook-feed-widget\/joomla\/","title":{"rendered":"Facebook Feed &#8211; Joomla"},"content":{"rendered":"<div class=\"application-platform-content-item-description application-platform-content-item\" id=\"description\" data-nav-section=\"description\"><h2>Description<\/h2><p>D\u00e9montrez votre contenu Facebook dans notre extension avanc\u00e9e\u00a0: Facebook Feed. Publications, vid\u00e9os, photos \u2013 ne doutez jamais que vos utilisateurs verront chaque message. Un look \u00e9l\u00e9gant avec des \u00e9l\u00e9ments originaux de l&rsquo;interface Facebook ne sera pas inconnu et contribuera non seulement \u00e0 retenir les clients actuels sur le site Web, mais \u00e9galement \u00e0 attirer de nouveaux abonn\u00e9s Facebook.<\/p><p><b>Augmentez votre travail client \u00e0 un niveau avanc\u00e9. hauteur en utilisant l&rsquo;extension Facebook Joomla.<\/b><\/p><ul><li><b>Faites en sorte que les clients restent sur la page<\/b>.<br>Affichez du contenu social et interactif, qui suscitera l&rsquo;int\u00e9r\u00eat des visiteurs, maintenez-les sur la page et dites-leur beaucoup plus sur vos produits ou votre entreprise.<\/li><li><b>Augmentez les abonn\u00e9s Facebook de votre profil<\/b>.<br>Transformez les lecteurs de sites Web en abonn\u00e9s Facebook. Cr\u00e9ez une extension attrayante avec votre page et ajoutez-la sur le site, afin que chaque visiteur ait la possibilit\u00e9 de suivre votre page.<\/li><li><b>1 widget pour tout le contenu Facebook<\/b>. Votre contenu Facebook complet dans une seule extension : ins\u00e9rez des publications avec des commentaires, des likes ou toutes les r\u00e9actions disponibles ; concevez des images et des galeries vid\u00e9o sur le site Web \u00e0 l&rsquo;aide d&rsquo;albums Facebook.<\/li><\/ul><\/div><div class=\"application-platform-content-item-features application-platform-content-item\" id=\"features\" data-nav-section=\"features\"><h2>Fonctionnalit\u00e9s<\/h2><p>Principaux avantages, qui font de notre flux Facebook une extension essentielle pour tout site Web Joomla.<\/p><ul><li>3 types de contenu Facebook affichables\u00a0: publications, vid\u00e9os et photos avec albums\u00a0;<\/li><li>Pop-ups personnalisables avec \u00e9l\u00e9ments commutables\u00a0: auteur, nombre de likes, nombre de partages, commentaires\u00a0;<\/li><li>Largeur et hauteur r\u00e9glables\u00a0;<\/li><li>Afficher ou masquer les publications\u00a0;<\/li><li>Mises \u00e0 jour r\u00e9guli\u00e8res en direct pour les conserver frais.<\/li><\/ul><p><a href=\"#demo\">V\u00e9rifiez toutes les fonctionnalit\u00e9s dans la d\u00e9mo en direct<\/a>.<\/p><\/div><div class=\"application-platform-content-item-installation application-platform-content-item\" id=\"installation\" data-nav-section=\"installation\"> <h2>Comment ajouter un widget Facebook au site Web Joomla<\/h2><div class=\"video-container\"><iframe width=\"720\" height=\"405\" src=\"https:\/\/www.youtube.com\/embed\/WU-YF8wzRs8\" frameborder=\"0\" allowfullscreen=\"\"><\/iframe><\/div><p>Suivez simplement les \u00e9tapes d\u00e9crites ci-dessous pour int\u00e9grer l&rsquo;extension Facebook Feed sur Joomla.<\/p> <ol><li><b>Ex\u00e9cutez notre \u00e9diteur gratuit et commencez \u00e0 fa\u00e7onner votre instrument personnalis\u00e9. <\/b><br> Sp\u00e9cifiez l&rsquo;apparence et les fonctionnalit\u00e9s personnalis\u00e9es du widget et appliquez les corrections. <\/li> <li><b>Copiez votre code individuel r\u00e9v\u00e9l\u00e9 dans la fen\u00eatre sur Elfsight Apps. <\/b><br> Une fois la cr\u00e9ation de votre extension termin\u00e9e, copiez le code personnel dans la fen\u00eatre qui appara\u00eet et enregistrez-le pour d&rsquo;autres besoins. <\/li> <li><b>Commencez \u00e0 utiliser l&rsquo;outil sur votre site Web Joomla. <\/b><br> Entrez le code enregistr\u00e9 pr\u00e9c\u00e9demment dans votre site Web et enregistrez les am\u00e9liorations. <\/li> <li><b>Vous avez termin\u00e9\u00a0! L&rsquo;int\u00e9gration est r\u00e9ussie. <\/b><br> Visitez votre site Web pour voir comment fonctionne l&rsquo;outil. <\/li><\/ol><p>Avez-vous besoin d&rsquo;une aide plus approfondie\u00a0? \u00c9tudiez un <a href=\"https:\/\/elfsight.com\/tutorials\/how-to-add-facebook-feed-module-to-joomla\/\" target=\"_blank\" rel=\"noopener noreferrer\">tutoriel complet<\/a> ou \u00e9crivez \u00e0 notre service client, et nous serons heureux de vous conseiller une r\u00e9ponse.<\/p><\/div><div class=\"faq\" data-component=\"FAQ\"><div class=\"faq-item\">\r\n\t\t\t\t\t<div class=\"faq-item-question\">\r\n\t\t\t\t\t\t<h3 class=\"faq-item-question-text\">Existe-t-il une m\u00e9thode pour int\u00e9grer WhatsApp Chat \u00e0 mon site Web Joomla sans aucune connaissance en codage ?<\/h3>\r\n\r\n\t\t\t\t\t\t<div class=\"faq-item-question-icon\"><\/div>\r\n\t\t\t\t\t<\/div>\r\n\r\n\t\t\t\t\t<div class=\"faq-item-answer\">\r\n\t\t\t\t\t\t<div class=\"faq-item-answer-text\"><p>La soci\u00e9t\u00e9 Elfsight pr\u00e9sente une solution Cloud qui permet \u00e0 l&rsquo;utilisateur de g\u00e9n\u00e9rer vous-m\u00eame un widget WhatsApp Chat. D\u00e9couvrez \u00e0 quel point le processus est simple\u00a0: <\/p><ul><li> Travaillez dans l&rsquo;\u00e9diteur en ligne pour cr\u00e9er une application WhatsApp Chat que vous aimeriez voir sur Joomla.<\/li><li>Cliquez sur l&rsquo;un des mod\u00e8les pr\u00e9d\u00e9finis et ajustez les param\u00e8tres WhatsApp Chat, modifiez la mise en page et les couleurs, ajoutez votre contenu sans connaissances en codage.<\/li><li>Cliquez pour enregistrer les param\u00e8tres que vous avez d\u00e9finis sur WhatsApp Chat et copiez le code pour l&rsquo;installation, qui peut \u00eatre coll\u00e9 sur le site Web Joomla \u00e0 l&rsquo;aide d&rsquo;un plan gratuit. <\/li><\/ul><p>En travaillant dans notre \u00e9diteur simple, chaque internaute peut cr\u00e9er un chat WhatsApp et le coller facilement sur n&rsquo;importe quel site Joomla. Il n&rsquo;est pas n\u00e9cessaire d&rsquo;obtenir un forfait payant ou de saisir les donn\u00e9es de votre carte pour acc\u00e9der \u00e0 notre \u00e9diteur. Si vous rencontrez des probl\u00e8mes \u00e0 n&rsquo;importe quelle \u00e9tape, n&rsquo;h\u00e9sitez pas \u00e0 parler \u00e0 notre \u00e9quipe d&rsquo;assistance technique.<\/p><\/div>\r\n\t\t\t\t\t<\/div>\r\n\t\t\t\t<\/div><\/div>","protected":false},"excerpt":{"rendered":"","protected":false},"author":18,"featured_media":0,"parent":854,"menu_order":0,"comment_status":"closed","ping_status":"closed","template":"templates\/template-application-platform.php","meta":{"publish_to_discourse":"","publish_post_category":"","wpdc_auto_publish_overridden":"","wpdc_topic_tags":"","wpdc_pin_topic":"","wpdc_pin_until":"","discourse_post_id":"","discourse_permalink":"","wpdc_publishing_response":"","wpdc_publishing_error":"","footnotes":""},"class_list":["post-4867","page","type-page","status-publish","hentry"],"yoast_head":"<!-- This site is optimized with the Yoast SEO plugin v25.3.1 - https:\/\/yoast.com\/wordpress\/plugins\/seo\/ -->\n<title>Widget Facebook - ajoutez extension Flux Facebook sur Joomla<\/title>\n<meta name=\"description\" content=\"Int\u00e9grez un Widget Facebook attractif sur votre site. Utilisez la d\u00e9mo d&#039;Elfsight et g\u00e9n\u00e9rez votre module en 2 minutes.\" \/>\n<meta name=\"robots\" content=\"index, follow, max-snippet:-1, max-image-preview:large, max-video-preview:-1\" \/>\n<link rel=\"canonical\" href=\"https:\/\/elfsight.com\/fr\/facebook-feed-widget\/joomla\/\" \/>\n<meta property=\"og:locale\" content=\"fr_FR\" \/>\n<meta property=\"og:type\" content=\"article\" \/>\n<meta property=\"og:title\" content=\"Widget Facebook - ajoutez extension Flux Facebook sur Joomla\" \/>\n<meta property=\"og:description\" content=\"Int\u00e9grez un Widget Facebook attractif sur votre site. Utilisez la d\u00e9mo d&#039;Elfsight et g\u00e9n\u00e9rez votre module en 2 minutes.\" \/>\n<meta property=\"og:url\" content=\"https:\/\/elfsight.com\/fr\/facebook-feed-widget\/joomla\/\" \/>\n<meta property=\"og:site_name\" content=\"Elfsight FR\" \/>\n<meta property=\"article:modified_time\" content=\"2025-07-09T17:23:33+00:00\" \/>\n<meta name=\"twitter:card\" content=\"summary_large_image\" \/>\n<meta name=\"twitter:label1\" content=\"Dur\u00e9e de lecture estim\u00e9e\" \/>\n\t<meta name=\"twitter:data1\" content=\"1 minute\" \/>\n<!-- \/ Yoast SEO plugin. -->","yoast_head_json":{"title":"Widget Facebook - ajoutez extension Flux Facebook sur Joomla","description":"Int\u00e9grez un Widget Facebook attractif sur votre site. Utilisez la d\u00e9mo d'Elfsight et g\u00e9n\u00e9rez votre module en 2 minutes.","robots":{"index":"index","follow":"follow","max-snippet":"max-snippet:-1","max-image-preview":"max-image-preview:large","max-video-preview":"max-video-preview:-1"},"canonical":"https:\/\/elfsight.com\/fr\/facebook-feed-widget\/joomla\/","og_locale":"fr_FR","og_type":"article","og_title":"Widget Facebook - ajoutez extension Flux Facebook sur Joomla","og_description":"Int\u00e9grez un Widget Facebook attractif sur votre site. Utilisez la d\u00e9mo d'Elfsight et g\u00e9n\u00e9rez votre module en 2 minutes.","og_url":"https:\/\/elfsight.com\/fr\/facebook-feed-widget\/joomla\/","og_site_name":"Elfsight FR","article_modified_time":"2025-07-09T17:23:33+00:00","twitter_card":"summary_large_image","twitter_misc":{"Dur\u00e9e de lecture estim\u00e9e":"1 minute"},"schema":{"@context":"https:\/\/schema.org","@graph":[{"@type":"WebPage","@id":"https:\/\/elfsight.com\/fr\/facebook-feed-widget\/joomla\/","url":"https:\/\/elfsight.com\/fr\/facebook-feed-widget\/joomla\/","name":"Widget Facebook - ajoutez extension Flux Facebook sur Joomla","isPartOf":{"@id":"https:\/\/elfsight.com\/fr\/#website"},"datePublished":"2021-12-03T09:39:59+00:00","dateModified":"2025-07-09T17:23:33+00:00","description":"Int\u00e9grez un Widget Facebook attractif sur votre site. Utilisez la d\u00e9mo d'Elfsight et g\u00e9n\u00e9rez votre module en 2 minutes.","breadcrumb":{"@id":"https:\/\/elfsight.com\/fr\/facebook-feed-widget\/joomla\/#breadcrumb"},"inLanguage":"fr-FR","potentialAction":[{"@type":"ReadAction","target":["https:\/\/elfsight.com\/fr\/facebook-feed-widget\/joomla\/"]}]},{"@type":"BreadcrumbList","@id":"https:\/\/elfsight.com\/fr\/facebook-feed-widget\/joomla\/#breadcrumb","itemListElement":[{"@type":"ListItem","position":1,"name":"Home","item":"https:\/\/elfsight.com\/fr\/"},{"@type":"ListItem","position":2,"name":"Facebook Feed","item":"https:\/\/elfsight.com\/fr\/facebook-feed-widget\/"},{"@type":"ListItem","position":3,"name":"Facebook Feed &#8211; Joomla"}]},{"@type":"WebSite","@id":"https:\/\/elfsight.com\/fr\/#website","url":"https:\/\/elfsight.com\/fr\/","name":"Elfsight FR","description":"","potentialAction":[{"@type":"SearchAction","target":{"@type":"EntryPoint","urlTemplate":"https:\/\/elfsight.com\/fr\/?s={search_term_string}"},"query-input":{"@type":"PropertyValueSpecification","valueRequired":true,"valueName":"search_term_string"}}],"inLanguage":"fr-FR"}]}},"meta_box":{"industry":"","seo_heading":"","heading":"","description":"","cta_heading":"","cta_description":"","application":"846","h1":"Extension Widget Facebook pour Joomla","h1_caption":"Int\u00e9grez les publications de votre page Facebook pour que les visiteurs de votre site Web restent int\u00e9ress\u00e9s par vos derni\u00e8res mises \u00e0 jour et actualit\u00e9s sur votre site Web Joomla sans effort.","application_category":[],"applications_title":"","applications_request_title":"","applications_request_button_text":"","hero_text":"","hero_video":"","hero_video_schema_markup":"","selling_points_title":"","selling_points_caption":"","selling_points":[],"selling_points_cta_text":"","features_title":"","features":"","ed_cta_examples_text":"","ed_cta_examples_hidden":"","ed_cta_demo_text":"","ed_cta_demo_hidden":"","why_caption":"","why_editor_title":"","why_editor_text":"","why_team_title":"","why_team_text":"","why_service_title":"","why_service_text":"","template_catalog_visible":"","template_catalog_title":"","template_catalog_text":"","template_catalog_categories_visible":"","demo_title":"Cr\u00e9ez votre plugin de flux Facebook","demo_caption":"Configurez votre flux Facebook et ajoutez-le gratuitement \u00e0 votre site Joomla !","default_faq_hidden":"","app_template_category":[],"platform":"354","template_public_id":"","codecanyon_url":"","codecanyon_item_id":"","codecanyon_price":"","pricing_caption":"","pricing_elfsight_apps_hide_column":"","pricing_elfsight_apps_url":"","pricing_codecanyon_price_caption":"","integration_category":[],"integration_request_title":"","integration_request_cta":"","integration_platform":"","integrations":[],"platform_category":[],"video_schema_markup":"","price":"\u00c0 partir de $0\/mois","trial":"","benefits":[{"text":"Installation gratuite"},{"text":"Support Premium"},{"text":"Garantie de remboursement de 14 jours"},{"text":"L'am\u00e9lioration continue"}],"button_url":"#demo","button_target_blank":"0","button_nofollow":"0","attributes":[{"name":"Nombre d'installations","content":"1,000 - 5,000","_state":"expanded"},{"name":"Adaptif","content":"Oui","_state":"expanded"},{"name":"Navigateurs compatibles","content":"Firefox, Safari, Opera, Chrome, Edge","_state":"expanded"}],"tags":[],"tags_disable_links":"0","hide_more_platforms":"","video_object":"","demo_hide_cta":"0","demo_hide_cloud_options":"0","pricing_title":"","pricing":[{"pricing_icon":"platform","pricing_title":"Applications d'Elfsight","pricing_title_caption":"Solution num\u00e9rique multiplateforme qui fonctionne sur n'importe quel site","pricing_price":"\u00c0 partir de $0\/mois","pricing_price_caption":"Commencez avec un plan gratuit","pricing_benefits":[{"text":"Sites Web illimit\u00e9s"},{"text":"\u00c9quipe d'assistance professionnelle"},{"text":"Service d'installation gratuit"},{"text":"100% personnalisable"}],"pricing_button_text":"Ajouter au site Web","pricing_button_url":"https:\/\/apps.elfsight.com\/sign-up\/","pricing_button_nofollow":"1","_state":"expanded"}],"related_apps_title":"","related_apps_hidden":"1","author":"","image":[],"title":"","job":"","social_networks":[]},"_links":{"self":[{"href":"https:\/\/elfsight.com\/fr\/wp-json\/wp\/v2\/pages\/4867","targetHints":{"allow":["GET"]}}],"collection":[{"href":"https:\/\/elfsight.com\/fr\/wp-json\/wp\/v2\/pages"}],"about":[{"href":"https:\/\/elfsight.com\/fr\/wp-json\/wp\/v2\/types\/page"}],"author":[{"embeddable":true,"href":"https:\/\/elfsight.com\/fr\/wp-json\/wp\/v2\/users\/18"}],"replies":[{"embeddable":true,"href":"https:\/\/elfsight.com\/fr\/wp-json\/wp\/v2\/comments?post=4867"}],"version-history":[{"count":2,"href":"https:\/\/elfsight.com\/fr\/wp-json\/wp\/v2\/pages\/4867\/revisions"}],"predecessor-version":[{"id":14835,"href":"https:\/\/elfsight.com\/fr\/wp-json\/wp\/v2\/pages\/4867\/revisions\/14835"}],"up":[{"embeddable":true,"href":"https:\/\/elfsight.com\/fr\/wp-json\/wp\/v2\/pages\/854"}],"wp:attachment":[{"href":"https:\/\/elfsight.com\/fr\/wp-json\/wp\/v2\/media?parent=4867"}],"curies":[{"name":"wp","href":"https:\/\/api.w.org\/{rel}","templated":true}]}}