{"id":4863,"date":"2021-12-03T09:40:05","date_gmt":"2021-12-03T09:40:05","guid":{"rendered":"https:\/\/elfsight.com\/fr\/?page_id=4863"},"modified":"2024-12-17T13:26:35","modified_gmt":"2024-12-17T13:26:35","slug":"iframe","status":"publish","type":"page","link":"https:\/\/elfsight.com\/fr\/facebook-feed-widget\/iframe\/","title":{"rendered":"Facebook Feed &#8211; iFrame"},"content":{"rendered":"\n<div class=\"application-platform-content-item-description application-platform-content-item\" id=\"description\" data-nav-section=\"description\">\n  <h2>Int\u00e9grez le flux Facebook sur iFrame avec le widget Elfsight<\/h2>\n  <p>D\u00e9montrez votre contenu Facebook dans notre plugin avanc\u00e9 : le flux Facebook. Pages, vid\u00e9os, photos, vos utilisateurs ne manqueront aucune actualit\u00e9. Un look \u00e9l\u00e9gant avec de vrais \u00e9l\u00e9ments de Facebook ne restera pas invisible et contribuera non seulement \u00e0 retenir les clients actuels sur le site, mais \u00e9galement \u00e0 trouver de nouveaux abonn\u00e9s Facebook.<\/p>\n  \n  <p><b>\u00c9levez votre site Web \u00e0 une hauteur maximale soutenue par Plugin iFrame Facebook<\/b><\/p>\n  \n  <p><b>Augmentez la cr\u00e9dibilit\u00e9 de votre entreprise aupr\u00e8s des clients<\/b><br>Une entreprise qui poss\u00e8de des comptes actifs sur les r\u00e9seaux sociaux obtient 78 % de confiance en plus parmi les lecteurs. Utilisez votre page Facebook sur le site pour assurer aux clients que votre entreprise est vraie et digne de confiance.<\/p>\n  \n  <p><b>Renforcez la conversion de votre site jusqu&rsquo;\u00e0 135 %<\/b><br>Affichez un instrument de confiance sociale sur votre site internet, pour acqu\u00e9rir plus de clients. Permettez \u00e0 vos visiteurs de d\u00e9couvrir votre entreprise sur Facebook et d&rsquo;obtenir leur confiance, ce qui contribuera \u00e0 augmenter votre conversion.<\/p>\n  \n  <p><b>Faites en sorte que les lecteurs restent sur le site<\/b><br>Utilisez le composant social pour attirer l&rsquo;attention des clients et les retenir sur le site Web. Parlez de vos produits ou de votre entreprise de mani\u00e8re plus d\u00e9taill\u00e9e.<\/p>\n<\/div>\n\n<div class=\"application-platform-content-item-features application-platform-content-item\" id=\"features\" data-nav-section=\"features\">\n  <h2>Principales fonctionnalit\u00e9s du widget de flux Facebook<\/h2>\n  <p>4 caract\u00e9ristiques qui font notre flux Facebook un plugin n\u00e9cessaire pour tout site Web iFrame.<\/p>\n  <ul>\n    <li>3 types de contenu Facebook affichables : publications, vid\u00e9os et photos avec albums ;<\/li>\n    <li>En-t\u00eate personnalisable avec \u00e9l\u00e9ments r\u00e9glables : image de couverture, actions, image de page, nombre de likes ;<\/li>\n    <li>Boutons J&rsquo;aime et Partager sur l&rsquo;en-t\u00eate ;<\/li>\n    <li>Messages avec informations commutables : auteur, nombre de likes, nombre de partages, bouton de partage.<\/li>\n  <\/ul>\n  <p><a href=\"#demo\">D\u00e9couvrez tous les avantages dans la d\u00e9mo en direct<\/a><\/p>\n<\/div>\n\n<div class=\"application-platform-content-item-installation application-platform-content-item\" id=\"installation\" data-nav-section=\"installation\">\n  <h2>Comment ajouter un flux Facebook au site Web iFrame<\/h2>\n  <p>\u00c9tudiez notre guide, pour finir par ajouter. Le parcourir ne durera que 3 minutes et ne n\u00e9cessite aucune exp\u00e9rience en programmation.<\/p>\n  <ol>\n    <li><b>G\u00e9n\u00e9rez votre plugin Facebook personnalis\u00e9<\/b><br> \u00c0 l&rsquo;aide de notre \u00e9diteur gratuit, configurez un plugin avec une mise en page et des fonctionnalit\u00e9s s\u00e9lectionn\u00e9es.<\/li>\n    <li><b>Acqu\u00e9rir le code personnel pour afficher le plugin<\/b><br> Apr\u00e8s avoir configur\u00e9 votre plugin, vous obtiendrez votre code de configuration \u00e0 partir de la notification apparaissant sur Elfsight Apps. Copiez-le pour une utilisation future.<\/li>\n    <li><b>Ajoutez le plugin sur votre site iFrame<\/b><br> D\u00e9finissez l&rsquo;endroit o\u00f9 vous devez afficher le plugin et ins\u00e9rez-y le code enregistr\u00e9. Appliquez les modifications.<\/li>\n    <li><b>Vous avez enti\u00e8rement effectu\u00e9 la configuration<\/b><br> Entrez sur votre site pour v\u00e9rifier votre plugin.<\/li>\n  <\/ol>\n  <p>Avez-vous besoin d&rsquo;une aide plus d\u00e9taill\u00e9e ? Consultez un didacticiel d\u00e9taill\u00e9 : \u00ab Comment installer le flux Facebook sur iFrame \u00bb ou contactez le centre d&rsquo;aide Elfsight, et nous serons heureux de vous proposer une solution.<\/p>\n<\/div>\n\n<div class=\"faq\" data-component=\"FAQ\">\n  <div class=\"faq-item\">\r\n\t\t\t\t\t<div class=\"faq-item-question\">\r\n\t\t\t\t\t\t<h3 class=\"faq-item-question-text\">Comment ajouter WhatsApp Chat \u00e0 mon iFrame sans comp\u00e9tences en codage ?<\/h3>\r\n\r\n\t\t\t\t\t\t<div class=\"faq-item-question-icon\"><\/div>\r\n\t\t\t\t\t<\/div>\r\n\r\n\t\t\t\t\t<div class=\"faq-item-answer\">\r\n\t\t\t\t\t\t<div class=\"faq-item-answer-text\">\n    <p>La soci\u00e9t\u00e9 Elfsight pr\u00e9sente une solution SaaS qui permet aux utilisateurs de cr\u00e9er eux-m\u00eames une application WhatsApp Chat. Regardez \u00e0 quel point c&rsquo;est simple :<\/p>\n    <ul>\n      <li>Travailler directement dans l&rsquo;\u00e9diteur en ligne pour cr\u00e9er une application de chat WhatsApp que vous souhaitez voir appara\u00eetre sur votre page Web iFrame.<\/li>\n      <li>Choisissez l&rsquo;un des nombreux mod\u00e8les pr\u00e9d\u00e9finis et modifiez-le. Les param\u00e8tres du chat WhatsApp, modifiez la mise en page et les couleurs, mettez \u00e0 jour votre contenu sans codage.<\/li>\n      <li>Cliquez pour enregistrer le chat WhatsApp et copiez le code du widget pour l&rsquo;int\u00e9gration, qui peut \u00eatre int\u00e9gr\u00e9 sans effort et gratuitement dans la page d&rsquo;accueil d&rsquo;iFrame.<\/li>\n    <\/ul>\n    <p>\u00c0 l&rsquo;aide de l&rsquo;\u00e9diteur facile \u00e0 utiliser, chaque internaute peut cr\u00e9er un widget WhatsApp Chat et le coller simplement sur n&rsquo;importe quelle page d&rsquo;accueil iFrame. Vous ne devez pas payer ni divulguer les informations d\u2019identification de votre carte pour acc\u00e9der au service. Si vous rencontrez des probl\u00e8mes \u00e0 quelque \u00e9tape que ce soit, n&rsquo;h\u00e9sitez pas \u00e0 contacter notre \u00e9quipe d&rsquo;assistance technique.<\/p>\n  <\/div>\r\n\t\t\t\t\t<\/div>\r\n\t\t\t\t<\/div>\n<\/div>\n\n","protected":false},"excerpt":{"rendered":"","protected":false},"author":18,"featured_media":0,"parent":854,"menu_order":0,"comment_status":"closed","ping_status":"closed","template":"templates\/template-application-platform.php","meta":{"publish_to_discourse":"","publish_post_category":"","wpdc_auto_publish_overridden":"","wpdc_topic_tags":"","wpdc_pin_topic":"","wpdc_pin_until":"","discourse_post_id":"","discourse_permalink":"","wpdc_publishing_response":"","wpdc_publishing_error":"","footnotes":""},"class_list":["post-4863","page","type-page","status-publish","hentry"],"yoast_head":"<!-- This site is optimized with the Yoast SEO plugin v25.3.1 - https:\/\/yoast.com\/wordpress\/plugins\/seo\/ -->\n<title>Widget Facebook - ajoutez widget Flux Facebook sur iFrame<\/title>\n<meta name=\"description\" content=\"Int\u00e9grez un Widget Facebook avantageux sur votre site. Appliquez la d\u00e9mo d&#039;Elfsight et g\u00e9n\u00e9rez votre widget en deux minutes.\" \/>\n<meta name=\"robots\" content=\"index, follow, max-snippet:-1, max-image-preview:large, max-video-preview:-1\" \/>\n<link rel=\"canonical\" href=\"https:\/\/elfsight.com\/fr\/facebook-feed-widget\/iframe\/\" \/>\n<meta property=\"og:locale\" content=\"fr_FR\" \/>\n<meta property=\"og:type\" content=\"article\" \/>\n<meta property=\"og:title\" content=\"Widget Facebook - ajoutez widget Flux Facebook sur iFrame\" \/>\n<meta property=\"og:description\" content=\"Int\u00e9grez un Widget Facebook avantageux sur votre site. Appliquez la d\u00e9mo d&#039;Elfsight et g\u00e9n\u00e9rez votre widget en deux minutes.\" \/>\n<meta property=\"og:url\" content=\"https:\/\/elfsight.com\/fr\/facebook-feed-widget\/iframe\/\" \/>\n<meta property=\"og:site_name\" content=\"Elfsight FR\" \/>\n<meta property=\"article:modified_time\" content=\"2024-12-17T13:26:35+00:00\" \/>\n<meta name=\"twitter:card\" content=\"summary_large_image\" \/>\n<meta name=\"twitter:label1\" content=\"Dur\u00e9e de lecture estim\u00e9e\" \/>\n\t<meta name=\"twitter:data1\" content=\"4 minutes\" \/>\n<!-- \/ Yoast SEO plugin. -->","yoast_head_json":{"title":"Widget Facebook - ajoutez widget Flux Facebook sur iFrame","description":"Int\u00e9grez un Widget Facebook avantageux sur votre site. Appliquez la d\u00e9mo d'Elfsight et g\u00e9n\u00e9rez votre widget en deux minutes.","robots":{"index":"index","follow":"follow","max-snippet":"max-snippet:-1","max-image-preview":"max-image-preview:large","max-video-preview":"max-video-preview:-1"},"canonical":"https:\/\/elfsight.com\/fr\/facebook-feed-widget\/iframe\/","og_locale":"fr_FR","og_type":"article","og_title":"Widget Facebook - ajoutez widget Flux Facebook sur iFrame","og_description":"Int\u00e9grez un Widget Facebook avantageux sur votre site. Appliquez la d\u00e9mo d'Elfsight et g\u00e9n\u00e9rez votre widget en deux minutes.","og_url":"https:\/\/elfsight.com\/fr\/facebook-feed-widget\/iframe\/","og_site_name":"Elfsight FR","article_modified_time":"2024-12-17T13:26:35+00:00","twitter_card":"summary_large_image","twitter_misc":{"Dur\u00e9e de lecture estim\u00e9e":"4 minutes"},"schema":{"@context":"https:\/\/schema.org","@graph":[{"@type":"WebPage","@id":"https:\/\/elfsight.com\/fr\/facebook-feed-widget\/iframe\/","url":"https:\/\/elfsight.com\/fr\/facebook-feed-widget\/iframe\/","name":"Widget Facebook - ajoutez widget Flux Facebook sur iFrame","isPartOf":{"@id":"https:\/\/elfsight.com\/fr\/#website"},"datePublished":"2021-12-03T09:40:05+00:00","dateModified":"2024-12-17T13:26:35+00:00","description":"Int\u00e9grez un Widget Facebook avantageux sur votre site. Appliquez la d\u00e9mo d'Elfsight et g\u00e9n\u00e9rez votre widget en deux minutes.","breadcrumb":{"@id":"https:\/\/elfsight.com\/fr\/facebook-feed-widget\/iframe\/#breadcrumb"},"inLanguage":"fr-FR","potentialAction":[{"@type":"ReadAction","target":["https:\/\/elfsight.com\/fr\/facebook-feed-widget\/iframe\/"]}]},{"@type":"BreadcrumbList","@id":"https:\/\/elfsight.com\/fr\/facebook-feed-widget\/iframe\/#breadcrumb","itemListElement":[{"@type":"ListItem","position":1,"name":"Home","item":"https:\/\/elfsight.com\/fr\/"},{"@type":"ListItem","position":2,"name":"Facebook Feed","item":"https:\/\/elfsight.com\/fr\/facebook-feed-widget\/"},{"@type":"ListItem","position":3,"name":"Facebook Feed &#8211; iFrame"}]},{"@type":"WebSite","@id":"https:\/\/elfsight.com\/fr\/#website","url":"https:\/\/elfsight.com\/fr\/","name":"Elfsight FR","description":"","potentialAction":[{"@type":"SearchAction","target":{"@type":"EntryPoint","urlTemplate":"https:\/\/elfsight.com\/fr\/?s={search_term_string}"},"query-input":{"@type":"PropertyValueSpecification","valueRequired":true,"valueName":"search_term_string"}}],"inLanguage":"fr-FR"}]}},"meta_box":{"industry":"","seo_heading":"","heading":"","description":"","cta_heading":"","cta_description":"","application":"846","h1":"Widget Widget Facebook pour iFrame","h1_caption":"Int\u00e9grez les publications de votre page Facebook pour que les visiteurs de votre site Web restent int\u00e9ress\u00e9s par vos derni\u00e8res mises \u00e0 jour et actualit\u00e9s sur votre site Web iFrame sans effort.","application_category":[],"applications_title":"","applications_request_title":"","applications_request_button_text":"","hero_text":"","hero_video":"","hero_video_schema_markup":"","selling_points_title":"","selling_points_caption":"","selling_points":[],"selling_points_cta_text":"","features_title":"","features":"","ed_cta_examples_text":"","ed_cta_examples_hidden":"","ed_cta_demo_text":"","ed_cta_demo_hidden":"","why_caption":"","why_editor_title":"","why_editor_text":"","why_team_title":"","why_team_text":"","why_service_title":"","why_service_text":"","template_catalog_visible":"0","template_catalog_title":"","template_catalog_text":"","template_catalog_categories_visible":"","demo_title":"Cr\u00e9ez votre widget de flux Facebook","demo_caption":"Configurez votre flux Facebook et ajoutez-le gratuitement \u00e0 votre site Web iFrame\u00a0!","default_faq_hidden":"","app_template_category":[],"platform":"371","template_public_id":"","codecanyon_url":"","codecanyon_item_id":"","codecanyon_price":"","pricing_caption":"","pricing_elfsight_apps_hide_column":"","pricing_elfsight_apps_url":"","pricing_codecanyon_price_caption":"","integration_category":[],"integration_request_title":"","integration_request_cta":"","integration_platform":"","integrations":[],"platform_category":[],"video_schema_markup":"","price":"\u00c0 partir de $0\/mois","trial":"","benefits":[{"text":"Installation gratuite"},{"text":"Support Premium"},{"text":"Garantie de remboursement de 14 jours"},{"text":"L'am\u00e9lioration continue"}],"button_url":"#demo","button_target_blank":"0","button_nofollow":"0","attributes":[{"name":"Nombre d'installations","content":"1,000 - 5,000","_state":"expanded"},{"name":"Adaptif","content":"Oui","_state":"expanded"},{"name":"Navigateurs compatibles","content":"Firefox, Safari, Opera, Chrome, Edge","_state":"expanded"}],"tags":[],"tags_disable_links":"0","hide_more_platforms":"","video_object":"","demo_hide_cta":"0","demo_hide_cloud_options":"0","pricing_title":"","pricing":[{"pricing_icon":"platform","pricing_title":"Applications d'Elfsight","pricing_title_caption":"Solution num\u00e9rique multiplateforme qui fonctionne sur n'importe quel site","pricing_price":"\u00c0 partir de $0\/mois","pricing_price_caption":"Commencez avec un plan gratuit","pricing_benefits":[{"text":"Sites Web illimit\u00e9s"},{"text":"\u00c9quipe d'assistance professionnelle"},{"text":"Service d'installation gratuit"},{"text":"100% personnalisable"}],"pricing_button_text":"Ajouter au site Web","pricing_button_url":"https:\/\/apps.elfsight.com\/sign-up\/","pricing_button_nofollow":"1","_state":"expanded"}],"related_apps_title":"","related_apps_hidden":"1","author":"","image":[],"title":"","job":"","social_networks":[]},"_links":{"self":[{"href":"https:\/\/elfsight.com\/fr\/wp-json\/wp\/v2\/pages\/4863","targetHints":{"allow":["GET"]}}],"collection":[{"href":"https:\/\/elfsight.com\/fr\/wp-json\/wp\/v2\/pages"}],"about":[{"href":"https:\/\/elfsight.com\/fr\/wp-json\/wp\/v2\/types\/page"}],"author":[{"embeddable":true,"href":"https:\/\/elfsight.com\/fr\/wp-json\/wp\/v2\/users\/18"}],"replies":[{"embeddable":true,"href":"https:\/\/elfsight.com\/fr\/wp-json\/wp\/v2\/comments?post=4863"}],"version-history":[{"count":3,"href":"https:\/\/elfsight.com\/fr\/wp-json\/wp\/v2\/pages\/4863\/revisions"}],"predecessor-version":[{"id":15861,"href":"https:\/\/elfsight.com\/fr\/wp-json\/wp\/v2\/pages\/4863\/revisions\/15861"}],"up":[{"embeddable":true,"href":"https:\/\/elfsight.com\/fr\/wp-json\/wp\/v2\/pages\/854"}],"wp:attachment":[{"href":"https:\/\/elfsight.com\/fr\/wp-json\/wp\/v2\/media?parent=4863"}],"curies":[{"name":"wp","href":"https:\/\/api.w.org\/{rel}","templated":true}]}}