{"id":4861,"date":"2021-12-03T09:40:07","date_gmt":"2021-12-03T09:40:07","guid":{"rendered":"https:\/\/elfsight.com\/fr\/?page_id=4861"},"modified":"2025-07-09T17:23:16","modified_gmt":"2025-07-09T17:23:16","slug":"html","status":"publish","type":"page","link":"https:\/\/elfsight.com\/fr\/facebook-feed-widget\/html\/","title":{"rendered":"Facebook Feed &#8211; HTML"},"content":{"rendered":"<div class=\"application-platform-content-item-description application-platform-content-item\" id=\"description\" data-nav-section=\"description\"><h2>Description<\/h2><p>Int\u00e9grez le contenu de votre page Facebook dans notre plugin avanc\u00e9 \u2013 Facebook Feed. Fil d\u2019actualit\u00e9, vid\u00e9os, images \u2013 vous pouvez \u00eatre s\u00fbr que vos utilisateurs ne sauteront pas une seule actualit\u00e9. Un look \u00e9l\u00e9gant avec des composants originaux de Facebook ne passera pas inaper\u00e7u et contribuera non seulement \u00e0 retenir les utilisateurs actuels sur le site, mais \u00e9galement \u00e0 attirer de nouveaux abonn\u00e9s Facebook.<\/p><p><b>\u00c9levez votre marketing sur les r\u00e9seaux sociaux \u00e0 un niveau in\u00e9dit. niveau \u00e0 l&rsquo;aide du plugin HTML de page Facebook.<\/b><\/p><ul><li><b>Augmentez la conversion de votre site Web jusqu&rsquo;\u00e0 112\u00a0% <\/b>.<br>Appliquez un composant social sur votre site Web, pour acqu\u00e9rir plus de clients. Permettez \u00e0 vos lecteurs de d\u00e9couvrir votre marque sur Facebook et d&rsquo;obtenir leur confiance, ce qui contribuera \u00e0 booster votre conversion.<\/li><li><b>Parvenez \u00e0 une implication profonde des clients dans votre vie sur les r\u00e9seaux sociaux<\/b>.<br>Don Ne vous arr\u00eatez pas seulement au site Web, laissez chaque client v\u00e9rifier votre entreprise sur Facebook en d\u00e9tail\u00a0: impliquez les clients dans la vie interne de votre entreprise et vous gagnerez ainsi les partisans les plus fid\u00e8les.<\/li><li><b>3 plugin Facebook en 1<\/b>.<br>Tous vos contenus Facebook dans un seul plugin\u00a0: affichez les actualit\u00e9s avec des commentaires, des likes ou d&rsquo;autres r\u00e9actions\u00a0; Cr\u00e9ez des photos et des listes de vid\u00e9os sur le site Web \u00e0 l&rsquo;aide des albums Facebook.<\/li><\/ul><\/div><div class=\"application-platform-content-item-features application-platform-content-item\" id=\"features\" data-nav-section=\"features\"><h2>Fonctionnalit\u00e9s<\/h2><p>Quelques avantages qui font de notre Facebook Alimentez un plugin vraiment pr\u00e9cieux pour n&rsquo;importe quel site Web HTML.<\/p><ul><li>2 sources Facebook prises en charge\u00a0: pages, profils\u00a0;<\/li><li>Pop-ups personnalisables avec \u00e9l\u00e9ments commutables\u00a0: auteur, nombre de likes, partages nombre, commentaires\u00a0;<\/li><li>Boutons J&rsquo;aime et Partager sur l&rsquo;en-t\u00eate\u00a0;<\/li><li>Activer ou d\u00e9sactiver l&rsquo;en-t\u00eate\u00a0;<\/li><li>12 langues populaires prises en charge.<\/li><\/ul><p><a href=\"#demo\">Voir toutes les fonctionnalit\u00e9s dans la d\u00e9mo en direct<\/a>.<\/p><\/div><div class=\"application-platform-content-item-installation application-platform-content-item\" id=\"installation\" data-nav-section=\"installation\"><h2>Comment int\u00e9grer Facebook plugin pour site Web HTML<\/h2><iframe width=\"720\" height=\"405\" src=\"https:\/\/www.youtube.com\/embed\/L9fQwrdrAyk\" frameborder=\"0\" allowfullscreen=\"\"><\/iframe><p>\u00c9tudiez notre guide, pour finir par ajouter le plugin au site. Cela ne prendra pas plus de quelques minutes et ne n\u00e9cessitera aucune connaissance en programmation.<\/p><ol><li><b>Construisez votre flux Facebook personnalis\u00e9<\/b>.<br>Avec l&rsquo;aide de notre configurateur gratuit , cr\u00e9ez un plugin avec le mod\u00e8le et les options n\u00e9cessaires.<\/li><li><b>Copiez le code pour afficher le plugin<\/b>.<br>Apr\u00e8s la personnalisation du plugin, obtenez le code du plugin Facebook \u00e0 partir de la notification qui appara\u00eet sur Elfsight Apps.<\/li><li><b>Int\u00e9grez le plugin sur la page HTML<\/b>.<br>Ouvrez le code de la page dans l&rsquo;\u00e9diteur HTML et ins\u00e9rez le plugin \u00e0 l&rsquo;endroit n\u00e9cessaire (contenu, pied de page, barre lat\u00e9rale , etc.) et enregistrez les r\u00e9sultats.<\/li><li><b>Vous avez termin\u00e9\u00a0!<\/b><br>Ouvrez le site HTML pour v\u00e9rifier votre plugin.<\/li><\/ol><p>Avez-vous besoin d&rsquo;un support plus d\u00e9taill\u00e9 ? Lisez un <a href=\"https:\/\/elfsight.com\/tutorials\/how-to-add-facebook-feed-widget-to-html\/\" target=\"_blank\" rel=\"noopener noreferrer\">manuel complet<\/a> ou adressez-vous \u00e0 notre service client, et nous serons heureux de vous proposer une solution.<\/p><\/div><div class=\"faq\" data-component=\"FAQ\"><div class=\"faq-item\">\r\n\t\t\t\t\t<div class=\"faq-item-question\">\r\n\t\t\t\t\t\t<h3 class=\"faq-item-question-text\">Comment puis-je ajouter le chat WhatsApp sur mon site HTML sans comp\u00e9tences en codage ?<\/h3>\r\n\r\n\t\t\t\t\t\t<div class=\"faq-item-question-icon\"><\/div>\r\n\t\t\t\t\t<\/div>\r\n\r\n\t\t\t\t\t<div class=\"faq-item-answer\">\r\n\t\t\t\t\t\t<div class=\"faq-item-answer-text\"><p>La soci\u00e9t\u00e9 Elfsight propose une solution qui permet aux utilisateurs de cr\u00e9er eux-m\u00eames une application WhatsApp Chat. Regardez le guide simple\u00a0: <\/p><ul><li>Acc\u00e9dez \u00e0 la d\u00e9mo en direct pour cr\u00e9ez un plugin WhatsApp Chat que vous souhaitez int\u00e9grer sur votre page d&rsquo;accueil HTML.<\/li><li>Choisissez l&rsquo;un des mod\u00e8les pr\u00e9d\u00e9finis et modifiez les param\u00e8tres de WhatsApp Chat, ajoutez votre contenu, modifiez la mise en page et les couleurs sans codage.<\/li><li>Enregistrez le chat WhatsApp et obtenez le code d&rsquo;installation, que vous pouvez coller sans effort dans n&rsquo;importe quelle page Web HTML sans acheter d&rsquo;abonnement payant. <\/li><\/ul><p>Gr\u00e2ce au configurateur intuitif, tout utilisateur Web peut cr\u00e9er une section de discussion WhatsApp en ligne et l&rsquo;inclure facilement \u00e0 sa page d&rsquo;accueil HTML. Vous ne devez pas payer ni soumettre les informations d&rsquo;identification de votre carte pour acc\u00e9der au service Elfsight. Si vous rencontrez des probl\u00e8mes de quelque nature que ce soit, n&rsquo;h\u00e9sitez pas \u00e0 vous adresser \u00e0 notre \u00e9quipe d&rsquo;assistance.<\/p><\/div>\r\n\t\t\t\t\t<\/div>\r\n\t\t\t\t<\/div><\/div>","protected":false},"excerpt":{"rendered":"","protected":false},"author":18,"featured_media":0,"parent":854,"menu_order":0,"comment_status":"closed","ping_status":"closed","template":"templates\/template-application-platform.php","meta":{"publish_to_discourse":"","publish_post_category":"","wpdc_auto_publish_overridden":"","wpdc_topic_tags":"","wpdc_pin_topic":"","wpdc_pin_until":"","discourse_post_id":"","discourse_permalink":"","wpdc_publishing_response":"","wpdc_publishing_error":"","footnotes":""},"class_list":["post-4861","page","type-page","status-publish","hentry"],"yoast_head":"<!-- This site is optimized with the Yoast SEO plugin v25.3.1 - https:\/\/yoast.com\/wordpress\/plugins\/seo\/ -->\n<title>Widget Facebook - ajoutez widget Flux Facebook sur HTML<\/title>\n<meta name=\"description\" content=\"Int\u00e9grez un Widget Facebook avantageux sur votre site. Appliquez la d\u00e9mo d&#039;Elfsight et g\u00e9n\u00e9rez votre widget en quelques minutes.\" \/>\n<meta name=\"robots\" content=\"index, follow, max-snippet:-1, max-image-preview:large, max-video-preview:-1\" \/>\n<link rel=\"canonical\" href=\"https:\/\/elfsight.com\/fr\/facebook-feed-widget\/html\/\" \/>\n<meta property=\"og:locale\" content=\"fr_FR\" \/>\n<meta property=\"og:type\" content=\"article\" \/>\n<meta property=\"og:title\" content=\"Widget Facebook - ajoutez widget Flux Facebook sur HTML\" \/>\n<meta property=\"og:description\" content=\"Int\u00e9grez un Widget Facebook avantageux sur votre site. Appliquez la d\u00e9mo d&#039;Elfsight et g\u00e9n\u00e9rez votre widget en quelques minutes.\" \/>\n<meta property=\"og:url\" content=\"https:\/\/elfsight.com\/fr\/facebook-feed-widget\/html\/\" \/>\n<meta property=\"og:site_name\" content=\"Elfsight FR\" \/>\n<meta property=\"article:modified_time\" content=\"2025-07-09T17:23:16+00:00\" \/>\n<meta name=\"twitter:card\" content=\"summary_large_image\" \/>\n<meta name=\"twitter:label1\" content=\"Dur\u00e9e de lecture estim\u00e9e\" \/>\n\t<meta name=\"twitter:data1\" content=\"1 minute\" \/>\n<!-- \/ Yoast SEO plugin. -->","yoast_head_json":{"title":"Widget Facebook - ajoutez widget Flux Facebook sur HTML","description":"Int\u00e9grez un Widget Facebook avantageux sur votre site. Appliquez la d\u00e9mo d'Elfsight et g\u00e9n\u00e9rez votre widget en quelques minutes.","robots":{"index":"index","follow":"follow","max-snippet":"max-snippet:-1","max-image-preview":"max-image-preview:large","max-video-preview":"max-video-preview:-1"},"canonical":"https:\/\/elfsight.com\/fr\/facebook-feed-widget\/html\/","og_locale":"fr_FR","og_type":"article","og_title":"Widget Facebook - ajoutez widget Flux Facebook sur HTML","og_description":"Int\u00e9grez un Widget Facebook avantageux sur votre site. Appliquez la d\u00e9mo d'Elfsight et g\u00e9n\u00e9rez votre widget en quelques minutes.","og_url":"https:\/\/elfsight.com\/fr\/facebook-feed-widget\/html\/","og_site_name":"Elfsight FR","article_modified_time":"2025-07-09T17:23:16+00:00","twitter_card":"summary_large_image","twitter_misc":{"Dur\u00e9e de lecture estim\u00e9e":"1 minute"},"schema":{"@context":"https:\/\/schema.org","@graph":[{"@type":"WebPage","@id":"https:\/\/elfsight.com\/fr\/facebook-feed-widget\/html\/","url":"https:\/\/elfsight.com\/fr\/facebook-feed-widget\/html\/","name":"Widget Facebook - ajoutez widget Flux Facebook sur HTML","isPartOf":{"@id":"https:\/\/elfsight.com\/fr\/#website"},"datePublished":"2021-12-03T09:40:07+00:00","dateModified":"2025-07-09T17:23:16+00:00","description":"Int\u00e9grez un Widget Facebook avantageux sur votre site. Appliquez la d\u00e9mo d'Elfsight et g\u00e9n\u00e9rez votre widget en quelques minutes.","breadcrumb":{"@id":"https:\/\/elfsight.com\/fr\/facebook-feed-widget\/html\/#breadcrumb"},"inLanguage":"fr-FR","potentialAction":[{"@type":"ReadAction","target":["https:\/\/elfsight.com\/fr\/facebook-feed-widget\/html\/"]}]},{"@type":"BreadcrumbList","@id":"https:\/\/elfsight.com\/fr\/facebook-feed-widget\/html\/#breadcrumb","itemListElement":[{"@type":"ListItem","position":1,"name":"Home","item":"https:\/\/elfsight.com\/fr\/"},{"@type":"ListItem","position":2,"name":"Facebook Feed","item":"https:\/\/elfsight.com\/fr\/facebook-feed-widget\/"},{"@type":"ListItem","position":3,"name":"Facebook Feed &#8211; HTML"}]},{"@type":"WebSite","@id":"https:\/\/elfsight.com\/fr\/#website","url":"https:\/\/elfsight.com\/fr\/","name":"Elfsight FR","description":"","potentialAction":[{"@type":"SearchAction","target":{"@type":"EntryPoint","urlTemplate":"https:\/\/elfsight.com\/fr\/?s={search_term_string}"},"query-input":{"@type":"PropertyValueSpecification","valueRequired":true,"valueName":"search_term_string"}}],"inLanguage":"fr-FR"}]}},"meta_box":{"industry":"","seo_heading":"","heading":"","description":"","cta_heading":"","cta_description":"","application":"846","h1":"Widget Widget Facebook pour HTML","h1_caption":"Int\u00e9grez les publications de votre page Facebook pour que les visiteurs de votre site Web restent int\u00e9ress\u00e9s par vos derni\u00e8res mises \u00e0 jour et actualit\u00e9s sur votre site Web HTML sans effort.","application_category":[],"applications_title":"","applications_request_title":"","applications_request_button_text":"","hero_text":"","hero_video":"","hero_video_schema_markup":"","selling_points_title":"","selling_points_caption":"","selling_points":[],"selling_points_cta_text":"","features_title":"","features":"","ed_cta_examples_text":"","ed_cta_examples_hidden":"","ed_cta_demo_text":"","ed_cta_demo_hidden":"","why_caption":"","why_editor_title":"","why_editor_text":"","why_team_title":"","why_team_text":"","why_service_title":"","why_service_text":"","template_catalog_visible":"","template_catalog_title":"","template_catalog_text":"","template_catalog_categories_visible":"","demo_title":"Cr\u00e9ez votre widget de flux Facebook","demo_caption":"Configurez votre flux Facebook et ajoutez-le gratuitement \u00e0 votre site Web HTML\u00a0!","default_faq_hidden":"","app_template_category":[],"platform":"352","template_public_id":"","codecanyon_url":"","codecanyon_item_id":"","codecanyon_price":"","pricing_caption":"","pricing_elfsight_apps_hide_column":"","pricing_elfsight_apps_url":"","pricing_codecanyon_price_caption":"","integration_category":[],"integration_request_title":"","integration_request_cta":"","integration_platform":"","integrations":[],"platform_category":[],"video_schema_markup":"","price":"\u00c0 partir de $0\/mois","trial":"","benefits":[{"text":"Installation gratuite"},{"text":"Support Premium"},{"text":"Garantie de remboursement de 14 jours"},{"text":"L'am\u00e9lioration continue"}],"button_url":"#demo","button_target_blank":"0","button_nofollow":"0","attributes":[{"name":"Nombre d'installations","content":"1,000 - 5,000","_state":"expanded"},{"name":"Adaptif","content":"Oui","_state":"expanded"},{"name":"Navigateurs compatibles","content":"Firefox, Safari, Opera, Chrome, Edge","_state":"expanded"}],"tags":[],"tags_disable_links":"0","hide_more_platforms":"","video_object":"","demo_hide_cta":"0","demo_hide_cloud_options":"0","pricing_title":"","pricing":[{"pricing_icon":"platform","pricing_title":"Applications d'Elfsight","pricing_title_caption":"Solution num\u00e9rique multiplateforme qui fonctionne sur n'importe quel site","pricing_price":"\u00c0 partir de $0\/mois","pricing_price_caption":"Commencez avec un plan gratuit","pricing_benefits":[{"text":"Sites Web illimit\u00e9s"},{"text":"\u00c9quipe d'assistance professionnelle"},{"text":"Service d'installation gratuit"},{"text":"100% personnalisable"}],"pricing_button_text":"Ajouter au site Web","pricing_button_url":"https:\/\/apps.elfsight.com\/sign-up\/","pricing_button_nofollow":"1","_state":"expanded"}],"related_apps_title":"","related_apps_hidden":"1","author":"","image":[],"title":"","job":"","social_networks":[]},"_links":{"self":[{"href":"https:\/\/elfsight.com\/fr\/wp-json\/wp\/v2\/pages\/4861","targetHints":{"allow":["GET"]}}],"collection":[{"href":"https:\/\/elfsight.com\/fr\/wp-json\/wp\/v2\/pages"}],"about":[{"href":"https:\/\/elfsight.com\/fr\/wp-json\/wp\/v2\/types\/page"}],"author":[{"embeddable":true,"href":"https:\/\/elfsight.com\/fr\/wp-json\/wp\/v2\/users\/18"}],"replies":[{"embeddable":true,"href":"https:\/\/elfsight.com\/fr\/wp-json\/wp\/v2\/comments?post=4861"}],"version-history":[{"count":2,"href":"https:\/\/elfsight.com\/fr\/wp-json\/wp\/v2\/pages\/4861\/revisions"}],"predecessor-version":[{"id":14838,"href":"https:\/\/elfsight.com\/fr\/wp-json\/wp\/v2\/pages\/4861\/revisions\/14838"}],"up":[{"embeddable":true,"href":"https:\/\/elfsight.com\/fr\/wp-json\/wp\/v2\/pages\/854"}],"wp:attachment":[{"href":"https:\/\/elfsight.com\/fr\/wp-json\/wp\/v2\/media?parent=4861"}],"curies":[{"name":"wp","href":"https:\/\/api.w.org\/{rel}","templated":true}]}}