{"id":4857,"date":"2021-12-03T09:40:13","date_gmt":"2021-12-03T09:40:13","guid":{"rendered":"https:\/\/elfsight.com\/fr\/?page_id=4857"},"modified":"2025-07-09T17:23:03","modified_gmt":"2025-07-09T17:23:03","slug":"godaddy","status":"publish","type":"page","link":"https:\/\/elfsight.com\/fr\/facebook-feed-widget\/godaddy\/","title":{"rendered":"Facebook Feed &#8211; GoDaddy"},"content":{"rendered":"<div class=\"application-platform-content-item-description application-platform-content-item\" id=\"description\" data-nav-section=\"description\"> <h2>Int\u00e9grer le flux Facebook sur GoDaddy avec le widget Elfsight<\/h2> <p>Elfsight Facebook Reviews est un moyen simple d&rsquo;int\u00e9grer les avis de votre Facebook page sur votre site Web et augmentez la confiance envers votre marque parmi les visiteurs du site Web. Vous pouvez filtrer vos avis, ajouter un nombre d&rsquo;\u00e9toiles, des informations sur l&rsquo;auteur et afficher un bouton pour laisser un nouvel avis. Notre plugin Facebook Reviews propose diverses mises en page et mod\u00e8les d&rsquo;avis, des \u00e9l\u00e9ments commutables et un en-t\u00eate flexible pour une personnalisation maximale. Avec vos avis Facebook sur le site Web, vous d\u00e9montrerez une appr\u00e9ciation \u00e9lev\u00e9e, renforcerez la confiance et obtiendrez encore plus d&rsquo;avis.<\/p> <p><b>Augmentez la confiance en affichant les avis de vraies personnes avec les informations sur l&rsquo;auteur\u00a0!<\/b><\/p> <\/div> <div class=\"application-platform-content-item-features application-platform-content-item\" id=\"features\" data-nav-section=\"features\"> <h2>Voici quelques-unes des diff\u00e9rentes fonctionnalit\u00e9s du plugin\u00a0: <\/h2> <ul><li>22 langues pr\u00e9d\u00e9finies prises en charge\u00a0; <\/li> <li>Navigation par fl\u00e8ches et glissements dans la disposition Slider\u00a0; <\/li> <li>Largeur et hauteur du plugin r\u00e9glables\u00a0; <\/li> <li>Bouton de demande de r\u00e9vision pour rediriger sur la page Facebook\u00a0; <\/li> <li>Trois types de d\u00e9coration d&rsquo;avis\u00a0: Bordure, Arri\u00e8re-plan, Aucun\u00a0; <\/li> <\/ul><p><a href=\"#demo\">Vous pouvez explorer les offres du plugin \u00e0 l&rsquo;aide de la d\u00e9mo<\/a><\/p> <\/div> <div class=\"application-platform-content-item-installation application-platform-content-item\" id=\"installation\" data-nav-section=\"installation\"> <h2>Comment puis-je int\u00e9grer des avis Facebook sur mon site GoDaddy\u00a0? <\/h2> <p>Suivez simplement plusieurs \u00e9tapes ci-dessous pour ins\u00e9rer le plugin. <\/p> <ol><li><b>Utilisez notre d\u00e9mo gratuite et commencez \u00e0 cr\u00e9er votre instrument sur mesure. <\/b><br> D\u00e9terminez la forme et les sp\u00e9cifications appropri\u00e9es du plugin et enregistrez les modifications. <\/li> <li><b>Recevez votre code individuel apparaissant dans la fen\u00eatre des applications Elfsight. <\/b><br> D\u00e8s que la g\u00e9n\u00e9ration de votre plugin est termin\u00e9e, copiez le code individuel dans la fen\u00eatre qui appara\u00eet et enregistrez-le pour une utilisation ult\u00e9rieure. <\/li> <li><b>Commencez \u00e0 utiliser le plugin sur votre site GoDaddy. <\/b><br> Int\u00e9grez le code que vous avez copi\u00e9 r\u00e9cemment dans votre page et enregistrez les ajustements. <\/li> <li><b>Fait\u00a0! L&rsquo;int\u00e9gration est pleinement r\u00e9alis\u00e9e. <\/b><br> Acc\u00e9dez \u00e0 votre site Web pour v\u00e9rifier le travail du plugin. <\/li><\/ol> <p>Si vous rencontrez des questions ou rencontrez des difficult\u00e9s, n&rsquo;h\u00e9sitez pas \u00e0 contacter notre service client. Nos consultants seront ravis de r\u00e9soudre toutes les difficult\u00e9s que vous pourriez rencontrer avec le plugin. <\/p> <\/div><div class=\"faq\" data-component=\"FAQ\"><div class=\"faq-item\">\r\n\t\t\t\t\t<div class=\"faq-item-question\">\r\n\t\t\t\t\t\t<h3 class=\"faq-item-question-text\">Existe-t-il une option pour ajouter WhatsApp Chat \u00e0 mon site GoDaddy sans exp\u00e9rience en codage ?<\/h3>\r\n\r\n\t\t\t\t\t\t<div class=\"faq-item-question-icon\"><\/div>\r\n\t\t\t\t\t<\/div>\r\n\r\n\t\t\t\t\t<div class=\"faq-item-answer\">\r\n\t\t\t\t\t\t<div class=\"faq-item-answer-text\"><p>La soci\u00e9t\u00e9 Elfsight offre une solution qui vous permet de cr\u00e9er vous-m\u00eame une section de discussion WhatsApp, d\u00e9couvrez le guide simple\u00a0: <\/p><ul><li>Commencez \u00e0 travailler directement dans l&rsquo;\u00e9diteur en direct pour g\u00e9n\u00e9rer une section de discussion WhatsApp que vous souhaitez voir appara\u00eetre sur le site GoDaddy.<\/li><li>Cliquez sur l&rsquo;un des mod\u00e8les pr\u00e9d\u00e9finis et ajustez les param\u00e8tres du chat WhatsApp, ajoutez votre contenu, modifiez la mise en page et les couleurs sans exp\u00e9rience de codage.<\/li><li>Cliquez pour enregistrer le chat WhatsApp et copier le plugin. code d&rsquo;installation, que vous pouvez inclure gratuitement dans la page d&rsquo;accueil de GoDaddy. <\/li><\/ul><p>En travaillant dans notre configurateur convivial, chaque utilisateur Web peut cr\u00e9er le plugin WhatsApp Chat en ligne et l&rsquo;ajouter sans effort \u00e0 la page d&rsquo;accueil de GoDaddy. Il n&rsquo;est pas n\u00e9cessaire de souscrire un abonnement payant ou de soumettre les informations d&rsquo;identification de votre carte pour acc\u00e9der \u00e0 notre \u00e9diteur. Si vous rencontrez des probl\u00e8mes de quelque nature que ce soit, n&rsquo;h\u00e9sitez pas \u00e0 parler \u00e0 notre \u00e9quipe d&rsquo;assistance technique.<\/p><\/div>\r\n\t\t\t\t\t<\/div>\r\n\t\t\t\t<\/div><\/div>","protected":false},"excerpt":{"rendered":"","protected":false},"author":18,"featured_media":0,"parent":854,"menu_order":0,"comment_status":"closed","ping_status":"closed","template":"templates\/template-application-platform.php","meta":{"publish_to_discourse":"","publish_post_category":"","wpdc_auto_publish_overridden":"","wpdc_topic_tags":"","wpdc_pin_topic":"","wpdc_pin_until":"","discourse_post_id":"","discourse_permalink":"","wpdc_publishing_response":"","wpdc_publishing_error":"","footnotes":""},"class_list":["post-4857","page","type-page","status-publish","hentry"],"yoast_head":"<!-- This site is optimized with the Yoast SEO plugin v25.3.1 - https:\/\/yoast.com\/wordpress\/plugins\/seo\/ -->\n<title>Widget Facebook - ajoutez app Flux Facebook sur GoDaddy<\/title>\n<meta name=\"description\" content=\"Int\u00e9grez un Widget Facebook attractif sur votre site. Utilisez la d\u00e9mo d&#039;Elfsight et g\u00e9n\u00e9rez votre plugin en 2 minutes.\" \/>\n<meta name=\"robots\" content=\"index, follow, max-snippet:-1, max-image-preview:large, max-video-preview:-1\" \/>\n<link rel=\"canonical\" href=\"https:\/\/elfsight.com\/fr\/facebook-feed-widget\/godaddy\/\" \/>\n<meta property=\"og:locale\" content=\"fr_FR\" \/>\n<meta property=\"og:type\" content=\"article\" \/>\n<meta property=\"og:title\" content=\"Widget Facebook - ajoutez app Flux Facebook sur GoDaddy\" \/>\n<meta property=\"og:description\" content=\"Int\u00e9grez un Widget Facebook attractif sur votre site. Utilisez la d\u00e9mo d&#039;Elfsight et g\u00e9n\u00e9rez votre plugin en 2 minutes.\" \/>\n<meta property=\"og:url\" content=\"https:\/\/elfsight.com\/fr\/facebook-feed-widget\/godaddy\/\" \/>\n<meta property=\"og:site_name\" content=\"Elfsight FR\" \/>\n<meta property=\"article:modified_time\" content=\"2025-07-09T17:23:03+00:00\" \/>\n<meta name=\"twitter:card\" content=\"summary_large_image\" \/>\n<meta name=\"twitter:label1\" content=\"Dur\u00e9e de lecture estim\u00e9e\" \/>\n\t<meta name=\"twitter:data1\" content=\"1 minute\" \/>\n<!-- \/ Yoast SEO plugin. -->","yoast_head_json":{"title":"Widget Facebook - ajoutez app Flux Facebook sur GoDaddy","description":"Int\u00e9grez un Widget Facebook attractif sur votre site. Utilisez la d\u00e9mo d'Elfsight et g\u00e9n\u00e9rez votre plugin en 2 minutes.","robots":{"index":"index","follow":"follow","max-snippet":"max-snippet:-1","max-image-preview":"max-image-preview:large","max-video-preview":"max-video-preview:-1"},"canonical":"https:\/\/elfsight.com\/fr\/facebook-feed-widget\/godaddy\/","og_locale":"fr_FR","og_type":"article","og_title":"Widget Facebook - ajoutez app Flux Facebook sur GoDaddy","og_description":"Int\u00e9grez un Widget Facebook attractif sur votre site. Utilisez la d\u00e9mo d'Elfsight et g\u00e9n\u00e9rez votre plugin en 2 minutes.","og_url":"https:\/\/elfsight.com\/fr\/facebook-feed-widget\/godaddy\/","og_site_name":"Elfsight FR","article_modified_time":"2025-07-09T17:23:03+00:00","twitter_card":"summary_large_image","twitter_misc":{"Dur\u00e9e de lecture estim\u00e9e":"1 minute"},"schema":{"@context":"https:\/\/schema.org","@graph":[{"@type":"WebPage","@id":"https:\/\/elfsight.com\/fr\/facebook-feed-widget\/godaddy\/","url":"https:\/\/elfsight.com\/fr\/facebook-feed-widget\/godaddy\/","name":"Widget Facebook - ajoutez app Flux Facebook sur GoDaddy","isPartOf":{"@id":"https:\/\/elfsight.com\/fr\/#website"},"datePublished":"2021-12-03T09:40:13+00:00","dateModified":"2025-07-09T17:23:03+00:00","description":"Int\u00e9grez un Widget Facebook attractif sur votre site. Utilisez la d\u00e9mo d'Elfsight et g\u00e9n\u00e9rez votre plugin en 2 minutes.","breadcrumb":{"@id":"https:\/\/elfsight.com\/fr\/facebook-feed-widget\/godaddy\/#breadcrumb"},"inLanguage":"fr-FR","potentialAction":[{"@type":"ReadAction","target":["https:\/\/elfsight.com\/fr\/facebook-feed-widget\/godaddy\/"]}]},{"@type":"BreadcrumbList","@id":"https:\/\/elfsight.com\/fr\/facebook-feed-widget\/godaddy\/#breadcrumb","itemListElement":[{"@type":"ListItem","position":1,"name":"Home","item":"https:\/\/elfsight.com\/fr\/"},{"@type":"ListItem","position":2,"name":"Facebook Feed","item":"https:\/\/elfsight.com\/fr\/facebook-feed-widget\/"},{"@type":"ListItem","position":3,"name":"Facebook Feed &#8211; GoDaddy"}]},{"@type":"WebSite","@id":"https:\/\/elfsight.com\/fr\/#website","url":"https:\/\/elfsight.com\/fr\/","name":"Elfsight FR","description":"","potentialAction":[{"@type":"SearchAction","target":{"@type":"EntryPoint","urlTemplate":"https:\/\/elfsight.com\/fr\/?s={search_term_string}"},"query-input":{"@type":"PropertyValueSpecification","valueRequired":true,"valueName":"search_term_string"}}],"inLanguage":"fr-FR"}]}},"meta_box":{"industry":"","seo_heading":"","heading":"","description":"","cta_heading":"","cta_description":"","application":"846","h1":"App Widget Facebook pour GoDaddy","h1_caption":"Int\u00e9grez les publications de votre page Facebook pour que les visiteurs de votre site Web restent int\u00e9ress\u00e9s par vos derni\u00e8res mises \u00e0 jour et actualit\u00e9s sur votre site Web GoDaddy sans effort.","application_category":[],"applications_title":"","applications_request_title":"","applications_request_button_text":"","hero_text":"","hero_video":"","hero_video_schema_markup":"","selling_points_title":"","selling_points_caption":"","selling_points":[],"selling_points_cta_text":"","features_title":"","features":"","ed_cta_examples_text":"","ed_cta_examples_hidden":"","ed_cta_demo_text":"","ed_cta_demo_hidden":"","why_caption":"","why_editor_title":"","why_editor_text":"","why_team_title":"","why_team_text":"","why_service_title":"","why_service_text":"","template_catalog_visible":"","template_catalog_title":"","template_catalog_text":"","template_catalog_categories_visible":"","demo_title":"Cr\u00e9ez votre plugin de flux Facebook","demo_caption":"Configurez votre flux Facebook et ajoutez-le gratuitement \u00e0 votre site Web GoDaddy\u00a0!","default_faq_hidden":"","app_template_category":[],"platform":"370","template_public_id":"","codecanyon_url":"","codecanyon_item_id":"","codecanyon_price":"","pricing_caption":"","pricing_elfsight_apps_hide_column":"","pricing_elfsight_apps_url":"","pricing_codecanyon_price_caption":"","integration_category":[],"integration_request_title":"","integration_request_cta":"","integration_platform":"","integrations":[],"platform_category":[],"video_schema_markup":"","price":"\u00c0 partir de $0\/mois","trial":"","benefits":[{"text":"Installation gratuite"},{"text":"Support Premium"},{"text":"Garantie de remboursement de 14 jours"},{"text":"L'am\u00e9lioration continue"}],"button_url":"#demo","button_target_blank":"0","button_nofollow":"0","attributes":[{"name":"Nombre d'installations","content":"1,000 - 5,000","_state":"expanded"},{"name":"Adaptif","content":"Oui","_state":"expanded"},{"name":"Navigateurs compatibles","content":"Firefox, Safari, Opera, Chrome, Edge","_state":"expanded"}],"tags":[],"tags_disable_links":"0","hide_more_platforms":"","video_object":"","demo_hide_cta":"0","demo_hide_cloud_options":"0","pricing_title":"","pricing":[{"pricing_icon":"platform","pricing_title":"Applications d'Elfsight","pricing_title_caption":"Solution num\u00e9rique multiplateforme qui fonctionne sur n'importe quel site","pricing_price":"\u00c0 partir de $0\/mois","pricing_price_caption":"Commencez avec un plan gratuit","pricing_benefits":[{"text":"Sites Web illimit\u00e9s"},{"text":"\u00c9quipe d'assistance professionnelle"},{"text":"Service d'installation gratuit"},{"text":"100% personnalisable"}],"pricing_button_text":"Ajouter au site Web","pricing_button_url":"https:\/\/apps.elfsight.com\/sign-up\/","pricing_button_nofollow":"1","_state":"expanded"}],"related_apps_title":"","related_apps_hidden":"1","author":"","image":[],"title":"","job":"","social_networks":[]},"_links":{"self":[{"href":"https:\/\/elfsight.com\/fr\/wp-json\/wp\/v2\/pages\/4857","targetHints":{"allow":["GET"]}}],"collection":[{"href":"https:\/\/elfsight.com\/fr\/wp-json\/wp\/v2\/pages"}],"about":[{"href":"https:\/\/elfsight.com\/fr\/wp-json\/wp\/v2\/types\/page"}],"author":[{"embeddable":true,"href":"https:\/\/elfsight.com\/fr\/wp-json\/wp\/v2\/users\/18"}],"replies":[{"embeddable":true,"href":"https:\/\/elfsight.com\/fr\/wp-json\/wp\/v2\/comments?post=4857"}],"version-history":[{"count":2,"href":"https:\/\/elfsight.com\/fr\/wp-json\/wp\/v2\/pages\/4857\/revisions"}],"predecessor-version":[{"id":14840,"href":"https:\/\/elfsight.com\/fr\/wp-json\/wp\/v2\/pages\/4857\/revisions\/14840"}],"up":[{"embeddable":true,"href":"https:\/\/elfsight.com\/fr\/wp-json\/wp\/v2\/pages\/854"}],"wp:attachment":[{"href":"https:\/\/elfsight.com\/fr\/wp-json\/wp\/v2\/media?parent=4857"}],"curies":[{"name":"wp","href":"https:\/\/api.w.org\/{rel}","templated":true}]}}