{"id":4851,"date":"2021-12-03T09:40:22","date_gmt":"2021-12-03T09:40:22","guid":{"rendered":"https:\/\/elfsight.com\/fr\/?page_id=4851"},"modified":"2025-01-23T17:23:46","modified_gmt":"2025-01-23T17:23:46","slug":"drupal","status":"publish","type":"page","link":"https:\/\/elfsight.com\/fr\/facebook-feed-widget\/drupal\/","title":{"rendered":"Facebook Feed &#8211; Drupal"},"content":{"rendered":"\n<div class=\"application-platform-content-item-description application-platform-content-item\" id=\"description\" data-nav-section=\"description\"><h2>Description<\/h2><p>Affichez votre page Facebook dans notre plugin multifonctionnel \u2013 Facebook Feed. Fil d\u2019actualit\u00e9, vid\u00e9os, photos \u2013 vous pouvez \u00eatre s\u00fbr que vos visiteurs ne manqueront aucune annonce. Un design attrayant avec des \u00e9l\u00e9ments originaux de Facebook ne passera pas inaper\u00e7u et contribuera non seulement \u00e0 retenir les lecteurs actuels sur le site Web, mais \u00e9galement \u00e0 attirer de nouveaux abonn\u00e9s Facebook.<\/p><p><b>Augmentez l&rsquo;engagement de vos clients \u00e0 un niveau avanc\u00e9 pris en charge. par le plugin Drupal Facebook.<\/b><\/p><ul><li><b>Faites en sorte que les utilisateurs restent sur le site Web<\/b>.<br>Appliquez des \u00e9l\u00e9ments sociaux et attrayants, qui attirent l&rsquo;attention des utilisateurs, pour maintenir sur la page et fournissez-leur plus de d\u00e9tails sur vos articles ou services.<\/li><li><b>Ayez un profond int\u00e9r\u00eat parmi les lecteurs de votre site<\/b>.<br>Ne vous arr\u00eatez pas uniquement au site Web. , laissez chaque visiteur \u00e9tudier votre entreprise sur Facebook en d\u00e9tail\u00a0: impliquez les visiteurs dans la vie interne de votre entreprise et trouvez les fans les plus fid\u00e8les.<\/li><li><b>Tout Facebook dans un seul widget<\/b>. Tous vos contenus Facebook dans un seul widget : affichez les actualit\u00e9s avec des commentaires, des partages ou d&rsquo;autres r\u00e9actions ; g\u00e9n\u00e9rer des collections d&rsquo;images et de vid\u00e9os sur le site Web au moyen d&rsquo;albums Facebook.<\/li><\/ul><div class=\"faq\" data-component=\"FAQ\"> <div class=\"faq-item\">\r\n\t\t\t\t\t<div class=\"faq-item-question\">\r\n\t\t\t\t\t\t<h3 class=\"faq-item-question-text\">Quels autres widgets pour Drupal peuvent \u00eatre ajout\u00e9s \u00e0 mon site ? <\/h3>\r\n\r\n\t\t\t\t\t\t<div class=\"faq-item-question-icon\"><\/div>\r\n\t\t\t\t\t<\/div>\r\n\r\n\t\t\t\t\t<div class=\"faq-item-answer\">\r\n\t\t\t\t\t\t<div class=\"faq-item-answer-text\"> <p>Il y en a un certain nombre de widgets pour vous permettre d&rsquo;atteindre tout type d&rsquo;objectif sur votre site Web. Choisissez celui qui r\u00e9pond \u00e0 vos besoins\u00a0: <a href=\"https:\/\/elfsight.com\/whatsapp-chat-widget\/drupal\/\">WhatsApp Chat<\/a>, <a href=\"https:\/\/elfsight.com \/online-form-builder\/drupal\/\">G\u00e9n\u00e9rateur de formulaires<\/a>, <a href=\"https:\/\/elfsight.com\/pdf-embed-widget\/drupal\/\">PDF int\u00e9gr\u00e9<\/a>, <a href=\"https:\/\/elfsight.com\/instagram-feed-instashow\/drupal\/\">Flux Instagram<\/a>, <a href=\"https:\/\/elfsight.com\/event-calendar-widget\/drupal\/\">Calendrier des \u00e9v\u00e9nements<\/a>. <\/p> <\/div>\r\n\t\t\t\t\t<\/div>\r\n\t\t\t\t<\/div> <div class=\"faq-item\">\r\n\t\t\t\t\t<div class=\"faq-item-question\">\r\n\t\t\t\t\t\t<h3 class=\"faq-item-question-text\">Comment puis-je int\u00e9grer le module Facebook Feed dans mon site Drupal ? <\/h3>\r\n\r\n\t\t\t\t\t\t<div class=\"faq-item-question-icon\"><\/div>\r\n\t\t\t\t\t<\/div>\r\n\r\n\t\t\t\t\t<div class=\"faq-item-answer\">\r\n\t\t\t\t\t\t<div class=\"faq-item-answer-text\"> <p>Vous pouvez ajouter le module Facebook Feed dans votre site Drupal sans effort &#8211; l&rsquo;int\u00e9gration du le widget ne prendra que quelques minutes. Ouvrez simplement le tableau d&rsquo;administration et suivez ces \u00e9tapes\u00a0: <\/p><ol><li>Cliquez sur les param\u00e8tres du th\u00e8me. <\/li><li>Trouvez le bloc dans lequel vous vous trouvez pour ajouter votre flux Facebook Drupal avec des images et des publications. <\/li><li>Int\u00e9grez le code d&rsquo;Elfsight Apps et appliquez vos modifications. <\/li><li>Tout est fait. <\/li><\/ol><p>Et n&rsquo;oubliez pas de consulter notre guide complet sur l&rsquo;installation du widget <a href=\"https:\/\/elfsight.com\/tutorials\/how-to-add-facebook-feed-to-any-website\/#drupal-facebook-feed\">ici<\/a>.<\/p><\/div>\r\n\t\t\t\t\t<\/div>\r\n\t\t\t\t<\/div> <div class=\"faq-item\">\r\n\t\t\t\t\t<div class=\"faq-item-question\">\r\n\t\t\t\t\t\t<h3 class=\"faq-item-question-text\">Puis-je voir votre module de flux Facebook en main <\/h3>\r\n\r\n\t\t\t\t\t\t<div class=\"faq-item-question-icon\"><\/div>\r\n\t\t\t\t\t<\/div>\r\n\r\n\t\t\t\t\t<div class=\"faq-item-answer\">\r\n\t\t\t\t\t\t<div class=\"faq-item-answer-text\"> <p>De\u00a0? cours! Chaque utilisateur d&rsquo;Elfsight a la possibilit\u00e9 d&rsquo;appliquer notre <a href=\"https:\/\/elfsight.com\/facebook-feed-widget\/#demo\">d\u00e9mo<\/a> en direct afin de voir le travail du module en action. En bonus, vous pouvez ajouter le widget Flux Facebook \u00e0 votre site Drupal directement depuis la d\u00e9mo\u00a0!<\/p><\/div>\r\n\t\t\t\t\t<\/div>\r\n\t\t\t\t<\/div> <\/div><\/div><div class=\"application-platform-content-item-features application-platform-content-item\" id=\"features\" data-nav-section=\"features\"><h2>Fonctionnalit\u00e9s<\/h2><p>Quelques attributs qui font de notre flux Facebook le meilleur plugin pour un site Drupal.<\/p><ul><li>2 sources Facebook prises en charge\u00a0: pages, profils\u00a0;<\/li><li>En-t\u00eate personnalisable avec \u00e9l\u00e9ments r\u00e9glables\u00a0: image de couverture, actions, image de page, nombre de likes\u00a0;<\/li><li>Vid\u00e9os avec informations commutables\u00a0: description, nombre de likes, nombre de commentaires\u00a0;<\/li><li>Afficher ou masquer le menu\u00a0;<\/li> <li>\u00c9diteur pratique et intuitif sans codage requis.<\/li><\/ul><p><a href=\"#demo\">D\u00e9couvrez tous les avantages dans la d\u00e9mo en direct<\/a>.<\/p><\/div><div class=\"application-platform-content-item-installation application-platform-content-item\" id=\"installation\" data-nav-section=\"installation\"><h2>Comment ajouter un module de page Facebook au site Web Drupal<\/h2><div class=\"video-container\"><iframe width=\"720\" height=\"405\" src=\"https:\/\/www.youtube.com\/embed\/aV0KEz5HJYY\" frameborder=\"0\" allowfullscreen=\"\"><\/iframe><\/div><p>Suivez simplement les \u00e9tapes suivantes pr\u00e9sent\u00e9es ci-dessous pour int\u00e9grer le module sur Drupal.<\/p> <ol><li><b>Utilisez notre configurateur gratuit et commencez \u00e0 cr\u00e9er votre module de flux Facebook personnalis\u00e9. <\/b><br> Recherchez la disposition et les fonctionnalit\u00e9s pr\u00e9f\u00e9rables du module et enregistrez les corrections. <\/li> <li><b>Acqu\u00e9rez votre code individuel qui est affich\u00e9 dans la case sur les applications Elfsight. <\/b><br> Une fois la configuration de votre widget personnel termin\u00e9e, copiez le code personnel dans la fen\u00eatre contextuelle qui appara\u00eet et enregistrez-le pour une occasion ult\u00e9rieure. <\/li> <li><b>Commencez \u00e0 utiliser le module sur le site Drupal. <\/b><br> Int\u00e9grez le code que vous avez copi\u00e9 auparavant dans votre site Web et enregistrez les ajustements. <\/li> <li><b>L&rsquo;installation est enti\u00e8rement termin\u00e9e. <\/b><br> Acc\u00e9dez \u00e0 votre site pour v\u00e9rifier les performances du module. <\/li><\/ol><p>Avez-vous besoin d&rsquo;un support plus d\u00e9taill\u00e9\u00a0? Suivez notre <a href=\"https:\/\/elfsight.com\/tutorials\/how-to-add-facebook-feed-to-drupal\/\" target=\"_blank\" rel=\"noopener noreferrer\">tutoriel<\/a>, pour terminer l&rsquo;int\u00e9gration ou contacter le support client d&rsquo;Elfsight, et nous serons heureux de vous proposer une r\u00e9ponse.<\/p><\/div>\n","protected":false},"excerpt":{"rendered":"","protected":false},"author":18,"featured_media":0,"parent":854,"menu_order":0,"comment_status":"closed","ping_status":"closed","template":"templates\/template-application-platform.php","meta":{"publish_to_discourse":"","publish_post_category":"","wpdc_auto_publish_overridden":"","wpdc_topic_tags":"","wpdc_pin_topic":"","wpdc_pin_until":"","discourse_post_id":"","discourse_permalink":"","wpdc_publishing_response":"","wpdc_publishing_error":"","footnotes":""},"class_list":["post-4851","page","type-page","status-publish","hentry"],"yoast_head":"<!-- This site is optimized with the Yoast SEO plugin v25.3.1 - https:\/\/yoast.com\/wordpress\/plugins\/seo\/ -->\n<title>Widget Facebook - ajoutez module Flux Facebook sur Drupal<\/title>\n<meta name=\"description\" content=\"Int\u00e9grez un Widget Facebook avantageux sur votre site. Appliquez la d\u00e9mo d&#039;Elfsight et g\u00e9n\u00e9rez votre widget en quelques minutes.\" \/>\n<meta name=\"robots\" content=\"index, follow, max-snippet:-1, max-image-preview:large, max-video-preview:-1\" \/>\n<link rel=\"canonical\" href=\"https:\/\/elfsight.com\/fr\/facebook-feed-widget\/drupal\/\" \/>\n<meta property=\"og:locale\" content=\"fr_FR\" \/>\n<meta property=\"og:type\" content=\"article\" \/>\n<meta property=\"og:title\" content=\"Widget Facebook - ajoutez module Flux Facebook sur Drupal\" \/>\n<meta property=\"og:description\" content=\"Int\u00e9grez un Widget Facebook avantageux sur votre site. Appliquez la d\u00e9mo d&#039;Elfsight et g\u00e9n\u00e9rez votre widget en quelques minutes.\" \/>\n<meta property=\"og:url\" content=\"https:\/\/elfsight.com\/fr\/facebook-feed-widget\/drupal\/\" \/>\n<meta property=\"og:site_name\" content=\"Elfsight FR\" \/>\n<meta property=\"article:modified_time\" content=\"2025-01-23T17:23:46+00:00\" \/>\n<meta name=\"twitter:card\" content=\"summary_large_image\" \/>\n<meta name=\"twitter:label1\" content=\"Dur\u00e9e de lecture estim\u00e9e\" \/>\n\t<meta name=\"twitter:data1\" content=\"4 minutes\" \/>\n<!-- \/ Yoast SEO plugin. -->","yoast_head_json":{"title":"Widget Facebook - ajoutez module Flux Facebook sur Drupal","description":"Int\u00e9grez un Widget Facebook avantageux sur votre site. Appliquez la d\u00e9mo d'Elfsight et g\u00e9n\u00e9rez votre widget en quelques minutes.","robots":{"index":"index","follow":"follow","max-snippet":"max-snippet:-1","max-image-preview":"max-image-preview:large","max-video-preview":"max-video-preview:-1"},"canonical":"https:\/\/elfsight.com\/fr\/facebook-feed-widget\/drupal\/","og_locale":"fr_FR","og_type":"article","og_title":"Widget Facebook - ajoutez module Flux Facebook sur Drupal","og_description":"Int\u00e9grez un Widget Facebook avantageux sur votre site. Appliquez la d\u00e9mo d'Elfsight et g\u00e9n\u00e9rez votre widget en quelques minutes.","og_url":"https:\/\/elfsight.com\/fr\/facebook-feed-widget\/drupal\/","og_site_name":"Elfsight FR","article_modified_time":"2025-01-23T17:23:46+00:00","twitter_card":"summary_large_image","twitter_misc":{"Dur\u00e9e de lecture estim\u00e9e":"4 minutes"},"schema":{"@context":"https:\/\/schema.org","@graph":[{"@type":"WebPage","@id":"https:\/\/elfsight.com\/fr\/facebook-feed-widget\/drupal\/","url":"https:\/\/elfsight.com\/fr\/facebook-feed-widget\/drupal\/","name":"Widget Facebook - ajoutez module Flux Facebook sur Drupal","isPartOf":{"@id":"https:\/\/elfsight.com\/fr\/#website"},"datePublished":"2021-12-03T09:40:22+00:00","dateModified":"2025-01-23T17:23:46+00:00","description":"Int\u00e9grez un Widget Facebook avantageux sur votre site. Appliquez la d\u00e9mo d'Elfsight et g\u00e9n\u00e9rez votre widget en quelques minutes.","breadcrumb":{"@id":"https:\/\/elfsight.com\/fr\/facebook-feed-widget\/drupal\/#breadcrumb"},"inLanguage":"fr-FR","potentialAction":[{"@type":"ReadAction","target":["https:\/\/elfsight.com\/fr\/facebook-feed-widget\/drupal\/"]}]},{"@type":"BreadcrumbList","@id":"https:\/\/elfsight.com\/fr\/facebook-feed-widget\/drupal\/#breadcrumb","itemListElement":[{"@type":"ListItem","position":1,"name":"Home","item":"https:\/\/elfsight.com\/fr\/"},{"@type":"ListItem","position":2,"name":"Facebook Feed","item":"https:\/\/elfsight.com\/fr\/facebook-feed-widget\/"},{"@type":"ListItem","position":3,"name":"Facebook Feed &#8211; Drupal"}]},{"@type":"WebSite","@id":"https:\/\/elfsight.com\/fr\/#website","url":"https:\/\/elfsight.com\/fr\/","name":"Elfsight FR","description":"","potentialAction":[{"@type":"SearchAction","target":{"@type":"EntryPoint","urlTemplate":"https:\/\/elfsight.com\/fr\/?s={search_term_string}"},"query-input":{"@type":"PropertyValueSpecification","valueRequired":true,"valueName":"search_term_string"}}],"inLanguage":"fr-FR"}]}},"meta_box":{"industry":"","seo_heading":"","heading":"","description":"","cta_heading":"","cta_description":"","application":"846","h1":"Module Widget Facebook pour Drupal","h1_caption":"Int\u00e9grez les publications de votre page Facebook pour que les visiteurs de votre site Web restent int\u00e9ress\u00e9s par vos derni\u00e8res mises \u00e0 jour et actualit\u00e9s sur votre site Web Drupal sans effort.","application_category":[],"applications_title":"","applications_request_title":"","applications_request_button_text":"","hero_text":"","hero_video":"","hero_video_schema_markup":"","selling_points_title":"","selling_points_caption":"","selling_points":[],"selling_points_cta_text":"","features_title":"","features":"","ed_cta_examples_text":"","ed_cta_examples_hidden":"","ed_cta_demo_text":"","ed_cta_demo_hidden":"","why_caption":"","why_editor_title":"","why_editor_text":"","why_team_title":"","why_team_text":"","why_service_title":"","why_service_text":"","template_catalog_visible":"0","template_catalog_title":"","template_catalog_text":"","template_catalog_categories_visible":"","demo_title":"Cr\u00e9ez votre module de flux Facebook","demo_caption":"Configurez votre flux Facebook et ajoutez-le gratuitement \u00e0 votre site Drupal !","default_faq_hidden":"","app_template_category":[],"platform":"351","template_public_id":"","codecanyon_url":"","codecanyon_item_id":"","codecanyon_price":"","pricing_caption":"","pricing_elfsight_apps_hide_column":"","pricing_elfsight_apps_url":"","pricing_codecanyon_price_caption":"","integration_category":[],"integration_request_title":"","integration_request_cta":"","integration_platform":"","integrations":[],"platform_category":[],"video_schema_markup":"","price":"\u00c0 partir de $0\/mois","trial":"","benefits":[{"text":"Installation gratuite"},{"text":"Support Premium"},{"text":"Garantie de remboursement de 14 jours"},{"text":"L'am\u00e9lioration continue"}],"button_url":"#demo","button_target_blank":"0","button_nofollow":"0","attributes":[{"name":"Nombre d'installations","content":"1,000 - 5,000","_state":"expanded"},{"name":"Adaptif","content":"Oui","_state":"expanded"},{"name":"Navigateurs compatibles","content":"Firefox, Safari, Opera, Chrome, Edge","_state":"expanded"}],"tags":[],"tags_disable_links":"0","hide_more_platforms":"","video_object":"","demo_hide_cta":"0","demo_hide_cloud_options":"0","pricing_title":"","pricing":[{"pricing_icon":"platform","pricing_title":"Applications d'Elfsight","pricing_title_caption":"Solution num\u00e9rique multiplateforme qui fonctionne sur n'importe quel site","pricing_price":"\u00c0 partir de $0\/mois","pricing_price_caption":"Commencez avec un plan gratuit","pricing_benefits":[{"text":"Sites Web illimit\u00e9s"},{"text":"\u00c9quipe d'assistance professionnelle"},{"text":"Service d'installation gratuit"},{"text":"100% personnalisable"}],"pricing_button_text":"Ajouter au site Web","pricing_button_url":"https:\/\/apps.elfsight.com\/sign-up\/","pricing_button_nofollow":"1","_state":"expanded"}],"related_apps_title":"","related_apps_hidden":"1","author":"","image":[],"title":"","job":"","social_networks":[]},"_links":{"self":[{"href":"https:\/\/elfsight.com\/fr\/wp-json\/wp\/v2\/pages\/4851","targetHints":{"allow":["GET"]}}],"collection":[{"href":"https:\/\/elfsight.com\/fr\/wp-json\/wp\/v2\/pages"}],"about":[{"href":"https:\/\/elfsight.com\/fr\/wp-json\/wp\/v2\/types\/page"}],"author":[{"embeddable":true,"href":"https:\/\/elfsight.com\/fr\/wp-json\/wp\/v2\/users\/18"}],"replies":[{"embeddable":true,"href":"https:\/\/elfsight.com\/fr\/wp-json\/wp\/v2\/comments?post=4851"}],"version-history":[{"count":4,"href":"https:\/\/elfsight.com\/fr\/wp-json\/wp\/v2\/pages\/4851\/revisions"}],"predecessor-version":[{"id":16221,"href":"https:\/\/elfsight.com\/fr\/wp-json\/wp\/v2\/pages\/4851\/revisions\/16221"}],"up":[{"embeddable":true,"href":"https:\/\/elfsight.com\/fr\/wp-json\/wp\/v2\/pages\/854"}],"wp:attachment":[{"href":"https:\/\/elfsight.com\/fr\/wp-json\/wp\/v2\/media?parent=4851"}],"curies":[{"name":"wp","href":"https:\/\/api.w.org\/{rel}","templated":true}]}}