{"id":4849,"date":"2021-12-03T09:40:25","date_gmt":"2021-12-03T09:40:25","guid":{"rendered":"https:\/\/elfsight.com\/fr\/?page_id=4849"},"modified":"2024-12-17T13:19:36","modified_gmt":"2024-12-17T13:19:36","slug":"blogger","status":"publish","type":"page","link":"https:\/\/elfsight.com\/fr\/facebook-feed-widget\/blogger\/","title":{"rendered":"Facebook Feed &#8211; Blogger"},"content":{"rendered":"\n<div class=\"application-platform-content-item-description application-platform-content-item\" id=\"description\" data-nav-section=\"description\"><h2>Description<\/h2><p>D\u00e9montrez votre page Facebook via notre puissant plugin \u2013 Facebook Feed. Publications, vid\u00e9os, photos \u2013 ne doutez jamais que vos visiteurs ne manqueront aucune annonce. Un design tendance avec de v\u00e9ritables \u00e9l\u00e9ments de Facebook ne sera pas pass\u00e9 inaper\u00e7u et vous donnera l&rsquo;opportunit\u00e9 non seulement de retenir les acheteurs actuels sur le site, mais \u00e9galement d&rsquo;attirer de nouveaux abonn\u00e9s Facebook.<\/p><p><b>Am\u00e9liorez votre site Web pour une toute nouvelle \u00e9tape, prise en charge par le widget Facebook Blogger.<\/b><\/p><ul><li><b>Faites en sorte que les utilisateurs restent sur la page<\/b>.<br>Affichez les composants sociaux et interactifs, qui obtiennent l&rsquo;attention des lecteurs, pour les maintenir sur la page et leur montrer vos produits ou services de mani\u00e8re plus d\u00e9taill\u00e9e.<\/li><li><b>D\u00e9veloppez votre page Facebook<\/b>.<br>Ajoutez des publications Facebook non seulement pour les utilisateurs des m\u00e9dias sociaux, mais aussi pour impliquer les utilisateurs du site Web vers votre page Facebook. Appliquez un flux ou des photos de haute qualit\u00e9 pour commencer \u00e0 avoir de nouveaux abonn\u00e9s d\u00e8s maintenant\u00a0!<\/li><li><b>1 widget Facebook pour servir de 3<\/b>.<br>Tout le contenu de Facebook dans un seul plugin\u00a0: afficher les publications avec des commentaires, des likes ou des r\u00e9actions Facebook\u00a0; concevez des photos et des playlists vid\u00e9o sur le site \u00e0 l&rsquo;aide des albums Facebook.<\/li><\/ul><\/div><div class=\"application-platform-content-item-features application-platform-content-item\" id=\"features\" data-nav-section=\"features\"><h2>Fonctionnalit\u00e9s<\/h2><p>Quelques caract\u00e9ristiques, qui transforment notre flux de page Facebook en le meilleur plugin pour un site Web Blogger.<\/p><ul><li>3 types de contenu Facebook affichables\u00a0: publications, vid\u00e9os et photos avec albums\u00a0;<\/li><li>Pop personnalisable -ups avec \u00e9l\u00e9ments commutables\u00a0: auteur, nombre de likes, nombre de partages, commentaires\u00a0;<\/li><li>Messages avec informations commutables\u00a0: auteur, nombre de likes, nombre de partages, bouton de partage\u00a0;<\/li><li>Afficher ou masquer le menu ;<\/li><li>Mises \u00e0 jour r\u00e9guli\u00e8res en direct pour le garder \u00e0 jour.<\/li><\/ul><\/li><li>Mises \u00e0 jour r\u00e9guli\u00e8res en direct pour le garder \u00e0 jour.<\/li><\/ul><p><a href=\"#demo\">D\u00e9couvrez tous les avantages de la d\u00e9mo en direct<\/a>.<\/p><\/div><div class=\"application-platform-content-item-installation application-platform-content-item\" id=\"installation\" data-nav-section=\"installation\"><h2>Comment ajouter le plugin Facebook au site Web Blogger<\/h2><div class=\"video-container\"><iframe width=\"720\" height=\"405\" src=\"https:\/\/www.youtube.com\/embed\/0w25RpSal5A\" frameborder=\"0\" allowfullscreen=\"\"><\/iframe><\/div><p>Lisez notre guide, pour terminer l&rsquo;insertion du widget. Le processus ne prendra que 2 minutes et ne n\u00e9cessite aucune connaissance en d\u00e9veloppement.<\/p><ol><li><b>Cr\u00e9ez votre widget Facebook personnel<\/b>.<br>Gr\u00e2ce \u00e0 notre \u00e9diteur gratuit, fa\u00e7onnez un plugin avec la conception et les options n\u00e9cessaires.<\/li><li><b>Obtenez le code pour afficher le plugin<\/b>.<br>Apr\u00e8s la g\u00e9n\u00e9ration du widget, obtenez le code du plugin Facebook \u00e0 partir de la notification contextuelle sur les applications Elfsight. .<\/li><li><b>Placez le plug-in sur le site Web Blogger<\/b>.<br>Ins\u00e9rez le plug-in \u00e0 l&rsquo;endroit souhait\u00e9 du site Web et enregistrez les modifications.<\/li><li><b> L&rsquo;installation est termin\u00e9e<\/b>.<br>Visitez votre site Blogger pour v\u00e9rifier votre travail.<\/li><\/ol><p>Avez-vous besoin d&rsquo;une aide plus particuli\u00e8re\u00a0? Consultez un <a href=\"https:\/\/elfsight.com\/tutorials\/how-to-add-facebook-widget-to-blogger\/\" target=\"_blank\" rel=\"noopener noreferrer\">tutoriel d\u00e9taill\u00e9<\/a> ou adressez-vous au centre d&rsquo;aide Elfsight, et nous serons heureux de vous proposer une solution.<\/p><\/div><div class=\"faq\" data-component=\"FAQ\"><div class=\"faq-item\">\r\n\t\t\t\t\t<div class=\"faq-item-question\">\r\n\t\t\t\t\t\t<h3 class=\"faq-item-question-text\">Comment int\u00e9grer le chat WhatsApp \u00e0 mon blogueur page d'accueil sans exp\u00e9rience en codage ?<\/h3>\r\n\r\n\t\t\t\t\t\t<div class=\"faq-item-question-icon\"><\/div>\r\n\t\t\t\t\t<\/div>\r\n\r\n\t\t\t\t\t<div class=\"faq-item-answer\">\r\n\t\t\t\t\t\t<div class=\"faq-item-answer-text\"><p>La soci\u00e9t\u00e9 Elfsight pr\u00e9sente une solution SaaS qui permet aux utilisateurs de cr\u00e9er eux-m\u00eames un plugin WhatsApp Chat. Voyez \u00e0 quel point c&rsquo;est simple\u00a0: <\/p><ul><li>Travailler directement dans l&rsquo;\u00e9diteur en direct pour cr\u00e9er un formulaire. un widget WhatsApp Chat que vous souhaitez int\u00e9grer sur la page Web Blogger.<\/li><li>S\u00e9lectionnez l&rsquo;un des mod\u00e8les pr\u00eats \u00e0 l&#8217;emploi et modifiez les param\u00e8tres WhatsApp Chat, modifiez la mise en page et la palette de couleurs, mettez \u00e0 jour votre contenu sans aucune connaissance en codage. .<\/li><li>Cliquez pour enregistrer le chat WhatsApp et obtenir le code d&rsquo;installation, qui peut \u00eatre simplement inclus gratuitement dans n&rsquo;importe quel site Blogger. <\/li><\/ul><p>Gr\u00e2ce \u00e0 l&rsquo;\u00e9diteur facile \u00e0 utiliser, chaque internaute peut cr\u00e9er un chat WhatsApp en ligne et le coller facilement sur le site Web Blogger. Il n\u2019est pas n\u00e9cessaire d\u2019obtenir un forfait payant ou de divulguer les informations d\u2019identification de votre carte pour acc\u00e9der au service. Si vous rencontrez des obstacles de quelque nature que ce soit, n&rsquo;h\u00e9sitez pas \u00e0 contacter notre service client.<\/p><\/div>\r\n\t\t\t\t\t<\/div>\r\n\t\t\t\t<\/div><\/div>\n","protected":false},"excerpt":{"rendered":"","protected":false},"author":18,"featured_media":0,"parent":854,"menu_order":0,"comment_status":"closed","ping_status":"closed","template":"templates\/template-application-platform.php","meta":{"publish_to_discourse":"","publish_post_category":"","wpdc_auto_publish_overridden":"","wpdc_topic_tags":"","wpdc_pin_topic":"","wpdc_pin_until":"","discourse_post_id":"","discourse_permalink":"","wpdc_publishing_response":"","wpdc_publishing_error":"","footnotes":""},"class_list":["post-4849","page","type-page","status-publish","hentry"],"yoast_head":"<!-- This site is optimized with the Yoast SEO plugin v25.3.1 - https:\/\/yoast.com\/wordpress\/plugins\/seo\/ -->\n<title>Widget Facebook - ajoutez plugin Flux Facebook sur Blogger<\/title>\n<meta name=\"description\" content=\"Int\u00e9grez un Widget Facebook attractif sur votre site. Utilisez la d\u00e9mo d&#039;Elfsight et g\u00e9n\u00e9rez votre widget en deux minutes.\" \/>\n<meta name=\"robots\" content=\"index, follow, max-snippet:-1, max-image-preview:large, max-video-preview:-1\" \/>\n<link rel=\"canonical\" href=\"https:\/\/elfsight.com\/fr\/facebook-feed-widget\/blogger\/\" \/>\n<meta property=\"og:locale\" content=\"fr_FR\" \/>\n<meta property=\"og:type\" content=\"article\" \/>\n<meta property=\"og:title\" content=\"Widget Facebook - ajoutez plugin Flux Facebook sur Blogger\" \/>\n<meta property=\"og:description\" content=\"Int\u00e9grez un Widget Facebook attractif sur votre site. Utilisez la d\u00e9mo d&#039;Elfsight et g\u00e9n\u00e9rez votre widget en deux minutes.\" \/>\n<meta property=\"og:url\" content=\"https:\/\/elfsight.com\/fr\/facebook-feed-widget\/blogger\/\" \/>\n<meta property=\"og:site_name\" content=\"Elfsight FR\" \/>\n<meta property=\"article:modified_time\" content=\"2024-12-17T13:19:36+00:00\" \/>\n<meta name=\"twitter:card\" content=\"summary_large_image\" \/>\n<meta name=\"twitter:label1\" content=\"Dur\u00e9e de lecture estim\u00e9e\" \/>\n\t<meta name=\"twitter:data1\" content=\"4 minutes\" \/>\n<!-- \/ Yoast SEO plugin. -->","yoast_head_json":{"title":"Widget Facebook - ajoutez plugin Flux Facebook sur Blogger","description":"Int\u00e9grez un Widget Facebook attractif sur votre site. Utilisez la d\u00e9mo d'Elfsight et g\u00e9n\u00e9rez votre widget en deux minutes.","robots":{"index":"index","follow":"follow","max-snippet":"max-snippet:-1","max-image-preview":"max-image-preview:large","max-video-preview":"max-video-preview:-1"},"canonical":"https:\/\/elfsight.com\/fr\/facebook-feed-widget\/blogger\/","og_locale":"fr_FR","og_type":"article","og_title":"Widget Facebook - ajoutez plugin Flux Facebook sur Blogger","og_description":"Int\u00e9grez un Widget Facebook attractif sur votre site. Utilisez la d\u00e9mo d'Elfsight et g\u00e9n\u00e9rez votre widget en deux minutes.","og_url":"https:\/\/elfsight.com\/fr\/facebook-feed-widget\/blogger\/","og_site_name":"Elfsight FR","article_modified_time":"2024-12-17T13:19:36+00:00","twitter_card":"summary_large_image","twitter_misc":{"Dur\u00e9e de lecture estim\u00e9e":"4 minutes"},"schema":{"@context":"https:\/\/schema.org","@graph":[{"@type":"WebPage","@id":"https:\/\/elfsight.com\/fr\/facebook-feed-widget\/blogger\/","url":"https:\/\/elfsight.com\/fr\/facebook-feed-widget\/blogger\/","name":"Widget Facebook - ajoutez plugin Flux Facebook sur Blogger","isPartOf":{"@id":"https:\/\/elfsight.com\/fr\/#website"},"datePublished":"2021-12-03T09:40:25+00:00","dateModified":"2024-12-17T13:19:36+00:00","description":"Int\u00e9grez un Widget Facebook attractif sur votre site. Utilisez la d\u00e9mo d'Elfsight et g\u00e9n\u00e9rez votre widget en deux minutes.","breadcrumb":{"@id":"https:\/\/elfsight.com\/fr\/facebook-feed-widget\/blogger\/#breadcrumb"},"inLanguage":"fr-FR","potentialAction":[{"@type":"ReadAction","target":["https:\/\/elfsight.com\/fr\/facebook-feed-widget\/blogger\/"]}]},{"@type":"BreadcrumbList","@id":"https:\/\/elfsight.com\/fr\/facebook-feed-widget\/blogger\/#breadcrumb","itemListElement":[{"@type":"ListItem","position":1,"name":"Home","item":"https:\/\/elfsight.com\/fr\/"},{"@type":"ListItem","position":2,"name":"Facebook Feed","item":"https:\/\/elfsight.com\/fr\/facebook-feed-widget\/"},{"@type":"ListItem","position":3,"name":"Facebook Feed &#8211; Blogger"}]},{"@type":"WebSite","@id":"https:\/\/elfsight.com\/fr\/#website","url":"https:\/\/elfsight.com\/fr\/","name":"Elfsight FR","description":"","potentialAction":[{"@type":"SearchAction","target":{"@type":"EntryPoint","urlTemplate":"https:\/\/elfsight.com\/fr\/?s={search_term_string}"},"query-input":{"@type":"PropertyValueSpecification","valueRequired":true,"valueName":"search_term_string"}}],"inLanguage":"fr-FR"}]}},"meta_box":{"industry":"","seo_heading":"","heading":"","description":"","cta_heading":"","cta_description":"","application":"846","h1":"Plugin Widget Facebook pour Blogger","h1_caption":"Int\u00e9grez les publications de votre page Facebook pour que les visiteurs de votre site Web restent int\u00e9ress\u00e9s par vos derni\u00e8res mises \u00e0 jour et actualit\u00e9s sur votre site Web Blogger sans effort.","application_category":[],"applications_title":"","applications_request_title":"","applications_request_button_text":"","hero_text":"","hero_video":"","hero_video_schema_markup":"","selling_points_title":"","selling_points_caption":"","selling_points":[],"selling_points_cta_text":"","features_title":"","features":"","ed_cta_examples_text":"","ed_cta_examples_hidden":"","ed_cta_demo_text":"","ed_cta_demo_hidden":"","why_caption":"","why_editor_title":"","why_editor_text":"","why_team_title":"","why_team_text":"","why_service_title":"","why_service_text":"","template_catalog_visible":"0","template_catalog_title":"","template_catalog_text":"","template_catalog_categories_visible":"","demo_title":"Cr\u00e9ez votre widget de flux Facebook","demo_caption":"Configurez votre flux Facebook et ajoutez-le gratuitement \u00e0 votre site Web Blogger\u00a0!","default_faq_hidden":"","app_template_category":[],"platform":"348","template_public_id":"","codecanyon_url":"","codecanyon_item_id":"","codecanyon_price":"","pricing_caption":"","pricing_elfsight_apps_hide_column":"","pricing_elfsight_apps_url":"","pricing_codecanyon_price_caption":"","integration_category":[],"integration_request_title":"","integration_request_cta":"","integration_platform":"","integrations":[],"platform_category":[],"video_schema_markup":"","price":"\u00c0 partir de $0\/mois","trial":"","benefits":[{"text":"Installation gratuite"},{"text":"Support Premium"},{"text":"Garantie de remboursement de 14 jours"},{"text":"L'am\u00e9lioration continue"}],"button_url":"#demo","button_target_blank":"0","button_nofollow":"0","attributes":[{"name":"Nombre d'installations","content":"1,000 - 5,000","_state":"expanded"},{"name":"Adaptif","content":"Oui","_state":"expanded"},{"name":"Navigateurs compatibles","content":"Firefox, Safari, Opera, Chrome, Edge","_state":"expanded"}],"tags":[],"tags_disable_links":"0","hide_more_platforms":"","video_object":"","demo_hide_cta":"0","demo_hide_cloud_options":"0","pricing_title":"","pricing":[{"pricing_icon":"platform","pricing_title":"Applications d'Elfsight","pricing_title_caption":"Solution num\u00e9rique multiplateforme qui fonctionne sur n'importe quel site","pricing_price":"\u00c0 partir de $0\/mois","pricing_price_caption":"Commencez avec un plan gratuit","pricing_benefits":[{"text":"Sites Web illimit\u00e9s"},{"text":"\u00c9quipe d'assistance professionnelle"},{"text":"Service d'installation gratuit"},{"text":"100% personnalisable"}],"pricing_button_text":"Ajouter au site Web","pricing_button_url":"https:\/\/apps.elfsight.com\/sign-up\/","pricing_button_nofollow":"1","_state":"expanded"}],"related_apps_title":"","related_apps_hidden":"1","author":"","image":[],"title":"","job":"","social_networks":[]},"_links":{"self":[{"href":"https:\/\/elfsight.com\/fr\/wp-json\/wp\/v2\/pages\/4849","targetHints":{"allow":["GET"]}}],"collection":[{"href":"https:\/\/elfsight.com\/fr\/wp-json\/wp\/v2\/pages"}],"about":[{"href":"https:\/\/elfsight.com\/fr\/wp-json\/wp\/v2\/types\/page"}],"author":[{"embeddable":true,"href":"https:\/\/elfsight.com\/fr\/wp-json\/wp\/v2\/users\/18"}],"replies":[{"embeddable":true,"href":"https:\/\/elfsight.com\/fr\/wp-json\/wp\/v2\/comments?post=4849"}],"version-history":[{"count":4,"href":"https:\/\/elfsight.com\/fr\/wp-json\/wp\/v2\/pages\/4849\/revisions"}],"predecessor-version":[{"id":15858,"href":"https:\/\/elfsight.com\/fr\/wp-json\/wp\/v2\/pages\/4849\/revisions\/15858"}],"up":[{"embeddable":true,"href":"https:\/\/elfsight.com\/fr\/wp-json\/wp\/v2\/pages\/854"}],"wp:attachment":[{"href":"https:\/\/elfsight.com\/fr\/wp-json\/wp\/v2\/media?parent=4849"}],"curies":[{"name":"wp","href":"https:\/\/api.w.org\/{rel}","templated":true}]}}