{"id":4847,"date":"2021-12-03T09:40:29","date_gmt":"2021-12-03T09:40:29","guid":{"rendered":"https:\/\/elfsight.com\/fr\/?page_id=4847"},"modified":"2024-11-11T11:06:50","modified_gmt":"2024-11-11T11:06:50","slug":"bigcommerce","status":"publish","type":"page","link":"https:\/\/elfsight.com\/fr\/facebook-feed-widget\/bigcommerce\/","title":{"rendered":"Facebook Feed &#8211; BigCommerce"},"content":{"rendered":"\n<div class=\"application-platform-content-item-description application-platform-content-item\" id=\"description\" data-nav-section=\"description\"><h2>Description<\/h2><p>Affichez votre page Facebook dans notre puissante application\u00a0: Facebook Feed. Publications, vid\u00e9os, images \u2013 assurez-vous que vos lecteurs ne sauteront pas un seul message de votre part. Une interface \u00e9l\u00e9gante avec de v\u00e9ritables composants de Facebook sera certainement remarqu\u00e9e et contribuera non seulement \u00e0 retenir les acheteurs actuels sur le site, mais \u00e9galement \u00e0 inviter de nouveaux abonn\u00e9s Facebook.<\/p><p><b>Faites \u00e9voluer votre site Web vers un niveau \u00e9lev\u00e9. hauteur maximale avec l&rsquo;application Facebook BigCommerce.<\/b><\/p><ul><li><b>Augmentez la conversion de votre site jusqu&rsquo;\u00e0 125\u00a0%<\/b>.<br>Utilisez un \u00e9l\u00e9ment de socialisation faites confiance \u00e0 votre site Web, pour trouver plus de clients. Permettez \u00e0 vos visiteurs de d\u00e9couvrir votre entreprise sur Facebook et de gagner leur enti\u00e8re confiance, ce qui contribuera \u00e0 augmenter votre conversion.<\/li><li><b>Publiez votre profil Facebook<\/b>.<br>Affichez le contenu Facebook non seulement pour visiteurs des m\u00e9dias sociaux, mais aussi pour attirer les utilisateurs du site Web vers votre compte Facebook. Ajoutez un flux ou des photos reconnaissables pour commencer \u00e0 attirer de nouveaux abonn\u00e9s d\u00e8s maintenant\u00a0!<\/li><li><b>Tout Facebook dans un seul widget<\/b>.<br>Tous les types de contenu Facebook dans un widget unique\u00a0: affichez les publications avec des commentaires , partages ou toute r\u00e9action Facebook\u00a0; fa\u00e7onner des images et des galeries vid\u00e9o sur le site \u00e0 partir d&rsquo;albums Facebook.<\/li><\/ul><\/div><div class=\"application-platform-content-item-features application-platform-content-item\" id=\"features\" data-nav-section=\"features\"><h2>Fonctionnalit\u00e9s<\/h2><p>Plusieurs caract\u00e9ristiques, qui transformeront notre flux Facebook dans une application essentielle pour un site Web BigCommerce.<\/p><ul><li>3 types de contenu Facebook affichables\u00a0: publications, vid\u00e9os et photos avec albums\u00a0;<\/li><li>Afficher des photos, des albums ou les deux\u00a0;<\/li><li>Messages avec informations commutables\u00a0: auteur, nombre de likes, nombre de partages, bouton de partage\u00a0;<\/li><li>Afficher ou masquer les vid\u00e9os\u00a0;<\/li><li>Dur\u00e9e de cache r\u00e9glable.<\/li><li> li&gt;<\/ul><p><a href=\"#demo\">Tester toutes les fonctionnalit\u00e9s dans la d\u00e9mo en direct<\/a><\/p><\/div><div class=\"application-platform-content-item-installation application-platform-content-item\" id=\"installation\" data-nav-section=\"installation\"><h2>Comment ajouter l&rsquo;application Facebook au site Web BigCommerce<\/h2><div class=\"video-container\"><iframe width=\"720\" height=\"405\" src=\"https:\/\/www.youtube.com\/embed\/GZwiP0igJZg\" frameborder=\"0\" allowfullscreen=\"\"><\/iframe><\/div><p>Suivez simplement les \u00e9tapes ci-dessous pour ins\u00e9rer le plugin sur BigCommerce.<\/p> <ol><li><b>Lancez notre d\u00e9mo gratuite et commencez \u00e0 cr\u00e9er votre propre plugin. <\/b><br> Choisissez l&rsquo;apparence et les caract\u00e9ristiques s\u00e9lectionn\u00e9es du plugin et appliquez les corrections. <\/li> <li><b>Copiez votre code personnel expos\u00e9 dans la case sur les applications Elfsight. <\/b><br> Une fois la g\u00e9n\u00e9ration de votre application personnelle termin\u00e9e, copiez le code personnel de la fen\u00eatre contextuelle qui appara\u00eet et conservez-le pour une utilisation ult\u00e9rieure. <\/li> <li><b>Commencez \u00e0 utiliser le widget sur le site BigCommerce. <\/b><br> Int\u00e9grez le code que vous avez copi\u00e9 r\u00e9cemment dans votre site et appliquez les corrections. <\/li> <li><b>L&rsquo;installation s&rsquo;est termin\u00e9e avec succ\u00e8s. <\/b><br> Visitez votre page pour voir en action le travail de l&rsquo;application. <\/li><\/ol><p>Avez-vous besoin d&rsquo;une aide plus particuli\u00e8re ? Contactez le support client d&rsquo;Elfsight et nous serons heureux de trouver une solution ou de faire connaissance avec un <a href=\"https:\/\/elfsight.com\/tutorials\/how-to-add-facebook-feed-plugin-to-bigcommerce\/\" target=\"_blank\" rel=\"noopener noreferrer\">guide complet<\/a>.<\/p><\/div><div class=\"faq\" data-component=\"FAQ\"><div class=\"faq-item\">\r\n\t\t\t\t\t<div class=\"faq-item-question\">\r\n\t\t\t\t\t\t<h3 class=\"faq-item-question-text\">Est existe-t-il une option pour ajouter WhatsApp Chat \u00e0 ma page Web BigCommerce sans exp\u00e9rience de codage ?<\/h3>\r\n\r\n\t\t\t\t\t\t<div class=\"faq-item-question-icon\"><\/div>\r\n\t\t\t\t\t<\/div>\r\n\r\n\t\t\t\t\t<div class=\"faq-item-answer\">\r\n\t\t\t\t\t\t<div class=\"faq-item-answer-text\"><p>La soci\u00e9t\u00e9 Elfsight propose une solution qui vous permet de g\u00e9n\u00e9rer vous-m\u00eame un widget WhatsApp Chat. D\u00e9couvrez les \u00e9tapes simples\u00a0: <\/p><ul> <li>Acc\u00e9dez \u00e0 la d\u00e9mo en ligne pour cr\u00e9er une section de chat WhatsApp que vous souhaitez inclure dans votre BigCommerce.<\/li><li>Choisissez l&rsquo;un des mod\u00e8les pr\u00e9d\u00e9finis et adaptez les param\u00e8tres de chat WhatsApp, mettez \u00e0 jour votre contenu, modifiez le mise en page et jeu de couleurs sans aucune exp\u00e9rience de codage.<\/li><li>Enregistrez les param\u00e8tres que vous avez d\u00e9finis sur WhatsApp Chat et obtenez le code du widget pour l&rsquo;installation, que vous pouvez ajouter sur le site Web BigCommerce sans avoir besoin d&rsquo;acheter un forfait payant. <\/li><\/ul><p>Avec l&rsquo;aide de notre configurateur convivial, tout utilisateur Web peut cr\u00e9er l&rsquo;application WhatsApp Chat et l&rsquo;ajouter \u00e0 la page d&rsquo;accueil de BigCommerce. Il n\u2019est pas n\u00e9cessaire de payer ou de divulguer les donn\u00e9es de votre carte pour acc\u00e9der \u00e0 notre \u00e9diteur. Si vous rencontrez des obstacles \u00e0 une \u00e9tape quelconque, n&rsquo;h\u00e9sitez pas \u00e0 parler \u00e0 notre support technique client.<\/p><\/div>\r\n\t\t\t\t\t<\/div>\r\n\t\t\t\t<\/div><\/div>\n","protected":false},"excerpt":{"rendered":"","protected":false},"author":18,"featured_media":0,"parent":854,"menu_order":0,"comment_status":"closed","ping_status":"closed","template":"templates\/template-application-platform.php","meta":{"publish_to_discourse":"","publish_post_category":"","wpdc_auto_publish_overridden":"","wpdc_topic_tags":"","wpdc_pin_topic":"","wpdc_pin_until":"","discourse_post_id":"","discourse_permalink":"","wpdc_publishing_response":"","wpdc_publishing_error":"","footnotes":""},"class_list":["post-4847","page","type-page","status-publish","hentry"],"yoast_head":"<!-- This site is optimized with the Yoast SEO plugin v25.3.1 - https:\/\/yoast.com\/wordpress\/plugins\/seo\/ -->\n<title>Widget Facebook - ajoutez plugin Flux Facebook sur BigCommerce<\/title>\n<meta name=\"description\" content=\"Int\u00e9grez un Widget Facebook attractif sur votre site. Utilisez la d\u00e9mo d&#039;Elfsight et g\u00e9n\u00e9rez votre widget en deux minutes.\" \/>\n<meta name=\"robots\" content=\"index, follow, max-snippet:-1, max-image-preview:large, max-video-preview:-1\" \/>\n<link rel=\"canonical\" href=\"https:\/\/elfsight.com\/fr\/facebook-feed-widget\/bigcommerce\/\" \/>\n<meta property=\"og:locale\" content=\"fr_FR\" \/>\n<meta property=\"og:type\" content=\"article\" \/>\n<meta property=\"og:title\" content=\"Widget Facebook - ajoutez plugin Flux Facebook sur BigCommerce\" \/>\n<meta property=\"og:description\" content=\"Int\u00e9grez un Widget Facebook attractif sur votre site. Utilisez la d\u00e9mo d&#039;Elfsight et g\u00e9n\u00e9rez votre widget en deux minutes.\" \/>\n<meta property=\"og:url\" content=\"https:\/\/elfsight.com\/fr\/facebook-feed-widget\/bigcommerce\/\" \/>\n<meta property=\"og:site_name\" content=\"Elfsight FR\" \/>\n<meta property=\"article:modified_time\" content=\"2024-11-11T11:06:50+00:00\" \/>\n<meta name=\"twitter:card\" content=\"summary_large_image\" \/>\n<meta name=\"twitter:label1\" content=\"Dur\u00e9e de lecture estim\u00e9e\" \/>\n\t<meta name=\"twitter:data1\" content=\"4 minutes\" \/>\n<!-- \/ Yoast SEO plugin. -->","yoast_head_json":{"title":"Widget Facebook - ajoutez plugin Flux Facebook sur BigCommerce","description":"Int\u00e9grez un Widget Facebook attractif sur votre site. Utilisez la d\u00e9mo d'Elfsight et g\u00e9n\u00e9rez votre widget en deux minutes.","robots":{"index":"index","follow":"follow","max-snippet":"max-snippet:-1","max-image-preview":"max-image-preview:large","max-video-preview":"max-video-preview:-1"},"canonical":"https:\/\/elfsight.com\/fr\/facebook-feed-widget\/bigcommerce\/","og_locale":"fr_FR","og_type":"article","og_title":"Widget Facebook - ajoutez plugin Flux Facebook sur BigCommerce","og_description":"Int\u00e9grez un Widget Facebook attractif sur votre site. Utilisez la d\u00e9mo d'Elfsight et g\u00e9n\u00e9rez votre widget en deux minutes.","og_url":"https:\/\/elfsight.com\/fr\/facebook-feed-widget\/bigcommerce\/","og_site_name":"Elfsight FR","article_modified_time":"2024-11-11T11:06:50+00:00","twitter_card":"summary_large_image","twitter_misc":{"Dur\u00e9e de lecture estim\u00e9e":"4 minutes"},"schema":{"@context":"https:\/\/schema.org","@graph":[{"@type":"WebPage","@id":"https:\/\/elfsight.com\/fr\/facebook-feed-widget\/bigcommerce\/","url":"https:\/\/elfsight.com\/fr\/facebook-feed-widget\/bigcommerce\/","name":"Widget Facebook - ajoutez plugin Flux Facebook sur BigCommerce","isPartOf":{"@id":"https:\/\/elfsight.com\/fr\/#website"},"datePublished":"2021-12-03T09:40:29+00:00","dateModified":"2024-11-11T11:06:50+00:00","description":"Int\u00e9grez un Widget Facebook attractif sur votre site. Utilisez la d\u00e9mo d'Elfsight et g\u00e9n\u00e9rez votre widget en deux minutes.","breadcrumb":{"@id":"https:\/\/elfsight.com\/fr\/facebook-feed-widget\/bigcommerce\/#breadcrumb"},"inLanguage":"fr-FR","potentialAction":[{"@type":"ReadAction","target":["https:\/\/elfsight.com\/fr\/facebook-feed-widget\/bigcommerce\/"]}]},{"@type":"BreadcrumbList","@id":"https:\/\/elfsight.com\/fr\/facebook-feed-widget\/bigcommerce\/#breadcrumb","itemListElement":[{"@type":"ListItem","position":1,"name":"Home","item":"https:\/\/elfsight.com\/fr\/"},{"@type":"ListItem","position":2,"name":"Facebook Feed","item":"https:\/\/elfsight.com\/fr\/facebook-feed-widget\/"},{"@type":"ListItem","position":3,"name":"Facebook Feed &#8211; BigCommerce"}]},{"@type":"WebSite","@id":"https:\/\/elfsight.com\/fr\/#website","url":"https:\/\/elfsight.com\/fr\/","name":"Elfsight FR","description":"","potentialAction":[{"@type":"SearchAction","target":{"@type":"EntryPoint","urlTemplate":"https:\/\/elfsight.com\/fr\/?s={search_term_string}"},"query-input":{"@type":"PropertyValueSpecification","valueRequired":true,"valueName":"search_term_string"}}],"inLanguage":"fr-FR"}]}},"meta_box":{"industry":"","seo_heading":"","heading":"","description":"","cta_heading":"","cta_description":"","application":"846","h1":"Plugin Widget Facebook pour BigCommerce","h1_caption":"Int\u00e9grez les publications de votre page Facebook pour que les visiteurs de votre site Web restent int\u00e9ress\u00e9s par vos derni\u00e8res mises \u00e0 jour et actualit\u00e9s sur votre site Web BigCommerce sans effort.","application_category":[],"applications_title":"","applications_request_title":"","applications_request_button_text":"","hero_text":"","hero_video":"","hero_video_schema_markup":"","selling_points_title":"","selling_points_caption":"","selling_points":[],"selling_points_cta_text":"","features_title":"","features":"","ed_cta_examples_text":"","ed_cta_examples_hidden":"","ed_cta_demo_text":"","ed_cta_demo_hidden":"","why_caption":"","why_editor_title":"","why_editor_text":"","why_team_title":"","why_team_text":"","why_service_title":"","why_service_text":"","template_catalog_visible":"0","template_catalog_title":"","template_catalog_text":"","template_catalog_categories_visible":"","demo_title":"Cr\u00e9ez votre application de flux Facebook","demo_caption":"Configurez votre flux Facebook et ajoutez-le gratuitement \u00e0 votre site Web BigCommerce !","default_faq_hidden":"","app_template_category":[],"platform":"347","template_public_id":"","codecanyon_url":"","codecanyon_item_id":"","codecanyon_price":"","pricing_caption":"","pricing_elfsight_apps_hide_column":"","pricing_elfsight_apps_url":"","pricing_codecanyon_price_caption":"","integration_category":[],"integration_request_title":"","integration_request_cta":"","integration_platform":"","integrations":[],"platform_category":[],"video_schema_markup":"","price":"\u00c0 partir de $0\/mois","trial":"","benefits":[{"text":"Installation gratuite"},{"text":"Support Premium"},{"text":"Garantie de remboursement de 14 jours"},{"text":"L'am\u00e9lioration continue"}],"button_url":"#demo","button_target_blank":"0","button_nofollow":"0","attributes":[{"name":"Nombre d'installations","content":"1,000 - 5,000","_state":"expanded"},{"name":"Adaptif","content":"Oui","_state":"expanded"},{"name":"Navigateurs compatibles","content":"Firefox, Safari, Opera, Chrome, Edge","_state":"expanded"}],"tags":[],"tags_disable_links":"0","hide_more_platforms":"","video_object":"","demo_hide_cta":"0","demo_hide_cloud_options":"0","pricing_title":"","pricing":[{"pricing_icon":"platform","pricing_title":"Applications d'Elfsight","pricing_title_caption":"Solution num\u00e9rique multiplateforme qui fonctionne sur n'importe quel site","pricing_price":"\u00c0 partir de $0\/mois","pricing_price_caption":"Commencez avec un plan gratuit","pricing_benefits":[{"text":"Sites Web illimit\u00e9s"},{"text":"\u00c9quipe d'assistance professionnelle"},{"text":"Service d'installation gratuit"},{"text":"100% personnalisable"}],"pricing_button_text":"Ajouter au site Web","pricing_button_url":"https:\/\/apps.elfsight.com\/sign-up\/","pricing_button_nofollow":"1","_state":"expanded"}],"related_apps_title":"","related_apps_hidden":"1","author":"","image":[],"title":"","job":"","social_networks":[]},"_links":{"self":[{"href":"https:\/\/elfsight.com\/fr\/wp-json\/wp\/v2\/pages\/4847","targetHints":{"allow":["GET"]}}],"collection":[{"href":"https:\/\/elfsight.com\/fr\/wp-json\/wp\/v2\/pages"}],"about":[{"href":"https:\/\/elfsight.com\/fr\/wp-json\/wp\/v2\/types\/page"}],"author":[{"embeddable":true,"href":"https:\/\/elfsight.com\/fr\/wp-json\/wp\/v2\/users\/18"}],"replies":[{"embeddable":true,"href":"https:\/\/elfsight.com\/fr\/wp-json\/wp\/v2\/comments?post=4847"}],"version-history":[{"count":4,"href":"https:\/\/elfsight.com\/fr\/wp-json\/wp\/v2\/pages\/4847\/revisions"}],"predecessor-version":[{"id":15206,"href":"https:\/\/elfsight.com\/fr\/wp-json\/wp\/v2\/pages\/4847\/revisions\/15206"}],"up":[{"embeddable":true,"href":"https:\/\/elfsight.com\/fr\/wp-json\/wp\/v2\/pages\/854"}],"wp:attachment":[{"href":"https:\/\/elfsight.com\/fr\/wp-json\/wp\/v2\/media?parent=4847"}],"curies":[{"name":"wp","href":"https:\/\/api.w.org\/{rel}","templated":true}]}}