{"id":4842,"date":"2021-12-03T09:40:34","date_gmt":"2021-12-03T09:40:34","guid":{"rendered":"https:\/\/elfsight.com\/fr\/?page_id=4842"},"modified":"2025-01-09T13:18:23","modified_gmt":"2025-01-09T13:18:23","slug":"woocommerce","status":"publish","type":"page","link":"https:\/\/elfsight.com\/fr\/event-calendar-widget\/woocommerce\/","title":{"rendered":"Event Calendar &#8211; WooCommerce"},"content":{"rendered":"\n<div class=\"application-platform-content-item-description application-platform-content-item\" id=\"description\" data-nav-section=\"description\">\n  <h2>Int\u00e9grer le calendrier d&rsquo;\u00e9v\u00e9nements avec le widget Elfsight<\/h2>\n  <p>Le calendrier d&rsquo;\u00e9v\u00e9nements Elfsight pour WooCommerce est un plugin puissant qui vous permet de partager facilement vos \u00e9v\u00e9nements avec vos visiteurs. Il propose de nombreuses options pour mettre en valeur vos \u00e9v\u00e9nements \u00e0 venir de mani\u00e8re \u00e9l\u00e9gante. Personnalisez-le pour l&rsquo;adapter au design de votre site. Vous pouvez cr\u00e9er un nombre illimit\u00e9 d&rsquo;\u00e9v\u00e9nements, ajouter des balises, t\u00e9l\u00e9charger vos propres images et vid\u00e9os, et garder vos visiteurs inform\u00e9s de vos projets.<\/p>\n  <p><strong>Le calendrier d&rsquo;\u00e9v\u00e9nements Elfsight peut vous aider \u00e0 annoncer rapidement vos \u00e9v\u00e9nements \u00e0 venir et \u00e0 augmenter l&rsquo;engagement sur votre site Web.<\/strong><\/p>\n<\/div>\n\n<div class=\"application-platform-content-item-features application-platform-content-item\" id=\"features\" data-nav-section=\"features\">\n  <h2>Principales fonctionnalit\u00e9s du plugin Calendrier d&rsquo;\u00c9v\u00e9nements<\/h2>\n  <ul>\n    <li>Exploitez des contenus interactifs adapt\u00e9s \u00e0 votre type d&rsquo;\u00e9v\u00e9nements.<\/li>\n    <li>Permettez aux utilisateurs d&rsquo;ajouter des \u00e9v\u00e9nements \u00e0 leurs calendriers favoris.<\/li>\n    <li>G\u00e9n\u00e9rez diff\u00e9rents types d&rsquo;\u00e9v\u00e9nements, sp\u00e9cifiez des lieux et ajoutez des h\u00f4tes.<\/li>\n    <li>Classez vos \u00e9v\u00e9nements et attribuez-leur des balises pour une meilleure organisation.<\/li>\n    <li>Choisissez parmi 4 options de mise en page pour une personnalisation optimale.<\/li>\n  <\/ul>\n  <p><a href=\"#demo\">Essayez cette d\u00e9mo pour voir le widget en action.<\/a><\/p>\n<\/div>\n\n<div class=\"application-platform-content-item-installation application-platform-content-item\" id=\"installation\" data-nav-section=\"installation\">\n  <h2>Comment int\u00e9grer le calendrier d&rsquo;\u00e9v\u00e9nements \u00e0 mon site WooCommerce ?<\/h2>\n  <p>Suivez simplement ces \u00e9tapes pour int\u00e9grer le calendrier d&rsquo;\u00e9v\u00e9nements \u00e0 votre site WooCommerce :<\/p>\n  <ol>\n    <li><strong>Cr\u00e9ez votre widget personnalis\u00e9 avec notre \u00e9diteur gratuit.<\/strong><br> Choisissez les param\u00e8tres et le design du plugin, puis appliquez vos modifications.<\/li>\n    <li><strong>Obtenez votre code d&rsquo;int\u00e9gration unique.<\/strong><br> Une fois le widget personnalis\u00e9, copiez le code g\u00e9n\u00e9r\u00e9 dans la fen\u00eatre contextuelle et conservez-le pour l&rsquo;int\u00e9grer \u00e0 votre site.<\/li>\n    <li><strong>Int\u00e9grez le code dans votre site WooCommerce.<\/strong><br> Collez le code copi\u00e9 dans le code HTML de la page o\u00f9 vous souhaitez afficher le calendrier des \u00e9v\u00e9nements.<\/li>\n    <li><strong>V\u00e9rifiez l&rsquo;installation.<\/strong><br> Visitez votre site pour voir le widget en action et vous assurer que tout fonctionne correctement.<\/li>\n  <\/ol>\n  <p>Si vous avez des questions ou si vous rencontrez des probl\u00e8mes, n&rsquo;h\u00e9sitez pas \u00e0 contacter notre service client. Nos consultants se feront un plaisir de vous aider avec l&rsquo;int\u00e9gration du produit.<\/p>\n<\/div>\n\n  <h2>Questions fr\u00e9quemment pos\u00e9es<\/h2>\n<div class=\"faq\" data-component=\"FAQ\">\n   <div class=\"faq-item\">\r\n\t\t\t\t\t<div class=\"faq-item-question\">\r\n\t\t\t\t\t\t<h3 class=\"faq-item-question-text\">Comment ajouter un calendrier d'\u00e9v\u00e9nements \u00e0 mon site WooCommerce ?<\/h3>\r\n\r\n\t\t\t\t\t\t<div class=\"faq-item-question-icon\"><\/div>\r\n\t\t\t\t\t<\/div>\r\n\r\n\t\t\t\t\t<div class=\"faq-item-answer\">\r\n\t\t\t\t\t\t<div class=\"faq-item-answer-text\">\n    <p>La cr\u00e9ation du calendrier se fait directement dans le service Elfsight sans besoin de coder. Utilisez notre d\u00e9mo en direct pour personnaliser votre widget, obtenir le code et l&rsquo;int\u00e9grer facilement \u00e0 votre site WooCommerce.<\/p>\n  <\/div>\r\n\t\t\t\t\t<\/div>\r\n\t\t\t\t<\/div>\n  \n  <div class=\"faq-item\">\r\n\t\t\t\t\t<div class=\"faq-item-question\">\r\n\t\t\t\t\t\t<h3 class=\"faq-item-question-text\">Quels sont les meilleurs exemples d'utilisation du widget Calendrier d'\u00c9v\u00e9nements ?<\/h3>\r\n\r\n\t\t\t\t\t\t<div class=\"faq-item-question-icon\"><\/div>\r\n\t\t\t\t\t<\/div>\r\n\r\n\t\t\t\t\t<div class=\"faq-item-answer\">\r\n\t\t\t\t\t\t<div class=\"faq-item-answer-text\">\n    <p>Nous proposons de nombreuses options de personnalisation : vous pouvez ins\u00e9rer des widgets pleine taille dans la section de contenu, utiliser des widgets flottants avec d\u00e9filement, ou encore int\u00e9grer des mises en page pour le pied de page, l&rsquo;en-t\u00eate, ainsi que des formats verticaux pour les barres lat\u00e9rales et menus.<\/p>\n  <\/div>\r\n\t\t\t\t\t<\/div>\r\n\t\t\t\t<\/div>\n  \n  <div class=\"faq-item\">\r\n\t\t\t\t\t<div class=\"faq-item-question\">\r\n\t\t\t\t\t\t<h3 class=\"faq-item-question-text\">Comment cr\u00e9er un calendrier d'\u00e9v\u00e9nements pour un h\u00f4tel ou un club via l'\u00e9diteur ?<\/h3>\r\n\r\n\t\t\t\t\t\t<div class=\"faq-item-question-icon\"><\/div>\r\n\t\t\t\t\t<\/div>\r\n\r\n\t\t\t\t\t<div class=\"faq-item-answer\">\r\n\t\t\t\t\t\t<div class=\"faq-item-answer-text\">\n    <p>Vous pouvez cr\u00e9er des variantes pour n&rsquo;importe quel type d&rsquo;\u00e9v\u00e9nement. L&rsquo;\u00e9diteur propose une large gamme de mises en page, toutes enti\u00e8rement personnalisables selon vos besoins.<\/p>\n  <\/div>\r\n\t\t\t\t\t<\/div>\r\n\t\t\t\t<\/div>\n  \n  <div class=\"faq-item\">\r\n\t\t\t\t\t<div class=\"faq-item-question\">\r\n\t\t\t\t\t\t<h3 class=\"faq-item-question-text\">Est-il possible d'ajouter un calendrier d'\u00e9v\u00e9nements \u00e0 mon site WooCommerce sans comp\u00e9tences en codage ?<\/h3>\r\n\r\n\t\t\t\t\t\t<div class=\"faq-item-question-icon\"><\/div>\r\n\t\t\t\t\t<\/div>\r\n\r\n\t\t\t\t\t<div class=\"faq-item-answer\">\r\n\t\t\t\t\t\t<div class=\"faq-item-answer-text\">\n    <p>Oui, Elfsight propose une solution Cloud qui vous permet de g\u00e9n\u00e9rer facilement un calendrier d&rsquo;\u00e9v\u00e9nements sans aucune comp\u00e9tence en codage. Voici comment proc\u00e9der :<\/p>\n    <ul>\n      <li>Travaillez directement dans notre \u00e9diteur en ligne pour cr\u00e9er un calendrier d&rsquo;\u00e9v\u00e9nements sur mesure pour votre site WooCommerce.<\/li>\n      <li>Choisissez l&rsquo;un de nos mod\u00e8les pr\u00e9d\u00e9finis, modifiez les param\u00e8tres, la mise en page et les couleurs, et mettez \u00e0 jour votre contenu sans avoir \u00e0 coder.<\/li>\n      <li>Enregistrez les param\u00e8tres d\u00e9finis, obtenez le code d&rsquo;int\u00e9gration et collez-le simplement sur votre site WooCommerce.<\/li>\n    <\/ul>\n    <p>Gr\u00e2ce \u00e0 notre configurateur intuitif, m\u00eame un utilisateur d\u00e9butant peut cr\u00e9er et int\u00e9grer un calendrier d&rsquo;\u00e9v\u00e9nements sans frais suppl\u00e9mentaires. Aucune carte de cr\u00e9dit n&rsquo;est requise. Si vous avez des questions ou rencontrez des difficult\u00e9s, notre \u00e9quipe de support est \u00e0 votre disposition pour vous aider.<\/p>\n  <\/div>\r\n\t\t\t\t\t<\/div>\r\n\t\t\t\t<\/div>\n<\/div>\n","protected":false},"excerpt":{"rendered":"Questions fr\u00e9quemment pos\u00e9es","protected":false},"author":18,"featured_media":0,"parent":1299,"menu_order":0,"comment_status":"closed","ping_status":"closed","template":"templates\/template-application-platform.php","meta":{"publish_to_discourse":"","publish_post_category":"","wpdc_auto_publish_overridden":"","wpdc_topic_tags":"","wpdc_pin_topic":"","wpdc_pin_until":"","discourse_post_id":"","discourse_permalink":"","wpdc_publishing_response":"","wpdc_publishing_error":"","footnotes":""},"class_list":["post-4842","page","type-page","status-publish","hentry"],"yoast_head":"<!-- This site is optimized with the Yoast SEO plugin v25.3.1 - https:\/\/yoast.com\/wordpress\/plugins\/seo\/ -->\n<title>Calendrier event - ajoutez plugin Calendarier sur WooCommerce<\/title>\n<meta name=\"description\" content=\"Int\u00e9grez un Calendrier event attractif sur votre site. Appliquez la d\u00e9mo d&#039;Elfsight et g\u00e9n\u00e9rez votre widget en quelques minutes.\" \/>\n<meta name=\"robots\" content=\"index, follow, max-snippet:-1, max-image-preview:large, max-video-preview:-1\" \/>\n<link rel=\"canonical\" href=\"https:\/\/elfsight.com\/fr\/event-calendar-widget\/woocommerce\/\" \/>\n<meta property=\"og:locale\" content=\"fr_FR\" \/>\n<meta property=\"og:type\" content=\"article\" \/>\n<meta property=\"og:title\" content=\"Calendrier event - ajoutez plugin Calendarier sur WooCommerce\" \/>\n<meta property=\"og:description\" content=\"Int\u00e9grez un Calendrier event attractif sur votre site. Appliquez la d\u00e9mo d&#039;Elfsight et g\u00e9n\u00e9rez votre widget en quelques minutes.\" \/>\n<meta property=\"og:url\" content=\"https:\/\/elfsight.com\/fr\/event-calendar-widget\/woocommerce\/\" \/>\n<meta property=\"og:site_name\" content=\"Elfsight FR\" \/>\n<meta property=\"article:modified_time\" content=\"2025-01-09T13:18:23+00:00\" \/>\n<meta name=\"twitter:card\" content=\"summary_large_image\" \/>\n<meta name=\"twitter:label1\" content=\"Dur\u00e9e de lecture estim\u00e9e\" \/>\n\t<meta name=\"twitter:data1\" content=\"4 minutes\" \/>\n<!-- \/ Yoast SEO plugin. -->","yoast_head_json":{"title":"Calendrier event - ajoutez plugin Calendarier sur WooCommerce","description":"Int\u00e9grez un Calendrier event attractif sur votre site. Appliquez la d\u00e9mo d'Elfsight et g\u00e9n\u00e9rez votre widget en quelques minutes.","robots":{"index":"index","follow":"follow","max-snippet":"max-snippet:-1","max-image-preview":"max-image-preview:large","max-video-preview":"max-video-preview:-1"},"canonical":"https:\/\/elfsight.com\/fr\/event-calendar-widget\/woocommerce\/","og_locale":"fr_FR","og_type":"article","og_title":"Calendrier event - ajoutez plugin Calendarier sur WooCommerce","og_description":"Int\u00e9grez un Calendrier event attractif sur votre site. Appliquez la d\u00e9mo d'Elfsight et g\u00e9n\u00e9rez votre widget en quelques minutes.","og_url":"https:\/\/elfsight.com\/fr\/event-calendar-widget\/woocommerce\/","og_site_name":"Elfsight FR","article_modified_time":"2025-01-09T13:18:23+00:00","twitter_card":"summary_large_image","twitter_misc":{"Dur\u00e9e de lecture estim\u00e9e":"4 minutes"},"schema":{"@context":"https:\/\/schema.org","@graph":[{"@type":"WebPage","@id":"https:\/\/elfsight.com\/fr\/event-calendar-widget\/woocommerce\/","url":"https:\/\/elfsight.com\/fr\/event-calendar-widget\/woocommerce\/","name":"Calendrier event - ajoutez plugin Calendarier sur WooCommerce","isPartOf":{"@id":"https:\/\/elfsight.com\/fr\/#website"},"datePublished":"2021-12-03T09:40:34+00:00","dateModified":"2025-01-09T13:18:23+00:00","description":"Int\u00e9grez un Calendrier event attractif sur votre site. Appliquez la d\u00e9mo d'Elfsight et g\u00e9n\u00e9rez votre widget en quelques minutes.","breadcrumb":{"@id":"https:\/\/elfsight.com\/fr\/event-calendar-widget\/woocommerce\/#breadcrumb"},"inLanguage":"fr-FR","potentialAction":[{"@type":"ReadAction","target":["https:\/\/elfsight.com\/fr\/event-calendar-widget\/woocommerce\/"]}]},{"@type":"BreadcrumbList","@id":"https:\/\/elfsight.com\/fr\/event-calendar-widget\/woocommerce\/#breadcrumb","itemListElement":[{"@type":"ListItem","position":1,"name":"Home","item":"https:\/\/elfsight.com\/fr\/"},{"@type":"ListItem","position":2,"name":"Event Calendar","item":"https:\/\/elfsight.com\/fr\/event-calendar-widget\/"},{"@type":"ListItem","position":3,"name":"Event Calendar &#8211; WooCommerce"}]},{"@type":"WebSite","@id":"https:\/\/elfsight.com\/fr\/#website","url":"https:\/\/elfsight.com\/fr\/","name":"Elfsight FR","description":"","potentialAction":[{"@type":"SearchAction","target":{"@type":"EntryPoint","urlTemplate":"https:\/\/elfsight.com\/fr\/?s={search_term_string}"},"query-input":{"@type":"PropertyValueSpecification","valueRequired":true,"valueName":"search_term_string"}}],"inLanguage":"fr-FR"}]}},"meta_box":{"industry":"","seo_heading":"","heading":"","description":"","cta_heading":"","cta_description":"","application":"1298","h1":"Plugin Calendrier event pour WooCommerce","h1_caption":"G\u00e9rez et partagez des \u00e9v\u00e9nements sur votre site Web avec un calendrier d'\u00e9v\u00e9nements interactif et convivial sur votre site Web WooCommerce sans effort.","application_category":[],"applications_title":"","applications_request_title":"","applications_request_button_text":"","hero_text":"","hero_video":"","hero_video_schema_markup":"","selling_points_title":"","selling_points_caption":"","selling_points":[],"selling_points_cta_text":"","features_title":"","features":"","ed_cta_examples_text":"","ed_cta_examples_hidden":"","ed_cta_demo_text":"","ed_cta_demo_hidden":"","why_caption":"","why_editor_title":"","why_editor_text":"","why_team_title":"","why_team_text":"","why_service_title":"","why_service_text":"","template_catalog_visible":"0","template_catalog_title":"","template_catalog_text":"","template_catalog_categories_visible":"","demo_title":"Cr\u00e9ez votre application Calendrier d'\u00e9v\u00e9nements","demo_caption":"Configurez votre calendrier d'\u00e9v\u00e9nements et ajoutez-le \u00e0 votre site Web WooCommerce gratuitement !","default_faq_hidden":"","app_template_category":[],"platform":"397","template_public_id":"","codecanyon_url":"","codecanyon_item_id":"","codecanyon_price":"","pricing_caption":"","pricing_elfsight_apps_hide_column":"","pricing_elfsight_apps_url":"","pricing_codecanyon_price_caption":"","integration_category":[],"integration_request_title":"","integration_request_cta":"","integration_platform":"","integrations":[],"platform_category":[],"video_schema_markup":"","price":"\u00c0 partir de $0\/mois","trial":"","benefits":[{"text":"Installation gratuite"},{"text":"Support Premium"},{"text":"Garantie de remboursement de 14 jours"},{"text":"L'am\u00e9lioration continue"}],"button_url":"#demo","button_target_blank":"0","button_nofollow":"0","attributes":[{"name":"Nombre d'installations","content":"1,000 - 5,000","_state":"expanded"},{"name":"Adaptif","content":"Oui","_state":"expanded"},{"name":"Navigateurs compatibles","content":"Firefox, Safari, Opera, Chrome, Edge","_state":"expanded"}],"tags":[],"tags_disable_links":"0","hide_more_platforms":"","video_object":"","demo_hide_cta":"0","demo_hide_cloud_options":"0","pricing_title":"","pricing":[{"pricing_icon":"platform","pricing_title":"Applications d'Elfsight","pricing_title_caption":"Solution num\u00e9rique multiplateforme qui fonctionne sur n'importe quel site","pricing_price":"\u00c0 partir de $0\/mois","pricing_price_caption":"Commencez avec un plan gratuit","pricing_benefits":[{"text":"Sites Web illimit\u00e9s"},{"text":"\u00c9quipe d'assistance professionnelle"},{"text":"Service d'installation gratuit"},{"text":"100% personnalisable"}],"pricing_button_text":"Ajouter au site Web","pricing_button_url":"https:\/\/apps.elfsight.com\/sign-up\/","pricing_button_nofollow":"1","_state":"expanded"}],"related_apps_title":"","related_apps_hidden":"1","author":"","image":[],"title":"","job":"","social_networks":[]},"_links":{"self":[{"href":"https:\/\/elfsight.com\/fr\/wp-json\/wp\/v2\/pages\/4842","targetHints":{"allow":["GET"]}}],"collection":[{"href":"https:\/\/elfsight.com\/fr\/wp-json\/wp\/v2\/pages"}],"about":[{"href":"https:\/\/elfsight.com\/fr\/wp-json\/wp\/v2\/types\/page"}],"author":[{"embeddable":true,"href":"https:\/\/elfsight.com\/fr\/wp-json\/wp\/v2\/users\/18"}],"replies":[{"embeddable":true,"href":"https:\/\/elfsight.com\/fr\/wp-json\/wp\/v2\/comments?post=4842"}],"version-history":[{"count":4,"href":"https:\/\/elfsight.com\/fr\/wp-json\/wp\/v2\/pages\/4842\/revisions"}],"predecessor-version":[{"id":16098,"href":"https:\/\/elfsight.com\/fr\/wp-json\/wp\/v2\/pages\/4842\/revisions\/16098"}],"up":[{"embeddable":true,"href":"https:\/\/elfsight.com\/fr\/wp-json\/wp\/v2\/pages\/1299"}],"wp:attachment":[{"href":"https:\/\/elfsight.com\/fr\/wp-json\/wp\/v2\/media?parent=4842"}],"curies":[{"name":"wp","href":"https:\/\/api.w.org\/{rel}","templated":true}]}}