{"id":4840,"date":"2021-12-03T09:40:37","date_gmt":"2021-12-03T09:40:37","guid":{"rendered":"https:\/\/elfsight.com\/fr\/?page_id=4840"},"modified":"2025-12-18T17:23:27","modified_gmt":"2025-12-18T17:23:27","slug":"wix","status":"publish","type":"page","link":"https:\/\/elfsight.com\/fr\/event-calendar-widget\/wix\/","title":{"rendered":"Event Calendar &#8211; Wix"},"content":{"rendered":"<div class=\"application-platform-content-item-description application-platform-content-item\" id=\"description\" data-nav-section=\"description\"> <h2>Int\u00e9grer le calendrier des \u00e9v\u00e9nements avec le widget Elfsight<\/h2> <p>Elfsight Calendar est une application puissante qui vous permet de partager sans effort vos \u00e9v\u00e9nements avec le reste de le monde. Il offre de nombreuses opportunit\u00e9s pour montrer les activit\u00e9s \u00e0 venir de la mani\u00e8re la plus repr\u00e9sentative. Personnalisez-le pour combiner le design avec l\u2019esth\u00e9tique de votre site. Cr\u00e9ez plusieurs \u00e9v\u00e9nements, ajoutez des balises, t\u00e9l\u00e9chargez vos propres photos et vid\u00e9os et tenez votre public inform\u00e9 de votre emploi du temps. Le widget de calendrier a tout pour stimuler l&rsquo;engagement des utilisateurs.<\/p><p><b>L&rsquo;application Elfsight Events Calendar peut vous aider \u00e0 afficher sans effort vos \u00e9v\u00e9nements \u00e0 venir et \u00e0 augmenter le taux d&rsquo;engagement sur votre site Web. B\u00e9n\u00e9ficiez du widget de calendrier et de sa capacit\u00e9 \u00e0 g\u00e9rer les \u00e9v\u00e9nements.<\/b><\/p> <\/div><div class=\"application-platform-content-item-features application-platform-content-item\" id=\"features\" data-nav-section=\"features\"> <h2>Principales fonctionnalit\u00e9s de l&rsquo;application Calendrier d&rsquo;\u00e9v\u00e9nements<\/h2> <p>Le calendrier Le widget est \u00e9quip\u00e9 de tout pour vous servir. Vous pouvez int\u00e9grer et structurer des \u00e9v\u00e9nements dans le calendrier Wix gr\u00e2ce \u00e0 ses param\u00e8tres flexibles. Voici une liste de toutes les caract\u00e9ristiques fonctionnelles de Wix Event Calendar. Ils sont disponibles directement dans l&rsquo;\u00e9diteur et vous aideront \u00e0 fa\u00e7onner le widget exactement pour votre cas. <\/p> <ul> <li>Utilisez des options de contenu adaptables pour adapter l&rsquo;outil \u00e0 votre type d&rsquo;activit\u00e9s. <\/li> <li>Permettez aux utilisateurs d&rsquo;ajouter des \u00e9v\u00e9nements \u00e0 leurs calendriers couramment utilis\u00e9s. <\/li> <li>G\u00e9n\u00e9rez diff\u00e9rents types d&rsquo;\u00e9v\u00e9nements, sp\u00e9cifiez des emplacements et ajoutez des h\u00f4tes. <\/li> <li>Cat\u00e9gorisez tous vos \u00e9v\u00e9nements et attribuez-leur des tags. <\/li> <li>Choisissez entre quatre options de mise en page. <\/li> <\/ul> <p><a href=\"#demo\">V\u00e9rifiez toutes les autres fonctions dans la d\u00e9mo<\/a><\/p> <\/div><div class=\"application-platform-content-item-installation application-platform-content-item\" id=\"installation\" data-nav-section=\"installation\"> <h2> Comment ajouter le calendrier des \u00e9v\u00e9nements \u00e0 Wix\u00a0?<\/h2> <div class=\"video-container\"><iframe width=\"720\" height=\"405\" src=\"https:\/\/www.youtube.com\/embed\/gXzGsQjsh9Y?si=Dl3uBIAVlqJaPn_B\" frameborder=\"0\" allowfullscreen=\"\"><\/iframe><\/div><p>Pour int\u00e9grer le widget, suivez simplement les instructions ci-dessous. <\/p> <ul> <li><b>G\u00e9n\u00e9rez votre application d&rsquo;\u00e9v\u00e9nements sur mesure<\/b><br> En g\u00e9rant notre configurateur gratuit, g\u00e9n\u00e9rez un widget avec une mise en page s\u00e9lectionn\u00e9e et des caract\u00e9ristiques fonctionnelles. <\/li> <li><b>Recevez le code personnel pour configurer l&rsquo;application<\/b><br> Apr\u00e8s avoir g\u00e9n\u00e9r\u00e9 votre widget, vous obtiendrez le code individuel dans la fen\u00eatre apparue sur Elfsight Apps. Copiez ce code pour une utilisation ult\u00e9rieure. <\/li> <li><b>Ajoutez le calendrier \u00e0 votre site Web<\/b><br> D\u00e9finissez l&rsquo;endroit o\u00f9 vous pr\u00e9voyez de r\u00e9v\u00e9ler le widget et ins\u00e9rez-y le code copi\u00e9. Enregistrez les r\u00e9sultats. <\/li> <li><b>F\u00e9licitations\u00a0! Vous venez de configurer l&rsquo;application\u00a0!<\/b><br> Acc\u00e9dez au site Web pour jeter un \u0153il \u00e0 votre travail. <\/li> <\/ul> <p>N&rsquo;h\u00e9sitez pas \u00e0 contacter le service client lorsque vous avez besoin de conseils ou que vous avez des questions. Nous serons heureux de r\u00e9pondre \u00e0 chaque demande. <\/p> <\/div><div class=\"faq\" data-component=\"FAQ\"><div class=\"faq-item\">\r\n\t\t\t\t\t<div class=\"faq-item-question\">\r\n\t\t\t\t\t\t<h3 class=\"faq-item-question-text\">Pourquoi les entreprises ajoutent-elles un calendrier d'\u00e9v\u00e9nements aux pages Wix ?<\/h3>\r\n\r\n\t\t\t\t\t\t<div class=\"faq-item-question-icon\"><\/div>\r\n\t\t\t\t\t<\/div>\r\n\r\n\t\t\t\t\t<div class=\"faq-item-answer\">\r\n\t\t\t\t\t\t<div class=\"faq-item-answer-text\"><p>Un calendrier d&rsquo;\u00e9v\u00e9nements interactif pour Wix fait conna\u00eetre le domaine d&rsquo;int\u00e9r\u00eat de votre entreprise de la meilleure fa\u00e7on. Plus important encore, cela am\u00e9liore la visibilit\u00e9 de votre entreprise \u00e0 mesure que vous cr\u00e9ez davantage d&rsquo;\u00e9v\u00e9nements. Vous pouvez afficher votre application de calendrier d&rsquo;\u00e9v\u00e9nements sur toutes les pages de votre site Web Wix ou uniquement sur certaines pages.<\/p><p>Le calendrier d&rsquo;\u00e9v\u00e9nements sur votre site Web vous permet \u00e9galement d&rsquo;int\u00e9grer du nouveau contenu pour votre site, ce qui est toujours un bon signe pour la recherche. moteurs. Ceux-ci consultent toujours votre site Web et lorsqu\u2019ils d\u00e9couvrent du nouveau contenu, ils classent votre site Web comme \u00e9tant beaucoup plus pertinent et peuvent augmenter les chances de l\u2019afficher lorsque vos clients potentiels effectuent une recherche en ligne. En plus des \u00e9v\u00e9nements, si vous choisissez d&rsquo;ajouter un calendrier sur votre site Web Wix, cela peut apporter de la valeur \u00e0 votre entreprise aux yeux de votre client\u00e8le.<\/p> <p>Vous pouvez utiliser le calendrier des \u00e9v\u00e9nements pour apporter plus d&rsquo;interaction. parmi vos clients. Semblable aux articles de blog, l&rsquo;int\u00e9gration du calendrier Wix peut vous aider \u00e0 interagir avec votre client\u00e8le en leur permettant de s&rsquo;inscrire \u00e0 certains \u00e9v\u00e9nements particuliers et m\u00eame de recommander d&rsquo;autres \u00e9v\u00e9nements auxquels ils pourraient vouloir assister. Impl\u00e9menter une telle fonctionnalit\u00e9 pour d\u00e9montrer des \u00e9v\u00e9nements sur votre site Wix est vraiment simple \u00e0 r\u00e9aliser.<\/p> <\/div>\r\n\t\t\t\t\t<\/div>\r\n\t\t\t\t<\/div><\/div>","protected":false},"excerpt":{"rendered":"","protected":false},"author":18,"featured_media":0,"parent":1299,"menu_order":0,"comment_status":"closed","ping_status":"closed","template":"templates\/template-application-platform.php","meta":{"publish_to_discourse":"","publish_post_category":"","wpdc_auto_publish_overridden":"","wpdc_topic_tags":"","wpdc_pin_topic":"","wpdc_pin_until":"","discourse_post_id":"","discourse_permalink":"","wpdc_publishing_response":"","wpdc_publishing_error":"","footnotes":""},"class_list":["post-4840","page","type-page","status-publish","hentry"],"yoast_head":"<!-- This site is optimized with the Yoast SEO plugin v25.3.1 - https:\/\/yoast.com\/wordpress\/plugins\/seo\/ -->\n<title>Calendrier event - ajoutez app Calendarier sur Wix<\/title>\n<meta name=\"description\" content=\"Int\u00e9grez un Calendrier event avantageux sur votre site. Appliquez la d\u00e9mo d&#039;Elfsight et g\u00e9n\u00e9rez votre plugin en quelques minutes.\" \/>\n<meta name=\"robots\" content=\"index, follow, max-snippet:-1, max-image-preview:large, max-video-preview:-1\" \/>\n<link rel=\"canonical\" href=\"https:\/\/elfsight.com\/fr\/event-calendar-widget\/wix\/\" \/>\n<meta property=\"og:locale\" content=\"fr_FR\" \/>\n<meta property=\"og:type\" content=\"article\" \/>\n<meta property=\"og:title\" content=\"Calendrier event - ajoutez app Calendarier sur Wix\" \/>\n<meta property=\"og:description\" content=\"Int\u00e9grez un Calendrier event avantageux sur votre site. Appliquez la d\u00e9mo d&#039;Elfsight et g\u00e9n\u00e9rez votre plugin en quelques minutes.\" \/>\n<meta property=\"og:url\" content=\"https:\/\/elfsight.com\/fr\/event-calendar-widget\/wix\/\" \/>\n<meta property=\"og:site_name\" content=\"Elfsight FR\" \/>\n<meta property=\"article:modified_time\" content=\"2025-12-18T17:23:27+00:00\" \/>\n<meta name=\"twitter:card\" content=\"summary_large_image\" \/>\n<meta name=\"twitter:label1\" content=\"Dur\u00e9e de lecture estim\u00e9e\" \/>\n\t<meta name=\"twitter:data1\" content=\"4 minutes\" \/>\n<!-- \/ Yoast SEO plugin. -->","yoast_head_json":{"title":"Calendrier event - ajoutez app Calendarier sur Wix","description":"Int\u00e9grez un Calendrier event avantageux sur votre site. Appliquez la d\u00e9mo d'Elfsight et g\u00e9n\u00e9rez votre plugin en quelques minutes.","robots":{"index":"index","follow":"follow","max-snippet":"max-snippet:-1","max-image-preview":"max-image-preview:large","max-video-preview":"max-video-preview:-1"},"canonical":"https:\/\/elfsight.com\/fr\/event-calendar-widget\/wix\/","og_locale":"fr_FR","og_type":"article","og_title":"Calendrier event - ajoutez app Calendarier sur Wix","og_description":"Int\u00e9grez un Calendrier event avantageux sur votre site. Appliquez la d\u00e9mo d'Elfsight et g\u00e9n\u00e9rez votre plugin en quelques minutes.","og_url":"https:\/\/elfsight.com\/fr\/event-calendar-widget\/wix\/","og_site_name":"Elfsight FR","article_modified_time":"2025-12-18T17:23:27+00:00","twitter_card":"summary_large_image","twitter_misc":{"Dur\u00e9e de lecture estim\u00e9e":"4 minutes"},"schema":{"@context":"https:\/\/schema.org","@graph":[{"@type":"WebPage","@id":"https:\/\/elfsight.com\/fr\/event-calendar-widget\/wix\/","url":"https:\/\/elfsight.com\/fr\/event-calendar-widget\/wix\/","name":"Calendrier event - ajoutez app Calendarier sur Wix","isPartOf":{"@id":"https:\/\/elfsight.com\/fr\/#website"},"datePublished":"2021-12-03T09:40:37+00:00","dateModified":"2025-12-18T17:23:27+00:00","description":"Int\u00e9grez un Calendrier event avantageux sur votre site. Appliquez la d\u00e9mo d'Elfsight et g\u00e9n\u00e9rez votre plugin en quelques minutes.","breadcrumb":{"@id":"https:\/\/elfsight.com\/fr\/event-calendar-widget\/wix\/#breadcrumb"},"inLanguage":"fr-FR","potentialAction":[{"@type":"ReadAction","target":["https:\/\/elfsight.com\/fr\/event-calendar-widget\/wix\/"]}]},{"@type":"BreadcrumbList","@id":"https:\/\/elfsight.com\/fr\/event-calendar-widget\/wix\/#breadcrumb","itemListElement":[{"@type":"ListItem","position":1,"name":"Home","item":"https:\/\/elfsight.com\/fr\/"},{"@type":"ListItem","position":2,"name":"Event Calendar","item":"https:\/\/elfsight.com\/fr\/event-calendar-widget\/"},{"@type":"ListItem","position":3,"name":"Event Calendar &#8211; Wix"}]},{"@type":"WebSite","@id":"https:\/\/elfsight.com\/fr\/#website","url":"https:\/\/elfsight.com\/fr\/","name":"Elfsight FR","description":"","potentialAction":[{"@type":"SearchAction","target":{"@type":"EntryPoint","urlTemplate":"https:\/\/elfsight.com\/fr\/?s={search_term_string}"},"query-input":{"@type":"PropertyValueSpecification","valueRequired":true,"valueName":"search_term_string"}}],"inLanguage":"fr-FR"}]}},"meta_box":{"industry":"","seo_heading":"","heading":"","description":"","cta_heading":"","cta_description":"","application":"1298","h1":"App Calendrier event pour Wix","h1_caption":"G\u00e9rez et partagez des \u00e9v\u00e9nements sur votre site Web avec un calendrier d'\u00e9v\u00e9nements interactif et convivial sur votre site Web Wix sans effort.","application_category":[],"applications_title":"","applications_request_title":"","applications_request_button_text":"","hero_text":"","hero_video":"","hero_video_schema_markup":"","selling_points_title":"","selling_points_caption":"","selling_points":[],"selling_points_cta_text":"","features_title":"","features":"","ed_cta_examples_text":"","ed_cta_examples_hidden":"","ed_cta_demo_text":"","ed_cta_demo_hidden":"","why_caption":"","why_editor_title":"","why_editor_text":"","why_team_title":"","why_team_text":"","why_service_title":"","why_service_text":"","template_catalog_visible":"0","template_catalog_title":"","template_catalog_text":"","template_catalog_categories_visible":"","demo_title":"Cr\u00e9ez votre application Calendrier d'\u00e9v\u00e9nements","demo_caption":"Configurez votre calendrier d'\u00e9v\u00e9nements et ajoutez-le \u00e0 votre site Web Wix gratuitement !","default_faq_hidden":"","app_template_category":[],"platform":"345","template_public_id":"","codecanyon_url":"","codecanyon_item_id":"","codecanyon_price":"","pricing_caption":"","pricing_elfsight_apps_hide_column":"","pricing_elfsight_apps_url":"","pricing_codecanyon_price_caption":"","integration_category":[],"integration_request_title":"","integration_request_cta":"","integration_platform":"","integrations":[],"platform_category":[],"video_schema_markup":"","price":"\u00c0 partir de $0\/mois","trial":"","benefits":[{"text":"Installation gratuite"},{"text":"Support Premium"},{"text":"Garantie de remboursement de 14 jours"},{"text":"L'am\u00e9lioration continue"}],"button_url":"#demo","button_target_blank":"0","button_nofollow":"0","attributes":[{"name":"Nombre d'installations","content":"1,000 - 5,000","_state":"expanded"},{"name":"Adaptif","content":"Oui","_state":"expanded"},{"name":"Navigateurs compatibles","content":"Firefox, Safari, Opera, Chrome, Edge","_state":"expanded"}],"tags":[],"tags_disable_links":"0","hide_more_platforms":"0","video_object":"","demo_hide_cta":"0","demo_hide_cloud_options":"0","pricing_title":"","pricing":[{"pricing_icon":"platform","pricing_title":"Applications d'Elfsight","pricing_title_caption":"Solution num\u00e9rique multiplateforme qui fonctionne sur n'importe quel site","pricing_price":"\u00c0 partir de $0\/mois","pricing_price_caption":"Commencez avec un plan gratuit","pricing_benefits":[{"text":"Sites Web illimit\u00e9s"},{"text":"\u00c9quipe d'assistance professionnelle"},{"text":"Service d'installation gratuit"},{"text":"100% personnalisable"}],"pricing_button_text":"Ajouter au site Web","pricing_button_url":"https:\/\/apps.elfsight.com\/sign-up\/","pricing_button_nofollow":"1","_state":"expanded"}],"related_apps_title":"","related_apps_hidden":"1","author":"","image":[],"title":"","job":"","social_networks":[]},"_links":{"self":[{"href":"https:\/\/elfsight.com\/fr\/wp-json\/wp\/v2\/pages\/4840","targetHints":{"allow":["GET"]}}],"collection":[{"href":"https:\/\/elfsight.com\/fr\/wp-json\/wp\/v2\/pages"}],"about":[{"href":"https:\/\/elfsight.com\/fr\/wp-json\/wp\/v2\/types\/page"}],"author":[{"embeddable":true,"href":"https:\/\/elfsight.com\/fr\/wp-json\/wp\/v2\/users\/18"}],"replies":[{"embeddable":true,"href":"https:\/\/elfsight.com\/fr\/wp-json\/wp\/v2\/comments?post=4840"}],"version-history":[{"count":3,"href":"https:\/\/elfsight.com\/fr\/wp-json\/wp\/v2\/pages\/4840\/revisions"}],"predecessor-version":[{"id":16766,"href":"https:\/\/elfsight.com\/fr\/wp-json\/wp\/v2\/pages\/4840\/revisions\/16766"}],"up":[{"embeddable":true,"href":"https:\/\/elfsight.com\/fr\/wp-json\/wp\/v2\/pages\/1299"}],"wp:attachment":[{"href":"https:\/\/elfsight.com\/fr\/wp-json\/wp\/v2\/media?parent=4840"}],"curies":[{"name":"wp","href":"https:\/\/api.w.org\/{rel}","templated":true}]}}