{"id":4838,"date":"2021-12-03T09:40:40","date_gmt":"2021-12-03T09:40:40","guid":{"rendered":"https:\/\/elfsight.com\/fr\/?page_id=4838"},"modified":"2025-07-09T17:19:38","modified_gmt":"2025-07-09T17:19:38","slug":"weebly","status":"publish","type":"page","link":"https:\/\/elfsight.com\/fr\/event-calendar-widget\/weebly\/","title":{"rendered":"Event Calendar &#8211; Weebly"},"content":{"rendered":"<div class=\"application-platform-content-item-description application-platform-content-item\" id=\"description\" data-nav-section=\"description\"> <h2>Int\u00e9grer le calendrier des \u00e9v\u00e9nements avec le widget Elfsight<\/h2> <p>Elfsight Calendar est un widget impressionnant vous permettant de partager facilement vos \u00e9v\u00e9nements avec votre public. Il contient de nombreuses opportunit\u00e9s pour d\u00e9montrer les activit\u00e9s \u00e0 venir de la mani\u00e8re la plus majestueuse. Personnalisez-le pour combiner le design avec l\u2019esth\u00e9tique de votre site. Cr\u00e9ez un nombre illimit\u00e9 d&rsquo;\u00e9v\u00e9nements, ajoutez diff\u00e9rentes balises, t\u00e9l\u00e9chargez vos images et vid\u00e9os personnalis\u00e9es et tenez les visiteurs inform\u00e9s de votre emploi du temps.<\/p><p>Un widget de calendrier interactif pour Weebly fait conna\u00eetre les activit\u00e9s de votre entreprise. En outre, cela augmente la popularit\u00e9 de votre marque \u00e0 mesure que vous organisez davantage d\u2019\u00e9v\u00e9nements. Vous pouvez pr\u00e9senter votre widget d&rsquo;\u00e9v\u00e9nement sur toutes les pages de votre site Weebly ou uniquement sur celles s\u00e9lectionn\u00e9es. Le calendrier des \u00e9v\u00e9nements sur votre site vous permet \u00e9galement d&rsquo;ajouter du nouveau contenu pour votre site, ce qui est toujours utile pour les moteurs de recherche. Ceux-ci \u00e9valuent toujours votre site Web et lorsqu&rsquo;ils rep\u00e8rent du nouveau contenu, ils classent votre site comme \u00e9tant beaucoup plus pertinent et peuvent augmenter les chances de d\u00e9couvrir votre site Web lorsque vos clients potentiels effectuent une recherche en ligne. En plus des \u00e9v\u00e9nements, l&rsquo;int\u00e9gration d&rsquo;une application de calendrier d&rsquo;\u00e9v\u00e9nements \u00e0 votre site Weebly peut apporter de la valeur \u00e0 votre site Web aux yeux de vos clients. Vous \u00eates libre d&rsquo;utiliser le calendrier des \u00e9v\u00e9nements pour g\u00e9n\u00e9rer davantage d&rsquo;interactions entre vos clients. Comme un article de blog, un calendrier d&rsquo;\u00e9v\u00e9nements peut vous aider \u00e0 communiquer avec votre public en le motivant \u00e0 s&rsquo;inscrire \u00e0 certains \u00e9v\u00e9nements et m\u00eame \u00e0 proposer d&rsquo;autres \u00e9v\u00e9nements auxquels il souhaite assister. Ajoutez une fonctionnalit\u00e9 de calendrier pour afficher facilement les \u00e9v\u00e9nements sur votre site Web Weebly.<\/p><p><b>Le calendrier des \u00e9v\u00e9nements peut vous aider \u00e0 afficher sans effort vos futurs \u00e9v\u00e9nements et \u00e0 augmenter le niveau d&rsquo;engagement sur votre site.<\/b><\/p> <\/div><div class=\"application-platform-content-item-features application-platform-content-item\" id=\"features\" data-nav-section=\"features\"> <h2>Principales fonctionnalit\u00e9s de l&rsquo;application Calendrier d&rsquo;\u00e9v\u00e9nements<\/h2> <p>Voir toutes les fonctionnalit\u00e9s de Weebly Event Calendar. Vous pouvez les g\u00e9rer directement dans l&rsquo;\u00e9diteur et ils vous aideront \u00e0 construire le widget adapt\u00e9 \u00e0 votre cas.<\/p> <ul> <li>Utilisez des opportunit\u00e9s de contenu exploitables pour comprendre le widget adapt\u00e9 \u00e0 votre type d&rsquo;\u00e9v\u00e9nements. <\/li> <li>Aidez les utilisateurs \u00e0 ajouter des \u00e9v\u00e9nements \u00e0 leurs calendriers couramment utilis\u00e9s. <\/li> <li>Formez diff\u00e9rents types d&rsquo;\u00e9v\u00e9nements, marquez des emplacements et ajoutez des h\u00f4tes. <\/li> <li>Cat\u00e9gorisez toutes vos activit\u00e9s et attribuez-leur des balises. <\/li> <li>Choisissez entre quatre variantes de mise en page. <\/li> <\/ul> <p><a href=\"#demo\">Essayez toutes les autres fonctions de la d\u00e9mo<\/a><\/p> <\/div><div class=\"application-platform-content-item-installation application-platform-content-item\" id=\"installation\" data-nav-section=\"installation\"> <h2> Comment int\u00e9grer le calendrier des \u00e9v\u00e9nements sur mon site Web Weebly\u00a0? <\/h2><div class=\"video-container\"><iframe width=\"720\" height=\"405\" src=\"https:\/\/www.youtube.com\/embed\/ErfuYGxteNc\" frameborder=\"0\" allowfullscreen=\"\"><\/iframe><\/div><p>Pour introduire le widget, suivez simplement les instructions ci-dessous. <\/p> <ol><li><b>G\u00e9rez notre d\u00e9mo gratuite et commencez \u00e0 cr\u00e9er votre application personnalis\u00e9e. <\/b><br> Choisissez la conception et les param\u00e8tres souhait\u00e9s pour l&rsquo;application et appliquez toutes les modifications. <\/li> <li><b>Recevez votre code individuel qui appara\u00eet dans la fen\u00eatre des applications Elfsight. <\/b><br> D\u00e8s que la configuration de votre application personnelle est termin\u00e9e, copiez le code individuel dans la case qui appara\u00eet et enregistrez-le pour un besoin ult\u00e9rieur. <\/li> <li><b>Commencez \u00e0 utiliser l&rsquo;application sur votre site Weebly. <\/b><br> Collez le code que vous avez enregistr\u00e9 r\u00e9cemment dans votre page Web et enregistrez les ajustements. <\/li> <li><b>La configuration est termin\u00e9e avec succ\u00e8s. <\/b><br> Acc\u00e9dez \u00e0 votre site pour visualiser le fonctionnement de l&rsquo;application. <\/li><\/ol><p>N&rsquo;h\u00e9sitez pas \u00e0 communiquer avec notre service client si vous avez besoin d&rsquo;aide ou si vous avez des questions. Nos sp\u00e9cialistes vous donneront un coup de main pour chaque demande. <\/p> <\/div><div class=\"faq\" data-component=\"FAQ\"><div class=\"faq-item\">\r\n\t\t\t\t\t<div class=\"faq-item-question\">\r\n\t\t\t\t\t\t<h3 class=\"faq-item-question-text\">Existe-t-il une m\u00e9thode pour int\u00e9grer le calendrier d'\u00e9v\u00e9nements \u00e0 mon site Web Weebly sans codage ?<\/h3>\r\n\r\n\t\t\t\t\t\t<div class=\"faq-item-question-icon\"><\/div>\r\n\t\t\t\t\t<\/div>\r\n\r\n\t\t\t\t\t<div class=\"faq-item-answer\">\r\n\t\t\t\t\t\t<div class=\"faq-item-answer-text\"><p>La soci\u00e9t\u00e9 Elfsight propose un solution qui permet aux utilisateurs de cr\u00e9er eux-m\u00eames un widget de calendrier d&rsquo;\u00e9v\u00e9nements, d\u00e9couvrez \u00e0 quel point le processus est simple\u00a0: <\/p><ul><li>Travailler directement dans l&rsquo;\u00e9diteur en ligne pour cr\u00e9er un plugin de calendrier d&rsquo;\u00e9v\u00e9nements que vous aimeriez voir sur votre page Web Weebly. .<\/li><li>Choisissez l&rsquo;un des mod\u00e8les pr\u00e9d\u00e9finis et modifiez les param\u00e8tres du calendrier des \u00e9v\u00e9nements, incluez votre contenu, changez la disposition et la couleur des \u00e9l\u00e9ments sans aucune comp\u00e9tence en codage.<\/li><li>Enregistrez le calendrier des \u00e9v\u00e9nements et obtenez le code d&rsquo;installation, qui peut \u00eatre int\u00e9gr\u00e9 au site Weebly sans acheter de forfait payant. <\/li><\/ul><p>Gr\u00e2ce \u00e0 notre \u00e9diteur intuitif, tout utilisateur Web peut cr\u00e9er un widget Calendrier d&rsquo;\u00e9v\u00e9nements en ligne et l&rsquo;inclure sur le site Web Weebly. Il n&rsquo;est pas n\u00e9cessaire de souscrire un abonnement payant ou de saisir les informations d&rsquo;identification de votre carte pour acc\u00e9der au service Elfsight. Si vous rencontrez des probl\u00e8mes \u00e0 n&rsquo;importe quelle \u00e9tape, n&rsquo;h\u00e9sitez pas \u00e0 contacter notre \u00e9quipe d&rsquo;assistance technique.<\/p><\/div>\r\n\t\t\t\t\t<\/div>\r\n\t\t\t\t<\/div><\/div>","protected":false},"excerpt":{"rendered":"","protected":false},"author":18,"featured_media":0,"parent":1299,"menu_order":0,"comment_status":"closed","ping_status":"closed","template":"templates\/template-application-platform.php","meta":{"publish_to_discourse":"","publish_post_category":"","wpdc_auto_publish_overridden":"","wpdc_topic_tags":"","wpdc_pin_topic":"","wpdc_pin_until":"","discourse_post_id":"","discourse_permalink":"","wpdc_publishing_response":"","wpdc_publishing_error":"","footnotes":""},"class_list":["post-4838","page","type-page","status-publish","hentry"],"yoast_head":"<!-- This site is optimized with the Yoast SEO plugin v25.3.1 - https:\/\/yoast.com\/wordpress\/plugins\/seo\/ -->\n<title>Calendrier event - ajoutez app Calendarier sur Weebly<\/title>\n<meta name=\"description\" content=\"Int\u00e9grez un Calendrier event attractif sur votre site. Appliquez la d\u00e9mo d&#039;Elfsight et g\u00e9n\u00e9rez votre widget en deux minutes.\" \/>\n<meta name=\"robots\" content=\"index, follow, max-snippet:-1, max-image-preview:large, max-video-preview:-1\" \/>\n<link rel=\"canonical\" href=\"https:\/\/elfsight.com\/fr\/event-calendar-widget\/weebly\/\" \/>\n<meta property=\"og:locale\" content=\"fr_FR\" \/>\n<meta property=\"og:type\" content=\"article\" \/>\n<meta property=\"og:title\" content=\"Calendrier event - ajoutez app Calendarier sur Weebly\" \/>\n<meta property=\"og:description\" content=\"Int\u00e9grez un Calendrier event attractif sur votre site. Appliquez la d\u00e9mo d&#039;Elfsight et g\u00e9n\u00e9rez votre widget en deux minutes.\" \/>\n<meta property=\"og:url\" content=\"https:\/\/elfsight.com\/fr\/event-calendar-widget\/weebly\/\" \/>\n<meta property=\"og:site_name\" content=\"Elfsight FR\" \/>\n<meta property=\"article:modified_time\" content=\"2025-07-09T17:19:38+00:00\" \/>\n<meta name=\"twitter:card\" content=\"summary_large_image\" \/>\n<meta name=\"twitter:label1\" content=\"Dur\u00e9e de lecture estim\u00e9e\" \/>\n\t<meta name=\"twitter:data1\" content=\"1 minute\" \/>\n<!-- \/ Yoast SEO plugin. -->","yoast_head_json":{"title":"Calendrier event - ajoutez app Calendarier sur Weebly","description":"Int\u00e9grez un Calendrier event attractif sur votre site. Appliquez la d\u00e9mo d'Elfsight et g\u00e9n\u00e9rez votre widget en deux minutes.","robots":{"index":"index","follow":"follow","max-snippet":"max-snippet:-1","max-image-preview":"max-image-preview:large","max-video-preview":"max-video-preview:-1"},"canonical":"https:\/\/elfsight.com\/fr\/event-calendar-widget\/weebly\/","og_locale":"fr_FR","og_type":"article","og_title":"Calendrier event - ajoutez app Calendarier sur Weebly","og_description":"Int\u00e9grez un Calendrier event attractif sur votre site. Appliquez la d\u00e9mo d'Elfsight et g\u00e9n\u00e9rez votre widget en deux minutes.","og_url":"https:\/\/elfsight.com\/fr\/event-calendar-widget\/weebly\/","og_site_name":"Elfsight FR","article_modified_time":"2025-07-09T17:19:38+00:00","twitter_card":"summary_large_image","twitter_misc":{"Dur\u00e9e de lecture estim\u00e9e":"1 minute"},"schema":{"@context":"https:\/\/schema.org","@graph":[{"@type":"WebPage","@id":"https:\/\/elfsight.com\/fr\/event-calendar-widget\/weebly\/","url":"https:\/\/elfsight.com\/fr\/event-calendar-widget\/weebly\/","name":"Calendrier event - ajoutez app Calendarier sur Weebly","isPartOf":{"@id":"https:\/\/elfsight.com\/fr\/#website"},"datePublished":"2021-12-03T09:40:40+00:00","dateModified":"2025-07-09T17:19:38+00:00","description":"Int\u00e9grez un Calendrier event attractif sur votre site. Appliquez la d\u00e9mo d'Elfsight et g\u00e9n\u00e9rez votre widget en deux minutes.","breadcrumb":{"@id":"https:\/\/elfsight.com\/fr\/event-calendar-widget\/weebly\/#breadcrumb"},"inLanguage":"fr-FR","potentialAction":[{"@type":"ReadAction","target":["https:\/\/elfsight.com\/fr\/event-calendar-widget\/weebly\/"]}]},{"@type":"BreadcrumbList","@id":"https:\/\/elfsight.com\/fr\/event-calendar-widget\/weebly\/#breadcrumb","itemListElement":[{"@type":"ListItem","position":1,"name":"Home","item":"https:\/\/elfsight.com\/fr\/"},{"@type":"ListItem","position":2,"name":"Event Calendar","item":"https:\/\/elfsight.com\/fr\/event-calendar-widget\/"},{"@type":"ListItem","position":3,"name":"Event Calendar &#8211; Weebly"}]},{"@type":"WebSite","@id":"https:\/\/elfsight.com\/fr\/#website","url":"https:\/\/elfsight.com\/fr\/","name":"Elfsight FR","description":"","potentialAction":[{"@type":"SearchAction","target":{"@type":"EntryPoint","urlTemplate":"https:\/\/elfsight.com\/fr\/?s={search_term_string}"},"query-input":{"@type":"PropertyValueSpecification","valueRequired":true,"valueName":"search_term_string"}}],"inLanguage":"fr-FR"}]}},"meta_box":{"industry":"","seo_heading":"","heading":"","description":"","cta_heading":"","cta_description":"","application":"1298","h1":"App Calendrier event pour Weebly","h1_caption":"G\u00e9rez et partagez des \u00e9v\u00e9nements sur votre site Web avec un calendrier d'\u00e9v\u00e9nements interactif et convivial sur votre site Web Weebly sans effort.","application_category":[],"applications_title":"","applications_request_title":"","applications_request_button_text":"","hero_text":"","hero_video":"","hero_video_schema_markup":"","selling_points_title":"","selling_points_caption":"","selling_points":[],"selling_points_cta_text":"","features_title":"","features":"","ed_cta_examples_text":"","ed_cta_examples_hidden":"","ed_cta_demo_text":"","ed_cta_demo_hidden":"","why_caption":"","why_editor_title":"","why_editor_text":"","why_team_title":"","why_team_text":"","why_service_title":"","why_service_text":"","template_catalog_visible":"","template_catalog_title":"","template_catalog_text":"","template_catalog_categories_visible":"","demo_title":"Cr\u00e9ez votre application Calendrier d'\u00e9v\u00e9nements","demo_caption":"Configurez votre calendrier d'\u00e9v\u00e9nements et ajoutez-le \u00e0 votre site Web Weebly gratuitement\u00a0!","default_faq_hidden":"","app_template_category":[],"platform":"363","template_public_id":"","codecanyon_url":"","codecanyon_item_id":"","codecanyon_price":"","pricing_caption":"","pricing_elfsight_apps_hide_column":"","pricing_elfsight_apps_url":"","pricing_codecanyon_price_caption":"","integration_category":[],"integration_request_title":"","integration_request_cta":"","integration_platform":"","integrations":[],"platform_category":[],"video_schema_markup":"","price":"\u00c0 partir de $0\/mois","trial":"","benefits":[{"text":"Installation gratuite"},{"text":"Support Premium"},{"text":"Garantie de remboursement de 14 jours"},{"text":"L'am\u00e9lioration continue"}],"button_url":"#demo","button_target_blank":"0","button_nofollow":"0","attributes":[{"name":"Nombre d'installations","content":"1,000 - 5,000","_state":"expanded"},{"name":"Adaptif","content":"Oui","_state":"expanded"},{"name":"Navigateurs compatibles","content":"Firefox, Safari, Opera, Chrome, Edge","_state":"expanded"}],"tags":[],"tags_disable_links":"0","hide_more_platforms":"","video_object":"","demo_hide_cta":"0","demo_hide_cloud_options":"0","pricing_title":"","pricing":[{"pricing_icon":"platform","pricing_title":"Applications d'Elfsight","pricing_title_caption":"Solution num\u00e9rique multiplateforme qui fonctionne sur n'importe quel site","pricing_price":"\u00c0 partir de $0\/mois","pricing_price_caption":"Commencez avec un plan gratuit","pricing_benefits":[{"text":"Sites Web illimit\u00e9s"},{"text":"\u00c9quipe d'assistance professionnelle"},{"text":"Service d'installation gratuit"},{"text":"100% personnalisable"}],"pricing_button_text":"Ajouter au site Web","pricing_button_url":"https:\/\/apps.elfsight.com\/sign-up\/","pricing_button_nofollow":"1","_state":"expanded"}],"related_apps_title":"","related_apps_hidden":"1","author":"","image":[],"title":"","job":"","social_networks":[]},"_links":{"self":[{"href":"https:\/\/elfsight.com\/fr\/wp-json\/wp\/v2\/pages\/4838","targetHints":{"allow":["GET"]}}],"collection":[{"href":"https:\/\/elfsight.com\/fr\/wp-json\/wp\/v2\/pages"}],"about":[{"href":"https:\/\/elfsight.com\/fr\/wp-json\/wp\/v2\/types\/page"}],"author":[{"embeddable":true,"href":"https:\/\/elfsight.com\/fr\/wp-json\/wp\/v2\/users\/18"}],"replies":[{"embeddable":true,"href":"https:\/\/elfsight.com\/fr\/wp-json\/wp\/v2\/comments?post=4838"}],"version-history":[{"count":2,"href":"https:\/\/elfsight.com\/fr\/wp-json\/wp\/v2\/pages\/4838\/revisions"}],"predecessor-version":[{"id":14725,"href":"https:\/\/elfsight.com\/fr\/wp-json\/wp\/v2\/pages\/4838\/revisions\/14725"}],"up":[{"embeddable":true,"href":"https:\/\/elfsight.com\/fr\/wp-json\/wp\/v2\/pages\/1299"}],"wp:attachment":[{"href":"https:\/\/elfsight.com\/fr\/wp-json\/wp\/v2\/media?parent=4838"}],"curies":[{"name":"wp","href":"https:\/\/api.w.org\/{rel}","templated":true}]}}