{"id":4836,"date":"2021-12-03T09:40:43","date_gmt":"2021-12-03T09:40:43","guid":{"rendered":"https:\/\/elfsight.com\/fr\/?page_id=4836"},"modified":"2025-07-09T17:19:31","modified_gmt":"2025-07-09T17:19:31","slug":"webnode","status":"publish","type":"page","link":"https:\/\/elfsight.com\/fr\/event-calendar-widget\/webnode\/","title":{"rendered":"Event Calendar &#8211; Webnode"},"content":{"rendered":"<div class=\"application-platform-content-item-description application-platform-content-item\" id=\"description\" data-nav-section=\"description\"> <h2>Int\u00e9grer le calendrier des \u00e9v\u00e9nements avec le widget Elfsight<\/h2> <p>Le calendrier des \u00e9v\u00e9nements Elfsight est un widget impressionnant qui vous permet de partager facilement vos activit\u00e9s avec votre visiteurs. Il comprend de nombreuses opportunit\u00e9s pour afficher les activit\u00e9s \u00e0 venir de la mani\u00e8re la plus repr\u00e9sentative. Personnalisez-le pour fusionner le design avec le style de votre site Web. Cr\u00e9ez plusieurs \u00e9v\u00e9nements, ajoutez diff\u00e9rentes balises, t\u00e9l\u00e9chargez vos propres images et vid\u00e9os et tenez les utilisateurs inform\u00e9s de vos projets. <\/p> <p><b>Le calendrier des \u00e9v\u00e9nements peut vous aider \u00e0 promouvoir facilement vos \u00e9v\u00e9nements \u00e0 venir et \u00e0 am\u00e9liorer le niveau d&rsquo;engagement sur votre page Web. <\/b><\/p> <\/div><div class=\"application-platform-content-item-features application-platform-content-item\" id=\"features\" data-nav-section=\"features\"> <h2>Principales fonctionnalit\u00e9s du widget Calendrier d&rsquo;\u00e9v\u00e9nements<\/h2> <p>Voir toutes les fonctionnalit\u00e9s du calendrier d&rsquo;\u00e9v\u00e9nements Webnode. Vous pouvez les g\u00e9rer directement dans l&rsquo;\u00e9diteur et ils vous aideront \u00e0 construire le widget adapt\u00e9 \u00e0 votre cas. <\/p> <ul> <li>Utilisez des options de contenu adaptables pour comprendre l&rsquo;outil correspondant \u00e0 votre type d&rsquo;activit\u00e9s. <\/li> <li>Permettez aux utilisateurs d&rsquo;ajouter vos \u00e9v\u00e9nements \u00e0 leurs calendriers les plus utilis\u00e9s. <\/li> <li>G\u00e9n\u00e9rez diff\u00e9rents types d&rsquo;\u00e9v\u00e9nements, marquez des emplacements et ajoutez des h\u00f4tes. <\/li> <li>Cat\u00e9gorisez tous vos \u00e9v\u00e9nements et attribuez-leur des balises. <\/li> <li>Choisissez entre quatre options de mise en page. <\/li> <\/ul> <p><a href=\"#demo\">D\u00e9couvrez comment fonctionnent toutes les fonctionnalit\u00e9s, dans notre d\u00e9mo<\/a><\/p> <\/div><div class=\"application-platform-content-item-installation application-platform-content-item\" id=\"installation\" data-nav-section=\"installation\"> <h2>Comment int\u00e9grer le calendrier des \u00e9v\u00e9nements sur Webnode\u00a0? <\/h2> <p>Pour commencer \u00e0 utiliser le widget, suivez simplement ces \u00e9tapes rapides. <\/p> <ul> <li><b>G\u00e9n\u00e9rez votre widget Calendrier personnel<\/b><br> En g\u00e9rant notre \u00e9diteur gratuit, g\u00e9n\u00e9rez un plugin avec une interface et des fonctions s\u00e9lectionn\u00e9es. <\/li> <li><b>Recevez le code personnel pour int\u00e9grer le widget<\/b><br> Apr\u00e8s avoir cr\u00e9\u00e9 votre widget, vous obtiendrez votre code personnel dans la fen\u00eatre contextuelle des applications Elfsight. Copiez ce code pour une utilisation future. <\/li> <li><b>Int\u00e9grez le widget sur votre site<\/b><br> D\u00e9finissez la zone dans laquelle vous souhaitez int\u00e9grer le plugin et ins\u00e9rez-y le code enregistr\u00e9. Enregistrez les modifications. <\/li> <li><b>Vous avez r\u00e9ussi l&rsquo;installation<\/b><br> Visitez le site Web pour afficher votre calendrier. <\/li> <\/ul> <p>N&rsquo;h\u00e9sitez pas \u00e0 contacter notre service client lorsque vous avez besoin de conseils ou si vous avez des questions. Nos sp\u00e9cialistes se feront un plaisir de r\u00e9pondre \u00e0 chaque demande. <\/p> <\/div><div class=\"faq\" data-component=\"FAQ\"><div class=\"faq-item\">\r\n\t\t\t\t\t<div class=\"faq-item-question\">\r\n\t\t\t\t\t\t<h3 class=\"faq-item-question-text\">Existe-t-il un moyen d'int\u00e9grer le calendrier des \u00e9v\u00e9nements \u00e0 ma page d'accueil Webnode sans comp\u00e9tences en codage ?<\/h3>\r\n\r\n\t\t\t\t\t\t<div class=\"faq-item-question-icon\"><\/div>\r\n\t\t\t\t\t<\/div>\r\n\r\n\t\t\t\t\t<div class=\"faq-item-answer\">\r\n\t\t\t\t\t\t<div class=\"faq-item-answer-text\"><p>Soci\u00e9t\u00e9 Elfsight pr\u00e9sente une solution Cloud qui permet aux utilisateurs de cr\u00e9er eux-m\u00eames une application de calendrier d&rsquo;\u00e9v\u00e9nements. D\u00e9couvrez \u00e0 quel point c&rsquo;est simple\u00a0: <\/p><ul><li> Acc\u00e9dez \u00e0 l&rsquo;\u00e9diteur en ligne pour cr\u00e9er un plugin de calendrier d&rsquo;\u00e9v\u00e9nements que vous souhaitez inclure sur la page d&rsquo;accueil de Webnode. <\/li><li>S\u00e9lectionnez l&rsquo;un des nombreux mod\u00e8les pr\u00eats \u00e0 l&#8217;emploi et modifiez les param\u00e8tres du calendrier des \u00e9v\u00e9nements, mettez \u00e0 jour votre contenu, modifiez la mise en page et les couleurs sans exp\u00e9rience de codage.<\/li><li>Enregistrez les param\u00e8tres que vous avez d\u00e9finis. cr\u00e9\u00e9 sur Event Calendar et obtenez le code du plugin pour l&rsquo;installation, que vous pouvez facilement coller gratuitement dans n&rsquo;importe quelle page d&rsquo;accueil de Webnode. <\/li><\/ul><p>\u00c0 l&rsquo;aide de l&rsquo;\u00e9diteur simple, tout internaute peut cr\u00e9er une section Calendrier des \u00e9v\u00e9nements et l&rsquo;ajouter \u00e0 n&rsquo;importe quelle page Web Webnode. Il n&rsquo;est pas n\u00e9cessaire de payer ou de divulguer les donn\u00e9es de votre carte pour acc\u00e9der \u00e0 notre \u00e9diteur. Si vous rencontrez des obstacles de quelque nature que ce soit, n&rsquo;h\u00e9sitez pas \u00e0 contacter notre \u00e9quipe d&rsquo;assistance technique.<\/p><\/div>\r\n\t\t\t\t\t<\/div>\r\n\t\t\t\t<\/div><\/div>","protected":false},"excerpt":{"rendered":"","protected":false},"author":18,"featured_media":0,"parent":1299,"menu_order":0,"comment_status":"closed","ping_status":"closed","template":"templates\/template-application-platform.php","meta":{"publish_to_discourse":"","publish_post_category":"","wpdc_auto_publish_overridden":"","wpdc_topic_tags":"","wpdc_pin_topic":"","wpdc_pin_until":"","discourse_post_id":"","discourse_permalink":"","wpdc_publishing_response":"","wpdc_publishing_error":"","footnotes":""},"class_list":["post-4836","page","type-page","status-publish","hentry"],"yoast_head":"<!-- This site is optimized with the Yoast SEO plugin v25.3.1 - https:\/\/yoast.com\/wordpress\/plugins\/seo\/ -->\n<title>Calendrier event - ajoutez plugin Calendarier sur Webnode<\/title>\n<meta name=\"description\" content=\"Int\u00e9grez un Calendrier event attractif sur votre site. Utilisez la d\u00e9mo d&#039;Elfsight et g\u00e9n\u00e9rez votre widget en 2 minutes.\" \/>\n<meta name=\"robots\" content=\"index, follow, max-snippet:-1, max-image-preview:large, max-video-preview:-1\" \/>\n<link rel=\"canonical\" href=\"https:\/\/elfsight.com\/fr\/event-calendar-widget\/webnode\/\" \/>\n<meta property=\"og:locale\" content=\"fr_FR\" \/>\n<meta property=\"og:type\" content=\"article\" \/>\n<meta property=\"og:title\" content=\"Calendrier event - ajoutez plugin Calendarier sur Webnode\" \/>\n<meta property=\"og:description\" content=\"Int\u00e9grez un Calendrier event attractif sur votre site. Utilisez la d\u00e9mo d&#039;Elfsight et g\u00e9n\u00e9rez votre widget en 2 minutes.\" \/>\n<meta property=\"og:url\" content=\"https:\/\/elfsight.com\/fr\/event-calendar-widget\/webnode\/\" \/>\n<meta property=\"og:site_name\" content=\"Elfsight FR\" \/>\n<meta property=\"article:modified_time\" content=\"2025-07-09T17:19:31+00:00\" \/>\n<meta name=\"twitter:card\" content=\"summary_large_image\" \/>\n<meta name=\"twitter:label1\" content=\"Dur\u00e9e de lecture estim\u00e9e\" \/>\n\t<meta name=\"twitter:data1\" content=\"1 minute\" \/>\n<!-- \/ Yoast SEO plugin. -->","yoast_head_json":{"title":"Calendrier event - ajoutez plugin Calendarier sur Webnode","description":"Int\u00e9grez un Calendrier event attractif sur votre site. Utilisez la d\u00e9mo d'Elfsight et g\u00e9n\u00e9rez votre widget en 2 minutes.","robots":{"index":"index","follow":"follow","max-snippet":"max-snippet:-1","max-image-preview":"max-image-preview:large","max-video-preview":"max-video-preview:-1"},"canonical":"https:\/\/elfsight.com\/fr\/event-calendar-widget\/webnode\/","og_locale":"fr_FR","og_type":"article","og_title":"Calendrier event - ajoutez plugin Calendarier sur Webnode","og_description":"Int\u00e9grez un Calendrier event attractif sur votre site. Utilisez la d\u00e9mo d'Elfsight et g\u00e9n\u00e9rez votre widget en 2 minutes.","og_url":"https:\/\/elfsight.com\/fr\/event-calendar-widget\/webnode\/","og_site_name":"Elfsight FR","article_modified_time":"2025-07-09T17:19:31+00:00","twitter_card":"summary_large_image","twitter_misc":{"Dur\u00e9e de lecture estim\u00e9e":"1 minute"},"schema":{"@context":"https:\/\/schema.org","@graph":[{"@type":"WebPage","@id":"https:\/\/elfsight.com\/fr\/event-calendar-widget\/webnode\/","url":"https:\/\/elfsight.com\/fr\/event-calendar-widget\/webnode\/","name":"Calendrier event - ajoutez plugin Calendarier sur Webnode","isPartOf":{"@id":"https:\/\/elfsight.com\/fr\/#website"},"datePublished":"2021-12-03T09:40:43+00:00","dateModified":"2025-07-09T17:19:31+00:00","description":"Int\u00e9grez un Calendrier event attractif sur votre site. Utilisez la d\u00e9mo d'Elfsight et g\u00e9n\u00e9rez votre widget en 2 minutes.","breadcrumb":{"@id":"https:\/\/elfsight.com\/fr\/event-calendar-widget\/webnode\/#breadcrumb"},"inLanguage":"fr-FR","potentialAction":[{"@type":"ReadAction","target":["https:\/\/elfsight.com\/fr\/event-calendar-widget\/webnode\/"]}]},{"@type":"BreadcrumbList","@id":"https:\/\/elfsight.com\/fr\/event-calendar-widget\/webnode\/#breadcrumb","itemListElement":[{"@type":"ListItem","position":1,"name":"Home","item":"https:\/\/elfsight.com\/fr\/"},{"@type":"ListItem","position":2,"name":"Event Calendar","item":"https:\/\/elfsight.com\/fr\/event-calendar-widget\/"},{"@type":"ListItem","position":3,"name":"Event Calendar &#8211; Webnode"}]},{"@type":"WebSite","@id":"https:\/\/elfsight.com\/fr\/#website","url":"https:\/\/elfsight.com\/fr\/","name":"Elfsight FR","description":"","potentialAction":[{"@type":"SearchAction","target":{"@type":"EntryPoint","urlTemplate":"https:\/\/elfsight.com\/fr\/?s={search_term_string}"},"query-input":{"@type":"PropertyValueSpecification","valueRequired":true,"valueName":"search_term_string"}}],"inLanguage":"fr-FR"}]}},"meta_box":{"industry":"","seo_heading":"","heading":"","description":"","cta_heading":"","cta_description":"","application":"1298","h1":"Plugin Calendrier event pour Webnode","h1_caption":"G\u00e9rez et partagez des \u00e9v\u00e9nements sur votre site Web avec un calendrier d'\u00e9v\u00e9nements interactif et convivial sur votre site Webnode sans effort.","application_category":[],"applications_title":"","applications_request_title":"","applications_request_button_text":"","hero_text":"","hero_video":"","hero_video_schema_markup":"","selling_points_title":"","selling_points_caption":"","selling_points":[],"selling_points_cta_text":"","features_title":"","features":"","ed_cta_examples_text":"","ed_cta_examples_hidden":"","ed_cta_demo_text":"","ed_cta_demo_hidden":"","why_caption":"","why_editor_title":"","why_editor_text":"","why_team_title":"","why_team_text":"","why_service_title":"","why_service_text":"","template_catalog_visible":"","template_catalog_title":"","template_catalog_text":"","template_catalog_categories_visible":"","demo_title":"Cr\u00e9ez votre widget Calendrier d'\u00e9v\u00e9nements","demo_caption":"Configurez votre calendrier d'\u00e9v\u00e9nements et ajoutez-le gratuitement \u00e0 votre site Webnode !","default_faq_hidden":"","app_template_category":[],"platform":"364","template_public_id":"","codecanyon_url":"","codecanyon_item_id":"","codecanyon_price":"","pricing_caption":"","pricing_elfsight_apps_hide_column":"","pricing_elfsight_apps_url":"","pricing_codecanyon_price_caption":"","integration_category":[],"integration_request_title":"","integration_request_cta":"","integration_platform":"","integrations":[],"platform_category":[],"video_schema_markup":"","price":"\u00c0 partir de $0\/mois","trial":"","benefits":[{"text":"Installation gratuite"},{"text":"Support Premium"},{"text":"Garantie de remboursement de 14 jours"},{"text":"L'am\u00e9lioration continue"}],"button_url":"#demo","button_target_blank":"0","button_nofollow":"0","attributes":[{"name":"Nombre d'installations","content":"1,000 - 5,000","_state":"expanded"},{"name":"Adaptif","content":"Oui","_state":"expanded"},{"name":"Navigateurs compatibles","content":"Firefox, Safari, Opera, Chrome, Edge","_state":"expanded"}],"tags":[],"tags_disable_links":"0","hide_more_platforms":"","video_object":"","demo_hide_cta":"0","demo_hide_cloud_options":"0","pricing_title":"","pricing":[{"pricing_icon":"platform","pricing_title":"Applications d'Elfsight","pricing_title_caption":"Solution num\u00e9rique multiplateforme qui fonctionne sur n'importe quel site","pricing_price":"\u00c0 partir de $0\/mois","pricing_price_caption":"Commencez avec un plan gratuit","pricing_benefits":[{"text":"Sites Web illimit\u00e9s"},{"text":"\u00c9quipe d'assistance professionnelle"},{"text":"Service d'installation gratuit"},{"text":"100% personnalisable"}],"pricing_button_text":"Ajouter au site Web","pricing_button_url":"https:\/\/apps.elfsight.com\/sign-up\/","pricing_button_nofollow":"1","_state":"expanded"}],"related_apps_title":"","related_apps_hidden":"1","author":"","image":[],"title":"","job":"","social_networks":[]},"_links":{"self":[{"href":"https:\/\/elfsight.com\/fr\/wp-json\/wp\/v2\/pages\/4836","targetHints":{"allow":["GET"]}}],"collection":[{"href":"https:\/\/elfsight.com\/fr\/wp-json\/wp\/v2\/pages"}],"about":[{"href":"https:\/\/elfsight.com\/fr\/wp-json\/wp\/v2\/types\/page"}],"author":[{"embeddable":true,"href":"https:\/\/elfsight.com\/fr\/wp-json\/wp\/v2\/users\/18"}],"replies":[{"embeddable":true,"href":"https:\/\/elfsight.com\/fr\/wp-json\/wp\/v2\/comments?post=4836"}],"version-history":[{"count":2,"href":"https:\/\/elfsight.com\/fr\/wp-json\/wp\/v2\/pages\/4836\/revisions"}],"predecessor-version":[{"id":14726,"href":"https:\/\/elfsight.com\/fr\/wp-json\/wp\/v2\/pages\/4836\/revisions\/14726"}],"up":[{"embeddable":true,"href":"https:\/\/elfsight.com\/fr\/wp-json\/wp\/v2\/pages\/1299"}],"wp:attachment":[{"href":"https:\/\/elfsight.com\/fr\/wp-json\/wp\/v2\/media?parent=4836"}],"curies":[{"name":"wp","href":"https:\/\/api.w.org\/{rel}","templated":true}]}}