{"id":4834,"date":"2021-12-03T09:40:46","date_gmt":"2021-12-03T09:40:46","guid":{"rendered":"https:\/\/elfsight.com\/fr\/?page_id=4834"},"modified":"2024-12-24T13:31:02","modified_gmt":"2024-12-24T13:31:02","slug":"webflow","status":"publish","type":"page","link":"https:\/\/elfsight.com\/fr\/event-calendar-widget\/webflow\/","title":{"rendered":"Event Calendar &#8211; Webflow"},"content":{"rendered":"\n<div class=\"application-platform-content-item-description application-platform-content-item\" id=\"description\" data-nav-section=\"description\"> <h2>Int\u00e9grer le calendrier des \u00e9v\u00e9nements avec le widget Elfsight<\/h2> <p>Le calendrier des \u00e9v\u00e9nements Elfsight Webflow est un widget impressionnant vous permettant de partager facilement vos \u00e9v\u00e9nements avec vos public. Il comprend de nombreuses options pour pr\u00e9senter les \u00e9v\u00e9nements \u00e0 venir de la mani\u00e8re la plus repr\u00e9sentative. Personnalisez-le pour fusionner le design avec l\u2019esth\u00e9tique de votre site Web. Cr\u00e9ez plusieurs \u00e9v\u00e9nements, ajoutez diff\u00e9rentes balises, t\u00e9l\u00e9chargez vos propres images et vid\u00e9os avec l&rsquo;int\u00e9gration du calendrier Webflow et tenez les utilisateurs inform\u00e9s de votre agenda.<\/p> <p><b>Le calendrier des \u00e9v\u00e9nements peut vous aider \u00e0 afficher rapidement vos futurs \u00e9v\u00e9nements et augmentez le taux d&rsquo;engagement sur votre site Web.<\/b><\/p> <\/div> <div class=\"application-platform-content-item-features application-platform-content-item\" id=\"features\" data-nav-section=\"features\"> <h2>Principales fonctionnalit\u00e9s du widget Calendrier d&rsquo;\u00e9v\u00e9nements<\/h2> <p>V\u00e9rifiez toutes les caract\u00e9ristiques fonctionnelles de Calendrier des \u00e9v\u00e9nements Webflow. Ils sont disponibles directement dans l&rsquo;\u00e9diteur et vous aideront \u00e0 configurer le widget adapt\u00e9 \u00e0 vos besoins. <\/p> <ul> <li>Utilisez des opportunit\u00e9s de contenu exploitables pour adapter le widget \u00e0 votre type d&rsquo;activit\u00e9s. <\/li> <li>Permettez aux utilisateurs d&rsquo;ajouter des \u00e9v\u00e9nements \u00e0 leurs agendas les plus utilis\u00e9s. <\/li> <li>Cr\u00e9ez diff\u00e9rents types d&rsquo;\u00e9v\u00e9nements, sp\u00e9cifiez des emplacements et ajoutez des h\u00f4tes. <\/li> <li>Cat\u00e9gorisez toutes vos activit\u00e9s et attribuez-leur des tags. <\/li> <li>Faites la distinction entre 4 options de mise en page. <\/li> <\/ul> <p><a href=\"#demo\">Vous pouvez essayer toutes les fonctionnalit\u00e9s du widget directement dans la d\u00e9mo<\/a><\/p> <\/div> <div class=\"application-platform-content-item-installation application-platform-content-item\" id=\"installation\" data-nav-section=\"installation\"> <h2>Comment puis-je int\u00e9grer le calendrier d&rsquo;\u00e9v\u00e9nements \u00e0 Webflow\u00a0? <\/h2> <div class=\"video-container\"><iframe width=\"720\" height=\"405\" src=\"https:\/\/www.youtube.com\/embed\/BGvdF7bCzQM\" frameborder=\"0\" allowfullscreen=\"\"><\/iframe><\/div><p>L&rsquo;int\u00e9gration du calendrier est simple et claire pour tout \u00e9diteur de site Web. Pour activer le widget, suivez plusieurs \u00e9tapes rapides. <\/p> <ul> <li><b>Concevez votre widget Calendrier personnalis\u00e9<\/b><br> Gr\u00e2ce \u00e0 notre d\u00e9mo gratuite, cr\u00e9ez un plugin avec une composition et des fonctions pr\u00e9f\u00e9rables. <\/li> <li><b>Acqu\u00e9rir le code individuel pour ajouter le widget<\/b><br> Apr\u00e8s avoir d\u00e9fini votre widget, vous obtiendrez le code unique dans la fen\u00eatre contextuelle des applications Elfsight. Copiez-le. <\/li> <li><b>Publiez le widget sur votre site Web<\/b><br> Choisissez l&rsquo;endroit o\u00f9 vous souhaitez <a href=\"https:\/\/elfsight.com\/blog\/how-to-add-event-calendar-to-webflow-for-free\/\" target=\"_blank\" rel=\"noopener\">int\u00e9grez le plugin Event Calendar sur le site Web Webflow<\/a> et collez-y le code enregistr\u00e9. Appliquez les modifications. <\/li><li><b>L&rsquo;int\u00e9gration du calendrier est termin\u00e9e<\/b><br> Entrez dans la page pour v\u00e9rifier votre calendrier. <\/li> <\/ul> <p>N&rsquo;h\u00e9sitez pas \u00e0 contacter le service d&rsquo;assistance lorsque vous avez besoin de conseils ou que vous rencontrez des probl\u00e8mes. Nos sp\u00e9cialistes vous donneront un coup de main pour chaque demande. <\/p> <\/div>\n","protected":false},"excerpt":{"rendered":"","protected":false},"author":18,"featured_media":0,"parent":1299,"menu_order":0,"comment_status":"closed","ping_status":"closed","template":"templates\/template-application-platform.php","meta":{"publish_to_discourse":"","publish_post_category":"","wpdc_auto_publish_overridden":"","wpdc_topic_tags":"","wpdc_pin_topic":"","wpdc_pin_until":"","discourse_post_id":"","discourse_permalink":"","wpdc_publishing_response":"","wpdc_publishing_error":"","footnotes":""},"class_list":["post-4834","page","type-page","status-publish","hentry"],"yoast_head":"<!-- This site is optimized with the Yoast SEO plugin v25.3.1 - https:\/\/yoast.com\/wordpress\/plugins\/seo\/ -->\n<title>Calendrier event - ajoutez widget Calendarier sur Webflow<\/title>\n<meta name=\"description\" content=\"Int\u00e9grez un Calendrier event avantageux sur votre site. Utilisez la d\u00e9mo d&#039;Elfsight et g\u00e9n\u00e9rez votre widget en deux minutes.\" \/>\n<meta name=\"robots\" content=\"index, follow, max-snippet:-1, max-image-preview:large, max-video-preview:-1\" \/>\n<link rel=\"canonical\" href=\"https:\/\/elfsight.com\/fr\/event-calendar-widget\/webflow\/\" \/>\n<meta property=\"og:locale\" content=\"fr_FR\" \/>\n<meta property=\"og:type\" content=\"article\" \/>\n<meta property=\"og:title\" content=\"Calendrier event - ajoutez widget Calendarier sur Webflow\" \/>\n<meta property=\"og:description\" content=\"Int\u00e9grez un Calendrier event avantageux sur votre site. Utilisez la d\u00e9mo d&#039;Elfsight et g\u00e9n\u00e9rez votre widget en deux minutes.\" \/>\n<meta property=\"og:url\" content=\"https:\/\/elfsight.com\/fr\/event-calendar-widget\/webflow\/\" \/>\n<meta property=\"og:site_name\" content=\"Elfsight FR\" \/>\n<meta property=\"article:modified_time\" content=\"2024-12-24T13:31:02+00:00\" \/>\n<meta name=\"twitter:card\" content=\"summary_large_image\" \/>\n<meta name=\"twitter:label1\" content=\"Dur\u00e9e de lecture estim\u00e9e\" \/>\n\t<meta name=\"twitter:data1\" content=\"2 minutes\" \/>\n<!-- \/ Yoast SEO plugin. -->","yoast_head_json":{"title":"Calendrier event - ajoutez widget Calendarier sur Webflow","description":"Int\u00e9grez un Calendrier event avantageux sur votre site. Utilisez la d\u00e9mo d'Elfsight et g\u00e9n\u00e9rez votre widget en deux minutes.","robots":{"index":"index","follow":"follow","max-snippet":"max-snippet:-1","max-image-preview":"max-image-preview:large","max-video-preview":"max-video-preview:-1"},"canonical":"https:\/\/elfsight.com\/fr\/event-calendar-widget\/webflow\/","og_locale":"fr_FR","og_type":"article","og_title":"Calendrier event - ajoutez widget Calendarier sur Webflow","og_description":"Int\u00e9grez un Calendrier event avantageux sur votre site. Utilisez la d\u00e9mo d'Elfsight et g\u00e9n\u00e9rez votre widget en deux minutes.","og_url":"https:\/\/elfsight.com\/fr\/event-calendar-widget\/webflow\/","og_site_name":"Elfsight FR","article_modified_time":"2024-12-24T13:31:02+00:00","twitter_card":"summary_large_image","twitter_misc":{"Dur\u00e9e de lecture estim\u00e9e":"2 minutes"},"schema":{"@context":"https:\/\/schema.org","@graph":[{"@type":"WebPage","@id":"https:\/\/elfsight.com\/fr\/event-calendar-widget\/webflow\/","url":"https:\/\/elfsight.com\/fr\/event-calendar-widget\/webflow\/","name":"Calendrier event - ajoutez widget Calendarier sur Webflow","isPartOf":{"@id":"https:\/\/elfsight.com\/fr\/#website"},"datePublished":"2021-12-03T09:40:46+00:00","dateModified":"2024-12-24T13:31:02+00:00","description":"Int\u00e9grez un Calendrier event avantageux sur votre site. Utilisez la d\u00e9mo d'Elfsight et g\u00e9n\u00e9rez votre widget en deux minutes.","breadcrumb":{"@id":"https:\/\/elfsight.com\/fr\/event-calendar-widget\/webflow\/#breadcrumb"},"inLanguage":"fr-FR","potentialAction":[{"@type":"ReadAction","target":["https:\/\/elfsight.com\/fr\/event-calendar-widget\/webflow\/"]}]},{"@type":"BreadcrumbList","@id":"https:\/\/elfsight.com\/fr\/event-calendar-widget\/webflow\/#breadcrumb","itemListElement":[{"@type":"ListItem","position":1,"name":"Home","item":"https:\/\/elfsight.com\/fr\/"},{"@type":"ListItem","position":2,"name":"Event Calendar","item":"https:\/\/elfsight.com\/fr\/event-calendar-widget\/"},{"@type":"ListItem","position":3,"name":"Event Calendar &#8211; Webflow"}]},{"@type":"WebSite","@id":"https:\/\/elfsight.com\/fr\/#website","url":"https:\/\/elfsight.com\/fr\/","name":"Elfsight FR","description":"","potentialAction":[{"@type":"SearchAction","target":{"@type":"EntryPoint","urlTemplate":"https:\/\/elfsight.com\/fr\/?s={search_term_string}"},"query-input":{"@type":"PropertyValueSpecification","valueRequired":true,"valueName":"search_term_string"}}],"inLanguage":"fr-FR"}]}},"meta_box":{"industry":"","seo_heading":"","heading":"","description":"","cta_heading":"","cta_description":"","application":"1298","h1":"Widget Calendrier event pour Webflow","h1_caption":"G\u00e9rez et partagez des \u00e9v\u00e9nements sur votre site Web avec un calendrier d'\u00e9v\u00e9nements interactif et convivial sur votre site Web Webflow sans effort.","application_category":[],"applications_title":"","applications_request_title":"","applications_request_button_text":"","hero_text":"","hero_video":"","hero_video_schema_markup":"","selling_points_title":"","selling_points_caption":"","selling_points":[],"selling_points_cta_text":"","features_title":"","features":"","ed_cta_examples_text":"","ed_cta_examples_hidden":"","ed_cta_demo_text":"","ed_cta_demo_hidden":"","why_caption":"","why_editor_title":"","why_editor_text":"","why_team_title":"","why_team_text":"","why_service_title":"","why_service_text":"","template_catalog_visible":"0","template_catalog_title":"","template_catalog_text":"","template_catalog_categories_visible":"","demo_title":"Cr\u00e9ez votre widget Calendrier d'\u00e9v\u00e9nements","demo_caption":"Configurez votre calendrier d'\u00e9v\u00e9nements et ajoutez-le \u00e0 votre site Web Webflow gratuitement\u00a0!","default_faq_hidden":"","app_template_category":[],"platform":"362","template_public_id":"","codecanyon_url":"","codecanyon_item_id":"","codecanyon_price":"","pricing_caption":"","pricing_elfsight_apps_hide_column":"","pricing_elfsight_apps_url":"","pricing_codecanyon_price_caption":"","integration_category":[],"integration_request_title":"","integration_request_cta":"","integration_platform":"","integrations":[],"platform_category":[],"video_schema_markup":"","price":"\u00c0 partir de $0\/mois","trial":"","benefits":[{"text":"Installation gratuite"},{"text":"Support Premium"},{"text":"Garantie de remboursement de 14 jours"},{"text":"L'am\u00e9lioration continue"}],"button_url":"#demo","button_target_blank":"0","button_nofollow":"0","attributes":[{"name":"Nombre d'installations","content":"1,000 - 5,000","_state":"expanded"},{"name":"Adaptif","content":"Oui","_state":"expanded"},{"name":"Navigateurs compatibles","content":"Firefox, Safari, Opera, Chrome, Edge","_state":"expanded"}],"tags":[],"tags_disable_links":"0","hide_more_platforms":"","video_object":"","demo_hide_cta":"0","demo_hide_cloud_options":"0","pricing_title":"","pricing":[{"pricing_icon":"platform","pricing_title":"Applications d'Elfsight","pricing_title_caption":"Solution num\u00e9rique multiplateforme qui fonctionne sur n'importe quel site","pricing_price":"\u00c0 partir de $0\/mois","pricing_price_caption":"Commencez avec un plan gratuit","pricing_benefits":[{"text":"Sites Web illimit\u00e9s"},{"text":"\u00c9quipe d'assistance professionnelle"},{"text":"Service d'installation gratuit"},{"text":"100% personnalisable"}],"pricing_button_text":"Ajouter au site Web","pricing_button_url":"https:\/\/apps.elfsight.com\/sign-up\/","pricing_button_nofollow":"1","_state":"expanded"}],"related_apps_title":"","related_apps_hidden":"1","author":"","image":[],"title":"","job":"","social_networks":[]},"_links":{"self":[{"href":"https:\/\/elfsight.com\/fr\/wp-json\/wp\/v2\/pages\/4834","targetHints":{"allow":["GET"]}}],"collection":[{"href":"https:\/\/elfsight.com\/fr\/wp-json\/wp\/v2\/pages"}],"about":[{"href":"https:\/\/elfsight.com\/fr\/wp-json\/wp\/v2\/types\/page"}],"author":[{"embeddable":true,"href":"https:\/\/elfsight.com\/fr\/wp-json\/wp\/v2\/users\/18"}],"replies":[{"embeddable":true,"href":"https:\/\/elfsight.com\/fr\/wp-json\/wp\/v2\/comments?post=4834"}],"version-history":[{"count":3,"href":"https:\/\/elfsight.com\/fr\/wp-json\/wp\/v2\/pages\/4834\/revisions"}],"predecessor-version":[{"id":16063,"href":"https:\/\/elfsight.com\/fr\/wp-json\/wp\/v2\/pages\/4834\/revisions\/16063"}],"up":[{"embeddable":true,"href":"https:\/\/elfsight.com\/fr\/wp-json\/wp\/v2\/pages\/1299"}],"wp:attachment":[{"href":"https:\/\/elfsight.com\/fr\/wp-json\/wp\/v2\/media?parent=4834"}],"curies":[{"name":"wp","href":"https:\/\/api.w.org\/{rel}","templated":true}]}}