{"id":4828,"date":"2021-12-03T09:40:52","date_gmt":"2021-12-03T09:40:52","guid":{"rendered":"https:\/\/elfsight.com\/fr\/?page_id=4828"},"modified":"2025-07-09T17:19:04","modified_gmt":"2025-07-09T17:19:04","slug":"prestashop","status":"publish","type":"page","link":"https:\/\/elfsight.com\/fr\/event-calendar-widget\/prestashop\/","title":{"rendered":"Event Calendar &#8211; PrestaShop"},"content":{"rendered":"<div class=\"application-platform-content-item-description application-platform-content-item\" id=\"description\" data-nav-section=\"description\"> <h2>Int\u00e9grer le calendrier des \u00e9v\u00e9nements avec le widget Elfsight<\/h2> <p>Le calendrier des \u00e9v\u00e9nements Elfsight est un outil impressionnant vous permettant de partager facilement vos \u00e9v\u00e9nements avec le reste du monde. Il propose de nombreuses options pour montrer les activit\u00e9s \u00e0 venir de la mani\u00e8re la plus repr\u00e9sentative. Personnalisez-le pour fusionner le design avec le style de votre page. Cr\u00e9ez un nombre illimit\u00e9 d&rsquo;\u00e9v\u00e9nements, ajoutez plusieurs balises, t\u00e9l\u00e9chargez vos propres photos et vid\u00e9os et tenez les utilisateurs inform\u00e9s de votre emploi du temps. <\/p><p><b>Le calendrier des \u00e9v\u00e9nements Elfsight peut vous aider \u00e0 d\u00e9montrer sans effort vos activit\u00e9s futures et \u00e0 augmenter le niveau d&rsquo;engagement sur votre site. <\/b><\/p><\/div> <div class=\"application-platform-content-item-features application-platform-content-item\" id=\"features\" data-nav-section=\"features\"> <h2>Principales fonctionnalit\u00e9s du widget de calendrier d&rsquo;\u00e9v\u00e9nements<\/h2> <ul><li>Utilisez des opportunit\u00e9s de contenu adaptables pour comprendre un calendrier adapt\u00e9 \u00e0 votre type d&rsquo;\u00e9v\u00e9nements. <\/li><li>Donnez aux utilisateurs la possibilit\u00e9 d&rsquo;ajouter des \u00e9v\u00e9nements \u00e0 leurs calendriers couramment utilis\u00e9s. <\/li><li>Cr\u00e9ez diff\u00e9rents types d&rsquo;\u00e9v\u00e9nements, marquez des emplacements et ajoutez des h\u00f4tes. <\/li><li>attribuez-leur des balises et classez toutes vos activit\u00e9s. <\/li><li>Basculez entre 4 variantes de mise en page. <\/li><\/ul><p><a href=\"#demo\">Explorez toutes les options de personnalisation dans une d\u00e9mo enti\u00e8rement fonctionnelle<\/a><\/p> <\/div> <div class=\"application-platform-content-item-installation application-platform-content-item\" id=\"installation\" data-nav-section=\"installation\"> <h2>Comment int\u00e9grer le calendrier des \u00e9v\u00e9nements \u00e0 ma page Web PrestaShop ? <\/h2> <p>Suivez simplement les instructions ci-dessous pour int\u00e9grer le widget. <\/p> <ol><li><b>G\u00e9rez notre \u00e9diteur gratuit et commencez \u00e0 fa\u00e7onner votre propre instrument. <\/b><br> Recherchez la mise en page et les fonctionnalit\u00e9s s\u00e9lectionn\u00e9es du widget et enregistrez les modifications. <\/li> <li><b>Copiez le code personnel r\u00e9v\u00e9l\u00e9 dans le formulaire sp\u00e9cial sur Elfsight Apps. <\/b><br> Juste apr\u00e8s la personnalisation de votre module compl\u00e9mentaire, copiez le code personnel dans la fen\u00eatre contextuelle apparue et enregistrez-le pour une occasion ult\u00e9rieure. <\/li> <li><b>Commencez l&rsquo;utilisation de l&rsquo;outil sur la page Web PrestaShop. <\/b><br> Impl\u00e9mentez le code enregistr\u00e9 pr\u00e9c\u00e9demment dans votre page Web et appliquez les modifications. <\/li> <li><b>L&rsquo;installation est enti\u00e8rement termin\u00e9e. <\/b><br> Acc\u00e9dez \u00e0 votre page Web pour examiner le fonctionnement du module compl\u00e9mentaire. <\/li><\/ol> <p>\u00c0 condition de vous poser des questions ou de faire face \u00e0 des complications, n&rsquo;h\u00e9sitez pas \u00e0 postuler pour notre personnel d&rsquo;assistance. Nos consultants ont h\u00e2te de vous aider avec toutes les questions que vous pourriez avoir avec l&rsquo;addon. <\/p> <\/div><div class=\"faq\" data-component=\"FAQ\"><div class=\"faq-item\">\r\n\t\t\t\t\t<div class=\"faq-item-question\">\r\n\t\t\t\t\t\t<h3 class=\"faq-item-question-text\">Comment puis-je ajouter un calendrier d'\u00e9v\u00e9nements \u00e0 ma page d'accueil PrestaShop sans exp\u00e9rience en codage ?<\/h3>\r\n\r\n\t\t\t\t\t\t<div class=\"faq-item-question-icon\"><\/div>\r\n\t\t\t\t\t<\/div>\r\n\r\n\t\t\t\t\t<div class=\"faq-item-answer\">\r\n\t\t\t\t\t\t<div class=\"faq-item-answer-text\"><p>La soci\u00e9t\u00e9 Elfsight propose un SaaS qui permet aux utilisateurs de cr\u00e9er eux-m\u00eames une application de calendrier d&rsquo;\u00e9v\u00e9nements, d\u00e9couvrez \u00e0 quel point le processus est simple\u00a0: <\/p><ul><li>Travailler dans la d\u00e9mo en direct pour cr\u00e9er un widget de calendrier d&rsquo;\u00e9v\u00e9nements que vous souhaitez int\u00e9grer sur la page Web PrestaShop. <\/li><li>Choisissez l&rsquo;un des nombreux mod\u00e8les pr\u00eats \u00e0 l&#8217;emploi et ajustez les param\u00e8tres du calendrier des \u00e9v\u00e9nements, incluez votre contenu, modifiez la mise en page et la palette de couleurs sans codage.<\/li><li>Enregistrez le calendrier des \u00e9v\u00e9nements et obtenez code d&rsquo;installation, qui peut \u00eatre simplement inclus dans votre site PrestaShop dans le cadre d&rsquo;un forfait gratuit. <\/li><\/ul><p>\u00c0 l&rsquo;aide de notre configurateur simple, tout utilisateur Web peut cr\u00e9er une application Calendrier d&rsquo;\u00e9v\u00e9nements et l&rsquo;ajouter facilement \u00e0 sa page d&rsquo;accueil PrestaShop. Il n&rsquo;est pas n\u00e9cessaire de payer ou de saisir les donn\u00e9es de votre carte pour acc\u00e9der au service. Si vous rencontrez des probl\u00e8mes de quelque nature que ce soit, n&rsquo;h\u00e9sitez pas \u00e0 en parler \u00e0 notre \u00e9quipe d&rsquo;assistance.<\/p><\/div>\r\n\t\t\t\t\t<\/div>\r\n\t\t\t\t<\/div><\/div>","protected":false},"excerpt":{"rendered":"","protected":false},"author":18,"featured_media":0,"parent":1299,"menu_order":0,"comment_status":"closed","ping_status":"closed","template":"templates\/template-application-platform.php","meta":{"publish_to_discourse":"","publish_post_category":"","wpdc_auto_publish_overridden":"","wpdc_topic_tags":"","wpdc_pin_topic":"","wpdc_pin_until":"","discourse_post_id":"","discourse_permalink":"","wpdc_publishing_response":"","wpdc_publishing_error":"","footnotes":""},"class_list":["post-4828","page","type-page","status-publish","hentry"],"yoast_head":"<!-- This site is optimized with the Yoast SEO plugin v25.3.1 - https:\/\/yoast.com\/wordpress\/plugins\/seo\/ -->\n<title>Calendrier event - ajoutez addon Calendarier sur Prestashop<\/title>\n<meta name=\"description\" content=\"Int\u00e9grez un Calendrier event attractif sur votre site. Utilisez la d\u00e9mo d&#039;Elfsight et g\u00e9n\u00e9rez votre plugin en 2 minutes.\" \/>\n<meta name=\"robots\" content=\"index, follow, max-snippet:-1, max-image-preview:large, max-video-preview:-1\" \/>\n<link rel=\"canonical\" href=\"https:\/\/elfsight.com\/fr\/event-calendar-widget\/prestashop\/\" \/>\n<meta property=\"og:locale\" content=\"fr_FR\" \/>\n<meta property=\"og:type\" content=\"article\" \/>\n<meta property=\"og:title\" content=\"Calendrier event - ajoutez addon Calendarier sur Prestashop\" \/>\n<meta property=\"og:description\" content=\"Int\u00e9grez un Calendrier event attractif sur votre site. Utilisez la d\u00e9mo d&#039;Elfsight et g\u00e9n\u00e9rez votre plugin en 2 minutes.\" \/>\n<meta property=\"og:url\" content=\"https:\/\/elfsight.com\/fr\/event-calendar-widget\/prestashop\/\" \/>\n<meta property=\"og:site_name\" content=\"Elfsight FR\" \/>\n<meta property=\"article:modified_time\" content=\"2025-07-09T17:19:04+00:00\" \/>\n<meta name=\"twitter:card\" content=\"summary_large_image\" \/>\n<meta name=\"twitter:label1\" content=\"Dur\u00e9e de lecture estim\u00e9e\" \/>\n\t<meta name=\"twitter:data1\" content=\"1 minute\" \/>\n<!-- \/ Yoast SEO plugin. -->","yoast_head_json":{"title":"Calendrier event - ajoutez addon Calendarier sur Prestashop","description":"Int\u00e9grez un Calendrier event attractif sur votre site. Utilisez la d\u00e9mo d'Elfsight et g\u00e9n\u00e9rez votre plugin en 2 minutes.","robots":{"index":"index","follow":"follow","max-snippet":"max-snippet:-1","max-image-preview":"max-image-preview:large","max-video-preview":"max-video-preview:-1"},"canonical":"https:\/\/elfsight.com\/fr\/event-calendar-widget\/prestashop\/","og_locale":"fr_FR","og_type":"article","og_title":"Calendrier event - ajoutez addon Calendarier sur Prestashop","og_description":"Int\u00e9grez un Calendrier event attractif sur votre site. Utilisez la d\u00e9mo d'Elfsight et g\u00e9n\u00e9rez votre plugin en 2 minutes.","og_url":"https:\/\/elfsight.com\/fr\/event-calendar-widget\/prestashop\/","og_site_name":"Elfsight FR","article_modified_time":"2025-07-09T17:19:04+00:00","twitter_card":"summary_large_image","twitter_misc":{"Dur\u00e9e de lecture estim\u00e9e":"1 minute"},"schema":{"@context":"https:\/\/schema.org","@graph":[{"@type":"WebPage","@id":"https:\/\/elfsight.com\/fr\/event-calendar-widget\/prestashop\/","url":"https:\/\/elfsight.com\/fr\/event-calendar-widget\/prestashop\/","name":"Calendrier event - ajoutez addon Calendarier sur Prestashop","isPartOf":{"@id":"https:\/\/elfsight.com\/fr\/#website"},"datePublished":"2021-12-03T09:40:52+00:00","dateModified":"2025-07-09T17:19:04+00:00","description":"Int\u00e9grez un Calendrier event attractif sur votre site. Utilisez la d\u00e9mo d'Elfsight et g\u00e9n\u00e9rez votre plugin en 2 minutes.","breadcrumb":{"@id":"https:\/\/elfsight.com\/fr\/event-calendar-widget\/prestashop\/#breadcrumb"},"inLanguage":"fr-FR","potentialAction":[{"@type":"ReadAction","target":["https:\/\/elfsight.com\/fr\/event-calendar-widget\/prestashop\/"]}]},{"@type":"BreadcrumbList","@id":"https:\/\/elfsight.com\/fr\/event-calendar-widget\/prestashop\/#breadcrumb","itemListElement":[{"@type":"ListItem","position":1,"name":"Home","item":"https:\/\/elfsight.com\/fr\/"},{"@type":"ListItem","position":2,"name":"Event Calendar","item":"https:\/\/elfsight.com\/fr\/event-calendar-widget\/"},{"@type":"ListItem","position":3,"name":"Event Calendar &#8211; PrestaShop"}]},{"@type":"WebSite","@id":"https:\/\/elfsight.com\/fr\/#website","url":"https:\/\/elfsight.com\/fr\/","name":"Elfsight FR","description":"","potentialAction":[{"@type":"SearchAction","target":{"@type":"EntryPoint","urlTemplate":"https:\/\/elfsight.com\/fr\/?s={search_term_string}"},"query-input":{"@type":"PropertyValueSpecification","valueRequired":true,"valueName":"search_term_string"}}],"inLanguage":"fr-FR"}]}},"meta_box":{"industry":"","seo_heading":"","heading":"","description":"","cta_heading":"","cta_description":"","application":"1298","h1":"Addon Calendrier event pour Prestashop","h1_caption":"G\u00e9rez et partagez des \u00e9v\u00e9nements sur votre site Web avec un calendrier d'\u00e9v\u00e9nements interactif et convivial sur votre site Web Prestashop sans effort.","application_category":[],"applications_title":"","applications_request_title":"","applications_request_button_text":"","hero_text":"","hero_video":"","hero_video_schema_markup":"","selling_points_title":"","selling_points_caption":"","selling_points":[],"selling_points_cta_text":"","features_title":"","features":"","ed_cta_examples_text":"","ed_cta_examples_hidden":"","ed_cta_demo_text":"","ed_cta_demo_hidden":"","why_caption":"","why_editor_title":"","why_editor_text":"","why_team_title":"","why_team_text":"","why_service_title":"","why_service_text":"","template_catalog_visible":"","template_catalog_title":"","template_catalog_text":"","template_catalog_categories_visible":"","demo_title":"Cr\u00e9ez votre module compl\u00e9mentaire de calendrier d'\u00e9v\u00e9nements","demo_caption":"Configurez votre calendrier d'\u00e9v\u00e9nements et ajoutez-le \u00e0 votre site PrestaShop gratuitement !","default_faq_hidden":"","app_template_category":[],"platform":"3190","template_public_id":"","codecanyon_url":"","codecanyon_item_id":"","codecanyon_price":"","pricing_caption":"","pricing_elfsight_apps_hide_column":"","pricing_elfsight_apps_url":"","pricing_codecanyon_price_caption":"","integration_category":[],"integration_request_title":"","integration_request_cta":"","integration_platform":"","integrations":[],"platform_category":[],"video_schema_markup":"","price":"\u00c0 partir de $0\/mois","trial":"","benefits":[{"text":"Installation gratuite"},{"text":"Support Premium"},{"text":"Garantie de remboursement de 14 jours"},{"text":"L'am\u00e9lioration continue"}],"button_url":"#demo","button_target_blank":"0","button_nofollow":"0","attributes":[{"name":"Nombre d'installations","content":"1,000 - 5,000","_state":"expanded"},{"name":"Adaptif","content":"Oui","_state":"expanded"},{"name":"Navigateurs compatibles","content":"Firefox, Safari, Opera, Chrome, Edge","_state":"expanded"}],"tags":[],"tags_disable_links":"0","hide_more_platforms":"","video_object":"","demo_hide_cta":"0","demo_hide_cloud_options":"0","pricing_title":"","pricing":[{"pricing_icon":"platform","pricing_title":"Applications d'Elfsight","pricing_title_caption":"Solution num\u00e9rique multiplateforme qui fonctionne sur n'importe quel site","pricing_price":"\u00c0 partir de $0\/mois","pricing_price_caption":"Commencez avec un plan gratuit","pricing_benefits":[{"text":"Sites Web illimit\u00e9s"},{"text":"\u00c9quipe d'assistance professionnelle"},{"text":"Service d'installation gratuit"},{"text":"100% personnalisable"}],"pricing_button_text":"Ajouter au site Web","pricing_button_url":"https:\/\/apps.elfsight.com\/sign-up\/","pricing_button_nofollow":"1","_state":"expanded"}],"related_apps_title":"","related_apps_hidden":"1","author":"","image":[],"title":"","job":"","social_networks":[]},"_links":{"self":[{"href":"https:\/\/elfsight.com\/fr\/wp-json\/wp\/v2\/pages\/4828","targetHints":{"allow":["GET"]}}],"collection":[{"href":"https:\/\/elfsight.com\/fr\/wp-json\/wp\/v2\/pages"}],"about":[{"href":"https:\/\/elfsight.com\/fr\/wp-json\/wp\/v2\/types\/page"}],"author":[{"embeddable":true,"href":"https:\/\/elfsight.com\/fr\/wp-json\/wp\/v2\/users\/18"}],"replies":[{"embeddable":true,"href":"https:\/\/elfsight.com\/fr\/wp-json\/wp\/v2\/comments?post=4828"}],"version-history":[{"count":2,"href":"https:\/\/elfsight.com\/fr\/wp-json\/wp\/v2\/pages\/4828\/revisions"}],"predecessor-version":[{"id":14730,"href":"https:\/\/elfsight.com\/fr\/wp-json\/wp\/v2\/pages\/4828\/revisions\/14730"}],"up":[{"embeddable":true,"href":"https:\/\/elfsight.com\/fr\/wp-json\/wp\/v2\/pages\/1299"}],"wp:attachment":[{"href":"https:\/\/elfsight.com\/fr\/wp-json\/wp\/v2\/media?parent=4828"}],"curies":[{"name":"wp","href":"https:\/\/api.w.org\/{rel}","templated":true}]}}