{"id":4816,"date":"2021-12-03T09:41:08","date_gmt":"2021-12-03T09:41:08","guid":{"rendered":"https:\/\/elfsight.com\/fr\/?page_id=4816"},"modified":"2025-07-09T17:18:10","modified_gmt":"2025-07-09T17:18:10","slug":"joomla","status":"publish","type":"page","link":"https:\/\/elfsight.com\/fr\/event-calendar-widget\/joomla\/","title":{"rendered":"Event Calendar &#8211; Joomla"},"content":{"rendered":"<div class=\"application-platform-content-item-description application-platform-content-item\" id=\"description\" data-nav-section=\"description\"> <h2>Int\u00e9grer le calendrier des \u00e9v\u00e9nements avec le widget Elfsight<\/h2> <p>Le module Calendrier Elfsight est un outil remarquable vous permettant de partager facilement vos \u00e9v\u00e9nements avec les autres. du monde. Il contient de nombreuses opportunit\u00e9s pour montrer les activit\u00e9s \u00e0 venir de la mani\u00e8re la plus majestueuse. Personnalisez-le pour m\u00e9langer le design avec l\u2019esth\u00e9tique de votre site Web. Cr\u00e9ez un nombre illimit\u00e9 d&rsquo;\u00e9v\u00e9nements, ajoutez des balises, t\u00e9l\u00e9chargez vos images et vid\u00e9os personnalis\u00e9es et tenez les visiteurs inform\u00e9s de vos projets.<\/p><p>Une extension de calendrier d&rsquo;\u00e9v\u00e9nements Joomla en ligne sensibilise aux int\u00e9r\u00eats commerciaux de votre entreprise. De plus, cela am\u00e9liore la visibilit\u00e9 de votre entreprise \u00e0 mesure que vous cr\u00e9ez davantage d&rsquo;\u00e9v\u00e9nements. Vous avez la possibilit\u00e9 de pr\u00e9senter votre plugin de calendrier Joomla sur toutes les pages de votre site Web Joomla ou uniquement sur certaines pages. Le calendrier des \u00e9v\u00e9nements sur votre site vous permet \u00e9galement d&rsquo;ajouter plus de contenu pour votre site Web, ce qui est toujours un bon signe pour les moteurs de recherche. Les moteurs de recherche \u00e9valuent toujours votre site Web et lorsqu&rsquo;ils d\u00e9couvrent du nouveau contenu, ils classent les pages de votre site Web comme \u00e9tant beaucoup plus pertinentes et peuvent augmenter les chances de d\u00e9couvrir votre site Web lorsque les utilisateurs effectuent une recherche en ligne. En plus de l&rsquo;\u00e9v\u00e9nement, l&rsquo;ajout d&rsquo;un composant de calendrier peut apporter de la valeur \u00e0 votre site Joomla aux yeux de vos clients. Vous \u00eates libre d&rsquo;utiliser le calendrier pour obtenir plus d&rsquo;interactions entre vos utilisateurs. Semblable aux articles de blog, le module de calendrier d&rsquo;\u00e9v\u00e9nements de Joomla est capable de vous aider \u00e0 communiquer avec votre public en le motivant \u00e0 s&rsquo;inscrire \u00e0 certains \u00e9v\u00e9nements particuliers et, plus encore, en \u00e9tant en mesure de sugg\u00e9rer d&rsquo;autres \u00e9v\u00e9nements auxquels il souhaite assister. L&rsquo;int\u00e9gration d&rsquo;une telle option pour pr\u00e9senter des \u00e9v\u00e9nements sur votre site Web Joomla est rapide.<\/p> <p><b>L&rsquo;extension Elfsight Events Calendar peut vous aider \u00e0 promouvoir sans effort vos activit\u00e9s \u00e0 venir et \u00e0 augmenter le niveau d&rsquo;engagement sur votre site Web. <\/b><\/p> <\/div><div class=\"application-platform-content-item-features application-platform-content-item\" id=\"features\" data-nav-section=\"features\"> <h2>Principales fonctionnalit\u00e9s du module Calendrier d&rsquo;\u00e9v\u00e9nements<\/h2> <p>Voici une liste de toutes les fonctionnalit\u00e9s du calendrier d&rsquo;\u00e9v\u00e9nements Joomla. Ils sont disponibles directement dans l&rsquo;\u00e9diteur et vous aideront \u00e0 configurer le widget sp\u00e9cialement pour votre cas d&rsquo;utilisation. <\/p> <ul> <li>Utilisez des opportunit\u00e9s de contenu flexibles pour englober l&rsquo;outil en fonction de votre type d&rsquo;\u00e9v\u00e9nements. <\/li> <li>Aidez les utilisateurs \u00e0 ajouter des \u00e9v\u00e9nements \u00e0 leurs agendas les plus utilis\u00e9s. <\/li> <li>Cr\u00e9ez diff\u00e9rents types d&rsquo;\u00e9v\u00e9nements, sp\u00e9cifiez des emplacements et ajoutez des h\u00f4tes. <\/li> <li>Classez toutes vos activit\u00e9s et attribuez-leur des balises. <\/li> <li>Faites la distinction entre quatre variantes de mise en page. <\/li> <\/ul> <p><a href=\"#demo\">Essayez toutes les autres fonctions de la d\u00e9mo<\/a><\/p> <\/div><div class=\"application-platform-content-item-installation application-platform-content-item\" id=\"installation\" data-nav-section=\"installation\"> <h2> Comment ajouter l&rsquo;extension Calendrier des \u00e9v\u00e9nements \u00e0 mon site Web Joomla\u00a0? <\/h2> <p>Pour int\u00e9grer le plugin Calendrier, suivez plusieurs \u00e9tapes rapides. <\/p> <ol><li><b>Utilisez notre d\u00e9mo gratuite et commencez \u00e0 cr\u00e9er votre extension personnalis\u00e9e. <\/b><br> D\u00e9terminez la disposition s\u00e9lectionn\u00e9e et les options de l&rsquo;extension et enregistrez toutes les modifications. <\/li> <li><b>Copiez le code personnel qui appara\u00eet dans la fen\u00eatre des applications Elfsight. <\/b><br> Juste apr\u00e8s la cr\u00e9ation de votre extension, copiez votre code depuis la fen\u00eatre qui appara\u00eet et conservez-le pour une utilisation future. <\/li> <li><b>Entrez sur l&rsquo;utilisation de l&rsquo;extension sur le site Joomla. <\/b><br> Int\u00e9grez le code que vous avez r\u00e9cemment copi\u00e9 dans votre site et enregistrez les modifications. <\/li> <li><b>L&rsquo;installation est enti\u00e8rement termin\u00e9e. <\/b><br> Ouvrez votre site pour examiner le fonctionnement de l&rsquo;extension. <\/li><\/ol><p>N&rsquo;h\u00e9sitez pas \u00e0 communiquer avec notre service client si vous avez besoin de conseils ou si vous avez des questions. Nos sp\u00e9cialistes se feront un plaisir de r\u00e9pondre \u00e0 chaque demande. <\/p> <\/div><div class=\"faq\" data-component=\"FAQ\"><div class=\"faq-item\">\r\n\t\t\t\t\t<div class=\"faq-item-question\">\r\n\t\t\t\t\t\t<h3 class=\"faq-item-question-text\">De quelle mani\u00e8re puis-je int\u00e9grer un calendrier d'\u00e9v\u00e9nements au site Joomla ? <\/h3>\r\n\r\n\t\t\t\t\t\t<div class=\"faq-item-question-icon\"><\/div>\r\n\t\t\t\t\t<\/div>\r\n\r\n\t\t\t\t\t<div class=\"faq-item-answer\">\r\n\t\t\t\t\t\t<div class=\"faq-item-answer-text\"><p>La construction du widget est effectu\u00e9 sur le site Elfsight et il n&rsquo;est pas n\u00e9cessaire de coder. Ouvrez notre d\u00e9mo en direct pour cr\u00e9er votre propre application, acqu\u00e9rez le code et collez-le sur votre site Web. <\/p><\/div>\r\n\t\t\t\t\t<\/div>\r\n\t\t\t\t<\/div><div class=\"faq-item\">\r\n\t\t\t\t\t<div class=\"faq-item-question\">\r\n\t\t\t\t\t\t<h3 class=\"faq-item-question-text\">Les meilleures fa\u00e7ons d'utiliser l'int\u00e9gration du calendrier en ligne<\/h3>\r\n\r\n\t\t\t\t\t\t<div class=\"faq-item-question-icon\"><\/div>\r\n\t\t\t\t\t<\/div>\r\n\r\n\t\t\t\t\t<div class=\"faq-item-answer\">\r\n\t\t\t\t\t\t<div class=\"faq-item-answer-text\"><p>Nous proposons de nombreuses options de r\u00e9glage\u00a0: widgets pleine taille \u00e0 ins\u00e9rer dans la zone de contenu, widgets flottants pour les possibilit\u00e9s de d\u00e9filement, les vignettes pour le pied de page de votre site Web, la section d&rsquo;en-t\u00eate et toutes les variantes de possibilit\u00e9s verticales pour les barres lat\u00e9rales et les menus du site Web. <\/p><\/div>\r\n\t\t\t\t\t<\/div>\r\n\t\t\t\t<\/div><div class=\"faq-item\">\r\n\t\t\t\t\t<div class=\"faq-item-question\">\r\n\t\t\t\t\t\t<h3 class=\"faq-item-question-text\">Comment puis-je cr\u00e9er un calendrier d'\u00e9v\u00e9nements de club ou un calendrier de curseur par l'interm\u00e9diaire de l'\u00e9diteur ? <\/h3>\r\n\r\n\t\t\t\t\t\t<div class=\"faq-item-question-icon\"><\/div>\r\n\t\t\t\t\t<\/div>\r\n\r\n\t\t\t\t\t<div class=\"faq-item-answer\">\r\n\t\t\t\t\t\t<div class=\"faq-item-answer-text\"><p>Vous \u00eates invit\u00e9s \u00e0 cr\u00e9er les modifications de n&rsquo;importe quel widget. De nombreuses mises en page sont disponibles dans l&rsquo;\u00e9diteur, et toutes peuvent \u00eatre facilement personnalis\u00e9es selon vos besoins. <\/p><\/div>\r\n\t\t\t\t\t<\/div>\r\n\t\t\t\t<\/div><\/div>","protected":false},"excerpt":{"rendered":"","protected":false},"author":18,"featured_media":0,"parent":1299,"menu_order":0,"comment_status":"closed","ping_status":"closed","template":"templates\/template-application-platform.php","meta":{"publish_to_discourse":"","publish_post_category":"","wpdc_auto_publish_overridden":"","wpdc_topic_tags":"","wpdc_pin_topic":"","wpdc_pin_until":"","discourse_post_id":"","discourse_permalink":"","wpdc_publishing_response":"","wpdc_publishing_error":"","footnotes":""},"class_list":["post-4816","page","type-page","status-publish","hentry"],"yoast_head":"<!-- This site is optimized with the Yoast SEO plugin v25.3.1 - https:\/\/yoast.com\/wordpress\/plugins\/seo\/ -->\n<title>Calendrier event - ajoutez extension Calendarier sur Joomla<\/title>\n<meta name=\"description\" content=\"Int\u00e9grez un Calendrier event attractif sur votre site. Utilisez la d\u00e9mo d&#039;Elfsight et g\u00e9n\u00e9rez votre module en 2 minutes.\" \/>\n<meta name=\"robots\" content=\"index, follow, max-snippet:-1, max-image-preview:large, max-video-preview:-1\" \/>\n<link rel=\"canonical\" href=\"https:\/\/elfsight.com\/fr\/event-calendar-widget\/joomla\/\" \/>\n<meta property=\"og:locale\" content=\"fr_FR\" \/>\n<meta property=\"og:type\" content=\"article\" \/>\n<meta property=\"og:title\" content=\"Calendrier event - ajoutez extension Calendarier sur Joomla\" \/>\n<meta property=\"og:description\" content=\"Int\u00e9grez un Calendrier event attractif sur votre site. Utilisez la d\u00e9mo d&#039;Elfsight et g\u00e9n\u00e9rez votre module en 2 minutes.\" \/>\n<meta property=\"og:url\" content=\"https:\/\/elfsight.com\/fr\/event-calendar-widget\/joomla\/\" \/>\n<meta property=\"og:site_name\" content=\"Elfsight FR\" \/>\n<meta property=\"article:modified_time\" content=\"2025-07-09T17:18:10+00:00\" \/>\n<meta name=\"twitter:card\" content=\"summary_large_image\" \/>\n<meta name=\"twitter:label1\" content=\"Dur\u00e9e de lecture estim\u00e9e\" \/>\n\t<meta name=\"twitter:data1\" content=\"1 minute\" \/>\n<!-- \/ Yoast SEO plugin. -->","yoast_head_json":{"title":"Calendrier event - ajoutez extension Calendarier sur Joomla","description":"Int\u00e9grez un Calendrier event attractif sur votre site. Utilisez la d\u00e9mo d'Elfsight et g\u00e9n\u00e9rez votre module en 2 minutes.","robots":{"index":"index","follow":"follow","max-snippet":"max-snippet:-1","max-image-preview":"max-image-preview:large","max-video-preview":"max-video-preview:-1"},"canonical":"https:\/\/elfsight.com\/fr\/event-calendar-widget\/joomla\/","og_locale":"fr_FR","og_type":"article","og_title":"Calendrier event - ajoutez extension Calendarier sur Joomla","og_description":"Int\u00e9grez un Calendrier event attractif sur votre site. Utilisez la d\u00e9mo d'Elfsight et g\u00e9n\u00e9rez votre module en 2 minutes.","og_url":"https:\/\/elfsight.com\/fr\/event-calendar-widget\/joomla\/","og_site_name":"Elfsight FR","article_modified_time":"2025-07-09T17:18:10+00:00","twitter_card":"summary_large_image","twitter_misc":{"Dur\u00e9e de lecture estim\u00e9e":"1 minute"},"schema":{"@context":"https:\/\/schema.org","@graph":[{"@type":"WebPage","@id":"https:\/\/elfsight.com\/fr\/event-calendar-widget\/joomla\/","url":"https:\/\/elfsight.com\/fr\/event-calendar-widget\/joomla\/","name":"Calendrier event - ajoutez extension Calendarier sur Joomla","isPartOf":{"@id":"https:\/\/elfsight.com\/fr\/#website"},"datePublished":"2021-12-03T09:41:08+00:00","dateModified":"2025-07-09T17:18:10+00:00","description":"Int\u00e9grez un Calendrier event attractif sur votre site. Utilisez la d\u00e9mo d'Elfsight et g\u00e9n\u00e9rez votre module en 2 minutes.","breadcrumb":{"@id":"https:\/\/elfsight.com\/fr\/event-calendar-widget\/joomla\/#breadcrumb"},"inLanguage":"fr-FR","potentialAction":[{"@type":"ReadAction","target":["https:\/\/elfsight.com\/fr\/event-calendar-widget\/joomla\/"]}]},{"@type":"BreadcrumbList","@id":"https:\/\/elfsight.com\/fr\/event-calendar-widget\/joomla\/#breadcrumb","itemListElement":[{"@type":"ListItem","position":1,"name":"Home","item":"https:\/\/elfsight.com\/fr\/"},{"@type":"ListItem","position":2,"name":"Event Calendar","item":"https:\/\/elfsight.com\/fr\/event-calendar-widget\/"},{"@type":"ListItem","position":3,"name":"Event Calendar &#8211; Joomla"}]},{"@type":"WebSite","@id":"https:\/\/elfsight.com\/fr\/#website","url":"https:\/\/elfsight.com\/fr\/","name":"Elfsight FR","description":"","potentialAction":[{"@type":"SearchAction","target":{"@type":"EntryPoint","urlTemplate":"https:\/\/elfsight.com\/fr\/?s={search_term_string}"},"query-input":{"@type":"PropertyValueSpecification","valueRequired":true,"valueName":"search_term_string"}}],"inLanguage":"fr-FR"}]}},"meta_box":{"industry":"","seo_heading":"","heading":"","description":"","cta_heading":"","cta_description":"","application":"1298","h1":"Extension Calendrier event pour Joomla","h1_caption":"G\u00e9rez et partagez des \u00e9v\u00e9nements sur votre site Web avec un calendrier d'\u00e9v\u00e9nements interactif et convivial sur votre site Web Joomla sans effort.","application_category":[],"applications_title":"","applications_request_title":"","applications_request_button_text":"","hero_text":"","hero_video":"","hero_video_schema_markup":"","selling_points_title":"","selling_points_caption":"","selling_points":[],"selling_points_cta_text":"","features_title":"","features":"","ed_cta_examples_text":"","ed_cta_examples_hidden":"","ed_cta_demo_text":"","ed_cta_demo_hidden":"","why_caption":"","why_editor_title":"","why_editor_text":"","why_team_title":"","why_team_text":"","why_service_title":"","why_service_text":"","template_catalog_visible":"","template_catalog_title":"","template_catalog_text":"","template_catalog_categories_visible":"","demo_title":"Cr\u00e9ez votre plugin Calendrier d'\u00e9v\u00e9nements","demo_caption":"Configurez votre calendrier d'\u00e9v\u00e9nements et ajoutez-le gratuitement \u00e0 votre site Web Joomla\u00a0!","default_faq_hidden":"","app_template_category":[],"platform":"354","template_public_id":"","codecanyon_url":"","codecanyon_item_id":"","codecanyon_price":"","pricing_caption":"","pricing_elfsight_apps_hide_column":"","pricing_elfsight_apps_url":"","pricing_codecanyon_price_caption":"","integration_category":[],"integration_request_title":"","integration_request_cta":"","integration_platform":"","integrations":[],"platform_category":[],"video_schema_markup":"","price":"\u00c0 partir de $0\/mois","trial":"","benefits":[{"text":"Installation gratuite"},{"text":"Support Premium"},{"text":"Garantie de remboursement de 14 jours"},{"text":"L'am\u00e9lioration continue"}],"button_url":"#demo","button_target_blank":"0","button_nofollow":"0","attributes":[{"name":"Nombre d'installations","content":"1,000 - 5,000","_state":"expanded"},{"name":"Adaptif","content":"Oui","_state":"expanded"},{"name":"Navigateurs compatibles","content":"Firefox, Safari, Opera, Chrome, Edge","_state":"expanded"}],"tags":[],"tags_disable_links":"0","hide_more_platforms":"","video_object":"","demo_hide_cta":"0","demo_hide_cloud_options":"0","pricing_title":"","pricing":[{"pricing_icon":"platform","pricing_title":"Applications d'Elfsight","pricing_title_caption":"Solution num\u00e9rique multiplateforme qui fonctionne sur n'importe quel site","pricing_price":"\u00c0 partir de $0\/mois","pricing_price_caption":"Commencez avec un plan gratuit","pricing_benefits":[{"text":"Sites Web illimit\u00e9s"},{"text":"\u00c9quipe d'assistance professionnelle"},{"text":"Service d'installation gratuit"},{"text":"100% personnalisable"}],"pricing_button_text":"Ajouter au site Web","pricing_button_url":"https:\/\/apps.elfsight.com\/sign-up\/","pricing_button_nofollow":"1","_state":"expanded"}],"related_apps_title":"","related_apps_hidden":"1","author":"","image":[],"title":"","job":"","social_networks":[]},"_links":{"self":[{"href":"https:\/\/elfsight.com\/fr\/wp-json\/wp\/v2\/pages\/4816","targetHints":{"allow":["GET"]}}],"collection":[{"href":"https:\/\/elfsight.com\/fr\/wp-json\/wp\/v2\/pages"}],"about":[{"href":"https:\/\/elfsight.com\/fr\/wp-json\/wp\/v2\/types\/page"}],"author":[{"embeddable":true,"href":"https:\/\/elfsight.com\/fr\/wp-json\/wp\/v2\/users\/18"}],"replies":[{"embeddable":true,"href":"https:\/\/elfsight.com\/fr\/wp-json\/wp\/v2\/comments?post=4816"}],"version-history":[{"count":2,"href":"https:\/\/elfsight.com\/fr\/wp-json\/wp\/v2\/pages\/4816\/revisions"}],"predecessor-version":[{"id":14736,"href":"https:\/\/elfsight.com\/fr\/wp-json\/wp\/v2\/pages\/4816\/revisions\/14736"}],"up":[{"embeddable":true,"href":"https:\/\/elfsight.com\/fr\/wp-json\/wp\/v2\/pages\/1299"}],"wp:attachment":[{"href":"https:\/\/elfsight.com\/fr\/wp-json\/wp\/v2\/media?parent=4816"}],"curies":[{"name":"wp","href":"https:\/\/api.w.org\/{rel}","templated":true}]}}