{"id":4808,"date":"2021-12-03T09:41:18","date_gmt":"2021-12-03T09:41:18","guid":{"rendered":"https:\/\/elfsight.com\/fr\/?page_id=4808"},"modified":"2025-07-09T17:17:44","modified_gmt":"2025-07-09T17:17:44","slug":"google-sites","status":"publish","type":"page","link":"https:\/\/elfsight.com\/fr\/event-calendar-widget\/google-sites\/","title":{"rendered":"Event Calendar &#8211; Google Sites"},"content":{"rendered":"<div class=\"application-platform-content-item-description application-platform-content-item\" id=\"description\" data-nav-section=\"description\"> <h2>Int\u00e9grer le calendrier des \u00e9v\u00e9nements avec le widget Elfsight<\/h2> <p>Le widget Calendrier Elfsight est un outil puissant pour Google Sites vous permettant de partager facilement vos \u00e9v\u00e9nements. avec le reste du monde. Il propose de nombreuses options pour pr\u00e9senter les \u00e9v\u00e9nements \u00e0 venir de la mani\u00e8re la plus repr\u00e9sentative. Personnalisez-le pour m\u00e9langer le design avec l\u2019esth\u00e9tique de votre page. Cr\u00e9ez plusieurs \u00e9v\u00e9nements, ajoutez diff\u00e9rentes balises, t\u00e9l\u00e9chargez vos photos et vid\u00e9os personnalis\u00e9es et tenez les utilisateurs inform\u00e9s de votre agenda gr\u00e2ce au calendrier sur votre site Web Google\u00a0Sites.<\/p> <p><b>Le calendrier des \u00e9v\u00e9nements peut vous aider \u00e0 afficher facilement vos activit\u00e9s futures et augmentez le taux d&rsquo;engagement sur votre site Web.<\/b><\/p> <\/div> <div class=\"application-platform-content-item-features application-platform-content-item\" id=\"features\" data-nav-section=\"features\"> <h2>Principales fonctionnalit\u00e9s du widget Calendrier d&rsquo;\u00e9v\u00e9nements<\/h2> <p>Voici peut voir tous les traits fonctionnels du calendrier des \u00e9v\u00e9nements. Ils sont disponibles directement dans l&rsquo;\u00e9diteur et vous aideront \u00e0 configurer le widget adapt\u00e9 \u00e0 vos besoins.<\/p> <ul> <li>Utilisez des opportunit\u00e9s de contenu adaptables pour adapter le calendrier \u00e0 votre type d&rsquo;\u00e9v\u00e9nements.<\/li> <li>Aidez les utilisateurs \u00e0 ajouter vos \u00e9v\u00e9nements \u00e0 leurs calendriers couramment utilis\u00e9s.<\/li> <li>G\u00e9n\u00e9rez diff\u00e9rents types d&rsquo;\u00e9v\u00e9nements, sp\u00e9cifiez des emplacements et ajoutez des h\u00f4tes. <\/li> <li>Classez toutes vos activit\u00e9s et attribuez-leur des tags.<\/li> <li>Faites la distinction entre 4 options de mise en page.<\/li> <\/ul> <p><a href=\"#demo\">Cochez comment fonctionnent toutes les fonctionnalit\u00e9s, dans notre d\u00e9mo<\/a><\/p> <\/div> <div class=\"application-platform-content-item-installation application-platform-content-item\" id=\"installation\" data-nav-section=\"installation\"> <h2>Comment ajouter le calendrier d&rsquo;\u00e9v\u00e9nements \u00e0 Google Sites\u00a0?<\/h2> <p>Pour l&rsquo;int\u00e9grer plugin, suivez simplement quelques \u00e9tapes rapides.<\/p> <ul> <li><b>Concevez votre widget de calendrier personnalis\u00e9<\/b><br> \u00c0 l&rsquo;aide de notre \u00e9diteur gratuit, cr\u00e9ez un plugin avec une mise en page et des fonctionnalit\u00e9s s\u00e9lectionn\u00e9es.<\/li> <li><b>Copiez le code personnel pour int\u00e9grer le widget<\/b><br> Apr\u00e8s avoir configur\u00e9 votre plugin, vous obtiendrez le code individuel de la notification apparue sur Elfsight Apps. Copiez le code.<\/li> <li><b>Int\u00e9grez le widget sur votre site Web<\/b><br> Acc\u00e9dez \u00e0 la zone dans laquelle vous devez int\u00e9grer le plugin et ins\u00e9rez-y le code copi\u00e9. Enregistrez les r\u00e9sultats.<\/li> <li><b>L&rsquo;int\u00e9gration est r\u00e9ussie\u00a0!<\/b><br> Visitez la boutique pour voir votre plugin.<\/li> <\/ul> <div class=\"tip-yellow tip\"><b>En raison En raison des particularit\u00e9s du fonctionnement de Google Sites, le widget peut \u00eatre diff\u00e9rent de la d\u00e9mo en ligne. Nous nous excusons pour tout inconv\u00e9nient caus\u00e9.<\/b><\/div><p>N&rsquo;h\u00e9sitez pas \u00e0 contacter notre service client si vous avez besoin d&rsquo;aide ou si vous rencontrez des probl\u00e8mes. Nous serons heureux de r\u00e9pondre \u00e0 chaque demande.<\/p><div class=\"faq\" data-component=\"FAQ\"><div class=\"faq-item\">\r\n\t\t\t\t\t<div class=\"faq-item-question\">\r\n\t\t\t\t\t\t<h3 class=\"faq-item-question-text\">Comment ajouter des statistiques sur le coronavirus \u00e0 mon site Web Google Sites sans comp\u00e9tences en codage ?<\/h3>\r\n\r\n\t\t\t\t\t\t<div class=\"faq-item-question-icon\"><\/div>\r\n\t\t\t\t\t<\/div>\r\n\r\n\t\t\t\t\t<div class=\"faq-item-answer\">\r\n\t\t\t\t\t\t<div class=\"faq-item-answer-text\"> <p>Elfsight fournit une solution SaaS qui vous permet de cr\u00e9er un widget Statistiques sur le coronavirus vous-m\u00eame, voyez \u00e0 quel point le processus est simple\u00a0: travaillez directement dans l&rsquo;\u00e9diteur en ligne pour cr\u00e9er un widget Statistiques sur le coronavirus que vous aimeriez voir sur votre site Web Google Sites. Choisissez l&rsquo;un des mod\u00e8les pr\u00e9d\u00e9finis et ajustez les param\u00e8tres des statistiques sur le coronavirus, ajoutez votre contenu, modifiez la mise en page et les couleurs sans aucune comp\u00e9tence en codage. Enregistrez les statistiques du coronavirus et copiez son code d&rsquo;installation, que vous pouvez ajouter sans effort \u00e0 votre site Web Google Sites sans avoir besoin d&rsquo;acheter un forfait payant. Gr\u00e2ce \u00e0 notre \u00e9diteur intuitif, tout internaute peut cr\u00e9er un widget Statistiques sur le coronavirus en ligne et l&rsquo;int\u00e9grer facilement \u00e0 son site Web Google Sites. Il n&rsquo;est pas n\u00e9cessaire de payer ou de saisir les informations d&rsquo;identification de votre carte pour acc\u00e9der au service. Si vous rencontrez des probl\u00e8mes \u00e0 n&rsquo;importe quelle \u00e9tape, n&rsquo;h\u00e9sitez pas \u00e0 contacter notre \u00e9quipe d&rsquo;assistance technique.<\/p> <\/div>\r\n\t\t\t\t\t<\/div>\r\n\t\t\t\t<\/div> <\/div><\/div>","protected":false},"excerpt":{"rendered":"","protected":false},"author":18,"featured_media":0,"parent":1299,"menu_order":0,"comment_status":"closed","ping_status":"closed","template":"templates\/template-application-platform.php","meta":{"publish_to_discourse":"","publish_post_category":"","wpdc_auto_publish_overridden":"","wpdc_topic_tags":"","wpdc_pin_topic":"","wpdc_pin_until":"","discourse_post_id":"","discourse_permalink":"","wpdc_publishing_response":"","wpdc_publishing_error":"","footnotes":""},"class_list":["post-4808","page","type-page","status-publish","hentry"],"yoast_head":"<!-- This site is optimized with the Yoast SEO plugin v25.3.1 - https:\/\/yoast.com\/wordpress\/plugins\/seo\/ -->\n<title>Calendrier event - ajoutez plugin Calendarier sur Google Sites<\/title>\n<meta name=\"description\" content=\"Int\u00e9grez un Calendrier event attractif sur votre site. Utilisez la d\u00e9mo d&#039;Elfsight et g\u00e9n\u00e9rez votre widget en deux minutes.\" \/>\n<meta name=\"robots\" content=\"index, follow, max-snippet:-1, max-image-preview:large, max-video-preview:-1\" \/>\n<link rel=\"canonical\" href=\"https:\/\/elfsight.com\/fr\/event-calendar-widget\/google-sites\/\" \/>\n<meta property=\"og:locale\" content=\"fr_FR\" \/>\n<meta property=\"og:type\" content=\"article\" \/>\n<meta property=\"og:title\" content=\"Calendrier event - ajoutez plugin Calendarier sur Google Sites\" \/>\n<meta property=\"og:description\" content=\"Int\u00e9grez un Calendrier event attractif sur votre site. Utilisez la d\u00e9mo d&#039;Elfsight et g\u00e9n\u00e9rez votre widget en deux minutes.\" \/>\n<meta property=\"og:url\" content=\"https:\/\/elfsight.com\/fr\/event-calendar-widget\/google-sites\/\" \/>\n<meta property=\"og:site_name\" content=\"Elfsight FR\" \/>\n<meta property=\"article:modified_time\" content=\"2025-07-09T17:17:44+00:00\" \/>\n<meta name=\"twitter:card\" content=\"summary_large_image\" \/>\n<meta name=\"twitter:label1\" content=\"Dur\u00e9e de lecture estim\u00e9e\" \/>\n\t<meta name=\"twitter:data1\" content=\"1 minute\" \/>\n<!-- \/ Yoast SEO plugin. -->","yoast_head_json":{"title":"Calendrier event - ajoutez plugin Calendarier sur Google Sites","description":"Int\u00e9grez un Calendrier event attractif sur votre site. Utilisez la d\u00e9mo d'Elfsight et g\u00e9n\u00e9rez votre widget en deux minutes.","robots":{"index":"index","follow":"follow","max-snippet":"max-snippet:-1","max-image-preview":"max-image-preview:large","max-video-preview":"max-video-preview:-1"},"canonical":"https:\/\/elfsight.com\/fr\/event-calendar-widget\/google-sites\/","og_locale":"fr_FR","og_type":"article","og_title":"Calendrier event - ajoutez plugin Calendarier sur Google Sites","og_description":"Int\u00e9grez un Calendrier event attractif sur votre site. Utilisez la d\u00e9mo d'Elfsight et g\u00e9n\u00e9rez votre widget en deux minutes.","og_url":"https:\/\/elfsight.com\/fr\/event-calendar-widget\/google-sites\/","og_site_name":"Elfsight FR","article_modified_time":"2025-07-09T17:17:44+00:00","twitter_card":"summary_large_image","twitter_misc":{"Dur\u00e9e de lecture estim\u00e9e":"1 minute"},"schema":{"@context":"https:\/\/schema.org","@graph":[{"@type":"WebPage","@id":"https:\/\/elfsight.com\/fr\/event-calendar-widget\/google-sites\/","url":"https:\/\/elfsight.com\/fr\/event-calendar-widget\/google-sites\/","name":"Calendrier event - ajoutez plugin Calendarier sur Google Sites","isPartOf":{"@id":"https:\/\/elfsight.com\/fr\/#website"},"datePublished":"2021-12-03T09:41:18+00:00","dateModified":"2025-07-09T17:17:44+00:00","description":"Int\u00e9grez un Calendrier event attractif sur votre site. Utilisez la d\u00e9mo d'Elfsight et g\u00e9n\u00e9rez votre widget en deux minutes.","breadcrumb":{"@id":"https:\/\/elfsight.com\/fr\/event-calendar-widget\/google-sites\/#breadcrumb"},"inLanguage":"fr-FR","potentialAction":[{"@type":"ReadAction","target":["https:\/\/elfsight.com\/fr\/event-calendar-widget\/google-sites\/"]}]},{"@type":"BreadcrumbList","@id":"https:\/\/elfsight.com\/fr\/event-calendar-widget\/google-sites\/#breadcrumb","itemListElement":[{"@type":"ListItem","position":1,"name":"Home","item":"https:\/\/elfsight.com\/fr\/"},{"@type":"ListItem","position":2,"name":"Event Calendar","item":"https:\/\/elfsight.com\/fr\/event-calendar-widget\/"},{"@type":"ListItem","position":3,"name":"Event Calendar &#8211; Google Sites"}]},{"@type":"WebSite","@id":"https:\/\/elfsight.com\/fr\/#website","url":"https:\/\/elfsight.com\/fr\/","name":"Elfsight FR","description":"","potentialAction":[{"@type":"SearchAction","target":{"@type":"EntryPoint","urlTemplate":"https:\/\/elfsight.com\/fr\/?s={search_term_string}"},"query-input":{"@type":"PropertyValueSpecification","valueRequired":true,"valueName":"search_term_string"}}],"inLanguage":"fr-FR"}]}},"meta_box":{"industry":"","seo_heading":"","heading":"","description":"","cta_heading":"","cta_description":"","application":"1298","h1":"Plugin Calendrier event pour Google Sites","h1_caption":"G\u00e9rez et partagez facilement des \u00e9v\u00e9nements sur votre site Web avec un calendrier d'\u00e9v\u00e9nements interactif et convivial dans vos sites Google.","application_category":[],"applications_title":"","applications_request_title":"","applications_request_button_text":"","hero_text":"","hero_video":"","hero_video_schema_markup":"","selling_points_title":"","selling_points_caption":"","selling_points":[],"selling_points_cta_text":"","features_title":"","features":"","ed_cta_examples_text":"","ed_cta_examples_hidden":"","ed_cta_demo_text":"","ed_cta_demo_hidden":"","why_caption":"","why_editor_title":"","why_editor_text":"","why_team_title":"","why_team_text":"","why_service_title":"","why_service_text":"","template_catalog_visible":"","template_catalog_title":"","template_catalog_text":"","template_catalog_categories_visible":"","demo_title":"Cr\u00e9ez votre widget Calendrier d'\u00e9v\u00e9nements","demo_caption":"Configurez votre calendrier d'\u00e9v\u00e9nements et ajoutez-le gratuitement \u00e0 votre site Web Google Sites\u00a0!","default_faq_hidden":"","app_template_category":[],"platform":"423","template_public_id":"","codecanyon_url":"","codecanyon_item_id":"","codecanyon_price":"","pricing_caption":"","pricing_elfsight_apps_hide_column":"","pricing_elfsight_apps_url":"","pricing_codecanyon_price_caption":"","integration_category":[],"integration_request_title":"","integration_request_cta":"","integration_platform":"","integrations":[],"platform_category":[],"video_schema_markup":"","price":"\u00c0 partir de $0\/mois","trial":"","benefits":[{"text":"Installation gratuite"},{"text":"Support Premium"},{"text":"Garantie de remboursement de 14 jours"},{"text":"L'am\u00e9lioration continue"}],"button_url":"#demo","button_target_blank":"0","button_nofollow":"0","attributes":[{"name":"Nombre d'installations","content":"1,000 - 5,000","_state":"expanded"},{"name":"Adaptif","content":"Oui","_state":"expanded"},{"name":"Navigateurs compatibles","content":"Firefox, Safari, Opera, Chrome, Edge","_state":"expanded"}],"tags":[],"tags_disable_links":"0","hide_more_platforms":"","video_object":"","demo_hide_cta":"0","demo_hide_cloud_options":"0","pricing_title":"","pricing":[{"pricing_icon":"platform","pricing_title":"Applications d'Elfsight","pricing_title_caption":"Solution num\u00e9rique multiplateforme qui fonctionne sur n'importe quel site","pricing_price":"\u00c0 partir de $0\/mois","pricing_price_caption":"Commencez avec un plan gratuit","pricing_benefits":[{"text":"Sites Web illimit\u00e9s"},{"text":"\u00c9quipe d'assistance professionnelle"},{"text":"Service d'installation gratuit"},{"text":"100% personnalisable"}],"pricing_button_text":"Ajouter au site Web","pricing_button_url":"https:\/\/apps.elfsight.com\/sign-up\/","pricing_button_nofollow":"1","_state":"expanded"}],"related_apps_title":"","related_apps_hidden":"1","author":"","image":[],"title":"","job":"","social_networks":[]},"_links":{"self":[{"href":"https:\/\/elfsight.com\/fr\/wp-json\/wp\/v2\/pages\/4808","targetHints":{"allow":["GET"]}}],"collection":[{"href":"https:\/\/elfsight.com\/fr\/wp-json\/wp\/v2\/pages"}],"about":[{"href":"https:\/\/elfsight.com\/fr\/wp-json\/wp\/v2\/types\/page"}],"author":[{"embeddable":true,"href":"https:\/\/elfsight.com\/fr\/wp-json\/wp\/v2\/users\/18"}],"replies":[{"embeddable":true,"href":"https:\/\/elfsight.com\/fr\/wp-json\/wp\/v2\/comments?post=4808"}],"version-history":[{"count":2,"href":"https:\/\/elfsight.com\/fr\/wp-json\/wp\/v2\/pages\/4808\/revisions"}],"predecessor-version":[{"id":14740,"href":"https:\/\/elfsight.com\/fr\/wp-json\/wp\/v2\/pages\/4808\/revisions\/14740"}],"up":[{"embeddable":true,"href":"https:\/\/elfsight.com\/fr\/wp-json\/wp\/v2\/pages\/1299"}],"wp:attachment":[{"href":"https:\/\/elfsight.com\/fr\/wp-json\/wp\/v2\/media?parent=4808"}],"curies":[{"name":"wp","href":"https:\/\/api.w.org\/{rel}","templated":true}]}}