{"id":4802,"date":"2021-12-03T10:12:57","date_gmt":"2021-12-03T10:12:57","guid":{"rendered":"https:\/\/elfsight.com\/fr\/?page_id=4802"},"modified":"2025-12-18T16:51:27","modified_gmt":"2025-12-18T16:51:27","slug":"elementor","status":"publish","type":"page","link":"https:\/\/elfsight.com\/fr\/event-calendar-widget\/elementor\/","title":{"rendered":"Event Calendar &#8211; Elementor"},"content":{"rendered":"<div class=\"application-platform-content-item-description application-platform-content-item\" id=\"description\" data-nav-section=\"description\"> <h2>Int\u00e9grer le calendrier des \u00e9v\u00e9nements avec le widget Elfsight<\/h2> <p>Le widget Calendrier Elfsight est un outil puissant qui vous permet de partager facilement vos activit\u00e9s avec votre public. Il offre de nombreuses opportunit\u00e9s pour pr\u00e9senter les \u00e9v\u00e9nements \u00e0 venir de la mani\u00e8re la plus repr\u00e9sentative possible. Personnalisez-le pour combiner le design avec l\u2019esth\u00e9tique de votre page. Cr\u00e9ez un nombre illimit\u00e9 d&rsquo;\u00e9v\u00e9nements, ajoutez plusieurs balises, t\u00e9l\u00e9chargez vos propres photos et vid\u00e9os et tenez vos utilisateurs inform\u00e9s de votre agenda. <\/p> <p><b>Le plugin Events Calendar peut vous aider \u00e0 pr\u00e9senter facilement vos activit\u00e9s futures et \u00e0 augmenter le niveau d&rsquo;engagement sur votre site. <\/b><\/p> <\/div> <div class=\"application-platform-content-item-features application-platform-content-item\" id=\"features\" data-nav-section=\"features\"> <h2>Principales fonctionnalit\u00e9s du plugin Event Calendar<\/h2> <p>V\u00e9rifiez toutes les fonctions d&rsquo;Elementor Event Calendar. Vous pouvez les param\u00e9trer directement dans l&rsquo;\u00e9diteur et ils vous aideront \u00e0 construire le widget le plus adapt\u00e9 \u00e0 votre cas. Notre plugin d&rsquo;\u00e9v\u00e9nements Elementor est con\u00e7u pour couvrir divers besoins commerciaux et attirer les utilisateurs vers le site Web.<\/p> <ul> <li>Utilisez des options de contenu flexibles pour englober le calendrier en fonction de votre type d&rsquo;activit\u00e9s. <\/li> <li>Aidez les utilisateurs \u00e0 ajouter des \u00e9v\u00e9nements \u00e0 leurs applications pr\u00e9f\u00e9r\u00e9es. <\/li> <li>\u00c9tablissez diff\u00e9rents types d&rsquo;\u00e9v\u00e9nements, sp\u00e9cifiez des emplacements et ajoutez des h\u00f4tes. <\/li> <li>Classez tous vos \u00e9v\u00e9nements et attribuez-leur des balises. <\/li> <li>Faites la distinction entre quatre variantes de mise en page. <\/li> <\/ul> <p><a href=\"#demo\">D\u00e9couvrez comment fonctionnent toutes les fonctionnalit\u00e9s, dans notre d\u00e9mo<\/a><\/p> <\/div> <div class=\"application-platform-content-item-installation application-platform-content-item\" id=\"installation\" data-nav-section=\"installation\"> <h2>Comment ajouter le calendrier des \u00e9v\u00e9nements \u00e0 mon site Web Elementor\u00a0? <\/h2>&lt;<div class=\"video-container\"><iframe width=\"720\" height=\"405\" src=\"https:\/\/www.youtube.com\/embed\/sx1bqF8qz0c?si=ItNMjkchI8Blp_Rj\" frameborder=\"0\" allowfullscreen=\"\"><\/iframe><\/div>   <p>Pour ins\u00e9rer un widget, suivez simplement les \u00e9tapes rapides suivantes.<\/p> <ul> <li><b>Construisez votre plugin de calendrier personnalis\u00e9<\/b><br> \u00c0 l&rsquo;aide de notre d\u00e9mo gratuite, cr\u00e9ez un plugin avec une interface s\u00e9lectionn\u00e9e et des caract\u00e9ristiques fonctionnelles. <\/li> <li><b>Recevez le code individuel pour installer le widget<\/b><br> Apr\u00e8s avoir g\u00e9n\u00e9r\u00e9 votre widget, vous recevrez le code unique de la fen\u00eatre contextuelle sur Elfsight Apps. Copiez ce code pour une utilisation ult\u00e9rieure. <\/li> <li><b>Int\u00e9grez le widget Calendrier des \u00e9v\u00e9nements sur votre site Web<\/b><br> Choisissez la zone dans laquelle vous souhaitez int\u00e9grer le plugin et collez-y le code enregistr\u00e9. Publiez les modifications. <\/li> <li><b>Vous avez termin\u00e9\u00a0! <\/b><br> Entrez sur le site pour afficher votre widget. <\/li> <\/ul> <p>N&rsquo;h\u00e9sitez pas \u00e0 contacter l&rsquo;assistance de notre client lorsque vous avez besoin d&rsquo;aide ou si vous avez quelque chose \u00e0 demander. Nous serons heureux de r\u00e9pondre \u00e0 chaque demande concernant le widget de calendrier Elementor. <\/p> <\/div><div class=\"faq\" data-component=\"FAQ\"><div class=\"faq-item\">\r\n\t\t\t\t\t<div class=\"faq-item-question\">\r\n\t\t\t\t\t\t<h3 class=\"faq-item-question-text\">De quelle mani\u00e8re puis-je b\u00e9n\u00e9ficier de l'int\u00e9gration du calendrier des \u00e9v\u00e9nements sur mon site Elementor ?<\/h3>\r\n\r\n\t\t\t\t\t\t<div class=\"faq-item-question-icon\"><\/div>\r\n\t\t\t\t\t<\/div>\r\n\r\n\t\t\t\t\t<div class=\"faq-item-answer\">\r\n\t\t\t\t\t\t<div class=\"faq-item-answer-text\"><p>Un calendrier des \u00e9v\u00e9nements fait conna\u00eetre les activit\u00e9s de votre organisation sur votre site Web Elementor. Plus important encore, cela augmente la visibilit\u00e9 de votre marque \u00e0 mesure que vous cr\u00e9ez davantage d\u2019\u00e9v\u00e9nements. Vous pouvez publier votre plugin de calendrier d&rsquo;\u00e9v\u00e9nements Elementor sur toutes les pages de votre site Web Elementor ou uniquement sur certaines pages s\u00e9lectionn\u00e9es. Le calendrier des \u00e9v\u00e9nements sur votre site vous permet \u00e9galement d&rsquo;int\u00e9grer du nouveau contenu pour votre site, ce qui est toujours utile pour les moteurs de recherche. Les moteurs de recherche examinent toujours votre site et lorsqu&rsquo;ils trouvent du nouveau contenu, ils classent votre site comme \u00e9tant plus pertinent et peuvent augmenter les chances de trouver votre site lorsque les internautes effectuent une recherche en ligne.<\/p> <p>Outre les \u00e9v\u00e9nements, l&rsquo;ajout d&rsquo;un calendrier peut ajouter de la valeur. \u00e0 votre site Web aux yeux de vos clients. Vous pouvez utiliser le meilleur plugin de calendrier pour ajouter plus d&rsquo;interactions entre vos clients sur votre site Web Elementor. Comme un article de blog, un calendrier peut vous aider \u00e0 interagir avec vos clients en leur permettant de s&rsquo;inscrire \u00e0 certains \u00e9v\u00e9nements et m\u00eame de sugg\u00e9rer d&rsquo;autres \u00e9v\u00e9nements auxquels ils souhaiteraient peut-\u00eatre assister. Int\u00e9grer une telle option pour d\u00e9montrer des \u00e9v\u00e9nements sur votre site Web Elementor est vraiment simple \u00e0 r\u00e9aliser.<\/p><\/div>\r\n\t\t\t\t\t<\/div>\r\n\t\t\t\t<\/div><\/div>","protected":false},"excerpt":{"rendered":"","protected":false},"author":18,"featured_media":0,"parent":1299,"menu_order":0,"comment_status":"closed","ping_status":"closed","template":"templates\/template-application-platform.php","meta":{"publish_to_discourse":"","publish_post_category":"","wpdc_auto_publish_overridden":"","wpdc_topic_tags":"","wpdc_pin_topic":"","wpdc_pin_until":"","discourse_post_id":"","discourse_permalink":"","wpdc_publishing_response":"","wpdc_publishing_error":"","footnotes":""},"class_list":["post-4802","page","type-page","status-publish","hentry"],"yoast_head":"<!-- This site is optimized with the Yoast SEO plugin v25.3.1 - https:\/\/yoast.com\/wordpress\/plugins\/seo\/ -->\n<title>Calendrier event - ajoutez plugin Calendarier sur Elementor<\/title>\n<meta name=\"description\" content=\"Int\u00e9grez un Calendrier event attractif sur votre site. Appliquez la d\u00e9mo d&#039;Elfsight et g\u00e9n\u00e9rez votre widget en deux minutes.\" \/>\n<meta name=\"robots\" content=\"index, follow, max-snippet:-1, max-image-preview:large, max-video-preview:-1\" \/>\n<link rel=\"canonical\" href=\"https:\/\/elfsight.com\/fr\/event-calendar-widget\/elementor\/\" \/>\n<meta property=\"og:locale\" content=\"fr_FR\" \/>\n<meta property=\"og:type\" content=\"article\" \/>\n<meta property=\"og:title\" content=\"Calendrier event - ajoutez plugin Calendarier sur Elementor\" \/>\n<meta property=\"og:description\" content=\"Int\u00e9grez un Calendrier event attractif sur votre site. Appliquez la d\u00e9mo d&#039;Elfsight et g\u00e9n\u00e9rez votre widget en deux minutes.\" \/>\n<meta property=\"og:url\" content=\"https:\/\/elfsight.com\/fr\/event-calendar-widget\/elementor\/\" \/>\n<meta property=\"og:site_name\" content=\"Elfsight FR\" \/>\n<meta property=\"article:modified_time\" content=\"2025-12-18T16:51:27+00:00\" \/>\n<meta name=\"twitter:card\" content=\"summary_large_image\" \/>\n<meta name=\"twitter:label1\" content=\"Dur\u00e9e de lecture estim\u00e9e\" \/>\n\t<meta name=\"twitter:data1\" content=\"4 minutes\" \/>\n<!-- \/ Yoast SEO plugin. -->","yoast_head_json":{"title":"Calendrier event - ajoutez plugin Calendarier sur Elementor","description":"Int\u00e9grez un Calendrier event attractif sur votre site. Appliquez la d\u00e9mo d'Elfsight et g\u00e9n\u00e9rez votre widget en deux minutes.","robots":{"index":"index","follow":"follow","max-snippet":"max-snippet:-1","max-image-preview":"max-image-preview:large","max-video-preview":"max-video-preview:-1"},"canonical":"https:\/\/elfsight.com\/fr\/event-calendar-widget\/elementor\/","og_locale":"fr_FR","og_type":"article","og_title":"Calendrier event - ajoutez plugin Calendarier sur Elementor","og_description":"Int\u00e9grez un Calendrier event attractif sur votre site. Appliquez la d\u00e9mo d'Elfsight et g\u00e9n\u00e9rez votre widget en deux minutes.","og_url":"https:\/\/elfsight.com\/fr\/event-calendar-widget\/elementor\/","og_site_name":"Elfsight FR","article_modified_time":"2025-12-18T16:51:27+00:00","twitter_card":"summary_large_image","twitter_misc":{"Dur\u00e9e de lecture estim\u00e9e":"4 minutes"},"schema":{"@context":"https:\/\/schema.org","@graph":[{"@type":"WebPage","@id":"https:\/\/elfsight.com\/fr\/event-calendar-widget\/elementor\/","url":"https:\/\/elfsight.com\/fr\/event-calendar-widget\/elementor\/","name":"Calendrier event - ajoutez plugin Calendarier sur Elementor","isPartOf":{"@id":"https:\/\/elfsight.com\/fr\/#website"},"datePublished":"2021-12-03T10:12:57+00:00","dateModified":"2025-12-18T16:51:27+00:00","description":"Int\u00e9grez un Calendrier event attractif sur votre site. Appliquez la d\u00e9mo d'Elfsight et g\u00e9n\u00e9rez votre widget en deux minutes.","breadcrumb":{"@id":"https:\/\/elfsight.com\/fr\/event-calendar-widget\/elementor\/#breadcrumb"},"inLanguage":"fr-FR","potentialAction":[{"@type":"ReadAction","target":["https:\/\/elfsight.com\/fr\/event-calendar-widget\/elementor\/"]}]},{"@type":"BreadcrumbList","@id":"https:\/\/elfsight.com\/fr\/event-calendar-widget\/elementor\/#breadcrumb","itemListElement":[{"@type":"ListItem","position":1,"name":"Home","item":"https:\/\/elfsight.com\/fr\/"},{"@type":"ListItem","position":2,"name":"Event Calendar","item":"https:\/\/elfsight.com\/fr\/event-calendar-widget\/"},{"@type":"ListItem","position":3,"name":"Event Calendar &#8211; Elementor"}]},{"@type":"WebSite","@id":"https:\/\/elfsight.com\/fr\/#website","url":"https:\/\/elfsight.com\/fr\/","name":"Elfsight FR","description":"","potentialAction":[{"@type":"SearchAction","target":{"@type":"EntryPoint","urlTemplate":"https:\/\/elfsight.com\/fr\/?s={search_term_string}"},"query-input":{"@type":"PropertyValueSpecification","valueRequired":true,"valueName":"search_term_string"}}],"inLanguage":"fr-FR"}]}},"meta_box":{"industry":"","seo_heading":"","heading":"","description":"","cta_heading":"","cta_description":"","application":"1298","h1":"Plugin Calendrier event pour Elementor","h1_caption":"G\u00e9rez et partagez des \u00e9v\u00e9nements sur votre site Web avec un calendrier d'\u00e9v\u00e9nements interactif et convivial sur votre site Web Elementor sans effort.","application_category":[],"applications_title":"","applications_request_title":"","applications_request_button_text":"","hero_text":"","hero_video":"","hero_video_schema_markup":"","selling_points_title":"","selling_points_caption":"","selling_points":[],"selling_points_cta_text":"","features_title":"","features":"","ed_cta_examples_text":"","ed_cta_examples_hidden":"","ed_cta_demo_text":"","ed_cta_demo_hidden":"","why_caption":"","why_editor_title":"","why_editor_text":"","why_team_title":"","why_team_text":"","why_service_title":"","why_service_text":"","template_catalog_visible":"0","template_catalog_title":"","template_catalog_text":"","template_catalog_categories_visible":"","demo_title":"Cr\u00e9ez votre widget Calendrier d'\u00e9v\u00e9nements","demo_caption":"Configurez votre calendrier d'\u00e9v\u00e9nements et ajoutez-le \u00e0 votre site Web Elementor gratuitement\u00a0!","default_faq_hidden":"","app_template_category":[],"platform":"385","template_public_id":"","codecanyon_url":"","codecanyon_item_id":"","codecanyon_price":"","pricing_caption":"","pricing_elfsight_apps_hide_column":"","pricing_elfsight_apps_url":"","pricing_codecanyon_price_caption":"","integration_category":[],"integration_request_title":"","integration_request_cta":"","integration_platform":"","integrations":[],"platform_category":[],"video_schema_markup":"","price":"\u00c0 partir de $0\/mois","trial":"","benefits":[{"text":"Installation gratuite"},{"text":"Support Premium"},{"text":"Garantie de remboursement de 14 jours"},{"text":"L'am\u00e9lioration continue"}],"button_url":"#demo","button_target_blank":"0","button_nofollow":"0","attributes":[{"name":"Nombre d'installations","content":"1,000 - 5,000","_state":"expanded"},{"name":"Adaptif","content":"Oui","_state":"expanded"},{"name":"Navigateurs compatibles","content":"Firefox, Safari, Opera, Chrome, Edge","_state":"expanded"}],"tags":[],"tags_disable_links":"0","hide_more_platforms":"0","video_object":"","demo_hide_cta":"0","demo_hide_cloud_options":"0","pricing_title":"","pricing":[{"pricing_icon":"platform","pricing_title":"Applications d'Elfsight","pricing_title_caption":"Solution num\u00e9rique multiplateforme qui fonctionne sur n'importe quel site","pricing_price":"\u00c0 partir de $0\/mois","pricing_price_caption":"Commencez avec un plan gratuit","pricing_benefits":[{"text":"Sites Web illimit\u00e9s"},{"text":"\u00c9quipe d'assistance professionnelle"},{"text":"Service d'installation gratuit"},{"text":"100% personnalisable"}],"pricing_button_text":"Ajouter au site Web","pricing_button_url":"https:\/\/apps.elfsight.com\/sign-up\/","pricing_button_nofollow":"1","_state":"expanded"}],"related_apps_title":"","related_apps_hidden":"1","author":"","image":[],"title":"","job":"","social_networks":[]},"_links":{"self":[{"href":"https:\/\/elfsight.com\/fr\/wp-json\/wp\/v2\/pages\/4802","targetHints":{"allow":["GET"]}}],"collection":[{"href":"https:\/\/elfsight.com\/fr\/wp-json\/wp\/v2\/pages"}],"about":[{"href":"https:\/\/elfsight.com\/fr\/wp-json\/wp\/v2\/types\/page"}],"author":[{"embeddable":true,"href":"https:\/\/elfsight.com\/fr\/wp-json\/wp\/v2\/users\/18"}],"replies":[{"embeddable":true,"href":"https:\/\/elfsight.com\/fr\/wp-json\/wp\/v2\/comments?post=4802"}],"version-history":[{"count":3,"href":"https:\/\/elfsight.com\/fr\/wp-json\/wp\/v2\/pages\/4802\/revisions"}],"predecessor-version":[{"id":16765,"href":"https:\/\/elfsight.com\/fr\/wp-json\/wp\/v2\/pages\/4802\/revisions\/16765"}],"up":[{"embeddable":true,"href":"https:\/\/elfsight.com\/fr\/wp-json\/wp\/v2\/pages\/1299"}],"wp:attachment":[{"href":"https:\/\/elfsight.com\/fr\/wp-json\/wp\/v2\/media?parent=4802"}],"curies":[{"name":"wp","href":"https:\/\/api.w.org\/{rel}","templated":true}]}}