{"id":4798,"date":"2021-12-03T10:13:04","date_gmt":"2021-12-03T10:13:04","guid":{"rendered":"https:\/\/elfsight.com\/fr\/?page_id=4798"},"modified":"2025-07-09T17:17:15","modified_gmt":"2025-07-09T17:17:15","slug":"blogger","status":"publish","type":"page","link":"https:\/\/elfsight.com\/fr\/event-calendar-widget\/blogger\/","title":{"rendered":"Event Calendar &#8211; Blogger"},"content":{"rendered":"<div class=\"application-platform-content-item-description application-platform-content-item\" id=\"description\" data-nav-section=\"description\"> <h2>Int\u00e9grer le calendrier des \u00e9v\u00e9nements avec le widget Elfsight<\/h2> <p>Le calendrier Elfsight est un widget puissant qui vous permet de partager rapidement vos activit\u00e9s avec les autres. du monde. Il comprend de nombreuses opportunit\u00e9s pour montrer les \u00e9v\u00e9nements \u00e0 venir de la mani\u00e8re la plus majestueuse. Personnalisez-le pour fusionner le design avec le style de votre site Web. Cr\u00e9ez un nombre illimit\u00e9 d&rsquo;\u00e9v\u00e9nements, ajoutez diff\u00e9rentes balises, t\u00e9l\u00e9chargez vos propres images et vid\u00e9os et tenez les visiteurs inform\u00e9s de vos projets. <\/p> <p>Ajoutez un calendrier d&rsquo;\u00e9v\u00e9nements \u00e0 votre site Web Blogger pour faire conna\u00eetre les activit\u00e9s de votre organisation. Plus important encore, cela augmente la visibilit\u00e9 de votre marque \u00e0 mesure que vous cr\u00e9ez davantage d\u2019\u00e9v\u00e9nements. Vous pouvez publier votre calendrier d&rsquo;\u00e9v\u00e9nements sur toutes les pages de votre site Web Blogger ou uniquement sur certaines pages s\u00e9lectionn\u00e9es. Le calendrier des \u00e9v\u00e9nements sur votre site vous permet \u00e9galement d&rsquo;int\u00e9grer du nouveau contenu pour votre site, ce qui est toujours utile pour les moteurs de recherche. Les moteurs de recherche examinent toujours votre site et lorsqu&rsquo;ils trouvent du nouveau contenu, ils classent votre site comme \u00e9tant plus pertinent et peuvent augmenter les chances de trouver votre site lorsque les internautes effectuent une recherche en ligne. Outre les \u00e9v\u00e9nements, l\u2019ajout d\u2019un calendrier peut ajouter de la valeur \u00e0 votre site Web aux yeux de vos clients. Vous pouvez utiliser le calendrier des \u00e9v\u00e9nements pour ajouter plus d&rsquo;interactions entre vos clients. Comme un article de blog, un calendrier peut vous aider \u00e0 interagir avec vos clients en leur permettant de s&rsquo;inscrire \u00e0 certains \u00e9v\u00e9nements et m\u00eame de sugg\u00e9rer d&rsquo;autres \u00e9v\u00e9nements auxquels ils souhaiteraient peut-\u00eatre assister. L&rsquo;int\u00e9gration d&rsquo;une telle option pour d\u00e9montrer des \u00e9v\u00e9nements sur votre site Blogger est tr\u00e8s simple \u00e0 r\u00e9aliser.<\/p><p><b>Le widget Calendrier des \u00e9v\u00e9nements peut vous aider \u00e0 d\u00e9montrer facilement vos activit\u00e9s futures et \u00e0 augmenter le taux d&rsquo;engagement sur votre site Web. <\/b><\/p> <\/div> <div class=\"application-platform-content-item-features application-platform-content-item\" id=\"features\" data-nav-section=\"features\"> <h2>Principales fonctionnalit\u00e9s du widget Calendrier d&rsquo;\u00e9v\u00e9nements<\/h2> <p>V\u00e9rifiez toutes les caract\u00e9ristiques fonctionnelles du calendrier d&rsquo;\u00e9v\u00e9nements. Vous pouvez les g\u00e9rer directement dans l&rsquo;\u00e9diteur et ils vous aideront \u00e0 fa\u00e7onner le widget adapt\u00e9 \u00e0 vos besoins. <\/p> <ul> <li>Utilisez des opportunit\u00e9s de contenu adaptables pour comprendre le calendrier correspondant \u00e0 votre type d&rsquo;\u00e9v\u00e9nements. <\/li> <li>Donnez aux utilisateurs la possibilit\u00e9 d&rsquo;ajouter des \u00e9v\u00e9nements \u00e0 leurs calendriers couramment utilis\u00e9s. <\/li> <li>Cr\u00e9ez diff\u00e9rents types d&rsquo;\u00e9v\u00e9nements, marquez des emplacements et ajoutez des h\u00f4tes. <\/li> <li>Classez toutes vos activit\u00e9s et attribuez-leur des balises. <\/li> <li>Basculez entre 4 variantes de mise en page. <\/li> <\/ul> <p><a href=\"#demo\">Vous pouvez essayer toutes les fonctionnalit\u00e9s du widget directement dans la d\u00e9mo<\/a><\/p> <\/div> <div class=\"application-platform-content-item-installation application-platform-content-item\" id=\"installation\" data-nav-section=\"installation\"> <h2>Comment int\u00e9grer le calendrier des \u00e9v\u00e9nements sur le site Web Blogger\u00a0? <\/h2> <div class=\"video-container\"><iframe width=\"720\" height=\"405\" src=\"https:\/\/www.youtube.com\/embed\/o7BkhXCBf-w\" frameborder=\"0\" allowfullscreen=\"\"><\/iframe><\/div><p>Pour introduire le widget, suivez simplement ces \u00e9tapes rapides. <\/p> <ul> <li><b>Construisez votre widget Calendrier personnalis\u00e9<\/b><br> Gr\u00e2ce \u00e0 notre configurateur gratuit, obtenez un plugin avec une composition et des fonctions pr\u00e9f\u00e9rables. <\/li> <li><b>Acqu\u00e9rir le code personnel pour afficher le widget<\/b><br> Apr\u00e8s avoir personnalis\u00e9 votre widget, vous obtiendrez le code d&rsquo;installation \u00e0 partir de la notification apparaissant sur Elfsight Apps. Copiez-le pour une utilisation ult\u00e9rieure. <\/li> <li><b>Int\u00e9grez le widget Calendrier des \u00e9v\u00e9nements sur votre site<\/b><br> Trouvez l&rsquo;endroit o\u00f9 vous souhaitez placer le plugin et ajoutez-y le code enregistr\u00e9. Publiez les modifications. <\/li> <li><b>Fait\u00a0! <\/b><br> Allez sur votre site, pour jeter un oeil \u00e0 votre travail. <\/li> <\/ul> <p>N&rsquo;h\u00e9sitez pas \u00e0 contacter le service d&rsquo;assistance d&rsquo;Elfsight au cas o\u00f9 vous auriez besoin d&rsquo;aide ou si vous rencontrez des probl\u00e8mes. Nous vous donnerons un coup de main pour chaque demande. <\/p> <\/div><div class=\"faq\" data-component=\"FAQ\"><div class=\"faq-item\">\r\n\t\t\t\t\t<div class=\"faq-item-question\">\r\n\t\t\t\t\t\t<h3 class=\"faq-item-question-text\">Existe-t-il un moyen d'ajouter un calendrier d'\u00e9v\u00e9nements \u00e0 ma page d'accueil Blogger sans coder ?<\/h3>\r\n\r\n\t\t\t\t\t\t<div class=\"faq-item-question-icon\"><\/div>\r\n\t\t\t\t\t<\/div>\r\n\r\n\t\t\t\t\t<div class=\"faq-item-answer\">\r\n\t\t\t\t\t\t<div class=\"faq-item-answer-text\"><p>La soci\u00e9t\u00e9 Elfsight propose un Solution SaaS qui permet \u00e0 un large public de cr\u00e9er vous-m\u00eame une section de calendrier d&rsquo;\u00e9v\u00e9nements. Regardez les instructions simples\u00a0: <\/p><ul><li>Acc\u00e9dez \u00e0 la d\u00e9mo en ligne pour cr\u00e9er une section de calendrier d&rsquo;\u00e9v\u00e9nements que vous souhaitez voir appara\u00eetre sur votre page d&rsquo;accueil Blogger.<\/li><li>Cliquez sur l&rsquo;un des nombreux mod\u00e8les pr\u00e9d\u00e9finis et adaptez les param\u00e8tres du calendrier des \u00e9v\u00e9nements, ajoutez votre contenu, changez la mise en page et les couleurs sans aucun codage.<\/li><li>Cliquez pour enregistrer les param\u00e8tres que vous avez d\u00e9finis. sur le calendrier des \u00e9v\u00e9nements et copiez le code d&rsquo;installation, qui peut \u00eatre facilement int\u00e9gr\u00e9 au site Web Blogger sans acheter de version payante. <\/li><\/ul><p>Gr\u00e2ce au configurateur simple, chaque utilisateur Web peut cr\u00e9er un calendrier d&rsquo;\u00e9v\u00e9nements en ligne et l&rsquo;inclure sans effort sur n&rsquo;importe quel site Blogger. Il n&rsquo;est pas n\u00e9cessaire de souscrire un abonnement payant ou de soumettre les donn\u00e9es de votre carte pour acc\u00e9der \u00e0 notre service. Si vous rencontrez des probl\u00e8mes \u00e0 un moment donn\u00e9, n&rsquo;h\u00e9sitez pas \u00e0 contacter notre \u00e9quipe d&rsquo;assistance.<\/p><\/div>\r\n\t\t\t\t\t<\/div>\r\n\t\t\t\t<\/div><\/div>","protected":false},"excerpt":{"rendered":"","protected":false},"author":18,"featured_media":0,"parent":1299,"menu_order":0,"comment_status":"closed","ping_status":"closed","template":"templates\/template-application-platform.php","meta":{"publish_to_discourse":"","publish_post_category":"","wpdc_auto_publish_overridden":"","wpdc_topic_tags":"","wpdc_pin_topic":"","wpdc_pin_until":"","discourse_post_id":"","discourse_permalink":"","wpdc_publishing_response":"","wpdc_publishing_error":"","footnotes":""},"class_list":["post-4798","page","type-page","status-publish","hentry"],"yoast_head":"<!-- This site is optimized with the Yoast SEO plugin v25.3.1 - https:\/\/yoast.com\/wordpress\/plugins\/seo\/ -->\n<title>Calendrier event - ajoutez plugin Calendarier sur Blogger<\/title>\n<meta name=\"description\" content=\"Int\u00e9grez un Calendrier event avantageux sur votre site. Utilisez la d\u00e9mo d&#039;Elfsight et g\u00e9n\u00e9rez votre widget en quelques minutes.\" \/>\n<meta name=\"robots\" content=\"index, follow, max-snippet:-1, max-image-preview:large, max-video-preview:-1\" \/>\n<link rel=\"canonical\" href=\"https:\/\/elfsight.com\/fr\/event-calendar-widget\/blogger\/\" \/>\n<meta property=\"og:locale\" content=\"fr_FR\" \/>\n<meta property=\"og:type\" content=\"article\" \/>\n<meta property=\"og:title\" content=\"Calendrier event - ajoutez plugin Calendarier sur Blogger\" \/>\n<meta property=\"og:description\" content=\"Int\u00e9grez un Calendrier event avantageux sur votre site. Utilisez la d\u00e9mo d&#039;Elfsight et g\u00e9n\u00e9rez votre widget en quelques minutes.\" \/>\n<meta property=\"og:url\" content=\"https:\/\/elfsight.com\/fr\/event-calendar-widget\/blogger\/\" \/>\n<meta property=\"og:site_name\" content=\"Elfsight FR\" \/>\n<meta property=\"article:modified_time\" content=\"2025-07-09T17:17:15+00:00\" \/>\n<meta name=\"twitter:card\" content=\"summary_large_image\" \/>\n<meta name=\"twitter:label1\" content=\"Dur\u00e9e de lecture estim\u00e9e\" \/>\n\t<meta name=\"twitter:data1\" content=\"1 minute\" \/>\n<!-- \/ Yoast SEO plugin. -->","yoast_head_json":{"title":"Calendrier event - ajoutez plugin Calendarier sur Blogger","description":"Int\u00e9grez un Calendrier event avantageux sur votre site. Utilisez la d\u00e9mo d'Elfsight et g\u00e9n\u00e9rez votre widget en quelques minutes.","robots":{"index":"index","follow":"follow","max-snippet":"max-snippet:-1","max-image-preview":"max-image-preview:large","max-video-preview":"max-video-preview:-1"},"canonical":"https:\/\/elfsight.com\/fr\/event-calendar-widget\/blogger\/","og_locale":"fr_FR","og_type":"article","og_title":"Calendrier event - ajoutez plugin Calendarier sur Blogger","og_description":"Int\u00e9grez un Calendrier event avantageux sur votre site. Utilisez la d\u00e9mo d'Elfsight et g\u00e9n\u00e9rez votre widget en quelques minutes.","og_url":"https:\/\/elfsight.com\/fr\/event-calendar-widget\/blogger\/","og_site_name":"Elfsight FR","article_modified_time":"2025-07-09T17:17:15+00:00","twitter_card":"summary_large_image","twitter_misc":{"Dur\u00e9e de lecture estim\u00e9e":"1 minute"},"schema":{"@context":"https:\/\/schema.org","@graph":[{"@type":"WebPage","@id":"https:\/\/elfsight.com\/fr\/event-calendar-widget\/blogger\/","url":"https:\/\/elfsight.com\/fr\/event-calendar-widget\/blogger\/","name":"Calendrier event - ajoutez plugin Calendarier sur Blogger","isPartOf":{"@id":"https:\/\/elfsight.com\/fr\/#website"},"datePublished":"2021-12-03T10:13:04+00:00","dateModified":"2025-07-09T17:17:15+00:00","description":"Int\u00e9grez un Calendrier event avantageux sur votre site. Utilisez la d\u00e9mo d'Elfsight et g\u00e9n\u00e9rez votre widget en quelques minutes.","breadcrumb":{"@id":"https:\/\/elfsight.com\/fr\/event-calendar-widget\/blogger\/#breadcrumb"},"inLanguage":"fr-FR","potentialAction":[{"@type":"ReadAction","target":["https:\/\/elfsight.com\/fr\/event-calendar-widget\/blogger\/"]}]},{"@type":"BreadcrumbList","@id":"https:\/\/elfsight.com\/fr\/event-calendar-widget\/blogger\/#breadcrumb","itemListElement":[{"@type":"ListItem","position":1,"name":"Home","item":"https:\/\/elfsight.com\/fr\/"},{"@type":"ListItem","position":2,"name":"Event Calendar","item":"https:\/\/elfsight.com\/fr\/event-calendar-widget\/"},{"@type":"ListItem","position":3,"name":"Event Calendar &#8211; Blogger"}]},{"@type":"WebSite","@id":"https:\/\/elfsight.com\/fr\/#website","url":"https:\/\/elfsight.com\/fr\/","name":"Elfsight FR","description":"","potentialAction":[{"@type":"SearchAction","target":{"@type":"EntryPoint","urlTemplate":"https:\/\/elfsight.com\/fr\/?s={search_term_string}"},"query-input":{"@type":"PropertyValueSpecification","valueRequired":true,"valueName":"search_term_string"}}],"inLanguage":"fr-FR"}]}},"meta_box":{"industry":"","seo_heading":"","heading":"","description":"","cta_heading":"","cta_description":"","application":"1298","h1":"Plugin Calendrier event pour Blogger","h1_caption":"G\u00e9rez et partagez des \u00e9v\u00e9nements sur votre site Web avec un calendrier d'\u00e9v\u00e9nements interactif et convivial sur votre site Web Blogger sans effort.","application_category":[],"applications_title":"","applications_request_title":"","applications_request_button_text":"","hero_text":"","hero_video":"","hero_video_schema_markup":"","selling_points_title":"","selling_points_caption":"","selling_points":[],"selling_points_cta_text":"","features_title":"","features":"","ed_cta_examples_text":"","ed_cta_examples_hidden":"","ed_cta_demo_text":"","ed_cta_demo_hidden":"","why_caption":"","why_editor_title":"","why_editor_text":"","why_team_title":"","why_team_text":"","why_service_title":"","why_service_text":"","template_catalog_visible":"","template_catalog_title":"","template_catalog_text":"","template_catalog_categories_visible":"","demo_title":"Cr\u00e9ez votre widget Calendrier d'\u00e9v\u00e9nements","demo_caption":"Configurez votre calendrier d'\u00e9v\u00e9nements et ajoutez-le gratuitement \u00e0 votre site Web Blogger\u00a0!","default_faq_hidden":"","app_template_category":[],"platform":"348","template_public_id":"","codecanyon_url":"","codecanyon_item_id":"","codecanyon_price":"","pricing_caption":"","pricing_elfsight_apps_hide_column":"","pricing_elfsight_apps_url":"","pricing_codecanyon_price_caption":"","integration_category":[],"integration_request_title":"","integration_request_cta":"","integration_platform":"","integrations":[],"platform_category":[],"video_schema_markup":"","price":"\u00c0 partir de $0\/mois","trial":"","benefits":[{"text":"Installation gratuite"},{"text":"Support Premium"},{"text":"Garantie de remboursement de 14 jours"},{"text":"L'am\u00e9lioration continue"}],"button_url":"#demo","button_target_blank":"0","button_nofollow":"0","attributes":[{"name":"Nombre d'installations","content":"1,000 - 5,000","_state":"expanded"},{"name":"Adaptif","content":"Oui","_state":"expanded"},{"name":"Navigateurs compatibles","content":"Firefox, Safari, Opera, Chrome, Edge","_state":"expanded"}],"tags":[],"tags_disable_links":"0","hide_more_platforms":"","video_object":"","demo_hide_cta":"0","demo_hide_cloud_options":"0","pricing_title":"","pricing":[{"pricing_icon":"platform","pricing_title":"Applications d'Elfsight","pricing_title_caption":"Solution num\u00e9rique multiplateforme qui fonctionne sur n'importe quel site","pricing_price":"\u00c0 partir de $0\/mois","pricing_price_caption":"Commencez avec un plan gratuit","pricing_benefits":[{"text":"Sites Web illimit\u00e9s"},{"text":"\u00c9quipe d'assistance professionnelle"},{"text":"Service d'installation gratuit"},{"text":"100% personnalisable"}],"pricing_button_text":"Ajouter au site Web","pricing_button_url":"https:\/\/apps.elfsight.com\/sign-up\/","pricing_button_nofollow":"1","_state":"expanded"}],"related_apps_title":"","related_apps_hidden":"1","author":"","image":[],"title":"","job":"","social_networks":[]},"_links":{"self":[{"href":"https:\/\/elfsight.com\/fr\/wp-json\/wp\/v2\/pages\/4798","targetHints":{"allow":["GET"]}}],"collection":[{"href":"https:\/\/elfsight.com\/fr\/wp-json\/wp\/v2\/pages"}],"about":[{"href":"https:\/\/elfsight.com\/fr\/wp-json\/wp\/v2\/types\/page"}],"author":[{"embeddable":true,"href":"https:\/\/elfsight.com\/fr\/wp-json\/wp\/v2\/users\/18"}],"replies":[{"embeddable":true,"href":"https:\/\/elfsight.com\/fr\/wp-json\/wp\/v2\/comments?post=4798"}],"version-history":[{"count":2,"href":"https:\/\/elfsight.com\/fr\/wp-json\/wp\/v2\/pages\/4798\/revisions"}],"predecessor-version":[{"id":14744,"href":"https:\/\/elfsight.com\/fr\/wp-json\/wp\/v2\/pages\/4798\/revisions\/14744"}],"up":[{"embeddable":true,"href":"https:\/\/elfsight.com\/fr\/wp-json\/wp\/v2\/pages\/1299"}],"wp:attachment":[{"href":"https:\/\/elfsight.com\/fr\/wp-json\/wp\/v2\/media?parent=4798"}],"curies":[{"name":"wp","href":"https:\/\/api.w.org\/{rel}","templated":true}]}}