{"id":4740,"date":"2021-12-03T10:01:39","date_gmt":"2021-12-03T10:01:39","guid":{"rendered":"https:\/\/elfsight.com\/fr\/?page_id=4740"},"modified":"2025-11-18T14:14:41","modified_gmt":"2025-11-18T14:14:41","slug":"wix","status":"publish","type":"page","link":"https:\/\/elfsight.com\/fr\/countdown-timer-widget\/wix\/","title":{"rendered":"Countdown Timer &#8211; Wix"},"content":{"rendered":"\n<div class=\"application-platform-content-item-description application-platform-content-item\" id=\"description\" data-nav-section=\"description\">\n<h2>Description<\/h2>\n<p>Utilisez le compte \u00e0 rebours Elfsight pour cr\u00e9er diff\u00e9rents d\u00e9comptes et minuteries, qui inciteront les clients \u00e0 acheter. Le d\u00e9compte des stocks ou des ventes cr\u00e9era un sentiment de disponibilit\u00e9 limit\u00e9e et de concurrence parmi les visiteurs de votre site Web\u00a0; le compte \u00e0 rebours des soldes poussera les acheteurs \u00e0 acheter plus rapidement pour ne pas manquer une offre rentable. Un compte \u00e0 rebours individuel incitera chaque client \u00e0 utiliser plus rapidement une offre personnelle ; les banni\u00e8res de vente avec des th\u00e8mes sp\u00e9ciaux pour les f\u00eates attireront un maximum d&rsquo;attention.<\/p>\n<p><b>Cr\u00e9ez un buzz d&rsquo;achat et incitez les clients \u00e0 acheter plus activement.<\/b><\/p>\n<p><b>Poussez les clients \u00e0 faire leurs achats en cr\u00e9ant un sentiment d&rsquo;urgence.<\/b><br>Configurez des comptes \u00e0 rebours qui indiqueront le temps restant jusqu&rsquo;\u00e0 la fin de vos ventes et offres sp\u00e9ciales. Ils cr\u00e9eront un sentiment d&rsquo;urgence et inciteront les clients \u00e0 prendre une d\u00e9cision d&rsquo;achat plus rapidement.<\/p>\n<p><b>Montrez que le stock de vos articles diminue rapidement et incitez les utilisateurs \u00e0 acheter.<\/b><br>Cr\u00e9ez un inventaire qui d\u00e9montrera la disponibilit\u00e9 limit\u00e9e de vos produits et les rendra attrayants pour les visiteurs. Ils accorderont une plus grande valeur aux articles et souhaiteront les acheter \u00e9galement.<\/p>\n<p><b>Attirez davantage l&rsquo;attention sur une p\u00e9riode de soldes gr\u00e2ce \u00e0 une barre de compte \u00e0 rebours accrocheuse de style vacances.<\/b><br>Via des bars \u00e0 th\u00e8me attrayants, vous pouvez pr\u00e9senter vos offres et soldes saisonni\u00e8res. Profitez au maximum des vacances pour augmenter les ventes sur votre site.<\/p>\n<\/div>\n\n<div class=\"faq\" data-component=\"FAQ\">\n<div class=\"faq-item\">\r\n\t\t\t\t\t<div class=\"faq-item-question\">\r\n\t\t\t\t\t\t<h3 class=\"faq-item-question-text\">Comment ajouter le compte \u00e0 rebours \u00e0 un site Web Wix ?<\/h3>\r\n\r\n\t\t\t\t\t\t<div class=\"faq-item-question-icon\"><\/div>\r\n\t\t\t\t\t<\/div>\r\n\r\n\t\t\t\t\t<div class=\"faq-item-answer\">\r\n\t\t\t\t\t\t<div class=\"faq-item-answer-text\">\n<p>L&rsquo;installation ne prend que 90 secondes. De plus, vous n\u2019avez pas besoin de comp\u00e9tences en codage.<\/p>\n<ol>\n    <li>R\u00e9glez le widget du compte \u00e0 rebours Wix dans le configurateur en direct gratuit.<\/li>\n    <li>Cliquez sur le code pour le copier.<\/li>\n    <li>Incorporez le code \u00e0 l&rsquo;endroit n\u00e9cessaire dans le mod\u00e8le Wix.<\/li>\n    <li>Compris\u00a0! La configuration du widget compte \u00e0 rebours sur Wix est perfectionn\u00e9e !<\/li>\n<\/ol>\n<p>Vous rencontrez des probl\u00e8mes pour installer le plugin sur Wix ou pour le formater\u00a0? Vous pouvez consulter le guide complet <a href=\"https:\/\/elfsight.com\/tutorials\/how-to-add-countdown-timer-to-any-website\/#wix-countdown-timer\">sur cette page<\/a>.<\/p>\n<\/div>\r\n\t\t\t\t\t<\/div>\r\n\t\t\t\t<\/div>\n\n<div class=\"faq-item\">\r\n\t\t\t\t\t<div class=\"faq-item-question\">\r\n\t\t\t\t\t\t<h3 class=\"faq-item-question-text\">Puis-je voir \u00e0 quoi ressemblera le widget sur mon site ?<\/h3>\r\n\r\n\t\t\t\t\t\t<div class=\"faq-item-question-icon\"><\/div>\r\n\t\t\t\t\t<\/div>\r\n\r\n\t\t\t\t\t<div class=\"faq-item-answer\">\r\n\t\t\t\t\t\t<div class=\"faq-item-answer-text\">\n<p>Absolument\u00a0! Lors du processus de cr\u00e9ation du widget de compte \u00e0 rebours Wix dans le <a href=\"https:\/\/elfsight.com\/countdown-timer-widget\/#demo\">constructeur en ligne gratuit<\/a>, vous pourrez observer toutes les configurations dans la partie droite. Le compte \u00e0 rebours sera identique \u00e0 celui que vous ajouterez \u00e0 votre site Web Wix.<\/p>\n<\/div>\r\n\t\t\t\t\t<\/div>\r\n\t\t\t\t<\/div>\n\n<div class=\"faq-item\">\r\n\t\t\t\t\t<div class=\"faq-item-question\">\r\n\t\t\t\t\t\t<h3 class=\"faq-item-question-text\">Quels autres widgets sont indispensables pour Wix ?<\/h3>\r\n\r\n\t\t\t\t\t\t<div class=\"faq-item-question-icon\"><\/div>\r\n\t\t\t\t\t<\/div>\r\n\r\n\t\t\t\t\t<div class=\"faq-item-answer\">\r\n\t\t\t\t\t\t<div class=\"faq-item-answer-text\">\n<p>Wix est un cr\u00e9ateur de site Web avec des fonctionnalit\u00e9s exquises. Cependant, si vous avez besoin de plus d&rsquo;instruments, vous pouvez toujours essayer d&rsquo;autres produits Elfsight.<\/p>\n<p>Par exemple, <a href=\"https:\/\/elfsight.com\/pdf-embed-widget\/wix\/\">PDF Int\u00e9grer<\/a>, <a href=\"https:\/\/elfsight.com\/instagram-feed-instashow\/wix\/\">Flux Instagram<\/a> et <a href=\"https:\/\/elfsight.com\/google-reviews-widget\/wix\/\">Avis Google<\/a>. Ils am\u00e9lioreront les performances de votre entreprise en ligne et renforceront la confiance dans votre marque. Il existe \u00e9galement des widgets tels que le bouton <a href=\"https:\/\/elfsight.com\/whatsapp-chat-widget\/wix\/\">WhatsApp Chat<\/a> et <a href=\"https:\/\/elfsight.com\/popup-widget\/wix\/\">Widget contextuel<\/a>. Ils faciliteront la communication avec vos clients et augmenteront l&rsquo;interaction avec le contenu du site.<\/p>\n<\/div>\r\n\t\t\t\t\t<\/div>\r\n\t\t\t\t<\/div>\n<\/div>\n\n<div class=\"application-platform-content-item-features application-platform-content-item\" id=\"features\" data-nav-section=\"features\">\n<h2>Fonctionnalit\u00e9s<\/h2>\n<p>Voici quelques-unes des fonctionnalit\u00e9s de notre widget, qui le transforment en un instrument Wix indispensable pour votre site web\u00a0:<\/p>\n<ul>\n    <li>Trois types de minuterie\u00a0: du d\u00e9but \u00e0 la fin, du temps restant par visiteur, et du d\u00e9compte au nombre fix\u00e9 ;<\/li>\n    <li>Texte du message modifiable avec formatage\u00a0;<\/li>\n    <li>\u00c9tiquettes d&rsquo;unit\u00e9 de temps modifiables\u00a0;<\/li>\n    <li>Quatre variantes de position\u00a0: haut statique, haut ou bas flottant et position personnalis\u00e9e\u00a0;<\/li>\n    <li>Tailles personnalisables de la minuterie et du bouton.<\/li>\n<\/ul>\n<p><a href=\"#\">Essayez toute la liste des caract\u00e9ristiques dans la d\u00e9mo<\/a><\/p>\n<\/div>\n\n<div class=\"application-platform-content-item-installation application-platform-content-item\" id=\"installation\" data-nav-section=\"installation\">\n<h2>Comment ajouter un compte \u00e0 rebours \u00e0 un site Web Wix<\/h2>\n<div class=\"video-container\">\n<iframe width=\"720\" height=\"405\" src=\"https:\/\/www.youtube.com\/embed\/fqt7GQteAr8?si=qQ1U-yGAJjzbJHqm\" frameborder=\"0\" allowfullscreen=\"\"><\/iframe>\n<\/div>\n<p>La dur\u00e9e compl\u00e8te du processus est seulement 2 minutes, et en plus, cela ne n\u00e9cessite aucune comp\u00e9tence en d\u00e9veloppement Web.<\/p>\n<ol>\n    <li><b>Choisissez le widget sur Wix Marketplace<\/b>.<br> Choisissez la page avec le Compte \u00e0 rebours et cliquez sur le bouton \u00ab Ajouter au site \u00bb.<\/li>\n    <li><b>Placez le widget sur le site<\/b>.<br> Dans la fen\u00eatre qui appara\u00eet, allez dans \u00ab Ouvrir l&rsquo;\u00e9diteur \u00bb et ins\u00e9rez le widget sur n&rsquo;importe quelle page.<\/li>\n    <li><b>Personnalisez votre compte \u00e0 rebours<\/b>.<br> D\u00e9finissez les param\u00e8tres souhait\u00e9s de l&rsquo;interface et du contenu. Appliquez toutes les modifications.<\/li>\n    <li><b>La configuration est termin\u00e9e<\/b>.<br> Visitez le site Wix pour afficher votre compte \u00e0 rebours\u00a0!<\/li>\n<\/ol>\n<p>Si vous rencontrez des questions lors de l&rsquo;installation ou de la mise en forme du plugin, consultez <a href=\"https:\/\/elfsight.com\/tutorials\/how-to-add-countdown-timer-to-wix-website\/\" target=\"_blank\" rel=\"noopener noreferrer\">les instructions compl\u00e8tes<\/a> sur la configuration du plugin pour Wix ou contactez notre centre d&rsquo;assistance.<\/p>\n<\/div>\n","protected":false},"excerpt":{"rendered":"","protected":false},"author":18,"featured_media":0,"parent":892,"menu_order":0,"comment_status":"closed","ping_status":"closed","template":"templates\/template-application-platform.php","meta":{"publish_to_discourse":"","publish_post_category":"","wpdc_auto_publish_overridden":"","wpdc_topic_tags":"","wpdc_pin_topic":"","wpdc_pin_until":"","discourse_post_id":"","discourse_permalink":"","wpdc_publishing_response":"","wpdc_publishing_error":"","footnotes":""},"class_list":["post-4740","page","type-page","status-publish","hentry"],"yoast_head":"<!-- This site is optimized with the Yoast SEO plugin v25.3.1 - https:\/\/yoast.com\/wordpress\/plugins\/seo\/ -->\n<title>Compte \u00e0 rebours - ajoutez app Plugin Minuteur sur Wix<\/title>\n<meta name=\"description\" content=\"Int\u00e9grez un Compte \u00e0 rebours attractif sur votre site. Utilisez la d\u00e9mo d&#039;Elfsight et g\u00e9n\u00e9rez votre plugin en quelques minutes.\" \/>\n<meta name=\"robots\" content=\"index, follow, max-snippet:-1, max-image-preview:large, max-video-preview:-1\" \/>\n<link rel=\"canonical\" href=\"https:\/\/elfsight.com\/fr\/countdown-timer-widget\/wix\/\" \/>\n<meta property=\"og:locale\" content=\"fr_FR\" \/>\n<meta property=\"og:type\" content=\"article\" \/>\n<meta property=\"og:title\" content=\"Compte \u00e0 rebours - ajoutez app Plugin Minuteur sur Wix\" \/>\n<meta property=\"og:description\" content=\"Int\u00e9grez un Compte \u00e0 rebours attractif sur votre site. Utilisez la d\u00e9mo d&#039;Elfsight et g\u00e9n\u00e9rez votre plugin en quelques minutes.\" \/>\n<meta property=\"og:url\" content=\"https:\/\/elfsight.com\/fr\/countdown-timer-widget\/wix\/\" \/>\n<meta property=\"og:site_name\" content=\"Elfsight FR\" \/>\n<meta property=\"article:modified_time\" content=\"2025-11-18T14:14:41+00:00\" \/>\n<meta name=\"twitter:card\" content=\"summary_large_image\" \/>\n<meta name=\"twitter:label1\" content=\"Dur\u00e9e de lecture estim\u00e9e\" \/>\n\t<meta name=\"twitter:data1\" content=\"4 minutes\" \/>\n<!-- \/ Yoast SEO plugin. -->","yoast_head_json":{"title":"Compte \u00e0 rebours - ajoutez app Plugin Minuteur sur Wix","description":"Int\u00e9grez un Compte \u00e0 rebours attractif sur votre site. Utilisez la d\u00e9mo d'Elfsight et g\u00e9n\u00e9rez votre plugin en quelques minutes.","robots":{"index":"index","follow":"follow","max-snippet":"max-snippet:-1","max-image-preview":"max-image-preview:large","max-video-preview":"max-video-preview:-1"},"canonical":"https:\/\/elfsight.com\/fr\/countdown-timer-widget\/wix\/","og_locale":"fr_FR","og_type":"article","og_title":"Compte \u00e0 rebours - ajoutez app Plugin Minuteur sur Wix","og_description":"Int\u00e9grez un Compte \u00e0 rebours attractif sur votre site. Utilisez la d\u00e9mo d'Elfsight et g\u00e9n\u00e9rez votre plugin en quelques minutes.","og_url":"https:\/\/elfsight.com\/fr\/countdown-timer-widget\/wix\/","og_site_name":"Elfsight FR","article_modified_time":"2025-11-18T14:14:41+00:00","twitter_card":"summary_large_image","twitter_misc":{"Dur\u00e9e de lecture estim\u00e9e":"4 minutes"},"schema":{"@context":"https:\/\/schema.org","@graph":[{"@type":"WebPage","@id":"https:\/\/elfsight.com\/fr\/countdown-timer-widget\/wix\/","url":"https:\/\/elfsight.com\/fr\/countdown-timer-widget\/wix\/","name":"Compte \u00e0 rebours - ajoutez app Plugin Minuteur sur Wix","isPartOf":{"@id":"https:\/\/elfsight.com\/fr\/#website"},"datePublished":"2021-12-03T10:01:39+00:00","dateModified":"2025-11-18T14:14:41+00:00","description":"Int\u00e9grez un Compte \u00e0 rebours attractif sur votre site. Utilisez la d\u00e9mo d'Elfsight et g\u00e9n\u00e9rez votre plugin en quelques minutes.","breadcrumb":{"@id":"https:\/\/elfsight.com\/fr\/countdown-timer-widget\/wix\/#breadcrumb"},"inLanguage":"fr-FR","potentialAction":[{"@type":"ReadAction","target":["https:\/\/elfsight.com\/fr\/countdown-timer-widget\/wix\/"]}]},{"@type":"BreadcrumbList","@id":"https:\/\/elfsight.com\/fr\/countdown-timer-widget\/wix\/#breadcrumb","itemListElement":[{"@type":"ListItem","position":1,"name":"Home","item":"https:\/\/elfsight.com\/fr\/"},{"@type":"ListItem","position":2,"name":"Countdown Timer","item":"https:\/\/elfsight.com\/fr\/countdown-timer-widget\/"},{"@type":"ListItem","position":3,"name":"Countdown Timer &#8211; Wix"}]},{"@type":"WebSite","@id":"https:\/\/elfsight.com\/fr\/#website","url":"https:\/\/elfsight.com\/fr\/","name":"Elfsight FR","description":"","potentialAction":[{"@type":"SearchAction","target":{"@type":"EntryPoint","urlTemplate":"https:\/\/elfsight.com\/fr\/?s={search_term_string}"},"query-input":{"@type":"PropertyValueSpecification","valueRequired":true,"valueName":"search_term_string"}}],"inLanguage":"fr-FR"}]}},"meta_box":{"industry":"","seo_heading":"","heading":"","description":"","cta_heading":"","cta_description":"","application":"891","h1":"App Compte \u00e0 rebours pour Wix","h1_caption":"Configurez un compte \u00e0 rebours pour les \u00e9v\u00e9nements ou promotions importants, cr\u00e9ant ainsi un sentiment d'urgence pour vos visiteurs sur votre site Web Wix sans effort.","application_category":[],"applications_title":"","applications_request_title":"","applications_request_button_text":"","hero_text":"","hero_video":"","hero_video_schema_markup":"","selling_points_title":"","selling_points_caption":"","selling_points":[],"selling_points_cta_text":"","features_title":"","features":"","ed_cta_examples_text":"","ed_cta_examples_hidden":"","ed_cta_demo_text":"","ed_cta_demo_hidden":"","why_caption":"","why_editor_title":"","why_editor_text":"","why_team_title":"","why_team_text":"","why_service_title":"","why_service_text":"","template_catalog_visible":"0","template_catalog_title":"","template_catalog_text":"","template_catalog_categories_visible":"","demo_title":"Cr\u00e9ez votre application Compte \u00e0 rebours","demo_caption":"Configurez votre compte \u00e0 rebours et ajoutez-le \u00e0 votre site Wix gratuitement !","default_faq_hidden":"","app_template_category":[],"platform":"345","template_public_id":"","codecanyon_url":"","codecanyon_item_id":"","codecanyon_price":"","pricing_caption":"","pricing_elfsight_apps_hide_column":"","pricing_elfsight_apps_url":"","pricing_codecanyon_price_caption":"","integration_category":[],"integration_request_title":"","integration_request_cta":"","integration_platform":"","integrations":[],"platform_category":[],"video_schema_markup":"","price":"\u00c0 partir de $0\/mois","trial":"","benefits":[{"text":"Installation gratuite"},{"text":"Support Premium"},{"text":"Garantie de remboursement de 14 jours"},{"text":"L'am\u00e9lioration continue"}],"button_url":"#demo","button_target_blank":"0","button_nofollow":"0","attributes":[{"name":"Nombre d'installations","content":"1,000 - 5,000","_state":"expanded"},{"name":"Adaptif","content":"Oui","_state":"expanded"},{"name":"Navigateurs compatibles","content":"Firefox, Safari, Opera, Chrome, Edge","_state":"expanded"}],"tags":[],"tags_disable_links":"0","hide_more_platforms":"","video_object":"","demo_hide_cta":"0","demo_hide_cloud_options":"0","pricing_title":"","pricing":[{"pricing_icon":"platform","pricing_title":"Applications d'Elfsight","pricing_title_caption":"Solution num\u00e9rique multiplateforme qui fonctionne sur n'importe quel site","pricing_price":"\u00c0 partir de $0\/mois","pricing_price_caption":"Commencez avec un plan gratuit","pricing_benefits":[{"text":"Sites Web illimit\u00e9s"},{"text":"\u00c9quipe d'assistance professionnelle"},{"text":"Service d'installation gratuit"},{"text":"100% personnalisable"}],"pricing_button_text":"Ajouter au site Web","pricing_button_url":"https:\/\/apps.elfsight.com\/sign-up\/","pricing_button_nofollow":"1","_state":"expanded"}],"related_apps_title":"","related_apps_hidden":"1","author":"","image":[],"title":"","job":"","social_networks":[]},"_links":{"self":[{"href":"https:\/\/elfsight.com\/fr\/wp-json\/wp\/v2\/pages\/4740","targetHints":{"allow":["GET"]}}],"collection":[{"href":"https:\/\/elfsight.com\/fr\/wp-json\/wp\/v2\/pages"}],"about":[{"href":"https:\/\/elfsight.com\/fr\/wp-json\/wp\/v2\/types\/page"}],"author":[{"embeddable":true,"href":"https:\/\/elfsight.com\/fr\/wp-json\/wp\/v2\/users\/18"}],"replies":[{"embeddable":true,"href":"https:\/\/elfsight.com\/fr\/wp-json\/wp\/v2\/comments?post=4740"}],"version-history":[{"count":2,"href":"https:\/\/elfsight.com\/fr\/wp-json\/wp\/v2\/pages\/4740\/revisions"}],"predecessor-version":[{"id":14209,"href":"https:\/\/elfsight.com\/fr\/wp-json\/wp\/v2\/pages\/4740\/revisions\/14209"}],"up":[{"embeddable":true,"href":"https:\/\/elfsight.com\/fr\/wp-json\/wp\/v2\/pages\/892"}],"wp:attachment":[{"href":"https:\/\/elfsight.com\/fr\/wp-json\/wp\/v2\/media?parent=4740"}],"curies":[{"name":"wp","href":"https:\/\/api.w.org\/{rel}","templated":true}]}}