{"id":4738,"date":"2021-12-03T10:01:42","date_gmt":"2021-12-03T10:01:42","guid":{"rendered":"https:\/\/elfsight.com\/fr\/?page_id=4738"},"modified":"2025-07-09T17:15:39","modified_gmt":"2025-07-09T17:15:39","slug":"weebly","status":"publish","type":"page","link":"https:\/\/elfsight.com\/fr\/countdown-timer-widget\/weebly\/","title":{"rendered":"Countdown Timer &#8211; Weebly"},"content":{"rendered":"<div class=\"application-platform-content-item-description application-platform-content-item\" id=\"description\" data-nav-section=\"description\"><h2>Description<\/h2><p>Utilisez le compte \u00e0 rebours Elfsight pour cr\u00e9er divers types de d\u00e9comptes et de minuteries qui pousseront les utilisateurs \u00e0 acheter plus rapidement et plus activement. Le d\u00e9compte des stocks ou des ventes donnera un sentiment de disponibilit\u00e9 et de concurrence limit\u00e9es\u00a0; le compte \u00e0 rebours des ventes incitera les clients \u00e0 acheter d\u00e8s maintenant pour ne pas manquer une offre rentable. Un compte \u00e0 rebours individuel incitera chaque client \u00e0 utiliser plus rapidement une offre personnelle ; Les bars de No\u00ebl avec un joli style th\u00e9matique attireront l&rsquo;attention sur vos ventes.<\/p><p><b>Augmentez les ventes de votre site Web \u00e0 l&rsquo;aide de minuteries et de comptes d&rsquo;urgence. <\/b><\/p><p><b>Encouragez les clients \u00e0 acheter en cr\u00e9ant un sentiment d&rsquo;urgence. <\/b><br> Pr\u00e9sentez des comptes \u00e0 rebours qui indiqueront le temps restant jusqu&rsquo;\u00e0 la fin de vos ventes et de vos offres sp\u00e9ciales. Ils cr\u00e9eront un sentiment d&rsquo;urgence et encourageront les clients \u00e0 prendre une d\u00e9cision positive plus rapidement.<\/p><p><b>D\u00e9montrer que le stock d&rsquo;articles disponibles diminue afin d&rsquo;augmenter leur valeur per\u00e7ue.<\/b><br> Cr\u00e9ez un sentiment de concurrence pour vos offres en montrant que le nombre de ventes augmente et que le stock diminue. Une disponibilit\u00e9 limit\u00e9e rendra vos articles plus pr\u00e9cieux et les visiteurs voudront les acheter.<\/p><p><b>Attirez davantage l&rsquo;attention sur vos ventes avec une barre de compte \u00e0 rebours lumineuse de style vacances.<\/b><br> Avec Dans des bars \u00e0 th\u00e8me accrocheurs, vous pouvez d\u00e9montrer vos ventes saisonni\u00e8res de mani\u00e8re vivante. Utilisez le temps du festival pour augmenter les ventes sur votre site Web.<\/p><\/div><div class=\"application-platform-content-item-features application-platform-content-item\" id=\"features\" data-nav-section=\"features\"><h2>Fonctionnalit\u00e9s<\/h2><p>Voici les avantages qui font de notre widget le choix id\u00e9al pour le site Web Weebly\u00a0:<\/p><ul><li>Deux actions apr\u00e8s la fin du minuteur\u00a0: masquer le minuteur ou afficher le message\u00a0;<\/li><li>Option pour d\u00e9finir le lien du bouton pour la redirection\u00a0;<\/li><li>Heure modifiable \u00e9tiquettes d&rsquo;unit\u00e9\u00a0;<\/li><li>5 styles de minuterie inclus\u00a0;<\/li><li>Design \u00e9pur\u00e9 assurant une int\u00e9gration transparente dans n&rsquo;importe quel concept de site Web.<\/li><\/ul><a href=\"#demo\">Voir tout cela<\/a><\/div><div class=\"application-platform-content-item-installation application-platform-content-item\" id=\"installation\" data-nav-section=\"installation\"><h2>Comment ajouter un compte \u00e0 rebours au site Web Weebly<\/h2><div class=\"video-container\"><iframe width=\"720\" height=\"405\" src=\"https:\/\/www.youtube.com\/embed\/HvRJIqLwdUA\" frameborder=\"0\" allowfullscreen=\"\"><\/iframe><\/div><p>Un tutoriel rapide sur la configuration du boutons sans exp\u00e9rience en d\u00e9veloppement ni recherche de programmeur. Le temps d&rsquo;installation n&rsquo;est que d&rsquo;environ 2 minutes.<\/p><ol><li><b>Utilisez notre configurateur gratuit et commencez \u00e0 cr\u00e9er votre application personnalis\u00e9e. <\/b><br> D\u00e9terminez la disposition personnalis\u00e9e et les caract\u00e9ristiques de l&rsquo;application et enregistrez toutes les corrections. <\/li> <li><b>Copiez votre code unique apparaissant dans la case sur Elfsight Apps. <\/b><br> Une fois la cr\u00e9ation de votre application personnelle termin\u00e9e, copiez votre code \u00e0 partir de la fen\u00eatre contextuelle apparue et enregistrez-le pour une utilisation ult\u00e9rieure. <\/li> <li><b>Commencez \u00e0 utiliser l&rsquo;application sur le site Weebly. <\/b><br> Collez le code copi\u00e9 auparavant dans votre page et enregistrez les am\u00e9liorations. <\/li> <li><b>L&rsquo;installation est termin\u00e9e avec succ\u00e8s. <\/b><br> Visitez votre site pour examiner le travail de l&rsquo;application. <\/li><\/ol><p>Vous n&rsquo;avez pas r\u00e9ussi \u00e0 ajouter le plugin sur un site ? Envoyez votre question \u00e0 notre \u00e9quipe d&rsquo;aide ou essayez d&rsquo;utiliser un <a href=\"https:\/\/elfsight.com\/tutorials\/how-to-add-countdown-timer-to-weebly-website\/\" target=\"_blank\" rel=\"noopener noreferrer\">instructions d\u00e9taill\u00e9es<\/a> et essayez-le vous-m\u00eame une fois de plus.<\/p><div class=\"faq\" data-component=\"FAQ\"> <div class=\"faq-item\">\r\n\t\t\t\t\t<div class=\"faq-item-question\">\r\n\t\t\t\t\t\t<h3 class=\"faq-item-question-text\">Comment ajouter un compte \u00e0 rebours \u00e0 mon site Web Weebly sans comp\u00e9tences en codage ?<\/h3>\r\n\r\n\t\t\t\t\t\t<div class=\"faq-item-question-icon\"><\/div>\r\n\t\t\t\t\t<\/div>\r\n\r\n\t\t\t\t\t<div class=\"faq-item-answer\">\r\n\t\t\t\t\t\t<div class=\"faq-item-answer-text\"> <p> Elfsight fournit une solution SaaS qui vous permet de cr\u00e9er vous-m\u00eame un widget Compte \u00e0 rebours. Voyez \u00e0 quel point le processus est simple\u00a0: travaillez directement dans l&rsquo;\u00e9diteur en ligne pour cr\u00e9er un widget Compte \u00e0 rebours que vous aimeriez voir sur votre site Web Weebly. Choisissez l&rsquo;un des mod\u00e8les pr\u00e9d\u00e9finis et ajustez les param\u00e8tres du compte \u00e0 rebours, ajoutez votre contenu, modifiez la mise en page et les couleurs sans comp\u00e9tences en codage. Enregistrez le compte \u00e0 rebours et copiez son code d&rsquo;installation, afin de pouvoir l&rsquo;ajouter facilement \u00e0 votre site Web Weebly sans acheter d&rsquo;abonnement payant. Gr\u00e2ce \u00e0 notre \u00e9diteur intuitif, tout internaute peut cr\u00e9er un widget Compte \u00e0 rebours en ligne et l&rsquo;int\u00e9grer facilement \u00e0 son site Web Weebly. Il n&rsquo;est pas n\u00e9cessaire de payer ou de saisir les informations d&rsquo;identification de votre carte pour acc\u00e9der au service. Si vous rencontrez des probl\u00e8mes \u00e0 n&rsquo;importe quelle \u00e9tape, n&rsquo;h\u00e9sitez pas \u00e0 contacter notre \u00e9quipe d&rsquo;assistance technique.<\/p> <\/div>\r\n\t\t\t\t\t<\/div>\r\n\t\t\t\t<\/div> <\/div> <\/div>","protected":false},"excerpt":{"rendered":"","protected":false},"author":18,"featured_media":0,"parent":892,"menu_order":0,"comment_status":"closed","ping_status":"closed","template":"templates\/template-application-platform.php","meta":{"publish_to_discourse":"","publish_post_category":"","wpdc_auto_publish_overridden":"","wpdc_topic_tags":"","wpdc_pin_topic":"","wpdc_pin_until":"","discourse_post_id":"","discourse_permalink":"","wpdc_publishing_response":"","wpdc_publishing_error":"","footnotes":""},"class_list":["post-4738","page","type-page","status-publish","hentry"],"yoast_head":"<!-- This site is optimized with the Yoast SEO plugin v25.3.1 - https:\/\/yoast.com\/wordpress\/plugins\/seo\/ -->\n<title>Compte \u00e0 rebours - ajoutez app Plugin Minuteur sur Weebly<\/title>\n<meta name=\"description\" content=\"Int\u00e9grez un Compte \u00e0 rebours attractif sur votre site. Utilisez la d\u00e9mo d&#039;Elfsight et g\u00e9n\u00e9rez votre widget en deux minutes.\" \/>\n<meta name=\"robots\" content=\"index, follow, max-snippet:-1, max-image-preview:large, max-video-preview:-1\" \/>\n<link rel=\"canonical\" href=\"https:\/\/elfsight.com\/fr\/countdown-timer-widget\/weebly\/\" \/>\n<meta property=\"og:locale\" content=\"fr_FR\" \/>\n<meta property=\"og:type\" content=\"article\" \/>\n<meta property=\"og:title\" content=\"Compte \u00e0 rebours - ajoutez app Plugin Minuteur sur Weebly\" \/>\n<meta property=\"og:description\" content=\"Int\u00e9grez un Compte \u00e0 rebours attractif sur votre site. Utilisez la d\u00e9mo d&#039;Elfsight et g\u00e9n\u00e9rez votre widget en deux minutes.\" \/>\n<meta property=\"og:url\" content=\"https:\/\/elfsight.com\/fr\/countdown-timer-widget\/weebly\/\" \/>\n<meta property=\"og:site_name\" content=\"Elfsight FR\" \/>\n<meta property=\"article:modified_time\" content=\"2025-07-09T17:15:39+00:00\" \/>\n<meta name=\"twitter:card\" content=\"summary_large_image\" \/>\n<meta name=\"twitter:label1\" content=\"Dur\u00e9e de lecture estim\u00e9e\" \/>\n\t<meta name=\"twitter:data1\" content=\"1 minute\" \/>\n<!-- \/ Yoast SEO plugin. -->","yoast_head_json":{"title":"Compte \u00e0 rebours - ajoutez app Plugin Minuteur sur Weebly","description":"Int\u00e9grez un Compte \u00e0 rebours attractif sur votre site. Utilisez la d\u00e9mo d'Elfsight et g\u00e9n\u00e9rez votre widget en deux minutes.","robots":{"index":"index","follow":"follow","max-snippet":"max-snippet:-1","max-image-preview":"max-image-preview:large","max-video-preview":"max-video-preview:-1"},"canonical":"https:\/\/elfsight.com\/fr\/countdown-timer-widget\/weebly\/","og_locale":"fr_FR","og_type":"article","og_title":"Compte \u00e0 rebours - ajoutez app Plugin Minuteur sur Weebly","og_description":"Int\u00e9grez un Compte \u00e0 rebours attractif sur votre site. Utilisez la d\u00e9mo d'Elfsight et g\u00e9n\u00e9rez votre widget en deux minutes.","og_url":"https:\/\/elfsight.com\/fr\/countdown-timer-widget\/weebly\/","og_site_name":"Elfsight FR","article_modified_time":"2025-07-09T17:15:39+00:00","twitter_card":"summary_large_image","twitter_misc":{"Dur\u00e9e de lecture estim\u00e9e":"1 minute"},"schema":{"@context":"https:\/\/schema.org","@graph":[{"@type":"WebPage","@id":"https:\/\/elfsight.com\/fr\/countdown-timer-widget\/weebly\/","url":"https:\/\/elfsight.com\/fr\/countdown-timer-widget\/weebly\/","name":"Compte \u00e0 rebours - ajoutez app Plugin Minuteur sur Weebly","isPartOf":{"@id":"https:\/\/elfsight.com\/fr\/#website"},"datePublished":"2021-12-03T10:01:42+00:00","dateModified":"2025-07-09T17:15:39+00:00","description":"Int\u00e9grez un Compte \u00e0 rebours attractif sur votre site. Utilisez la d\u00e9mo d'Elfsight et g\u00e9n\u00e9rez votre widget en deux minutes.","breadcrumb":{"@id":"https:\/\/elfsight.com\/fr\/countdown-timer-widget\/weebly\/#breadcrumb"},"inLanguage":"fr-FR","potentialAction":[{"@type":"ReadAction","target":["https:\/\/elfsight.com\/fr\/countdown-timer-widget\/weebly\/"]}]},{"@type":"BreadcrumbList","@id":"https:\/\/elfsight.com\/fr\/countdown-timer-widget\/weebly\/#breadcrumb","itemListElement":[{"@type":"ListItem","position":1,"name":"Home","item":"https:\/\/elfsight.com\/fr\/"},{"@type":"ListItem","position":2,"name":"Countdown Timer","item":"https:\/\/elfsight.com\/fr\/countdown-timer-widget\/"},{"@type":"ListItem","position":3,"name":"Countdown Timer &#8211; Weebly"}]},{"@type":"WebSite","@id":"https:\/\/elfsight.com\/fr\/#website","url":"https:\/\/elfsight.com\/fr\/","name":"Elfsight FR","description":"","potentialAction":[{"@type":"SearchAction","target":{"@type":"EntryPoint","urlTemplate":"https:\/\/elfsight.com\/fr\/?s={search_term_string}"},"query-input":{"@type":"PropertyValueSpecification","valueRequired":true,"valueName":"search_term_string"}}],"inLanguage":"fr-FR"}]}},"meta_box":{"industry":"","seo_heading":"","heading":"","description":"","cta_heading":"","cta_description":"","application":"891","h1":"App Compte \u00e0 rebours pour Weebly","h1_caption":"Configurez un compte \u00e0 rebours pour des \u00e9v\u00e9nements ou des promotions importants, cr\u00e9ant ainsi un sentiment d'urgence pour vos visiteurs sur votre site Web Weebly sans effort.","application_category":[],"applications_title":"","applications_request_title":"","applications_request_button_text":"","hero_text":"","hero_video":"","hero_video_schema_markup":"","selling_points_title":"","selling_points_caption":"","selling_points":[],"selling_points_cta_text":"","features_title":"","features":"","ed_cta_examples_text":"","ed_cta_examples_hidden":"","ed_cta_demo_text":"","ed_cta_demo_hidden":"","why_caption":"","why_editor_title":"","why_editor_text":"","why_team_title":"","why_team_text":"","why_service_title":"","why_service_text":"","template_catalog_visible":"","template_catalog_title":"","template_catalog_text":"","template_catalog_categories_visible":"","demo_title":"Cr\u00e9ez votre application Compte \u00e0 rebours","demo_caption":"Configurez votre compte \u00e0 rebours et ajoutez-le gratuitement \u00e0 votre site Web Weebly\u00a0!","default_faq_hidden":"","app_template_category":[],"platform":"363","template_public_id":"","codecanyon_url":"","codecanyon_item_id":"","codecanyon_price":"","pricing_caption":"","pricing_elfsight_apps_hide_column":"","pricing_elfsight_apps_url":"","pricing_codecanyon_price_caption":"","integration_category":[],"integration_request_title":"","integration_request_cta":"","integration_platform":"","integrations":[],"platform_category":[],"video_schema_markup":"","price":"\u00c0 partir de $0\/mois","trial":"","benefits":[{"text":"Installation gratuite"},{"text":"Support Premium"},{"text":"Garantie de remboursement de 14 jours"},{"text":"L'am\u00e9lioration continue"}],"button_url":"#demo","button_target_blank":"0","button_nofollow":"0","attributes":[{"name":"Nombre d'installations","content":"1,000 - 5,000","_state":"expanded"},{"name":"Adaptif","content":"Oui","_state":"expanded"},{"name":"Navigateurs compatibles","content":"Firefox, Safari, Opera, Chrome, Edge","_state":"expanded"}],"tags":[],"tags_disable_links":"0","hide_more_platforms":"","video_object":"","demo_hide_cta":"0","demo_hide_cloud_options":"0","pricing_title":"","pricing":[{"pricing_icon":"platform","pricing_title":"Applications d'Elfsight","pricing_title_caption":"Solution num\u00e9rique multiplateforme qui fonctionne sur n'importe quel site","pricing_price":"\u00c0 partir de $0\/mois","pricing_price_caption":"Commencez avec un plan gratuit","pricing_benefits":[{"text":"Sites Web illimit\u00e9s"},{"text":"\u00c9quipe d'assistance professionnelle"},{"text":"Service d'installation gratuit"},{"text":"100% personnalisable"}],"pricing_button_text":"Ajouter au site Web","pricing_button_url":"https:\/\/apps.elfsight.com\/sign-up\/","pricing_button_nofollow":"1","_state":"expanded"}],"related_apps_title":"","related_apps_hidden":"1","author":"","image":[],"title":"","job":"","social_networks":[]},"_links":{"self":[{"href":"https:\/\/elfsight.com\/fr\/wp-json\/wp\/v2\/pages\/4738","targetHints":{"allow":["GET"]}}],"collection":[{"href":"https:\/\/elfsight.com\/fr\/wp-json\/wp\/v2\/pages"}],"about":[{"href":"https:\/\/elfsight.com\/fr\/wp-json\/wp\/v2\/types\/page"}],"author":[{"embeddable":true,"href":"https:\/\/elfsight.com\/fr\/wp-json\/wp\/v2\/users\/18"}],"replies":[{"embeddable":true,"href":"https:\/\/elfsight.com\/fr\/wp-json\/wp\/v2\/comments?post=4738"}],"version-history":[{"count":2,"href":"https:\/\/elfsight.com\/fr\/wp-json\/wp\/v2\/pages\/4738\/revisions"}],"predecessor-version":[{"id":14619,"href":"https:\/\/elfsight.com\/fr\/wp-json\/wp\/v2\/pages\/4738\/revisions\/14619"}],"up":[{"embeddable":true,"href":"https:\/\/elfsight.com\/fr\/wp-json\/wp\/v2\/pages\/892"}],"wp:attachment":[{"href":"https:\/\/elfsight.com\/fr\/wp-json\/wp\/v2\/media?parent=4738"}],"curies":[{"name":"wp","href":"https:\/\/api.w.org\/{rel}","templated":true}]}}