{"id":4734,"date":"2021-12-03T10:01:48","date_gmt":"2021-12-03T10:01:48","guid":{"rendered":"https:\/\/elfsight.com\/fr\/?page_id=4734"},"modified":"2024-11-11T11:00:05","modified_gmt":"2024-11-11T11:00:05","slug":"webflow","status":"publish","type":"page","link":"https:\/\/elfsight.com\/fr\/countdown-timer-widget\/webflow\/","title":{"rendered":"Countdown Timer &#8211; Webflow"},"content":{"rendered":"\n<div class=\"application-platform-content-item-description application-platform-content-item\" id=\"description\" data-nav-section=\"description\">\n<h2>Int\u00e9grez un compte \u00e0 rebours sur Webflow avec le widget Elfsight<\/h2>\n<p>D\u00e9finissez les chiffres de promotion des ventes pour votre site Web avec l&rsquo;horloge de compte \u00e0 rebours Elfsight. R\u00e9chauffez l\u2019atmosph\u00e8re et cr\u00e9ez un sentiment de manque de vos produits, en montrant \u00e0 quelle vitesse ils sont vendus sous les yeux des visiteurs. \u00c0 mesure que le temps s&rsquo;\u00e9coule jusqu&rsquo;\u00e0 la fin d&rsquo;une p\u00e9riode d&rsquo;offre sp\u00e9ciale, vos visiteurs ressentiront l&rsquo;urgence d&rsquo;acheter. Attirez l&rsquo;attention sur vos futurs \u00e9v\u00e9nements ou occasions sp\u00e9ciales et faites en sorte que les clients attendent avec impatience le d\u00e9but, en <a href=\"https:\/\/elfsight.com\/blog\/the-best-countdown-timer-widget-for-webflow-how-to-add-it-to-website\/\" target=\"_blank\" rel=\"noopener\">ajout d&rsquo;une minuterie \u00e0 Webflow<\/a>.<\/p>\n<p><b>Cr\u00e9ez du bruit lors des achats et poussez les utilisateurs \u00e0 acheter plus.<\/b><\/p>\n<p><b>Incitez les acheteurs \u00e0 faire leurs achats en \u00e9voquant un sentiment d&rsquo;urgence.<\/b><br> Int\u00e9grez des comptes \u00e0 rebours qui indiqueront le temps restant jusqu&rsquo;\u00e0 la fin de votre p\u00e9riode de soldes et offres sp\u00e9ciales. Ils cr\u00e9eront un sentiment d&rsquo;urgence et pousseront les gens \u00e0 prendre une d\u00e9cision d&rsquo;achat plus rapidement.<\/p>\n<p><b>D\u00e9montrer que le stock d&rsquo;articles diminue et augmenter la valeur per\u00e7ue des articles.<\/b><br> \u00c9voquer un sentiment de concurrence pour vos articles en d\u00e9montrant que le niveau des ventes augmente et que le stock diminue. La valeur du produit augmentera et les clients voudront \u00e9galement acheter.<\/p>\n<p><b>Attirez davantage d&rsquo;attention sur vos soldes saisonni\u00e8res avec une barre de minuterie sp\u00e9ciale de style vacances.<\/b><br> Barres th\u00e9matiques accrocheuses vous aidera \u00e0 promouvoir des offres sp\u00e9ciales et des ventes. Profitez au maximum des vacances pour augmenter les ventes sur votre site.<\/p>\n<\/div>\n\n<div class=\"application-platform-content-item-features application-platform-content-item\" id=\"features\" data-nav-section=\"features\">\n<h2>Principales fonctionnalit\u00e9s du widget Compte \u00e0 rebours<\/h2>\n<p>Notre compte \u00e0 rebours Webflow est activ\u00e9 avec des param\u00e8tres et des ajustements pour vous aider \u00e0 suivre vos objectifs commerciaux et \u00e0 garder le site Web attrayant. Les fonctionnalit\u00e9s les plus appr\u00e9ci\u00e9es de ce widget, qui en font le meilleur plugin Webflow \u00e0 int\u00e9grer\u00a0:<\/p>\n<ul>\n    <li>Compteur croissant et d\u00e9croissant\u00a0;<\/li>\n    <li>Option pour ouvrir le lien du bouton dans un nouvel onglet\u00a0;<\/li>\n    <li>Possibilit\u00e9 de d\u00e9sactiver n&rsquo;importe quelle unit\u00e9 de temps\u00a0;<\/li>\n    <li>5 th\u00e8mes de vacances pour les occasions les plus populaires\u00a0;<\/li>\n    <li>Tailles personnalisables de la minuterie et du bouton.<\/li>\n<\/ul>\n<p><a href=\"#demo\">V\u00e9rifiez-les tous<\/a><\/p>\n<\/div>\n\n<div class=\"application-platform-content-item-installation application-platform-content-item\" id=\"installation\" data-nav-section=\"installation\">\n<h2>Comment ajouter un compte \u00e0 rebours au site Web Webflow<\/h2>\n<div class=\"video-container\">\n    <iframe width=\"720\" height=\"405\" src=\"https:\/\/www.youtube.com\/embed\/h5bZyE7Aads\" frameborder=\"0\" allowfullscreen=\"\"><\/iframe>\n<\/div>\n<p>Lisez ce manuel concis pour configurer le compte \u00e0 rebours sans comp\u00e9tence en d\u00e9veloppement ni embaucher un d\u00e9veloppeur Web secondaire. Vous n&rsquo;aurez besoin que de quelques minutes pour int\u00e9grer le plugin.<\/p>\n<ol>\n    <li><b>Cr\u00e9ez votre widget Compte \u00e0 rebours unique<\/b>.<br> Gr\u00e2ce \u00e0 notre \u00e9diteur gratuit, g\u00e9n\u00e9rez un plugin avec le look souhait\u00e9 et fonctions.<\/li>\n    <li><b>Recevez le code pour configurer le plugin<\/b>.<br> Apr\u00e8s le param\u00e9trage du widget, obtenez le code du plugin Countdown \u00e0 partir de la notification contextuelle sur les applications Elfsight.<\/li>\n    <li><b>Affichez le plugin sur votre site<\/b>.<br> Int\u00e9grez le plugin \u00e0 l&rsquo;endroit souhait\u00e9 de la page et publiez les modifications.<\/li>\n    <li><b>Termin\u00e9!<\/b><br> Acc\u00e9dez \u00e0 votre site pour voir votre plugin.<\/li>\n<\/ol>\n<p>Si vous avez besoin d&rsquo;aide pour cr\u00e9er ou int\u00e9grer le plugin, notre \u00e9quipe sera l\u00e0 pour vous conseiller et vous proposer une solution ou voir nos instructions sur <a href=\"https:\/\/elfsight.com\/blog\/how-to-add-a-countdown-timer-to-webflow-for-free\/\" target=\"_blank\" rel=\"noopener noreferrer\">ajout de comptes \u00e0 rebours \u00e0 Webflow<\/a>\u00a0!<\/p>\n<\/div>\n\n<div class=\"faq\" data-component=\"FAQ\">\n<div class=\"faq-item\">\r\n\t\t\t\t\t<div class=\"faq-item-question\">\r\n\t\t\t\t\t\t<h3 class=\"faq-item-question-text\">Ai-je la possibilit\u00e9 de voir \u00e0 quoi ressemblera le widget sur un site Web ?<\/h3>\r\n\r\n\t\t\t\t\t\t<div class=\"faq-item-question-icon\"><\/div>\r\n\t\t\t\t\t<\/div>\r\n\r\n\t\t\t\t\t<div class=\"faq-item-answer\">\r\n\t\t\t\t\t\t<div class=\"faq-item-answer-text\">\n<p>Certainement\u00a0! Lors du d\u00e9veloppement du plug-in Webflow Timer dans le <a href=\"https:\/\/elfsight.com\/countdown-timer-widget\/create\">g\u00e9n\u00e9rateur de widgets en direct gratuit<\/a>, vous prendrez en compte toutes les r\u00e9visions sur la droite. Votre compte \u00e0 rebours sera exactement le m\u00eame que celui que vous aurez sur votre site Webflow. <\/p>\n<\/div>\r\n\t\t\t\t\t<\/div>\r\n\t\t\t\t<\/div>\n\n<div class=\"faq-item\">\r\n\t\t\t\t\t<div class=\"faq-item-question\">\r\n\t\t\t\t\t\t<h3 class=\"faq-item-question-text\">Quels autres widgets sont indispensables pour un site Web Webflow ?<\/h3>\r\n\r\n\t\t\t\t\t\t<div class=\"faq-item-question-icon\"><\/div>\r\n\t\t\t\t\t<\/div>\r\n\r\n\t\t\t\t\t<div class=\"faq-item-answer\">\r\n\t\t\t\t\t\t<div class=\"faq-item-answer-text\">\n<p>Webflow est une plateforme permettant \u00e0 quiconque de cr\u00e9er tout type de sites Web sans codage, et c&rsquo;est une bonne id\u00e9e d&rsquo;ajouter des widgets Elfsight pour am\u00e9liorer les fonctionnalit\u00e9s des sites Web Webflow.<\/p>\n<p>Par exemple, Form Builder sera utile pour collecter les commentaires et les informations essentielles des clients, la banni\u00e8re de consentement aux cookies et le widget Popup seront l\u00e0 pour \u00e0 vous de faire des annonces. En utilisant les widgets Instagram Feed et Slider, vous pourrez pr\u00e9senter de superbes visuels de vos produits. Il existe \u00e9galement de nombreux chats, solutions de commerce \u00e9lectronique et formulaires pour augmenter vos ventes et faciliter la communication avec les clients.<\/p>\n<\/div>\r\n\t\t\t\t\t<\/div>\r\n\t\t\t\t<\/div>\n<\/div>\n\n","protected":false},"excerpt":{"rendered":"","protected":false},"author":18,"featured_media":0,"parent":892,"menu_order":0,"comment_status":"closed","ping_status":"closed","template":"templates\/template-application-platform.php","meta":{"publish_to_discourse":"","publish_post_category":"","wpdc_auto_publish_overridden":"","wpdc_topic_tags":"","wpdc_pin_topic":"","wpdc_pin_until":"","discourse_post_id":"","discourse_permalink":"","wpdc_publishing_response":"","wpdc_publishing_error":"","footnotes":""},"class_list":["post-4734","page","type-page","status-publish","hentry"],"yoast_head":"<!-- This site is optimized with the Yoast SEO plugin v25.3.1 - https:\/\/yoast.com\/wordpress\/plugins\/seo\/ -->\n<title>Compte \u00e0 rebours - ajoutez widget Plugin Minuteur sur Webflow<\/title>\n<meta name=\"description\" content=\"Int\u00e9grez un Compte \u00e0 rebours avantageux sur votre site. Appliquez la d\u00e9mo d&#039;Elfsight et g\u00e9n\u00e9rez votre widget en deux minutes.\" \/>\n<meta name=\"robots\" content=\"index, follow, max-snippet:-1, max-image-preview:large, max-video-preview:-1\" \/>\n<link rel=\"canonical\" href=\"https:\/\/elfsight.com\/fr\/countdown-timer-widget\/webflow\/\" \/>\n<meta property=\"og:locale\" content=\"fr_FR\" \/>\n<meta property=\"og:type\" content=\"article\" \/>\n<meta property=\"og:title\" content=\"Compte \u00e0 rebours - ajoutez widget Plugin Minuteur sur Webflow\" \/>\n<meta property=\"og:description\" content=\"Int\u00e9grez un Compte \u00e0 rebours avantageux sur votre site. Appliquez la d\u00e9mo d&#039;Elfsight et g\u00e9n\u00e9rez votre widget en deux minutes.\" \/>\n<meta property=\"og:url\" content=\"https:\/\/elfsight.com\/fr\/countdown-timer-widget\/webflow\/\" \/>\n<meta property=\"og:site_name\" content=\"Elfsight FR\" \/>\n<meta property=\"article:modified_time\" content=\"2024-11-11T11:00:05+00:00\" \/>\n<meta name=\"twitter:card\" content=\"summary_large_image\" \/>\n<meta name=\"twitter:label1\" content=\"Dur\u00e9e de lecture estim\u00e9e\" \/>\n\t<meta name=\"twitter:data1\" content=\"4 minutes\" \/>\n<!-- \/ Yoast SEO plugin. -->","yoast_head_json":{"title":"Compte \u00e0 rebours - ajoutez widget Plugin Minuteur sur Webflow","description":"Int\u00e9grez un Compte \u00e0 rebours avantageux sur votre site. Appliquez la d\u00e9mo d'Elfsight et g\u00e9n\u00e9rez votre widget en deux minutes.","robots":{"index":"index","follow":"follow","max-snippet":"max-snippet:-1","max-image-preview":"max-image-preview:large","max-video-preview":"max-video-preview:-1"},"canonical":"https:\/\/elfsight.com\/fr\/countdown-timer-widget\/webflow\/","og_locale":"fr_FR","og_type":"article","og_title":"Compte \u00e0 rebours - ajoutez widget Plugin Minuteur sur Webflow","og_description":"Int\u00e9grez un Compte \u00e0 rebours avantageux sur votre site. Appliquez la d\u00e9mo d'Elfsight et g\u00e9n\u00e9rez votre widget en deux minutes.","og_url":"https:\/\/elfsight.com\/fr\/countdown-timer-widget\/webflow\/","og_site_name":"Elfsight FR","article_modified_time":"2024-11-11T11:00:05+00:00","twitter_card":"summary_large_image","twitter_misc":{"Dur\u00e9e de lecture estim\u00e9e":"4 minutes"},"schema":{"@context":"https:\/\/schema.org","@graph":[{"@type":"WebPage","@id":"https:\/\/elfsight.com\/fr\/countdown-timer-widget\/webflow\/","url":"https:\/\/elfsight.com\/fr\/countdown-timer-widget\/webflow\/","name":"Compte \u00e0 rebours - ajoutez widget Plugin Minuteur sur Webflow","isPartOf":{"@id":"https:\/\/elfsight.com\/fr\/#website"},"datePublished":"2021-12-03T10:01:48+00:00","dateModified":"2024-11-11T11:00:05+00:00","description":"Int\u00e9grez un Compte \u00e0 rebours avantageux sur votre site. Appliquez la d\u00e9mo d'Elfsight et g\u00e9n\u00e9rez votre widget en deux minutes.","breadcrumb":{"@id":"https:\/\/elfsight.com\/fr\/countdown-timer-widget\/webflow\/#breadcrumb"},"inLanguage":"fr-FR","potentialAction":[{"@type":"ReadAction","target":["https:\/\/elfsight.com\/fr\/countdown-timer-widget\/webflow\/"]}]},{"@type":"BreadcrumbList","@id":"https:\/\/elfsight.com\/fr\/countdown-timer-widget\/webflow\/#breadcrumb","itemListElement":[{"@type":"ListItem","position":1,"name":"Home","item":"https:\/\/elfsight.com\/fr\/"},{"@type":"ListItem","position":2,"name":"Countdown Timer","item":"https:\/\/elfsight.com\/fr\/countdown-timer-widget\/"},{"@type":"ListItem","position":3,"name":"Countdown Timer &#8211; Webflow"}]},{"@type":"WebSite","@id":"https:\/\/elfsight.com\/fr\/#website","url":"https:\/\/elfsight.com\/fr\/","name":"Elfsight FR","description":"","potentialAction":[{"@type":"SearchAction","target":{"@type":"EntryPoint","urlTemplate":"https:\/\/elfsight.com\/fr\/?s={search_term_string}"},"query-input":{"@type":"PropertyValueSpecification","valueRequired":true,"valueName":"search_term_string"}}],"inLanguage":"fr-FR"}]}},"meta_box":{"industry":"","seo_heading":"","heading":"","description":"","cta_heading":"","cta_description":"","application":"891","h1":"Widget Compte \u00e0 rebours pour Webflow","h1_caption":"Configurez un compte \u00e0 rebours pour les \u00e9v\u00e9nements ou promotions importants, cr\u00e9ant ainsi un sentiment d'urgence pour vos visiteurs sur votre site Web Webflow sans effort.","application_category":[],"applications_title":"","applications_request_title":"","applications_request_button_text":"","hero_text":"","hero_video":"","hero_video_schema_markup":"","selling_points_title":"","selling_points_caption":"","selling_points":[],"selling_points_cta_text":"","features_title":"","features":"","ed_cta_examples_text":"","ed_cta_examples_hidden":"","ed_cta_demo_text":"","ed_cta_demo_hidden":"","why_caption":"","why_editor_title":"","why_editor_text":"","why_team_title":"","why_team_text":"","why_service_title":"","why_service_text":"","template_catalog_visible":"0","template_catalog_title":"","template_catalog_text":"","template_catalog_categories_visible":"","demo_title":"Cr\u00e9ez votre widget Compte \u00e0 rebours","demo_caption":"Configurez votre compte \u00e0 rebours et ajoutez-le gratuitement \u00e0 votre site Web Webflow\u00a0!","default_faq_hidden":"","app_template_category":[],"platform":"362","template_public_id":"","codecanyon_url":"","codecanyon_item_id":"","codecanyon_price":"","pricing_caption":"","pricing_elfsight_apps_hide_column":"","pricing_elfsight_apps_url":"","pricing_codecanyon_price_caption":"","integration_category":[],"integration_request_title":"","integration_request_cta":"","integration_platform":"","integrations":[],"platform_category":[],"video_schema_markup":"","price":"\u00c0 partir de $0\/mois","trial":"","benefits":[{"text":"Installation gratuite"},{"text":"Support Premium"},{"text":"Garantie de remboursement de 14 jours"},{"text":"L'am\u00e9lioration continue"}],"button_url":"#demo","button_target_blank":"0","button_nofollow":"0","attributes":[{"name":"Nombre d'installations","content":"1,000 - 5,000","_state":"expanded"},{"name":"Adaptif","content":"Oui","_state":"expanded"},{"name":"Navigateurs compatibles","content":"Firefox, Safari, Opera, Chrome, Edge","_state":"expanded"}],"tags":[],"tags_disable_links":"0","hide_more_platforms":"","video_object":"","demo_hide_cta":"0","demo_hide_cloud_options":"0","pricing_title":"","pricing":[{"pricing_icon":"platform","pricing_title":"Applications d'Elfsight","pricing_title_caption":"Solution num\u00e9rique multiplateforme qui fonctionne sur n'importe quel site","pricing_price":"\u00c0 partir de $0\/mois","pricing_price_caption":"Commencez avec un plan gratuit","pricing_benefits":[{"text":"Sites Web illimit\u00e9s"},{"text":"\u00c9quipe d'assistance professionnelle"},{"text":"Service d'installation gratuit"},{"text":"100% personnalisable"}],"pricing_button_text":"Ajouter au site Web","pricing_button_url":"https:\/\/apps.elfsight.com\/sign-up\/","pricing_button_nofollow":"1","_state":"expanded"}],"related_apps_title":"","related_apps_hidden":"1","author":"","image":[],"title":"","job":"","social_networks":[]},"_links":{"self":[{"href":"https:\/\/elfsight.com\/fr\/wp-json\/wp\/v2\/pages\/4734","targetHints":{"allow":["GET"]}}],"collection":[{"href":"https:\/\/elfsight.com\/fr\/wp-json\/wp\/v2\/pages"}],"about":[{"href":"https:\/\/elfsight.com\/fr\/wp-json\/wp\/v2\/types\/page"}],"author":[{"embeddable":true,"href":"https:\/\/elfsight.com\/fr\/wp-json\/wp\/v2\/users\/18"}],"replies":[{"embeddable":true,"href":"https:\/\/elfsight.com\/fr\/wp-json\/wp\/v2\/comments?post=4734"}],"version-history":[{"count":2,"href":"https:\/\/elfsight.com\/fr\/wp-json\/wp\/v2\/pages\/4734\/revisions"}],"predecessor-version":[{"id":14208,"href":"https:\/\/elfsight.com\/fr\/wp-json\/wp\/v2\/pages\/4734\/revisions\/14208"}],"up":[{"embeddable":true,"href":"https:\/\/elfsight.com\/fr\/wp-json\/wp\/v2\/pages\/892"}],"wp:attachment":[{"href":"https:\/\/elfsight.com\/fr\/wp-json\/wp\/v2\/media?parent=4734"}],"curies":[{"name":"wp","href":"https:\/\/api.w.org\/{rel}","templated":true}]}}