{"id":4732,"date":"2021-12-03T10:01:50","date_gmt":"2021-12-03T10:01:50","guid":{"rendered":"https:\/\/elfsight.com\/fr\/?page_id=4732"},"modified":"2024-11-11T11:00:14","modified_gmt":"2024-11-11T11:00:14","slug":"squarespace","status":"publish","type":"page","link":"https:\/\/elfsight.com\/fr\/countdown-timer-widget\/squarespace\/","title":{"rendered":"Countdown Timer &#8211; Squarespace"},"content":{"rendered":"\n<div class=\"application-platform-content-item-description application-platform-content-item\" id=\"description\" data-nav-section=\"description\"><h2>Int\u00e9grer un compte \u00e0 rebours sur Squarespace avec le widget Elfsight<\/h2><p>Utiliser le compte \u00e0 rebours Elfsight pour afficher diff\u00e9rents d\u00e9comptes et minuteurs qui encouragent les clients Faire des courses. Le d\u00e9compte des stocks ou des ventes \u00e9voquera un sentiment de manque \u00e0 gagner et de concurrence pour les articles\u00a0; Le compte \u00e0 rebours des soldes incitera les clients \u00e0 acheter avant de rater une bonne affaire. Un compte \u00e0 rebours personnel incitera chaque client \u00e0 utiliser une offre personnelle d\u00e8s maintenant\u00a0; Les bars de soldes de No\u00ebl attireront un maximum d&rsquo;attention gr\u00e2ce \u00e0 une d\u00e9coration th\u00e9matique.<\/p><p><b>Augmentez le bruit des achats et poussez le public \u00e0 acheter davantage. <\/b><\/p><p><b>Incitez les visiteurs \u00e0 acheter en leur apportant un sentiment d&rsquo;urgence.<\/b><br> D\u00e9marrez des comptes \u00e0 rebours qui indiqueront le temps restant jusqu&rsquo;\u00e0 la fin de vos ventes et offres sp\u00e9ciales. Ils \u00e9voqueront un sentiment d&rsquo;urgence et encourageront les visiteurs \u00e0 prendre une d\u00e9cision d&rsquo;achat plus rapidement.<\/p><p><b>Montrez la baisse des stocks afin d&rsquo;\u00e9lever la valeur per\u00e7ue des articles par les utilisateurs.<\/b><br> Affichage que vos marchandises soient rapidement \u00e9puis\u00e9es et deviennent d\u00e9ficitaires, affichant un inventaire sp\u00e9cial. Cela incitera les clients \u00e0 appr\u00e9cier davantage les offres et \u00e0 devenir jaloux de les acheter \u00e9galement.<\/p><p><b>Attirez davantage d&rsquo;attention sur les ventes avec une barre de compte \u00e0 rebours sp\u00e9ciale de style vacances.<\/b><br> Avec l&rsquo;aide de bars th\u00e9matiques accrocheurs, vous pouvez promouvoir plus efficacement vos bonnes affaires et vos soldes saisonni\u00e8res. Profitez au maximum des f\u00eates de fin d&rsquo;ann\u00e9e pour augmenter les ventes sur votre site Web.<\/p><div class=\"faq\" data-component=\"FAQ\"><div class=\"faq-item\">\r\n\t\t\t\t\t<div class=\"faq-item-question\">\r\n\t\t\t\t\t\t<h3 class=\"faq-item-question-text\">Comment ajouter le compte \u00e0 rebours \u00e0 un site Web Squarespace ?<\/h3>\r\n\r\n\t\t\t\t\t\t<div class=\"faq-item-question-icon\"><\/div>\r\n\t\t\t\t\t<\/div>\r\n\r\n\t\t\t\t\t<div class=\"faq-item-answer\">\r\n\t\t\t\t\t\t<div class=\"faq-item-answer-text\"><p>L&rsquo;installation prendra environ quelques instants. De plus, vous n\u2019avez besoin d\u2019aucune comp\u00e9tence en programmation. Personnalisez le plugin de compte \u00e0 rebours Squarespace dans le configurateur gratuit, cliquez sur le code pour le copier, int\u00e9grez le code \u00e0 l&rsquo;endroit n\u00e9cessaire dans le mod\u00e8le de site.<\/p><p>C&rsquo;est tout\u00a0! La configuration du plugin Timer sur Squarespace sera termin\u00e9e ! <\/p><p>Si vous rencontrez des probl\u00e8mes lors de la mise en place du plugin sur Squarespace, vous pourrez d\u00e9couvrir le guide complet <a href=\"https:\/\/elfsight.com\/tutorials\/how-to-add-countdown-timer-to-any-website\/#squarespace-countdown-timer\">sur cette page<\/a>. <\/p><\/div>\r\n\t\t\t\t\t<\/div>\r\n\t\t\t\t<\/div><div class=\"faq-item\">\r\n\t\t\t\t\t<div class=\"faq-item-question\">\r\n\t\t\t\t\t\t<h3 class=\"faq-item-question-text\">Ai-je la possibilit\u00e9 de voir \u00e0 quoi ressemblera le widget sur mon site ?<\/h3>\r\n\r\n\t\t\t\t\t\t<div class=\"faq-item-question-icon\"><\/div>\r\n\t\t\t\t\t<\/div>\r\n\r\n\t\t\t\t\t<div class=\"faq-item-answer\">\r\n\t\t\t\t\t\t<div class=\"faq-item-answer-text\"><p>Oui, vous pouvez\u00a0! Lors de la cr\u00e9ation du plugin Squarespace Timer dans l&rsquo;<a href=\"https:\/\/elfsight.com\/countdown-timer-widget\/#demo\">\u00e9diteur en ligne gratuit<\/a>, vous consid\u00e9rerez toutes les modifications sur la droite. Votre compte \u00e0 rebours ressemblera \u00e0 ce que vous aurez sur un site Web Squarespace. <\/p><\/div>\r\n\t\t\t\t\t<\/div>\r\n\t\t\t\t<\/div><div class=\"faq-item\">\r\n\t\t\t\t\t<div class=\"faq-item-question\">\r\n\t\t\t\t\t\t<h3 class=\"faq-item-question-text\">Quels autres widgets sont essentiels pour un site Web Squarespace ?<\/h3>\r\n\r\n\t\t\t\t\t\t<div class=\"faq-item-question-icon\"><\/div>\r\n\t\t\t\t\t<\/div>\r\n\r\n\t\t\t\t\t<div class=\"faq-item-answer\">\r\n\t\t\t\t\t\t<div class=\"faq-item-answer-text\"><p>Vous pouvez am\u00e9liorer votre Squarespace avec de nombreux plugins Elfsight.<\/p><p> Par exemple, le <a href=\"https:\/\/elfsight.com\/qr-code-widget\/squarespace\/\">code QR<\/a> m\u00e8nera \u00e0 des profils sociaux ou \u00e0 toute information d\u00e9taill\u00e9e sur une autre page Web, <a href=\"https:\/\/elfsight.com\/event-calendar-widget\/squarespace\/\">Calendrier des \u00e9v\u00e9nements<\/a> et <a href=\"https:\/\/elfsight.com\/countdown-timer-widget\/squarespace\/\">Compte \u00e0 rebours Timer<\/a> am\u00e9liorera FOMO et augmentera l&rsquo;engagement sur votre site Web. Les <a href=\"https:\/\/elfsight.com\/google-reviews-widget\/squarespace\/\">Avis Google<\/a> seront utiles pour augmenter les ventes, et <a href=\"https:\/\/elfsight.com\/ WhatsApp-chat-widget\/squarespace\/\">WhatsApp Chat<\/a> est indispensable pour am\u00e9liorer le service d&rsquo;assistance client et la communication avec vos clients.<\/p><\/div>\r\n\t\t\t\t\t<\/div>\r\n\t\t\t\t<\/div><\/div><\/div><div class=\"application-platform-content-item- fonctionnalit\u00e9s application-platform-content-item\" id=\" fonctionnalit\u00e9s\" data-nav-section=\" fonctionnalit\u00e9s\"><h2>Principales fonctionnalit\u00e9s du widget Compte \u00e0 rebours<\/h2><p>Quelles fonctionnalit\u00e9s font du plugin Elfsight le meilleur pour chaque site Web Squarespace\u00a0? D\u00e9couvrez ses principales caract\u00e9ristiques\u00a0:<\/p><ul><li>Compteur et d\u00e9compteur\u00a0;<\/li><li>Possibilit\u00e9 d&rsquo;afficher un message avant le minuteur\u00a0;<\/li><li>Quatre unit\u00e9s de temps\u00a0: jours, heures, minutes, secondes\u00a0;<\/li><li>Option pour changer la couleur de la minuterie, du bouton, des \u00e9tiquettes et du message\u00a0;<\/li><li>Interface r\u00e9active avec adaptation automatis\u00e9e \u00e0 la taille de l&rsquo;\u00e9cran.<\/li><\/ul><p><a href=\"#demo\">V\u00e9rifiez toutes les fonctionnalit\u00e9s dans la d\u00e9mo en direct<\/a><\/p><\/div><div class=\"application-platform-content-item-installation application-platform-content-item\" id=\"installation\" data-nav-section=\"installation\"><h2>Comment ajouter un compte \u00e0 rebours \u00e0 un Site Web Squarespace<\/h2><div class=\"video-container\"><iframe width=\"720\" height=\"405\" src=\"https:\/\/www.youtube.com\/embed\/HiVdkFb8_m0\" frameborder=\"0\" allowfullscreen=\"\"><\/iframe><\/div><p>Pour ex\u00e9cuter l&rsquo;int\u00e9gration, vous n&rsquo;avez pas besoin de comp\u00e9tences en programmation Web ni de beaucoup de temps. Seulement 4 \u00e9tapes faciles et 1 minute de votre temps.<\/p><ol><li><b>Concevez votre compte \u00e0 rebours personnalis\u00e9<\/b>.<br> Gr\u00e2ce \u00e0 notre configurateur gratuit, cr\u00e9ez un plugin avec une mise en page pr\u00e9f\u00e9rable et options.<\/li><li><b>Recevez le code pour int\u00e9grer le plugin<\/b>.<br> Apr\u00e8s la personnalisation du widget, obtenez le code du plugin Countdown \u00e0 partir de la notification contextuelle sur les applications Elfsight.<\/li> <li><b>Affichez le plugin sur le site Squarespace<\/b>.<br> Collez le plugin \u00e0 l&rsquo;endroit souhait\u00e9 du site Web et appliquez les r\u00e9sultats.<\/li><li><b>La configuration est termin\u00e9e<\/b>.<br> Visitez votre site pour voir votre travail.<\/li><\/ol><p>Vous avez des questions sur l&rsquo;ex\u00e9cution de l&rsquo;installation ou la g\u00e9n\u00e9ration d&rsquo;un plugin personnalis\u00e9\u00a0? Contactez le support client et nous serons heureux de vous aider \u00e0 g\u00e9n\u00e9rer et \u00e0 ajouter le plugin sur votre site. Ou consultez le <a href=\"https:\/\/elfsight.com\/tutorials\/how-to-add-countdown-timer-to-squarespace-website\/\" target=\"_blank\" rel=\"noopener noreferrer\">tutoriel complet<\/a>.<\/p><\/div>\n","protected":false},"excerpt":{"rendered":"","protected":false},"author":18,"featured_media":0,"parent":892,"menu_order":0,"comment_status":"closed","ping_status":"closed","template":"templates\/template-application-platform.php","meta":{"publish_to_discourse":"","publish_post_category":"","wpdc_auto_publish_overridden":"","wpdc_topic_tags":"","wpdc_pin_topic":"","wpdc_pin_until":"","discourse_post_id":"","discourse_permalink":"","wpdc_publishing_response":"","wpdc_publishing_error":"","footnotes":""},"class_list":["post-4732","page","type-page","status-publish","hentry"],"yoast_head":"<!-- This site is optimized with the Yoast SEO plugin v25.3.1 - https:\/\/yoast.com\/wordpress\/plugins\/seo\/ -->\n<title>Compte \u00e0 rebours - ajoutez plugin Plugin Minuteur sur Squarespace<\/title>\n<meta name=\"description\" content=\"Int\u00e9grez un Compte \u00e0 rebours attractif sur votre site. Utilisez la d\u00e9mo d&#039;Elfsight et g\u00e9n\u00e9rez votre widget en deux minutes.\" \/>\n<meta name=\"robots\" content=\"index, follow, max-snippet:-1, max-image-preview:large, max-video-preview:-1\" \/>\n<link rel=\"canonical\" href=\"https:\/\/elfsight.com\/fr\/countdown-timer-widget\/squarespace\/\" \/>\n<meta property=\"og:locale\" content=\"fr_FR\" \/>\n<meta property=\"og:type\" content=\"article\" \/>\n<meta property=\"og:title\" content=\"Compte \u00e0 rebours - ajoutez plugin Plugin Minuteur sur Squarespace\" \/>\n<meta property=\"og:description\" content=\"Int\u00e9grez un Compte \u00e0 rebours attractif sur votre site. Utilisez la d\u00e9mo d&#039;Elfsight et g\u00e9n\u00e9rez votre widget en deux minutes.\" \/>\n<meta property=\"og:url\" content=\"https:\/\/elfsight.com\/fr\/countdown-timer-widget\/squarespace\/\" \/>\n<meta property=\"og:site_name\" content=\"Elfsight FR\" \/>\n<meta property=\"article:modified_time\" content=\"2024-11-11T11:00:14+00:00\" \/>\n<meta name=\"twitter:card\" content=\"summary_large_image\" \/>\n<meta name=\"twitter:label1\" content=\"Dur\u00e9e de lecture estim\u00e9e\" \/>\n\t<meta name=\"twitter:data1\" content=\"4 minutes\" \/>\n<!-- \/ Yoast SEO plugin. -->","yoast_head_json":{"title":"Compte \u00e0 rebours - ajoutez plugin Plugin Minuteur sur Squarespace","description":"Int\u00e9grez un Compte \u00e0 rebours attractif sur votre site. Utilisez la d\u00e9mo d'Elfsight et g\u00e9n\u00e9rez votre widget en deux minutes.","robots":{"index":"index","follow":"follow","max-snippet":"max-snippet:-1","max-image-preview":"max-image-preview:large","max-video-preview":"max-video-preview:-1"},"canonical":"https:\/\/elfsight.com\/fr\/countdown-timer-widget\/squarespace\/","og_locale":"fr_FR","og_type":"article","og_title":"Compte \u00e0 rebours - ajoutez plugin Plugin Minuteur sur Squarespace","og_description":"Int\u00e9grez un Compte \u00e0 rebours attractif sur votre site. Utilisez la d\u00e9mo d'Elfsight et g\u00e9n\u00e9rez votre widget en deux minutes.","og_url":"https:\/\/elfsight.com\/fr\/countdown-timer-widget\/squarespace\/","og_site_name":"Elfsight FR","article_modified_time":"2024-11-11T11:00:14+00:00","twitter_card":"summary_large_image","twitter_misc":{"Dur\u00e9e de lecture estim\u00e9e":"4 minutes"},"schema":{"@context":"https:\/\/schema.org","@graph":[{"@type":"WebPage","@id":"https:\/\/elfsight.com\/fr\/countdown-timer-widget\/squarespace\/","url":"https:\/\/elfsight.com\/fr\/countdown-timer-widget\/squarespace\/","name":"Compte \u00e0 rebours - ajoutez plugin Plugin Minuteur sur Squarespace","isPartOf":{"@id":"https:\/\/elfsight.com\/fr\/#website"},"datePublished":"2021-12-03T10:01:50+00:00","dateModified":"2024-11-11T11:00:14+00:00","description":"Int\u00e9grez un Compte \u00e0 rebours attractif sur votre site. Utilisez la d\u00e9mo d'Elfsight et g\u00e9n\u00e9rez votre widget en deux minutes.","breadcrumb":{"@id":"https:\/\/elfsight.com\/fr\/countdown-timer-widget\/squarespace\/#breadcrumb"},"inLanguage":"fr-FR","potentialAction":[{"@type":"ReadAction","target":["https:\/\/elfsight.com\/fr\/countdown-timer-widget\/squarespace\/"]}]},{"@type":"BreadcrumbList","@id":"https:\/\/elfsight.com\/fr\/countdown-timer-widget\/squarespace\/#breadcrumb","itemListElement":[{"@type":"ListItem","position":1,"name":"Home","item":"https:\/\/elfsight.com\/fr\/"},{"@type":"ListItem","position":2,"name":"Countdown Timer","item":"https:\/\/elfsight.com\/fr\/countdown-timer-widget\/"},{"@type":"ListItem","position":3,"name":"Countdown Timer &#8211; Squarespace"}]},{"@type":"WebSite","@id":"https:\/\/elfsight.com\/fr\/#website","url":"https:\/\/elfsight.com\/fr\/","name":"Elfsight FR","description":"","potentialAction":[{"@type":"SearchAction","target":{"@type":"EntryPoint","urlTemplate":"https:\/\/elfsight.com\/fr\/?s={search_term_string}"},"query-input":{"@type":"PropertyValueSpecification","valueRequired":true,"valueName":"search_term_string"}}],"inLanguage":"fr-FR"}]}},"meta_box":{"industry":"","seo_heading":"","heading":"","description":"","cta_heading":"","cta_description":"","application":"891","h1":"Plugin Compte \u00e0 rebours pour Squarespace","h1_caption":"Configurez un compte \u00e0 rebours pour les \u00e9v\u00e9nements ou promotions importants, cr\u00e9ant ainsi un sentiment d'urgence pour vos visiteurs sur votre site Web Squarespace sans effort.","application_category":[],"applications_title":"","applications_request_title":"","applications_request_button_text":"","hero_text":"","hero_video":"","hero_video_schema_markup":"","selling_points_title":"","selling_points_caption":"","selling_points":[],"selling_points_cta_text":"","features_title":"","features":"","ed_cta_examples_text":"","ed_cta_examples_hidden":"","ed_cta_demo_text":"","ed_cta_demo_hidden":"","why_caption":"","why_editor_title":"","why_editor_text":"","why_team_title":"","why_team_text":"","why_service_title":"","why_service_text":"","template_catalog_visible":"0","template_catalog_title":"","template_catalog_text":"","template_catalog_categories_visible":"","demo_title":"Cr\u00e9ez votre plugin Compte \u00e0 rebours","demo_caption":"Configurez votre compte \u00e0 rebours et ajoutez-le gratuitement \u00e0 votre site Web Squarespace\u00a0!","default_faq_hidden":"","app_template_category":[],"platform":"361","template_public_id":"","codecanyon_url":"","codecanyon_item_id":"","codecanyon_price":"","pricing_caption":"","pricing_elfsight_apps_hide_column":"","pricing_elfsight_apps_url":"","pricing_codecanyon_price_caption":"","integration_category":[],"integration_request_title":"","integration_request_cta":"","integration_platform":"","integrations":[],"platform_category":[],"video_schema_markup":"","price":"\u00c0 partir de $0\/mois","trial":"","benefits":[{"text":"Installation gratuite"},{"text":"Support Premium"},{"text":"Garantie de remboursement de 14 jours"},{"text":"L'am\u00e9lioration continue"}],"button_url":"#demo","button_target_blank":"0","button_nofollow":"0","attributes":[{"name":"Nombre d'installations","content":"1,000 - 5,000","_state":"expanded"},{"name":"Adaptif","content":"Oui","_state":"expanded"},{"name":"Navigateurs compatibles","content":"Firefox, Safari, Opera, Chrome, Edge","_state":"expanded"}],"tags":[],"tags_disable_links":"0","hide_more_platforms":"","video_object":"","demo_hide_cta":"0","demo_hide_cloud_options":"0","pricing_title":"","pricing":[{"pricing_icon":"platform","pricing_title":"Applications d'Elfsight","pricing_title_caption":"Solution num\u00e9rique multiplateforme qui fonctionne sur n'importe quel site","pricing_price":"\u00c0 partir de $0\/mois","pricing_price_caption":"Commencez avec un plan gratuit","pricing_benefits":[{"text":"Sites Web illimit\u00e9s"},{"text":"\u00c9quipe d'assistance professionnelle"},{"text":"Service d'installation gratuit"},{"text":"100% personnalisable"}],"pricing_button_text":"Ajouter au site Web","pricing_button_url":"https:\/\/apps.elfsight.com\/sign-up\/","pricing_button_nofollow":"1","_state":"expanded"}],"related_apps_title":"","related_apps_hidden":"1","author":"","image":[],"title":"","job":"","social_networks":[]},"_links":{"self":[{"href":"https:\/\/elfsight.com\/fr\/wp-json\/wp\/v2\/pages\/4732","targetHints":{"allow":["GET"]}}],"collection":[{"href":"https:\/\/elfsight.com\/fr\/wp-json\/wp\/v2\/pages"}],"about":[{"href":"https:\/\/elfsight.com\/fr\/wp-json\/wp\/v2\/types\/page"}],"author":[{"embeddable":true,"href":"https:\/\/elfsight.com\/fr\/wp-json\/wp\/v2\/users\/18"}],"replies":[{"embeddable":true,"href":"https:\/\/elfsight.com\/fr\/wp-json\/wp\/v2\/comments?post=4732"}],"version-history":[{"count":3,"href":"https:\/\/elfsight.com\/fr\/wp-json\/wp\/v2\/pages\/4732\/revisions"}],"predecessor-version":[{"id":15203,"href":"https:\/\/elfsight.com\/fr\/wp-json\/wp\/v2\/pages\/4732\/revisions\/15203"}],"up":[{"embeddable":true,"href":"https:\/\/elfsight.com\/fr\/wp-json\/wp\/v2\/pages\/892"}],"wp:attachment":[{"href":"https:\/\/elfsight.com\/fr\/wp-json\/wp\/v2\/media?parent=4732"}],"curies":[{"name":"wp","href":"https:\/\/api.w.org\/{rel}","templated":true}]}}