{"id":4722,"date":"2021-12-03T10:02:03","date_gmt":"2021-12-03T10:02:03","guid":{"rendered":"https:\/\/elfsight.com\/fr\/?page_id=4722"},"modified":"2025-07-09T17:15:08","modified_gmt":"2025-07-09T17:15:08","slug":"magento","status":"publish","type":"page","link":"https:\/\/elfsight.com\/fr\/countdown-timer-widget\/magento\/","title":{"rendered":"Countdown Timer &#8211; Magento"},"content":{"rendered":"<div class=\"application-platform-content-item-description application-platform-content-item\" id=\"description\" data-nav-section=\"description\"><h2>Description<\/h2><p>Affichez les minuteurs g\u00e9n\u00e9rant des ventes pour votre site avec l&rsquo;extension Elfsight Countdown. R\u00e9chauffez l\u2019atmosph\u00e8re et \u00e9voquez un sentiment de disponibilit\u00e9 limit\u00e9e de vos produits, en montrant \u00e0 quelle vitesse ils sont achet\u00e9s sous les yeux du public. Convainquez les utilisateurs d&rsquo;acheter d\u00e8s maintenant, en affichant un compte \u00e0 rebours de la p\u00e9riode de l&rsquo;offre sp\u00e9ciale. Attirez l\u2019attention sur vos futurs \u00e9v\u00e9nements ou vacances. Comptez les jours et gardez votre public impatient de commencer.<\/p><p><b>Rendez vos futurs \u00e9v\u00e9nements et ventes impossibles \u00e0 manquer et augmentez vos b\u00e9n\u00e9fices.<\/b><\/p><p> <b>Encouragez le public \u00e0 faire des achats en lui apportant un sentiment d&rsquo;urgence. <\/b><br> Faites en sorte que votre public ait peur de rater votre offre sp\u00e9ciale ou votre vente, alors que le temps passe jusqu&rsquo;\u00e0 la fin. Ce sera une excellente incitation \u00e0 acheter plus rapidement et augmentera les ventes sur votre site.<\/p><p><b>Montrez que le stock diminue et augmentez la valeur per\u00e7ue et la popularit\u00e9 de vos produits.<\/b><br> \u00c9voquez un sentiment de concurrence pour vos articles en d\u00e9montrant comment le nombre de ventes augmente et le stock diminue. Donnez aux utilisateurs le sentiment qu&rsquo;ils peuvent manquer l&rsquo;offre et se pr\u00e9cipiter pour l&rsquo;obtenir maintenant.<\/p><p><b>Attirez davantage l&rsquo;attention sur votre p\u00e9riode de soldes \u00e0 l&rsquo;aide d&rsquo;une barre de compte \u00e0 rebours accrocheuse de style vacances.<\/b> <br> Cr\u00e9ez un bar de vente \u00e0 th\u00e8me lumineux pour les vacances et les \u00e9v\u00e9nements sp\u00e9ciaux. Cela ajoutera une ambiance de vacances \u00e0 votre site Web et fera progresser vos offres rentables, afin que personne ne puisse les manquer. Vendez plus pendant une saison rentable.<\/p><div class=\"faq\" data-component=\"FAQ\"><div class=\"faq-item\">\r\n\t\t\t\t\t<div class=\"faq-item-question\">\r\n\t\t\t\t\t\t<h3 class=\"faq-item-question-text\">Comment ajouter le compte \u00e0 rebours \u00e0 une page Magento ?<\/h3>\r\n\r\n\t\t\t\t\t\t<div class=\"faq-item-question-icon\"><\/div>\r\n\t\t\t\t\t<\/div>\r\n\r\n\t\t\t\t\t<div class=\"faq-item-answer\">\r\n\t\t\t\t\t\t<div class=\"faq-item-answer-text\"><p>Vous ajouterez un plugin de compte \u00e0 rebours dans un quelques secondes. Vous n\u2019aurez pas besoin d\u2019avoir des connaissances en programmation Web. <\/p><ol><li>R\u00e9glez l&rsquo;extension du compte \u00e0 rebours pour Magento dans le configurateur gratuit. <\/li> <li>Cliquez sur le code pour l&rsquo;obtenir. <\/li> <li>Int\u00e9grez le code \u00e0 l&rsquo;endroit requis dans le mod\u00e8le Magento. <\/li> <li>Compris\u00a0! L\u2019int\u00e9gration du plugin compte \u00e0 rebours sur Magento est termin\u00e9e ! <\/li><\/ol><p>Vous rencontrez des probl\u00e8mes pour installer le plugin sur le site Web ou pour configurer le compte \u00e0 rebours\u00a0? Vous pouvez trouver le guide d\u00e9taill\u00e9 <a href=\"https:\/\/elfsight.com\/tutorials\/how-to-add-countdown-timer-to-any-website\/#magento-2-countdown-timer\">sur cette page <\/a>. <\/p><\/div>\r\n\t\t\t\t\t<\/div>\r\n\t\t\t\t<\/div><div class=\"faq-item\">\r\n\t\t\t\t\t<div class=\"faq-item-question\">\r\n\t\t\t\t\t\t<h3 class=\"faq-item-question-text\">Y a-t-il une chance de voir \u00e0 quoi ressemblera le plugin sur un site Web ?<\/h3>\r\n\r\n\t\t\t\t\t\t<div class=\"faq-item-question-icon\"><\/div>\r\n\t\t\t\t\t<\/div>\r\n\r\n\t\t\t\t\t<div class=\"faq-item-answer\">\r\n\t\t\t\t\t\t<div class=\"faq-item-answer-text\"><p>Absolument\u00a0! Lors de la cr\u00e9ation du plugin Magento Timer <a href=\"https:\/\/elfsight.com\/countdown-timer-widget\/#demo\">dans l&rsquo;\u00e9diteur en ligne<\/a>, vous prendrez en compte toutes les r\u00e9visions dans la partie droite de il. Votre compte \u00e0 rebours aura la m\u00eame apparence que celui que vous aurez sur un site Web Magento. <\/p><\/div>\r\n\t\t\t\t\t<\/div>\r\n\t\t\t\t<\/div><div class=\"faq-item\">\r\n\t\t\t\t\t<div class=\"faq-item-question\">\r\n\t\t\t\t\t\t<h3 class=\"faq-item-question-text\">Quels autres widgets sont indispensables pour un site Magento ?<\/h3>\r\n\r\n\t\t\t\t\t\t<div class=\"faq-item-question-icon\"><\/div>\r\n\t\t\t\t\t<\/div>\r\n\r\n\t\t\t\t\t<div class=\"faq-item-answer\">\r\n\t\t\t\t\t\t<div class=\"faq-item-answer-text\"><p>Magento est utilis\u00e9 par de nombreuses personnes pour cr\u00e9er des exp\u00e9riences d&rsquo;achat attrayantes sur les sites de commerce \u00e9lectronique. Pour am\u00e9liorer les performances en ligne et augmenter les taux de conversion, vous pouvez utiliser de nombreux produits Elfsight.<\/p><p>Avec Elfsight <a href=\"https:\/\/elfsight.com\/whatsapp-chat-widget\/magento\/\">WhatsApp Chat <\/a> et les boutons <a href=\"https:\/\/elfsight.com\/facebook-chat-widget\/magento\/\">Facebook Chat<\/a>, vous augmenterez vos ventes et am\u00e9liorerez la communication avec les clients, avec <a href=\"https:\/\/elfsight.com\/amazon-reviews-widget\/magento\/\">Amazon<\/a> et <a href=\"https:\/\/elfsight.com\/google-reviews-widget\/magento\/\">Google Avis<\/a>, vous pourrez partager d&rsquo;excellents commentaires de vos clients existants, avec le <a href=\"https:\/\/elfsight.com\/instagram-feed-instashow\/magento\/\">Flux Instagram<\/a> vous Je r\u00e9cup\u00e9rerai une magnifique galerie de photos \u00e0 partir de votre incroyable profil.<\/p><\/div>\r\n\t\t\t\t\t<\/div>\r\n\t\t\t\t<\/div><\/div><\/div><div class=\"application-platform-content-item-features application-platform-content-item\" id=\"features\" data-nav-section=\"features\"><h2>Fonctionnalit\u00e9s<\/h2><p>Principales fonctionnalit\u00e9s d&rsquo;Elfsight Countdown, qui le r\u00e9organise comme la solution Magento parfaite pour l&rsquo;insertion de l&rsquo;extension\u00a0:<\/p><ul><li>Deux actions apr\u00e8s la fin du minuteur\u00a0: masquer le minuteur ou afficher le message\u00a0;<\/li><li>Option pour ouvrir le bouton lien dans un nouvel onglet\u00a0;<\/li><li>Texte modifiable du message de fin de minuterie\u00a0;<\/li><li>Quatre variantes de position\u00a0: haut statique, haut ou bas flottant et position personnalis\u00e9e\u00a0;<\/li><li> Conception \u00e9pur\u00e9e assurant une int\u00e9gration transparente dans n&rsquo;importe quel concept de site Web.<\/li><\/ul><p><a href=\"#demo\">Testez tout<\/a><\/p><\/div><div class=\"application-platform-content-item- installation application-platform-content-item\" id=\" installation\" data-nav-section=\" installation\"><h2>Comment ajouter un compte \u00e0 rebours au site Web Magento<\/h2><p>Suivez simplement les instructions ci-dessous pour ajouter l&rsquo;outil sur Magento.<\/p> <ol><li><b>R\u00e9alisez notre d\u00e9mo gratuite et commencez \u00e0 fa\u00e7onner votre extension Timer sur mesure. <\/b><br> Choisissez la mise en page personnalis\u00e9e et les caract\u00e9ristiques du widget et enregistrez les corrections. <\/li> <li><b>Recevez le code personnel qui s&rsquo;affiche dans la case sur les applications Elfsight. <\/b><br> Lorsque la g\u00e9n\u00e9ration de votre extension personnelle est termin\u00e9e, copiez le code exclusif de la fen\u00eatre qui appara\u00eet et enregistrez-le pour une utilisation ult\u00e9rieure. <\/li> <li><b>Commencez \u00e0 utiliser l&rsquo;outil sur la page d&rsquo;accueil de Magento. <\/b><br> Int\u00e9grez le code copi\u00e9 auparavant dans votre page d&rsquo;accueil et appliquez les modifications. <\/li> <li><b>L&rsquo;installation est effectu\u00e9e avec succ\u00e8s. <\/b><br> Acc\u00e9dez \u00e0 votre site pour voir comment fonctionne l&rsquo;extension. <\/li><\/ol><p>Vous rencontrez des probl\u00e8mes pour cr\u00e9er ou ajuster le plugin sur un site Web\u00a0? Envoyez votre question \u00e0 notre \u00e9quipe d&rsquo;assistance ou \u00e9tudiez notre <a href=\"https:\/\/elfsight.com\/tutorials\/how-to-add-countdown-timer-to-magento-website\/\" target=\"_blank\" rel=\"noopener noreferrer\">tutoriel d\u00e9taill\u00e9<\/a>.<\/p><\/div>","protected":false},"excerpt":{"rendered":"","protected":false},"author":18,"featured_media":0,"parent":892,"menu_order":0,"comment_status":"closed","ping_status":"closed","template":"templates\/template-application-platform.php","meta":{"publish_to_discourse":"","publish_post_category":"","wpdc_auto_publish_overridden":"","wpdc_topic_tags":"","wpdc_pin_topic":"","wpdc_pin_until":"","discourse_post_id":"","discourse_permalink":"","wpdc_publishing_response":"","wpdc_publishing_error":"","footnotes":""},"class_list":["post-4722","page","type-page","status-publish","hentry"],"yoast_head":"<!-- This site is optimized with the Yoast SEO plugin v25.3.1 - https:\/\/yoast.com\/wordpress\/plugins\/seo\/ -->\n<title>Compte \u00e0 rebours - ajoutez plugin Plugin Minuteur sur Magento<\/title>\n<meta name=\"description\" content=\"Int\u00e9grez un Compte \u00e0 rebours attractif sur votre site. Utilisez la d\u00e9mo d&#039;Elfsight et g\u00e9n\u00e9rez votre extension en deux minutes.\" \/>\n<meta name=\"robots\" content=\"index, follow, max-snippet:-1, max-image-preview:large, max-video-preview:-1\" \/>\n<link rel=\"canonical\" href=\"https:\/\/elfsight.com\/fr\/countdown-timer-widget\/magento\/\" \/>\n<meta property=\"og:locale\" content=\"fr_FR\" \/>\n<meta property=\"og:type\" content=\"article\" \/>\n<meta property=\"og:title\" content=\"Compte \u00e0 rebours - ajoutez plugin Plugin Minuteur sur Magento\" \/>\n<meta property=\"og:description\" content=\"Int\u00e9grez un Compte \u00e0 rebours attractif sur votre site. Utilisez la d\u00e9mo d&#039;Elfsight et g\u00e9n\u00e9rez votre extension en deux minutes.\" \/>\n<meta property=\"og:url\" content=\"https:\/\/elfsight.com\/fr\/countdown-timer-widget\/magento\/\" \/>\n<meta property=\"og:site_name\" content=\"Elfsight FR\" \/>\n<meta property=\"article:modified_time\" content=\"2025-07-09T17:15:08+00:00\" \/>\n<meta name=\"twitter:card\" content=\"summary_large_image\" \/>\n<meta name=\"twitter:label1\" content=\"Dur\u00e9e de lecture estim\u00e9e\" \/>\n\t<meta name=\"twitter:data1\" content=\"1 minute\" \/>\n<!-- \/ Yoast SEO plugin. -->","yoast_head_json":{"title":"Compte \u00e0 rebours - ajoutez plugin Plugin Minuteur sur Magento","description":"Int\u00e9grez un Compte \u00e0 rebours attractif sur votre site. Utilisez la d\u00e9mo d'Elfsight et g\u00e9n\u00e9rez votre extension en deux minutes.","robots":{"index":"index","follow":"follow","max-snippet":"max-snippet:-1","max-image-preview":"max-image-preview:large","max-video-preview":"max-video-preview:-1"},"canonical":"https:\/\/elfsight.com\/fr\/countdown-timer-widget\/magento\/","og_locale":"fr_FR","og_type":"article","og_title":"Compte \u00e0 rebours - ajoutez plugin Plugin Minuteur sur Magento","og_description":"Int\u00e9grez un Compte \u00e0 rebours attractif sur votre site. Utilisez la d\u00e9mo d'Elfsight et g\u00e9n\u00e9rez votre extension en deux minutes.","og_url":"https:\/\/elfsight.com\/fr\/countdown-timer-widget\/magento\/","og_site_name":"Elfsight FR","article_modified_time":"2025-07-09T17:15:08+00:00","twitter_card":"summary_large_image","twitter_misc":{"Dur\u00e9e de lecture estim\u00e9e":"1 minute"},"schema":{"@context":"https:\/\/schema.org","@graph":[{"@type":"WebPage","@id":"https:\/\/elfsight.com\/fr\/countdown-timer-widget\/magento\/","url":"https:\/\/elfsight.com\/fr\/countdown-timer-widget\/magento\/","name":"Compte \u00e0 rebours - ajoutez plugin Plugin Minuteur sur Magento","isPartOf":{"@id":"https:\/\/elfsight.com\/fr\/#website"},"datePublished":"2021-12-03T10:02:03+00:00","dateModified":"2025-07-09T17:15:08+00:00","description":"Int\u00e9grez un Compte \u00e0 rebours attractif sur votre site. Utilisez la d\u00e9mo d'Elfsight et g\u00e9n\u00e9rez votre extension en deux minutes.","breadcrumb":{"@id":"https:\/\/elfsight.com\/fr\/countdown-timer-widget\/magento\/#breadcrumb"},"inLanguage":"fr-FR","potentialAction":[{"@type":"ReadAction","target":["https:\/\/elfsight.com\/fr\/countdown-timer-widget\/magento\/"]}]},{"@type":"BreadcrumbList","@id":"https:\/\/elfsight.com\/fr\/countdown-timer-widget\/magento\/#breadcrumb","itemListElement":[{"@type":"ListItem","position":1,"name":"Home","item":"https:\/\/elfsight.com\/fr\/"},{"@type":"ListItem","position":2,"name":"Countdown Timer","item":"https:\/\/elfsight.com\/fr\/countdown-timer-widget\/"},{"@type":"ListItem","position":3,"name":"Countdown Timer &#8211; Magento"}]},{"@type":"WebSite","@id":"https:\/\/elfsight.com\/fr\/#website","url":"https:\/\/elfsight.com\/fr\/","name":"Elfsight FR","description":"","potentialAction":[{"@type":"SearchAction","target":{"@type":"EntryPoint","urlTemplate":"https:\/\/elfsight.com\/fr\/?s={search_term_string}"},"query-input":{"@type":"PropertyValueSpecification","valueRequired":true,"valueName":"search_term_string"}}],"inLanguage":"fr-FR"}]}},"meta_box":{"industry":"","seo_heading":"","heading":"","description":"","cta_heading":"","cta_description":"","application":"891","h1":"Plugin Compte \u00e0 rebours pour Magento","h1_caption":"Configurez un compte \u00e0 rebours pour les \u00e9v\u00e9nements ou promotions importants, cr\u00e9ant ainsi un sentiment d'urgence pour vos visiteurs sur votre site Web Magento sans effort.","application_category":[],"applications_title":"","applications_request_title":"","applications_request_button_text":"","hero_text":"","hero_video":"","hero_video_schema_markup":"","selling_points_title":"","selling_points_caption":"","selling_points":[],"selling_points_cta_text":"","features_title":"","features":"","ed_cta_examples_text":"","ed_cta_examples_hidden":"","ed_cta_demo_text":"","ed_cta_demo_hidden":"","why_caption":"","why_editor_title":"","why_editor_text":"","why_team_title":"","why_team_text":"","why_service_title":"","why_service_text":"","template_catalog_visible":"","template_catalog_title":"","template_catalog_text":"","template_catalog_categories_visible":"","demo_title":"Cr\u00e9ez votre extension Compte \u00e0 rebours","demo_caption":"Configurez votre compte \u00e0 rebours et ajoutez-le gratuitement \u00e0 votre site Web Magento\u00a0!","default_faq_hidden":"","app_template_category":[],"platform":"357","template_public_id":"","codecanyon_url":"","codecanyon_item_id":"","codecanyon_price":"","pricing_caption":"","pricing_elfsight_apps_hide_column":"","pricing_elfsight_apps_url":"","pricing_codecanyon_price_caption":"","integration_category":[],"integration_request_title":"","integration_request_cta":"","integration_platform":"","integrations":[],"platform_category":[],"video_schema_markup":"","price":"\u00c0 partir de $0\/mois","trial":"","benefits":[{"text":"Installation gratuite"},{"text":"Support Premium"},{"text":"Garantie de remboursement de 14 jours"},{"text":"L'am\u00e9lioration continue"}],"button_url":"#demo","button_target_blank":"0","button_nofollow":"0","attributes":[{"name":"Nombre d'installations","content":"1,000 - 5,000","_state":"expanded"},{"name":"Adaptif","content":"Oui","_state":"expanded"},{"name":"Navigateurs compatibles","content":"Firefox, Safari, Opera, Chrome, Edge","_state":"expanded"}],"tags":[],"tags_disable_links":"0","hide_more_platforms":"","video_object":"","demo_hide_cta":"0","demo_hide_cloud_options":"0","pricing_title":"","pricing":[{"pricing_icon":"platform","pricing_title":"Applications d'Elfsight","pricing_title_caption":"Solution num\u00e9rique multiplateforme qui fonctionne sur n'importe quel site","pricing_price":"\u00c0 partir de $0\/mois","pricing_price_caption":"Commencez avec un plan gratuit","pricing_benefits":[{"text":"Sites Web illimit\u00e9s"},{"text":"\u00c9quipe d'assistance professionnelle"},{"text":"Service d'installation gratuit"},{"text":"100% personnalisable"}],"pricing_button_text":"Ajouter au site Web","pricing_button_url":"https:\/\/apps.elfsight.com\/sign-up\/","pricing_button_nofollow":"1","_state":"expanded"}],"related_apps_title":"","related_apps_hidden":"1","author":"","image":[],"title":"","job":"","social_networks":[]},"_links":{"self":[{"href":"https:\/\/elfsight.com\/fr\/wp-json\/wp\/v2\/pages\/4722","targetHints":{"allow":["GET"]}}],"collection":[{"href":"https:\/\/elfsight.com\/fr\/wp-json\/wp\/v2\/pages"}],"about":[{"href":"https:\/\/elfsight.com\/fr\/wp-json\/wp\/v2\/types\/page"}],"author":[{"embeddable":true,"href":"https:\/\/elfsight.com\/fr\/wp-json\/wp\/v2\/users\/18"}],"replies":[{"embeddable":true,"href":"https:\/\/elfsight.com\/fr\/wp-json\/wp\/v2\/comments?post=4722"}],"version-history":[{"count":2,"href":"https:\/\/elfsight.com\/fr\/wp-json\/wp\/v2\/pages\/4722\/revisions"}],"predecessor-version":[{"id":14626,"href":"https:\/\/elfsight.com\/fr\/wp-json\/wp\/v2\/pages\/4722\/revisions\/14626"}],"up":[{"embeddable":true,"href":"https:\/\/elfsight.com\/fr\/wp-json\/wp\/v2\/pages\/892"}],"wp:attachment":[{"href":"https:\/\/elfsight.com\/fr\/wp-json\/wp\/v2\/media?parent=4722"}],"curies":[{"name":"wp","href":"https:\/\/api.w.org\/{rel}","templated":true}]}}