{"id":4718,"date":"2021-12-03T10:02:08","date_gmt":"2021-12-03T10:02:08","guid":{"rendered":"https:\/\/elfsight.com\/fr\/?page_id=4718"},"modified":"2024-12-23T08:47:07","modified_gmt":"2024-12-23T08:47:07","slug":"jquery","status":"publish","type":"page","link":"https:\/\/elfsight.com\/fr\/countdown-timer-widget\/jquery\/","title":{"rendered":"Countdown Timer &#8211; jQuery"},"content":{"rendered":"\n<div class=\"application-platform-content-item-description application-platform-content-item\" id=\"description\" data-nav-section=\"description\">\n<h2>Description<\/h2>\n<p>Affichez les chiffres g\u00e9n\u00e9rant des ventes pour votre site avec le plugin Elfsight Countdown. R\u00e9chauffez l\u2019atmosph\u00e8re et \u00e9voquez un sentiment de disponibilit\u00e9 limit\u00e9e de vos produits, d\u00e9montrant \u00e0 quelle vitesse ils sont vendus sous les yeux des clients. Acc\u00e9l\u00e9rez vos clients pour commencer \u00e0 acheter avec le compte \u00e0 rebours de la p\u00e9riode de l&rsquo;offre sp\u00e9ciale. Cr\u00e9ez des comptes \u00e0 rebours pour annoncer vos occasions \u00e0 venir ou vos ventes de vacances et faites en sorte que votre client\u00e8le attende avec impatience le d\u00e9but.<\/p>\n<p><b>Augmentez vos ventes en ligne \u00e0 l&rsquo;aide de minuteries et de comptes d&rsquo;urgence.<\/b><\/p>\n<p><b>Encouragez les internautes \u00e0 acheter davantage sur votre site Web en leur apportant un sentiment d&rsquo;urgence.<\/b><br> Faites craindre \u00e0 votre public de rater vos offres et vos soldes : montrez-lui que le temps presse. Cela permettra aux utilisateurs d&rsquo;acheter plus rapidement et vous apportera de nouvelles ventes.<\/p>\n<p><b>Montrez que le stock diminue et rendez les utilisateurs jaloux d&rsquo;acheter.<\/b><br> D\u00e9montrez que vos biens sont achet\u00e9s rapidement et deviennent rares, en utilisant un inventaire sp\u00e9cial. Cela permettra au public d&rsquo;appr\u00e9cier davantage les produits et de devenir jaloux de les acheter \u00e9galement.<\/p>\n<p><b>Attirez davantage d&rsquo;attention sur vos ventes avec une barre de compte \u00e0 rebours sp\u00e9ciale sur le th\u00e8me des f\u00eates.<\/b><br> Utilisez des \u00e9l\u00e9ments attrayants, tels que des barres \u00e0 th\u00e8me, pour promouvoir vos offres et soldes saisonni\u00e8res. Ne manquez pas les vacances pour augmenter les ventes sur votre site Web.<\/p>\n<\/div>\n\n<div class=\"application-platform-content-item-features application-platform-content-item\" id=\"features\" data-nav-section=\"features\">\n<h2>Fonctionnalit\u00e9s<\/h2>\n<p>Voici les fonctionnalit\u00e9s d&rsquo;Elfsight Countdown qui en font le plugin le plus important pour chaque site jQuery.<\/p>\n<ul>\n  <li>Compteur croissant et d\u00e9croissant ;<\/li>\n  <li>Option pour ouvrir le lien du bouton dans un nouvel onglet ;<\/li>\n  <li>Quatre unit\u00e9s de temps : jours, heures, minutes, secondes ;<\/li>\n  <li>Quatre variantes de position : haut statique, haut ou bas flottant et position personnalis\u00e9e ;<\/li>\n  <li>Interface r\u00e9active avec adaptation automatis\u00e9e \u00e0 la taille de l&rsquo;\u00e9cran.<\/li>\n<\/ul>\n<a href=\"#demo\">Essayez tous les avantages de la d\u00e9mo en direct<\/a>\n<\/div>\n\n<div class=\"application-platform-content-item-installation application-platform-content-item\" id=\"installation\" data-nav-section=\"installation\">\n<h2>Comment ajouter un compte \u00e0 rebours au site Web jQuery<\/h2>\n<p>Le plugin Elfsight est simple \u00e0 installer et il ne n\u00e9cessitera aucune connaissance en programmation. L&rsquo;ex\u00e9cution du manuel vous prendra environ 1 minute.<\/p>\n<ol>\n  <li><b>Concevez votre plugin Countdown personnel<\/b>.<br>Avec l&rsquo;aide de notre \u00e9diteur gratuit, fa\u00e7onnez un plugin avec les param\u00e8tres souhait\u00e9s.<\/li>\n  <li><b>Acqu\u00e9rir le code pour int\u00e9grer le plugin sur votre site Web<\/b>.<br>Apr\u00e8s avoir configur\u00e9 les param\u00e8tres, obtenez le code pour Countdown Clock dans la fen\u00eatre qui appara\u00eet sur Elfsight Apps.<\/li>\n  <li><b>Ajoutez le widget sur le site jQuery<\/b>.<br>Int\u00e9grez le code de la page dans l&rsquo;\u00e9diteur, placez le widget \u00e0 l&rsquo;endroit souhait\u00e9 (contenu, pied de page, barre lat\u00e9rale, etc.) et publiez les modifications.<\/li>\n  <li><b>L&rsquo;int\u00e9gration est r\u00e9ussie !<\/b><br>Entrez sur le site pour v\u00e9rifier votre plugin.<\/li>\n<\/ol>\n<p>Si lors de l&rsquo;utilisation du tutoriel, des questions sont apparues, laissez un message \u00e0 notre centre d&rsquo;assistance ou \u00e9tudiez le <a href=\"https:\/\/elfsight.com\/tutorials\/how-to-add-countdown-timer-to-jquery-website\/\" target=\"_blank\" rel=\"noopener noreferrer\">texte int\u00e9gral<\/a> du tutoriel et compl\u00e9tez vous-m\u00eame la cr\u00e9ation du plugin.<\/p>\n<\/div>\n\n<div class=\"faq\" data-component=\"FAQ\">\n  <div class=\"faq-item\">\r\n\t\t\t\t\t<div class=\"faq-item-question\">\r\n\t\t\t\t\t\t<h3 class=\"faq-item-question-text\">De quelle mani\u00e8re dois-je int\u00e9grer un compte \u00e0 rebours sur mon site Web jQuery ?<\/h3>\r\n\r\n\t\t\t\t\t\t<div class=\"faq-item-question-icon\"><\/div>\r\n\t\t\t\t\t<\/div>\r\n\r\n\t\t\t\t\t<div class=\"faq-item-answer\">\r\n\t\t\t\t\t\t<div class=\"faq-item-answer-text\">\n    <p>La cr\u00e9ation du widget s&rsquo;effectue sur les pages Elfsight et vous n&rsquo;avez pas besoin d&rsquo;apprendre le codage. Acc\u00e9dez \u00e0 la d\u00e9mo active pour concevoir votre application, acqu\u00e9rez le code et int\u00e9grez-le \u00e0 votre site Web.<\/p>\n  <\/div>\r\n\t\t\t\t\t<\/div>\r\n\t\t\t\t<\/div>\n  \n  <div class=\"faq-item\">\r\n\t\t\t\t\t<div class=\"faq-item-question\">\r\n\t\t\t\t\t\t<h3 class=\"faq-item-question-text\">Les meilleurs exemples d'utilisation de l'int\u00e9gration du compte \u00e0 rebours<\/h3>\r\n\r\n\t\t\t\t\t\t<div class=\"faq-item-question-icon\"><\/div>\r\n\t\t\t\t\t<\/div>\r\n\r\n\t\t\t\t\t<div class=\"faq-item-answer\">\r\n\t\t\t\t\t\t<div class=\"faq-item-answer-text\">\n    <p>Nous vous offrons une pl\u00e9thore de possibilit\u00e9s de r\u00e9glage : des widgets \u00e0 grande \u00e9chelle \u00e0 ajouter dans la section de contenu, des plugins flottants pour les options de d\u00e9filement, des mises en page pour le pied de page de votre site Web, la section d&rsquo;en-t\u00eate et toutes sortes de possibilit\u00e9s verticales pour les barres lat\u00e9rales et les menus du site Web.<\/p>\n  <\/div>\r\n\t\t\t\t\t<\/div>\r\n\t\t\t\t<\/div>\n  \n  <div class=\"faq-item\">\r\n\t\t\t\t\t<div class=\"faq-item-question\">\r\n\t\t\t\t\t\t<h3 class=\"faq-item-question-text\">Existe-t-il une option pour cr\u00e9er un compte \u00e0 rebours simple ou le compte \u00e0 rebours Evergreen via votre \u00e9diteur ?<\/h3>\r\n\r\n\t\t\t\t\t\t<div class=\"faq-item-question-icon\"><\/div>\r\n\t\t\t\t\t<\/div>\r\n\r\n\t\t\t\t\t<div class=\"faq-item-answer\">\r\n\t\t\t\t\t\t<div class=\"faq-item-answer-text\">\n    <p>Vous \u00eates invit\u00e9s \u00e0 cr\u00e9er les modifications de n&rsquo;importe quel widget. De nombreuses mises en page sont \u00e0 votre disposition dans l&rsquo;\u00e9diteur, et toutes peuvent \u00eatre facilement personnalis\u00e9es selon vos besoins.<\/p>\n  <\/div>\r\n\t\t\t\t\t<\/div>\r\n\t\t\t\t<\/div>\n<\/div>\n\n","protected":false},"excerpt":{"rendered":"","protected":false},"author":18,"featured_media":0,"parent":892,"menu_order":0,"comment_status":"closed","ping_status":"closed","template":"templates\/template-application-platform.php","meta":{"publish_to_discourse":"","publish_post_category":"","wpdc_auto_publish_overridden":"","wpdc_topic_tags":"","wpdc_pin_topic":"","wpdc_pin_until":"","discourse_post_id":"","discourse_permalink":"","wpdc_publishing_response":"","wpdc_publishing_error":"","footnotes":""},"class_list":["post-4718","page","type-page","status-publish","hentry"],"yoast_head":"<!-- This site is optimized with the Yoast SEO plugin v25.3.1 - https:\/\/yoast.com\/wordpress\/plugins\/seo\/ -->\n<title>Compte \u00e0 rebours - ajoutez widget Plugin Minuteur sur jQuery<\/title>\n<meta name=\"description\" content=\"Int\u00e9grez un Compte \u00e0 rebours avantageux sur votre site. Utilisez la d\u00e9mo d&#039;Elfsight et g\u00e9n\u00e9rez votre widget en quelques minutes.\" \/>\n<meta name=\"robots\" content=\"index, follow, max-snippet:-1, max-image-preview:large, max-video-preview:-1\" \/>\n<link rel=\"canonical\" href=\"https:\/\/elfsight.com\/fr\/countdown-timer-widget\/jquery\/\" \/>\n<meta property=\"og:locale\" content=\"fr_FR\" \/>\n<meta property=\"og:type\" content=\"article\" \/>\n<meta property=\"og:title\" content=\"Compte \u00e0 rebours - ajoutez widget Plugin Minuteur sur jQuery\" \/>\n<meta property=\"og:description\" content=\"Int\u00e9grez un Compte \u00e0 rebours avantageux sur votre site. Utilisez la d\u00e9mo d&#039;Elfsight et g\u00e9n\u00e9rez votre widget en quelques minutes.\" \/>\n<meta property=\"og:url\" content=\"https:\/\/elfsight.com\/fr\/countdown-timer-widget\/jquery\/\" \/>\n<meta property=\"og:site_name\" content=\"Elfsight FR\" \/>\n<meta property=\"article:modified_time\" content=\"2024-12-23T08:47:07+00:00\" \/>\n<meta name=\"twitter:card\" content=\"summary_large_image\" \/>\n<meta name=\"twitter:label1\" content=\"Dur\u00e9e de lecture estim\u00e9e\" \/>\n\t<meta name=\"twitter:data1\" content=\"4 minutes\" \/>\n<!-- \/ Yoast SEO plugin. -->","yoast_head_json":{"title":"Compte \u00e0 rebours - ajoutez widget Plugin Minuteur sur jQuery","description":"Int\u00e9grez un Compte \u00e0 rebours avantageux sur votre site. Utilisez la d\u00e9mo d'Elfsight et g\u00e9n\u00e9rez votre widget en quelques minutes.","robots":{"index":"index","follow":"follow","max-snippet":"max-snippet:-1","max-image-preview":"max-image-preview:large","max-video-preview":"max-video-preview:-1"},"canonical":"https:\/\/elfsight.com\/fr\/countdown-timer-widget\/jquery\/","og_locale":"fr_FR","og_type":"article","og_title":"Compte \u00e0 rebours - ajoutez widget Plugin Minuteur sur jQuery","og_description":"Int\u00e9grez un Compte \u00e0 rebours avantageux sur votre site. Utilisez la d\u00e9mo d'Elfsight et g\u00e9n\u00e9rez votre widget en quelques minutes.","og_url":"https:\/\/elfsight.com\/fr\/countdown-timer-widget\/jquery\/","og_site_name":"Elfsight FR","article_modified_time":"2024-12-23T08:47:07+00:00","twitter_card":"summary_large_image","twitter_misc":{"Dur\u00e9e de lecture estim\u00e9e":"4 minutes"},"schema":{"@context":"https:\/\/schema.org","@graph":[{"@type":"WebPage","@id":"https:\/\/elfsight.com\/fr\/countdown-timer-widget\/jquery\/","url":"https:\/\/elfsight.com\/fr\/countdown-timer-widget\/jquery\/","name":"Compte \u00e0 rebours - ajoutez widget Plugin Minuteur sur jQuery","isPartOf":{"@id":"https:\/\/elfsight.com\/fr\/#website"},"datePublished":"2021-12-03T10:02:08+00:00","dateModified":"2024-12-23T08:47:07+00:00","description":"Int\u00e9grez un Compte \u00e0 rebours avantageux sur votre site. Utilisez la d\u00e9mo d'Elfsight et g\u00e9n\u00e9rez votre widget en quelques minutes.","breadcrumb":{"@id":"https:\/\/elfsight.com\/fr\/countdown-timer-widget\/jquery\/#breadcrumb"},"inLanguage":"fr-FR","potentialAction":[{"@type":"ReadAction","target":["https:\/\/elfsight.com\/fr\/countdown-timer-widget\/jquery\/"]}]},{"@type":"BreadcrumbList","@id":"https:\/\/elfsight.com\/fr\/countdown-timer-widget\/jquery\/#breadcrumb","itemListElement":[{"@type":"ListItem","position":1,"name":"Home","item":"https:\/\/elfsight.com\/fr\/"},{"@type":"ListItem","position":2,"name":"Countdown Timer","item":"https:\/\/elfsight.com\/fr\/countdown-timer-widget\/"},{"@type":"ListItem","position":3,"name":"Countdown Timer &#8211; jQuery"}]},{"@type":"WebSite","@id":"https:\/\/elfsight.com\/fr\/#website","url":"https:\/\/elfsight.com\/fr\/","name":"Elfsight FR","description":"","potentialAction":[{"@type":"SearchAction","target":{"@type":"EntryPoint","urlTemplate":"https:\/\/elfsight.com\/fr\/?s={search_term_string}"},"query-input":{"@type":"PropertyValueSpecification","valueRequired":true,"valueName":"search_term_string"}}],"inLanguage":"fr-FR"}]}},"meta_box":{"industry":"","seo_heading":"","heading":"","description":"","cta_heading":"","cta_description":"","application":"891","h1":"Widget Compte \u00e0 rebours pour jQuery","h1_caption":"Configurez un compte \u00e0 rebours pour des \u00e9v\u00e9nements ou des promotions importants, cr\u00e9ant ainsi un sentiment d'urgence pour vos visiteurs sur votre site Web jQuery sans effort.","application_category":[],"applications_title":"","applications_request_title":"","applications_request_button_text":"","hero_text":"","hero_video":"","hero_video_schema_markup":"","selling_points_title":"","selling_points_caption":"","selling_points":[],"selling_points_cta_text":"","features_title":"","features":"","ed_cta_examples_text":"","ed_cta_examples_hidden":"","ed_cta_demo_text":"","ed_cta_demo_hidden":"","why_caption":"","why_editor_title":"","why_editor_text":"","why_team_title":"","why_team_text":"","why_service_title":"","why_service_text":"","template_catalog_visible":"0","template_catalog_title":"","template_catalog_text":"","template_catalog_categories_visible":"","demo_title":"Cr\u00e9ez votre plugin Compte \u00e0 rebours","demo_caption":"Configurez votre compte \u00e0 rebours et ajoutez-le gratuitement \u00e0 votre site Web jQuery\u00a0!","default_faq_hidden":"","app_template_category":[],"platform":"355","template_public_id":"","codecanyon_url":"","codecanyon_item_id":"","codecanyon_price":"","pricing_caption":"","pricing_elfsight_apps_hide_column":"","pricing_elfsight_apps_url":"","pricing_codecanyon_price_caption":"","integration_category":[],"integration_request_title":"","integration_request_cta":"","integration_platform":"","integrations":[],"platform_category":[],"video_schema_markup":"","price":"\u00c0 partir de $0\/mois","trial":"","benefits":[{"text":"Installation gratuite"},{"text":"Support Premium"},{"text":"Garantie de remboursement de 14 jours"},{"text":"L'am\u00e9lioration continue"}],"button_url":"#demo","button_target_blank":"0","button_nofollow":"0","attributes":[{"name":"Nombre d'installations","content":"1,000 - 5,000","_state":"expanded"},{"name":"Adaptif","content":"Oui","_state":"expanded"},{"name":"Navigateurs compatibles","content":"Firefox, Safari, Opera, Chrome, Edge","_state":"expanded"}],"tags":[],"tags_disable_links":"0","hide_more_platforms":"","video_object":"","demo_hide_cta":"0","demo_hide_cloud_options":"0","pricing_title":"","pricing":[{"pricing_icon":"platform","pricing_title":"Applications d'Elfsight","pricing_title_caption":"Solution num\u00e9rique multiplateforme qui fonctionne sur n'importe quel site","pricing_price":"\u00c0 partir de $0\/mois","pricing_price_caption":"Commencez avec un plan gratuit","pricing_benefits":[{"text":"Sites Web illimit\u00e9s"},{"text":"\u00c9quipe d'assistance professionnelle"},{"text":"Service d'installation gratuit"},{"text":"100% personnalisable"}],"pricing_button_text":"Ajouter au site Web","pricing_button_url":"https:\/\/apps.elfsight.com\/sign-up\/","pricing_button_nofollow":"1","_state":"expanded"}],"related_apps_title":"","related_apps_hidden":"1","author":"","image":[],"title":"","job":"","social_networks":[]},"_links":{"self":[{"href":"https:\/\/elfsight.com\/fr\/wp-json\/wp\/v2\/pages\/4718","targetHints":{"allow":["GET"]}}],"collection":[{"href":"https:\/\/elfsight.com\/fr\/wp-json\/wp\/v2\/pages"}],"about":[{"href":"https:\/\/elfsight.com\/fr\/wp-json\/wp\/v2\/types\/page"}],"author":[{"embeddable":true,"href":"https:\/\/elfsight.com\/fr\/wp-json\/wp\/v2\/users\/18"}],"replies":[{"embeddable":true,"href":"https:\/\/elfsight.com\/fr\/wp-json\/wp\/v2\/comments?post=4718"}],"version-history":[{"count":3,"href":"https:\/\/elfsight.com\/fr\/wp-json\/wp\/v2\/pages\/4718\/revisions"}],"predecessor-version":[{"id":16007,"href":"https:\/\/elfsight.com\/fr\/wp-json\/wp\/v2\/pages\/4718\/revisions\/16007"}],"up":[{"embeddable":true,"href":"https:\/\/elfsight.com\/fr\/wp-json\/wp\/v2\/pages\/892"}],"wp:attachment":[{"href":"https:\/\/elfsight.com\/fr\/wp-json\/wp\/v2\/media?parent=4718"}],"curies":[{"name":"wp","href":"https:\/\/api.w.org\/{rel}","templated":true}]}}