{"id":4716,"date":"2021-12-03T10:02:11","date_gmt":"2021-12-03T10:02:11","guid":{"rendered":"https:\/\/elfsight.com\/fr\/?page_id=4716"},"modified":"2025-07-09T17:14:50","modified_gmt":"2025-07-09T17:14:50","slug":"joomla","status":"publish","type":"page","link":"https:\/\/elfsight.com\/fr\/countdown-timer-widget\/joomla\/","title":{"rendered":"Countdown Timer &#8211; Joomla"},"content":{"rendered":"<div class=\"application-platform-content-item-description application-platform-content-item\" id=\"description\" data-nav-section=\"description\"><h2>Description<\/h2><p>Cr\u00e9ez des minuteurs d&rsquo;augmentation des ventes pour votre site Web avec le module Elfsight Countdown. Cr\u00e9ez l&rsquo;atmosph\u00e8re et donnez un sentiment de d\u00e9ficit \u00e0 vos offres, d\u00e9montrant \u00e0 quelle vitesse elles sont \u00e9puis\u00e9es. Incitez les utilisateurs \u00e0 acheter avec le temps qui s&rsquo;\u00e9coule jusqu&rsquo;\u00e0 la fin de la p\u00e9riode d&rsquo;offre sp\u00e9ciale. Annoncez vos futures occasions ou lancements de produits et faites en sorte que votre client\u00e8le les attende avec impatience en leur montrant un compte \u00e0 rebours jusqu&rsquo;au d\u00e9but.<\/p><p><b>Rendez vos \u00e9v\u00e9nements et ventes incontournables et attirez plus d&rsquo;achats. <\/b><\/p><p><b>Incitez vos visiteurs \u00e0 faire leurs achats en \u00e9voquant un sentiment d&rsquo;urgence. <\/b><br> Faites craindre \u00e0 vos clients de rater vos bas prix, alors que le temps presse. Cela permettra aux clients d&rsquo;acheter plus rapidement et d&rsquo;augmenter les ventes sur votre site.<\/p><p><b>Affichez que le stock diminue afin d&rsquo;augmenter la valeur per\u00e7ue des articles.<\/b><br> Cr\u00e9ez un compteur de stock, montrant que vos marchandises partent comme des petits pains chauds et deviennent d\u00e9ficitaires. Cela incitera les gens \u00e0 appr\u00e9cier davantage les articles et \u00e0 devenir d\u00e9sireux de les acqu\u00e9rir \u00e9galement.<\/p><p><b>Attirez davantage l&rsquo;attention sur vos ventes \u00e0 l&rsquo;aide d&rsquo;une barre de compte \u00e0 rebours sp\u00e9ciale sur le th\u00e8me des f\u00eates.<\/b><br> Affichez un affichage attrayant. bar de vente \u00e0 th\u00e8me pour les vacances et les \u00e9v\u00e9nements sp\u00e9ciaux. Il refl\u00e9tera l&rsquo;ambiance des f\u00eates et fera la promotion de vos bonnes affaires pour vous aider \u00e0 vendre pendant la saison rentable.<\/p><\/div><div class=\"application-platform-content-item-features application-platform-content-item\" id=\"features\" data-nav-section=\"features\"><h2>Fonctionnalit\u00e9s<\/h2><p>5 attributs , qui font de notre module la solution id\u00e9ale pour le site Web Joomla\u00a0:<\/p><ul><li>Option pour d\u00e9finir la date et l&rsquo;heure de d\u00e9but et de fin\u00a0;<\/li><li>Texte du bouton modifiable\u00a0;<\/li><li>Quatre unit\u00e9s de temps\u00a0: jours, heures, minutes, secondes\u00a0;<\/li><li>5 th\u00e8mes de vacances pour les occasions les plus populaires\u00a0;<\/li><li>Tailles personnalisables de la minuterie et du bouton.<\/li><\/ul><p><a href=\"#demo\">Testez la liste compl\u00e8te des caract\u00e9ristiques dans la d\u00e9mo\u00a0!<\/a><\/p><\/div><div class=\"application-platform-content-item-installation application-platform-content-item\" id=\"installation\" data-nav-section=\"installation\"><h2>Comment ajouter un compte \u00e0 rebours \u00e0 Site Web Joomla<\/h2><div class=\"video-container\"><iframe width=\"720\" height=\"405\" src=\"https:\/\/www.youtube.com\/embed\/sp1GYC0i__Q\" frameborder=\"0\" allowfullscreen=\"\"><\/iframe><\/div><p>Suivez simplement les \u00e9tapes indiqu\u00e9es ci-dessous pour activer l&rsquo;extension sur Joomla.<\/p> <ol><li><b>Lancez notre d\u00e9mo gratuite et commencez \u00e0 fa\u00e7onner votre widget sur mesure. <\/b><br> Sp\u00e9cifiez la conception et les sp\u00e9cifications appropri\u00e9es de l&rsquo;extension et enregistrez les modifications. <\/li> <li><b>Acqu\u00e9rez votre code unique qui est affich\u00e9 dans la case sur les applications Elfsight. <\/b><br> D\u00e8s que la personnalisation de votre extension personnelle Countdown Timer est termin\u00e9e, copiez le code individuel de la fen\u00eatre qui appara\u00eet et conservez-le pour une utilisation future. <\/li> <li><b>Commencez \u00e0 utiliser le plugin sur votre site Web Joomla. <\/b><br> Placez le code que vous avez enregistr\u00e9 r\u00e9cemment sur votre site Web et enregistrez les am\u00e9liorations. <\/li> <li><b>Vous avez termin\u00e9\u00a0! L&rsquo;int\u00e9gration est enti\u00e8rement r\u00e9alis\u00e9e. <\/b><br> Visitez votre page pour v\u00e9rifier comment fonctionne le plugin. <\/li><\/ol><p>Si vous avez des probl\u00e8mes ou des questions concernant l&rsquo;installation\u00a0? Laissez votre message \u00e0 l&rsquo;\u00e9quipe d&rsquo;assistance d&rsquo;Elfsight avec une explication du probl\u00e8me. Nous ferons de notre mieux pour apporter des solutions. Ou essayez d&rsquo;utiliser une <a href=\"https:\/\/elfsight.com\/tutorials\/how-to-add-countdown-timer-to-joomla\/\" target=\"_blank\" rel=\"noopener noreferrer\">instructions approfondies<\/a>.<\/p><div class=\"faq\" data-component=\"FAQ\"> <div class=\"faq-item\">\r\n\t\t\t\t\t<div class=\"faq-item-question\">\r\n\t\t\t\t\t\t<h3 class=\"faq-item-question-text\">Comment puis-je ajouter un compte \u00e0 rebours \u00e0 mon site Joomla sans comp\u00e9tences en codage ?<\/h3>\r\n\r\n\t\t\t\t\t\t<div class=\"faq-item-question-icon\"><\/div>\r\n\t\t\t\t\t<\/div>\r\n\r\n\t\t\t\t\t<div class=\"faq-item-answer\">\r\n\t\t\t\t\t\t<div class=\"faq-item-answer-text\"> <p>Elfsight fournit une solution SaaS qui vous permet de cr\u00e9er vous-m\u00eame un widget Compte \u00e0 rebours. , voyez \u00e0 quel point le processus est simple\u00a0: travaillez directement dans l&rsquo;\u00e9diteur en ligne pour cr\u00e9er un widget Compte \u00e0 rebours que vous aimeriez voir sur votre site Web Joomla. Choisissez l&rsquo;un des mod\u00e8les pr\u00e9d\u00e9finis et ajustez les param\u00e8tres du compte \u00e0 rebours, ajoutez votre contenu, modifiez la mise en page et les couleurs sans aucune comp\u00e9tence en codage. Enregistrez le compte \u00e0 rebours et copiez son code d&rsquo;installation, que vous pourrez facilement ajouter \u00e0 votre site Web Joomla sans avoir besoin d&rsquo;acheter un forfait payant. Gr\u00e2ce \u00e0 notre \u00e9diteur intuitif, tout internaute peut cr\u00e9er un widget Compte \u00e0 rebours en ligne et l&rsquo;int\u00e9grer facilement \u00e0 son site Web Joomla. Il n&rsquo;est pas n\u00e9cessaire de payer ou de saisir les informations d&rsquo;identification de votre carte pour acc\u00e9der au service. Si vous rencontrez des probl\u00e8mes \u00e0 n&rsquo;importe quelle \u00e9tape, n&rsquo;h\u00e9sitez pas \u00e0 contacter notre \u00e9quipe d&rsquo;assistance technique.<\/p> <\/div>\r\n\t\t\t\t\t<\/div>\r\n\t\t\t\t<\/div> <\/div> <\/div>","protected":false},"excerpt":{"rendered":"","protected":false},"author":18,"featured_media":0,"parent":892,"menu_order":0,"comment_status":"closed","ping_status":"closed","template":"templates\/template-application-platform.php","meta":{"publish_to_discourse":"","publish_post_category":"","wpdc_auto_publish_overridden":"","wpdc_topic_tags":"","wpdc_pin_topic":"","wpdc_pin_until":"","discourse_post_id":"","discourse_permalink":"","wpdc_publishing_response":"","wpdc_publishing_error":"","footnotes":""},"class_list":["post-4716","page","type-page","status-publish","hentry"],"yoast_head":"<!-- This site is optimized with the Yoast SEO plugin v25.3.1 - https:\/\/yoast.com\/wordpress\/plugins\/seo\/ -->\n<title>Compte \u00e0 rebours - ajoutez extension Plugin Minuteur sur Joomla<\/title>\n<meta name=\"description\" content=\"Int\u00e9grez un Compte \u00e0 rebours attractif sur votre site. Appliquez la d\u00e9mo d&#039;Elfsight et g\u00e9n\u00e9rez votre module en 2 minutes.\" \/>\n<meta name=\"robots\" content=\"index, follow, max-snippet:-1, max-image-preview:large, max-video-preview:-1\" \/>\n<link rel=\"canonical\" href=\"https:\/\/elfsight.com\/fr\/countdown-timer-widget\/joomla\/\" \/>\n<meta property=\"og:locale\" content=\"fr_FR\" \/>\n<meta property=\"og:type\" content=\"article\" \/>\n<meta property=\"og:title\" content=\"Compte \u00e0 rebours - ajoutez extension Plugin Minuteur sur Joomla\" \/>\n<meta property=\"og:description\" content=\"Int\u00e9grez un Compte \u00e0 rebours attractif sur votre site. Appliquez la d\u00e9mo d&#039;Elfsight et g\u00e9n\u00e9rez votre module en 2 minutes.\" \/>\n<meta property=\"og:url\" content=\"https:\/\/elfsight.com\/fr\/countdown-timer-widget\/joomla\/\" \/>\n<meta property=\"og:site_name\" content=\"Elfsight FR\" \/>\n<meta property=\"article:modified_time\" content=\"2025-07-09T17:14:50+00:00\" \/>\n<meta name=\"twitter:card\" content=\"summary_large_image\" \/>\n<meta name=\"twitter:label1\" content=\"Dur\u00e9e de lecture estim\u00e9e\" \/>\n\t<meta name=\"twitter:data1\" content=\"1 minute\" \/>\n<!-- \/ Yoast SEO plugin. -->","yoast_head_json":{"title":"Compte \u00e0 rebours - ajoutez extension Plugin Minuteur sur Joomla","description":"Int\u00e9grez un Compte \u00e0 rebours attractif sur votre site. Appliquez la d\u00e9mo d'Elfsight et g\u00e9n\u00e9rez votre module en 2 minutes.","robots":{"index":"index","follow":"follow","max-snippet":"max-snippet:-1","max-image-preview":"max-image-preview:large","max-video-preview":"max-video-preview:-1"},"canonical":"https:\/\/elfsight.com\/fr\/countdown-timer-widget\/joomla\/","og_locale":"fr_FR","og_type":"article","og_title":"Compte \u00e0 rebours - ajoutez extension Plugin Minuteur sur Joomla","og_description":"Int\u00e9grez un Compte \u00e0 rebours attractif sur votre site. Appliquez la d\u00e9mo d'Elfsight et g\u00e9n\u00e9rez votre module en 2 minutes.","og_url":"https:\/\/elfsight.com\/fr\/countdown-timer-widget\/joomla\/","og_site_name":"Elfsight FR","article_modified_time":"2025-07-09T17:14:50+00:00","twitter_card":"summary_large_image","twitter_misc":{"Dur\u00e9e de lecture estim\u00e9e":"1 minute"},"schema":{"@context":"https:\/\/schema.org","@graph":[{"@type":"WebPage","@id":"https:\/\/elfsight.com\/fr\/countdown-timer-widget\/joomla\/","url":"https:\/\/elfsight.com\/fr\/countdown-timer-widget\/joomla\/","name":"Compte \u00e0 rebours - ajoutez extension Plugin Minuteur sur Joomla","isPartOf":{"@id":"https:\/\/elfsight.com\/fr\/#website"},"datePublished":"2021-12-03T10:02:11+00:00","dateModified":"2025-07-09T17:14:50+00:00","description":"Int\u00e9grez un Compte \u00e0 rebours attractif sur votre site. Appliquez la d\u00e9mo d'Elfsight et g\u00e9n\u00e9rez votre module en 2 minutes.","breadcrumb":{"@id":"https:\/\/elfsight.com\/fr\/countdown-timer-widget\/joomla\/#breadcrumb"},"inLanguage":"fr-FR","potentialAction":[{"@type":"ReadAction","target":["https:\/\/elfsight.com\/fr\/countdown-timer-widget\/joomla\/"]}]},{"@type":"BreadcrumbList","@id":"https:\/\/elfsight.com\/fr\/countdown-timer-widget\/joomla\/#breadcrumb","itemListElement":[{"@type":"ListItem","position":1,"name":"Home","item":"https:\/\/elfsight.com\/fr\/"},{"@type":"ListItem","position":2,"name":"Countdown Timer","item":"https:\/\/elfsight.com\/fr\/countdown-timer-widget\/"},{"@type":"ListItem","position":3,"name":"Countdown Timer &#8211; Joomla"}]},{"@type":"WebSite","@id":"https:\/\/elfsight.com\/fr\/#website","url":"https:\/\/elfsight.com\/fr\/","name":"Elfsight FR","description":"","potentialAction":[{"@type":"SearchAction","target":{"@type":"EntryPoint","urlTemplate":"https:\/\/elfsight.com\/fr\/?s={search_term_string}"},"query-input":{"@type":"PropertyValueSpecification","valueRequired":true,"valueName":"search_term_string"}}],"inLanguage":"fr-FR"}]}},"meta_box":{"industry":"","seo_heading":"","heading":"","description":"","cta_heading":"","cta_description":"","application":"891","h1":"Extension Compte \u00e0 rebours pour Joomla","h1_caption":"Configurez un compte \u00e0 rebours pour les \u00e9v\u00e9nements ou promotions importants, cr\u00e9ant ainsi un sentiment d'urgence pour vos visiteurs sur votre site Web Joomla sans effort.","application_category":[],"applications_title":"","applications_request_title":"","applications_request_button_text":"","hero_text":"","hero_video":"","hero_video_schema_markup":"","selling_points_title":"","selling_points_caption":"","selling_points":[],"selling_points_cta_text":"","features_title":"","features":"","ed_cta_examples_text":"","ed_cta_examples_hidden":"","ed_cta_demo_text":"","ed_cta_demo_hidden":"","why_caption":"","why_editor_title":"","why_editor_text":"","why_team_title":"","why_team_text":"","why_service_title":"","why_service_text":"","template_catalog_visible":"","template_catalog_title":"","template_catalog_text":"","template_catalog_categories_visible":"","demo_title":"Cr\u00e9ez votre plugin Compte \u00e0 rebours","demo_caption":"Configurez votre compte \u00e0 rebours et ajoutez-le gratuitement \u00e0 votre site Web Joomla\u00a0!","default_faq_hidden":"","app_template_category":[],"platform":"354","template_public_id":"","codecanyon_url":"","codecanyon_item_id":"","codecanyon_price":"","pricing_caption":"","pricing_elfsight_apps_hide_column":"","pricing_elfsight_apps_url":"","pricing_codecanyon_price_caption":"","integration_category":[],"integration_request_title":"","integration_request_cta":"","integration_platform":"","integrations":[],"platform_category":[],"video_schema_markup":"","price":"\u00c0 partir de $0\/mois","trial":"","benefits":[{"text":"Installation gratuite"},{"text":"Support Premium"},{"text":"Garantie de remboursement de 14 jours"},{"text":"L'am\u00e9lioration continue"}],"button_url":"#demo","button_target_blank":"0","button_nofollow":"0","attributes":[{"name":"Nombre d'installations","content":"1,000 - 5,000","_state":"expanded"},{"name":"Adaptif","content":"Oui","_state":"expanded"},{"name":"Navigateurs compatibles","content":"Firefox, Safari, Opera, Chrome, Edge","_state":"expanded"}],"tags":[],"tags_disable_links":"0","hide_more_platforms":"","video_object":"","demo_hide_cta":"0","demo_hide_cloud_options":"0","pricing_title":"","pricing":[{"pricing_icon":"platform","pricing_title":"Applications d'Elfsight","pricing_title_caption":"Solution num\u00e9rique multiplateforme qui fonctionne sur n'importe quel site","pricing_price":"\u00c0 partir de $0\/mois","pricing_price_caption":"Commencez avec un plan gratuit","pricing_benefits":[{"text":"Sites Web illimit\u00e9s"},{"text":"\u00c9quipe d'assistance professionnelle"},{"text":"Service d'installation gratuit"},{"text":"100% personnalisable"}],"pricing_button_text":"Ajouter au site Web","pricing_button_url":"https:\/\/apps.elfsight.com\/sign-up\/","pricing_button_nofollow":"1","_state":"expanded"}],"related_apps_title":"","related_apps_hidden":"1","author":"","image":[],"title":"","job":"","social_networks":[]},"_links":{"self":[{"href":"https:\/\/elfsight.com\/fr\/wp-json\/wp\/v2\/pages\/4716","targetHints":{"allow":["GET"]}}],"collection":[{"href":"https:\/\/elfsight.com\/fr\/wp-json\/wp\/v2\/pages"}],"about":[{"href":"https:\/\/elfsight.com\/fr\/wp-json\/wp\/v2\/types\/page"}],"author":[{"embeddable":true,"href":"https:\/\/elfsight.com\/fr\/wp-json\/wp\/v2\/users\/18"}],"replies":[{"embeddable":true,"href":"https:\/\/elfsight.com\/fr\/wp-json\/wp\/v2\/comments?post=4716"}],"version-history":[{"count":2,"href":"https:\/\/elfsight.com\/fr\/wp-json\/wp\/v2\/pages\/4716\/revisions"}],"predecessor-version":[{"id":14629,"href":"https:\/\/elfsight.com\/fr\/wp-json\/wp\/v2\/pages\/4716\/revisions\/14629"}],"up":[{"embeddable":true,"href":"https:\/\/elfsight.com\/fr\/wp-json\/wp\/v2\/pages\/892"}],"wp:attachment":[{"href":"https:\/\/elfsight.com\/fr\/wp-json\/wp\/v2\/media?parent=4716"}],"curies":[{"name":"wp","href":"https:\/\/api.w.org\/{rel}","templated":true}]}}