{"id":4712,"date":"2021-12-03T10:02:16","date_gmt":"2021-12-03T10:02:16","guid":{"rendered":"https:\/\/elfsight.com\/fr\/?page_id=4712"},"modified":"2025-07-09T17:14:38","modified_gmt":"2025-07-09T17:14:38","slug":"iframe","status":"publish","type":"page","link":"https:\/\/elfsight.com\/fr\/countdown-timer-widget\/iframe\/","title":{"rendered":"Countdown Timer &#8211; iFrame"},"content":{"rendered":"<div class=\"application-platform-content-item-description application-platform-content-item\" id=\"description\" data-nav-section=\"description\"> <h2>Int\u00e9grez un compte \u00e0 rebours sur iFrame avec le widget Elfsight<\/h2><p>Ajoutez des comptes g\u00e9n\u00e9rant des ventes \u00e0 votre site avec le compte \u00e0 rebours Elfsight. R\u00e9chauffez l\u2019ambiance et apportez un sentiment de d\u00e9ficit de vos offres, en montrant \u00e0 quelle vitesse elles s\u2019\u00e9coulent sous les yeux des clients. Augmentez l\u2019urgence d\u2019acheter avec le temps jusqu\u2019\u00e0 la fin de la p\u00e9riode d\u2019offre sp\u00e9ciale. Annoncez vos futures occasions et gardez votre client\u00e8le impatiente du d\u00e9but \u00e0 l\u2019aide d\u2019un compte \u00e0 rebours. <\/p> <p><b>Augmentez les ventes de votre site Web gr\u00e2ce \u00e0 des minuteries et \u00e0 des d\u00e9comptes d&rsquo;urgence. <\/b><\/p> <p><b>Incitez les clients \u00e0 acheter en cr\u00e9ant un sentiment d&rsquo;urgence.<\/b><br> Faites ressentir \u00e0 vos utilisateurs la peur de rater votre offre sp\u00e9ciale et votre vente, au fil du temps. jusqu&rsquo;\u00e0 son dernier jour. Cela incitera les gens \u00e0 acheter plus rapidement et \u00e0 augmenter les ventes sur votre site. <\/p> <p><b>D\u00e9montrer la r\u00e9duction des stocks afin d&rsquo;augmenter la valeur des articles. <\/b><br> Cr\u00e9ez un sentiment de concurrence pour vos produits en montrant comment le niveau des achats augmente et le stock diminue. La valeur per\u00e7ue du produit augmentera et les visiteurs voudront \u00e9galement l\u2019acqu\u00e9rir. <\/p> <p><b>Attirez davantage d&rsquo;attention sur les ventes en utilisant une barre de compte \u00e0 rebours lumineuse sur le th\u00e8me des f\u00eates. <\/b><br> Via des bars \u00e0 th\u00e8me attractifs, vous pouvez annoncer vos bons plans et soldes saisonniers. Donnez-nous le temps du festival pour augmenter les ventes sur votre site.<\/p> <\/div><div class=\"application-platform-content-item-features application-platform-content-item\" id=\"features\" data-nav-section=\"features\"> <h2>Principales fonctionnalit\u00e9s du widget Compte \u00e0 rebours<\/h2> <p>V\u00e9rifiez le plugin premium pour le site iFrame gratuit! Cr\u00e9ez un plugin individuel sur Elfsight en seulement 2 minutes. <\/p><ul> <li>Compteur et d\u00e9compteur\u00a0; <\/li> <li>Texte du message modifiable avec mise en forme\u00a0; <\/li> <li>Quatre unit\u00e9s de temps\u00a0: jours, heures, minutes, secondes\u00a0; <\/li> <li>Aligner les variantes pour une position personnalis\u00e9e\u00a0: gauche, droite, centre\u00a0; <\/li> <li>Un design \u00e9pur\u00e9 garantissant une int\u00e9gration transparente dans n&rsquo;importe quel concept de site Web.<\/li><\/ul><p><a href=\"#demo\">V\u00e9rifiez les fonctionnalit\u00e9s les plus importantes dans la d\u00e9mo Elfsight<\/a><\/p><\/div> <div class=\"application-platform-content-item-setup application-platform-content-item\" id=\"setup\" data-nav-section=\"setup\"> <h2>Comment ajouter un compte \u00e0 rebours au site Web iFrame<\/h2><p>Lisez notre manuel express sur l&rsquo;int\u00e9gration et la configuration du plugin. Pas besoin d&rsquo;avoir des comp\u00e9tences en programmation et le temps r\u00e9capitulatif du processus sera d&rsquo;environ 70 secondes.<\/p><ol><li><b>G\u00e9n\u00e9rez votre plugin Compte \u00e0 rebours personnalis\u00e9<\/b><br> En g\u00e9rant notre \u00e9diteur gratuit, obtenez un plugin avec une composition pr\u00e9f\u00e9r\u00e9e et des caract\u00e9ristiques fonctionnelles. <\/li><li><b>Copiez le code individuel pour installer le plugin<\/b><br> Apr\u00e8s avoir cr\u00e9\u00e9 votre plugin, vous obtiendrez le code unique dans la fen\u00eatre apparue sur Elfsight Apps. Copiez-le pour une utilisation ult\u00e9rieure. <\/li> <li><b> Le plugin sur votre site iFrame<\/b><br> Choisissez la zone o\u00f9 vous devez afficher le plugin et collez-y le code copi\u00e9. Enregistrez les modifications. <\/li> <li><b>Vous avez termin\u00e9\u00a0!<\/b><br> Acc\u00e9dez \u00e0 la page Web pour jeter un \u0153il \u00e0 votre minuteur. <\/li> <\/ol><p>Vous rencontrez des difficult\u00e9s lors de la r\u00e9alisation du guide ? Adressez un message au centre d&rsquo;assistance Elfsight ou consultez la variante d\u00e9taill\u00e9e du manuel pour essayer de r\u00e9soudre le probl\u00e8me vous-m\u00eame.<\/p><div class=\"faq\" data-component=\"FAQ\"> <div class=\"faq-item\">\r\n\t\t\t\t\t<div class=\"faq-item-question\">\r\n\t\t\t\t\t\t<h3 class=\"faq-item-question-text\">Comment ajouter un compte \u00e0 rebours \u00e0 mon site Web iFrame sans comp\u00e9tences en codage ?<\/h3>\r\n\r\n\t\t\t\t\t\t<div class=\"faq-item-question-icon\"><\/div>\r\n\t\t\t\t\t<\/div>\r\n\r\n\t\t\t\t\t<div class=\"faq-item-answer\">\r\n\t\t\t\t\t\t<div class=\"faq-item-answer-text\"> <p>Elfsight fournit une solution SaaS qui vous permet de cr\u00e9er vous-m\u00eame un widget Compte \u00e0 rebours. Voyez \u00e0 quel point le processus est simple\u00a0: Travaillez directement dans l&rsquo;\u00e9diteur en ligne pour cr\u00e9er un widget Compte \u00e0 rebours que vous aimeriez voir sur votre site Web iFrame. Choisissez l&rsquo;un des mod\u00e8les pr\u00e9d\u00e9finis et ajustez les param\u00e8tres du compte \u00e0 rebours, ajoutez votre contenu, modifiez la mise en page et la palette de couleurs sans aucune comp\u00e9tence en codage. Enregistrez le compte \u00e0 rebours et copiez son code d&rsquo;installation afin de pouvoir l&rsquo;ajouter facilement \u00e0 votre site Web iFrame sans acheter de forfait payant. Gr\u00e2ce \u00e0 notre \u00e9diteur intuitif, tout internaute peut cr\u00e9er un widget Compte \u00e0 rebours en ligne et l&rsquo;int\u00e9grer facilement \u00e0 son site Web iFrame. Il n&rsquo;est pas n\u00e9cessaire de payer ou de saisir les informations d&rsquo;identification de votre carte pour acc\u00e9der au service. Si vous rencontrez des probl\u00e8mes \u00e0 n&rsquo;importe quelle \u00e9tape, n&rsquo;h\u00e9sitez pas \u00e0 contacter notre \u00e9quipe d&rsquo;assistance technique.<\/p> <\/div>\r\n\t\t\t\t\t<\/div>\r\n\t\t\t\t<\/div> <\/div> <\/div>","protected":false},"excerpt":{"rendered":"","protected":false},"author":18,"featured_media":0,"parent":892,"menu_order":0,"comment_status":"closed","ping_status":"closed","template":"templates\/template-application-platform.php","meta":{"publish_to_discourse":"","publish_post_category":"","wpdc_auto_publish_overridden":"","wpdc_topic_tags":"","wpdc_pin_topic":"","wpdc_pin_until":"","discourse_post_id":"","discourse_permalink":"","wpdc_publishing_response":"","wpdc_publishing_error":"","footnotes":""},"class_list":["post-4712","page","type-page","status-publish","hentry"],"yoast_head":"<!-- This site is optimized with the Yoast SEO plugin v25.3.1 - https:\/\/yoast.com\/wordpress\/plugins\/seo\/ -->\n<title>Compte \u00e0 rebours - ajoutez widget Plugin Minuteur sur iFrame<\/title>\n<meta name=\"description\" content=\"Int\u00e9grez un Compte \u00e0 rebours attractif sur votre site. Appliquez la d\u00e9mo d&#039;Elfsight et g\u00e9n\u00e9rez votre widget en 2 minutes.\" \/>\n<meta name=\"robots\" content=\"index, follow, max-snippet:-1, max-image-preview:large, max-video-preview:-1\" \/>\n<link rel=\"canonical\" href=\"https:\/\/elfsight.com\/fr\/countdown-timer-widget\/iframe\/\" \/>\n<meta property=\"og:locale\" content=\"fr_FR\" \/>\n<meta property=\"og:type\" content=\"article\" \/>\n<meta property=\"og:title\" content=\"Compte \u00e0 rebours - ajoutez widget Plugin Minuteur sur iFrame\" \/>\n<meta property=\"og:description\" content=\"Int\u00e9grez un Compte \u00e0 rebours attractif sur votre site. Appliquez la d\u00e9mo d&#039;Elfsight et g\u00e9n\u00e9rez votre widget en 2 minutes.\" \/>\n<meta property=\"og:url\" content=\"https:\/\/elfsight.com\/fr\/countdown-timer-widget\/iframe\/\" \/>\n<meta property=\"og:site_name\" content=\"Elfsight FR\" \/>\n<meta property=\"article:modified_time\" content=\"2025-07-09T17:14:38+00:00\" \/>\n<meta name=\"twitter:card\" content=\"summary_large_image\" \/>\n<meta name=\"twitter:label1\" content=\"Dur\u00e9e de lecture estim\u00e9e\" \/>\n\t<meta name=\"twitter:data1\" content=\"1 minute\" \/>\n<!-- \/ Yoast SEO plugin. -->","yoast_head_json":{"title":"Compte \u00e0 rebours - ajoutez widget Plugin Minuteur sur iFrame","description":"Int\u00e9grez un Compte \u00e0 rebours attractif sur votre site. Appliquez la d\u00e9mo d'Elfsight et g\u00e9n\u00e9rez votre widget en 2 minutes.","robots":{"index":"index","follow":"follow","max-snippet":"max-snippet:-1","max-image-preview":"max-image-preview:large","max-video-preview":"max-video-preview:-1"},"canonical":"https:\/\/elfsight.com\/fr\/countdown-timer-widget\/iframe\/","og_locale":"fr_FR","og_type":"article","og_title":"Compte \u00e0 rebours - ajoutez widget Plugin Minuteur sur iFrame","og_description":"Int\u00e9grez un Compte \u00e0 rebours attractif sur votre site. Appliquez la d\u00e9mo d'Elfsight et g\u00e9n\u00e9rez votre widget en 2 minutes.","og_url":"https:\/\/elfsight.com\/fr\/countdown-timer-widget\/iframe\/","og_site_name":"Elfsight FR","article_modified_time":"2025-07-09T17:14:38+00:00","twitter_card":"summary_large_image","twitter_misc":{"Dur\u00e9e de lecture estim\u00e9e":"1 minute"},"schema":{"@context":"https:\/\/schema.org","@graph":[{"@type":"WebPage","@id":"https:\/\/elfsight.com\/fr\/countdown-timer-widget\/iframe\/","url":"https:\/\/elfsight.com\/fr\/countdown-timer-widget\/iframe\/","name":"Compte \u00e0 rebours - ajoutez widget Plugin Minuteur sur iFrame","isPartOf":{"@id":"https:\/\/elfsight.com\/fr\/#website"},"datePublished":"2021-12-03T10:02:16+00:00","dateModified":"2025-07-09T17:14:38+00:00","description":"Int\u00e9grez un Compte \u00e0 rebours attractif sur votre site. Appliquez la d\u00e9mo d'Elfsight et g\u00e9n\u00e9rez votre widget en 2 minutes.","breadcrumb":{"@id":"https:\/\/elfsight.com\/fr\/countdown-timer-widget\/iframe\/#breadcrumb"},"inLanguage":"fr-FR","potentialAction":[{"@type":"ReadAction","target":["https:\/\/elfsight.com\/fr\/countdown-timer-widget\/iframe\/"]}]},{"@type":"BreadcrumbList","@id":"https:\/\/elfsight.com\/fr\/countdown-timer-widget\/iframe\/#breadcrumb","itemListElement":[{"@type":"ListItem","position":1,"name":"Home","item":"https:\/\/elfsight.com\/fr\/"},{"@type":"ListItem","position":2,"name":"Countdown Timer","item":"https:\/\/elfsight.com\/fr\/countdown-timer-widget\/"},{"@type":"ListItem","position":3,"name":"Countdown Timer &#8211; iFrame"}]},{"@type":"WebSite","@id":"https:\/\/elfsight.com\/fr\/#website","url":"https:\/\/elfsight.com\/fr\/","name":"Elfsight FR","description":"","potentialAction":[{"@type":"SearchAction","target":{"@type":"EntryPoint","urlTemplate":"https:\/\/elfsight.com\/fr\/?s={search_term_string}"},"query-input":{"@type":"PropertyValueSpecification","valueRequired":true,"valueName":"search_term_string"}}],"inLanguage":"fr-FR"}]}},"meta_box":{"industry":"","seo_heading":"","heading":"","description":"","cta_heading":"","cta_description":"","application":"891","h1":"Widget Compte \u00e0 rebours pour iFrame","h1_caption":"Configurez un compte \u00e0 rebours pour les \u00e9v\u00e9nements ou promotions importants, cr\u00e9ant ainsi un sentiment d'urgence pour vos visiteurs sur votre site Web iFrame sans effort.","application_category":[],"applications_title":"","applications_request_title":"","applications_request_button_text":"","hero_text":"","hero_video":"","hero_video_schema_markup":"","selling_points_title":"","selling_points_caption":"","selling_points":[],"selling_points_cta_text":"","features_title":"","features":"","ed_cta_examples_text":"","ed_cta_examples_hidden":"","ed_cta_demo_text":"","ed_cta_demo_hidden":"","why_caption":"","why_editor_title":"","why_editor_text":"","why_team_title":"","why_team_text":"","why_service_title":"","why_service_text":"","template_catalog_visible":"","template_catalog_title":"","template_catalog_text":"","template_catalog_categories_visible":"","demo_title":"Cr\u00e9ez votre widget Compte \u00e0 rebours","demo_caption":"Configurez votre compte \u00e0 rebours et ajoutez-le gratuitement \u00e0 votre site Web iFrame\u00a0!","default_faq_hidden":"","app_template_category":[],"platform":"371","template_public_id":"","codecanyon_url":"","codecanyon_item_id":"","codecanyon_price":"","pricing_caption":"","pricing_elfsight_apps_hide_column":"","pricing_elfsight_apps_url":"","pricing_codecanyon_price_caption":"","integration_category":[],"integration_request_title":"","integration_request_cta":"","integration_platform":"","integrations":[],"platform_category":[],"video_schema_markup":"","price":"\u00c0 partir de $0\/mois","trial":"","benefits":[{"text":"Installation gratuite"},{"text":"Support Premium"},{"text":"Garantie de remboursement de 14 jours"},{"text":"L'am\u00e9lioration continue"}],"button_url":"#demo","button_target_blank":"0","button_nofollow":"0","attributes":[{"name":"Nombre d'installations","content":"1,000 - 5,000","_state":"expanded"},{"name":"Adaptif","content":"Oui","_state":"expanded"},{"name":"Navigateurs compatibles","content":"Firefox, Safari, Opera, Chrome, Edge","_state":"expanded"}],"tags":[],"tags_disable_links":"0","hide_more_platforms":"","video_object":"","demo_hide_cta":"0","demo_hide_cloud_options":"0","pricing_title":"","pricing":[{"pricing_icon":"platform","pricing_title":"Applications d'Elfsight","pricing_title_caption":"Solution num\u00e9rique multiplateforme qui fonctionne sur n'importe quel site","pricing_price":"\u00c0 partir de $0\/mois","pricing_price_caption":"Commencez avec un plan gratuit","pricing_benefits":[{"text":"Sites Web illimit\u00e9s"},{"text":"\u00c9quipe d'assistance professionnelle"},{"text":"Service d'installation gratuit"},{"text":"100% personnalisable"}],"pricing_button_text":"Ajouter au site Web","pricing_button_url":"https:\/\/apps.elfsight.com\/sign-up\/","pricing_button_nofollow":"1","_state":"expanded"}],"related_apps_title":"","related_apps_hidden":"1","author":"","image":[],"title":"","job":"","social_networks":[]},"_links":{"self":[{"href":"https:\/\/elfsight.com\/fr\/wp-json\/wp\/v2\/pages\/4712","targetHints":{"allow":["GET"]}}],"collection":[{"href":"https:\/\/elfsight.com\/fr\/wp-json\/wp\/v2\/pages"}],"about":[{"href":"https:\/\/elfsight.com\/fr\/wp-json\/wp\/v2\/types\/page"}],"author":[{"embeddable":true,"href":"https:\/\/elfsight.com\/fr\/wp-json\/wp\/v2\/users\/18"}],"replies":[{"embeddable":true,"href":"https:\/\/elfsight.com\/fr\/wp-json\/wp\/v2\/comments?post=4712"}],"version-history":[{"count":2,"href":"https:\/\/elfsight.com\/fr\/wp-json\/wp\/v2\/pages\/4712\/revisions"}],"predecessor-version":[{"id":14631,"href":"https:\/\/elfsight.com\/fr\/wp-json\/wp\/v2\/pages\/4712\/revisions\/14631"}],"up":[{"embeddable":true,"href":"https:\/\/elfsight.com\/fr\/wp-json\/wp\/v2\/pages\/892"}],"wp:attachment":[{"href":"https:\/\/elfsight.com\/fr\/wp-json\/wp\/v2\/media?parent=4712"}],"curies":[{"name":"wp","href":"https:\/\/api.w.org\/{rel}","templated":true}]}}