{"id":4704,"date":"2021-12-03T09:42:40","date_gmt":"2021-12-03T09:42:40","guid":{"rendered":"https:\/\/elfsight.com\/fr\/?page_id=4704"},"modified":"2025-07-09T17:14:22","modified_gmt":"2025-07-09T17:14:22","slug":"facebook","status":"publish","type":"page","link":"https:\/\/elfsight.com\/fr\/countdown-timer-widget\/facebook\/","title":{"rendered":"Countdown Timer &#8211; Facebook Page"},"content":{"rendered":"<div class=\"application-platform-content-item-description application-platform-content-item\" id=\"description\" data-nav-section=\"description\"><h2>Description<\/h2><p>Pr\u00e9parez-vous \u00e0 organiser une vente ou \u00e0 organiser un \u00e9v\u00e9nement\u00a0? Alors le compte \u00e0 rebours en direct est l&rsquo;outil id\u00e9al pour en faire la promotion, et Facebook est la plateforme id\u00e9ale pour toucher un public plus large.<\/p> <p>Cr\u00e9er un sentiment d&rsquo;urgence et d&rsquo;anticipation est essentiel pour tout \u00e9v\u00e9nement professionnel ou activit\u00e9 promotionnelle. Une composante visuelle est cruciale pour atteindre le public et transmettre les sens n\u00e9cessaires. Et les r\u00e9seaux sociaux sont probablement l\u2019un des canaux les plus efficaces pour diffuser l\u2019information. Un compte \u00e0 rebours anim\u00e9 sur votre page Facebook serait un outil parfait pour attirer plus de personnes et cr\u00e9er de l&rsquo;enthousiasme pour vos ventes, promotions ou \u00e9v\u00e9nements \u00e0 dur\u00e9e limit\u00e9e.<\/p><p>Si vous ne souhaitez pas trop investir dans une application d&rsquo;horloge d\u00e9veloppement, mais j&rsquo;aimerais avoir une minuterie avec un design personnalis\u00e9, essayez la meilleure application de compte \u00e0 rebours pour la page Facebook d&rsquo;Elfsight. Il vous permet de construire tous les types possibles de d\u00e9comptes et de minuteries de mani\u00e8re indolore, rapide et fluide. Ceux-ci conviennent \u00e0 tous les cas d\u2019utilisation, qu\u2019il s\u2019agisse de besoins professionnels, cr\u00e9atifs ou \u00e0 but non lucratif. Ils encouragent les utilisateurs \u00e0 effectuer des achats, \u00e0 visiter un magasin physique ou un \u00e9v\u00e9nement quelques heures, jours ou semaines avant la fin de la p\u00e9riode sp\u00e9cifi\u00e9e.<\/p><p>Les compteurs d&rsquo;articles laiss\u00e9s en stock \u00e9voqueront un sentiment de manque et de concurrence. parmi le public, alors ils se d\u00e9p\u00eachaient de commander quelque chose d&rsquo;exclusif et limit\u00e9. Cette astuce est utilis\u00e9e par les plus grands d\u00e9taillants de commerce \u00e9lectronique, ce qui prouve son efficacit\u00e9.<\/p><p>Le compte \u00e0 rebours des soldes poussera les visiteurs \u00e0 effectuer un achat avant la fin de la promotion et ils rateront beaucoup de choses. Un minuteur personnel affiche un compte \u00e0 rebours pour chaque visiteur avec une offre individuelle qui ne dure g\u00e9n\u00e9ralement pas plus d&rsquo;une heure. Cela incitera les acheteurs \u00e0 utiliser une remise personnelle d\u00e8s maintenant jusqu&rsquo;\u00e0 ce qu&rsquo;elle se termine.<\/p><p>Les banni\u00e8res de compte \u00e0 rebours sur le th\u00e8me des f\u00eates proposant des prix bas lors d&rsquo;\u00e9v\u00e9nements festifs attireront l&rsquo;attention gr\u00e2ce \u00e0 un design unique adapt\u00e9 \u00e0 l&rsquo;occasion. Les acheteurs s&rsquo;attendent g\u00e9n\u00e9ralement \u00e0 ces ventes, vous devez donc les rendre plus vivantes et les annoncer \u00e0 l&rsquo;avance. L&rsquo;\u00e9diteur en ligne de l&rsquo;application Elfsight propose une collection de mod\u00e8les de compte \u00e0 rebours sp\u00e9ciaux pour organiser des promotions et des \u00e9v\u00e9nements organis\u00e9s lors de toutes les f\u00eates populaires. Choisissez simplement un mod\u00e8le appropri\u00e9 et d\u00e9finissez votre p\u00e9riode de temps.<\/p><p><b>Augmentez l&rsquo;enthousiasme pour les achats et incitez la client\u00e8le \u00e0 acheter davantage gr\u00e2ce \u00e0 des offres limit\u00e9es dans le temps.<\/b><\/p><\/div><div class=\"application-platform-content-item-features application-platform-content-item\" id=\"features\" data-nav-section=\"features\"><h2>Fonctionnalit\u00e9s<\/h2><p> Les principaux avantages de l&rsquo;application Elfsight Countdown, qui en font le moyen id\u00e9al pour int\u00e9grer la minuterie ou l&rsquo;horloge dans la page Facebook\u00a0: <\/p><ul><li>Choisissez l&rsquo;un des trois types de comptes \u00e0 rebours possibles\u00a0: du d\u00e9but \u00e0 la fin, une horloge avec le temps restant par visiteur, un d\u00e9compte du nombre du d\u00e9but \u00e0 la fin\u00a0;<\/li><li>\u00c9crivez votre propre message personnalis\u00e9 en appelant action\u00a0;<\/li><li>Tout le texte du widget peut \u00eatre format\u00e9 pour s&rsquo;adapter \u00e0 la conception globale du site\u00a0;<\/li><li>Cr\u00e9ez des minuteries avec quatre unit\u00e9s de temps\u00a0: jours, heures, minutes, secondes\u00a0;<\/li> <li>Incluez les \u00e9l\u00e9ments ou supprimez ceux dont vous n&rsquo;avez pas besoin pour obtenir l&rsquo;apparence requise du minuteur\u00a0;<\/li><li>D\u00e9finissez une position personnalis\u00e9e avec les variantes d&rsquo;alignement disponibles\u00a0: gauche, droite, centre\u00a0;<\/li><li>Ou faites-en une banni\u00e8re flottante dans la partie sup\u00e9rieure ou inf\u00e9rieure de l&rsquo;\u00e9cran\u00a0;<\/li><li>Choisissez l&rsquo;un des trois types d&rsquo;animation pour le changement de nombres.<\/li><\/ul><p><a href=\"#demo\">D\u00e9couvrez plus de caract\u00e9ristiques de l&rsquo;application de compte \u00e0 rebours dans notre \u00e9diteur gratuit.<\/a> C&rsquo;est super intuitif et n&rsquo;importe qui peut cr\u00e9er sa propre application en quelques secondes seulement.<\/p><\/div> <div class=\"application-platform-content-item- installation application-platform-content-item\" id=\" installation\" data-nav-section=\" installation\"><h2>Comment ajouter un compte \u00e0 rebours \u00e0 l&rsquo;onglet de la page Facebook<\/h2><p>Un tutoriel simple sur la configuration d&rsquo;une application d&rsquo;horloge pour la page Facebook sans exp\u00e9rience en programmation ni aucune connaissance en codage. Le temps moyen n\u00e9cessaire pour mettre en \u0153uvre ce didacticiel pour l&rsquo;installation du compte \u00e0 rebours est inf\u00e9rieur \u00e0 3 minutes.<\/p><ul><li><b>G\u00e9n\u00e9rez votre propre horloge de compte \u00e0 rebours<\/b><br><p>Rendez-vous sur notre site en ligne. configurateur pour cr\u00e9er votre widget horloge. Tout d&rsquo;abord, vous devez choisir un mod\u00e8le appropri\u00e9. N&rsquo;oubliez pas qu&rsquo;il ne pr\u00e9sente qu&rsquo;une mise en page et que tout le reste peut \u00eatre modifi\u00e9 pour obtenir une application avec une interface et des fonctions pr\u00e9f\u00e9rables.<\/p><p>Vous aurez ensuite trois onglets dans l&rsquo;\u00e9diteur\u00a0: Minuterie, Bouton et Apparence. Chaque onglet pr\u00e9sente une liste de param\u00e8tres que vous pouvez ajuster \u00e0 votre guise et obtenir un r\u00e9sultat optimal.<\/p><\/li><li><b>Acqu\u00e9rir le code individuel pour int\u00e9grer le compte \u00e0 rebours<\/b><br> Apr\u00e8s avoir g\u00e9n\u00e9r\u00e9 votre widget, cliquez sur le bouton \u00ab Ajouter au site Web \u00bb. Vous recevrez votre code personnel dans la notification qui appara\u00eet sur les applications Elfsight. Copiez ce code.<\/li><li><b>Amenez le widget sur la page Facebook<\/b><br> Ici, vous devez d&rsquo;abord cr\u00e9er un onglet personnalis\u00e9 sur votre page d&rsquo;entreprise Facebook pour y ajouter votre application de compte \u00e0 rebours. Ins\u00e9rez le code que vous avez copi\u00e9 sur les applications elfsight dans l&rsquo;onglet. Si vous rencontrez des probl\u00e8mes, consultez simplement notre guide sur <a href=\"https:\/\/elfsight.com\/blog\/how-to-add-custom-tab-to-facebook-page\/\" target=\"_blank\" rel=\"noopener noreferrer\">cr\u00e9er un onglet Facebook personnalis\u00e9<\/a>, car cela pourrait \u00eatre une t\u00e2che d\u00e9licate.<\/li><li><b>F\u00e9licitations\u00a0! Vous venez d&rsquo;int\u00e9grer le widget\u00a0! <\/b><br>Consultez votre page Facebook pour voir les performances de votre widget.<\/li><\/ul><p>Vous avez des difficult\u00e9s \u00e0 former, ajuster ou afficher le widget de compte \u00e0 rebours sur une page\u00a0? Contactez notre \u00e9quipe d&rsquo;assistance.<\/p><p>Nous proposons \u00e9galement une politique de tarification flexible, qui vous permet de cr\u00e9er et d&rsquo;essayer gratuitement le compte \u00e0 rebours sur votre page Facebook Business. De plus, vous pouvez choisir un plan tarifaire en fonction du trafic que vous obtenez sur la page et le payer mensuellement &#8211; si vous planifiez un \u00e9v\u00e9nement ou une promotion ponctuelle, ou vous pouvez souscrire un abonnement annuel si vous organisez des ventes r\u00e9guli\u00e8rement tout au long de la p\u00e9riode. ann\u00e9e.<\/p><div class=\"faq\" data-component=\"FAQ\"> <div class=\"faq-item\">\r\n\t\t\t\t\t<div class=\"faq-item-question\">\r\n\t\t\t\t\t\t<h3 class=\"faq-item-question-text\">Comment puis-je ajouter un compte \u00e0 rebours \u00e0 ma page Facebook sans comp\u00e9tences en codage ?<\/h3>\r\n\r\n\t\t\t\t\t\t<div class=\"faq-item-question-icon\"><\/div>\r\n\t\t\t\t\t<\/div>\r\n\r\n\t\t\t\t\t<div class=\"faq-item-answer\">\r\n\t\t\t\t\t\t<div class=\"faq-item-answer-text\"> <p>Elfsight fournit une solution SaaS qui vous permet de cr\u00e9er vous-m\u00eame un widget Compte \u00e0 rebours, voyez \u00e0 quel point le processus est simple\u00a0: travaillez directement dans l&rsquo;\u00e9diteur en ligne pour cr\u00e9er un widget de compte \u00e0 rebours que vous aimeriez voir sur votre site Web de page Facebook. Choisissez l&rsquo;un des mod\u00e8les pr\u00e9d\u00e9finis et ajustez les param\u00e8tres du compte \u00e0 rebours, ajoutez votre contenu, modifiez la mise en page et la palette de couleurs sans aucune comp\u00e9tence en codage. Enregistrez le compte \u00e0 rebours et copiez son code d&rsquo;installation, que vous pouvez facilement int\u00e9grer sur votre page Facebook sans avoir besoin d&rsquo;acheter un abonnement payant. Gr\u00e2ce \u00e0 notre \u00e9diteur intuitif, tout internaute peut cr\u00e9er un widget Compte \u00e0 rebours en ligne et l&rsquo;int\u00e9grer facilement \u00e0 sa page Facebook. Il n&rsquo;est pas n\u00e9cessaire de payer ou de saisir les informations d&rsquo;identification de votre carte pour acc\u00e9der au service. Si vous rencontrez des probl\u00e8mes \u00e0 n&rsquo;importe quelle \u00e9tape, n&rsquo;h\u00e9sitez pas \u00e0 contacter notre \u00e9quipe d&rsquo;assistance technique.<\/p> <\/div>\r\n\t\t\t\t\t<\/div>\r\n\t\t\t\t<\/div> <\/div> <\/div>","protected":false},"excerpt":{"rendered":"","protected":false},"author":18,"featured_media":0,"parent":892,"menu_order":0,"comment_status":"closed","ping_status":"closed","template":"templates\/template-application-platform.php","meta":{"publish_to_discourse":"","publish_post_category":"","wpdc_auto_publish_overridden":"","wpdc_topic_tags":"","wpdc_pin_topic":"","wpdc_pin_until":"","discourse_post_id":"","discourse_permalink":"","wpdc_publishing_response":"","wpdc_publishing_error":"","footnotes":""},"class_list":["post-4704","page","type-page","status-publish","hentry"],"yoast_head":"<!-- This site is optimized with the Yoast SEO plugin v25.3.1 - https:\/\/yoast.com\/wordpress\/plugins\/seo\/ -->\n<title>Compte \u00e0 rebours - ajoutez widget Plugin Minuteur sur Facebook Page<\/title>\n<meta name=\"description\" content=\"Int\u00e9grez un Compte \u00e0 rebours attractif sur votre site. Utilisez la d\u00e9mo d&#039;Elfsight et g\u00e9n\u00e9rez votre widget en quelques minutes.\" \/>\n<meta name=\"robots\" content=\"index, follow, max-snippet:-1, max-image-preview:large, max-video-preview:-1\" \/>\n<link rel=\"canonical\" href=\"https:\/\/elfsight.com\/fr\/countdown-timer-widget\/facebook\/\" \/>\n<meta property=\"og:locale\" content=\"fr_FR\" \/>\n<meta property=\"og:type\" content=\"article\" \/>\n<meta property=\"og:title\" content=\"Compte \u00e0 rebours - ajoutez widget Plugin Minuteur sur Facebook Page\" \/>\n<meta property=\"og:description\" content=\"Int\u00e9grez un Compte \u00e0 rebours attractif sur votre site. Utilisez la d\u00e9mo d&#039;Elfsight et g\u00e9n\u00e9rez votre widget en quelques minutes.\" \/>\n<meta property=\"og:url\" content=\"https:\/\/elfsight.com\/fr\/countdown-timer-widget\/facebook\/\" \/>\n<meta property=\"og:site_name\" content=\"Elfsight FR\" \/>\n<meta property=\"article:modified_time\" content=\"2025-07-09T17:14:22+00:00\" \/>\n<meta name=\"twitter:card\" content=\"summary_large_image\" \/>\n<meta name=\"twitter:label1\" content=\"Dur\u00e9e de lecture estim\u00e9e\" \/>\n\t<meta name=\"twitter:data1\" content=\"1 minute\" \/>\n<!-- \/ Yoast SEO plugin. -->","yoast_head_json":{"title":"Compte \u00e0 rebours - ajoutez widget Plugin Minuteur sur Facebook Page","description":"Int\u00e9grez un Compte \u00e0 rebours attractif sur votre site. Utilisez la d\u00e9mo d'Elfsight et g\u00e9n\u00e9rez votre widget en quelques minutes.","robots":{"index":"index","follow":"follow","max-snippet":"max-snippet:-1","max-image-preview":"max-image-preview:large","max-video-preview":"max-video-preview:-1"},"canonical":"https:\/\/elfsight.com\/fr\/countdown-timer-widget\/facebook\/","og_locale":"fr_FR","og_type":"article","og_title":"Compte \u00e0 rebours - ajoutez widget Plugin Minuteur sur Facebook Page","og_description":"Int\u00e9grez un Compte \u00e0 rebours attractif sur votre site. Utilisez la d\u00e9mo d'Elfsight et g\u00e9n\u00e9rez votre widget en quelques minutes.","og_url":"https:\/\/elfsight.com\/fr\/countdown-timer-widget\/facebook\/","og_site_name":"Elfsight FR","article_modified_time":"2025-07-09T17:14:22+00:00","twitter_card":"summary_large_image","twitter_misc":{"Dur\u00e9e de lecture estim\u00e9e":"1 minute"},"schema":{"@context":"https:\/\/schema.org","@graph":[{"@type":"WebPage","@id":"https:\/\/elfsight.com\/fr\/countdown-timer-widget\/facebook\/","url":"https:\/\/elfsight.com\/fr\/countdown-timer-widget\/facebook\/","name":"Compte \u00e0 rebours - ajoutez widget Plugin Minuteur sur Facebook Page","isPartOf":{"@id":"https:\/\/elfsight.com\/fr\/#website"},"datePublished":"2021-12-03T09:42:40+00:00","dateModified":"2025-07-09T17:14:22+00:00","description":"Int\u00e9grez un Compte \u00e0 rebours attractif sur votre site. Utilisez la d\u00e9mo d'Elfsight et g\u00e9n\u00e9rez votre widget en quelques minutes.","breadcrumb":{"@id":"https:\/\/elfsight.com\/fr\/countdown-timer-widget\/facebook\/#breadcrumb"},"inLanguage":"fr-FR","potentialAction":[{"@type":"ReadAction","target":["https:\/\/elfsight.com\/fr\/countdown-timer-widget\/facebook\/"]}]},{"@type":"BreadcrumbList","@id":"https:\/\/elfsight.com\/fr\/countdown-timer-widget\/facebook\/#breadcrumb","itemListElement":[{"@type":"ListItem","position":1,"name":"Home","item":"https:\/\/elfsight.com\/fr\/"},{"@type":"ListItem","position":2,"name":"Countdown Timer","item":"https:\/\/elfsight.com\/fr\/countdown-timer-widget\/"},{"@type":"ListItem","position":3,"name":"Countdown Timer &#8211; Facebook Page"}]},{"@type":"WebSite","@id":"https:\/\/elfsight.com\/fr\/#website","url":"https:\/\/elfsight.com\/fr\/","name":"Elfsight FR","description":"","potentialAction":[{"@type":"SearchAction","target":{"@type":"EntryPoint","urlTemplate":"https:\/\/elfsight.com\/fr\/?s={search_term_string}"},"query-input":{"@type":"PropertyValueSpecification","valueRequired":true,"valueName":"search_term_string"}}],"inLanguage":"fr-FR"}]}},"meta_box":{"industry":"","seo_heading":"","heading":"","description":"","cta_heading":"","cta_description":"","application":"891","h1":"Widget Compte \u00e0 rebours pour Facebook Page","h1_caption":"Configurez un compte \u00e0 rebours pour des \u00e9v\u00e9nements ou des promotions importants, cr\u00e9ant ainsi un sentiment d'urgence pour vos visiteurs sur le site Web de votre page Facebook sans effort.","application_category":[],"applications_title":"","applications_request_title":"","applications_request_button_text":"","hero_text":"","hero_video":"","hero_video_schema_markup":"","selling_points_title":"","selling_points_caption":"","selling_points":[],"selling_points_cta_text":"","features_title":"","features":"","ed_cta_examples_text":"","ed_cta_examples_hidden":"","ed_cta_demo_text":"","ed_cta_demo_hidden":"","why_caption":"","why_editor_title":"","why_editor_text":"","why_team_title":"","why_team_text":"","why_service_title":"","why_service_text":"","template_catalog_visible":"","template_catalog_title":"","template_catalog_text":"","template_catalog_categories_visible":"","demo_title":"Cr\u00e9ez votre widget Compte \u00e0 rebours","demo_caption":"Configurez votre compte \u00e0 rebours et ajoutez-le gratuitement \u00e0 votre page Facebook\u00a0!","default_faq_hidden":"","app_template_category":[],"platform":"394","template_public_id":"","codecanyon_url":"","codecanyon_item_id":"","codecanyon_price":"","pricing_caption":"","pricing_elfsight_apps_hide_column":"","pricing_elfsight_apps_url":"","pricing_codecanyon_price_caption":"","integration_category":[],"integration_request_title":"","integration_request_cta":"","integration_platform":"","integrations":[],"platform_category":[],"video_schema_markup":"","price":"\u00c0 partir de $0\/mois","trial":"","benefits":[{"text":"Installation gratuite"},{"text":"Support Premium"},{"text":"Garantie de remboursement de 14 jours"},{"text":"L'am\u00e9lioration continue"}],"button_url":"#demo","button_target_blank":"0","button_nofollow":"0","attributes":[{"name":"Nombre d'installations","content":"1,000 - 5,000","_state":"expanded"},{"name":"Adaptif","content":"Oui","_state":"expanded"},{"name":"Navigateurs compatibles","content":"Firefox, Safari, Opera, Chrome, Edge","_state":"expanded"}],"tags":[],"tags_disable_links":"0","hide_more_platforms":"","video_object":"","demo_hide_cta":"0","demo_hide_cloud_options":"0","pricing_title":"","pricing":[{"pricing_icon":"platform","pricing_title":"Applications d'Elfsight","pricing_title_caption":"Solution num\u00e9rique multiplateforme qui fonctionne sur n'importe quel site","pricing_price":"\u00c0 partir de $0\/mois","pricing_price_caption":"Commencez avec un plan gratuit","pricing_benefits":[{"text":"Sites Web illimit\u00e9s"},{"text":"\u00c9quipe d'assistance professionnelle"},{"text":"Service d'installation gratuit"},{"text":"100% personnalisable"}],"pricing_button_text":"Ajouter au site Web","pricing_button_url":"https:\/\/apps.elfsight.com\/sign-up\/","pricing_button_nofollow":"1","_state":"expanded"}],"related_apps_title":"","related_apps_hidden":"1","author":"","image":[],"title":"","job":"","social_networks":[]},"_links":{"self":[{"href":"https:\/\/elfsight.com\/fr\/wp-json\/wp\/v2\/pages\/4704","targetHints":{"allow":["GET"]}}],"collection":[{"href":"https:\/\/elfsight.com\/fr\/wp-json\/wp\/v2\/pages"}],"about":[{"href":"https:\/\/elfsight.com\/fr\/wp-json\/wp\/v2\/types\/page"}],"author":[{"embeddable":true,"href":"https:\/\/elfsight.com\/fr\/wp-json\/wp\/v2\/users\/18"}],"replies":[{"embeddable":true,"href":"https:\/\/elfsight.com\/fr\/wp-json\/wp\/v2\/comments?post=4704"}],"version-history":[{"count":2,"href":"https:\/\/elfsight.com\/fr\/wp-json\/wp\/v2\/pages\/4704\/revisions"}],"predecessor-version":[{"id":14633,"href":"https:\/\/elfsight.com\/fr\/wp-json\/wp\/v2\/pages\/4704\/revisions\/14633"}],"up":[{"embeddable":true,"href":"https:\/\/elfsight.com\/fr\/wp-json\/wp\/v2\/pages\/892"}],"wp:attachment":[{"href":"https:\/\/elfsight.com\/fr\/wp-json\/wp\/v2\/media?parent=4704"}],"curies":[{"name":"wp","href":"https:\/\/api.w.org\/{rel}","templated":true}]}}