{"id":4702,"date":"2021-12-03T09:42:46","date_gmt":"2021-12-03T09:42:46","guid":{"rendered":"https:\/\/elfsight.com\/fr\/?page_id=4702"},"modified":"2025-07-09T17:14:17","modified_gmt":"2025-07-09T17:14:17","slug":"elementor","status":"publish","type":"page","link":"https:\/\/elfsight.com\/fr\/countdown-timer-widget\/elementor\/","title":{"rendered":"Countdown Timer &#8211; Elementor"},"content":{"rendered":"<div class=\"application-platform-content-item-description application-platform-content-item\" id=\"description\" data-nav-section=\"description\"> <h2>Int\u00e9grez un compte \u00e0 rebours sur Elementor avec le widget Elfsight<\/h2><p>Affichez les chiffres d&rsquo;augmentation des ventes pour votre site Web avec le widget Elfsight Countdown. R\u00e9chauffez l&rsquo;atmosph\u00e8re et \u00e9voquez un sentiment de raret\u00e9 de vos produits, en montrant \u00e0 quelle vitesse ils sont achet\u00e9s sous les yeux des clients. D\u00e9finissez l\u2019urgence de les acheter avec un compte \u00e0 rebours jusqu\u2019\u00e0 la fin de la p\u00e9riode d\u2019offre sp\u00e9ciale. Annoncez vos futures occasions ou vacances et gardez votre public dans l&rsquo;attente de les voir afficher un compte \u00e0 rebours.<\/p> <p><b>Augmentez les ventes de votre site Web \u00e0 l&rsquo;aide des minuteries et des d\u00e9comptes d&rsquo;urgence propos\u00e9s par notre compte \u00e0 rebours Elementor. <\/b><\/p><p><b>Stimulez les acheteurs \u00e0 acheter en cr\u00e9ant un sentiment d&rsquo;urgence.<\/b><br> Faites ressentir \u00e0 votre client\u00e8le la peur de rater votre moment de vente \u00e0 bas prix, alors que le temps presse. compte \u00e0 rebours jusqu&rsquo;\u00e0 la fin. Cela permettra aux utilisateurs d&rsquo;acheter plus rapidement et d&rsquo;augmenter les ventes sur votre site Web.<\/p><p><b>D\u00e9montrez la baisse des stocks afin d&rsquo;augmenter la valeur per\u00e7ue des articles.<\/b><br> Cr\u00e9ez un sentiment de concurrence pour votre marchandises en d\u00e9montrant comment le montant des ventes augmente et le stock diminue. La valeur per\u00e7ue du produit augmentera et les clients voudront \u00e9galement l&rsquo;avoir.<\/p><p><b>Attirez davantage d&rsquo;attention sur les ventes \u00e0 l&rsquo;aide d&rsquo;une barre de minuterie accrocheuse de style vacances.<\/b><br> Cr\u00e9ez un bar de vente \u00e0 th\u00e8me lumineux pour les festivals et les occasions sp\u00e9ciales. Il refl\u00e9tera l&rsquo;atmosph\u00e8re des f\u00eates et fera progresser vos offres sp\u00e9ciales pour vous aider \u00e0 vendre plus pendant la haute saison.<\/p><\/div><div class=\"application-platform-content-item-features application-platform-content-item\" id=\"features\" data-nav-section=\"features\"> <h2>Principales fonctionnalit\u00e9s du widget Compte \u00e0 rebours<\/h2> <p>Quelles caract\u00e9ristiques font de notre widget le meilleur pour chaque site Elementor\u00a0? D\u00e9couvrez ses avantages de base\u00a0:<\/p><ul> <li>Compteur et d\u00e9compteur\u00a0;<\/li> <li>Texte du bouton modifiable\u00a0;<\/li> <li>Possibilit\u00e9 de d\u00e9sactiver n&rsquo;importe quelle unit\u00e9 de temps\u00a0;<\/li> <li>Option permettant de modifier la couleur du minuteur, du bouton, des \u00e9tiquettes et du message\u00a0; <\/li> <li>Tailles personnalisables de la minuterie et du bouton.<\/li><\/ul> <p><a href=\"#demo\">Vous pouvez \u00e9tudier tous les avantages \u00e0 l&rsquo;aide de l&rsquo;\u00e9diteur en direct<\/a><\/p><\/div><div class=\"application-platform-content-item-installation application-platform-content-item\" id=\"installation\" data-nav-section=\"installation\"><\/div> <h2>Comment ajouter un compte \u00e0 rebours au site Web Elementor<\/h2><div class=\"video-container\"><iframe width=\"720\" height=\"405\" src=\"https:\/\/www.youtube.com\/embed\/LqcfbY8KevU\" frameborder=\"0\" allowfullscreen=\"\"><\/iframe><\/div><p>Pour effectuer l&rsquo;int\u00e9gration, vous ne le ferez pas besoin d&rsquo;avoir des comp\u00e9tences en programmation ou beaucoup de temps. Seules quelques \u00e9tapes faciles et 1\u00a0minute de temps donneront lieu \u00e0 un <a href=\"https:\/\/elfsight.com\/blog\/best-countdown-timer-for-elementor\/\">compte \u00e0 rebours Elementor<\/a> personnalis\u00e9 pour vous. .<\/p><ol><li><b>G\u00e9n\u00e9rez votre widget Compte \u00e0 rebours individuel<\/b><br> \u00c0 l&rsquo;aide de notre \u00e9diteur gratuit, cr\u00e9ez un plugin avec une apparence et des options pr\u00e9f\u00e9rables.<\/li><li><b> Obtenez le code unique pour afficher le plugin<\/b><br> Apr\u00e8s avoir g\u00e9n\u00e9r\u00e9 le widget, recevez un code unique pour le plugin Countdown \u00e0 partir de la notification contextuelle sur Elfsight Apps.<\/li><li><b>Publiez le plugin sur le site Elementor<\/b><br> Int\u00e9grez le plugin \u00e0 un endroit s\u00e9lectionn\u00e9 du site et publiez les r\u00e9sultats.<\/li><li><b>Termin\u00e9\u00a0!<\/b><br> Visitez votre site, pour voir comment fonctionne votre plugin Elementor Countdown Timer.<\/li><\/ol><p>Vous avez des questions sur l&rsquo;affichage du plugin ou sa personnalisation\u00a0? Contactez l&rsquo;assistance Elfsight pour obtenir de l&rsquo;aide en cas de probl\u00e8me.<\/p>","protected":false},"excerpt":{"rendered":"Comment ajouter un compte \u00e0 rebours au site Web ElementorPour effectuer l&rsquo;int\u00e9gration, vous ne le ferez pas besoin d&rsquo;avoir des comp\u00e9tences en programmation ou beaucoup de temps. Seules quelques \u00e9tapes faciles et 1\u00a0minute de temps donneront lieu \u00e0 un compte \u00e0 rebours Elementor personnalis\u00e9 pour vous. .G\u00e9n\u00e9rez votre widget Compte&#8230;","protected":false},"author":18,"featured_media":0,"parent":892,"menu_order":0,"comment_status":"closed","ping_status":"closed","template":"templates\/template-application-platform.php","meta":{"publish_to_discourse":"","publish_post_category":"","wpdc_auto_publish_overridden":"","wpdc_topic_tags":"","wpdc_pin_topic":"","wpdc_pin_until":"","discourse_post_id":"","discourse_permalink":"","wpdc_publishing_response":"","wpdc_publishing_error":"","footnotes":""},"class_list":["post-4702","page","type-page","status-publish","hentry"],"yoast_head":"<!-- This site is optimized with the Yoast SEO plugin v25.3.1 - https:\/\/yoast.com\/wordpress\/plugins\/seo\/ -->\n<title>Compte \u00e0 rebours - ajoutez plugin Plugin Minuteur sur Elementor<\/title>\n<meta name=\"description\" content=\"Int\u00e9grez un Compte \u00e0 rebours avantageux sur votre site. Appliquez la d\u00e9mo d&#039;Elfsight et g\u00e9n\u00e9rez votre widget en quelques minutes.\" \/>\n<meta name=\"robots\" content=\"index, follow, max-snippet:-1, max-image-preview:large, max-video-preview:-1\" \/>\n<link rel=\"canonical\" href=\"https:\/\/elfsight.com\/fr\/countdown-timer-widget\/elementor\/\" \/>\n<meta property=\"og:locale\" content=\"fr_FR\" \/>\n<meta property=\"og:type\" content=\"article\" \/>\n<meta property=\"og:title\" content=\"Compte \u00e0 rebours - ajoutez plugin Plugin Minuteur sur Elementor\" \/>\n<meta property=\"og:description\" content=\"Int\u00e9grez un Compte \u00e0 rebours avantageux sur votre site. Appliquez la d\u00e9mo d&#039;Elfsight et g\u00e9n\u00e9rez votre widget en quelques minutes.\" \/>\n<meta property=\"og:url\" content=\"https:\/\/elfsight.com\/fr\/countdown-timer-widget\/elementor\/\" \/>\n<meta property=\"og:site_name\" content=\"Elfsight FR\" \/>\n<meta property=\"article:modified_time\" content=\"2025-07-09T17:14:17+00:00\" \/>\n<meta name=\"twitter:card\" content=\"summary_large_image\" \/>\n<meta name=\"twitter:label1\" content=\"Dur\u00e9e de lecture estim\u00e9e\" \/>\n\t<meta name=\"twitter:data1\" content=\"1 minute\" \/>\n<!-- \/ Yoast SEO plugin. -->","yoast_head_json":{"title":"Compte \u00e0 rebours - ajoutez plugin Plugin Minuteur sur Elementor","description":"Int\u00e9grez un Compte \u00e0 rebours avantageux sur votre site. Appliquez la d\u00e9mo d'Elfsight et g\u00e9n\u00e9rez votre widget en quelques minutes.","robots":{"index":"index","follow":"follow","max-snippet":"max-snippet:-1","max-image-preview":"max-image-preview:large","max-video-preview":"max-video-preview:-1"},"canonical":"https:\/\/elfsight.com\/fr\/countdown-timer-widget\/elementor\/","og_locale":"fr_FR","og_type":"article","og_title":"Compte \u00e0 rebours - ajoutez plugin Plugin Minuteur sur Elementor","og_description":"Int\u00e9grez un Compte \u00e0 rebours avantageux sur votre site. Appliquez la d\u00e9mo d'Elfsight et g\u00e9n\u00e9rez votre widget en quelques minutes.","og_url":"https:\/\/elfsight.com\/fr\/countdown-timer-widget\/elementor\/","og_site_name":"Elfsight FR","article_modified_time":"2025-07-09T17:14:17+00:00","twitter_card":"summary_large_image","twitter_misc":{"Dur\u00e9e de lecture estim\u00e9e":"1 minute"},"schema":{"@context":"https:\/\/schema.org","@graph":[{"@type":"WebPage","@id":"https:\/\/elfsight.com\/fr\/countdown-timer-widget\/elementor\/","url":"https:\/\/elfsight.com\/fr\/countdown-timer-widget\/elementor\/","name":"Compte \u00e0 rebours - ajoutez plugin Plugin Minuteur sur Elementor","isPartOf":{"@id":"https:\/\/elfsight.com\/fr\/#website"},"datePublished":"2021-12-03T09:42:46+00:00","dateModified":"2025-07-09T17:14:17+00:00","description":"Int\u00e9grez un Compte \u00e0 rebours avantageux sur votre site. Appliquez la d\u00e9mo d'Elfsight et g\u00e9n\u00e9rez votre widget en quelques minutes.","breadcrumb":{"@id":"https:\/\/elfsight.com\/fr\/countdown-timer-widget\/elementor\/#breadcrumb"},"inLanguage":"fr-FR","potentialAction":[{"@type":"ReadAction","target":["https:\/\/elfsight.com\/fr\/countdown-timer-widget\/elementor\/"]}]},{"@type":"BreadcrumbList","@id":"https:\/\/elfsight.com\/fr\/countdown-timer-widget\/elementor\/#breadcrumb","itemListElement":[{"@type":"ListItem","position":1,"name":"Home","item":"https:\/\/elfsight.com\/fr\/"},{"@type":"ListItem","position":2,"name":"Countdown Timer","item":"https:\/\/elfsight.com\/fr\/countdown-timer-widget\/"},{"@type":"ListItem","position":3,"name":"Countdown Timer &#8211; Elementor"}]},{"@type":"WebSite","@id":"https:\/\/elfsight.com\/fr\/#website","url":"https:\/\/elfsight.com\/fr\/","name":"Elfsight FR","description":"","potentialAction":[{"@type":"SearchAction","target":{"@type":"EntryPoint","urlTemplate":"https:\/\/elfsight.com\/fr\/?s={search_term_string}"},"query-input":{"@type":"PropertyValueSpecification","valueRequired":true,"valueName":"search_term_string"}}],"inLanguage":"fr-FR"}]}},"meta_box":{"industry":"","seo_heading":"","heading":"","description":"","cta_heading":"","cta_description":"","application":"891","h1":"Plugin Compte \u00e0 rebours pour Elementor","h1_caption":"Configurez un compte \u00e0 rebours pour les \u00e9v\u00e9nements ou promotions importants, cr\u00e9ant ainsi un sentiment d'urgence pour vos visiteurs sur votre site Web Elementor sans effort.","application_category":[],"applications_title":"","applications_request_title":"","applications_request_button_text":"","hero_text":"","hero_video":"","hero_video_schema_markup":"","selling_points_title":"","selling_points_caption":"","selling_points":[],"selling_points_cta_text":"","features_title":"","features":"","ed_cta_examples_text":"","ed_cta_examples_hidden":"","ed_cta_demo_text":"","ed_cta_demo_hidden":"","why_caption":"","why_editor_title":"","why_editor_text":"","why_team_title":"","why_team_text":"","why_service_title":"","why_service_text":"","template_catalog_visible":"","template_catalog_title":"","template_catalog_text":"","template_catalog_categories_visible":"","demo_title":"Cr\u00e9ez votre widget Compte \u00e0 rebours","demo_caption":"Configurez votre compte \u00e0 rebours et ajoutez-le gratuitement \u00e0 votre site Web Elementor\u00a0!","default_faq_hidden":"","app_template_category":[],"platform":"385","template_public_id":"","codecanyon_url":"","codecanyon_item_id":"","codecanyon_price":"","pricing_caption":"","pricing_elfsight_apps_hide_column":"","pricing_elfsight_apps_url":"","pricing_codecanyon_price_caption":"","integration_category":[],"integration_request_title":"","integration_request_cta":"","integration_platform":"","integrations":[],"platform_category":[],"video_schema_markup":"","price":"\u00c0 partir de $0\/mois","trial":"","benefits":[{"text":"Installation gratuite"},{"text":"Support Premium"},{"text":"Garantie de remboursement de 14 jours"},{"text":"L'am\u00e9lioration continue"}],"button_url":"#demo","button_target_blank":"0","button_nofollow":"0","attributes":[{"name":"Nombre d'installations","content":"1,000 - 5,000","_state":"expanded"},{"name":"Adaptif","content":"Oui","_state":"expanded"},{"name":"Navigateurs compatibles","content":"Firefox, Safari, Opera, Chrome, Edge","_state":"expanded"}],"tags":[],"tags_disable_links":"0","hide_more_platforms":"","video_object":"","demo_hide_cta":"0","demo_hide_cloud_options":"0","pricing_title":"","pricing":[{"pricing_icon":"platform","pricing_title":"Applications d'Elfsight","pricing_title_caption":"Solution num\u00e9rique multiplateforme qui fonctionne sur n'importe quel site","pricing_price":"\u00c0 partir de $0\/mois","pricing_price_caption":"Commencez avec un plan gratuit","pricing_benefits":[{"text":"Sites Web illimit\u00e9s"},{"text":"\u00c9quipe d'assistance professionnelle"},{"text":"Service d'installation gratuit"},{"text":"100% personnalisable"}],"pricing_button_text":"Ajouter au site Web","pricing_button_url":"https:\/\/apps.elfsight.com\/sign-up\/","pricing_button_nofollow":"1","_state":"expanded"}],"related_apps_title":"","related_apps_hidden":"1","author":"","image":[],"title":"","job":"","social_networks":[]},"_links":{"self":[{"href":"https:\/\/elfsight.com\/fr\/wp-json\/wp\/v2\/pages\/4702","targetHints":{"allow":["GET"]}}],"collection":[{"href":"https:\/\/elfsight.com\/fr\/wp-json\/wp\/v2\/pages"}],"about":[{"href":"https:\/\/elfsight.com\/fr\/wp-json\/wp\/v2\/types\/page"}],"author":[{"embeddable":true,"href":"https:\/\/elfsight.com\/fr\/wp-json\/wp\/v2\/users\/18"}],"replies":[{"embeddable":true,"href":"https:\/\/elfsight.com\/fr\/wp-json\/wp\/v2\/comments?post=4702"}],"version-history":[{"count":2,"href":"https:\/\/elfsight.com\/fr\/wp-json\/wp\/v2\/pages\/4702\/revisions"}],"predecessor-version":[{"id":14634,"href":"https:\/\/elfsight.com\/fr\/wp-json\/wp\/v2\/pages\/4702\/revisions\/14634"}],"up":[{"embeddable":true,"href":"https:\/\/elfsight.com\/fr\/wp-json\/wp\/v2\/pages\/892"}],"wp:attachment":[{"href":"https:\/\/elfsight.com\/fr\/wp-json\/wp\/v2\/media?parent=4702"}],"curies":[{"name":"wp","href":"https:\/\/api.w.org\/{rel}","templated":true}]}}