{"id":4700,"date":"2021-12-03T09:42:49","date_gmt":"2021-12-03T09:42:49","guid":{"rendered":"https:\/\/elfsight.com\/fr\/?page_id=4700"},"modified":"2024-12-23T08:38:23","modified_gmt":"2024-12-23T08:38:23","slug":"drupal","status":"publish","type":"page","link":"https:\/\/elfsight.com\/fr\/countdown-timer-widget\/drupal\/","title":{"rendered":"Countdown Timer &#8211; Drupal"},"content":{"rendered":"\n<div class=\"application-platform-content-item-description application-platform-content-item\" id=\"description\" data-nav-section=\"description\">\n<h2>Description<\/h2>\n<p>Vous pouvez utiliser le module Elfsight Countdown Clock pour afficher divers types de d\u00e9comptes et de minuteries qui incitent la client\u00e8le \u00e0 acheter. Le d\u00e9compte des stocks ou des ventes cr\u00e9era un sentiment de d\u00e9ficit et de concurrence ; le compte \u00e0 rebours des soldes incitera les acheteurs \u00e0 faire leurs achats avant de perdre beaucoup. Un compte \u00e0 rebours personnel incitera chaque client \u00e0 utiliser une offre personnelle d\u00e8s maintenant ; les banni\u00e8res de vacances avec des offres sp\u00e9ciales attireront l&rsquo;attention gr\u00e2ce \u00e0 la conception th\u00e9matique.<\/p>\n<p><b>Rendez vos \u00e9v\u00e9nements et vos ventes impossibles \u00e0 manquer et attirez plus d&rsquo;achats.<\/b><\/p>\n<p><b>Incitez les utilisateurs \u00e0 faire leurs achats en \u00e9voquant un sentiment d&rsquo;urgence.<\/b><br> Faites peur \u00e0 vos clients de rater votre temps de pr\u00e9sentation jusqu&rsquo;\u00e0 la fin. Cela permettra aux visiteurs d&rsquo;acheter plus rapidement et d&rsquo;augmenter les ventes sur votre site.<\/p>\n<p><b>D\u00e9montrez la baisse des stocks afin d&rsquo;augmenter la valeur des articles.<\/b><br> Cr\u00e9ez un sentiment de concurrence pour vos articles en montrant comment la quantit\u00e9 d&rsquo;achats augmente et le stock diminue. La valeur per\u00e7ue du produit augmentera et les utilisateurs voudront \u00e9galement l&rsquo;obtenir.<\/p>\n<p><b>Attirez davantage d&rsquo;attention sur votre vente avec une barre de minuterie sp\u00e9ciale de style vacances.<\/b><br> Utilisez des barres de th\u00e8mes attrayantes, vous pouvez annoncer vos offres et soldes saisonni\u00e8res. Profitez au maximum des vacances pour booster les ventes sur votre site.<\/p>\n<\/div>\n\n<div class=\"application-platform-content-item-features application-platform-content-item\" id=\"features\" data-nav-section=\"features\">\n<h2>Fonctionnalit\u00e9s<\/h2>\n<p>5 fonctionnalit\u00e9s qui font d&rsquo;Elfsight Countdown une solution essentielle pour le site Web Drupal :<\/p>\n<ul>\n  <li>Deux actions apr\u00e8s la fin du minuteur : masquer le minuteur ou afficher le message ;<\/li>\n  <li>Option pour ouvrir le lien du bouton dans un nouvel onglet ;<\/li>\n  <li>Quatre unit\u00e9s de temps : jours, heures, minutes, secondes ;<\/li>\n  <li>Alignez les variantes pour une position personnalis\u00e9e : gauche, droite, centre ;<\/li>\n  <li>Interface r\u00e9active avec adaptation automatis\u00e9e \u00e0 la taille de l&rsquo;\u00e9cran.<\/li>\n<\/ul>\n<p><a href=\"#demo\">Essayez dans tous les d\u00e9tails<\/a><\/p>\n<\/div>\n\n<div class=\"application-platform-content-item-installation application-platform-content-item\" id=\"installation\" data-nav-section=\"installation\">\n<h2>Comment ajouter un compte \u00e0 rebours vers le site Web Drupal<\/h2>\n<div class=\"video-container\">\n  <iframe width=\"720\" height=\"405\" src=\"https:\/\/www.youtube.com\/embed\/DQ_PODhRgU4\" frameborder=\"0\" allowfullscreen=\"\"><\/iframe>\n<\/div>\n<p>Appliquez simplement les instructions ci-dessous pour commencer \u00e0 travailler avec l&rsquo;outil sur Drupal.<\/p>\n<ol>\n  <li><b>Lancez notre \u00e9diteur gratuit et d\u00e9marrez construire votre module Timer unique.<\/b><br>Choisissez la conception et les param\u00e8tres pr\u00e9f\u00e9rables du module et appliquez les modifications.<\/li>\n  <li><b>Recevez le code unique qui s&rsquo;affiche dans la fen\u00eatre des applications Elfsight.<\/b><br>D\u00e8s que la configuration de votre module personnel est termin\u00e9e, copiez le code exclusif de la fen\u00eatre contextuelle qui appara\u00eet et enregistrez-le pour une occasion ult\u00e9rieure.<\/li>\n  <li><b>Entrez sur l&rsquo;utilisation du plugin sur le site Drupal.<\/b><br>Placez le code enregistr\u00e9 r\u00e9cemment dans votre page et appliquez les modifications.<\/li>\n  <li><b>Vous avez termin\u00e9 ! L&rsquo;int\u00e9gration est effectu\u00e9e avec succ\u00e8s.<\/b><br>Acc\u00e9dez \u00e0 votre page pour voir comment fonctionne le module.<\/li>\n<\/ol>\n<p>Vous avez eu des questions en utilisant le manuel ? Contactez le service d&rsquo;assistance d&rsquo;Elfsight ou consultez un <a href=\"https:\/\/elfsight.com\/tutorials\/how-to-add-countdown-timer-to-drupal\/\" target=\"_blank\" rel=\"noopener noreferrer\">d\u00e9taill\u00e9 texte du guide<\/a> et compl\u00e9tez l&rsquo;ajout vous-m\u00eame.<\/p>\n<\/div>\n\n<div class=\"faq\" data-component=\"FAQ\">\n  <div class=\"faq-item\">\r\n\t\t\t\t\t<div class=\"faq-item-question\">\r\n\t\t\t\t\t\t<h3 class=\"faq-item-question-text\">Comment ajouter un compte \u00e0 rebours \u00e0 mon site Drupal sans comp\u00e9tences en codage ?<\/h3>\r\n\r\n\t\t\t\t\t\t<div class=\"faq-item-question-icon\"><\/div>\r\n\t\t\t\t\t<\/div>\r\n\r\n\t\t\t\t\t<div class=\"faq-item-answer\">\r\n\t\t\t\t\t\t<div class=\"faq-item-answer-text\">\n    <p>Elfsight propose une solution SaaS qui vous permet de cr\u00e9er vous-m\u00eame un widget Compte \u00e0 rebours, voyez \u00e0 quel point le processus est simple : Travaillez directement dans l&rsquo;\u00e9diteur en ligne pour cr\u00e9er un widget Compte \u00e0 rebours que vous aimeriez voir sur votre site Web Drupal. Choisissez l&rsquo;un des mod\u00e8les pr\u00e9d\u00e9finis et ajustez les param\u00e8tres du compte \u00e0 rebours, ajoutez votre contenu, modifiez la mise en page et les couleurs sans comp\u00e9tences en codage. Enregistrez le compte \u00e0 rebours et copiez son code d&rsquo;installation, que vous pouvez simplement coller sur votre site Drupal sans acheter d&rsquo;abonnement payant. Gr\u00e2ce \u00e0 notre \u00e9diteur intuitif, tout internaute peut cr\u00e9er un widget Compte \u00e0 rebours en ligne et l&rsquo;int\u00e9grer facilement \u00e0 son site Web Drupal. Il n&rsquo;est pas n\u00e9cessaire de payer ou de saisir les informations d&rsquo;identification de votre carte pour acc\u00e9der au service. Si vous rencontrez des probl\u00e8mes \u00e0 n&rsquo;importe quelle \u00e9tape, n&rsquo;h\u00e9sitez pas \u00e0 contacter notre \u00e9quipe d&rsquo;assistance technique.<\/p>\n  <\/div>\r\n\t\t\t\t\t<\/div>\r\n\t\t\t\t<\/div>\n<\/div>\n\n\n","protected":false},"excerpt":{"rendered":"","protected":false},"author":18,"featured_media":0,"parent":892,"menu_order":0,"comment_status":"closed","ping_status":"closed","template":"templates\/template-application-platform.php","meta":{"publish_to_discourse":"","publish_post_category":"","wpdc_auto_publish_overridden":"","wpdc_topic_tags":"","wpdc_pin_topic":"","wpdc_pin_until":"","discourse_post_id":"","discourse_permalink":"","wpdc_publishing_response":"","wpdc_publishing_error":"","footnotes":""},"class_list":["post-4700","page","type-page","status-publish","hentry"],"yoast_head":"<!-- This site is optimized with the Yoast SEO plugin v25.3.1 - https:\/\/yoast.com\/wordpress\/plugins\/seo\/ -->\n<title>Compte \u00e0 rebours - ajoutez module Plugin Minuteur sur Drupal<\/title>\n<meta name=\"description\" content=\"Int\u00e9grez un Compte \u00e0 rebours avantageux sur votre site. Appliquez la d\u00e9mo d&#039;Elfsight et g\u00e9n\u00e9rez votre widget en 2 minutes.\" \/>\n<meta name=\"robots\" content=\"index, follow, max-snippet:-1, max-image-preview:large, max-video-preview:-1\" \/>\n<link rel=\"canonical\" href=\"https:\/\/elfsight.com\/fr\/countdown-timer-widget\/drupal\/\" \/>\n<meta property=\"og:locale\" content=\"fr_FR\" \/>\n<meta property=\"og:type\" content=\"article\" \/>\n<meta property=\"og:title\" content=\"Compte \u00e0 rebours - ajoutez module Plugin Minuteur sur Drupal\" \/>\n<meta property=\"og:description\" content=\"Int\u00e9grez un Compte \u00e0 rebours avantageux sur votre site. Appliquez la d\u00e9mo d&#039;Elfsight et g\u00e9n\u00e9rez votre widget en 2 minutes.\" \/>\n<meta property=\"og:url\" content=\"https:\/\/elfsight.com\/fr\/countdown-timer-widget\/drupal\/\" \/>\n<meta property=\"og:site_name\" content=\"Elfsight FR\" \/>\n<meta property=\"article:modified_time\" content=\"2024-12-23T08:38:23+00:00\" \/>\n<meta name=\"twitter:card\" content=\"summary_large_image\" \/>\n<meta name=\"twitter:label1\" content=\"Dur\u00e9e de lecture estim\u00e9e\" \/>\n\t<meta name=\"twitter:data1\" content=\"4 minutes\" \/>\n<!-- \/ Yoast SEO plugin. -->","yoast_head_json":{"title":"Compte \u00e0 rebours - ajoutez module Plugin Minuteur sur Drupal","description":"Int\u00e9grez un Compte \u00e0 rebours avantageux sur votre site. Appliquez la d\u00e9mo d'Elfsight et g\u00e9n\u00e9rez votre widget en 2 minutes.","robots":{"index":"index","follow":"follow","max-snippet":"max-snippet:-1","max-image-preview":"max-image-preview:large","max-video-preview":"max-video-preview:-1"},"canonical":"https:\/\/elfsight.com\/fr\/countdown-timer-widget\/drupal\/","og_locale":"fr_FR","og_type":"article","og_title":"Compte \u00e0 rebours - ajoutez module Plugin Minuteur sur Drupal","og_description":"Int\u00e9grez un Compte \u00e0 rebours avantageux sur votre site. Appliquez la d\u00e9mo d'Elfsight et g\u00e9n\u00e9rez votre widget en 2 minutes.","og_url":"https:\/\/elfsight.com\/fr\/countdown-timer-widget\/drupal\/","og_site_name":"Elfsight FR","article_modified_time":"2024-12-23T08:38:23+00:00","twitter_card":"summary_large_image","twitter_misc":{"Dur\u00e9e de lecture estim\u00e9e":"4 minutes"},"schema":{"@context":"https:\/\/schema.org","@graph":[{"@type":"WebPage","@id":"https:\/\/elfsight.com\/fr\/countdown-timer-widget\/drupal\/","url":"https:\/\/elfsight.com\/fr\/countdown-timer-widget\/drupal\/","name":"Compte \u00e0 rebours - ajoutez module Plugin Minuteur sur Drupal","isPartOf":{"@id":"https:\/\/elfsight.com\/fr\/#website"},"datePublished":"2021-12-03T09:42:49+00:00","dateModified":"2024-12-23T08:38:23+00:00","description":"Int\u00e9grez un Compte \u00e0 rebours avantageux sur votre site. Appliquez la d\u00e9mo d'Elfsight et g\u00e9n\u00e9rez votre widget en 2 minutes.","breadcrumb":{"@id":"https:\/\/elfsight.com\/fr\/countdown-timer-widget\/drupal\/#breadcrumb"},"inLanguage":"fr-FR","potentialAction":[{"@type":"ReadAction","target":["https:\/\/elfsight.com\/fr\/countdown-timer-widget\/drupal\/"]}]},{"@type":"BreadcrumbList","@id":"https:\/\/elfsight.com\/fr\/countdown-timer-widget\/drupal\/#breadcrumb","itemListElement":[{"@type":"ListItem","position":1,"name":"Home","item":"https:\/\/elfsight.com\/fr\/"},{"@type":"ListItem","position":2,"name":"Countdown Timer","item":"https:\/\/elfsight.com\/fr\/countdown-timer-widget\/"},{"@type":"ListItem","position":3,"name":"Countdown Timer &#8211; Drupal"}]},{"@type":"WebSite","@id":"https:\/\/elfsight.com\/fr\/#website","url":"https:\/\/elfsight.com\/fr\/","name":"Elfsight FR","description":"","potentialAction":[{"@type":"SearchAction","target":{"@type":"EntryPoint","urlTemplate":"https:\/\/elfsight.com\/fr\/?s={search_term_string}"},"query-input":{"@type":"PropertyValueSpecification","valueRequired":true,"valueName":"search_term_string"}}],"inLanguage":"fr-FR"}]}},"meta_box":{"industry":"","seo_heading":"","heading":"","description":"","cta_heading":"","cta_description":"","application":"891","h1":"Module Compte \u00e0 rebours pour Drupal","h1_caption":"Configurez un compte \u00e0 rebours pour les \u00e9v\u00e9nements ou promotions importants, cr\u00e9ant ainsi un sentiment d'urgence pour vos visiteurs sur votre site Web Drupal sans effort.","application_category":[],"applications_title":"","applications_request_title":"","applications_request_button_text":"","hero_text":"","hero_video":"","hero_video_schema_markup":"","selling_points_title":"","selling_points_caption":"","selling_points":[],"selling_points_cta_text":"","features_title":"","features":"","ed_cta_examples_text":"","ed_cta_examples_hidden":"","ed_cta_demo_text":"","ed_cta_demo_hidden":"","why_caption":"","why_editor_title":"","why_editor_text":"","why_team_title":"","why_team_text":"","why_service_title":"","why_service_text":"","template_catalog_visible":"0","template_catalog_title":"","template_catalog_text":"","template_catalog_categories_visible":"","demo_title":"Cr\u00e9ez votre module Compte \u00e0 rebours","demo_caption":"Configurez votre compte \u00e0 rebours et ajoutez-le gratuitement \u00e0 votre site Drupal\u00a0!","default_faq_hidden":"","app_template_category":[],"platform":"351","template_public_id":"","codecanyon_url":"","codecanyon_item_id":"","codecanyon_price":"","pricing_caption":"","pricing_elfsight_apps_hide_column":"","pricing_elfsight_apps_url":"","pricing_codecanyon_price_caption":"","integration_category":[],"integration_request_title":"","integration_request_cta":"","integration_platform":"","integrations":[],"platform_category":[],"video_schema_markup":"","price":"\u00c0 partir de $0\/mois","trial":"","benefits":[{"text":"Installation gratuite"},{"text":"Support Premium"},{"text":"Garantie de remboursement de 14 jours"},{"text":"L'am\u00e9lioration continue"}],"button_url":"#demo","button_target_blank":"0","button_nofollow":"0","attributes":[{"name":"Nombre d'installations","content":"1,000 - 5,000","_state":"expanded"},{"name":"Adaptif","content":"Oui","_state":"expanded"},{"name":"Navigateurs compatibles","content":"Firefox, Safari, Opera, Chrome, Edge","_state":"expanded"}],"tags":[],"tags_disable_links":"0","hide_more_platforms":"","video_object":"","demo_hide_cta":"0","demo_hide_cloud_options":"0","pricing_title":"","pricing":[{"pricing_icon":"platform","pricing_title":"Applications d'Elfsight","pricing_title_caption":"Solution num\u00e9rique multiplateforme qui fonctionne sur n'importe quel site","pricing_price":"\u00c0 partir de $0\/mois","pricing_price_caption":"Commencez avec un plan gratuit","pricing_benefits":[{"text":"Sites Web illimit\u00e9s"},{"text":"\u00c9quipe d'assistance professionnelle"},{"text":"Service d'installation gratuit"},{"text":"100% personnalisable"}],"pricing_button_text":"Ajouter au site Web","pricing_button_url":"https:\/\/apps.elfsight.com\/sign-up\/","pricing_button_nofollow":"1","_state":"expanded"}],"related_apps_title":"","related_apps_hidden":"1","author":"","image":[],"title":"","job":"","social_networks":[]},"_links":{"self":[{"href":"https:\/\/elfsight.com\/fr\/wp-json\/wp\/v2\/pages\/4700","targetHints":{"allow":["GET"]}}],"collection":[{"href":"https:\/\/elfsight.com\/fr\/wp-json\/wp\/v2\/pages"}],"about":[{"href":"https:\/\/elfsight.com\/fr\/wp-json\/wp\/v2\/types\/page"}],"author":[{"embeddable":true,"href":"https:\/\/elfsight.com\/fr\/wp-json\/wp\/v2\/users\/18"}],"replies":[{"embeddable":true,"href":"https:\/\/elfsight.com\/fr\/wp-json\/wp\/v2\/comments?post=4700"}],"version-history":[{"count":3,"href":"https:\/\/elfsight.com\/fr\/wp-json\/wp\/v2\/pages\/4700\/revisions"}],"predecessor-version":[{"id":16006,"href":"https:\/\/elfsight.com\/fr\/wp-json\/wp\/v2\/pages\/4700\/revisions\/16006"}],"up":[{"embeddable":true,"href":"https:\/\/elfsight.com\/fr\/wp-json\/wp\/v2\/pages\/892"}],"wp:attachment":[{"href":"https:\/\/elfsight.com\/fr\/wp-json\/wp\/v2\/media?parent=4700"}],"curies":[{"name":"wp","href":"https:\/\/api.w.org\/{rel}","templated":true}]}}