{"id":4690,"date":"2021-12-03T09:42:58","date_gmt":"2021-12-03T09:42:58","guid":{"rendered":"https:\/\/elfsight.com\/fr\/?page_id=4690"},"modified":"2025-07-09T17:13:22","modified_gmt":"2025-07-09T17:13:22","slug":"wix","status":"publish","type":"page","link":"https:\/\/elfsight.com\/fr\/cookie-consent-widget\/wix\/","title":{"rendered":"Cookie Consent &#8211; Wix"},"content":{"rendered":"<div class=\"application-platform-content-item-description application-platform-content-item\" id=\"description\" data-nav-section=\"description\"><h2>Description<\/h2><p>Avec l&rsquo;application Elfsight Cookie, il est devenu absolument simple d&rsquo;afficher une notification \u00e0 vos visiteurs indiquant que votre site applique des cookies , via une fen\u00eatre contextuelle fluide. Ce widget vous permet d&rsquo;ajouter votre message, de fournir un lien vers les conditions g\u00e9n\u00e9rales d&rsquo;utilisation de votre site Web et de placer des boutons actifs pour obtenir l&rsquo;approbation des visiteurs. Vous pouvez choisir d&rsquo;afficher le widget sous forme de barre ou de bo\u00eete et de lui choisir un emplacement. De plus, les \u00e9l\u00e9ments pouvant \u00eatre peints vous aident \u00e0 lui donner un aspect natif et \u00e0 bien s&rsquo;int\u00e9grer au style du site Web. <\/p> <div class=\"faq\" data-component=\"FAQ\"><div class=\"faq-item\">\r\n\t\t\t\t\t<div class=\"faq-item-question\">\r\n\t\t\t\t\t\t<h3 class=\"faq-item-question-text\">O\u00f9 puis-je afficher l'application<\/h3>\r\n\r\n\t\t\t\t\t\t<div class=\"faq-item-question-icon\"><\/div>\r\n\t\t\t\t\t<\/div>\r\n\r\n\t\t\t\t\t<div class=\"faq-item-answer\">\r\n\t\t\t\t\t\t<div class=\"faq-item-answer-text\"><p>Vous \u00eates libre d&rsquo;ins\u00e9rer le plugin sur n&rsquo;importe quelle page du site ainsi que sur toutes, selon l&rsquo;endroit o\u00f9 vous en avez besoin . Une fois qu&rsquo;un utilisateur acc\u00e8de \u00e0 la page, le widget appara\u00eetra. <\/p> <\/div>\r\n\t\t\t\t\t<\/div>\r\n\t\t\t\t<\/div><div class=\"faq-item\">\r\n\t\t\t\t\t<div class=\"faq-item-question\">\r\n\t\t\t\t\t\t<h3 class=\"faq-item-question-text\">Quels sont les avantages du consentement aux cookies pour moi ?<\/h3>\r\n\r\n\t\t\t\t\t\t<div class=\"faq-item-question-icon\"><\/div>\r\n\t\t\t\t\t<\/div>\r\n\r\n\t\t\t\t\t<div class=\"faq-item-answer\">\r\n\t\t\t\t\t\t<div class=\"faq-item-answer-text\"><p>Le widget vous aide \u00e0 cr\u00e9er une annonce de cookie imm\u00e9diate, sans codage et tr\u00e8s rapidement. Il propose toutes les langues europ\u00e9ennes les plus populaires pour offrir une exp\u00e9rience utilisateur simple \u00e0 vos visiteurs. <\/p> <\/div>\r\n\t\t\t\t\t<\/div>\r\n\t\t\t\t<\/div><div class=\"faq-item\">\r\n\t\t\t\t\t<div class=\"faq-item-question\">\r\n\t\t\t\t\t\t<h3 class=\"faq-item-question-text\">De quoi ai-je besoin pour ajouter l'application Cookie sur mon site Wix ?<\/h3>\r\n\r\n\t\t\t\t\t\t<div class=\"faq-item-question-icon\"><\/div>\r\n\t\t\t\t\t<\/div>\r\n\r\n\t\t\t\t\t<div class=\"faq-item-answer\">\r\n\t\t\t\t\t\t<div class=\"faq-item-answer-text\"><p>Vous n&rsquo;avez besoin que d&rsquo;une minute de votre temps pour commencer \u00e0 utiliser le widget. L&rsquo;int\u00e9gration est extr\u00eamement rapide, gratuite et sans codage. <\/p><p>Vous pouvez configurer le widget sur le site via notre service. Suivez simplement le guide ci-dessous sur cette page. <\/p><\/div>\r\n\t\t\t\t\t<\/div>\r\n\t\t\t\t<\/div><\/div><\/div><div class=\"application-platform-content-item-features application-platform-content-item\" id=\"features\" data-nav-section=\"features\"><h2>Fonctionnalit\u00e9s<\/h2><p>Pour une connaissance plus claire du consentement aux cookies, voici la liste des plus fonctions exceptionnelles. Ils rendent notre widget incroyablement efficace pour votre promotion\u00a0: <\/p><ul><li>S\u00e9lectionnez la notification uniquement ou ajoutez une demande d&rsquo;approbation\u00a0; <\/li> <li> R\u00e9digez un texte d&rsquo;annonce personnalis\u00e9 avec le formatage et les liens disponibles\u00a0; <\/li> <li>R\u00e9v\u00e9ler ou d\u00e9sactiver un lien vers votre politique en mati\u00e8re de cookies et ajouter une \u00e9tiquette de lien personnalis\u00e9e\u00a0; <\/li> <li> S\u00e9lectionnez le type de disposition Bar ou Box du widget\u00a0; <\/li> <li>Choisissez votre couleur pour les boutons et les liens. <\/li> <\/ul><p><a href=\"#demo\">Voir plus de fonctionnalit\u00e9s dans la d\u00e9mo en direct<\/a><\/p><\/div><div class=\"application-platform-content-item-installation application-platform-content-item\" id=\"installation\" data-nav-section=\"installation\"><h2>Trouver D\u00e9couvrez comment placer le consentement aux cookies sur votre site Wix. C&rsquo;est incroyablement simple.<\/h2><div class=\"video-container\"><iframe width=\"720\" height=\"405\" src=\"https:\/\/www.youtube.com\/embed\/8A8f3XJ2QuI\" frameborder=\"0\" allowfullscreen=\"\"><\/iframe><\/div><p>Ces plusieurs actions sont la seule chose dont vous avez besoin pour que ce soit sans codage. <\/p><ol><li><b>Construisez votre application Cookie personnalis\u00e9e<\/b><br> \u00c0 l&rsquo;aide de notre \u00e9diteur gratuit, g\u00e9n\u00e9rez un plugin, en choisissant les caract\u00e9ristiques de conception et les caract\u00e9ristiques fonctionnelles. <\/li><li><b>Recevez le code individuel pour afficher le plugin<\/b><br> Apr\u00e8s avoir cr\u00e9\u00e9 votre widget, vous recevrez le code individuel de la notification contextuelle sur les applications Elfsight. Copiez-le. <\/li> <li><b>Int\u00e9grez le plugin sur votre site Wix<\/b><br> Choisissez la page sur laquelle vous souhaitez afficher le plugin et collez-y le code copi\u00e9. Appliquez les modifications. <\/li> <li><b>L&rsquo;installation est termin\u00e9e<\/b><br> Acc\u00e9dez \u00e0 votre site pour afficher votre application.<\/li> <\/ol><p>Vous n&rsquo;arrivez toujours pas \u00e0 vous d\u00e9cider\u00a0? Ou vous \u00eates tomb\u00e9 sur quelque chose ? \u00c9crivez simplement une demande \u00e0 notre \u00e9quipe d&rsquo;assistance, elle r\u00e9glera tout probl\u00e8me. <\/p><\/div>","protected":false},"excerpt":{"rendered":"","protected":false},"author":18,"featured_media":0,"parent":1220,"menu_order":0,"comment_status":"closed","ping_status":"closed","template":"templates\/template-application-platform.php","meta":{"publish_to_discourse":"","publish_post_category":"","wpdc_auto_publish_overridden":"","wpdc_topic_tags":"","wpdc_pin_topic":"","wpdc_pin_until":"","discourse_post_id":"","discourse_permalink":"","wpdc_publishing_response":"","wpdc_publishing_error":"","footnotes":""},"class_list":["post-4690","page","type-page","status-publish","hentry"],"yoast_head":"<!-- This site is optimized with the Yoast SEO plugin v25.3.1 - https:\/\/yoast.com\/wordpress\/plugins\/seo\/ -->\n<title>Banni\u00e8re Cookie - ajoutez app Consentement Cookies sur Wix<\/title>\n<meta name=\"description\" content=\"Int\u00e9grez un Banni\u00e8re Cookie attractif sur votre site. Utilisez la d\u00e9mo d&#039;Elfsight et g\u00e9n\u00e9rez votre plugin en 2 minutes.\" \/>\n<meta name=\"robots\" content=\"index, follow, max-snippet:-1, max-image-preview:large, max-video-preview:-1\" \/>\n<link rel=\"canonical\" href=\"https:\/\/elfsight.com\/fr\/cookie-consent-widget\/wix\/\" \/>\n<meta property=\"og:locale\" content=\"fr_FR\" \/>\n<meta property=\"og:type\" content=\"article\" \/>\n<meta property=\"og:title\" content=\"Banni\u00e8re Cookie - ajoutez app Consentement Cookies sur Wix\" \/>\n<meta property=\"og:description\" content=\"Int\u00e9grez un Banni\u00e8re Cookie attractif sur votre site. Utilisez la d\u00e9mo d&#039;Elfsight et g\u00e9n\u00e9rez votre plugin en 2 minutes.\" \/>\n<meta property=\"og:url\" content=\"https:\/\/elfsight.com\/fr\/cookie-consent-widget\/wix\/\" \/>\n<meta property=\"og:site_name\" content=\"Elfsight FR\" \/>\n<meta property=\"article:modified_time\" content=\"2025-07-09T17:13:22+00:00\" \/>\n<meta name=\"twitter:card\" content=\"summary_large_image\" \/>\n<meta name=\"twitter:label1\" content=\"Dur\u00e9e de lecture estim\u00e9e\" \/>\n\t<meta name=\"twitter:data1\" content=\"1 minute\" \/>\n<!-- \/ Yoast SEO plugin. -->","yoast_head_json":{"title":"Banni\u00e8re Cookie - ajoutez app Consentement Cookies sur Wix","description":"Int\u00e9grez un Banni\u00e8re Cookie attractif sur votre site. Utilisez la d\u00e9mo d'Elfsight et g\u00e9n\u00e9rez votre plugin en 2 minutes.","robots":{"index":"index","follow":"follow","max-snippet":"max-snippet:-1","max-image-preview":"max-image-preview:large","max-video-preview":"max-video-preview:-1"},"canonical":"https:\/\/elfsight.com\/fr\/cookie-consent-widget\/wix\/","og_locale":"fr_FR","og_type":"article","og_title":"Banni\u00e8re Cookie - ajoutez app Consentement Cookies sur Wix","og_description":"Int\u00e9grez un Banni\u00e8re Cookie attractif sur votre site. Utilisez la d\u00e9mo d'Elfsight et g\u00e9n\u00e9rez votre plugin en 2 minutes.","og_url":"https:\/\/elfsight.com\/fr\/cookie-consent-widget\/wix\/","og_site_name":"Elfsight FR","article_modified_time":"2025-07-09T17:13:22+00:00","twitter_card":"summary_large_image","twitter_misc":{"Dur\u00e9e de lecture estim\u00e9e":"1 minute"},"schema":{"@context":"https:\/\/schema.org","@graph":[{"@type":"WebPage","@id":"https:\/\/elfsight.com\/fr\/cookie-consent-widget\/wix\/","url":"https:\/\/elfsight.com\/fr\/cookie-consent-widget\/wix\/","name":"Banni\u00e8re Cookie - ajoutez app Consentement Cookies sur Wix","isPartOf":{"@id":"https:\/\/elfsight.com\/fr\/#website"},"datePublished":"2021-12-03T09:42:58+00:00","dateModified":"2025-07-09T17:13:22+00:00","description":"Int\u00e9grez un Banni\u00e8re Cookie attractif sur votre site. Utilisez la d\u00e9mo d'Elfsight et g\u00e9n\u00e9rez votre plugin en 2 minutes.","breadcrumb":{"@id":"https:\/\/elfsight.com\/fr\/cookie-consent-widget\/wix\/#breadcrumb"},"inLanguage":"fr-FR","potentialAction":[{"@type":"ReadAction","target":["https:\/\/elfsight.com\/fr\/cookie-consent-widget\/wix\/"]}]},{"@type":"BreadcrumbList","@id":"https:\/\/elfsight.com\/fr\/cookie-consent-widget\/wix\/#breadcrumb","itemListElement":[{"@type":"ListItem","position":1,"name":"Home","item":"https:\/\/elfsight.com\/fr\/"},{"@type":"ListItem","position":2,"name":"Cookie Consent","item":"https:\/\/elfsight.com\/fr\/cookie-consent-widget\/"},{"@type":"ListItem","position":3,"name":"Cookie Consent &#8211; Wix"}]},{"@type":"WebSite","@id":"https:\/\/elfsight.com\/fr\/#website","url":"https:\/\/elfsight.com\/fr\/","name":"Elfsight FR","description":"","potentialAction":[{"@type":"SearchAction","target":{"@type":"EntryPoint","urlTemplate":"https:\/\/elfsight.com\/fr\/?s={search_term_string}"},"query-input":{"@type":"PropertyValueSpecification","valueRequired":true,"valueName":"search_term_string"}}],"inLanguage":"fr-FR"}]}},"meta_box":{"industry":"","seo_heading":"","heading":"","description":"","cta_heading":"","cta_description":"","application":"1219","h1":"App Banni\u00e8re Cookie pour Wix","h1_caption":"Respectez les r\u00e8gles de confidentialit\u00e9 en ajoutant une banni\u00e8re de consentement aux cookies sur votre site Web, garantissant ainsi la transparence des donn\u00e9es utilisateur sur votre site Web Wix sans effort.","application_category":[],"applications_title":"","applications_request_title":"","applications_request_button_text":"","hero_text":"","hero_video":"","hero_video_schema_markup":"","selling_points_title":"","selling_points_caption":"","selling_points":[],"selling_points_cta_text":"","features_title":"","features":"","ed_cta_examples_text":"","ed_cta_examples_hidden":"","ed_cta_demo_text":"","ed_cta_demo_hidden":"","why_caption":"","why_editor_title":"","why_editor_text":"","why_team_title":"","why_team_text":"","why_service_title":"","why_service_text":"","template_catalog_visible":"","template_catalog_title":"","template_catalog_text":"","template_catalog_categories_visible":"","demo_title":"Cr\u00e9ez votre application de consentement aux cookies","demo_caption":"Configurez votre consentement aux cookies et ajoutez-le gratuitement \u00e0 votre site Web Wix\u00a0!","default_faq_hidden":"","app_template_category":[],"platform":"345","template_public_id":"","codecanyon_url":"","codecanyon_item_id":"","codecanyon_price":"","pricing_caption":"","pricing_elfsight_apps_hide_column":"","pricing_elfsight_apps_url":"","pricing_codecanyon_price_caption":"","integration_category":[],"integration_request_title":"","integration_request_cta":"","integration_platform":"","integrations":[],"platform_category":[],"video_schema_markup":"","price":"\u00c0 partir de $0\/mois","trial":"","benefits":[{"text":"Installation gratuite"},{"text":"Support Premium"},{"text":"Garantie de remboursement de 14 jours"},{"text":"L'am\u00e9lioration continue"}],"button_url":"#demo","button_target_blank":"0","button_nofollow":"0","attributes":[{"name":"Nombre d'installations","content":"1,000 - 5,000","_state":"expanded"},{"name":"Adaptif","content":"Oui","_state":"expanded"},{"name":"Navigateurs compatibles","content":"Firefox, Safari, Opera, Chrome, Edge","_state":"expanded"}],"tags":[],"tags_disable_links":"0","hide_more_platforms":"","video_object":"","demo_hide_cta":"0","demo_hide_cloud_options":"0","pricing_title":"","pricing":[{"pricing_icon":"platform","pricing_title":"Applications d'Elfsight","pricing_title_caption":"Solution num\u00e9rique multiplateforme qui fonctionne sur n'importe quel site","pricing_price":"\u00c0 partir de $0\/mois","pricing_price_caption":"Commencez avec un plan gratuit","pricing_benefits":[{"text":"Sites Web illimit\u00e9s"},{"text":"\u00c9quipe d'assistance professionnelle"},{"text":"Service d'installation gratuit"},{"text":"100% personnalisable"}],"pricing_button_text":"Ajouter au site Web","pricing_button_url":"https:\/\/apps.elfsight.com\/sign-up\/","pricing_button_nofollow":"1","_state":"expanded"}],"related_apps_title":"","related_apps_hidden":"1","author":"","image":[],"title":"","job":"","social_networks":[]},"_links":{"self":[{"href":"https:\/\/elfsight.com\/fr\/wp-json\/wp\/v2\/pages\/4690","targetHints":{"allow":["GET"]}}],"collection":[{"href":"https:\/\/elfsight.com\/fr\/wp-json\/wp\/v2\/pages"}],"about":[{"href":"https:\/\/elfsight.com\/fr\/wp-json\/wp\/v2\/types\/page"}],"author":[{"embeddable":true,"href":"https:\/\/elfsight.com\/fr\/wp-json\/wp\/v2\/users\/18"}],"replies":[{"embeddable":true,"href":"https:\/\/elfsight.com\/fr\/wp-json\/wp\/v2\/comments?post=4690"}],"version-history":[{"count":2,"href":"https:\/\/elfsight.com\/fr\/wp-json\/wp\/v2\/pages\/4690\/revisions"}],"predecessor-version":[{"id":15056,"href":"https:\/\/elfsight.com\/fr\/wp-json\/wp\/v2\/pages\/4690\/revisions\/15056"}],"up":[{"embeddable":true,"href":"https:\/\/elfsight.com\/fr\/wp-json\/wp\/v2\/pages\/1220"}],"wp:attachment":[{"href":"https:\/\/elfsight.com\/fr\/wp-json\/wp\/v2\/media?parent=4690"}],"curies":[{"name":"wp","href":"https:\/\/api.w.org\/{rel}","templated":true}]}}