{"id":4682,"date":"2021-12-03T09:43:09","date_gmt":"2021-12-03T09:43:09","guid":{"rendered":"https:\/\/elfsight.com\/fr\/?page_id=4682"},"modified":"2024-11-11T10:53:24","modified_gmt":"2024-11-11T10:53:24","slug":"squarespace","status":"publish","type":"page","link":"https:\/\/elfsight.com\/fr\/cookie-consent-widget\/squarespace\/","title":{"rendered":"Cookie Consent &#8211; Squarespace"},"content":{"rendered":"<div class=\"application-platform-content-item-description application-platform-content-item\" id=\"description\" data-nav-section=\"description\"><h2>Int\u00e9grer le consentement aux cookies sur Squarespace avec le widget Elfsight<\/h2><p>Avec le plugin Elfsight Cookie, il est absolument simple d&rsquo;informer les utilisateurs que votre le site Web contient des cookies en affichant une barre contextuelle propre. Notre widget vous permet d&rsquo;ajouter un message personnalis\u00e9, de placer un lien vers les conditions g\u00e9n\u00e9rales d&rsquo;utilisation de votre site Web et de placer des boutons actifs pour obtenir l&rsquo;autorisation des visiteurs. Vous pouvez choisir d&rsquo;afficher la notification sous la forme d&rsquo;une barre ou d&rsquo;un cadre et choisir son emplacement sur la page. De plus, la possibilit\u00e9 de peindre les \u00e9l\u00e9ments de l&rsquo;interface vous aidera \u00e0 lui donner un aspect natif et \u00e0 correspondre au style g\u00e9n\u00e9ral du site. <\/p> <div class=\"faq\" data-component=\"FAQ\"><div class=\"faq-item\">\r\n\t\t\t\t\t<div class=\"faq-item-question\">\r\n\t\t\t\t\t\t<h3 class=\"faq-item-question-text\">O\u00f9 puis-je afficher ce plugin ?<\/h3>\r\n\r\n\t\t\t\t\t\t<div class=\"faq-item-question-icon\"><\/div>\r\n\t\t\t\t\t<\/div>\r\n\r\n\t\t\t\t\t<div class=\"faq-item-answer\">\r\n\t\t\t\t\t\t<div class=\"faq-item-answer-text\"><p>Vous pouvez int\u00e9grer la notification sur n&rsquo;importe quelle page de votre site ou sur l&rsquo;ensemble des pages, selon vos besoins. D\u00e8s qu&rsquo;un visiteur acc\u00e8de \u00e0 la page, une notification appara\u00eetra.<\/p> <\/div>\r\n\t\t\t\t\t<\/div>\r\n\t\t\t\t<\/div><div class=\"faq-item\">\r\n\t\t\t\t\t<div class=\"faq-item-question\">\r\n\t\t\t\t\t\t<h3 class=\"faq-item-question-text\">Quels sont les avantages d'avoir ce plugin pour moi ?<\/h3>\r\n\r\n\t\t\t\t\t\t<div class=\"faq-item-question-icon\"><\/div>\r\n\t\t\t\t\t<\/div>\r\n\r\n\t\t\t\t\t<div class=\"faq-item-answer\">\r\n\t\t\t\t\t\t<div class=\"faq-item-answer-text\"><p>Le consentement aux cookies d&rsquo;Elfsight m&rsquo;aidera vous cr\u00e9ez une annonce de cookie imm\u00e9diate, sans codage et au maximum rapidement. Il propose toutes les langues europ\u00e9ennes r\u00e9pandues pour offrir une exp\u00e9rience pratique aux utilisateurs. <\/p> <\/div>\r\n\t\t\t\t\t<\/div>\r\n\t\t\t\t<\/div><div class=\"faq-item\">\r\n\t\t\t\t\t<div class=\"faq-item-question\">\r\n\t\t\t\t\t\t<h3 class=\"faq-item-question-text\">De quoi ai-je besoin pour obtenir le plugin Cookie sur mon site Web Squarespace ?<\/h3>\r\n\r\n\t\t\t\t\t\t<div class=\"faq-item-question-icon\"><\/div>\r\n\t\t\t\t\t<\/div>\r\n\r\n\t\t\t\t\t<div class=\"faq-item-answer\">\r\n\t\t\t\t\t\t<div class=\"faq-item-answer-text\"><p>Vous n&rsquo;avez besoin que de quelques minutes pour commencer \u00e0 utiliser le widget. L\u2019int\u00e9gration est extr\u00eamement rapide, gratuite et n\u2019inclut pas de codage. <\/p><p>Il existe une option permettant de configurer des cookies sur le site directement dans notre service. Pour le r\u00e9aliser, suivez les instructions ci-dessous sur cette page. <\/p><\/div>\r\n\t\t\t\t\t<\/div>\r\n\t\t\t\t<\/div><\/div><\/div><div class=\"application-platform-content-item-features application-platform-content-item\" id=\"features\" data-nav-section=\"features\"><h2>Principales fonctionnalit\u00e9s du widget Consentement aux cookies<\/h2><p>Afin de vous aider \u00e0 mieux conna\u00eetre du plugin, nous avons cr\u00e9\u00e9 une liste des caract\u00e9ristiques essentielles. Ils rendent ce widget plus efficace pour votre site Web\u00a0: <\/p><ul><li>Organisez uniquement les notifications ou les demandes d&rsquo;approbation\u00a0; <\/li> <li>La possibilit\u00e9 de saisir votre propre message d&rsquo;annonce prenant en charge le formatage et les liens\u00a0; <\/li> <li>R\u00e9v\u00e9ler ou masquer un lien actif vers la politique en mati\u00e8re de cookies et ajouter un texte de lien personnalis\u00e9\u00a0; <\/li> <li> Choisissez une variante de disposition de barre ou de bo\u00eete de la notification\u00a0; <\/li> <li>Choisissez une couleur personnalis\u00e9e pour les boutons et les liens. <\/li> <\/ul><p><a href=\"#demo\">La d\u00e9mo vous r\u00e9v\u00e9lera plus de fonctionnalit\u00e9s<\/a><\/p><\/div><div class=\"application-platform-content-item-installation application-platform-content-item\" id=\"installation\" data-nav-section=\"installation\"><h2> Voici comment ajouter le consentement aux cookies \u00e0 votre page Squarespace<\/h2><div class=\"video-container\"><iframe width=\"720\" height=\"405\" src=\"https:\/\/www.youtube.com\/embed\/Rfjr6RNgaCE\" frameborder=\"0\" allowfullscreen=\"\"><\/iframe><\/div><p>Les actions ci-dessous sont la seule chose que vous devez faire pour que le widget soit op\u00e9rationnel. <\/p><ol><li><b>G\u00e9n\u00e9rez votre plugin Cookie personnel<\/b><br> Gr\u00e2ce \u00e0 notre configurateur gratuit, configurez un plugin avec des options d&rsquo;interface et de fonctionnalit\u00e9s pr\u00e9f\u00e9rables. <\/li><li><b>Recevez le code individuel pour installer le plugin<\/b><br> Apr\u00e8s avoir cr\u00e9\u00e9 votre widget, vous obtiendrez votre code personnel \u00e0 partir de la notification apparaissant sur Elfsight Apps. Copiez ce code pour une utilisation ult\u00e9rieure. <\/li> <li><b>Ajoutez le plugin sur votre site Squarespace<\/b><br> S\u00e9lectionnez la zone de page dans laquelle vous souhaitez int\u00e9grer le plugin et collez-y le code enregistr\u00e9. Publiez les modifications. <\/li> <li><b>Fait\u00a0! <\/b><br> Allez sur le site, pour v\u00e9rifier votre travail. <\/li> <\/ol><p>Vous n&rsquo;arrivez toujours pas \u00e0 vous d\u00e9cider\u00a0? Ou vous avez des probl\u00e8mes ? Une simple demande \u00e0 notre service client r\u00e9glera chaque question. Vous souhaiterez peut-\u00eatre \u00e9galement lire notre <a href=\"https:\/\/elfsight.com\/blog\/how-to-add-cookie-consent-banners-to-squarespace\/\" target=\"_blank\" rel=\"noopener\">article sur l&rsquo;ajout du consentement aux cookies aux sites Web Squarespace<\/a>. <\/p><\/div>","protected":false},"excerpt":{"rendered":"","protected":false},"author":18,"featured_media":0,"parent":1220,"menu_order":0,"comment_status":"closed","ping_status":"closed","template":"templates\/template-application-platform.php","meta":{"publish_to_discourse":"","publish_post_category":"","wpdc_auto_publish_overridden":"","wpdc_topic_tags":"","wpdc_pin_topic":"","wpdc_pin_until":"","discourse_post_id":"","discourse_permalink":"","wpdc_publishing_response":"","wpdc_publishing_error":"","footnotes":""},"class_list":["post-4682","page","type-page","status-publish","hentry"],"yoast_head":"<!-- This site is optimized with the Yoast SEO plugin v25.3.1 - https:\/\/yoast.com\/wordpress\/plugins\/seo\/ -->\n<title>Banni\u00e8re Cookie - ajoutez plugin Consentement Cookies sur Squarespace<\/title>\n<meta name=\"description\" content=\"Int\u00e9grez un Banni\u00e8re Cookie attractif sur votre site. Utilisez la d\u00e9mo d&#039;Elfsight et g\u00e9n\u00e9rez votre widget en quelques minutes.\" \/>\n<meta name=\"robots\" content=\"index, follow, max-snippet:-1, max-image-preview:large, max-video-preview:-1\" \/>\n<link rel=\"canonical\" href=\"https:\/\/elfsight.com\/fr\/cookie-consent-widget\/squarespace\/\" \/>\n<meta property=\"og:locale\" content=\"fr_FR\" \/>\n<meta property=\"og:type\" content=\"article\" \/>\n<meta property=\"og:title\" content=\"Banni\u00e8re Cookie - ajoutez plugin Consentement Cookies sur Squarespace\" \/>\n<meta property=\"og:description\" content=\"Int\u00e9grez un Banni\u00e8re Cookie attractif sur votre site. Utilisez la d\u00e9mo d&#039;Elfsight et g\u00e9n\u00e9rez votre widget en quelques minutes.\" \/>\n<meta property=\"og:url\" content=\"https:\/\/elfsight.com\/fr\/cookie-consent-widget\/squarespace\/\" \/>\n<meta property=\"og:site_name\" content=\"Elfsight FR\" \/>\n<meta property=\"article:modified_time\" content=\"2024-11-11T10:53:24+00:00\" \/>\n<meta name=\"twitter:card\" content=\"summary_large_image\" \/>\n<meta name=\"twitter:label1\" content=\"Dur\u00e9e de lecture estim\u00e9e\" \/>\n\t<meta name=\"twitter:data1\" content=\"1 minute\" \/>\n<!-- \/ Yoast SEO plugin. -->","yoast_head_json":{"title":"Banni\u00e8re Cookie - ajoutez plugin Consentement Cookies sur Squarespace","description":"Int\u00e9grez un Banni\u00e8re Cookie attractif sur votre site. Utilisez la d\u00e9mo d'Elfsight et g\u00e9n\u00e9rez votre widget en quelques minutes.","robots":{"index":"index","follow":"follow","max-snippet":"max-snippet:-1","max-image-preview":"max-image-preview:large","max-video-preview":"max-video-preview:-1"},"canonical":"https:\/\/elfsight.com\/fr\/cookie-consent-widget\/squarespace\/","og_locale":"fr_FR","og_type":"article","og_title":"Banni\u00e8re Cookie - ajoutez plugin Consentement Cookies sur Squarespace","og_description":"Int\u00e9grez un Banni\u00e8re Cookie attractif sur votre site. Utilisez la d\u00e9mo d'Elfsight et g\u00e9n\u00e9rez votre widget en quelques minutes.","og_url":"https:\/\/elfsight.com\/fr\/cookie-consent-widget\/squarespace\/","og_site_name":"Elfsight FR","article_modified_time":"2024-11-11T10:53:24+00:00","twitter_card":"summary_large_image","twitter_misc":{"Dur\u00e9e de lecture estim\u00e9e":"1 minute"},"schema":{"@context":"https:\/\/schema.org","@graph":[{"@type":"WebPage","@id":"https:\/\/elfsight.com\/fr\/cookie-consent-widget\/squarespace\/","url":"https:\/\/elfsight.com\/fr\/cookie-consent-widget\/squarespace\/","name":"Banni\u00e8re Cookie - ajoutez plugin Consentement Cookies sur Squarespace","isPartOf":{"@id":"https:\/\/elfsight.com\/fr\/#website"},"datePublished":"2021-12-03T09:43:09+00:00","dateModified":"2024-11-11T10:53:24+00:00","description":"Int\u00e9grez un Banni\u00e8re Cookie attractif sur votre site. Utilisez la d\u00e9mo d'Elfsight et g\u00e9n\u00e9rez votre widget en quelques minutes.","breadcrumb":{"@id":"https:\/\/elfsight.com\/fr\/cookie-consent-widget\/squarespace\/#breadcrumb"},"inLanguage":"fr-FR","potentialAction":[{"@type":"ReadAction","target":["https:\/\/elfsight.com\/fr\/cookie-consent-widget\/squarespace\/"]}]},{"@type":"BreadcrumbList","@id":"https:\/\/elfsight.com\/fr\/cookie-consent-widget\/squarespace\/#breadcrumb","itemListElement":[{"@type":"ListItem","position":1,"name":"Home","item":"https:\/\/elfsight.com\/fr\/"},{"@type":"ListItem","position":2,"name":"Cookie Consent","item":"https:\/\/elfsight.com\/fr\/cookie-consent-widget\/"},{"@type":"ListItem","position":3,"name":"Cookie Consent &#8211; Squarespace"}]},{"@type":"WebSite","@id":"https:\/\/elfsight.com\/fr\/#website","url":"https:\/\/elfsight.com\/fr\/","name":"Elfsight FR","description":"","potentialAction":[{"@type":"SearchAction","target":{"@type":"EntryPoint","urlTemplate":"https:\/\/elfsight.com\/fr\/?s={search_term_string}"},"query-input":{"@type":"PropertyValueSpecification","valueRequired":true,"valueName":"search_term_string"}}],"inLanguage":"fr-FR"}]}},"meta_box":{"industry":"","seo_heading":"","heading":"","description":"","cta_heading":"","cta_description":"","application":"1219","h1":"Plugin Banni\u00e8re Cookie pour Squarespace","h1_caption":"Respectez les r\u00e8gles de confidentialit\u00e9 en ajoutant une banni\u00e8re de consentement aux cookies sur votre site Web, garantissant ainsi la transparence des donn\u00e9es utilisateur sur votre site Web Squarespace sans effort.","application_category":[],"applications_title":"","applications_request_title":"","applications_request_button_text":"","hero_text":"","hero_video":"","hero_video_schema_markup":"","selling_points_title":"","selling_points_caption":"","selling_points":[],"selling_points_cta_text":"","features_title":"","features":"","ed_cta_examples_text":"","ed_cta_examples_hidden":"","ed_cta_demo_text":"","ed_cta_demo_hidden":"","why_caption":"","why_editor_title":"","why_editor_text":"","why_team_title":"","why_team_text":"","why_service_title":"","why_service_text":"","template_catalog_visible":"","template_catalog_title":"","template_catalog_text":"","template_catalog_categories_visible":"","demo_title":"Cr\u00e9ez votre plugin de consentement aux cookies","demo_caption":"Configurez votre consentement aux cookies et ajoutez-le gratuitement \u00e0 votre site Web Squarespace\u00a0!","default_faq_hidden":"","app_template_category":[],"platform":"361","template_public_id":"","codecanyon_url":"","codecanyon_item_id":"","codecanyon_price":"","pricing_caption":"","pricing_elfsight_apps_hide_column":"","pricing_elfsight_apps_url":"","pricing_codecanyon_price_caption":"","integration_category":[],"integration_request_title":"","integration_request_cta":"","integration_platform":"","integrations":[],"platform_category":[],"video_schema_markup":"","price":"\u00c0 partir de $0\/mois","trial":"","benefits":[{"text":"Installation gratuite"},{"text":"Support Premium"},{"text":"Garantie de remboursement de 14 jours"},{"text":"L'am\u00e9lioration continue"}],"button_url":"#demo","button_target_blank":"0","button_nofollow":"0","attributes":[{"name":"Nombre d'installations","content":"1,000 - 5,000","_state":"expanded"},{"name":"Adaptif","content":"Oui","_state":"expanded"},{"name":"Navigateurs compatibles","content":"Firefox, Safari, Opera, Chrome, Edge","_state":"expanded"}],"tags":[],"tags_disable_links":"0","hide_more_platforms":"","video_object":"","demo_hide_cta":"0","demo_hide_cloud_options":"0","pricing_title":"","pricing":[{"pricing_icon":"platform","pricing_title":"Applications d'Elfsight","pricing_title_caption":"Solution num\u00e9rique multiplateforme qui fonctionne sur n'importe quel site","pricing_price":"\u00c0 partir de $0\/mois","pricing_price_caption":"Commencez avec un plan gratuit","pricing_benefits":[{"text":"Sites Web illimit\u00e9s"},{"text":"\u00c9quipe d'assistance professionnelle"},{"text":"Service d'installation gratuit"},{"text":"100% personnalisable"}],"pricing_button_text":"Ajouter au site Web","pricing_button_url":"https:\/\/apps.elfsight.com\/sign-up\/","pricing_button_nofollow":"1","_state":"expanded"}],"related_apps_title":"","related_apps_hidden":"1","author":"","image":[],"title":"","job":"","social_networks":[]},"_links":{"self":[{"href":"https:\/\/elfsight.com\/fr\/wp-json\/wp\/v2\/pages\/4682","targetHints":{"allow":["GET"]}}],"collection":[{"href":"https:\/\/elfsight.com\/fr\/wp-json\/wp\/v2\/pages"}],"about":[{"href":"https:\/\/elfsight.com\/fr\/wp-json\/wp\/v2\/types\/page"}],"author":[{"embeddable":true,"href":"https:\/\/elfsight.com\/fr\/wp-json\/wp\/v2\/users\/18"}],"replies":[{"embeddable":true,"href":"https:\/\/elfsight.com\/fr\/wp-json\/wp\/v2\/comments?post=4682"}],"version-history":[{"count":3,"href":"https:\/\/elfsight.com\/fr\/wp-json\/wp\/v2\/pages\/4682\/revisions"}],"predecessor-version":[{"id":14052,"href":"https:\/\/elfsight.com\/fr\/wp-json\/wp\/v2\/pages\/4682\/revisions\/14052"}],"up":[{"embeddable":true,"href":"https:\/\/elfsight.com\/fr\/wp-json\/wp\/v2\/pages\/1220"}],"wp:attachment":[{"href":"https:\/\/elfsight.com\/fr\/wp-json\/wp\/v2\/media?parent=4682"}],"curies":[{"name":"wp","href":"https:\/\/api.w.org\/{rel}","templated":true}]}}