{"id":4664,"date":"2021-12-03T09:43:33","date_gmt":"2021-12-03T09:43:33","guid":{"rendered":"https:\/\/elfsight.com\/fr\/?page_id=4664"},"modified":"2025-07-09T17:12:18","modified_gmt":"2025-07-09T17:12:18","slug":"jimdo","status":"publish","type":"page","link":"https:\/\/elfsight.com\/fr\/cookie-consent-widget\/jimdo\/","title":{"rendered":"Cookie Consent &#8211; Jimdo"},"content":{"rendered":"<div class=\"application-platform-content-item-description application-platform-content-item\" id=\"description\" data-nav-section=\"description\"> <h2>Description<\/h2> <p>Avec le consentement aux cookies Elfsight, il sera tr\u00e8s simple d&rsquo;annoncer au public que votre site Web a cookies dans une jolie barre contextuelle. Ce widget vous permet d&rsquo;\u00e9crire votre propre message, d&rsquo;inclure un lien vers la politique d&rsquo;utilisation de votre site Web et de placer des boutons actifs pour obtenir le consentement des utilisateurs. Vous pouvez choisir d&rsquo;afficher le widget \u00e0 la mani\u00e8re d&rsquo;une barre de page ou d&rsquo;une bo\u00eete et choisir n&rsquo;importe quelle position pour celui-ci. De plus, les options de couleur vous aident \u00e0 donner au widget un aspect natif et \u00e0 bien s&rsquo;int\u00e9grer au concept de style g\u00e9n\u00e9ral du site. <\/p><p><b>Am\u00e9liorez le succ\u00e8s de votre site pour les objectifs de commerce \u00e9lectronique gr\u00e2ce au consentement aux cookies.<\/b><\/p> <\/div> <div class=\"application-platform-content-item-features application-platform-content-item\" id=\"features\" data-nav-section=\"features\"> <h2>Voici les principales fonctionnalit\u00e9s du widget\u00a0: <\/h2> <ul><li>Avertissez les visiteurs du site Web de l&rsquo;utilisation de cookies sur votre site<\/li><li>Affichez une simple notification ou demandez un consentement<\/li><li>Ajoutez votre propre notification message avec mise en forme et liens pris en charge<\/li><li>Afficher ou masquer le bouton de notification<\/li><li>L&rsquo;option permettant de modifier le texte de l&rsquo;\u00e9tiquette du bouton<\/li><li>Boutons Refuser et Accepter pour le type de demande de consentement<\/li><li>Ajouter ou supprimer une ic\u00f4ne de cookie<\/li><li>Choisissez la disposition en barre ou en bo\u00eete du widget<\/li><\/ul><p><a href=\"#demo\">Vous pouvez tester l&rsquo;efficacit\u00e9 du widget offres utilisant la d\u00e9mo<\/a><\/p> <\/div> <div class=\"application-platform-content-item-installation application-platform-content-item\" id=\"installation\" data-nav-section=\"installation\"> <h2>Comment puis-je int\u00e9grer le consentement aux cookies sur mon site Jimdo ? <\/h2> <p>Suivez simplement les instructions ci-dessous pour int\u00e9grer le widget. <\/p> <ol><li><b>Utilisez notre \u00e9diteur gratuit et commencez \u00e0 fa\u00e7onner votre widget sur mesure. <\/b><br> Sp\u00e9cifiez l&rsquo;apparence et les aspects pr\u00e9f\u00e9rables du widget et appliquez les modifications. <\/li> <li><b>Copiez votre code unique apparaissant dans le formulaire sp\u00e9cial sur Elfsight Apps. <\/b><br> Une fois la mise en place de votre outil termin\u00e9e, copiez le code individuel dans la fen\u00eatre qui appara\u00eet et enregistrez-le pour une utilisation ult\u00e9rieure. <\/li> <li><b>Initiez l&rsquo;utilisation du widget sur la page Web Jimdo. <\/b><br> Int\u00e9grez le code que vous avez enregistr\u00e9 r\u00e9cemment dans votre page Web et enregistrez les corrections. <\/li> <li><b>Fait\u00a0! L&rsquo;int\u00e9gration est r\u00e9alis\u00e9e avec succ\u00e8s. <\/b><br> Acc\u00e9dez \u00e0 votre site pour inspecter les performances du widget. <\/li><\/ol> <p>Si vous rencontrez des probl\u00e8mes, n&rsquo;h\u00e9sitez pas \u00e0 \u00e9crire \u00e0 notre \u00e9quipe du service client. Nos sp\u00e9cialistes seront ravis de r\u00e9soudre toutes les difficult\u00e9s que vous pourriez rencontrer avec le produit. <\/p><div class=\"faq\" data-component=\"FAQ\"><div class=\"faq-item\">\r\n\t\t\t\t\t<div class=\"faq-item-question\">\r\n\t\t\t\t\t\t<h3 class=\"faq-item-question-text\">Comment ajouter le consentement aux cookies sur mon site Jimdo sans comp\u00e9tences en codage ?<\/h3>\r\n\r\n\t\t\t\t\t\t<div class=\"faq-item-question-icon\"><\/div>\r\n\t\t\t\t\t<\/div>\r\n\r\n\t\t\t\t\t<div class=\"faq-item-answer\">\r\n\t\t\t\t\t\t<div class=\"faq-item-answer-text\"> <p>Elfsight fournit une solution SaaS qui vous permet de cr\u00e9er vous-m\u00eame un widget de consentement aux cookies, voyez \u00e0 quel point le processus est simple est\u00a0: travaillez directement dans l&rsquo;\u00e9diteur en ligne pour cr\u00e9er un widget de consentement aux cookies que vous aimeriez voir sur votre site Jimdo. Choisissez l&rsquo;un des mod\u00e8les pr\u00e9d\u00e9finis et ajustez les param\u00e8tres de consentement aux cookies, ajoutez votre contenu, modifiez la mise en page et les couleurs sans aucune comp\u00e9tence en codage. Enregistrez le consentement aux cookies et copiez son code d&rsquo;installation, que vous pourrez facilement ajouter sur votre site Web Jimdo sans avoir besoin d&rsquo;acheter un abonnement payant. Gr\u00e2ce \u00e0 notre \u00e9diteur intuitif, tout internaute peut cr\u00e9er un widget de consentement aux cookies en ligne et l&rsquo;int\u00e9grer facilement \u00e0 son site Web Jimdo. Il n&rsquo;est pas n\u00e9cessaire de payer ou de saisir les informations d&rsquo;identification de votre carte pour acc\u00e9der au service. Si vous rencontrez des probl\u00e8mes \u00e0 n&rsquo;importe quelle \u00e9tape, n&rsquo;h\u00e9sitez pas \u00e0 contacter notre \u00e9quipe d&rsquo;assistance technique.<\/p> <\/div>\r\n\t\t\t\t\t<\/div>\r\n\t\t\t\t<\/div> <\/div> <\/div>","protected":false},"excerpt":{"rendered":"","protected":false},"author":18,"featured_media":0,"parent":1220,"menu_order":0,"comment_status":"closed","ping_status":"closed","template":"templates\/template-application-platform.php","meta":{"publish_to_discourse":"","publish_post_category":"","wpdc_auto_publish_overridden":"","wpdc_topic_tags":"","wpdc_pin_topic":"","wpdc_pin_until":"","discourse_post_id":"","discourse_permalink":"","wpdc_publishing_response":"","wpdc_publishing_error":"","footnotes":""},"class_list":["post-4664","page","type-page","status-publish","hentry"],"yoast_head":"<!-- This site is optimized with the Yoast SEO plugin v25.3.1 - https:\/\/yoast.com\/wordpress\/plugins\/seo\/ -->\n<title>Banni\u00e8re Cookie - ajoutez plugin Consentement Cookies sur Jimdo<\/title>\n<meta name=\"description\" content=\"Int\u00e9grez un Banni\u00e8re Cookie avantageux sur votre site. Utilisez la d\u00e9mo d&#039;Elfsight et g\u00e9n\u00e9rez votre widget en 2 minutes.\" \/>\n<meta name=\"robots\" content=\"index, follow, max-snippet:-1, max-image-preview:large, max-video-preview:-1\" \/>\n<link rel=\"canonical\" href=\"https:\/\/elfsight.com\/fr\/cookie-consent-widget\/jimdo\/\" \/>\n<meta property=\"og:locale\" content=\"fr_FR\" \/>\n<meta property=\"og:type\" content=\"article\" \/>\n<meta property=\"og:title\" content=\"Banni\u00e8re Cookie - ajoutez plugin Consentement Cookies sur Jimdo\" \/>\n<meta property=\"og:description\" content=\"Int\u00e9grez un Banni\u00e8re Cookie avantageux sur votre site. Utilisez la d\u00e9mo d&#039;Elfsight et g\u00e9n\u00e9rez votre widget en 2 minutes.\" \/>\n<meta property=\"og:url\" content=\"https:\/\/elfsight.com\/fr\/cookie-consent-widget\/jimdo\/\" \/>\n<meta property=\"og:site_name\" content=\"Elfsight FR\" \/>\n<meta property=\"article:modified_time\" content=\"2025-07-09T17:12:18+00:00\" \/>\n<meta name=\"twitter:card\" content=\"summary_large_image\" \/>\n<meta name=\"twitter:label1\" content=\"Dur\u00e9e de lecture estim\u00e9e\" \/>\n\t<meta name=\"twitter:data1\" content=\"1 minute\" \/>\n<!-- \/ Yoast SEO plugin. -->","yoast_head_json":{"title":"Banni\u00e8re Cookie - ajoutez plugin Consentement Cookies sur Jimdo","description":"Int\u00e9grez un Banni\u00e8re Cookie avantageux sur votre site. Utilisez la d\u00e9mo d'Elfsight et g\u00e9n\u00e9rez votre widget en 2 minutes.","robots":{"index":"index","follow":"follow","max-snippet":"max-snippet:-1","max-image-preview":"max-image-preview:large","max-video-preview":"max-video-preview:-1"},"canonical":"https:\/\/elfsight.com\/fr\/cookie-consent-widget\/jimdo\/","og_locale":"fr_FR","og_type":"article","og_title":"Banni\u00e8re Cookie - ajoutez plugin Consentement Cookies sur Jimdo","og_description":"Int\u00e9grez un Banni\u00e8re Cookie avantageux sur votre site. Utilisez la d\u00e9mo d'Elfsight et g\u00e9n\u00e9rez votre widget en 2 minutes.","og_url":"https:\/\/elfsight.com\/fr\/cookie-consent-widget\/jimdo\/","og_site_name":"Elfsight FR","article_modified_time":"2025-07-09T17:12:18+00:00","twitter_card":"summary_large_image","twitter_misc":{"Dur\u00e9e de lecture estim\u00e9e":"1 minute"},"schema":{"@context":"https:\/\/schema.org","@graph":[{"@type":"WebPage","@id":"https:\/\/elfsight.com\/fr\/cookie-consent-widget\/jimdo\/","url":"https:\/\/elfsight.com\/fr\/cookie-consent-widget\/jimdo\/","name":"Banni\u00e8re Cookie - ajoutez plugin Consentement Cookies sur Jimdo","isPartOf":{"@id":"https:\/\/elfsight.com\/fr\/#website"},"datePublished":"2021-12-03T09:43:33+00:00","dateModified":"2025-07-09T17:12:18+00:00","description":"Int\u00e9grez un Banni\u00e8re Cookie avantageux sur votre site. Utilisez la d\u00e9mo d'Elfsight et g\u00e9n\u00e9rez votre widget en 2 minutes.","breadcrumb":{"@id":"https:\/\/elfsight.com\/fr\/cookie-consent-widget\/jimdo\/#breadcrumb"},"inLanguage":"fr-FR","potentialAction":[{"@type":"ReadAction","target":["https:\/\/elfsight.com\/fr\/cookie-consent-widget\/jimdo\/"]}]},{"@type":"BreadcrumbList","@id":"https:\/\/elfsight.com\/fr\/cookie-consent-widget\/jimdo\/#breadcrumb","itemListElement":[{"@type":"ListItem","position":1,"name":"Home","item":"https:\/\/elfsight.com\/fr\/"},{"@type":"ListItem","position":2,"name":"Cookie Consent","item":"https:\/\/elfsight.com\/fr\/cookie-consent-widget\/"},{"@type":"ListItem","position":3,"name":"Cookie Consent &#8211; Jimdo"}]},{"@type":"WebSite","@id":"https:\/\/elfsight.com\/fr\/#website","url":"https:\/\/elfsight.com\/fr\/","name":"Elfsight FR","description":"","potentialAction":[{"@type":"SearchAction","target":{"@type":"EntryPoint","urlTemplate":"https:\/\/elfsight.com\/fr\/?s={search_term_string}"},"query-input":{"@type":"PropertyValueSpecification","valueRequired":true,"valueName":"search_term_string"}}],"inLanguage":"fr-FR"}]}},"meta_box":{"industry":"","seo_heading":"","heading":"","description":"","cta_heading":"","cta_description":"","application":"1219","h1":"Plugin Banni\u00e8re Cookie pour Jimdo","h1_caption":"Respectez les r\u00e8gles de confidentialit\u00e9 en ajoutant une banni\u00e8re de consentement aux cookies sur votre site Web, garantissant ainsi la transparence des donn\u00e9es utilisateur sur votre site Web Jimdo sans effort.","application_category":[],"applications_title":"","applications_request_title":"","applications_request_button_text":"","hero_text":"","hero_video":"","hero_video_schema_markup":"","selling_points_title":"","selling_points_caption":"","selling_points":[],"selling_points_cta_text":"","features_title":"","features":"","ed_cta_examples_text":"","ed_cta_examples_hidden":"","ed_cta_demo_text":"","ed_cta_demo_hidden":"","why_caption":"","why_editor_title":"","why_editor_text":"","why_team_title":"","why_team_text":"","why_service_title":"","why_service_text":"","template_catalog_visible":"","template_catalog_title":"","template_catalog_text":"","template_catalog_categories_visible":"","demo_title":"Cr\u00e9ez votre widget de consentement aux cookies","demo_caption":"Configurez votre consentement aux cookies et ajoutez-le gratuitement \u00e0 votre site Jimdo !","default_faq_hidden":"","app_template_category":[],"platform":"372","template_public_id":"","codecanyon_url":"","codecanyon_item_id":"","codecanyon_price":"","pricing_caption":"","pricing_elfsight_apps_hide_column":"","pricing_elfsight_apps_url":"","pricing_codecanyon_price_caption":"","integration_category":[],"integration_request_title":"","integration_request_cta":"","integration_platform":"","integrations":[],"platform_category":[],"video_schema_markup":"","price":"\u00c0 partir de $0\/mois","trial":"","benefits":[{"text":"Installation gratuite"},{"text":"Support Premium"},{"text":"Garantie de remboursement de 14 jours"},{"text":"L'am\u00e9lioration continue"}],"button_url":"#demo","button_target_blank":"0","button_nofollow":"0","attributes":[{"name":"Nombre d'installations","content":"1,000 - 5,000","_state":"expanded"},{"name":"Adaptif","content":"Oui","_state":"expanded"},{"name":"Navigateurs compatibles","content":"Firefox, Safari, Opera, Chrome, Edge","_state":"expanded"}],"tags":[],"tags_disable_links":"0","hide_more_platforms":"","video_object":"","demo_hide_cta":"0","demo_hide_cloud_options":"0","pricing_title":"","pricing":[{"pricing_icon":"platform","pricing_title":"Applications d'Elfsight","pricing_title_caption":"Solution num\u00e9rique multiplateforme qui fonctionne sur n'importe quel site","pricing_price":"\u00c0 partir de $0\/mois","pricing_price_caption":"Commencez avec un plan gratuit","pricing_benefits":[{"text":"Sites Web illimit\u00e9s"},{"text":"\u00c9quipe d'assistance professionnelle"},{"text":"Service d'installation gratuit"},{"text":"100% personnalisable"}],"pricing_button_text":"Ajouter au site Web","pricing_button_url":"https:\/\/apps.elfsight.com\/sign-up\/","pricing_button_nofollow":"1","_state":"expanded"}],"related_apps_title":"","related_apps_hidden":"1","author":"","image":[],"title":"","job":"","social_networks":[]},"_links":{"self":[{"href":"https:\/\/elfsight.com\/fr\/wp-json\/wp\/v2\/pages\/4664","targetHints":{"allow":["GET"]}}],"collection":[{"href":"https:\/\/elfsight.com\/fr\/wp-json\/wp\/v2\/pages"}],"about":[{"href":"https:\/\/elfsight.com\/fr\/wp-json\/wp\/v2\/types\/page"}],"author":[{"embeddable":true,"href":"https:\/\/elfsight.com\/fr\/wp-json\/wp\/v2\/users\/18"}],"replies":[{"embeddable":true,"href":"https:\/\/elfsight.com\/fr\/wp-json\/wp\/v2\/comments?post=4664"}],"version-history":[{"count":2,"href":"https:\/\/elfsight.com\/fr\/wp-json\/wp\/v2\/pages\/4664\/revisions"}],"predecessor-version":[{"id":15065,"href":"https:\/\/elfsight.com\/fr\/wp-json\/wp\/v2\/pages\/4664\/revisions\/15065"}],"up":[{"embeddable":true,"href":"https:\/\/elfsight.com\/fr\/wp-json\/wp\/v2\/pages\/1220"}],"wp:attachment":[{"href":"https:\/\/elfsight.com\/fr\/wp-json\/wp\/v2\/media?parent=4664"}],"curies":[{"name":"wp","href":"https:\/\/api.w.org\/{rel}","templated":true}]}}