{"id":4660,"date":"2021-12-03T09:43:39","date_gmt":"2021-12-03T09:43:39","guid":{"rendered":"https:\/\/elfsight.com\/fr\/?page_id=4660"},"modified":"2024-11-11T10:53:32","modified_gmt":"2024-11-11T10:53:32","slug":"html","status":"publish","type":"page","link":"https:\/\/elfsight.com\/fr\/cookie-consent-widget\/html\/","title":{"rendered":"Cookie Consent &#8211; HTML"},"content":{"rendered":"<div class=\"application-platform-content-item-description application-platform-content-item\" id=\"description\" data-nav-section=\"description\"> <h2>Description<\/h2> <p>Gr\u00e2ce au widget Elfsight Cookie, il est tr\u00e8s simple d&rsquo;afficher une notification \u00e0 votre public indiquant que votre le site Web contient des cookies dans une barre contextuelle fluide. Le widget vous permet d&rsquo;afficher un texte personnalis\u00e9, d&rsquo;inclure un lien vers la politique d&rsquo;utilisation de votre site Web et d&rsquo;ajouter des boutons actifs pour obtenir l&rsquo;autorisation des utilisateurs. Vous \u00eates libre de choisir d&rsquo;afficher le widget sous forme de barre de page ou de bo\u00eete r\u00e9active et de s\u00e9lectionner son emplacement. En outre, la possibilit\u00e9 de choisir des couleurs personnalis\u00e9es vous aide \u00e0 le rendre natif et \u00e0 correspondre au style g\u00e9n\u00e9ral du site Web. <\/p> <div class=\"faq\" data-component=\"FAQ\"><div class=\"faq-item\">\r\n\t\t\t\t\t<div class=\"faq-item-question\">\r\n\t\t\t\t\t\t<h3 class=\"faq-item-question-text\">De quelle mani\u00e8re puis-je int\u00e9grer un consentement aux cookies sur mon site HTML ?<\/h3>\r\n\r\n\t\t\t\t\t\t<div class=\"faq-item-question-icon\"><\/div>\r\n\t\t\t\t\t<\/div>\r\n\r\n\t\t\t\t\t<div class=\"faq-item-answer\">\r\n\t\t\t\t\t\t<div class=\"faq-item-answer-text\"><p>La r\u00e9alisation de l&rsquo;outil est effectu\u00e9e sur Elfsight pages et vous n&rsquo;avez pas besoin de coder. Appliquez la d\u00e9mo en direct pour personnaliser votre outil, r\u00e9cup\u00e9rez le code et collez-le sur votre site Web. <\/p><\/div>\r\n\t\t\t\t\t<\/div>\r\n\t\t\t\t<\/div><div class=\"faq-item\">\r\n\t\t\t\t\t<div class=\"faq-item-question\">\r\n\t\t\t\t\t\t<h3 class=\"faq-item-question-text\">Les meilleures fa\u00e7ons d'utiliser l'int\u00e9gration de la banni\u00e8re de consentement aux cookies<\/h3>\r\n\r\n\t\t\t\t\t\t<div class=\"faq-item-question-icon\"><\/div>\r\n\t\t\t\t\t<\/div>\r\n\r\n\t\t\t\t\t<div class=\"faq-item-answer\">\r\n\t\t\t\t\t\t<div class=\"faq-item-answer-text\"><p>Nous vous offrons de nombreuses opportunit\u00e9s de personnalisation\u00a0: des widgets complets \u00e0 ins\u00e9rer dans la section de contenu, des widgets flottants avec des options de d\u00e9filement, des dispositions pour le pied de page, l&rsquo;en-t\u00eate et toutes les variantes d&rsquo;options verticales pour les barres lat\u00e9rales et les menus du site Web. <\/p><\/div>\r\n\t\t\t\t\t<\/div>\r\n\t\t\t\t<\/div><div class=\"faq-item\">\r\n\t\t\t\t\t<div class=\"faq-item-question\">\r\n\t\t\t\t\t\t<h3 class=\"faq-item-question-text\">Puis-je cr\u00e9er une banni\u00e8re sup\u00e9rieure ou un consentement aux cookies flottants avec l'aide de l'\u00e9diteur ?<\/h3>\r\n\r\n\t\t\t\t\t\t<div class=\"faq-item-question-icon\"><\/div>\r\n\t\t\t\t\t<\/div>\r\n\r\n\t\t\t\t\t<div class=\"faq-item-answer\">\r\n\t\t\t\t\t\t<div class=\"faq-item-answer-text\"><p>Vous \u00eates libre de cr\u00e9er les variantes de n&rsquo;importe quel widget. Il existe une multitude de mises en page applicables dans l&rsquo;\u00e9diteur, et toutes peuvent \u00eatre facilement personnalis\u00e9es selon vos besoins. <\/p><\/div>\r\n\t\t\t\t\t<\/div>\r\n\t\t\t\t<\/div><\/div><\/div> <div class=\"application-platform-content-item-features application-platform-content-item\" id=\"features\" data-nav-section=\"features\"> <h2>Fonctionnalit\u00e9s<\/h2> <p>Pour avoir une perception claire de Cookie Banner, examinez la liste de ses principaux caract\u00e9ristiques. Ils rendent notre widget vraiment efficace pour vous\u00a0:<\/p> <ul><li>Afficher une simple annonce ou une demande de consentement\u00a0;<\/li> <li> Saisissez un message de notification personnalis\u00e9 avec un formatage et des liens\u00a0;<\/li> <li>Afficher ou d\u00e9sactiver un lien vers les conditions g\u00e9n\u00e9rales des cookies avec une \u00e9tiquette de lien personnalis\u00e9e\u00a0;<\/li> <li> Choisissez une variante de disposition de barre ou de bo\u00eete du widget\u00a0;<\/li> <li>L&rsquo;option permettant de peindre des boutons et des liens.<\/li> <\/ul><p><a href=\"#demo\">Pour d\u00e9couvrir plus de fonctionnalit\u00e9s, voir la d\u00e9mo<\/a><\/p> <\/div> <div class=\"application-platform-content-item-installation application-platform-content-item\" id=\"installation\" data-nav-section=\"installation\"> <h2>Voici comment ajouter le code de consentement aux cookies \u00e0 votre site Web HTML<\/h2> <div class=\"video-container\"><iframe width=\"720\" height=\"405\" src=\"https:\/\/www.youtube.com\/embed\/DBlhsPca1Jg\" frameborder=\"0\" allowfullscreen=\"\"><\/iframe><\/div><p> Quelques \u00e9tapes rapides sont la seule chose que vous devez faire. <\/p> <ol><li><b>G\u00e9n\u00e9rez votre propre banni\u00e8re de cookies<\/b><br> \u00c0 l&rsquo;aide de notre \u00e9diteur gratuit, configurez un plugin avec un design et des fonctionnalit\u00e9s personnalis\u00e9s.<\/li><li><b>R\u00e9cup\u00e9rez le code personnel pour installer le plugin<\/b><br> Apr\u00e8s avoir cr\u00e9\u00e9 votre widget, vous obtiendrez votre code personnel dans la fen\u00eatre qui appara\u00eet sur Elfsight Apps. Copiez ce code.<\/li> <li><b>Le plugin sur votre site Web HTML<\/b><br> D\u00e9cidez o\u00f9 vous devez int\u00e9grer le plugin et ajoutez le code enregistr\u00e9 directement dans la zone s\u00e9lectionn\u00e9e. Appliquez les modifications.<\/li> <li><b>L&rsquo;int\u00e9gration est r\u00e9ussie\u00a0!<\/b><br> Visitez votre page Web pour v\u00e9rifier votre cookie.<\/li> <\/ol><p>Vous doutez encore de quelque chose ? Ou vous avez des questions ? Une simple demande \u00e0 notre service client r\u00e9glera tout type de probl\u00e8me.<\/p> <\/div>","protected":false},"excerpt":{"rendered":"","protected":false},"author":18,"featured_media":0,"parent":1220,"menu_order":0,"comment_status":"closed","ping_status":"closed","template":"templates\/template-application-platform.php","meta":{"publish_to_discourse":"","publish_post_category":"","wpdc_auto_publish_overridden":"","wpdc_topic_tags":"","wpdc_pin_topic":"","wpdc_pin_until":"","discourse_post_id":"","discourse_permalink":"","wpdc_publishing_response":"","wpdc_publishing_error":"","footnotes":""},"class_list":["post-4660","page","type-page","status-publish","hentry"],"yoast_head":"<!-- This site is optimized with the Yoast SEO plugin v25.3.1 - https:\/\/yoast.com\/wordpress\/plugins\/seo\/ -->\n<title>Banni\u00e8re Cookie - ajoutez widget Consentement Cookies sur HTML<\/title>\n<meta name=\"description\" content=\"Int\u00e9grez un Banni\u00e8re Cookie attractif sur votre site. Utilisez la d\u00e9mo d&#039;Elfsight et g\u00e9n\u00e9rez votre widget en deux minutes.\" \/>\n<meta name=\"robots\" content=\"index, follow, max-snippet:-1, max-image-preview:large, max-video-preview:-1\" \/>\n<link rel=\"canonical\" href=\"https:\/\/elfsight.com\/fr\/cookie-consent-widget\/html\/\" \/>\n<meta property=\"og:locale\" content=\"fr_FR\" \/>\n<meta property=\"og:type\" content=\"article\" \/>\n<meta property=\"og:title\" content=\"Banni\u00e8re Cookie - ajoutez widget Consentement Cookies sur HTML\" \/>\n<meta property=\"og:description\" content=\"Int\u00e9grez un Banni\u00e8re Cookie attractif sur votre site. Utilisez la d\u00e9mo d&#039;Elfsight et g\u00e9n\u00e9rez votre widget en deux minutes.\" \/>\n<meta property=\"og:url\" content=\"https:\/\/elfsight.com\/fr\/cookie-consent-widget\/html\/\" \/>\n<meta property=\"og:site_name\" content=\"Elfsight FR\" \/>\n<meta property=\"article:modified_time\" content=\"2024-11-11T10:53:32+00:00\" \/>\n<meta name=\"twitter:card\" content=\"summary_large_image\" \/>\n<meta name=\"twitter:label1\" content=\"Dur\u00e9e de lecture estim\u00e9e\" \/>\n\t<meta name=\"twitter:data1\" content=\"1 minute\" \/>\n<!-- \/ Yoast SEO plugin. -->","yoast_head_json":{"title":"Banni\u00e8re Cookie - ajoutez widget Consentement Cookies sur HTML","description":"Int\u00e9grez un Banni\u00e8re Cookie attractif sur votre site. Utilisez la d\u00e9mo d'Elfsight et g\u00e9n\u00e9rez votre widget en deux minutes.","robots":{"index":"index","follow":"follow","max-snippet":"max-snippet:-1","max-image-preview":"max-image-preview:large","max-video-preview":"max-video-preview:-1"},"canonical":"https:\/\/elfsight.com\/fr\/cookie-consent-widget\/html\/","og_locale":"fr_FR","og_type":"article","og_title":"Banni\u00e8re Cookie - ajoutez widget Consentement Cookies sur HTML","og_description":"Int\u00e9grez un Banni\u00e8re Cookie attractif sur votre site. Utilisez la d\u00e9mo d'Elfsight et g\u00e9n\u00e9rez votre widget en deux minutes.","og_url":"https:\/\/elfsight.com\/fr\/cookie-consent-widget\/html\/","og_site_name":"Elfsight FR","article_modified_time":"2024-11-11T10:53:32+00:00","twitter_card":"summary_large_image","twitter_misc":{"Dur\u00e9e de lecture estim\u00e9e":"1 minute"},"schema":{"@context":"https:\/\/schema.org","@graph":[{"@type":"WebPage","@id":"https:\/\/elfsight.com\/fr\/cookie-consent-widget\/html\/","url":"https:\/\/elfsight.com\/fr\/cookie-consent-widget\/html\/","name":"Banni\u00e8re Cookie - ajoutez widget Consentement Cookies sur HTML","isPartOf":{"@id":"https:\/\/elfsight.com\/fr\/#website"},"datePublished":"2021-12-03T09:43:39+00:00","dateModified":"2024-11-11T10:53:32+00:00","description":"Int\u00e9grez un Banni\u00e8re Cookie attractif sur votre site. Utilisez la d\u00e9mo d'Elfsight et g\u00e9n\u00e9rez votre widget en deux minutes.","breadcrumb":{"@id":"https:\/\/elfsight.com\/fr\/cookie-consent-widget\/html\/#breadcrumb"},"inLanguage":"fr-FR","potentialAction":[{"@type":"ReadAction","target":["https:\/\/elfsight.com\/fr\/cookie-consent-widget\/html\/"]}]},{"@type":"BreadcrumbList","@id":"https:\/\/elfsight.com\/fr\/cookie-consent-widget\/html\/#breadcrumb","itemListElement":[{"@type":"ListItem","position":1,"name":"Home","item":"https:\/\/elfsight.com\/fr\/"},{"@type":"ListItem","position":2,"name":"Cookie Consent","item":"https:\/\/elfsight.com\/fr\/cookie-consent-widget\/"},{"@type":"ListItem","position":3,"name":"Cookie Consent &#8211; HTML"}]},{"@type":"WebSite","@id":"https:\/\/elfsight.com\/fr\/#website","url":"https:\/\/elfsight.com\/fr\/","name":"Elfsight FR","description":"","potentialAction":[{"@type":"SearchAction","target":{"@type":"EntryPoint","urlTemplate":"https:\/\/elfsight.com\/fr\/?s={search_term_string}"},"query-input":{"@type":"PropertyValueSpecification","valueRequired":true,"valueName":"search_term_string"}}],"inLanguage":"fr-FR"}]}},"meta_box":{"industry":"","seo_heading":"","heading":"","description":"","cta_heading":"","cta_description":"","application":"1219","h1":"Widget Banni\u00e8re Cookie pour HTML","h1_caption":"Respectez les r\u00e8gles de confidentialit\u00e9 en ajoutant une banni\u00e8re de consentement aux cookies sur votre site Web, garantissant ainsi la transparence des donn\u00e9es utilisateur sur votre site Web HTML sans effort.","application_category":[],"applications_title":"","applications_request_title":"","applications_request_button_text":"","hero_text":"","hero_video":"","hero_video_schema_markup":"","selling_points_title":"","selling_points_caption":"","selling_points":[],"selling_points_cta_text":"","features_title":"","features":"","ed_cta_examples_text":"","ed_cta_examples_hidden":"","ed_cta_demo_text":"","ed_cta_demo_hidden":"","why_caption":"","why_editor_title":"","why_editor_text":"","why_team_title":"","why_team_text":"","why_service_title":"","why_service_text":"","template_catalog_visible":"","template_catalog_title":"","template_catalog_text":"","template_catalog_categories_visible":"","demo_title":"Cr\u00e9ez votre widget de consentement aux cookies","demo_caption":"Configurez votre consentement aux cookies et ajoutez-le gratuitement \u00e0 votre site Web HTML\u00a0!","default_faq_hidden":"","app_template_category":[],"platform":"352","template_public_id":"","codecanyon_url":"","codecanyon_item_id":"","codecanyon_price":"","pricing_caption":"","pricing_elfsight_apps_hide_column":"","pricing_elfsight_apps_url":"","pricing_codecanyon_price_caption":"","integration_category":[],"integration_request_title":"","integration_request_cta":"","integration_platform":"","integrations":[],"platform_category":[],"video_schema_markup":"","price":"\u00c0 partir de $0\/mois","trial":"","benefits":[{"text":"Installation gratuite"},{"text":"Support Premium"},{"text":"Garantie de remboursement de 14 jours"},{"text":"L'am\u00e9lioration continue"}],"button_url":"#demo","button_target_blank":"0","button_nofollow":"0","attributes":[{"name":"Nombre d'installations","content":"1,000 - 5,000","_state":"expanded"},{"name":"Adaptif","content":"Oui","_state":"expanded"},{"name":"Navigateurs compatibles","content":"Firefox, Safari, Opera, Chrome, Edge","_state":"expanded"}],"tags":[],"tags_disable_links":"0","hide_more_platforms":"","video_object":"","demo_hide_cta":"0","demo_hide_cloud_options":"0","pricing_title":"","pricing":[{"pricing_icon":"platform","pricing_title":"Applications d'Elfsight","pricing_title_caption":"Solution num\u00e9rique multiplateforme qui fonctionne sur n'importe quel site","pricing_price":"\u00c0 partir de $0\/mois","pricing_price_caption":"Commencez avec un plan gratuit","pricing_benefits":[{"text":"Sites Web illimit\u00e9s"},{"text":"\u00c9quipe d'assistance professionnelle"},{"text":"Service d'installation gratuit"},{"text":"100% personnalisable"}],"pricing_button_text":"Ajouter au site Web","pricing_button_url":"https:\/\/apps.elfsight.com\/sign-up\/","pricing_button_nofollow":"1","_state":"expanded"}],"related_apps_title":"","related_apps_hidden":"1","author":"","image":[],"title":"","job":"","social_networks":[]},"_links":{"self":[{"href":"https:\/\/elfsight.com\/fr\/wp-json\/wp\/v2\/pages\/4660","targetHints":{"allow":["GET"]}}],"collection":[{"href":"https:\/\/elfsight.com\/fr\/wp-json\/wp\/v2\/pages"}],"about":[{"href":"https:\/\/elfsight.com\/fr\/wp-json\/wp\/v2\/types\/page"}],"author":[{"embeddable":true,"href":"https:\/\/elfsight.com\/fr\/wp-json\/wp\/v2\/users\/18"}],"replies":[{"embeddable":true,"href":"https:\/\/elfsight.com\/fr\/wp-json\/wp\/v2\/comments?post=4660"}],"version-history":[{"count":3,"href":"https:\/\/elfsight.com\/fr\/wp-json\/wp\/v2\/pages\/4660\/revisions"}],"predecessor-version":[{"id":14053,"href":"https:\/\/elfsight.com\/fr\/wp-json\/wp\/v2\/pages\/4660\/revisions\/14053"}],"up":[{"embeddable":true,"href":"https:\/\/elfsight.com\/fr\/wp-json\/wp\/v2\/pages\/1220"}],"wp:attachment":[{"href":"https:\/\/elfsight.com\/fr\/wp-json\/wp\/v2\/media?parent=4660"}],"curies":[{"name":"wp","href":"https:\/\/api.w.org\/{rel}","templated":true}]}}