{"id":4658,"date":"2021-12-03T09:43:41","date_gmt":"2021-12-03T09:43:41","guid":{"rendered":"https:\/\/elfsight.com\/fr\/?page_id=4658"},"modified":"2024-11-08T14:31:22","modified_gmt":"2024-11-08T14:31:22","slug":"google-sites","status":"publish","type":"page","link":"https:\/\/elfsight.com\/fr\/cookie-consent-widget\/google-sites\/","title":{"rendered":"Cookie Consent &#8211; Google Sites"},"content":{"rendered":"<div class=\"application-platform-content-item-description application-platform-content-item\" id=\"description\" data-nav-section=\"description\"> <h2>Int\u00e9grer le consentement aux cookies sur les sites Google avec le widget Elfsight<\/h2> <p>En utilisant la banni\u00e8re de cookies Elfsight pour le site Google, ce sera absolument simple pour annoncer \u00e0 vos utilisateurs que votre site internet utilise des cookies. Le widget vous permet de saisir votre texte, de fournir un lien vers la politique d&rsquo;utilisation du site Web et d&rsquo;ajouter des boutons actifs pour obtenir l&rsquo;approbation des visiteurs. Vous pouvez choisir d&rsquo;organiser la notification sous forme de barre ou de bo\u00eete r\u00e9active et de lui attribuer sa position. De plus, les \u00e9l\u00e9ments \u00e0 peindre vous aideront \u00e0 lui donner une apparence coh\u00e9rente et \u00e0 bien s&rsquo;int\u00e9grer au concept de style du site Web. <\/p> <p><b>Rendez votre site plus efficace pour les t\u00e2ches de commerce \u00e9lectronique gr\u00e2ce au consentement aux cookies<\/b><\/p> <\/div> <div class=\"application-platform-content-item-features application-platform-content-item\" id=\"features\" data-nav-section=\"features\"> <h2>Ce ne sont que quelques-uns des diff\u00e9rentes fonctionnalit\u00e9s du widget\u00a0: <\/h2> <ul><li>Organiser une simple annonce ou une demande d&rsquo;approbation\u00a0; <\/li> <li>L&rsquo;option permettant d&rsquo;ajouter un texte de notification personnalis\u00e9 avec les fonctionnalit\u00e9s de formatage et les liens disponibles\u00a0; <\/li> <li>Afficher ou masquer un lien vers les conditions g\u00e9n\u00e9rales des cookies et saisir une \u00e9tiquette de lien personnalis\u00e9e\u00a0; <\/li> <li> Choisissez le type de disposition Barre ou Bo\u00eete de la notification\u00a0; <\/li> <li>Choisissez la couleur des boutons et du lien. <\/li> <\/ul><p><a href=\"#demo\">Vous pouvez essayer toutes les fonctionnalit\u00e9s du widget dans la d\u00e9mo d\u00e8s maintenant<\/a><\/p> <\/div> <div class=\"application-platform-content-item-installation application-platform-content-item\" id=\"installation\" data-nav-section=\"installation\"> <h2>Comment ajouter le consentement aux cookies sur mes sites Google\u00a0?<\/h2><p>Suivez simplement les \u00e9tapes indiqu\u00e9es ci-dessous pour ins\u00e9rer le widget. <\/p> <ol><li><b>Ouvrez notre configurateur gratuit et commencez \u00e0 cr\u00e9er votre widget sur mesure. <\/b><br> Choisissez la conception et les aspects pr\u00e9f\u00e9r\u00e9s de l&rsquo;outil et appliquez les modifications. <\/li> <li><b>Recevez votre code individuel apparaissant dans la fen\u00eatre des applications Elfsight. <\/b><br> Une fois la personnalisation de votre widget termin\u00e9e, copiez le code personnel dans la fen\u00eatre contextuelle apparue et enregistrez-le pour une occasion ult\u00e9rieure. <\/li> <li><b>Commencez \u00e0 utiliser la notification relative aux cookies sur votre site Google. <\/b><br> Ins\u00e9rez le code que vous avez enregistr\u00e9 auparavant dans votre page Web et appliquez les corrections. <\/li> <li><b>L&rsquo;installation est enti\u00e8rement termin\u00e9e. <\/b><br> Acc\u00e9dez \u00e0 votre page pour voir comment fonctionne le plugin. <\/li><\/ol> <div class=\"tip-yellow tip\"><b>En raison des particularit\u00e9s du fonctionnement de Google Sites, le widget peut \u00eatre diff\u00e9rent de la d\u00e9mo en ligne. Nous nous excusons pour tout inconv\u00e9nient caus\u00e9.<\/b><\/div><p>\u00c0 condition de r\u00e9pondre \u00e0 des demandes de renseignements ou de faire face \u00e0 des complications, n&rsquo;h\u00e9sitez pas \u00e0 faire appel \u00e0 notre \u00e9quipe d&rsquo;assistance. Nos collaborateurs ont h\u00e2te de vous aider avec toutes les questions que vous pourriez avoir avec l&rsquo;outil. <\/p> <div class=\"faq\" data-component=\"FAQ\"><div class=\"faq-item\">\r\n\t\t\t\t\t<div class=\"faq-item-question\">\r\n\t\t\t\t\t\t<h3 class=\"faq-item-question-text\">Comment puis-je ajouter un consentement aux cookies \u00e0 mon site Web Google Sites sans comp\u00e9tences en codage ?<\/h3>\r\n\r\n\t\t\t\t\t\t<div class=\"faq-item-question-icon\"><\/div>\r\n\t\t\t\t\t<\/div>\r\n\r\n\t\t\t\t\t<div class=\"faq-item-answer\">\r\n\t\t\t\t\t\t<div class=\"faq-item-answer-text\"> <p>Elfsight fournit une solution SaaS qui vous permet de cr\u00e9er vous-m\u00eame un widget de consentement aux cookies. D\u00e9couvrez \u00e0 quel point il est facile le processus est le suivant\u00a0: Travaillez directement dans l&rsquo;\u00e9diteur en ligne pour cr\u00e9er un widget de consentement aux cookies que vous aimeriez voir sur votre site Web Google Sites. Choisissez l&rsquo;un des mod\u00e8les pr\u00e9d\u00e9finis et ajustez les param\u00e8tres de consentement aux cookies, ajoutez votre contenu, modifiez la mise en page et les couleurs sans aucune comp\u00e9tence en codage. Enregistrez le consentement aux cookies et copiez son code d&rsquo;installation, que vous pouvez facilement ajouter sur votre site Web Google Sites sans acheter de forfait payant. Gr\u00e2ce \u00e0 notre \u00e9diteur intuitif, tout internaute peut cr\u00e9er un widget de consentement aux cookies en ligne et l&rsquo;int\u00e9grer facilement \u00e0 son site Web Google Sites. Il n&rsquo;est pas n\u00e9cessaire de payer ou de saisir les informations d&rsquo;identification de votre carte pour acc\u00e9der au service. Si vous rencontrez des probl\u00e8mes \u00e0 n&rsquo;importe quelle \u00e9tape, n&rsquo;h\u00e9sitez pas \u00e0 contacter notre \u00e9quipe d&rsquo;assistance technique.<\/p> <\/div>\r\n\t\t\t\t\t<\/div>\r\n\t\t\t\t<\/div> <\/div><\/div><p><\/p>","protected":false},"excerpt":{"rendered":"","protected":false},"author":18,"featured_media":0,"parent":1220,"menu_order":0,"comment_status":"closed","ping_status":"closed","template":"templates\/template-application-platform.php","meta":{"publish_to_discourse":"","publish_post_category":"","wpdc_auto_publish_overridden":"","wpdc_topic_tags":"","wpdc_pin_topic":"","wpdc_pin_until":"","discourse_post_id":"","discourse_permalink":"","wpdc_publishing_response":"","wpdc_publishing_error":"","footnotes":""},"class_list":["post-4658","page","type-page","status-publish","hentry"],"yoast_head":"<!-- This site is optimized with the Yoast SEO plugin v25.3.1 - https:\/\/yoast.com\/wordpress\/plugins\/seo\/ -->\n<title>Banni\u00e8re Cookie - ajoutez plugin Consentement Cookies sur Google Sites<\/title>\n<meta name=\"description\" content=\"Int\u00e9grez un Banni\u00e8re Cookie attractif sur votre site. Utilisez la d\u00e9mo d&#039;Elfsight et g\u00e9n\u00e9rez votre widget en deux minutes.\" \/>\n<meta name=\"robots\" content=\"index, follow, max-snippet:-1, max-image-preview:large, max-video-preview:-1\" \/>\n<link rel=\"canonical\" href=\"https:\/\/elfsight.com\/fr\/cookie-consent-widget\/google-sites\/\" \/>\n<meta property=\"og:locale\" content=\"fr_FR\" \/>\n<meta property=\"og:type\" content=\"article\" \/>\n<meta property=\"og:title\" content=\"Banni\u00e8re Cookie - ajoutez plugin Consentement Cookies sur Google Sites\" \/>\n<meta property=\"og:description\" content=\"Int\u00e9grez un Banni\u00e8re Cookie attractif sur votre site. Utilisez la d\u00e9mo d&#039;Elfsight et g\u00e9n\u00e9rez votre widget en deux minutes.\" \/>\n<meta property=\"og:url\" content=\"https:\/\/elfsight.com\/fr\/cookie-consent-widget\/google-sites\/\" \/>\n<meta property=\"og:site_name\" content=\"Elfsight FR\" \/>\n<meta property=\"article:modified_time\" content=\"2024-11-08T14:31:22+00:00\" \/>\n<meta name=\"twitter:card\" content=\"summary_large_image\" \/>\n<meta name=\"twitter:label1\" content=\"Dur\u00e9e de lecture estim\u00e9e\" \/>\n\t<meta name=\"twitter:data1\" content=\"1 minute\" \/>\n<!-- \/ Yoast SEO plugin. -->","yoast_head_json":{"title":"Banni\u00e8re Cookie - ajoutez plugin Consentement Cookies sur Google Sites","description":"Int\u00e9grez un Banni\u00e8re Cookie attractif sur votre site. Utilisez la d\u00e9mo d'Elfsight et g\u00e9n\u00e9rez votre widget en deux minutes.","robots":{"index":"index","follow":"follow","max-snippet":"max-snippet:-1","max-image-preview":"max-image-preview:large","max-video-preview":"max-video-preview:-1"},"canonical":"https:\/\/elfsight.com\/fr\/cookie-consent-widget\/google-sites\/","og_locale":"fr_FR","og_type":"article","og_title":"Banni\u00e8re Cookie - ajoutez plugin Consentement Cookies sur Google Sites","og_description":"Int\u00e9grez un Banni\u00e8re Cookie attractif sur votre site. Utilisez la d\u00e9mo d'Elfsight et g\u00e9n\u00e9rez votre widget en deux minutes.","og_url":"https:\/\/elfsight.com\/fr\/cookie-consent-widget\/google-sites\/","og_site_name":"Elfsight FR","article_modified_time":"2024-11-08T14:31:22+00:00","twitter_card":"summary_large_image","twitter_misc":{"Dur\u00e9e de lecture estim\u00e9e":"1 minute"},"schema":{"@context":"https:\/\/schema.org","@graph":[{"@type":"WebPage","@id":"https:\/\/elfsight.com\/fr\/cookie-consent-widget\/google-sites\/","url":"https:\/\/elfsight.com\/fr\/cookie-consent-widget\/google-sites\/","name":"Banni\u00e8re Cookie - ajoutez plugin Consentement Cookies sur Google Sites","isPartOf":{"@id":"https:\/\/elfsight.com\/fr\/#website"},"datePublished":"2021-12-03T09:43:41+00:00","dateModified":"2024-11-08T14:31:22+00:00","description":"Int\u00e9grez un Banni\u00e8re Cookie attractif sur votre site. Utilisez la d\u00e9mo d'Elfsight et g\u00e9n\u00e9rez votre widget en deux minutes.","breadcrumb":{"@id":"https:\/\/elfsight.com\/fr\/cookie-consent-widget\/google-sites\/#breadcrumb"},"inLanguage":"fr-FR","potentialAction":[{"@type":"ReadAction","target":["https:\/\/elfsight.com\/fr\/cookie-consent-widget\/google-sites\/"]}]},{"@type":"BreadcrumbList","@id":"https:\/\/elfsight.com\/fr\/cookie-consent-widget\/google-sites\/#breadcrumb","itemListElement":[{"@type":"ListItem","position":1,"name":"Home","item":"https:\/\/elfsight.com\/fr\/"},{"@type":"ListItem","position":2,"name":"Cookie Consent","item":"https:\/\/elfsight.com\/fr\/cookie-consent-widget\/"},{"@type":"ListItem","position":3,"name":"Cookie Consent &#8211; Google Sites"}]},{"@type":"WebSite","@id":"https:\/\/elfsight.com\/fr\/#website","url":"https:\/\/elfsight.com\/fr\/","name":"Elfsight FR","description":"","potentialAction":[{"@type":"SearchAction","target":{"@type":"EntryPoint","urlTemplate":"https:\/\/elfsight.com\/fr\/?s={search_term_string}"},"query-input":{"@type":"PropertyValueSpecification","valueRequired":true,"valueName":"search_term_string"}}],"inLanguage":"fr-FR"}]}},"meta_box":{"industry":"","seo_heading":"","heading":"","description":"","cta_heading":"","cta_description":"","application":"1219","h1":"Plugin Banni\u00e8re Cookie pour Google Sites","h1_caption":"Respectez les r\u00e8gles de confidentialit\u00e9 en ajoutant une banni\u00e8re de consentement aux cookies sur votre site Web, garantissant ainsi la transparence des donn\u00e9es utilisateur sur vos sites Google sans effort.","application_category":[],"applications_title":"","applications_request_title":"","applications_request_button_text":"","hero_text":"","hero_video":"","hero_video_schema_markup":"","selling_points_title":"","selling_points_caption":"","selling_points":[],"selling_points_cta_text":"","features_title":"","features":"","ed_cta_examples_text":"","ed_cta_examples_hidden":"","ed_cta_demo_text":"","ed_cta_demo_hidden":"","why_caption":"","why_editor_title":"","why_editor_text":"","why_team_title":"","why_team_text":"","why_service_title":"","why_service_text":"","template_catalog_visible":"","template_catalog_title":"","template_catalog_text":"","template_catalog_categories_visible":"","demo_title":"Cr\u00e9ez votre widget de consentement aux cookies","demo_caption":"Configurez votre consentement aux cookies et ajoutez-le gratuitement \u00e0 votre site Web Google Sites\u00a0!","default_faq_hidden":"","app_template_category":[],"platform":"423","template_public_id":"","codecanyon_url":"","codecanyon_item_id":"","codecanyon_price":"","pricing_caption":"","pricing_elfsight_apps_hide_column":"","pricing_elfsight_apps_url":"","pricing_codecanyon_price_caption":"","integration_category":[],"integration_request_title":"","integration_request_cta":"","integration_platform":"","integrations":[],"platform_category":[],"video_schema_markup":"","price":"\u00c0 partir de $0\/mois","trial":"","benefits":[{"text":"Installation gratuite"},{"text":"Support Premium"},{"text":"Garantie de remboursement de 14 jours"},{"text":"L'am\u00e9lioration continue"}],"button_url":"#demo","button_target_blank":"0","button_nofollow":"0","attributes":[{"name":"Nombre d'installations","content":"1,000 - 5,000","_state":"expanded"},{"name":"Adaptif","content":"Oui","_state":"expanded"},{"name":"Navigateurs compatibles","content":"Firefox, Safari, Opera, Chrome, Edge","_state":"expanded"}],"tags":[],"tags_disable_links":"0","hide_more_platforms":"","video_object":"","demo_hide_cta":"0","demo_hide_cloud_options":"0","pricing_title":"","pricing":[{"pricing_icon":"platform","pricing_title":"Applications d'Elfsight","pricing_title_caption":"Solution num\u00e9rique multiplateforme qui fonctionne sur n'importe quel site","pricing_price":"\u00c0 partir de $0\/mois","pricing_price_caption":"Commencez avec un plan gratuit","pricing_benefits":[{"text":"Sites Web illimit\u00e9s"},{"text":"\u00c9quipe d'assistance professionnelle"},{"text":"Service d'installation gratuit"},{"text":"100% personnalisable"}],"pricing_button_text":"Ajouter au site Web","pricing_button_url":"https:\/\/apps.elfsight.com\/sign-up\/","pricing_button_nofollow":"1","_state":"expanded"}],"related_apps_title":"","related_apps_hidden":"1","author":"","image":[],"title":"","job":"","social_networks":[]},"_links":{"self":[{"href":"https:\/\/elfsight.com\/fr\/wp-json\/wp\/v2\/pages\/4658","targetHints":{"allow":["GET"]}}],"collection":[{"href":"https:\/\/elfsight.com\/fr\/wp-json\/wp\/v2\/pages"}],"about":[{"href":"https:\/\/elfsight.com\/fr\/wp-json\/wp\/v2\/types\/page"}],"author":[{"embeddable":true,"href":"https:\/\/elfsight.com\/fr\/wp-json\/wp\/v2\/users\/18"}],"replies":[{"embeddable":true,"href":"https:\/\/elfsight.com\/fr\/wp-json\/wp\/v2\/comments?post=4658"}],"version-history":[{"count":3,"href":"https:\/\/elfsight.com\/fr\/wp-json\/wp\/v2\/pages\/4658\/revisions"}],"predecessor-version":[{"id":14049,"href":"https:\/\/elfsight.com\/fr\/wp-json\/wp\/v2\/pages\/4658\/revisions\/14049"}],"up":[{"embeddable":true,"href":"https:\/\/elfsight.com\/fr\/wp-json\/wp\/v2\/pages\/1220"}],"wp:attachment":[{"href":"https:\/\/elfsight.com\/fr\/wp-json\/wp\/v2\/media?parent=4658"}],"curies":[{"name":"wp","href":"https:\/\/api.w.org\/{rel}","templated":true}]}}