{"id":4652,"date":"2021-12-03T09:43:49","date_gmt":"2021-12-03T09:43:49","guid":{"rendered":"https:\/\/elfsight.com\/fr\/?page_id=4652"},"modified":"2025-07-09T17:12:00","modified_gmt":"2025-07-09T17:12:00","slug":"elementor","status":"publish","type":"page","link":"https:\/\/elfsight.com\/fr\/cookie-consent-widget\/elementor\/","title":{"rendered":"Cookie Consent &#8211; Elementor"},"content":{"rendered":"<div class=\"application-platform-content-item-description application-platform-content-item\" id=\"description\" data-nav-section=\"description\"><h2>Int\u00e9grer le consentement aux cookies sur Elementor avec le widget Elfsight<\/h2><p>Avec le widget Elfsight Cookie Consent, vous trouverez qu&rsquo;il est parfaitement facile de cr\u00e9ez une notification pour vos t\u00e9l\u00e9spectateurs indiquant que votre site Web applique des cookies. Le widget vous permet d&rsquo;ajouter votre propre message, un lien vers les conditions g\u00e9n\u00e9rales d&rsquo;utilisation du site Web et des boutons actifs pour recevoir l&rsquo;approbation des utilisateurs. Vous \u00eates libre de choisir d&rsquo;afficher la notification sous la forme d&rsquo;une barre ou d&rsquo;une bo\u00eete et de d\u00e9signer un emplacement dans la page. De plus, les options de couleur vous aident \u00e0 rendre le widget coh\u00e9rent et \u00e0 bien l&rsquo;int\u00e9grer au style du site Web.<\/p> <div class=\"faq\" data-component=\"FAQ\"><div class=\"faq-item\">\r\n\t\t\t\t\t<div class=\"faq-item-question\">\r\n\t\t\t\t\t\t<h3 class=\"faq-item-question-text\">Comment puis-je int\u00e9grer un consentement aux cookies au Site Elementor ?<\/h3>\r\n\r\n\t\t\t\t\t\t<div class=\"faq-item-question-icon\"><\/div>\r\n\t\t\t\t\t<\/div>\r\n\r\n\t\t\t\t\t<div class=\"faq-item-answer\">\r\n\t\t\t\t\t\t<div class=\"faq-item-answer-text\"><p>La construction du widget s&rsquo;effectue au sein du site Elfsight et vous n&rsquo;avez pas besoin d&rsquo;apprendre \u00e0 coder. Utilisez notre d\u00e9mo en ligne pour personnaliser votre plugin, obtenir le code et l&rsquo;int\u00e9grer \u00e0 votre site Web. <\/p><\/div>\r\n\t\t\t\t\t<\/div>\r\n\t\t\t\t<\/div><div class=\"faq-item\">\r\n\t\t\t\t\t<div class=\"faq-item-question\">\r\n\t\t\t\t\t\t<h3 class=\"faq-item-question-text\">Les meilleurs exemples d'utilisation de l'int\u00e9gration de banni\u00e8res de consentement aux cookies<\/h3>\r\n\r\n\t\t\t\t\t\t<div class=\"faq-item-question-icon\"><\/div>\r\n\t\t\t\t\t<\/div>\r\n\r\n\t\t\t\t\t<div class=\"faq-item-answer\">\r\n\t\t\t\t\t\t<div class=\"faq-item-answer-text\"><p>Nous avons des tonnes d&rsquo;opportunit\u00e9s de personnalisation\u00a0: des widgets pleine taille \u00e0 ajouter dans la section de contenu, des plugins flottants pour les opportunit\u00e9s de d\u00e9filement, des vignettes pour le pied de page, l&rsquo;en-t\u00eate et toutes les variantes de possibilit\u00e9s verticales pour les barres lat\u00e9rales et les menus. <\/p><\/div>\r\n\t\t\t\t\t<\/div>\r\n\t\t\t\t<\/div><div class=\"faq-item\">\r\n\t\t\t\t\t<div class=\"faq-item-question\">\r\n\t\t\t\t\t\t<h3 class=\"faq-item-question-text\">Puis-je cr\u00e9er une banni\u00e8re sup\u00e9rieure ou un consentement aux cookies flottants au moyen de l'\u00e9diteur ?<\/h3>\r\n\r\n\t\t\t\t\t\t<div class=\"faq-item-question-icon\"><\/div>\r\n\t\t\t\t\t<\/div>\r\n\r\n\t\t\t\t\t<div class=\"faq-item-answer\">\r\n\t\t\t\t\t\t<div class=\"faq-item-answer-text\"><p>Vous \u00eates libre de cr\u00e9er les variantes de n&rsquo;importe quel widget. De nombreuses mises en page sont \u00e0 votre disposition dans l&rsquo;\u00e9diteur, et elles peuvent toutes \u00eatre rapidement ajust\u00e9es selon vos besoins. <\/p><\/div>\r\n\t\t\t\t\t<\/div>\r\n\t\t\t\t<\/div><\/div><\/div><div class=\"application-platform-content-item-features application-platform-content-item\" id=\"features\" data-nav-section=\"features\"><h2>Principales fonctionnalit\u00e9s du widget Consentement aux cookies<\/h2><p>Ayez une meilleure id\u00e9e du widget &#8211; examinez la liste de ses principaux traits. Ils rendent notre widget extr\u00eamement b\u00e9n\u00e9fique pour votre site\u00a0Web\u00a0: <\/p><ul><li>S\u00e9lectionnez uniquement l&rsquo;annonce ou la demande de consentement\u00a0; <\/li> <li> D\u00e9finissez votre propre message d&rsquo;annonce avec un formatage et des liens\u00a0; <\/li> <li>Afficher ou masquer un lien actif vers la politique en mati\u00e8re de cookies avec une \u00e9tiquette de lien personnalis\u00e9e\u00a0; <\/li> <li> Choisissez le type de disposition Barre ou Bo\u00eete de la notification\u00a0; <\/li> <li>D\u00e9finissez la couleur des boutons et des liens. <\/li> <\/ul><p><a href=\"#demo\">Notre d\u00e9mo vous d\u00e9voilera toutes les fonctionnalit\u00e9s<\/a><\/p><\/div><div class=\"application-platform-content-item-installation application-platform-content-item\" id=\"installation\" data-nav-section=\"installation\"><h2>D\u00e9couvrez comment ajouter le widget de consentement aux cookies \u00e0 votre site Web Elementor<\/h2><div class=\"video-container\"><iframe width=\"720\" height=\"405\" src=\"https:\/\/www.youtube.com\/embed\/8K9I03Ju2fY\" frameborder=\"0\" allowfullscreen=\"\"><\/iframe><\/div><p> Quelques actions simples sont la seule chose que vous devez \u00e9tablir. <\/p><ol><li><b>Cr\u00e9ez votre plugin Cookie sur mesure<\/b><br> Gr\u00e2ce \u00e0 notre d\u00e9mo gratuite, configurez un plugin avec une mise en page et des fonctions personnalis\u00e9es. <\/li><li><b>Acqu\u00e9rir le code individuel pour afficher le plugin<\/b><br> Apr\u00e8s avoir cr\u00e9\u00e9 votre widget, vous obtiendrez votre code personnel dans la fen\u00eatre contextuelle d&rsquo;Elfsight Apps. Copiez ce code pour une utilisation ult\u00e9rieure. <\/li> <li><b> Le plugin sur votre site Elementor<\/b><br> Choisissez la zone dans laquelle vous souhaitez afficher le plugin et collez-y le code enregistr\u00e9. Enregistrez les modifications. <\/li> <li><b>L&rsquo;installation est termin\u00e9e<\/b><br> Visitez votre magasin pour voir votre travail. <\/li> <\/ol><p>Il y a encore quelque chose qui vous rend incertain\u00a0? Ou rencontrez des probl\u00e8mes ? Envoyez simplement une demande \u00e0 notre service client. Nous r\u00e9glerons chaque probl\u00e8me. <\/p><\/div>","protected":false},"excerpt":{"rendered":"","protected":false},"author":18,"featured_media":0,"parent":1220,"menu_order":0,"comment_status":"closed","ping_status":"closed","template":"templates\/template-application-platform.php","meta":{"publish_to_discourse":"","publish_post_category":"","wpdc_auto_publish_overridden":"","wpdc_topic_tags":"","wpdc_pin_topic":"","wpdc_pin_until":"","discourse_post_id":"","discourse_permalink":"","wpdc_publishing_response":"","wpdc_publishing_error":"","footnotes":""},"class_list":["post-4652","page","type-page","status-publish","hentry"],"yoast_head":"<!-- This site is optimized with the Yoast SEO plugin v25.3.1 - https:\/\/yoast.com\/wordpress\/plugins\/seo\/ -->\n<title>Banni\u00e8re Cookie - ajoutez plugin Consentement Cookies sur Elementor<\/title>\n<meta name=\"description\" content=\"Int\u00e9grez un Banni\u00e8re Cookie avantageux sur votre site. Utilisez la d\u00e9mo d&#039;Elfsight et g\u00e9n\u00e9rez votre widget en deux minutes.\" \/>\n<meta name=\"robots\" content=\"index, follow, max-snippet:-1, max-image-preview:large, max-video-preview:-1\" \/>\n<link rel=\"canonical\" href=\"https:\/\/elfsight.com\/fr\/cookie-consent-widget\/elementor\/\" \/>\n<meta property=\"og:locale\" content=\"fr_FR\" \/>\n<meta property=\"og:type\" content=\"article\" \/>\n<meta property=\"og:title\" content=\"Banni\u00e8re Cookie - ajoutez plugin Consentement Cookies sur Elementor\" \/>\n<meta property=\"og:description\" content=\"Int\u00e9grez un Banni\u00e8re Cookie avantageux sur votre site. Utilisez la d\u00e9mo d&#039;Elfsight et g\u00e9n\u00e9rez votre widget en deux minutes.\" \/>\n<meta property=\"og:url\" content=\"https:\/\/elfsight.com\/fr\/cookie-consent-widget\/elementor\/\" \/>\n<meta property=\"og:site_name\" content=\"Elfsight FR\" \/>\n<meta property=\"article:modified_time\" content=\"2025-07-09T17:12:00+00:00\" \/>\n<meta name=\"twitter:card\" content=\"summary_large_image\" \/>\n<meta name=\"twitter:label1\" content=\"Dur\u00e9e de lecture estim\u00e9e\" \/>\n\t<meta name=\"twitter:data1\" content=\"1 minute\" \/>\n<!-- \/ Yoast SEO plugin. -->","yoast_head_json":{"title":"Banni\u00e8re Cookie - ajoutez plugin Consentement Cookies sur Elementor","description":"Int\u00e9grez un Banni\u00e8re Cookie avantageux sur votre site. Utilisez la d\u00e9mo d'Elfsight et g\u00e9n\u00e9rez votre widget en deux minutes.","robots":{"index":"index","follow":"follow","max-snippet":"max-snippet:-1","max-image-preview":"max-image-preview:large","max-video-preview":"max-video-preview:-1"},"canonical":"https:\/\/elfsight.com\/fr\/cookie-consent-widget\/elementor\/","og_locale":"fr_FR","og_type":"article","og_title":"Banni\u00e8re Cookie - ajoutez plugin Consentement Cookies sur Elementor","og_description":"Int\u00e9grez un Banni\u00e8re Cookie avantageux sur votre site. Utilisez la d\u00e9mo d'Elfsight et g\u00e9n\u00e9rez votre widget en deux minutes.","og_url":"https:\/\/elfsight.com\/fr\/cookie-consent-widget\/elementor\/","og_site_name":"Elfsight FR","article_modified_time":"2025-07-09T17:12:00+00:00","twitter_card":"summary_large_image","twitter_misc":{"Dur\u00e9e de lecture estim\u00e9e":"1 minute"},"schema":{"@context":"https:\/\/schema.org","@graph":[{"@type":"WebPage","@id":"https:\/\/elfsight.com\/fr\/cookie-consent-widget\/elementor\/","url":"https:\/\/elfsight.com\/fr\/cookie-consent-widget\/elementor\/","name":"Banni\u00e8re Cookie - ajoutez plugin Consentement Cookies sur Elementor","isPartOf":{"@id":"https:\/\/elfsight.com\/fr\/#website"},"datePublished":"2021-12-03T09:43:49+00:00","dateModified":"2025-07-09T17:12:00+00:00","description":"Int\u00e9grez un Banni\u00e8re Cookie avantageux sur votre site. Utilisez la d\u00e9mo d'Elfsight et g\u00e9n\u00e9rez votre widget en deux minutes.","breadcrumb":{"@id":"https:\/\/elfsight.com\/fr\/cookie-consent-widget\/elementor\/#breadcrumb"},"inLanguage":"fr-FR","potentialAction":[{"@type":"ReadAction","target":["https:\/\/elfsight.com\/fr\/cookie-consent-widget\/elementor\/"]}]},{"@type":"BreadcrumbList","@id":"https:\/\/elfsight.com\/fr\/cookie-consent-widget\/elementor\/#breadcrumb","itemListElement":[{"@type":"ListItem","position":1,"name":"Home","item":"https:\/\/elfsight.com\/fr\/"},{"@type":"ListItem","position":2,"name":"Cookie Consent","item":"https:\/\/elfsight.com\/fr\/cookie-consent-widget\/"},{"@type":"ListItem","position":3,"name":"Cookie Consent &#8211; Elementor"}]},{"@type":"WebSite","@id":"https:\/\/elfsight.com\/fr\/#website","url":"https:\/\/elfsight.com\/fr\/","name":"Elfsight FR","description":"","potentialAction":[{"@type":"SearchAction","target":{"@type":"EntryPoint","urlTemplate":"https:\/\/elfsight.com\/fr\/?s={search_term_string}"},"query-input":{"@type":"PropertyValueSpecification","valueRequired":true,"valueName":"search_term_string"}}],"inLanguage":"fr-FR"}]}},"meta_box":{"industry":"","seo_heading":"","heading":"","description":"","cta_heading":"","cta_description":"","application":"1219","h1":"Plugin Banni\u00e8re Cookie pour Elementor","h1_caption":"Respectez les r\u00e8gles de confidentialit\u00e9 en ajoutant une banni\u00e8re de consentement aux cookies sur votre site Web, garantissant ainsi la transparence des donn\u00e9es utilisateur sur votre site Web Elementor sans effort.","application_category":[],"applications_title":"","applications_request_title":"","applications_request_button_text":"","hero_text":"","hero_video":"","hero_video_schema_markup":"","selling_points_title":"","selling_points_caption":"","selling_points":[],"selling_points_cta_text":"","features_title":"","features":"","ed_cta_examples_text":"","ed_cta_examples_hidden":"","ed_cta_demo_text":"","ed_cta_demo_hidden":"","why_caption":"","why_editor_title":"","why_editor_text":"","why_team_title":"","why_team_text":"","why_service_title":"","why_service_text":"","template_catalog_visible":"","template_catalog_title":"","template_catalog_text":"","template_catalog_categories_visible":"","demo_title":"Cr\u00e9ez votre widget de consentement aux cookies","demo_caption":"Configurez votre consentement aux cookies et ajoutez-le gratuitement \u00e0 votre site Web Elementor\u00a0!","default_faq_hidden":"","app_template_category":[],"platform":"385","template_public_id":"","codecanyon_url":"","codecanyon_item_id":"","codecanyon_price":"","pricing_caption":"","pricing_elfsight_apps_hide_column":"","pricing_elfsight_apps_url":"","pricing_codecanyon_price_caption":"","integration_category":[],"integration_request_title":"","integration_request_cta":"","integration_platform":"","integrations":[],"platform_category":[],"video_schema_markup":"","price":"\u00c0 partir de $0\/mois","trial":"","benefits":[{"text":"Installation gratuite"},{"text":"Support Premium"},{"text":"Garantie de remboursement de 14 jours"},{"text":"L'am\u00e9lioration continue"}],"button_url":"#demo","button_target_blank":"0","button_nofollow":"0","attributes":[{"name":"Nombre d'installations","content":"1,000 - 5,000","_state":"expanded"},{"name":"Adaptif","content":"Oui","_state":"expanded"},{"name":"Navigateurs compatibles","content":"Firefox, Safari, Opera, Chrome, Edge","_state":"expanded"}],"tags":[],"tags_disable_links":"0","hide_more_platforms":"","video_object":"","demo_hide_cta":"0","demo_hide_cloud_options":"0","pricing_title":"","pricing":[{"pricing_icon":"platform","pricing_title":"Applications d'Elfsight","pricing_title_caption":"Solution num\u00e9rique multiplateforme qui fonctionne sur n'importe quel site","pricing_price":"\u00c0 partir de $0\/mois","pricing_price_caption":"Commencez avec un plan gratuit","pricing_benefits":[{"text":"Sites Web illimit\u00e9s"},{"text":"\u00c9quipe d'assistance professionnelle"},{"text":"Service d'installation gratuit"},{"text":"100% personnalisable"}],"pricing_button_text":"Ajouter au site Web","pricing_button_url":"https:\/\/apps.elfsight.com\/sign-up\/","pricing_button_nofollow":"1","_state":"expanded"}],"related_apps_title":"","related_apps_hidden":"1","author":"","image":[],"title":"","job":"","social_networks":[]},"_links":{"self":[{"href":"https:\/\/elfsight.com\/fr\/wp-json\/wp\/v2\/pages\/4652","targetHints":{"allow":["GET"]}}],"collection":[{"href":"https:\/\/elfsight.com\/fr\/wp-json\/wp\/v2\/pages"}],"about":[{"href":"https:\/\/elfsight.com\/fr\/wp-json\/wp\/v2\/types\/page"}],"author":[{"embeddable":true,"href":"https:\/\/elfsight.com\/fr\/wp-json\/wp\/v2\/users\/18"}],"replies":[{"embeddable":true,"href":"https:\/\/elfsight.com\/fr\/wp-json\/wp\/v2\/comments?post=4652"}],"version-history":[{"count":2,"href":"https:\/\/elfsight.com\/fr\/wp-json\/wp\/v2\/pages\/4652\/revisions"}],"predecessor-version":[{"id":15069,"href":"https:\/\/elfsight.com\/fr\/wp-json\/wp\/v2\/pages\/4652\/revisions\/15069"}],"up":[{"embeddable":true,"href":"https:\/\/elfsight.com\/fr\/wp-json\/wp\/v2\/pages\/1220"}],"wp:attachment":[{"href":"https:\/\/elfsight.com\/fr\/wp-json\/wp\/v2\/media?parent=4652"}],"curies":[{"name":"wp","href":"https:\/\/api.w.org\/{rel}","templated":true}]}}