{"id":4589,"date":"2021-12-03T09:44:42","date_gmt":"2021-12-03T09:44:42","guid":{"rendered":"https:\/\/elfsight.com\/fr\/?page_id=4589"},"modified":"2025-07-09T16:48:29","modified_gmt":"2025-07-09T16:48:29","slug":"woocommerce","status":"publish","type":"page","link":"https:\/\/elfsight.com\/fr\/before-and-after-slider-widget\/woocommerce\/","title":{"rendered":"Before and After Slider &#8211; WooCommerce"},"content":{"rendered":"<div class=\"application-platform-content-item-description application-platform-content-item\" id=\"description\" data-nav-section=\"description\"><h2>Description<\/h2><p>Comparison Slider d&rsquo;Elfsight vous aide \u00e0 pr\u00e9senter des photos promotionnelles \u00e9tonnantes pour votre site Web. Les clients auront la possibilit\u00e9 de v\u00e9rifier tous les effets produits ou services par vos produits. T\u00e9l\u00e9chargez simplement deux photos sur le curseur Avant et Apr\u00e8s pour WooCommerce et elles sortiront avec un s\u00e9parateur qui se d\u00e9place pour voir la diff\u00e9rence. Vous pouvez publier un nombre illimit\u00e9 de s\u00e9ries de photos et ajouter des l\u00e9gendes et des \u00e9tiquettes. L&rsquo;orientation du glissement peut \u00eatre horizontale ou verticale, et vous pouvez s\u00e9lectionner le meilleur rapport d&rsquo;image.<\/p> <p><b>Avec le curseur avant &#8211; apr\u00e8s, b\u00e9n\u00e9ficiez d&rsquo;une croissance commerciale durable et augmentez vos ventes\u00a0!<\/b><\/p> <\/div> <div class=\"application-platform-content-item-features application-platform-content-item\" id=\"features\" data-nav-section=\"features\"><h2>Vous trouverez ci-dessous les fonctionnalit\u00e9s de base du widget\u00a0:<\/h2><ul><li>Formez des couples d&rsquo;images avant et apr\u00e8s illimit\u00e9s<\/li> <li>Cr\u00e9ez des l\u00e9gendes avec formatage de texte pour chaque ensemble<\/li><li>Deux mises en page pr\u00eates \u00e0 l&#8217;emploi\u00a0: Liste et Carrousel<\/li><li>D\u00e9placement horizontal ou vertical du s\u00e9parateur<\/li><li>Cliquez et faites glisser ou survolez simplement pour d\u00e9placer le diviseur<\/li><li>Faites glisser votre doigt sur les appareils \u00e0 \u00e9cran tactile<\/li><\/ul><p><a href=\"#demo\">Vous pouvez v\u00e9rifier si le widget est fait pour vous en utilisant la d\u00e9mo<\/a><\/p><\/div><div class=\"application-platform-content-item-installation application-platform-content-item\" id=\"installation\" data-nav-section=\"installation\"><h2>Comment puis-je ajouter un curseur avant et apr\u00e8s sur mon site Web WooCommerce\u00a0?<\/h2><p>Suivez simplement les \u00e9tapes d\u00e9crites ci-dessous pour int\u00e9grer l&rsquo;outil.<\/p><ol><li><b>G\u00e9rez notre \u00e9diteur gratuit et commencez \u00e0 cr\u00e9er votre propre instrument.<\/b><br>Trouvez la disposition et les param\u00e8tres s\u00e9lectionn\u00e9s du widget et appliquez les modifications.<\/li><li><b>Obtenez le code individuel affich\u00e9 dans la fen\u00eatre sur les applications Elfsight.<\/b><br>Une fois la configuration de votre outil termin\u00e9e, copiez le code exclusif dans la fen\u00eatre contextuelle qui appara\u00eet et enregistrez-le pour une occasion ult\u00e9rieure.<\/li><li><b>Commencez \u00e0 utiliser le plugin Comparison sur le site WooCommerce.<\/b><br>Ajoutez le code que vous avez copi\u00e9 r\u00e9cemment dans votre page et enregistrez les modifications.<\/li><li><b> Vous avez termin\u00e9! L&rsquo;int\u00e9gration est enti\u00e8rement r\u00e9alis\u00e9e.<\/b><br>Visitez votre site pour voir comment fonctionne le widget.<\/li><\/ol><p>\u00c0 condition d&rsquo;avoir des questions ou de rencontrer quelques difficult\u00e9s, n&rsquo;h\u00e9sitez pas \u00e0 r\u00e9pondre notre \u00e9quipe d&rsquo;assistance. Nos collaborateurs ont h\u00e2te de r\u00e9soudre toutes les questions que vous pourriez vous poser avec le plugin.<\/p><\/div><div class=\"faq\" data-component=\"FAQ\"><div class=\"faq-item\">\r\n\t\t\t\t\t<div class=\"faq-item-question\">\r\n\t\t\t\t\t\t<h3 class=\"faq-item-question-text\">Comment puis-je int\u00e9grer un avant et un apr\u00e8s Slider vers mon site WooCommerce ?<\/h3>\r\n\r\n\t\t\t\t\t\t<div class=\"faq-item-question-icon\"><\/div>\r\n\t\t\t\t\t<\/div>\r\n\r\n\t\t\t\t\t<div class=\"faq-item-answer\">\r\n\t\t\t\t\t\t<div class=\"faq-item-answer-text\"><p>La cr\u00e9ation de l&rsquo;outil s&rsquo;effectue sur les pages Elfsight et vous n&rsquo;avez pas besoin d&rsquo;apprendre \u00e0 coder. Utilisez la d\u00e9mo en direct pour concevoir votre application personnelle, obtenez le code et collez-le sur votre site Web. <\/p><\/div>\r\n\t\t\t\t\t<\/div>\r\n\t\t\t\t<\/div><div class=\"faq-item\">\r\n\t\t\t\t\t<div class=\"faq-item-question\">\r\n\t\t\t\t\t\t<h3 class=\"faq-item-question-text\">Les meilleurs exemples d'utilisation de l'int\u00e9gration de Comparison Slider<\/h3>\r\n\r\n\t\t\t\t\t\t<div class=\"faq-item-question-icon\"><\/div>\r\n\t\t\t\t\t<\/div>\r\n\r\n\t\t\t\t\t<div class=\"faq-item-answer\">\r\n\t\t\t\t\t\t<div class=\"faq-item-answer-text\"><p>Nous offrons de nombreuses possibilit\u00e9s de personnalisation\u00a0: widgets complets \u00e0 int\u00e9grer dans la zone de contenu, plugins flottants avec fonction de d\u00e9filement, vignettes pour le pied de page, section d&rsquo;en-t\u00eate et toutes sortes d&rsquo;options verticales pour les barres lat\u00e9rales et les menus. <\/p><\/div>\r\n\t\t\t\t\t<\/div>\r\n\t\t\t\t<\/div><div class=\"faq-item\">\r\n\t\t\t\t\t<div class=\"faq-item-question\">\r\n\t\t\t\t\t\t<h3 class=\"faq-item-question-text\">Puis-je cr\u00e9er un simple curseur de comparaison ou de retouche au moyen de l'\u00e9diteur ?<\/h3>\r\n\r\n\t\t\t\t\t\t<div class=\"faq-item-question-icon\"><\/div>\r\n\t\t\t\t\t<\/div>\r\n\r\n\t\t\t\t\t<div class=\"faq-item-answer\">\r\n\t\t\t\t\t\t<div class=\"faq-item-answer-text\"><p>Vous pouvez fa\u00e7onner les modifications de n&rsquo;importe quel widget. Il existe de nombreuses mises en page applicables dans l&rsquo;\u00e9diteur, et toutes peuvent \u00eatre facilement ajust\u00e9es selon vos besoins. <\/p><\/div>\r\n\t\t\t\t\t<\/div>\r\n\t\t\t\t<\/div><\/div>","protected":false},"excerpt":{"rendered":"","protected":false},"author":18,"featured_media":0,"parent":1621,"menu_order":0,"comment_status":"closed","ping_status":"closed","template":"templates\/template-application-platform.php","meta":{"publish_to_discourse":"","publish_post_category":"","wpdc_auto_publish_overridden":"","wpdc_topic_tags":"","wpdc_pin_topic":"","wpdc_pin_until":"","discourse_post_id":"","discourse_permalink":"","wpdc_publishing_response":"","wpdc_publishing_error":"","footnotes":""},"class_list":["post-4589","page","type-page","status-publish","hentry"],"yoast_head":"<!-- This site is optimized with the Yoast SEO plugin v25.3.1 - https:\/\/yoast.com\/wordpress\/plugins\/seo\/ -->\n<title>Photos avant apr\u00e8s - ajoutez plugin Photo avant\/apr\u00e8s curseur sur WooCommerce<\/title>\n<meta name=\"description\" content=\"Int\u00e9grez un Photos avant apr\u00e8s avantageux sur votre site. Utilisez la d\u00e9mo d&#039;Elfsight et g\u00e9n\u00e9rez votre widget en quelques minutes.\" \/>\n<meta name=\"robots\" content=\"index, follow, max-snippet:-1, max-image-preview:large, max-video-preview:-1\" \/>\n<link rel=\"canonical\" href=\"https:\/\/elfsight.com\/fr\/before-and-after-slider-widget\/woocommerce\/\" \/>\n<meta property=\"og:locale\" content=\"fr_FR\" \/>\n<meta property=\"og:type\" content=\"article\" \/>\n<meta property=\"og:title\" content=\"Photos avant apr\u00e8s - ajoutez plugin Photo avant\/apr\u00e8s curseur sur WooCommerce\" \/>\n<meta property=\"og:description\" content=\"Int\u00e9grez un Photos avant apr\u00e8s avantageux sur votre site. Utilisez la d\u00e9mo d&#039;Elfsight et g\u00e9n\u00e9rez votre widget en quelques minutes.\" \/>\n<meta property=\"og:url\" content=\"https:\/\/elfsight.com\/fr\/before-and-after-slider-widget\/woocommerce\/\" \/>\n<meta property=\"og:site_name\" content=\"Elfsight FR\" \/>\n<meta property=\"article:modified_time\" content=\"2025-07-09T16:48:29+00:00\" \/>\n<meta name=\"twitter:card\" content=\"summary_large_image\" \/>\n<meta name=\"twitter:label1\" content=\"Dur\u00e9e de lecture estim\u00e9e\" \/>\n\t<meta name=\"twitter:data1\" content=\"1 minute\" \/>\n<!-- \/ Yoast SEO plugin. -->","yoast_head_json":{"title":"Photos avant apr\u00e8s - ajoutez plugin Photo avant\/apr\u00e8s curseur sur WooCommerce","description":"Int\u00e9grez un Photos avant apr\u00e8s avantageux sur votre site. Utilisez la d\u00e9mo d'Elfsight et g\u00e9n\u00e9rez votre widget en quelques minutes.","robots":{"index":"index","follow":"follow","max-snippet":"max-snippet:-1","max-image-preview":"max-image-preview:large","max-video-preview":"max-video-preview:-1"},"canonical":"https:\/\/elfsight.com\/fr\/before-and-after-slider-widget\/woocommerce\/","og_locale":"fr_FR","og_type":"article","og_title":"Photos avant apr\u00e8s - ajoutez plugin Photo avant\/apr\u00e8s curseur sur WooCommerce","og_description":"Int\u00e9grez un Photos avant apr\u00e8s avantageux sur votre site. Utilisez la d\u00e9mo d'Elfsight et g\u00e9n\u00e9rez votre widget en quelques minutes.","og_url":"https:\/\/elfsight.com\/fr\/before-and-after-slider-widget\/woocommerce\/","og_site_name":"Elfsight FR","article_modified_time":"2025-07-09T16:48:29+00:00","twitter_card":"summary_large_image","twitter_misc":{"Dur\u00e9e de lecture estim\u00e9e":"1 minute"},"schema":{"@context":"https:\/\/schema.org","@graph":[{"@type":"WebPage","@id":"https:\/\/elfsight.com\/fr\/before-and-after-slider-widget\/woocommerce\/","url":"https:\/\/elfsight.com\/fr\/before-and-after-slider-widget\/woocommerce\/","name":"Photos avant apr\u00e8s - ajoutez plugin Photo avant\/apr\u00e8s curseur sur WooCommerce","isPartOf":{"@id":"https:\/\/elfsight.com\/fr\/#website"},"datePublished":"2021-12-03T09:44:42+00:00","dateModified":"2025-07-09T16:48:29+00:00","description":"Int\u00e9grez un Photos avant apr\u00e8s avantageux sur votre site. Utilisez la d\u00e9mo d'Elfsight et g\u00e9n\u00e9rez votre widget en quelques minutes.","breadcrumb":{"@id":"https:\/\/elfsight.com\/fr\/before-and-after-slider-widget\/woocommerce\/#breadcrumb"},"inLanguage":"fr-FR","potentialAction":[{"@type":"ReadAction","target":["https:\/\/elfsight.com\/fr\/before-and-after-slider-widget\/woocommerce\/"]}]},{"@type":"BreadcrumbList","@id":"https:\/\/elfsight.com\/fr\/before-and-after-slider-widget\/woocommerce\/#breadcrumb","itemListElement":[{"@type":"ListItem","position":1,"name":"Home","item":"https:\/\/elfsight.com\/fr\/"},{"@type":"ListItem","position":2,"name":"Before and After Slider","item":"https:\/\/elfsight.com\/fr\/before-and-after-slider-widget\/"},{"@type":"ListItem","position":3,"name":"Before and After Slider &#8211; WooCommerce"}]},{"@type":"WebSite","@id":"https:\/\/elfsight.com\/fr\/#website","url":"https:\/\/elfsight.com\/fr\/","name":"Elfsight FR","description":"","potentialAction":[{"@type":"SearchAction","target":{"@type":"EntryPoint","urlTemplate":"https:\/\/elfsight.com\/fr\/?s={search_term_string}"},"query-input":{"@type":"PropertyValueSpecification","valueRequired":true,"valueName":"search_term_string"}}],"inLanguage":"fr-FR"}]}},"meta_box":{"industry":"","seo_heading":"","heading":"","description":"","cta_heading":"","cta_description":"","application":"1614","h1":"Plugin Photos avant apr\u00e8s pour WooCommerce","h1_caption":"Pr\u00e9sentez des comparaisons entre deux images, id\u00e9ales pour mettre en \u00e9vidence les transformations ou pr\u00e9senter sans effort les avantages du produit sur votre site Web WooCommerce.","application_category":[],"applications_title":"","applications_request_title":"","applications_request_button_text":"","hero_text":"","hero_video":"","hero_video_schema_markup":"","selling_points_title":"","selling_points_caption":"","selling_points":[],"selling_points_cta_text":"","features_title":"","features":"","ed_cta_examples_text":"","ed_cta_examples_hidden":"","ed_cta_demo_text":"","ed_cta_demo_hidden":"","why_caption":"","why_editor_title":"","why_editor_text":"","why_team_title":"","why_team_text":"","why_service_title":"","why_service_text":"","template_catalog_visible":"","template_catalog_title":"","template_catalog_text":"","template_catalog_categories_visible":"","demo_title":"Cr\u00e9ez votre application Slider Avant et Apr\u00e8s","demo_caption":"Configurez votre slider avant et apr\u00e8s et ajoutez-le \u00e0 votre site Web WooCommerce gratuitement !","default_faq_hidden":"","app_template_category":[],"platform":"397","template_public_id":"","codecanyon_url":"","codecanyon_item_id":"","codecanyon_price":"","pricing_caption":"","pricing_elfsight_apps_hide_column":"","pricing_elfsight_apps_url":"","pricing_codecanyon_price_caption":"","integration_category":[],"integration_request_title":"","integration_request_cta":"","integration_platform":"","integrations":[],"platform_category":[],"video_schema_markup":"","price":"\u00c0 partir de $0\/mois","trial":"","benefits":[{"text":"Installation gratuite"},{"text":"Support Premium"},{"text":"Garantie de remboursement de 14 jours"},{"text":"L'am\u00e9lioration continue"}],"button_url":"#demo","button_target_blank":"0","button_nofollow":"0","attributes":[{"name":"Nombre d'installations","content":"1,000 - 5,000","_state":"expanded"},{"name":"Adaptif","content":"Oui","_state":"expanded"},{"name":"Navigateurs compatibles","content":"Firefox, Safari, Opera, Chrome, Edge","_state":"expanded"}],"tags":[],"tags_disable_links":"0","hide_more_platforms":"","video_object":"","demo_hide_cta":"0","demo_hide_cloud_options":"0","pricing_title":"","pricing":[{"pricing_icon":"platform","pricing_title":"Applications d'Elfsight","pricing_title_caption":"Solution num\u00e9rique multiplateforme qui fonctionne sur n'importe quel site","pricing_price":"\u00c0 partir de $0\/mois","pricing_price_caption":"Commencez avec un plan gratuit","pricing_benefits":[{"text":"Sites Web illimit\u00e9s"},{"text":"\u00c9quipe d'assistance professionnelle"},{"text":"Service d'installation gratuit"},{"text":"100% personnalisable"}],"pricing_button_text":"Ajouter au site Web","pricing_button_url":"https:\/\/apps.elfsight.com\/sign-up\/","pricing_button_nofollow":"1","_state":"expanded"}],"related_apps_title":"","related_apps_hidden":"1","author":"","image":[],"title":"","job":"","social_networks":[]},"_links":{"self":[{"href":"https:\/\/elfsight.com\/fr\/wp-json\/wp\/v2\/pages\/4589","targetHints":{"allow":["GET"]}}],"collection":[{"href":"https:\/\/elfsight.com\/fr\/wp-json\/wp\/v2\/pages"}],"about":[{"href":"https:\/\/elfsight.com\/fr\/wp-json\/wp\/v2\/types\/page"}],"author":[{"embeddable":true,"href":"https:\/\/elfsight.com\/fr\/wp-json\/wp\/v2\/users\/18"}],"replies":[{"embeddable":true,"href":"https:\/\/elfsight.com\/fr\/wp-json\/wp\/v2\/comments?post=4589"}],"version-history":[{"count":2,"href":"https:\/\/elfsight.com\/fr\/wp-json\/wp\/v2\/pages\/4589\/revisions"}],"predecessor-version":[{"id":14696,"href":"https:\/\/elfsight.com\/fr\/wp-json\/wp\/v2\/pages\/4589\/revisions\/14696"}],"up":[{"embeddable":true,"href":"https:\/\/elfsight.com\/fr\/wp-json\/wp\/v2\/pages\/1621"}],"wp:attachment":[{"href":"https:\/\/elfsight.com\/fr\/wp-json\/wp\/v2\/media?parent=4589"}],"curies":[{"name":"wp","href":"https:\/\/api.w.org\/{rel}","templated":true}]}}