{"id":457,"date":"2020-06-15T11:21:48","date_gmt":"2020-06-15T11:21:48","guid":{"rendered":"https:\/\/elfsight.com\/fr\/?page_id=457"},"modified":"2020-06-16T10:27:33","modified_gmt":"2020-06-16T10:27:33","slug":"cratejoy-apps","status":"publish","type":"page","link":"https:\/\/elfsight.com\/fr\/cratejoy-apps\/","title":{"rendered":"Cratejoy apps"},"content":{"rendered":"\n<h2>Le mieux Elfsight Apps Service pour l\u2019am\u00e9lioration du site en Cratejoy. <\/h2>\n\n\n<p>Pendant les ann\u00e9es d&rsquo;abondance, le communaut\u00e9 d&rsquo;experts d\u2019Elfsight g\u00e9n\u00e8re plugins commodes et adaptables pour le site Web. Notre \u00e9quipe d&rsquo;experts syst\u00e9matiquement vous donne un service d&rsquo;assistance d\u00e9di\u00e9e et rapidit\u00e9 de chargement inimaginable. Widgets d\u2019Elfsight apportent \u00e0 beaucoup d\u2019entreprises, asbl \net de nombreux propri\u00e9taires de sites\ndans le monde entier r\u00e9gler les probl\u00e8mes rationnellement. <\/p>\n<p>Juste additionnez les instruments dans votre site et stimulez cours vendeur, montrez commentaires heureux, rehausser un trust des vos clients. Nos programmes diff\u00e8rent entre sans aucun frais et premium. Commencez l&rsquo;installation de de %widget% en avec l&rsquo;aide de d\u00e9mo interactif et regardez son effet sur le d\u00e9veloppement de votre entreprise. <\/p>\n\n<h2> \nQu\u2019est-ce qui rend Elfsight instruments sp\u00e9ciaux pour votre votre site? <\/h2>\n\n\n<p>Voil\u00e0 une liste des pr\u00e9f\u00e9rences exclusifs de nos widgets, qui nous assureront d&rsquo;\u00eatre plus performantes que nos challengers: <\/p>\n\n<ul>\n<li>R\u00e9ponse gracieux et h\u00e2tif avec des widgets d&rsquo;int\u00e9gration ou de personnalisation; <\/li>\n<li>Enti\u00e8rement r\u00e9actif \u00e0 tous les \u00e9l\u00e9ments du site web; <\/li>\n<li>Inutile| d&rsquo;\u00e9tudier le codage; <\/li>\n<li>Une consid\u00e9rable multitude des capacit\u00e9s de personnalisation; <\/li>\n<li>Les solutions cloud admettrent de grossir la c\u00e9l\u00e9rit\u00e9 de chargement; <\/li>\n<li>Renouveaux pers\u00e9v\u00e9rantes; <\/li>\n<li> Tarifs mod\u00e9r\u00e9s; <\/li>\n<li> Aide perp\u00e9tuel pour toutes les questions des utilisateurs. <\/li>\n<\/ul>\n\n<p> Abonnez-vous \u00e0 l\u2019option gracieux de nos plugins et regardez son capacit\u00e9 ou implantez aucun outil convenable avec une remise de 20%. <p>\n\n\n<h2>De quelle mani\u00e8re int\u00e9grer vos plugins sur le site internet de Cratejoy<\/h2>\n\n<p>Pour enraciner les plugins, voir le manuel simple: <\/p>\n\n\n<ol>\n<li> Choisissez le widget n\u00e9cessaire; <\/li>\n<li> R\u00e9gularisez la trac\u00e9 requise en \u0430\u0441\u0441\u043erd avec vos demandes; <\/li>\n<li> Sauvez les amendements; <\/li>\n<li> Cliquez sur le code re\u00e7u; <\/li>\n<li> Ins\u00e9rez le code \u00e0 localit\u00e9 disponible de votre site web ou mod\u00e8le; <\/li>\n<li> La individualisation du plugin est de tout point termin\u00e9e. <\/li>\n<\/ol>\n\n<p> Au cas o\u00f9 vous rencontrez avec des ennuis, n&rsquo;h\u00e9sitez pas en r\u00e9f\u00e9rer \u00e0 nos personnel du soutien. <\/p>\n\n\n<div class=\"faq\" data-component=\"FAQ\">\n\n<div class=\"faq-item\">\r\n\t\t\t\t\t<div class=\"faq-item-question\">\r\n\t\t\t\t\t\t<h3 class=\"faq-item-question-text\">1. Quels mod\u00e8les Cratejoy suivent prendre en charge les plugins? <\/h3>\r\n\r\n\t\t\t\t\t\t<div class=\"faq-item-question-icon\"><\/div>\r\n\t\t\t\t\t<\/div>\r\n\r\n\t\t\t\t\t<div class=\"faq-item-answer\">\r\n\t\t\t\t\t\t<div class=\"faq-item-answer-text\">\n<p> Les plugins peuvent \u00eatre int\u00e9gr\u00e9s \u00e0 n\u2019importe quelles \u00e9l\u00e9ment du site de Cratejoy. Vous pouvez \u00eatre assur\u00e9 d&rsquo;un fonction durable de nos plugins. <\/p>\n<\/div>\r\n\t\t\t\t\t<\/div>\r\n\t\t\t\t<\/div>\n<div class=\"faq-item\">\r\n\t\t\t\t\t<div class=\"faq-item-question\">\r\n\t\t\t\t\t\t<h3 class=\"faq-item-question-text\">2. O\u00f9 puis-je modifier les \u00e9l\u00e9ments de mon outil?<\/h3>\r\n\r\n\t\t\t\t\t\t<div class=\"faq-item-question-icon\"><\/div>\r\n\t\t\t\t\t<\/div>\r\n\r\n\t\t\t\t\t<div class=\"faq-item-answer\">\r\n\t\t\t\t\t\t<div class=\"faq-item-answer-text\">\n<p> Tous nos clients appliqueront tous les ajustements ad\u00e9quates dans les caract\u00e9ristiques de l&rsquo;\u00e9diteur commode. <\/p>\n<\/div>\r\n\t\t\t\t\t<\/div>\r\n\t\t\t\t<\/div>\n<div class=\"faq-item\">\r\n\t\t\t\t\t<div class=\"faq-item-question\">\r\n\t\t\t\t\t\t<h3 class=\"faq-item-question-text\">3. Est-il probable de contacter le centre d'aide d'Elfsight au cas o\u00f9 j'aurais en panne d'aide pour la individualisation de widget?<\/h3>\r\n\r\n\t\t\t\t\t\t<div class=\"faq-item-question-icon\"><\/div>\r\n\t\t\t\t\t<\/div>\r\n\r\n\t\t\t\t\t<div class=\"faq-item-answer\">\r\n\t\t\t\t\t\t<div class=\"faq-item-answer-text\">\n<p> Tous les usagers peuvent \u00e0 tourner nos personnel d\u2019Elfsight ostensiblement comp\u00e9tentes pour toucher une solution sur le travail des widgets. <\/p>\n<\/div>\r\n\t\t\t\t\t<\/div>\r\n\t\t\t\t<\/div>\n<\/div>\n","protected":false},"excerpt":{"rendered":"Le mieux Elfsight Apps Service pour l\u2019am\u00e9lioration du site en Cratejoy. Pendant les ann\u00e9es d&rsquo;abondance, le communaut\u00e9 d&rsquo;experts d\u2019Elfsight g\u00e9n\u00e8re plugins commodes et adaptables pour le site Web. Notre \u00e9quipe d&rsquo;experts syst\u00e9matiquement vous donne un service d&rsquo;assistance d\u00e9di\u00e9e et rapidit\u00e9 de chargement inimaginable. Widgets d\u2019Elfsight apportent \u00e0 beaucoup d\u2019entreprises, asbl&#8230;","protected":false},"author":9,"featured_media":0,"parent":0,"menu_order":0,"comment_status":"closed","ping_status":"closed","template":"templates\/template-platform.php","meta":{"publish_to_discourse":"","publish_post_category":"","wpdc_auto_publish_overridden":"","wpdc_topic_tags":"","wpdc_pin_topic":"","wpdc_pin_until":"","discourse_post_id":"","discourse_permalink":"","wpdc_publishing_response":"","wpdc_publishing_error":"","footnotes":""},"class_list":["post-457","page","type-page","status-publish","hentry"],"yoast_head":"<!-- This site is optimized with the Yoast SEO plugin v25.3.1 - https:\/\/yoast.com\/wordpress\/plugins\/seo\/ -->\n<title>Les meilleures apps Cratejoy gratuites pour votre site Web (en 2026)<\/title>\n<meta name=\"description\" content=\"Le groupement des widgets exceptionnelles pour site Cratejoy. Le service client\u00e8le professionnel qui vous assiste dans l&#039;installation et fonctionnelle superbe.\" \/>\n<meta name=\"robots\" content=\"index, follow, max-snippet:-1, max-image-preview:large, max-video-preview:-1\" \/>\n<link rel=\"canonical\" href=\"https:\/\/elfsight.com\/fr\/cratejoy-apps\/\" \/>\n<meta property=\"og:locale\" content=\"fr_FR\" \/>\n<meta property=\"og:type\" content=\"article\" \/>\n<meta property=\"og:title\" content=\"Les meilleures apps Cratejoy gratuites pour votre site Web (en 2026)\" \/>\n<meta property=\"og:description\" content=\"Le groupement des widgets exceptionnelles pour site Cratejoy. Le service client\u00e8le professionnel qui vous assiste dans l&#039;installation et fonctionnelle superbe.\" \/>\n<meta property=\"og:url\" content=\"https:\/\/elfsight.com\/fr\/cratejoy-apps\/\" \/>\n<meta property=\"og:site_name\" content=\"Elfsight FR\" \/>\n<meta property=\"article:modified_time\" content=\"2020-06-16T10:27:33+00:00\" \/>\n<meta name=\"twitter:card\" content=\"summary_large_image\" \/>\n<meta name=\"twitter:label1\" content=\"Dur\u00e9e de lecture estim\u00e9e\" \/>\n\t<meta name=\"twitter:data1\" content=\"2 minutes\" \/>\n<!-- \/ Yoast SEO plugin. -->","yoast_head_json":{"title":"Les meilleures apps Cratejoy gratuites pour votre site Web (en 2026)","description":"Le groupement des widgets exceptionnelles pour site Cratejoy. Le service client\u00e8le professionnel qui vous assiste dans l'installation et fonctionnelle superbe.","robots":{"index":"index","follow":"follow","max-snippet":"max-snippet:-1","max-image-preview":"max-image-preview:large","max-video-preview":"max-video-preview:-1"},"canonical":"https:\/\/elfsight.com\/fr\/cratejoy-apps\/","og_locale":"fr_FR","og_type":"article","og_title":"Les meilleures apps Cratejoy gratuites pour votre site Web (en 2026)","og_description":"Le groupement des widgets exceptionnelles pour site Cratejoy. Le service client\u00e8le professionnel qui vous assiste dans l'installation et fonctionnelle superbe.","og_url":"https:\/\/elfsight.com\/fr\/cratejoy-apps\/","og_site_name":"Elfsight FR","article_modified_time":"2020-06-16T10:27:33+00:00","twitter_card":"summary_large_image","twitter_misc":{"Dur\u00e9e de lecture estim\u00e9e":"2 minutes"},"schema":{"@context":"https:\/\/schema.org","@graph":[{"@type":"WebPage","@id":"https:\/\/elfsight.com\/fr\/cratejoy-apps\/","url":"https:\/\/elfsight.com\/fr\/cratejoy-apps\/","name":"Les meilleures apps Cratejoy gratuites pour votre site Web (en 2026)","isPartOf":{"@id":"https:\/\/elfsight.com\/fr\/#website"},"datePublished":"2020-06-15T11:21:48+00:00","dateModified":"2020-06-16T10:27:33+00:00","description":"Le groupement des widgets exceptionnelles pour site Cratejoy. Le service client\u00e8le professionnel qui vous assiste dans l'installation et fonctionnelle superbe.","breadcrumb":{"@id":"https:\/\/elfsight.com\/fr\/cratejoy-apps\/#breadcrumb"},"inLanguage":"fr-FR","potentialAction":[{"@type":"ReadAction","target":["https:\/\/elfsight.com\/fr\/cratejoy-apps\/"]}]},{"@type":"BreadcrumbList","@id":"https:\/\/elfsight.com\/fr\/cratejoy-apps\/#breadcrumb","itemListElement":[{"@type":"ListItem","position":1,"name":"Home","item":"https:\/\/elfsight.com\/fr\/"},{"@type":"ListItem","position":2,"name":"Cratejoy apps"}]},{"@type":"WebSite","@id":"https:\/\/elfsight.com\/fr\/#website","url":"https:\/\/elfsight.com\/fr\/","name":"Elfsight FR","description":"","potentialAction":[{"@type":"SearchAction","target":{"@type":"EntryPoint","urlTemplate":"https:\/\/elfsight.com\/fr\/?s={search_term_string}"},"query-input":{"@type":"PropertyValueSpecification","valueRequired":true,"valueName":"search_term_string"}}],"inLanguage":"fr-FR"}]}},"meta_box":{"industry":"","seo_heading":"","heading":"","description":"","cta_heading":"","cta_description":"","application":"","h1":"Les meilleures apps Cratejoy","h1_caption":"La liste gratuite des widgets remarquables qui sont utilis\u00e9s pour renforcer et accomplir des fins principaux. L\u2019installation est sans effort, et il y a un vaste choix des opportunit\u00e9s d'adaptation et \u00e9quipe d'assistance comp\u00e9tente. ","application_category":[],"applications_title":"D\u00e9couvrez toute la diversit\u00e9 de tous les outils libres pour le site. ","applications_request_title":"Vous ne trouvez pas le widget n\u00e9cessaire?","applications_request_button_text":"Demander un widget","hero_text":"","hero_video":"","hero_video_schema_markup":"","selling_points_title":"","selling_points_caption":"","selling_points":[],"selling_points_cta_text":"","features_title":"","features":"","ed_cta_examples_text":"","ed_cta_examples_hidden":"","ed_cta_demo_text":"","ed_cta_demo_hidden":"","why_caption":"","why_editor_title":"","why_editor_text":"","why_team_title":"","why_team_text":"","why_service_title":"","why_service_text":"","template_catalog_visible":"","template_catalog_title":"","template_catalog_text":"","template_catalog_categories_visible":"","demo_title":"","demo_caption":"","default_faq_hidden":"","app_template_category":[],"platform":"383","template_public_id":"","codecanyon_url":"","codecanyon_item_id":"","codecanyon_price":"","pricing_caption":"","pricing_elfsight_apps_hide_column":"","pricing_elfsight_apps_url":"","pricing_codecanyon_price_caption":"","integration_category":[],"integration_request_title":"","integration_request_cta":"","integration_platform":"","integrations":[],"platform_category":[],"video_schema_markup":"","price":"","trial":"","benefits":[],"button_url":"","button_target_blank":"","button_nofollow":"","attributes":[],"tags":[],"tags_disable_links":"","hide_more_platforms":"","video_object":"","demo_hide_cta":"","demo_hide_cloud_options":"","pricing_title":"","pricing":[],"related_apps_title":"","related_apps_hidden":"","author":"","image":[],"title":"","job":"","social_networks":[]},"_links":{"self":[{"href":"https:\/\/elfsight.com\/fr\/wp-json\/wp\/v2\/pages\/457","targetHints":{"allow":["GET"]}}],"collection":[{"href":"https:\/\/elfsight.com\/fr\/wp-json\/wp\/v2\/pages"}],"about":[{"href":"https:\/\/elfsight.com\/fr\/wp-json\/wp\/v2\/types\/page"}],"author":[{"embeddable":true,"href":"https:\/\/elfsight.com\/fr\/wp-json\/wp\/v2\/users\/9"}],"replies":[{"embeddable":true,"href":"https:\/\/elfsight.com\/fr\/wp-json\/wp\/v2\/comments?post=457"}],"version-history":[{"count":2,"href":"https:\/\/elfsight.com\/fr\/wp-json\/wp\/v2\/pages\/457\/revisions"}],"predecessor-version":[{"id":459,"href":"https:\/\/elfsight.com\/fr\/wp-json\/wp\/v2\/pages\/457\/revisions\/459"}],"wp:attachment":[{"href":"https:\/\/elfsight.com\/fr\/wp-json\/wp\/v2\/media?parent=457"}],"curies":[{"name":"wp","href":"https:\/\/api.w.org\/{rel}","templated":true}]}}