{"id":4084,"date":"2021-11-26T14:12:28","date_gmt":"2021-11-26T14:12:28","guid":{"rendered":"https:\/\/elfsight.com\/fr\/?page_id=4084"},"modified":"2025-07-10T15:06:35","modified_gmt":"2025-07-10T15:06:35","slug":"wordpress","status":"publish","type":"page","link":"https:\/\/elfsight.com\/fr\/yelp-reviews-widget\/wordpress\/","title":{"rendered":"Yelp Reviews &#8211; WordPress"},"content":{"rendered":"<div class=\"application-platform-content-item-description application-platform-content-item\" id=\"description\" data-nav-section=\"description\"> <h2>Int\u00e9grer les avis Yelp sur WordPress avec le widget Elfsight<\/h2> <p>Elfsight Yelp Reviews est un widget pratique qui vous aidera \u00e0 placer sur votre site Web, des avis sur vos produits ou services \u00e0 partir de publications sur Yelp. Avec ce widget, vous aurez \u00e0 votre disposition plusieurs filtres pour masquer les avis ind\u00e9sirables, vous pourrez afficher vos notes par \u00e9toiles et par num\u00e9ros, ajouter des d\u00e9tails sur les auteurs et int\u00e9grer un bouton qui aidera les visiteurs \u00e0 r\u00e9diger un nouvel avis sur Japper. Le plugin Elfsight pour Yelp Reviews vous aidera \u00e0 afficher une preuve sociale parfaite sur votre site Web et \u00e0 augmenter vos ventes.<\/p><div class=\"faq\" data-component=\"FAQ\"> <div class=\"faq-item\">\r\n\t\t\t\t\t<div class=\"faq-item-question\">\r\n\t\t\t\t\t\t<h3 class=\"faq-item-question-text\">O\u00f9 puis-je ins\u00e9rer le plugin Reviews<\/h3>\r\n\r\n\t\t\t\t\t\t<div class=\"faq-item-question-icon\"><\/div>\r\n\t\t\t\t\t<\/div>\r\n\r\n\t\t\t\t\t<div class=\"faq-item-answer\">\r\n\t\t\t\t\t\t<div class=\"faq-item-answer-text\"> <p>Vous \u00eates libre de coller l&rsquo;avis widget dans n&rsquo;importe quelle page du site, ou ins\u00e9rez-le dans le mod\u00e8le du site, afin qu&rsquo;il soit r\u00e9v\u00e9l\u00e9 sur toutes les pages. Les avis peuvent \u00eatre efficaces sur les pages de produits ou sur la page \u00c0 propos de nous, les endroits o\u00f9 vous souhaitez impressionner les utilisateurs avec votre appr\u00e9ciation \u00e9lev\u00e9e. <\/p><\/div>\r\n\t\t\t\t\t<\/div>\r\n\t\t\t\t<\/div> <div class=\"faq-item\">\r\n\t\t\t\t\t<div class=\"faq-item-question\">\r\n\t\t\t\t\t\t<h3 class=\"faq-item-question-text\">Quels avantages cela peut-il m'apporter ? <\/h3>\r\n\r\n\t\t\t\t\t\t<div class=\"faq-item-question-icon\"><\/div>\r\n\t\t\t\t\t<\/div>\r\n\r\n\t\t\t\t\t<div class=\"faq-item-answer\">\r\n\t\t\t\t\t\t<div class=\"faq-item-answer-text\"> <p>Les avis de personnes r\u00e9elles semblent extr\u00eamement fiables aux visiteurs de votre site et leur indiquent que vous pouvez faire confiance \u00e0 votre entreprise. Une note \u00e9lev\u00e9e et de bonnes critiques peuvent contribuer \u00e0 augmenter les achats sur votre site Web. De plus, le bouton de redirection peut contribuer \u00e0 augmenter le nombre d\u2019avis clients sur votre entreprise sur Yelp. <\/p> <\/div>\r\n\t\t\t\t\t<\/div>\r\n\t\t\t\t<\/div> <div class=\"faq-item\">\r\n\t\t\t\t\t<div class=\"faq-item-question\">\r\n\t\t\t\t\t\t<h3 class=\"faq-item-question-text\">Comment int\u00e9grer les avis du plugin Yelp \u00e0 mon site WordPress ? <\/h3>\r\n\r\n\t\t\t\t\t\t<div class=\"faq-item-question-icon\"><\/div>\r\n\t\t\t\t\t<\/div>\r\n\r\n\t\t\t\t\t<div class=\"faq-item-answer\">\r\n\t\t\t\t\t\t<div class=\"faq-item-answer-text\"> <p>Cela ne prend qu&rsquo;une minute de votre temps pour commencer \u00e0 utiliser le widget. L&rsquo;int\u00e9gration est vraiment rapide, gratuite et sans codage. <\/p> <p>Le plugin Elfsight Reviews peut \u00eatre ins\u00e9r\u00e9 dans votre site soit via notre service, soit via la place de march\u00e9. Ici, vous pouvez conna\u00eetre plus en d\u00e9tail les deux variantes et choisir la v\u00f4tre. <\/p><\/div>\r\n\t\t\t\t\t<\/div>\r\n\t\t\t\t<\/div> <\/div><\/div> <div class=\"application-platform-content-item-features application-platform-content-item\" id=\"features\" data-nav-section=\"features\"> <h2>Principales fonctionnalit\u00e9s du widget Yelp Reviews<\/h2> <p>Pour une meilleure compr\u00e9hension du plugin Reviews, consultez la liste de ses principales caract\u00e9ristiques. Ils rendent notre widget plus efficace pour votre site\u00a0Web\u00a0:<\/p> <ul> <li>Trois filtres disponibles\u00a0: par type, exclusion par et nombre d&rsquo;avis \u00e0 afficher\u00a0; <\/li> <li>Quatre mises en page disponibles\u00a0: liste, grille, ma\u00e7onnerie et curseur\u00a0; <\/li> <li>Une option pour afficher ou masquer l&rsquo;en-t\u00eate du widget\u00a0; <\/li> <li>Le bouton permettant de demander un avis redirige les visiteurs vers la page Yelp\u00a0; <\/li> <li>6 \u00e9l\u00e9ments flexibles du widget\u00a0: nom et photo de l&rsquo;auteur, recommandation, date de partage, ic\u00f4ne Yelp et note par \u00e9toiles\u00a0; <\/li> <li>Deux variantes de sc\u00e9narios apr\u00e8s refus d&rsquo;une demande de r\u00e9vision\u00a0: d\u00e9montrer un message texte ou masquer le bouton. <\/li> <\/ul><p><a href=\"#demo\">Explorez une liste compl\u00e8te des fonctionnalit\u00e9s dans notre d\u00e9mo<\/a><\/p> <\/div> <div class=\"application-platform-content-item-installation application-platform-content-item\" id=\"installation\" data-nav-section=\"installation\"> <h2>D\u00e9couvrez comment ajouter les avis Yelp \u00e0 votre site WordPress<\/h2><div class=\"video-container\"><iframe width=\"720\" height=\"405\" src=\"https:\/\/www.youtube.com\/embed\/ChZg1zoKDzg\" frameborder=\"0\" allowfullscreen=\"\"><\/iframe><\/div><p>Suivez simplement les instructions ci-dessous pour commencer \u00e0 travailler avec le plugin sur WordPress.<\/p> <ol><li><b>G\u00e9rez notre d\u00e9mo gratuite et commencez \u00e0 cr\u00e9er votre instrument sur mesure. <\/b><br> Choisissez la mise en page et les fonctionnalit\u00e9s appropri\u00e9es du plugin Yelp Reviews et appliquez les modifications. <\/li> <li><b>Recevez le code individuel apparaissant dans le formulaire sp\u00e9cial sur Elfsight Apps. <\/b><br> Une fois la configuration de votre outil termin\u00e9e, copiez le code exclusif dans la popup apparue et conservez-le pour une utilisation ult\u00e9rieure. <\/li> <li><b>Commencez l&rsquo;application du plugin sur le site WordPress. <\/b><br> Placez le code que vous avez copi\u00e9 auparavant dans votre site Web et enregistrez les modifications. <\/li> <li><b>L&rsquo;installation est termin\u00e9e avec succ\u00e8s. <\/b><br> Visitez votre site Web pour v\u00e9rifier les performances de l&rsquo;outil. <\/li><\/ol> <p>Toujours instable\u00a0? Ou vous \u00eates tomb\u00e9 sur quelque chose ? \u00c9crivez simplement une demande \u00e0 notre service client et nous vous aiderons pour tout probl\u00e8me.<\/p> <\/div>","protected":false},"excerpt":{"rendered":"","protected":false},"author":17,"featured_media":0,"parent":1899,"menu_order":0,"comment_status":"closed","ping_status":"closed","template":"templates\/template-application-platform.php","meta":{"publish_to_discourse":"","publish_post_category":"","wpdc_auto_publish_overridden":"","wpdc_topic_tags":"","wpdc_pin_topic":"","wpdc_pin_until":"","discourse_post_id":"","discourse_permalink":"","wpdc_publishing_response":"","wpdc_publishing_error":"","footnotes":""},"class_list":["post-4084","page","type-page","status-publish","hentry"],"yoast_head":"<!-- This site is optimized with the Yoast SEO plugin v25.3.1 - https:\/\/yoast.com\/wordpress\/plugins\/seo\/ -->\n<title>Avis Yelp - ajoutez plugin Avis client Yelp sur Wordpress<\/title>\n<meta name=\"description\" content=\"Int\u00e9grez un Avis Yelp avantageux sur votre site. Appliquez la d\u00e9mo d&#039;Elfsight et g\u00e9n\u00e9rez votre plugin en quelques minutes.\" \/>\n<meta name=\"robots\" content=\"index, follow, max-snippet:-1, max-image-preview:large, max-video-preview:-1\" \/>\n<link rel=\"canonical\" href=\"https:\/\/elfsight.com\/fr\/yelp-reviews-widget\/wordpress\/\" \/>\n<meta property=\"og:locale\" content=\"fr_FR\" \/>\n<meta property=\"og:type\" content=\"article\" \/>\n<meta property=\"og:title\" content=\"Avis Yelp - ajoutez plugin Avis client Yelp sur Wordpress\" \/>\n<meta property=\"og:description\" content=\"Int\u00e9grez un Avis Yelp avantageux sur votre site. Appliquez la d\u00e9mo d&#039;Elfsight et g\u00e9n\u00e9rez votre plugin en quelques minutes.\" \/>\n<meta property=\"og:url\" content=\"https:\/\/elfsight.com\/fr\/yelp-reviews-widget\/wordpress\/\" \/>\n<meta property=\"og:site_name\" content=\"Elfsight FR\" \/>\n<meta property=\"article:modified_time\" content=\"2025-07-10T15:06:35+00:00\" \/>\n<meta name=\"twitter:card\" content=\"summary_large_image\" \/>\n<meta name=\"twitter:label1\" content=\"Dur\u00e9e de lecture estim\u00e9e\" \/>\n\t<meta name=\"twitter:data1\" content=\"2 minutes\" \/>\n<!-- \/ Yoast SEO plugin. -->","yoast_head_json":{"title":"Avis Yelp - ajoutez plugin Avis client Yelp sur Wordpress","description":"Int\u00e9grez un Avis Yelp avantageux sur votre site. Appliquez la d\u00e9mo d'Elfsight et g\u00e9n\u00e9rez votre plugin en quelques minutes.","robots":{"index":"index","follow":"follow","max-snippet":"max-snippet:-1","max-image-preview":"max-image-preview:large","max-video-preview":"max-video-preview:-1"},"canonical":"https:\/\/elfsight.com\/fr\/yelp-reviews-widget\/wordpress\/","og_locale":"fr_FR","og_type":"article","og_title":"Avis Yelp - ajoutez plugin Avis client Yelp sur Wordpress","og_description":"Int\u00e9grez un Avis Yelp avantageux sur votre site. Appliquez la d\u00e9mo d'Elfsight et g\u00e9n\u00e9rez votre plugin en quelques minutes.","og_url":"https:\/\/elfsight.com\/fr\/yelp-reviews-widget\/wordpress\/","og_site_name":"Elfsight FR","article_modified_time":"2025-07-10T15:06:35+00:00","twitter_card":"summary_large_image","twitter_misc":{"Dur\u00e9e de lecture estim\u00e9e":"2 minutes"},"schema":{"@context":"https:\/\/schema.org","@graph":[{"@type":"WebPage","@id":"https:\/\/elfsight.com\/fr\/yelp-reviews-widget\/wordpress\/","url":"https:\/\/elfsight.com\/fr\/yelp-reviews-widget\/wordpress\/","name":"Avis Yelp - ajoutez plugin Avis client Yelp sur Wordpress","isPartOf":{"@id":"https:\/\/elfsight.com\/fr\/#website"},"datePublished":"2021-11-26T14:12:28+00:00","dateModified":"2025-07-10T15:06:35+00:00","description":"Int\u00e9grez un Avis Yelp avantageux sur votre site. Appliquez la d\u00e9mo d'Elfsight et g\u00e9n\u00e9rez votre plugin en quelques minutes.","breadcrumb":{"@id":"https:\/\/elfsight.com\/fr\/yelp-reviews-widget\/wordpress\/#breadcrumb"},"inLanguage":"fr-FR","potentialAction":[{"@type":"ReadAction","target":["https:\/\/elfsight.com\/fr\/yelp-reviews-widget\/wordpress\/"]}]},{"@type":"BreadcrumbList","@id":"https:\/\/elfsight.com\/fr\/yelp-reviews-widget\/wordpress\/#breadcrumb","itemListElement":[{"@type":"ListItem","position":1,"name":"Home","item":"https:\/\/elfsight.com\/fr\/"},{"@type":"ListItem","position":2,"name":"Yelp Reviews","item":"https:\/\/elfsight.com\/fr\/yelp-reviews-widget\/"},{"@type":"ListItem","position":3,"name":"Yelp Reviews &#8211; WordPress"}]},{"@type":"WebSite","@id":"https:\/\/elfsight.com\/fr\/#website","url":"https:\/\/elfsight.com\/fr\/","name":"Elfsight FR","description":"","potentialAction":[{"@type":"SearchAction","target":{"@type":"EntryPoint","urlTemplate":"https:\/\/elfsight.com\/fr\/?s={search_term_string}"},"query-input":{"@type":"PropertyValueSpecification","valueRequired":true,"valueName":"search_term_string"}}],"inLanguage":"fr-FR"}]}},"meta_box":{"industry":"","seo_heading":"","heading":"","description":"","cta_heading":"","cta_description":"","application":"1891","h1":"Plugin Avis Yelp pour Wordpress","h1_caption":"Pr\u00e9sentez les avis des clients de Yelp pour renforcer votre cr\u00e9dibilit\u00e9 et fournir sans effort une preuve sociale de votre entreprise sur votre site Web WordPress.","application_category":[],"applications_title":"","applications_request_title":"","applications_request_button_text":"","hero_text":"","hero_video":"","hero_video_schema_markup":"","selling_points_title":"","selling_points_caption":"","selling_points":[],"selling_points_cta_text":"","features_title":"","features":"","ed_cta_examples_text":"","ed_cta_examples_hidden":"","ed_cta_demo_text":"","ed_cta_demo_hidden":"","why_caption":"","why_editor_title":"","why_editor_text":"","why_team_title":"","why_team_text":"","why_service_title":"","why_service_text":"","template_catalog_visible":"","template_catalog_title":"","template_catalog_text":"","template_catalog_categories_visible":"","demo_title":"Cr\u00e9ez votre plugin Yelp Reviews","demo_caption":"Configurez vos avis Yelp et ajoutez-les \u00e0 votre site WordPress gratuitement !","default_faq_hidden":"","app_template_category":[],"platform":"18","template_public_id":"","codecanyon_url":"","codecanyon_item_id":"","codecanyon_price":"","pricing_caption":"","pricing_elfsight_apps_hide_column":"","pricing_elfsight_apps_url":"","pricing_codecanyon_price_caption":"","integration_category":[],"integration_request_title":"","integration_request_cta":"","integration_platform":"","integrations":[],"platform_category":[],"video_schema_markup":"","price":"\u00c0 partir de 0$ par mois","trial":"","benefits":[{"text":"Installation gratuite"},{"text":"Support Premium"},{"text":"Garantie de remboursement de 14 jours"},{"text":"L'am\u00e9lioration continue"}],"button_url":"#demo","button_target_blank":"0","button_nofollow":"0","attributes":[{"name":"Nombre d'installations","content":"1,000 - 5,000","_state":"expanded"},{"name":"Adaptif","content":"Oui","_state":"expanded"},{"name":"Navigateurs compatibles","content":"Firefox, Safari, Opera, Chrome, Edge","_state":"expanded"}],"tags":[],"tags_disable_links":"0","hide_more_platforms":"","video_object":"","demo_hide_cta":"0","demo_hide_cloud_options":"0","pricing_title":"","pricing":[{"pricing_icon":"platform","pricing_title":"Applications d'Elfsight","pricing_title_caption":"Solution num\u00e9rique multiplateforme qui fonctionne sur n'importe quel site","pricing_price":"\u00c0 partir de $0\/mois","pricing_price_caption":"Commencez avec un plan gratuit","pricing_benefits":[{"text":"Sites Web illimit\u00e9s"},{"text":"\u00c9quipe d'assistance professionnelle"},{"text":"Service d'installation gratuit"},{"text":"100% personnalisable"}],"pricing_button_text":"Ajouter au site Web","pricing_button_url":"https:\/\/apps.elfsight.com\/sign-up\/","pricing_button_nofollow":"1","_state":"expanded"}],"related_apps_title":"","related_apps_hidden":"1","author":"","image":[],"title":"","job":"","social_networks":[]},"_links":{"self":[{"href":"https:\/\/elfsight.com\/fr\/wp-json\/wp\/v2\/pages\/4084","targetHints":{"allow":["GET"]}}],"collection":[{"href":"https:\/\/elfsight.com\/fr\/wp-json\/wp\/v2\/pages"}],"about":[{"href":"https:\/\/elfsight.com\/fr\/wp-json\/wp\/v2\/types\/page"}],"author":[{"embeddable":true,"href":"https:\/\/elfsight.com\/fr\/wp-json\/wp\/v2\/users\/17"}],"replies":[{"embeddable":true,"href":"https:\/\/elfsight.com\/fr\/wp-json\/wp\/v2\/comments?post=4084"}],"version-history":[{"count":2,"href":"https:\/\/elfsight.com\/fr\/wp-json\/wp\/v2\/pages\/4084\/revisions"}],"predecessor-version":[{"id":14587,"href":"https:\/\/elfsight.com\/fr\/wp-json\/wp\/v2\/pages\/4084\/revisions\/14587"}],"up":[{"embeddable":true,"href":"https:\/\/elfsight.com\/fr\/wp-json\/wp\/v2\/pages\/1899"}],"wp:attachment":[{"href":"https:\/\/elfsight.com\/fr\/wp-json\/wp\/v2\/media?parent=4084"}],"curies":[{"name":"wp","href":"https:\/\/api.w.org\/{rel}","templated":true}]}}