{"id":4080,"date":"2021-11-26T14:10:43","date_gmt":"2021-11-26T14:10:43","guid":{"rendered":"https:\/\/elfsight.com\/fr\/?page_id=4080"},"modified":"2025-07-10T14:07:13","modified_gmt":"2025-07-10T14:07:13","slug":"wordpress","status":"publish","type":"page","link":"https:\/\/elfsight.com\/fr\/vimeo-video-gallery-widget\/wordpress\/","title":{"rendered":"Vimeo Gallery &#8211; WordPress"},"content":{"rendered":"<div class=\"application-platform-content-item-description application-platform-content-item\" id=\"description\" data-nav-section=\"description\"><h2>Int\u00e9grez Vimeo Gallery sur WordPress avec le widget Elfsight<\/h2><p>Elfsight Vimeo Gallery est un instrument simple pour tous ceux qui souhaitent int\u00e9grer Vid\u00e9os Vimeo sur le site. Vous avez la possibilit\u00e9 de cr\u00e9er des listes de lecture, d&rsquo;int\u00e9grer une cha\u00eene et de s\u00e9lectionner le contenu vid\u00e9o le plus attrayant pour votre galerie vid\u00e9o et autres. Le widget Elfsight poss\u00e8de des fonctionnalit\u00e9s de conception bien pens\u00e9es, qui aident \u00e0 adapter l&rsquo;interface \u00e0 divers cas d&rsquo;utilisation. Les mises en page int\u00e9gr\u00e9es aident \u00e0 organiser le contenu de mani\u00e8re optimale\u00a0; une vari\u00e9t\u00e9 de modes de lecture rendront le visionnage de vid\u00e9os confortable quelle que soit la mise en page. Avec l&rsquo;en-t\u00eate, vous pouvez annoncer votre cha\u00eene et obtenir de nouveaux abonn\u00e9s. Le plugin Elfsight Vimeo est un moyen simple non seulement d&rsquo;augmenter l&rsquo;engagement, mais \u00e9galement de promouvoir votre entreprise. <\/p> <div class=\"faq\" data-component=\"FAQ\"><div class=\"faq-item\">\r\n\t\t\t\t\t<div class=\"faq-item-question\">\r\n\t\t\t\t\t\t<h3 class=\"faq-item-question-text\">Comment puis-je ajouter une galerie Vimeo \u00e0 mon site WordPress ? <\/h3>\r\n\r\n\t\t\t\t\t\t<div class=\"faq-item-question-icon\"><\/div>\r\n\t\t\t\t\t<\/div>\r\n\r\n\t\t\t\t\t<div class=\"faq-item-answer\">\r\n\t\t\t\t\t\t<div class=\"faq-item-answer-text\"><p>La r\u00e9alisation de l&rsquo;outil s&rsquo;effectue au sein du service Elfsight et vous n&rsquo;avez pas besoin de coder. Utilisez la d\u00e9mo en direct pour concevoir votre propre application, obtenez le code et int\u00e9grez-le dans votre site Web. <\/p><\/div>\r\n\t\t\t\t\t<\/div>\r\n\t\t\t\t<\/div><div class=\"faq-item\">\r\n\t\t\t\t\t<div class=\"faq-item-question\">\r\n\t\t\t\t\t\t<h3 class=\"faq-item-question-text\">Les meilleures fa\u00e7ons d'utiliser l'int\u00e9gration du plugin Vimeo Video<\/h3>\r\n\r\n\t\t\t\t\t\t<div class=\"faq-item-question-icon\"><\/div>\r\n\t\t\t\t\t<\/div>\r\n\r\n\t\t\t\t\t<div class=\"faq-item-answer\">\r\n\t\t\t\t\t\t<div class=\"faq-item-answer-text\"><p>Nous disposons d&rsquo;une multitude de possibilit\u00e9s de personnalisation\u00a0: des widgets pleine taille \u00e0 ajouter dans la zone de contenu , des plugins flottants pour la fonction de d\u00e9filement, des vignettes pour le pied de page de votre site Web, l&rsquo;en-t\u00eate et toutes les variantes d&rsquo;options verticales pour les barres lat\u00e9rales et les menus du site Web. <\/p><\/div>\r\n\t\t\t\t\t<\/div>\r\n\t\t\t\t<\/div><div class=\"faq-item\">\r\n\t\t\t\t\t<div class=\"faq-item-question\">\r\n\t\t\t\t\t\t<h3 class=\"faq-item-question-text\">Puis-je cr\u00e9er un portfolio Vimeo ou un diaporama vid\u00e9o par l'interm\u00e9diaire de votre \u00e9diteur ? <\/h3>\r\n\r\n\t\t\t\t\t\t<div class=\"faq-item-question-icon\"><\/div>\r\n\t\t\t\t\t<\/div>\r\n\r\n\t\t\t\t\t<div class=\"faq-item-answer\">\r\n\t\t\t\t\t\t<div class=\"faq-item-answer-text\"><p>Vous \u00eates invit\u00e9s \u00e0 apporter des modifications \u00e0 n&rsquo;importe quel widget. De nombreuses mises en page sont \u00e0 votre disposition dans l&rsquo;\u00e9diteur, et toutes peuvent \u00eatre facilement personnalis\u00e9es selon vos besoins. <\/p><\/div>\r\n\t\t\t\t\t<\/div>\r\n\t\t\t\t<\/div><\/div><\/div><div class=\"application-platform-content-item-features application-platform-content-item\" id=\"features\" data-nav-section=\"features\"><h2>Principales fonctionnalit\u00e9s du widget Vimeo Gallery<\/h2><p>Pour avoir une meilleure perception du plugin, consulter la liste de ses principales fonctions. Ils rendent notre widget plus efficace pour vous\u00a0: <\/p><ul><li>La possibilit\u00e9 d&rsquo;afficher des mises en page pour diff\u00e9rentes mani\u00e8res d&rsquo;organiser les vid\u00e9os\u00a0: Grille, Playlist, Slider\u00a0; <\/li><li>Sept d\u00e9tails flexibles de l&rsquo;en-t\u00eate du widget\u00a0: nom, statistiques, description, bouton de suivi, ic\u00f4ne de profil\u00a0; <\/li><li>Quatre modes de lecture pr\u00eats \u00e0 l&#8217;emploi\u00a0: Popup, Player, Inline ou sur Vimeo\u00a0; <\/li><li>Trois sc\u00e9narios apr\u00e8s la fin de la vid\u00e9o\u00a0: lecture suivante, relecture, aucun\u00a0; <\/li><\/ul><p><a href=\"#demo\">Pour d\u00e9couvrir plus de fonctionnalit\u00e9s, consultez notre d\u00e9mo en direct<\/a><\/p><\/div><div class=\"application-platform-content-item-installation application-platform-content-item\" id=\"installation\" data-nav-section=\"installation\"><h2>Comment int\u00e9grer une vid\u00e9o Vimeo sur un site Web WordPress<\/h2><div class=\"video-container\"><iframe width=\"720\" height=\"405\" src=\"https:\/\/www.youtube.com\/embed\/T2eheWXiVTI\" frameborder=\"0\" allowfullscreen=\"\"><\/iframe><\/div><p>Remplissez simplement les instructions ci-dessous pour ajouter le plugin sur WordPress.<\/p> <ol><li><b>Ouvrir notre \u00e9diteur gratuit et commencez \u00e0 cr\u00e9er votre plugin personnalis\u00e9. <\/b><br> Sp\u00e9cifiez l&rsquo;interface personnalis\u00e9e et les sp\u00e9cifications du widget et appliquez les modifications. <\/li> <li><b>Acqu\u00e9rez votre code individuel qui est affich\u00e9 dans le formulaire sp\u00e9cial sur les applications Elfsight. <\/b><br> Juste apr\u00e8s la personnalisation de votre galerie Vimeo personnelle, copiez le code personnel dans la fen\u00eatre qui appara\u00eet et enregistrez-le pour une utilisation ult\u00e9rieure. <\/li> <li><b>Commencez l&rsquo;application de l&rsquo;outil sur le site WordPress. <\/b><br> Impl\u00e9mentez le code que vous avez enregistr\u00e9 auparavant dans votre site Web et enregistrez les corrections. <\/li> <li><b>Vous avez termin\u00e9\u00a0! L&rsquo;int\u00e9gration est enti\u00e8rement termin\u00e9e. <\/b><br> Visitez votre site pour v\u00e9rifier les performances du plugin. <\/li><\/ol> <p>Vous n&rsquo;arrivez toujours pas \u00e0 prendre une d\u00e9cision\u00a0? Ou vous \u00eates tomb\u00e9 sur quelque chose ? \u00c9crivez simplement une demande \u00e0 notre service client, nous r\u00e9glerons toute question. <\/p><\/div>","protected":false},"excerpt":{"rendered":"","protected":false},"author":17,"featured_media":0,"parent":1455,"menu_order":0,"comment_status":"closed","ping_status":"closed","template":"templates\/template-application-platform.php","meta":{"publish_to_discourse":"","publish_post_category":"","wpdc_auto_publish_overridden":"","wpdc_topic_tags":"","wpdc_pin_topic":"","wpdc_pin_until":"","discourse_post_id":"","discourse_permalink":"","wpdc_publishing_response":"","wpdc_publishing_error":"","footnotes":""},"class_list":["post-4080","page","type-page","status-publish","hentry"],"yoast_head":"<!-- This site is optimized with the Yoast SEO plugin v25.3.1 - https:\/\/yoast.com\/wordpress\/plugins\/seo\/ -->\n<title>Vim\u00e9o Gallerie - ajoutez plugin Flux Vimeo sur Wordpress<\/title>\n<meta name=\"description\" content=\"Int\u00e9grez un Vim\u00e9o Gallerie attractif sur votre site. Utilisez la d\u00e9mo d&#039;Elfsight et g\u00e9n\u00e9rez votre plugin en 2 minutes.\" \/>\n<meta name=\"robots\" content=\"index, follow, max-snippet:-1, max-image-preview:large, max-video-preview:-1\" \/>\n<link rel=\"canonical\" href=\"https:\/\/elfsight.com\/fr\/vimeo-video-gallery-widget\/wordpress\/\" \/>\n<meta property=\"og:locale\" content=\"fr_FR\" \/>\n<meta property=\"og:type\" content=\"article\" \/>\n<meta property=\"og:title\" content=\"Vim\u00e9o Gallerie - ajoutez plugin Flux Vimeo sur Wordpress\" \/>\n<meta property=\"og:description\" content=\"Int\u00e9grez un Vim\u00e9o Gallerie attractif sur votre site. Utilisez la d\u00e9mo d&#039;Elfsight et g\u00e9n\u00e9rez votre plugin en 2 minutes.\" \/>\n<meta property=\"og:url\" content=\"https:\/\/elfsight.com\/fr\/vimeo-video-gallery-widget\/wordpress\/\" \/>\n<meta property=\"og:site_name\" content=\"Elfsight FR\" \/>\n<meta property=\"article:modified_time\" content=\"2025-07-10T14:07:13+00:00\" \/>\n<meta name=\"twitter:card\" content=\"summary_large_image\" \/>\n<meta name=\"twitter:label1\" content=\"Dur\u00e9e de lecture estim\u00e9e\" \/>\n\t<meta name=\"twitter:data1\" content=\"2 minutes\" \/>\n<!-- \/ Yoast SEO plugin. -->","yoast_head_json":{"title":"Vim\u00e9o Gallerie - ajoutez plugin Flux Vimeo sur Wordpress","description":"Int\u00e9grez un Vim\u00e9o Gallerie attractif sur votre site. Utilisez la d\u00e9mo d'Elfsight et g\u00e9n\u00e9rez votre plugin en 2 minutes.","robots":{"index":"index","follow":"follow","max-snippet":"max-snippet:-1","max-image-preview":"max-image-preview:large","max-video-preview":"max-video-preview:-1"},"canonical":"https:\/\/elfsight.com\/fr\/vimeo-video-gallery-widget\/wordpress\/","og_locale":"fr_FR","og_type":"article","og_title":"Vim\u00e9o Gallerie - ajoutez plugin Flux Vimeo sur Wordpress","og_description":"Int\u00e9grez un Vim\u00e9o Gallerie attractif sur votre site. Utilisez la d\u00e9mo d'Elfsight et g\u00e9n\u00e9rez votre plugin en 2 minutes.","og_url":"https:\/\/elfsight.com\/fr\/vimeo-video-gallery-widget\/wordpress\/","og_site_name":"Elfsight FR","article_modified_time":"2025-07-10T14:07:13+00:00","twitter_card":"summary_large_image","twitter_misc":{"Dur\u00e9e de lecture estim\u00e9e":"2 minutes"},"schema":{"@context":"https:\/\/schema.org","@graph":[{"@type":"WebPage","@id":"https:\/\/elfsight.com\/fr\/vimeo-video-gallery-widget\/wordpress\/","url":"https:\/\/elfsight.com\/fr\/vimeo-video-gallery-widget\/wordpress\/","name":"Vim\u00e9o Gallerie - ajoutez plugin Flux Vimeo sur Wordpress","isPartOf":{"@id":"https:\/\/elfsight.com\/fr\/#website"},"datePublished":"2021-11-26T14:10:43+00:00","dateModified":"2025-07-10T14:07:13+00:00","description":"Int\u00e9grez un Vim\u00e9o Gallerie attractif sur votre site. Utilisez la d\u00e9mo d'Elfsight et g\u00e9n\u00e9rez votre plugin en 2 minutes.","breadcrumb":{"@id":"https:\/\/elfsight.com\/fr\/vimeo-video-gallery-widget\/wordpress\/#breadcrumb"},"inLanguage":"fr-FR","potentialAction":[{"@type":"ReadAction","target":["https:\/\/elfsight.com\/fr\/vimeo-video-gallery-widget\/wordpress\/"]}]},{"@type":"BreadcrumbList","@id":"https:\/\/elfsight.com\/fr\/vimeo-video-gallery-widget\/wordpress\/#breadcrumb","itemListElement":[{"@type":"ListItem","position":1,"name":"Home","item":"https:\/\/elfsight.com\/fr\/"},{"@type":"ListItem","position":2,"name":"Vimeo Gallery","item":"https:\/\/elfsight.com\/fr\/vimeo-video-gallery-widget\/"},{"@type":"ListItem","position":3,"name":"Vimeo Gallery &#8211; WordPress"}]},{"@type":"WebSite","@id":"https:\/\/elfsight.com\/fr\/#website","url":"https:\/\/elfsight.com\/fr\/","name":"Elfsight FR","description":"","potentialAction":[{"@type":"SearchAction","target":{"@type":"EntryPoint","urlTemplate":"https:\/\/elfsight.com\/fr\/?s={search_term_string}"},"query-input":{"@type":"PropertyValueSpecification","valueRequired":true,"valueName":"search_term_string"}}],"inLanguage":"fr-FR"}]}},"meta_box":{"industry":"","seo_heading":"","heading":"","description":"","cta_heading":"","cta_description":"","application":"1449","h1":"Plugin Vim\u00e9o Gallerie pour Wordpress","h1_caption":"Int\u00e9grez une galerie de vid\u00e9os Vimeo, offrant un moyen transparent de pr\u00e9senter votre contenu vid\u00e9o sur votre site Web WordPress sans effort.","application_category":[],"applications_title":"","applications_request_title":"","applications_request_button_text":"","hero_text":"","hero_video":"","hero_video_schema_markup":"","selling_points_title":"","selling_points_caption":"","selling_points":[],"selling_points_cta_text":"","features_title":"","features":"","ed_cta_examples_text":"","ed_cta_examples_hidden":"","ed_cta_demo_text":"","ed_cta_demo_hidden":"","why_caption":"","why_editor_title":"","why_editor_text":"","why_team_title":"","why_team_text":"","why_service_title":"","why_service_text":"","template_catalog_visible":"","template_catalog_title":"","template_catalog_text":"","template_catalog_categories_visible":"","demo_title":"Cr\u00e9ez votre plugin Galerie Vimeo","demo_caption":"Configurez votre galerie Vimeo et ajoutez-la \u00e0 votre site WordPress gratuitement !","default_faq_hidden":"","app_template_category":[],"platform":"18","template_public_id":"","codecanyon_url":"","codecanyon_item_id":"","codecanyon_price":"","pricing_caption":"","pricing_elfsight_apps_hide_column":"","pricing_elfsight_apps_url":"","pricing_codecanyon_price_caption":"","integration_category":[],"integration_request_title":"","integration_request_cta":"","integration_platform":"","integrations":[],"platform_category":[],"video_schema_markup":"","price":"\u00c0 partir de 0$ par mois","trial":"","benefits":[{"text":"Installation gratuite"},{"text":"Support Premium"},{"text":"Garantie de remboursement de 14 jours"},{"text":"L'am\u00e9lioration continue"}],"button_url":"#demo","button_target_blank":"0","button_nofollow":"0","attributes":[{"name":"Nombre d'installations","content":"1,000 - 5,000","_state":"expanded"},{"name":"Adaptif","content":"Oui","_state":"expanded"},{"name":"Navigateurs compatibles","content":"Firefox, Safari, Opera, Chrome, Edge","_state":"expanded"}],"tags":[],"tags_disable_links":"0","hide_more_platforms":"","video_object":"","demo_hide_cta":"0","demo_hide_cloud_options":"0","pricing_title":"","pricing":[{"pricing_icon":"platform","pricing_title":"Applications d'Elfsight","pricing_title_caption":"Solution num\u00e9rique multiplateforme qui fonctionne sur n'importe quel site","pricing_price":"\u00c0 partir de $0\/mois","pricing_price_caption":"Commencez avec un plan gratuit","pricing_benefits":[{"text":"Sites Web illimit\u00e9s"},{"text":"\u00c9quipe d'assistance professionnelle"},{"text":"Service d'installation gratuit"},{"text":"100% personnalisable"}],"pricing_button_text":"Ajouter au site Web","pricing_button_url":"https:\/\/apps.elfsight.com\/sign-up\/","pricing_button_nofollow":"1","_state":"expanded"}],"related_apps_title":"","related_apps_hidden":"1","author":"","image":[],"title":"","job":"","social_networks":[]},"_links":{"self":[{"href":"https:\/\/elfsight.com\/fr\/wp-json\/wp\/v2\/pages\/4080","targetHints":{"allow":["GET"]}}],"collection":[{"href":"https:\/\/elfsight.com\/fr\/wp-json\/wp\/v2\/pages"}],"about":[{"href":"https:\/\/elfsight.com\/fr\/wp-json\/wp\/v2\/types\/page"}],"author":[{"embeddable":true,"href":"https:\/\/elfsight.com\/fr\/wp-json\/wp\/v2\/users\/17"}],"replies":[{"embeddable":true,"href":"https:\/\/elfsight.com\/fr\/wp-json\/wp\/v2\/comments?post=4080"}],"version-history":[{"count":2,"href":"https:\/\/elfsight.com\/fr\/wp-json\/wp\/v2\/pages\/4080\/revisions"}],"predecessor-version":[{"id":14917,"href":"https:\/\/elfsight.com\/fr\/wp-json\/wp\/v2\/pages\/4080\/revisions\/14917"}],"up":[{"embeddable":true,"href":"https:\/\/elfsight.com\/fr\/wp-json\/wp\/v2\/pages\/1455"}],"wp:attachment":[{"href":"https:\/\/elfsight.com\/fr\/wp-json\/wp\/v2\/media?parent=4080"}],"curies":[{"name":"wp","href":"https:\/\/api.w.org\/{rel}","templated":true}]}}