{"id":4058,"date":"2021-11-26T13:59:11","date_gmt":"2021-11-26T13:59:11","guid":{"rendered":"https:\/\/elfsight.com\/fr\/?page_id=4058"},"modified":"2026-01-15T10:53:11","modified_gmt":"2026-01-15T10:53:11","slug":"wordpress","status":"publish","type":"page","link":"https:\/\/elfsight.com\/fr\/rss-feed-widget\/wordpress\/","title":{"rendered":"RSS Feed &#8211; WordPress"},"content":{"rendered":"<div class=\"application-platform-content-item-description application-platform-content-item\" id=\"description\" data-nav-section=\"description\"> <h2>Int\u00e9grer un flux RSS sur WordPress avec le widget Elfsight<\/h2> <p>Elfsight RSS Feed pour WordPress est un plugin unique pour le marketing des \u00e9motions et exp\u00e9riences. En l&rsquo;utilisant, vous pouvez concevoir un flux personnalis\u00e9 compos\u00e9 du contenu de divers sites d&rsquo;information et l&rsquo;afficher directement sur votre site Web. Exercez un contr\u00f4le complet sur un contenu d\u00e9montr\u00e9 et d\u00e9barrassez-vous du spam et de tout contenu involontaire via la mod\u00e9ration manuelle. L&rsquo;\u00e9diteur en ligne enti\u00e8rement r\u00e9actif vous propose des mod\u00e8les vari\u00e9s \u00e0 choisir. <\/p> <p><b>Essayez d&rsquo;utiliser le flux RSS pour atteindre vos objectifs commerciaux plus rapidement\u00a0! <\/b><\/p> <\/div> <div class=\"application-platform-content-item-features application-platform-content-item\" id=\"features\" data-nav-section=\"features\"> <h2>Le widget offre des fonctionnalit\u00e9s pratiques et simples, visualisez-en quelques-unes\u00a0: <\/h2> <ul><li>Masquer la section d&rsquo;en-t\u00eate pour donner \u00e0 votre outil un aspect minimaliste. <\/li><li>\u00c9liminez tout spam et tout contenu ind\u00e9sirable gr\u00e2ce \u00e0 la mod\u00e9ration manuelle. <\/li><li>Choisissez l&rsquo;une des 6 mises en page pr\u00e9sentes\u00a0: Collage, Grille, Ma\u00e7onnerie, Carrousel, Liste, Slider. <\/li><li>Affichez vos publications dans un mode pop-up. <\/li><\/ul><p><a href=\"#demo\">Cochez simplement cette d\u00e9mo pour voir ce que vaut le widget<\/a><\/p> <\/div> <div class=\"application-platform-content-item-installation application-platform-content-item\" id=\"installation\" data-nav-section=\"installation\"> <h2>Comment puis-je ajouter un flux RSS sur mon site WordPress\u00a0? <\/h2> <div class=\"video-container\">\n<iframe width=\"720\" height=\"405\" src=\"https:\/\/www.youtube.com\/embed\/7qtMuKUh0S8?si=3hYq7Yp-2QYnKTlm\" frameborder=\"0\" allowfullscreen=\"\"><\/iframe>\n<\/div><p>Appliquez simplement les instructions ci-dessous pour ajouter le plugin. <\/p> <ol><li><b>R\u00e9alisez notre d\u00e9mo gratuite et commencez \u00e0 cr\u00e9er votre propre plugin. <\/b><br> Recherchez la disposition et les fonctionnalit\u00e9s s\u00e9lectionn\u00e9es du widget et appliquez les corrections. <\/li> <li><b>Recevez le code personnel affich\u00e9 dans le formulaire sp\u00e9cial sur Elfsight Apps. <\/b><br> Juste apr\u00e8s la cr\u00e9ation de votre widget, copiez le code individuel de la fen\u00eatre contextuelle qui appara\u00eet et conservez-le pour une utilisation ult\u00e9rieure. <\/li> <li><b>Commencez l&rsquo;application du widget sur votre site WordPress. <\/b><br> Placez le code enregistr\u00e9 pr\u00e9c\u00e9demment dans votre site Web et appliquez les am\u00e9liorations. <\/li> <li><b>L&rsquo;installation est termin\u00e9e avec succ\u00e8s. <\/b><br> Visitez votre site Web pour voir comment fonctionne le widget. <\/li><\/ol> <p>\u00c0 condition de r\u00e9pondre \u00e0 des demandes ou de rencontrer des difficult\u00e9s, n&rsquo;h\u00e9sitez pas \u00e0 faire appel \u00e0 notre \u00e9quipe d&rsquo;assistance. Nos collaborateurs sont d\u00e9sireux de r\u00e9soudre toutes les difficult\u00e9s que vous pourriez rencontrer avec le produit. <\/p> <\/div><div class=\"faq\" data-component=\"FAQ\"><div class=\"faq-item\">\r\n\t\t\t\t\t<div class=\"faq-item-question\">\r\n\t\t\t\t\t\t<h3 class=\"faq-item-question-text\">Existe-t-il une m\u00e9thode pour ajouter un flux RSS \u00e0 mon site WordPress sans comp\u00e9tences en codage ?<\/h3>\r\n\r\n\t\t\t\t\t\t<div class=\"faq-item-question-icon\"><\/div>\r\n\t\t\t\t\t<\/div>\r\n\r\n\t\t\t\t\t<div class=\"faq-item-answer\">\r\n\t\t\t\t\t\t<div class=\"faq-item-answer-text\"><p>La soci\u00e9t\u00e9 Elfsight pr\u00e9sente une solution SaaS qui permet \u00e0 un large public de cr\u00e9er vous-m\u00eame une section de flux RSS, consultez les instructions simples\u00a0: <\/p><ul><li>Acc\u00e9dez \u00e0 la d\u00e9mo en ligne pour cr\u00e9er une application de flux RSS que vous souhaitez voir appara\u00eetre sur le site Web WordPress.<\/li><li>Choisissez l&rsquo;un des mod\u00e8les pr\u00e9d\u00e9finis et modifiez les param\u00e8tres du flux RSS, changez la mise en page et le sch\u00e9ma de couleurs, incluez votre contenu sans aucune connaissance en codage.<\/li><li>Enregistrez le flux RSS et copiez son code d&rsquo;installation, qui peut \u00eatre facilement coll\u00e9 sur votre site WordPress sans acheter de forfait payant.<\/li><\/ul><p>En travaillant dans l&rsquo;\u00e9diteur convivial, chaque utilisateur Web peut g\u00e9n\u00e9rer un plugin de flux RSS en ligne et l&rsquo;inclure dans sa page Web WordPress. Il n\u2019est pas n\u00e9cessaire de payer ou de saisir les donn\u00e9es de votre carte pour acc\u00e9der \u00e0 notre service. Si vous rencontrez des probl\u00e8mes de quelque nature que ce soit, contactez notre support technique client.<\/p><\/div>\r\n\t\t\t\t\t<\/div>\r\n\t\t\t\t<\/div><\/div>","protected":false},"excerpt":{"rendered":"","protected":false},"author":17,"featured_media":0,"parent":3330,"menu_order":0,"comment_status":"closed","ping_status":"closed","template":"templates\/template-application-platform.php","meta":{"publish_to_discourse":"","publish_post_category":"","wpdc_auto_publish_overridden":"","wpdc_topic_tags":"","wpdc_pin_topic":"","wpdc_pin_until":"","discourse_post_id":"","discourse_permalink":"","wpdc_publishing_response":"","wpdc_publishing_error":"","footnotes":""},"class_list":["post-4058","page","type-page","status-publish","hentry"],"yoast_head":"<!-- This site is optimized with the Yoast SEO plugin v25.3.1 - https:\/\/yoast.com\/wordpress\/plugins\/seo\/ -->\n<title>Flux RSS - ajoutez plugin G\u00e9n\u00e9rateur de flux RSS sur Wordpress<\/title>\n<meta name=\"description\" content=\"Int\u00e9grez un Flux RSS avantageux sur votre site. Utilisez la d\u00e9mo d&#039;Elfsight et g\u00e9n\u00e9rez votre plugin en quelques minutes.\" \/>\n<meta name=\"robots\" content=\"index, follow, max-snippet:-1, max-image-preview:large, max-video-preview:-1\" \/>\n<link rel=\"canonical\" href=\"https:\/\/elfsight.com\/fr\/rss-feed-widget\/wordpress\/\" \/>\n<meta property=\"og:locale\" content=\"fr_FR\" \/>\n<meta property=\"og:type\" content=\"article\" \/>\n<meta property=\"og:title\" content=\"Flux RSS - ajoutez plugin G\u00e9n\u00e9rateur de flux RSS sur Wordpress\" \/>\n<meta property=\"og:description\" content=\"Int\u00e9grez un Flux RSS avantageux sur votre site. Utilisez la d\u00e9mo d&#039;Elfsight et g\u00e9n\u00e9rez votre plugin en quelques minutes.\" \/>\n<meta property=\"og:url\" content=\"https:\/\/elfsight.com\/fr\/rss-feed-widget\/wordpress\/\" \/>\n<meta property=\"og:site_name\" content=\"Elfsight FR\" \/>\n<meta property=\"article:modified_time\" content=\"2026-01-15T10:53:11+00:00\" \/>\n<meta name=\"twitter:card\" content=\"summary_large_image\" \/>\n<meta name=\"twitter:label1\" content=\"Dur\u00e9e de lecture estim\u00e9e\" \/>\n\t<meta name=\"twitter:data1\" content=\"3 minutes\" \/>\n<!-- \/ Yoast SEO plugin. -->","yoast_head_json":{"title":"Flux RSS - ajoutez plugin G\u00e9n\u00e9rateur de flux RSS sur Wordpress","description":"Int\u00e9grez un Flux RSS avantageux sur votre site. Utilisez la d\u00e9mo d'Elfsight et g\u00e9n\u00e9rez votre plugin en quelques minutes.","robots":{"index":"index","follow":"follow","max-snippet":"max-snippet:-1","max-image-preview":"max-image-preview:large","max-video-preview":"max-video-preview:-1"},"canonical":"https:\/\/elfsight.com\/fr\/rss-feed-widget\/wordpress\/","og_locale":"fr_FR","og_type":"article","og_title":"Flux RSS - ajoutez plugin G\u00e9n\u00e9rateur de flux RSS sur Wordpress","og_description":"Int\u00e9grez un Flux RSS avantageux sur votre site. Utilisez la d\u00e9mo d'Elfsight et g\u00e9n\u00e9rez votre plugin en quelques minutes.","og_url":"https:\/\/elfsight.com\/fr\/rss-feed-widget\/wordpress\/","og_site_name":"Elfsight FR","article_modified_time":"2026-01-15T10:53:11+00:00","twitter_card":"summary_large_image","twitter_misc":{"Dur\u00e9e de lecture estim\u00e9e":"3 minutes"},"schema":{"@context":"https:\/\/schema.org","@graph":[{"@type":"WebPage","@id":"https:\/\/elfsight.com\/fr\/rss-feed-widget\/wordpress\/","url":"https:\/\/elfsight.com\/fr\/rss-feed-widget\/wordpress\/","name":"Flux RSS - ajoutez plugin G\u00e9n\u00e9rateur de flux RSS sur Wordpress","isPartOf":{"@id":"https:\/\/elfsight.com\/fr\/#website"},"datePublished":"2021-11-26T13:59:11+00:00","dateModified":"2026-01-15T10:53:11+00:00","description":"Int\u00e9grez un Flux RSS avantageux sur votre site. Utilisez la d\u00e9mo d'Elfsight et g\u00e9n\u00e9rez votre plugin en quelques minutes.","breadcrumb":{"@id":"https:\/\/elfsight.com\/fr\/rss-feed-widget\/wordpress\/#breadcrumb"},"inLanguage":"fr-FR","potentialAction":[{"@type":"ReadAction","target":["https:\/\/elfsight.com\/fr\/rss-feed-widget\/wordpress\/"]}]},{"@type":"BreadcrumbList","@id":"https:\/\/elfsight.com\/fr\/rss-feed-widget\/wordpress\/#breadcrumb","itemListElement":[{"@type":"ListItem","position":1,"name":"Home","item":"https:\/\/elfsight.com\/fr\/"},{"@type":"ListItem","position":2,"name":"RSS Feed","item":"https:\/\/elfsight.com\/fr\/rss-feed-widget\/"},{"@type":"ListItem","position":3,"name":"RSS Feed &#8211; WordPress"}]},{"@type":"WebSite","@id":"https:\/\/elfsight.com\/fr\/#website","url":"https:\/\/elfsight.com\/fr\/","name":"Elfsight FR","description":"","potentialAction":[{"@type":"SearchAction","target":{"@type":"EntryPoint","urlTemplate":"https:\/\/elfsight.com\/fr\/?s={search_term_string}"},"query-input":{"@type":"PropertyValueSpecification","valueRequired":true,"valueName":"search_term_string"}}],"inLanguage":"fr-FR"}]}},"meta_box":{"industry":"","seo_heading":"","heading":"","description":"","cta_heading":"","cta_description":"","application":"3329","h1":"Plugin Flux RSS pour Wordpress","h1_caption":"Affichez le contenu de n'importe quel site Web d'actualit\u00e9s sur votre site via le flux RSS en 1-2-3 !","application_category":[],"applications_title":"","applications_request_title":"","applications_request_button_text":"","hero_text":"","hero_video":"","hero_video_schema_markup":"","selling_points_title":"","selling_points_caption":"","selling_points":[],"selling_points_cta_text":"","features_title":"","features":"","ed_cta_examples_text":"","ed_cta_examples_hidden":"","ed_cta_demo_text":"","ed_cta_demo_hidden":"","why_caption":"","why_editor_title":"","why_editor_text":"","why_team_title":"","why_team_text":"","why_service_title":"","why_service_text":"","template_catalog_visible":"0","template_catalog_title":"","template_catalog_text":"","template_catalog_categories_visible":"","demo_title":"Cr\u00e9ez votre plugin de flux RSS","demo_caption":"Configurez votre flux RSS et ajoutez-le gratuitement \u00e0 votre site WordPress !","default_faq_hidden":"","app_template_category":[],"platform":"18","template_public_id":"","codecanyon_url":"","codecanyon_item_id":"","codecanyon_price":"","pricing_caption":"","pricing_elfsight_apps_hide_column":"","pricing_elfsight_apps_url":"","pricing_codecanyon_price_caption":"","integration_category":[],"integration_request_title":"","integration_request_cta":"","integration_platform":"","integrations":[],"platform_category":[],"video_schema_markup":"","price":"\u00c0 partir de 0$ par mois","trial":"","benefits":[{"text":"Installation gratuite"},{"text":"Support Premium"},{"text":"Garantie de remboursement de 14 jours"},{"text":"L'am\u00e9lioration continue"}],"button_url":"#demo","button_target_blank":"0","button_nofollow":"0","attributes":[{"name":"Nombre d'installations","content":"1,000 - 5,000","_state":"expanded"},{"name":"Adaptif","content":"Oui","_state":"expanded"},{"name":"Navigateurs compatibles","content":"Firefox, Safari, Opera, Chrome, Edge","_state":"expanded"}],"tags":[],"tags_disable_links":"0","hide_more_platforms":"0","video_object":"","demo_hide_cta":"0","demo_hide_cloud_options":"0","pricing_title":"","pricing":[{"pricing_icon":"platform","pricing_title":"Applications d'Elfsight","pricing_title_caption":"Solution num\u00e9rique multiplateforme qui fonctionne sur n'importe quel site","pricing_price":"\u00c0 partir de $0\/mois","pricing_price_caption":"Commencez avec un plan gratuit","pricing_benefits":[{"text":"Sites Web illimit\u00e9s"},{"text":"\u00c9quipe d'assistance professionnelle"},{"text":"Service d'installation gratuit"},{"text":"100% personnalisable"}],"pricing_button_text":"Ajouter au site Web","pricing_button_url":"https:\/\/apps.elfsight.com\/sign-up\/","pricing_button_nofollow":"1","_state":"expanded"}],"related_apps_title":"","related_apps_hidden":"1","author":"","image":[],"title":"","job":"","social_networks":[]},"_links":{"self":[{"href":"https:\/\/elfsight.com\/fr\/wp-json\/wp\/v2\/pages\/4058","targetHints":{"allow":["GET"]}}],"collection":[{"href":"https:\/\/elfsight.com\/fr\/wp-json\/wp\/v2\/pages"}],"about":[{"href":"https:\/\/elfsight.com\/fr\/wp-json\/wp\/v2\/types\/page"}],"author":[{"embeddable":true,"href":"https:\/\/elfsight.com\/fr\/wp-json\/wp\/v2\/users\/17"}],"replies":[{"embeddable":true,"href":"https:\/\/elfsight.com\/fr\/wp-json\/wp\/v2\/comments?post=4058"}],"version-history":[{"count":3,"href":"https:\/\/elfsight.com\/fr\/wp-json\/wp\/v2\/pages\/4058\/revisions"}],"predecessor-version":[{"id":16782,"href":"https:\/\/elfsight.com\/fr\/wp-json\/wp\/v2\/pages\/4058\/revisions\/16782"}],"up":[{"embeddable":true,"href":"https:\/\/elfsight.com\/fr\/wp-json\/wp\/v2\/pages\/3330"}],"wp:attachment":[{"href":"https:\/\/elfsight.com\/fr\/wp-json\/wp\/v2\/media?parent=4058"}],"curies":[{"name":"wp","href":"https:\/\/api.w.org\/{rel}","templated":true}]}}