{"id":4056,"date":"2021-11-26T13:58:53","date_gmt":"2021-11-26T13:58:53","guid":{"rendered":"https:\/\/elfsight.com\/fr\/?page_id=4056"},"modified":"2025-07-10T13:15:01","modified_gmt":"2025-07-10T13:15:01","slug":"wordpress","status":"publish","type":"page","link":"https:\/\/elfsight.com\/fr\/restaurant-menu-widget\/wordpress\/","title":{"rendered":"Restaurant Menu &#8211; WordPress"},"content":{"rendered":"<div class=\"application-platform-content-item-description application-platform-content-item\" id=\"description\" data-nav-section=\"description\"> <h2>Int\u00e9grer le menu du restaurant sur la plateforme avec le widget Elfsight<\/h2><p>Le menu du restaurant Elfsight est le moyen le plus rapide d&rsquo;informer votre public de votre cuisine, des fonctionnalit\u00e9s originales et attirez-les avec des photos de nourriture s\u00e9duisantes. Le plugin est plut\u00f4t convivial et vous pouvez cr\u00e9er n&rsquo;importe quelle quantit\u00e9 de menus avec un grand nombre de sections ou d&rsquo;\u00e9l\u00e9ments. Choisissez un sch\u00e9ma clair ou sombre ou personnalisez les \u00e9l\u00e9ments de votre choix en repeignant toutes les couleurs d&rsquo;accent. De plus, votre carte peut toujours \u00eatre \u00e0 jour : une tarification correcte, une liste de plats, ajouter de nouveaux plats ou m\u00eame des menus en un clic ! Fini les menus pr\u00eats \u00e0 imprimer que vous devez cr\u00e9er d\u00e8s le d\u00e9part <\/p> <p><b>Essayez Restaurant Menu pour atteindre vos objectifs commerciaux avec moins d&rsquo;effort\u00a0! Avec l&rsquo;aide du menu sur votre page Web, vous pouvez avoir plus de visiteurs et atteindre une croissance durable et une augmentation des ventes\u00a0!<\/b><\/p> <\/div> <div class=\"application-platform-content-item-features application-platform-content-item\" id=\"features\" data-nav-section=\"features\"> <h2>Ce ne sont que quelques-uns des les diff\u00e9rentes fonctionnalit\u00e9s du widget\u00a0: <\/h2> <ul><li>Plugin facile \u00e0 g\u00e9rer, m\u00eame pour les utilisateurs non-technologiques <\/li><li>Quantit\u00e9 personnalis\u00e9e de menus, sections ou \u00e9l\u00e9ments, organis\u00e9s par des mises en page \u00e9l\u00e9gantes <\/li> <li>Il vous suffit de mettre \u00e0 jour le menu et tous ses \u00e9l\u00e9ments \u00e0 tout moment\u00a0: prix, plats et boissons de saison, etc. <\/li><li> Ajoutez des informations suppl\u00e9mentaires d\u00e9taill\u00e9es sur les \u00e9l\u00e9ments, notamment des ic\u00f4nes, des \u00e9l\u00e9ments nutritionnels et des badges <\/li><li>D\u00e9finissez des images app\u00e9tissantes pour les \u00e9l\u00e9ments et affichez-les m\u00eame dans une vue contextuelle <\/li><li>Personnalisez et repeignez tous les \u00e9l\u00e9ments\u00a0: texte, jeu de couleurs et ic\u00f4nes <\/li><\/ul><p><a href=\"#demo\">Testez toutes les fonctionnalit\u00e9s de personnalisation dans une d\u00e9mo enti\u00e8rement fonctionnelle<\/a><\/p> <\/div> <div class=\"application-platform-content-item-installation application-platform-content-item\" id=\"installation\" data-nav-section=\"installation\"> <h2>Comment puis-je ajouter un menu de restaurant \u00e0 mon site WordPress\u00a0? <\/h2><div class=\"video-container\"><iframe width=\"720\" height=\"405\" src=\"https:\/\/www.youtube.com\/embed\/RRdaLwePJR8\" frameborder=\"0\" allowfullscreen=\"\"><\/iframe><\/div><p>Suivez simplement quelques \u00e9tapes pr\u00e9sent\u00e9es ci-dessous pour int\u00e9grer l&rsquo;outil\u00a0: <\/p> <ol><li><b>G\u00e9rez notre \u00e9diteur gratuit et commencez \u00e0 cr\u00e9er votre plugin personnalis\u00e9 . <\/b><br> Sp\u00e9cifiez la forme et les fonctionnalit\u00e9s pr\u00e9f\u00e9rables du plugin et appliquez toutes les modifications. <\/li> <li><b>Acqu\u00e9rez votre code personnel qui est affich\u00e9 dans le formulaire sp\u00e9cial sur Elfsight Apps. <\/b><br> D\u00e8s que la configuration de votre plugin personnel est termin\u00e9e, copiez votre code dans la fen\u00eatre qui appara\u00eet et enregistrez-le pour une prochaine occasion. <\/li> <li><b>Commencez \u00e0 utiliser le plugin sur votre site WordPress. <\/b><br> Saisissez le code copi\u00e9 r\u00e9cemment dans votre page et appliquez les modifications. <\/li> <li><b>L&rsquo;installation s&rsquo;est termin\u00e9e avec succ\u00e8s. <\/b><br> Visitez votre site pour voir en action comment fonctionne le plugin. <\/li><\/ol><p>Si vous rencontrez des complications, n&rsquo;h\u00e9sitez pas \u00e0 \u00e9crire \u00e0 notre \u00e9quipe d&rsquo;assistance. Nos sp\u00e9cialistes se feront un plaisir de r\u00e9soudre tous les probl\u00e8mes que vous pourriez rencontrer avec l&rsquo;outil. <\/p> <div class=\"faq\" data-component=\"FAQ\"><div class=\"faq-item\">\r\n\t\t\t\t\t<div class=\"faq-item-question\">\r\n\t\t\t\t\t\t<h3 class=\"faq-item-question-text\">Comment ajouter un menu de restaurant \u00e0 mon site WordPress sans exp\u00e9rience en codage ?<\/h3>\r\n\r\n\t\t\t\t\t\t<div class=\"faq-item-question-icon\"><\/div>\r\n\t\t\t\t\t<\/div>\r\n\r\n\t\t\t\t\t<div class=\"faq-item-answer\">\r\n\t\t\t\t\t\t<div class=\"faq-item-answer-text\"> <p>La soci\u00e9t\u00e9 Elfsight propose une solution SaaS qui permet \u00e0 un large public de cr\u00e9er vous-m\u00eame une application de menu de restaurant, regardez comme c&rsquo;est simple : acc\u00e9dez \u00e0 l&rsquo;\u00e9diteur en ligne pour cr\u00e9er une section de menu de restaurant que vous souhaitez int\u00e9grer sur votre site WordPress. Choisissez l&rsquo;un des nombreux mod\u00e8les pr\u00eats \u00e0 l&#8217;emploi et modifiez les param\u00e8tres du menu du restaurant, ajoutez votre contenu, modifiez la mise en page et les couleurs sans aucune exp\u00e9rience de codage. Enregistrez le menu du restaurant et copiez son code pour l&rsquo;installation, qui peut \u00eatre inclus gratuitement dans la page Web WordPress. En travaillant dans notre \u00e9diteur convivial, tout internaute peut cr\u00e9er un menu de restaurant en ligne et l&rsquo;ajouter sans effort \u00e0 n&rsquo;importe quelle page Web WordPress. Vous ne devez pas payer ni saisir les donn\u00e9es de votre carte pour acc\u00e9der \u00e0 notre \u00e9diteur. Si vous rencontrez des probl\u00e8mes de quelque nature que ce soit, n&rsquo;h\u00e9sitez pas \u00e0 contacter notre \u00e9quipe d&rsquo;assistance technique.<\/p> <\/div>\r\n\t\t\t\t\t<\/div>\r\n\t\t\t\t<\/div> <\/div><\/div>","protected":false},"excerpt":{"rendered":"","protected":false},"author":17,"featured_media":0,"parent":2842,"menu_order":0,"comment_status":"closed","ping_status":"closed","template":"templates\/template-application-platform.php","meta":{"publish_to_discourse":"","publish_post_category":"","wpdc_auto_publish_overridden":"","wpdc_topic_tags":"","wpdc_pin_topic":"","wpdc_pin_until":"","discourse_post_id":"","discourse_permalink":"","wpdc_publishing_response":"","wpdc_publishing_error":"","footnotes":""},"class_list":["post-4056","page","type-page","status-publish","hentry"],"yoast_head":"<!-- This site is optimized with the Yoast SEO plugin v25.3.1 - https:\/\/yoast.com\/wordpress\/plugins\/seo\/ -->\n<title>Menu restaurante - ajoutez plugin Plugin Menu sur Wordpress<\/title>\n<meta name=\"description\" content=\"Int\u00e9grez un Menu restaurante attractif sur votre site. Utilisez la d\u00e9mo d&#039;Elfsight et g\u00e9n\u00e9rez votre plugin en quelques minutes.\" \/>\n<meta name=\"robots\" content=\"index, follow, max-snippet:-1, max-image-preview:large, max-video-preview:-1\" \/>\n<link rel=\"canonical\" href=\"https:\/\/elfsight.com\/fr\/restaurant-menu-widget\/wordpress\/\" \/>\n<meta property=\"og:locale\" content=\"fr_FR\" \/>\n<meta property=\"og:type\" content=\"article\" \/>\n<meta property=\"og:title\" content=\"Menu restaurante - ajoutez plugin Plugin Menu sur Wordpress\" \/>\n<meta property=\"og:description\" content=\"Int\u00e9grez un Menu restaurante attractif sur votre site. Utilisez la d\u00e9mo d&#039;Elfsight et g\u00e9n\u00e9rez votre plugin en quelques minutes.\" \/>\n<meta property=\"og:url\" content=\"https:\/\/elfsight.com\/fr\/restaurant-menu-widget\/wordpress\/\" \/>\n<meta property=\"og:site_name\" content=\"Elfsight FR\" \/>\n<meta property=\"article:modified_time\" content=\"2025-07-10T13:15:01+00:00\" \/>\n<meta name=\"twitter:card\" content=\"summary_large_image\" \/>\n<meta name=\"twitter:label1\" content=\"Dur\u00e9e de lecture estim\u00e9e\" \/>\n\t<meta name=\"twitter:data1\" content=\"2 minutes\" \/>\n<!-- \/ Yoast SEO plugin. -->","yoast_head_json":{"title":"Menu restaurante - ajoutez plugin Plugin Menu sur Wordpress","description":"Int\u00e9grez un Menu restaurante attractif sur votre site. Utilisez la d\u00e9mo d'Elfsight et g\u00e9n\u00e9rez votre plugin en quelques minutes.","robots":{"index":"index","follow":"follow","max-snippet":"max-snippet:-1","max-image-preview":"max-image-preview:large","max-video-preview":"max-video-preview:-1"},"canonical":"https:\/\/elfsight.com\/fr\/restaurant-menu-widget\/wordpress\/","og_locale":"fr_FR","og_type":"article","og_title":"Menu restaurante - ajoutez plugin Plugin Menu sur Wordpress","og_description":"Int\u00e9grez un Menu restaurante attractif sur votre site. Utilisez la d\u00e9mo d'Elfsight et g\u00e9n\u00e9rez votre plugin en quelques minutes.","og_url":"https:\/\/elfsight.com\/fr\/restaurant-menu-widget\/wordpress\/","og_site_name":"Elfsight FR","article_modified_time":"2025-07-10T13:15:01+00:00","twitter_card":"summary_large_image","twitter_misc":{"Dur\u00e9e de lecture estim\u00e9e":"2 minutes"},"schema":{"@context":"https:\/\/schema.org","@graph":[{"@type":"WebPage","@id":"https:\/\/elfsight.com\/fr\/restaurant-menu-widget\/wordpress\/","url":"https:\/\/elfsight.com\/fr\/restaurant-menu-widget\/wordpress\/","name":"Menu restaurante - ajoutez plugin Plugin Menu sur Wordpress","isPartOf":{"@id":"https:\/\/elfsight.com\/fr\/#website"},"datePublished":"2021-11-26T13:58:53+00:00","dateModified":"2025-07-10T13:15:01+00:00","description":"Int\u00e9grez un Menu restaurante attractif sur votre site. Utilisez la d\u00e9mo d'Elfsight et g\u00e9n\u00e9rez votre plugin en quelques minutes.","breadcrumb":{"@id":"https:\/\/elfsight.com\/fr\/restaurant-menu-widget\/wordpress\/#breadcrumb"},"inLanguage":"fr-FR","potentialAction":[{"@type":"ReadAction","target":["https:\/\/elfsight.com\/fr\/restaurant-menu-widget\/wordpress\/"]}]},{"@type":"BreadcrumbList","@id":"https:\/\/elfsight.com\/fr\/restaurant-menu-widget\/wordpress\/#breadcrumb","itemListElement":[{"@type":"ListItem","position":1,"name":"Home","item":"https:\/\/elfsight.com\/fr\/"},{"@type":"ListItem","position":2,"name":"Restaurant Menu","item":"https:\/\/elfsight.com\/fr\/restaurant-menu-widget\/"},{"@type":"ListItem","position":3,"name":"Restaurant Menu &#8211; WordPress"}]},{"@type":"WebSite","@id":"https:\/\/elfsight.com\/fr\/#website","url":"https:\/\/elfsight.com\/fr\/","name":"Elfsight FR","description":"","potentialAction":[{"@type":"SearchAction","target":{"@type":"EntryPoint","urlTemplate":"https:\/\/elfsight.com\/fr\/?s={search_term_string}"},"query-input":{"@type":"PropertyValueSpecification","valueRequired":true,"valueName":"search_term_string"}}],"inLanguage":"fr-FR"}]}},"meta_box":{"industry":"","seo_heading":"","heading":"","description":"","cta_heading":"","cta_description":"","application":"2836","h1":"Plugin Menu restaurante pour Wordpress","h1_caption":"Pr\u00e9sentez le menu de votre restaurant dans un format visuellement attrayant, facile \u00e0 mettre \u00e0 jour et convivial sur votre site Web WordPress sans effort.","application_category":[],"applications_title":"","applications_request_title":"","applications_request_button_text":"","hero_text":"","hero_video":"","hero_video_schema_markup":"","selling_points_title":"","selling_points_caption":"","selling_points":[],"selling_points_cta_text":"","features_title":"","features":"","ed_cta_examples_text":"","ed_cta_examples_hidden":"","ed_cta_demo_text":"","ed_cta_demo_hidden":"","why_caption":"","why_editor_title":"","why_editor_text":"","why_team_title":"","why_team_text":"","why_service_title":"","why_service_text":"","template_catalog_visible":"","template_catalog_title":"","template_catalog_text":"","template_catalog_categories_visible":"","demo_title":"Cr\u00e9ez votre plugin Menu de Restaurant","demo_caption":"Configurez votre menu de restaurant et ajoutez-le \u00e0 votre site WordPress gratuitement !","default_faq_hidden":"","app_template_category":[],"platform":"18","template_public_id":"","codecanyon_url":"","codecanyon_item_id":"","codecanyon_price":"","pricing_caption":"","pricing_elfsight_apps_hide_column":"","pricing_elfsight_apps_url":"","pricing_codecanyon_price_caption":"","integration_category":[],"integration_request_title":"","integration_request_cta":"","integration_platform":"","integrations":[],"platform_category":[],"video_schema_markup":"","price":"\u00c0 partir de 0$ par mois","trial":"","benefits":[{"text":"Installation gratuite"},{"text":"Support Premium"},{"text":"Garantie de remboursement de 14 jours"},{"text":"L'am\u00e9lioration continue"}],"button_url":"#demo","button_target_blank":"0","button_nofollow":"0","attributes":[{"name":"Nombre d'installations","content":"1,000 - 5,000","_state":"expanded"},{"name":"Adaptif","content":"Oui","_state":"expanded"},{"name":"Navigateurs compatibles","content":"Firefox, Safari, Opera, Chrome, Edge","_state":"expanded"}],"tags":[],"tags_disable_links":"0","hide_more_platforms":"","video_object":"","demo_hide_cta":"0","demo_hide_cloud_options":"0","pricing_title":"","pricing":[{"pricing_icon":"platform","pricing_title":"Applications d'Elfsight","pricing_title_caption":"Solution num\u00e9rique multiplateforme qui fonctionne sur n'importe quel site","pricing_price":"\u00c0 partir de $0\/mois","pricing_price_caption":"Commencez avec un plan gratuit","pricing_benefits":[{"text":"Sites Web illimit\u00e9s"},{"text":"\u00c9quipe d'assistance professionnelle"},{"text":"Service d'installation gratuit"},{"text":"100% personnalisable"}],"pricing_button_text":"Ajouter au site Web","pricing_button_url":"https:\/\/apps.elfsight.com\/sign-up\/","pricing_button_nofollow":"1","_state":"expanded"}],"related_apps_title":"","related_apps_hidden":"1","author":"","image":[],"title":"","job":"","social_networks":[]},"_links":{"self":[{"href":"https:\/\/elfsight.com\/fr\/wp-json\/wp\/v2\/pages\/4056","targetHints":{"allow":["GET"]}}],"collection":[{"href":"https:\/\/elfsight.com\/fr\/wp-json\/wp\/v2\/pages"}],"about":[{"href":"https:\/\/elfsight.com\/fr\/wp-json\/wp\/v2\/types\/page"}],"author":[{"embeddable":true,"href":"https:\/\/elfsight.com\/fr\/wp-json\/wp\/v2\/users\/17"}],"replies":[{"embeddable":true,"href":"https:\/\/elfsight.com\/fr\/wp-json\/wp\/v2\/comments?post=4056"}],"version-history":[{"count":2,"href":"https:\/\/elfsight.com\/fr\/wp-json\/wp\/v2\/pages\/4056\/revisions"}],"predecessor-version":[{"id":14560,"href":"https:\/\/elfsight.com\/fr\/wp-json\/wp\/v2\/pages\/4056\/revisions\/14560"}],"up":[{"embeddable":true,"href":"https:\/\/elfsight.com\/fr\/wp-json\/wp\/v2\/pages\/2842"}],"wp:attachment":[{"href":"https:\/\/elfsight.com\/fr\/wp-json\/wp\/v2\/media?parent=4056"}],"curies":[{"name":"wp","href":"https:\/\/api.w.org\/{rel}","templated":true}]}}