{"id":4054,"date":"2021-11-26T13:58:40","date_gmt":"2021-11-26T13:58:40","guid":{"rendered":"https:\/\/elfsight.com\/fr\/?page_id=4054"},"modified":"2024-12-19T10:57:21","modified_gmt":"2024-12-19T10:57:21","slug":"wordpress","status":"publish","type":"page","link":"https:\/\/elfsight.com\/fr\/radio-player-widget\/wordpress\/","title":{"rendered":"Radio Player &#8211; WordPress"},"content":{"rendered":"\n<div class=\"application-platform-content-item-description application-platform-content-item\" id=\"description\" data-nav-section=\"description\"> <h2>Int\u00e9grer Radio Player sur WordPress avec le widget Elfsight<\/h2> <p>Elfsight Live Player est un plugin de streaming simple vous donnant la possibilit\u00e9 de \u00e9coutez des stations de radio directement sur votre site Web. Le widget est remarquablement personnalisable\u00a0: vous pouvez modifier sa position, le placer n&rsquo;importe o\u00f9 sur la page, modifier sa taille, repeindre l&rsquo;arri\u00e8re-plan et d&rsquo;autres \u00e9l\u00e9ments pour le m\u00e9langer au style de votre site, appliquer une palette de couleurs sombres, d\u00e9montrer des couvertures et d\u00e9montrer ou masquer 3 autres \u00e9l\u00e9ments. parties du joueur, par exemple, titre, statut et plus encore. Ajoutez autant de stations que vous le souhaitez pour ravir vos visiteurs, activez l&rsquo;option de lecture automatique et n&rsquo;ayez aucun doute : votre audience ne quittera pas votre site imm\u00e9diatement ! <\/p> <p><b>Fournissez \u00e0 vos visiteurs une toute nouvelle source de contenu utile et engageant en utilisant Streaming Radio Player pour WordPress.<\/b><\/p> <\/div> <div class=\"application-platform-content-item-features application-platform-content-item\" id=\"features\" data-nav-section=\"features\"> <h2>Ce ne sont l\u00e0 que quelques-unes des nombreuses fonctionnalit\u00e9s du plugin\u00a0:<\/h2> <ul><li>De nombreuses modifications de couleurs. <\/li><li>Jeu de couleurs sombres\/claires. <\/li><li>2 mises en page pr\u00eates \u00e0 l&#8217;emploi. <\/li><li>Possibilit\u00e9 d&rsquo;ajouter une image de fond. <\/li><li>Ajoutez un nombre illimit\u00e9 de stations<\/li><\/ul><p><a href=\"#demo\">Essayez simplement cette d\u00e9mo pour voir comment cela fonctionne<\/a><\/p> <\/div> <div class=\"application-platform-content-item-installation application-platform-content-item\" id=\"installation\" data-nav-section=\"installation\"> <h2>Comment ajouter le plugin Live Radio Player au site WordPress\u00a0?<\/h2><div class=\"video-container\"><iframe width=\"720\" height=\"405\" src=\"https:\/\/www.youtube.com\/embed\/uyaX025ORVE\" frameborder=\"0\" allowfullscreen=\"\"><\/iframe><\/div><p>Suivez simplement plusieurs \u00e9tapes d\u00e9crites ci-dessous pour int\u00e9grer le widget. <\/p> <ol><li><b>Ouvrez notre \u00e9diteur gratuit et commencez \u00e0 cr\u00e9er votre propre plugin. <\/b><br> D\u00e9terminez la disposition et les performances appropri\u00e9es du plugin et appliquez toutes les corrections. <\/li> <li><b>Obtenez le code individuel r\u00e9v\u00e9l\u00e9 dans la bo\u00eete sur les applications Elfsight. <\/b><br> Juste une fois la configuration de votre plugin termin\u00e9e, copiez votre code dans la fen\u00eatre qui appara\u00eet et conservez-le pour une utilisation future. <\/li> <li><b>Commencez \u00e0 utiliser le plugin sur le site WordPress. <\/b><br> Impl\u00e9mentez le code enregistr\u00e9 r\u00e9cemment dans votre page Web et appliquez les corrections. <\/li> <li><b>Vous avez termin\u00e9\u00a0! La configuration est enti\u00e8rement effectu\u00e9e. <\/b><br> Visitez votre page Web pour voir en action le fonctionnement du plugin. <\/li><\/ol><p>En cas de questions ou de probl\u00e8mes, n&rsquo;h\u00e9sitez pas \u00e0 vous adresser \u00e0 notre service client. Nos sp\u00e9cialistes ont h\u00e2te de vous aider avec tous les probl\u00e8mes que vous pourriez rencontrer avec le widget. <\/p> <div class=\"faq\" data-component=\"FAQ\"><div class=\"faq-item\">\r\n\t\t\t\t\t<div class=\"faq-item-question\">\r\n\t\t\t\t\t\t<h3 class=\"faq-item-question-text\">Comment puis-je int\u00e9grer un plugin Radio Player pour WordPress sur mon site Web sans comp\u00e9tences en codage ?<\/h3>\r\n\r\n\t\t\t\t\t\t<div class=\"faq-item-question-icon\"><\/div>\r\n\t\t\t\t\t<\/div>\r\n\r\n\t\t\t\t\t<div class=\"faq-item-answer\">\r\n\t\t\t\t\t\t<div class=\"faq-item-answer-text\"><p>Elfsight fournit une solution bas\u00e9e sur le cloud qui permet aux utilisateurs de cr\u00e9er un plugin Radio Player. pour WordPress eux-m\u00eames. D\u00e9couvrez \u00e0 quel point le processus est simple\u00a0:<\/p><ul><li>Acc\u00e9dez \u00e0 l&rsquo;\u00e9diteur en ligne pour g\u00e9n\u00e9rer un plugin Radio Player pour la section WordPress que vous souhaitez int\u00e9grer \u00e0 votre site Web.<\/li><li>Choisissez l&rsquo;un des nos mod\u00e8les pr\u00e9d\u00e9finis et personnalisez les param\u00e8tres du plugin Radio Player pour WordPress, modifiez la mise en page et la palette de couleurs, incluez votre contenu sans aucun besoin de codage.<\/li><li>Enregistrez les param\u00e8tres que vous avez configur\u00e9s pour le plugin Radio Player pour WordPress et obtenez le code pour int\u00e9grer le plugin, qui peut \u00eatre ajout\u00e9 sans effort et gratuitement \u00e0 votre site Web.<\/li><\/ul><p>En travaillant dans l&rsquo;\u00e9diteur convivial, tout internaute peut cr\u00e9er une radio Plugin Player pour la section WordPress et int\u00e9grez-le dans leur site Web. Il n&rsquo;y a aucune exigence de paiement ou de divulgation des informations de votre carte pour acc\u00e9der \u00e0 l&rsquo;\u00e9diteur Elfsight. Si vous rencontrez des difficult\u00e9s \u00e0 un moment donn\u00e9, n&rsquo;h\u00e9sitez pas \u00e0 contacter notre service client.<\/p><\/div>\r\n\t\t\t\t\t<\/div>\r\n\t\t\t\t<\/div><\/div><\/div>\n","protected":false},"excerpt":{"rendered":"","protected":false},"author":17,"featured_media":0,"parent":2723,"menu_order":0,"comment_status":"closed","ping_status":"closed","template":"templates\/template-application-platform.php","meta":{"publish_to_discourse":"","publish_post_category":"","wpdc_auto_publish_overridden":"","wpdc_topic_tags":"","wpdc_pin_topic":"","wpdc_pin_until":"","discourse_post_id":"","discourse_permalink":"","wpdc_publishing_response":"","wpdc_publishing_error":"","footnotes":""},"class_list":["post-4054","page","type-page","status-publish","hentry"],"yoast_head":"<!-- This site is optimized with the Yoast SEO plugin v25.3.1 - https:\/\/yoast.com\/wordpress\/plugins\/seo\/ -->\n<title>Lecteur radio - ajoutez plugin Radio en ligne sur Wordpress<\/title>\n<meta name=\"description\" content=\"Int\u00e9grez un Lecteur radio avantageux sur votre site. Utilisez la d\u00e9mo d&#039;Elfsight et g\u00e9n\u00e9rez votre plugin en deux minutes.\" \/>\n<meta name=\"robots\" content=\"index, follow, max-snippet:-1, max-image-preview:large, max-video-preview:-1\" \/>\n<link rel=\"canonical\" href=\"https:\/\/elfsight.com\/fr\/radio-player-widget\/wordpress\/\" \/>\n<meta property=\"og:locale\" content=\"fr_FR\" \/>\n<meta property=\"og:type\" content=\"article\" \/>\n<meta property=\"og:title\" content=\"Lecteur radio - ajoutez plugin Radio en ligne sur Wordpress\" \/>\n<meta property=\"og:description\" content=\"Int\u00e9grez un Lecteur radio avantageux sur votre site. Utilisez la d\u00e9mo d&#039;Elfsight et g\u00e9n\u00e9rez votre plugin en deux minutes.\" \/>\n<meta property=\"og:url\" content=\"https:\/\/elfsight.com\/fr\/radio-player-widget\/wordpress\/\" \/>\n<meta property=\"og:site_name\" content=\"Elfsight FR\" \/>\n<meta property=\"article:modified_time\" content=\"2024-12-19T10:57:21+00:00\" \/>\n<meta name=\"twitter:card\" content=\"summary_large_image\" \/>\n<meta name=\"twitter:label1\" content=\"Dur\u00e9e de lecture estim\u00e9e\" \/>\n\t<meta name=\"twitter:data1\" content=\"3 minutes\" \/>\n<!-- \/ Yoast SEO plugin. -->","yoast_head_json":{"title":"Lecteur radio - ajoutez plugin Radio en ligne sur Wordpress","description":"Int\u00e9grez un Lecteur radio avantageux sur votre site. Utilisez la d\u00e9mo d'Elfsight et g\u00e9n\u00e9rez votre plugin en deux minutes.","robots":{"index":"index","follow":"follow","max-snippet":"max-snippet:-1","max-image-preview":"max-image-preview:large","max-video-preview":"max-video-preview:-1"},"canonical":"https:\/\/elfsight.com\/fr\/radio-player-widget\/wordpress\/","og_locale":"fr_FR","og_type":"article","og_title":"Lecteur radio - ajoutez plugin Radio en ligne sur Wordpress","og_description":"Int\u00e9grez un Lecteur radio avantageux sur votre site. Utilisez la d\u00e9mo d'Elfsight et g\u00e9n\u00e9rez votre plugin en deux minutes.","og_url":"https:\/\/elfsight.com\/fr\/radio-player-widget\/wordpress\/","og_site_name":"Elfsight FR","article_modified_time":"2024-12-19T10:57:21+00:00","twitter_card":"summary_large_image","twitter_misc":{"Dur\u00e9e de lecture estim\u00e9e":"3 minutes"},"schema":{"@context":"https:\/\/schema.org","@graph":[{"@type":"WebPage","@id":"https:\/\/elfsight.com\/fr\/radio-player-widget\/wordpress\/","url":"https:\/\/elfsight.com\/fr\/radio-player-widget\/wordpress\/","name":"Lecteur radio - ajoutez plugin Radio en ligne sur Wordpress","isPartOf":{"@id":"https:\/\/elfsight.com\/fr\/#website"},"datePublished":"2021-11-26T13:58:40+00:00","dateModified":"2024-12-19T10:57:21+00:00","description":"Int\u00e9grez un Lecteur radio avantageux sur votre site. Utilisez la d\u00e9mo d'Elfsight et g\u00e9n\u00e9rez votre plugin en deux minutes.","breadcrumb":{"@id":"https:\/\/elfsight.com\/fr\/radio-player-widget\/wordpress\/#breadcrumb"},"inLanguage":"fr-FR","potentialAction":[{"@type":"ReadAction","target":["https:\/\/elfsight.com\/fr\/radio-player-widget\/wordpress\/"]}]},{"@type":"BreadcrumbList","@id":"https:\/\/elfsight.com\/fr\/radio-player-widget\/wordpress\/#breadcrumb","itemListElement":[{"@type":"ListItem","position":1,"name":"Home","item":"https:\/\/elfsight.com\/fr\/"},{"@type":"ListItem","position":2,"name":"Radio Player","item":"https:\/\/elfsight.com\/fr\/radio-player-widget\/"},{"@type":"ListItem","position":3,"name":"Radio Player &#8211; WordPress"}]},{"@type":"WebSite","@id":"https:\/\/elfsight.com\/fr\/#website","url":"https:\/\/elfsight.com\/fr\/","name":"Elfsight FR","description":"","potentialAction":[{"@type":"SearchAction","target":{"@type":"EntryPoint","urlTemplate":"https:\/\/elfsight.com\/fr\/?s={search_term_string}"},"query-input":{"@type":"PropertyValueSpecification","valueRequired":true,"valueName":"search_term_string"}}],"inLanguage":"fr-FR"}]}},"meta_box":{"industry":"","seo_heading":"","heading":"","description":"","cta_heading":"","cta_description":"","application":"2722","h1":"Plugin Lecteur radio pour Wordpress","h1_caption":"Ajoutez un flux radio en direct \u00e0 votre site Web avec un lecteur personnalisable qui adapte facilement votre image de marque \u00e0 votre site Web WordPress.","application_category":[],"applications_title":"","applications_request_title":"","applications_request_button_text":"","hero_text":"","hero_video":"","hero_video_schema_markup":"","selling_points_title":"","selling_points_caption":"","selling_points":[],"selling_points_cta_text":"","features_title":"","features":"","ed_cta_examples_text":"","ed_cta_examples_hidden":"","ed_cta_demo_text":"","ed_cta_demo_hidden":"","why_caption":"","why_editor_title":"","why_editor_text":"","why_team_title":"","why_team_text":"","why_service_title":"","why_service_text":"","template_catalog_visible":"0","template_catalog_title":"","template_catalog_text":"","template_catalog_categories_visible":"","demo_title":"Cr\u00e9ez votre plugin Radio Player","demo_caption":"Configurez votre Radio Player et ajoutez-le gratuitement \u00e0 votre site WordPress !","default_faq_hidden":"","app_template_category":[],"platform":"18","template_public_id":"","codecanyon_url":"","codecanyon_item_id":"","codecanyon_price":"","pricing_caption":"","pricing_elfsight_apps_hide_column":"","pricing_elfsight_apps_url":"","pricing_codecanyon_price_caption":"","integration_category":[],"integration_request_title":"","integration_request_cta":"","integration_platform":"","integrations":[],"platform_category":[],"video_schema_markup":"","price":"\u00c0 partir de 0$ par mois","trial":"","benefits":[{"text":"Installation gratuite"},{"text":"Support Premium"},{"text":"Garantie de remboursement de 14 jours"},{"text":"L'am\u00e9lioration continue"}],"button_url":"#demo","button_target_blank":"0","button_nofollow":"0","attributes":[{"name":"Nombre d'installations","content":"1,000 - 5,000","_state":"expanded"},{"name":"Adaptif","content":"Oui","_state":"expanded"},{"name":"Navigateurs compatibles","content":"Firefox, Safari, Opera, Chrome, Edge","_state":"expanded"}],"tags":[],"tags_disable_links":"0","hide_more_platforms":"","video_object":"","demo_hide_cta":"0","demo_hide_cloud_options":"0","pricing_title":"","pricing":[{"pricing_icon":"platform","pricing_title":"Applications d'Elfsight","pricing_title_caption":"Solution num\u00e9rique multiplateforme qui fonctionne sur n'importe quel site","pricing_price":"\u00c0 partir de $0\/mois","pricing_price_caption":"Commencez avec un plan gratuit","pricing_benefits":[{"text":"Sites Web illimit\u00e9s"},{"text":"\u00c9quipe d'assistance professionnelle"},{"text":"Service d'installation gratuit"},{"text":"100% personnalisable"}],"pricing_button_text":"Ajouter au site Web","pricing_button_url":"https:\/\/apps.elfsight.com\/sign-up\/","pricing_button_nofollow":"1","_state":"expanded"}],"related_apps_title":"","related_apps_hidden":"1","author":"","image":[],"title":"","job":"","social_networks":[]},"_links":{"self":[{"href":"https:\/\/elfsight.com\/fr\/wp-json\/wp\/v2\/pages\/4054","targetHints":{"allow":["GET"]}}],"collection":[{"href":"https:\/\/elfsight.com\/fr\/wp-json\/wp\/v2\/pages"}],"about":[{"href":"https:\/\/elfsight.com\/fr\/wp-json\/wp\/v2\/types\/page"}],"author":[{"embeddable":true,"href":"https:\/\/elfsight.com\/fr\/wp-json\/wp\/v2\/users\/17"}],"replies":[{"embeddable":true,"href":"https:\/\/elfsight.com\/fr\/wp-json\/wp\/v2\/comments?post=4054"}],"version-history":[{"count":3,"href":"https:\/\/elfsight.com\/fr\/wp-json\/wp\/v2\/pages\/4054\/revisions"}],"predecessor-version":[{"id":15911,"href":"https:\/\/elfsight.com\/fr\/wp-json\/wp\/v2\/pages\/4054\/revisions\/15911"}],"up":[{"embeddable":true,"href":"https:\/\/elfsight.com\/fr\/wp-json\/wp\/v2\/pages\/2723"}],"wp:attachment":[{"href":"https:\/\/elfsight.com\/fr\/wp-json\/wp\/v2\/media?parent=4054"}],"curies":[{"name":"wp","href":"https:\/\/api.w.org\/{rel}","templated":true}]}}