{"id":4052,"date":"2021-11-26T13:58:23","date_gmt":"2021-11-26T13:58:23","guid":{"rendered":"https:\/\/elfsight.com\/fr\/?page_id=4052"},"modified":"2024-11-08T14:37:13","modified_gmt":"2024-11-08T14:37:13","slug":"wordpress","status":"publish","type":"page","link":"https:\/\/elfsight.com\/fr\/qr-code-widget\/wordpress\/","title":{"rendered":"QR Code &#8211; WordPress"},"content":{"rendered":"<div class=\"application-platform-content-item-description application-platform-content-item\" id=\"description\" data-nav-section=\"description\"> <h2>Int\u00e9grez le QR Code sur WordPress avec le widget Elfsight<\/h2> <p>Le g\u00e9n\u00e9rateur de QR Code est un plugin puissant pour WordPress vous permettant rapidement redirigez les utilisateurs vers n&rsquo;importe quel site Web, partagez un lien, votre emplacement, un e-mail, un fichier et plus encore. Le widget est extr\u00eamement personnalisable\u00a0: vous \u00eates libre d&rsquo;attacher un titre, une l\u00e9gende, de choisir l&rsquo;ic\u00f4ne et le logo &#8211; dans notre biblioth\u00e8que ou de cr\u00e9er le v\u00f4tre, de repeindre le texte, l&rsquo;arri\u00e8re-plan, le cadre et de modifier la taille selon vos besoins. Il ne vous reste plus qu&rsquo;\u00e0 commencer \u00e0 fa\u00e7onner votre outil personnalis\u00e9 : l&rsquo;installation est simple et ne n\u00e9cessite aucune comp\u00e9tence en codage. <\/p> <p><b>Ins\u00e9rez le g\u00e9n\u00e9rateur de code QR dans votre page Web WordPress et redirigez les visiteurs directement l\u00e0 o\u00f9 vous en avez besoin et simplifiez la consommation de contenu<\/b><\/p> <\/div> <div class=\"application-platform-content-item-features application-platform-content-item\" id=\"features\" data-nav-section=\"features\"> <h2>Les fonctionnalit\u00e9s les plus importantes du widget incluent<\/h2> <ul><li>Un acc\u00e8s imm\u00e9diat \u00e0 votre contenu<\/li><li>Ajoutez n&rsquo;importe quel texte<\/li><li>8 logos \u00e9changeables<\/li><li>Quinze ic\u00f4nes commutables disponibles<\/li><li>Repeignez tous les \u00e9l\u00e9ments<\/li><\/ul><p><a href=\"#demo\">Vous pouvez tester toutes les fonctionnalit\u00e9s du plugin dans la d\u00e9mo ici<\/a><\/p> <\/div> <div class=\"application-platform-content-item-installation application-platform-content-item\" id=\"installation\" data-nav-section=\"installation\"> <h2>Comment puis-je int\u00e9grer le plugin QR Code \u00e0 mon site WordPress\u00a0? <\/h2> <p>Suivez simplement les \u00e9tapes suivantes indiqu\u00e9es ci-dessous pour int\u00e9grer l&rsquo;outil. <\/p> <ol><li><b>Lancez notre d\u00e9mo gratuite et commencez \u00e0 travailler avec votre propre plugin.<\/b><br> D\u00e9terminez la disposition et les options s\u00e9lectionn\u00e9es du widget et enregistrez toutes les modifications.<\/li> <li><b>Acqu\u00e9rir le code individuel apparaissant dans le formulaire sp\u00e9cial sur Elfsight Apps.<\/b><br> Juste une fois la configuration de votre plugin termin\u00e9e, copiez votre code dans la fen\u00eatre contextuelle qui appara\u00eet et enregistrez-le pour une occasion ult\u00e9rieure. .<\/li> <li><b>Commencez \u00e0 utiliser le plugin sur le site WordPress.<\/b><br> Ajoutez le code enregistr\u00e9 r\u00e9cemment sur votre site Web et appliquez les am\u00e9liorations.<\/li> <li><b>Vous avez termin\u00e9\u00a0! La configuration est enti\u00e8rement effectu\u00e9e.<\/b><br> Rendez-vous sur votre site internet pour voir en action le fonctionnement du plugin.<\/li><\/ol><p>A condition de vous confronter \u00e0 des questions ou de franchir des obstacles, sentez-vous N&rsquo;h\u00e9sitez pas \u00e0 contacter notre service client. Nos consultants seront ravis de r\u00e9soudre tous les probl\u00e8mes que vous pourriez rencontrer avec le produit.<\/p> <div class=\"faq\" data-component=\"FAQ\"><div class=\"faq-item\">\r\n\t\t\t\t\t<div class=\"faq-item-question\">\r\n\t\t\t\t\t\t<h3 class=\"faq-item-question-text\">Existe-t-il une m\u00e9thode pour int\u00e9grer le code QR \u00e0 mon site Web WordPress sans codage ?<\/h3>\r\n\r\n\t\t\t\t\t\t<div class=\"faq-item-question-icon\"><\/div>\r\n\t\t\t\t\t<\/div>\r\n\r\n\t\t\t\t\t<div class=\"faq-item-answer\">\r\n\t\t\t\t\t\t<div class=\"faq-item-answer-text\"> <p> La soci\u00e9t\u00e9 Elfsight propose une solution Cloud qui vous permet de cr\u00e9er vous-m\u00eame une section QR Code. D\u00e9couvrez le guide simple\u00a0: Commencez \u00e0 travailler dans l&rsquo;\u00e9diteur en direct pour cr\u00e9er un plugin QR Code que vous aimeriez voir sur votre site Web WordPress. Cliquez sur l&rsquo;un des mod\u00e8les pr\u00e9d\u00e9finis et ajustez les param\u00e8tres du QR Code, modifiez la mise en page et les couleurs et mettez \u00e0 jour votre contenu, sans codage. Cliquez pour enregistrer le code QR et obtenir le code d&rsquo;installation du widget, qui peut \u00eatre facilement coll\u00e9 sur votre page d&rsquo;accueil WordPress sans acheter de version payante. \u00c0 l&rsquo;aide du configurateur facile \u00e0 utiliser, chaque internaute peut g\u00e9n\u00e9rer un widget QR Code en ligne et le coller simplement sur le site Web WordPress. Il n&rsquo;est pas n\u00e9cessaire de payer ou de divulguer les donn\u00e9es de votre carte pour acc\u00e9der au service. Si vous rencontrez des probl\u00e8mes de quelque nature que ce soit, n&rsquo;h\u00e9sitez pas \u00e0 contacter notre \u00e9quipe d&rsquo;assistance technique.<\/p> <\/div>\r\n\t\t\t\t\t<\/div>\r\n\t\t\t\t<\/div> <\/div><\/div>","protected":false},"excerpt":{"rendered":"","protected":false},"author":17,"featured_media":0,"parent":2881,"menu_order":0,"comment_status":"closed","ping_status":"closed","template":"templates\/template-application-platform.php","meta":{"publish_to_discourse":"","publish_post_category":"","wpdc_auto_publish_overridden":"","wpdc_topic_tags":"","wpdc_pin_topic":"","wpdc_pin_until":"","discourse_post_id":"","discourse_permalink":"","wpdc_publishing_response":"","wpdc_publishing_error":"","footnotes":""},"class_list":["post-4052","page","type-page","status-publish","hentry"],"yoast_head":"<!-- This site is optimized with the Yoast SEO plugin v25.3.1 - https:\/\/yoast.com\/wordpress\/plugins\/seo\/ -->\n<title>G\u00e9n\u00e9rateur de code qr - ajoutez plugin Partage de QR code sur Wordpress<\/title>\n<meta name=\"description\" content=\"Int\u00e9grez un G\u00e9n\u00e9rateur de code qr attractif sur votre site. Utilisez la d\u00e9mo d&#039;Elfsight et g\u00e9n\u00e9rez votre plugin en quelques minutes.\" \/>\n<meta name=\"robots\" content=\"index, follow, max-snippet:-1, max-image-preview:large, max-video-preview:-1\" \/>\n<link rel=\"canonical\" href=\"https:\/\/elfsight.com\/fr\/qr-code-widget\/wordpress\/\" \/>\n<meta property=\"og:locale\" content=\"fr_FR\" \/>\n<meta property=\"og:type\" content=\"article\" \/>\n<meta property=\"og:title\" content=\"G\u00e9n\u00e9rateur de code qr - ajoutez plugin Partage de QR code sur Wordpress\" \/>\n<meta property=\"og:description\" content=\"Int\u00e9grez un G\u00e9n\u00e9rateur de code qr attractif sur votre site. Utilisez la d\u00e9mo d&#039;Elfsight et g\u00e9n\u00e9rez votre plugin en quelques minutes.\" \/>\n<meta property=\"og:url\" content=\"https:\/\/elfsight.com\/fr\/qr-code-widget\/wordpress\/\" \/>\n<meta property=\"og:site_name\" content=\"Elfsight FR\" \/>\n<meta property=\"article:modified_time\" content=\"2024-11-08T14:37:13+00:00\" \/>\n<meta name=\"twitter:card\" content=\"summary_large_image\" \/>\n<meta name=\"twitter:label1\" content=\"Dur\u00e9e de lecture estim\u00e9e\" \/>\n\t<meta name=\"twitter:data1\" content=\"2 minutes\" \/>\n<!-- \/ Yoast SEO plugin. -->","yoast_head_json":{"title":"G\u00e9n\u00e9rateur de code qr - ajoutez plugin Partage de QR code sur Wordpress","description":"Int\u00e9grez un G\u00e9n\u00e9rateur de code qr attractif sur votre site. Utilisez la d\u00e9mo d'Elfsight et g\u00e9n\u00e9rez votre plugin en quelques minutes.","robots":{"index":"index","follow":"follow","max-snippet":"max-snippet:-1","max-image-preview":"max-image-preview:large","max-video-preview":"max-video-preview:-1"},"canonical":"https:\/\/elfsight.com\/fr\/qr-code-widget\/wordpress\/","og_locale":"fr_FR","og_type":"article","og_title":"G\u00e9n\u00e9rateur de code qr - ajoutez plugin Partage de QR code sur Wordpress","og_description":"Int\u00e9grez un G\u00e9n\u00e9rateur de code qr attractif sur votre site. Utilisez la d\u00e9mo d'Elfsight et g\u00e9n\u00e9rez votre plugin en quelques minutes.","og_url":"https:\/\/elfsight.com\/fr\/qr-code-widget\/wordpress\/","og_site_name":"Elfsight FR","article_modified_time":"2024-11-08T14:37:13+00:00","twitter_card":"summary_large_image","twitter_misc":{"Dur\u00e9e de lecture estim\u00e9e":"2 minutes"},"schema":{"@context":"https:\/\/schema.org","@graph":[{"@type":"WebPage","@id":"https:\/\/elfsight.com\/fr\/qr-code-widget\/wordpress\/","url":"https:\/\/elfsight.com\/fr\/qr-code-widget\/wordpress\/","name":"G\u00e9n\u00e9rateur de code qr - ajoutez plugin Partage de QR code sur Wordpress","isPartOf":{"@id":"https:\/\/elfsight.com\/fr\/#website"},"datePublished":"2021-11-26T13:58:23+00:00","dateModified":"2024-11-08T14:37:13+00:00","description":"Int\u00e9grez un G\u00e9n\u00e9rateur de code qr attractif sur votre site. Utilisez la d\u00e9mo d'Elfsight et g\u00e9n\u00e9rez votre plugin en quelques minutes.","breadcrumb":{"@id":"https:\/\/elfsight.com\/fr\/qr-code-widget\/wordpress\/#breadcrumb"},"inLanguage":"fr-FR","potentialAction":[{"@type":"ReadAction","target":["https:\/\/elfsight.com\/fr\/qr-code-widget\/wordpress\/"]}]},{"@type":"BreadcrumbList","@id":"https:\/\/elfsight.com\/fr\/qr-code-widget\/wordpress\/#breadcrumb","itemListElement":[{"@type":"ListItem","position":1,"name":"Home","item":"https:\/\/elfsight.com\/fr\/"},{"@type":"ListItem","position":2,"name":"QR Code","item":"https:\/\/elfsight.com\/fr\/qr-code-widget\/"},{"@type":"ListItem","position":3,"name":"QR Code &#8211; WordPress"}]},{"@type":"WebSite","@id":"https:\/\/elfsight.com\/fr\/#website","url":"https:\/\/elfsight.com\/fr\/","name":"Elfsight FR","description":"","potentialAction":[{"@type":"SearchAction","target":{"@type":"EntryPoint","urlTemplate":"https:\/\/elfsight.com\/fr\/?s={search_term_string}"},"query-input":{"@type":"PropertyValueSpecification","valueRequired":true,"valueName":"search_term_string"}}],"inLanguage":"fr-FR"}]}},"meta_box":{"industry":"","seo_heading":"","heading":"","description":"","cta_heading":"","cta_description":"","application":"2880","h1":"Plugin G\u00e9n\u00e9rateur de code qr pour Wordpress","h1_caption":"G\u00e9n\u00e9rez et affichez un code QR pour un acc\u00e8s facile aux URL, au Wi-Fi, aux cartes de visite et bien plus encore sur votre site Web WordPress sans effort.","application_category":[],"applications_title":"","applications_request_title":"","applications_request_button_text":"","hero_text":"","hero_video":"","hero_video_schema_markup":"","selling_points_title":"","selling_points_caption":"","selling_points":[],"selling_points_cta_text":"","features_title":"","features":"","ed_cta_examples_text":"","ed_cta_examples_hidden":"","ed_cta_demo_text":"","ed_cta_demo_hidden":"","why_caption":"","why_editor_title":"","why_editor_text":"","why_team_title":"","why_team_text":"","why_service_title":"","why_service_text":"","template_catalog_visible":"","template_catalog_title":"","template_catalog_text":"","template_catalog_categories_visible":"","demo_title":"Cr\u00e9ez votre plugin QR Code","demo_caption":"Configurez votre QR Code et ajoutez-le gratuitement \u00e0 votre site WordPress !","default_faq_hidden":"","app_template_category":[],"platform":"18","template_public_id":"","codecanyon_url":"","codecanyon_item_id":"","codecanyon_price":"","pricing_caption":"","pricing_elfsight_apps_hide_column":"","pricing_elfsight_apps_url":"","pricing_codecanyon_price_caption":"","integration_category":[],"integration_request_title":"","integration_request_cta":"","integration_platform":"","integrations":[],"platform_category":[],"video_schema_markup":"","price":"\u00c0 partir de 0$ par mois","trial":"","benefits":[{"text":"Installation gratuite"},{"text":"Support Premium"},{"text":"Garantie de remboursement de 14 jours"},{"text":"L'am\u00e9lioration continue"}],"button_url":"#demo","button_target_blank":"0","button_nofollow":"0","attributes":[{"name":"Nombre d'installations","content":"1,000 - 5,000","_state":"expanded"},{"name":"Adaptif","content":"Oui","_state":"expanded"},{"name":"Navigateurs compatibles","content":"Firefox, Safari, Opera, Chrome, Edge","_state":"expanded"}],"tags":[],"tags_disable_links":"0","hide_more_platforms":"","video_object":"","demo_hide_cta":"0","demo_hide_cloud_options":"0","pricing_title":"","pricing":[{"pricing_icon":"platform","pricing_title":"Applications d'Elfsight","pricing_title_caption":"Solution num\u00e9rique multiplateforme qui fonctionne sur n'importe quel site","pricing_price":"\u00c0 partir de $0\/mois","pricing_price_caption":"Commencez avec un plan gratuit","pricing_benefits":[{"text":"Sites Web illimit\u00e9s"},{"text":"\u00c9quipe d'assistance professionnelle"},{"text":"Service d'installation gratuit"},{"text":"100% personnalisable"}],"pricing_button_text":"Ajouter au site Web","pricing_button_url":"https:\/\/apps.elfsight.com\/sign-up\/","pricing_button_nofollow":"1","_state":"expanded"}],"related_apps_title":"","related_apps_hidden":"1","author":"","image":[],"title":"","job":"","social_networks":[]},"_links":{"self":[{"href":"https:\/\/elfsight.com\/fr\/wp-json\/wp\/v2\/pages\/4052","targetHints":{"allow":["GET"]}}],"collection":[{"href":"https:\/\/elfsight.com\/fr\/wp-json\/wp\/v2\/pages"}],"about":[{"href":"https:\/\/elfsight.com\/fr\/wp-json\/wp\/v2\/types\/page"}],"author":[{"embeddable":true,"href":"https:\/\/elfsight.com\/fr\/wp-json\/wp\/v2\/users\/17"}],"replies":[{"embeddable":true,"href":"https:\/\/elfsight.com\/fr\/wp-json\/wp\/v2\/comments?post=4052"}],"version-history":[{"count":2,"href":"https:\/\/elfsight.com\/fr\/wp-json\/wp\/v2\/pages\/4052\/revisions"}],"predecessor-version":[{"id":14772,"href":"https:\/\/elfsight.com\/fr\/wp-json\/wp\/v2\/pages\/4052\/revisions\/14772"}],"up":[{"embeddable":true,"href":"https:\/\/elfsight.com\/fr\/wp-json\/wp\/v2\/pages\/2881"}],"wp:attachment":[{"href":"https:\/\/elfsight.com\/fr\/wp-json\/wp\/v2\/media?parent=4052"}],"curies":[{"name":"wp","href":"https:\/\/api.w.org\/{rel}","templated":true}]}}