{"id":4048,"date":"2021-11-26T13:55:52","date_gmt":"2021-11-26T13:55:52","guid":{"rendered":"https:\/\/elfsight.com\/fr\/?page_id=4048"},"modified":"2024-12-17T13:53:33","modified_gmt":"2024-12-17T13:53:33","slug":"wordpress","status":"publish","type":"page","link":"https:\/\/elfsight.com\/fr\/pinterest-feed-widget\/wordpress\/","title":{"rendered":"Pinterest Feed &#8211; WordPress"},"content":{"rendered":"\n<div class=\"application-platform-content-item-description application-platform-content-item\" id=\"description\" data-nav-section=\"description\"><h2>Int\u00e9grer le flux Pinterest sur WordPress avec le widget Elfsight<\/h2><p>Avec l&rsquo;aide du plugin Pinterest d&rsquo;Elfsight, vous pouvez ins\u00e9rez tout type de photos de Pinterest dans votre site. Le widget Elfsight permet d&rsquo;afficher les \u00e9pingles, les tableaux et votre profil complet souhait\u00e9s sur n&rsquo;importe quelle page Web. Attirez vos clients avec un contenu soigneusement s\u00e9lectionn\u00e9 : \u00e9pingles, tableaux et vos propres collections uniques. \u00c9largissez l&rsquo;\u00e9tendue de votre contenu, augmentez l&rsquo;engagement sur le site Web et obtenez plus d&rsquo;abonn\u00e9s pour votre compte Pinterest.<\/p><p><b> Ajoutez des images de Pinterest \u00e0 votre site Web rapidement et facilement.<\/b><\/p><ul><li><b>Augmentez l&rsquo;engagement des utilisateurs sur votre site<\/b><br> Un contenu soigneusement s\u00e9lectionn\u00e9 et pertinent attire un maximum d&rsquo;attention des utilisateurs et maintient l&rsquo;engagement des clients.<\/li><li><b> Augmentez le nombre d&rsquo;abonn\u00e9s sur Pinterest<\/b><br> Gr\u00e2ce au bouton Suivre disponible dans le flux, davantage de futurs clients auront la chance de devenir vos abonn\u00e9s.<\/li><li><b>Une plus grande quantit\u00e9 de visuels engageants pour les utilisateurs sur votre site<\/b><br> Ayant des pins et des tableaux \u00e0 votre disposition, n&rsquo;h\u00e9sitez pas \u00e0 choisir le meilleur contenu visuel pour votre site afin d&rsquo;attirer vos visiteurs.<\/li><\/ul><\/div><div class=\"faq\" data-component=\"FAQ\"><div class=\"faq-item\">\r\n\t\t\t\t\t<div class=\"faq-item-question\">\r\n\t\t\t\t\t\t<h3 class=\"faq-item-question-text\">Comment puis-je int\u00e9grer un flux Pinterest sur mon site WordPress ?<\/h3>\r\n\r\n\t\t\t\t\t\t<div class=\"faq-item-question-icon\"><\/div>\r\n\t\t\t\t\t<\/div>\r\n\r\n\t\t\t\t\t<div class=\"faq-item-answer\">\r\n\t\t\t\t\t\t<div class=\"faq-item-answer-text\"><p>La cr\u00e9ation du widget s&rsquo;effectue sur les pages Elfsight et vous n&rsquo;avez pas besoin de coder. Utilisez notre d\u00e9mo en direct pour personnaliser votre widget, acqu\u00e9rir le code et l&rsquo;impl\u00e9menter dans votre site Web. <\/p><\/div>\r\n\t\t\t\t\t<\/div>\r\n\t\t\t\t<\/div><div class=\"faq-item\">\r\n\t\t\t\t\t<div class=\"faq-item-question\">\r\n\t\t\t\t\t\t<h3 class=\"faq-item-question-text\">De quelle mani\u00e8re puis-je obtenir la galerie de tableaux Pinterest ou la galerie d'\u00e9pingles en appliquant les plugins Elfsight ?<\/h3>\r\n\r\n\t\t\t\t\t\t<div class=\"faq-item-question-icon\"><\/div>\r\n\t\t\t\t\t<\/div>\r\n\r\n\t\t\t\t\t<div class=\"faq-item-answer\">\r\n\t\t\t\t\t\t<div class=\"faq-item-answer-text\"><p>Un tas de mod\u00e8les sont applicables\u00a0: ma\u00e7onnerie, galerie, grille , liste, flux et bien plus encore, ainsi que des ajustements de mise en page flexibles pour s&rsquo;harmoniser avec vos conditions pr\u00e9alables. Vous \u00eates libre de cr\u00e9er presque tous les outils qui vous manquent. <\/p><\/div>\r\n\t\t\t\t\t<\/div>\r\n\t\t\t\t<\/div><div class=\"faq-item\">\r\n\t\t\t\t\t<div class=\"faq-item-question\">\r\n\t\t\t\t\t\t<h3 class=\"faq-item-question-text\">Pourquoi mon flux WordPress Pinterest ne fonctionne-t-il pas \/ n'est-il pas mis \u00e0 jour ?<\/h3>\r\n\r\n\t\t\t\t\t\t<div class=\"faq-item-question-icon\"><\/div>\r\n\t\t\t\t\t<\/div>\r\n\r\n\t\t\t\t\t<div class=\"faq-item-answer\">\r\n\t\t\t\t\t\t<div class=\"faq-item-answer-text\"><p>Si vous rencontrez des probl\u00e8mes avec les widgets Pinterest, contactez le support client. Le service d&rsquo;assistance est absolument gratuit pour tous les clients Elfsight. <\/p><\/div>\r\n\t\t\t\t\t<\/div>\r\n\t\t\t\t<\/div><\/div><div class=\"application-platform-content-item-features application-platform-content-item\" id=\"features\" data-nav-section=\"features\"><h2>Principales fonctionnalit\u00e9s du widget Pinterest Feed<\/h2><p>Voici les fonctions gr\u00e2ce auxquelles notre widget Pinterest en fait partie de plugins indispensables pour chaque site WordPress.<\/p><ul><li>Titre du widget modifiable\u00a0;<\/li><li>Choisissez la largeur et la hauteur du widget\u00a0;<\/li><li>Afficher ou masquer l&rsquo;en-t\u00eate\u00a0;<\/li><li>Cliquez sur l&rsquo;image pour l&rsquo;ouvrir sur Pinterest\u00a0;<\/li><\/ul><p><a href=\"#demo\">V\u00e9rifiez-les toutes<\/a><\/p><\/div><div class=\"application-platform-content-item-installation application-platform-content-item\" id=\"installation\" data-nav-section=\"installation\"><h2>Comment ajouter le plugin Pinterest au site WordPress<\/h2><div class=\"video-container\"><iframe width=\"720\" height=\"405\" src=\"https:\/\/www.youtube.com\/embed\/yloriLhhSvQ\" frameborder=\"0\" allowfullscreen=\"\"><\/iframe><\/div><p>Suivez simplement les \u00e9tapes suivantes pr\u00e9sent\u00e9es ci-dessous pour int\u00e9grer le plugin sur WordPress.<\/p> <ol><li><b>Ouvrez notre \u00e9diteur gratuit et commencez \u00e0 cr\u00e9er votre plugin unique. <\/b><br> D\u00e9terminez l&rsquo;apparence et les fonctionnalit\u00e9s pr\u00e9f\u00e9r\u00e9es du widget et appliquez les modifications. <\/li> <li><b>Obtenez votre code personnel qui s&rsquo;affiche dans la fen\u00eatre des applications Elfsight. <\/b><br> D\u00e8s que la configuration de votre outil est termin\u00e9e, copiez le code exclusif dans la fen\u00eatre qui appara\u00eet et enregistrez-le pour une utilisation ult\u00e9rieure. <\/li> <li><b>Entrez dans l&rsquo;utilisation du plugin Pinterest Feed sur votre site Web WordPress. <\/b><br> Ajoutez le code enregistr\u00e9 auparavant dans votre page et enregistrez les ajustements. <\/li> <li><b>L&rsquo;installation est termin\u00e9e avec succ\u00e8s. <\/b><br> Rendez-vous sur votre site pour jeter un \u0153il au fonctionnement du widget. <\/li><\/ol> <p>Des questions sont apparues lors de l&rsquo;application de l&rsquo;instruction\u00a0? Faites une demande aupr\u00e8s de notre service d&rsquo;assistance.<\/p><\/div>\n","protected":false},"excerpt":{"rendered":"","protected":false},"author":17,"featured_media":0,"parent":2464,"menu_order":0,"comment_status":"closed","ping_status":"closed","template":"templates\/template-application-platform.php","meta":{"publish_to_discourse":"","publish_post_category":"","wpdc_auto_publish_overridden":"","wpdc_topic_tags":"","wpdc_pin_topic":"","wpdc_pin_until":"","discourse_post_id":"","discourse_permalink":"","wpdc_publishing_response":"","wpdc_publishing_error":"","footnotes":""},"class_list":["post-4048","page","type-page","status-publish","hentry"],"yoast_head":"<!-- This site is optimized with the Yoast SEO plugin v25.3.1 - https:\/\/yoast.com\/wordpress\/plugins\/seo\/ -->\n<title>Flux Pinterest - ajoutez plugin Feed Pinterest sur Wordpress<\/title>\n<meta name=\"description\" content=\"Int\u00e9grez un Flux Pinterest avantageux sur votre site. Appliquez la d\u00e9mo d&#039;Elfsight et g\u00e9n\u00e9rez votre plugin en deux minutes.\" \/>\n<meta name=\"robots\" content=\"index, follow, max-snippet:-1, max-image-preview:large, max-video-preview:-1\" \/>\n<link rel=\"canonical\" href=\"https:\/\/elfsight.com\/fr\/pinterest-feed-widget\/wordpress\/\" \/>\n<meta property=\"og:locale\" content=\"fr_FR\" \/>\n<meta property=\"og:type\" content=\"article\" \/>\n<meta property=\"og:title\" content=\"Flux Pinterest - ajoutez plugin Feed Pinterest sur Wordpress\" \/>\n<meta property=\"og:description\" content=\"Int\u00e9grez un Flux Pinterest avantageux sur votre site. Appliquez la d\u00e9mo d&#039;Elfsight et g\u00e9n\u00e9rez votre plugin en deux minutes.\" \/>\n<meta property=\"og:url\" content=\"https:\/\/elfsight.com\/fr\/pinterest-feed-widget\/wordpress\/\" \/>\n<meta property=\"og:site_name\" content=\"Elfsight FR\" \/>\n<meta property=\"article:modified_time\" content=\"2024-12-17T13:53:33+00:00\" \/>\n<meta name=\"twitter:card\" content=\"summary_large_image\" \/>\n<meta name=\"twitter:label1\" content=\"Dur\u00e9e de lecture estim\u00e9e\" \/>\n\t<meta name=\"twitter:data1\" content=\"3 minutes\" \/>\n<!-- \/ Yoast SEO plugin. -->","yoast_head_json":{"title":"Flux Pinterest - ajoutez plugin Feed Pinterest sur Wordpress","description":"Int\u00e9grez un Flux Pinterest avantageux sur votre site. Appliquez la d\u00e9mo d'Elfsight et g\u00e9n\u00e9rez votre plugin en deux minutes.","robots":{"index":"index","follow":"follow","max-snippet":"max-snippet:-1","max-image-preview":"max-image-preview:large","max-video-preview":"max-video-preview:-1"},"canonical":"https:\/\/elfsight.com\/fr\/pinterest-feed-widget\/wordpress\/","og_locale":"fr_FR","og_type":"article","og_title":"Flux Pinterest - ajoutez plugin Feed Pinterest sur Wordpress","og_description":"Int\u00e9grez un Flux Pinterest avantageux sur votre site. Appliquez la d\u00e9mo d'Elfsight et g\u00e9n\u00e9rez votre plugin en deux minutes.","og_url":"https:\/\/elfsight.com\/fr\/pinterest-feed-widget\/wordpress\/","og_site_name":"Elfsight FR","article_modified_time":"2024-12-17T13:53:33+00:00","twitter_card":"summary_large_image","twitter_misc":{"Dur\u00e9e de lecture estim\u00e9e":"3 minutes"},"schema":{"@context":"https:\/\/schema.org","@graph":[{"@type":"WebPage","@id":"https:\/\/elfsight.com\/fr\/pinterest-feed-widget\/wordpress\/","url":"https:\/\/elfsight.com\/fr\/pinterest-feed-widget\/wordpress\/","name":"Flux Pinterest - ajoutez plugin Feed Pinterest sur Wordpress","isPartOf":{"@id":"https:\/\/elfsight.com\/fr\/#website"},"datePublished":"2021-11-26T13:55:52+00:00","dateModified":"2024-12-17T13:53:33+00:00","description":"Int\u00e9grez un Flux Pinterest avantageux sur votre site. Appliquez la d\u00e9mo d'Elfsight et g\u00e9n\u00e9rez votre plugin en deux minutes.","breadcrumb":{"@id":"https:\/\/elfsight.com\/fr\/pinterest-feed-widget\/wordpress\/#breadcrumb"},"inLanguage":"fr-FR","potentialAction":[{"@type":"ReadAction","target":["https:\/\/elfsight.com\/fr\/pinterest-feed-widget\/wordpress\/"]}]},{"@type":"BreadcrumbList","@id":"https:\/\/elfsight.com\/fr\/pinterest-feed-widget\/wordpress\/#breadcrumb","itemListElement":[{"@type":"ListItem","position":1,"name":"Home","item":"https:\/\/elfsight.com\/fr\/"},{"@type":"ListItem","position":2,"name":"Pinterest Feed","item":"https:\/\/elfsight.com\/fr\/pinterest-feed-widget\/"},{"@type":"ListItem","position":3,"name":"Pinterest Feed &#8211; WordPress"}]},{"@type":"WebSite","@id":"https:\/\/elfsight.com\/fr\/#website","url":"https:\/\/elfsight.com\/fr\/","name":"Elfsight FR","description":"","potentialAction":[{"@type":"SearchAction","target":{"@type":"EntryPoint","urlTemplate":"https:\/\/elfsight.com\/fr\/?s={search_term_string}"},"query-input":{"@type":"PropertyValueSpecification","valueRequired":true,"valueName":"search_term_string"}}],"inLanguage":"fr-FR"}]}},"meta_box":{"industry":"","seo_heading":"","heading":"","description":"","cta_heading":"","cta_description":"","application":"2463","h1":"Plugin Flux Pinterest pour Wordpress","h1_caption":"Int\u00e9grez un flux d'\u00e9pingles de votre compte Pinterest pour afficher sans effort un contenu dynamique et visuellement attrayant sur votre site Web WordPress.","application_category":[],"applications_title":"","applications_request_title":"","applications_request_button_text":"","hero_text":"","hero_video":"","hero_video_schema_markup":"","selling_points_title":"","selling_points_caption":"","selling_points":[],"selling_points_cta_text":"","features_title":"","features":"","ed_cta_examples_text":"","ed_cta_examples_hidden":"","ed_cta_demo_text":"","ed_cta_demo_hidden":"","why_caption":"","why_editor_title":"","why_editor_text":"","why_team_title":"","why_team_text":"","why_service_title":"","why_service_text":"","template_catalog_visible":"0","template_catalog_title":"","template_catalog_text":"","template_catalog_categories_visible":"","demo_title":"Cr\u00e9ez votre plugin de flux Pinterest","demo_caption":"Configurez votre flux Pinterest et ajoutez-le gratuitement \u00e0 votre site WordPress !","default_faq_hidden":"","app_template_category":[],"platform":"18","template_public_id":"","codecanyon_url":"","codecanyon_item_id":"","codecanyon_price":"","pricing_caption":"","pricing_elfsight_apps_hide_column":"","pricing_elfsight_apps_url":"","pricing_codecanyon_price_caption":"","integration_category":[],"integration_request_title":"","integration_request_cta":"","integration_platform":"","integrations":[],"platform_category":[],"video_schema_markup":"","price":"\u00c0 partir de 0$ par mois","trial":"","benefits":[{"text":"Installation gratuite"},{"text":"Support Premium"},{"text":"Garantie de remboursement de 14 jours"},{"text":"L'am\u00e9lioration continue"}],"button_url":"#demo","button_target_blank":"0","button_nofollow":"0","attributes":[{"name":"Nombre d'installations","content":"1,000 - 5,000","_state":"expanded"},{"name":"Adaptif","content":"Oui","_state":"expanded"},{"name":"Navigateurs compatibles","content":"Firefox, Safari, Opera, Chrome, Edge","_state":"expanded"}],"tags":[],"tags_disable_links":"0","hide_more_platforms":"","video_object":"","demo_hide_cta":"0","demo_hide_cloud_options":"0","pricing_title":"","pricing":[{"pricing_icon":"platform","pricing_title":"Applications d'Elfsight","pricing_title_caption":"Solution num\u00e9rique multiplateforme qui fonctionne sur n'importe quel site","pricing_price":"\u00c0 partir de $0\/mois","pricing_price_caption":"Commencez avec un plan gratuit","pricing_benefits":[{"text":"Sites Web illimit\u00e9s"},{"text":"\u00c9quipe d'assistance professionnelle"},{"text":"Service d'installation gratuit"},{"text":"100% personnalisable"}],"pricing_button_text":"Ajouter au site Web","pricing_button_url":"https:\/\/apps.elfsight.com\/sign-up\/","pricing_button_nofollow":"1","_state":"expanded"}],"related_apps_title":"","related_apps_hidden":"1","author":"","image":[],"title":"","job":"","social_networks":[]},"_links":{"self":[{"href":"https:\/\/elfsight.com\/fr\/wp-json\/wp\/v2\/pages\/4048","targetHints":{"allow":["GET"]}}],"collection":[{"href":"https:\/\/elfsight.com\/fr\/wp-json\/wp\/v2\/pages"}],"about":[{"href":"https:\/\/elfsight.com\/fr\/wp-json\/wp\/v2\/types\/page"}],"author":[{"embeddable":true,"href":"https:\/\/elfsight.com\/fr\/wp-json\/wp\/v2\/users\/17"}],"replies":[{"embeddable":true,"href":"https:\/\/elfsight.com\/fr\/wp-json\/wp\/v2\/comments?post=4048"}],"version-history":[{"count":3,"href":"https:\/\/elfsight.com\/fr\/wp-json\/wp\/v2\/pages\/4048\/revisions"}],"predecessor-version":[{"id":15874,"href":"https:\/\/elfsight.com\/fr\/wp-json\/wp\/v2\/pages\/4048\/revisions\/15874"}],"up":[{"embeddable":true,"href":"https:\/\/elfsight.com\/fr\/wp-json\/wp\/v2\/pages\/2464"}],"wp:attachment":[{"href":"https:\/\/elfsight.com\/fr\/wp-json\/wp\/v2\/media?parent=4048"}],"curies":[{"name":"wp","href":"https:\/\/api.w.org\/{rel}","templated":true}]}}